{"id":10089,"date":"2022-10-03T19:56:32","date_gmt":"2022-10-03T19:56:32","guid":{"rendered":"https:\/\/www.ghostysky.com\/?post_type=product&#038;p=10089"},"modified":"2024-11-30T09:42:15","modified_gmt":"2024-11-30T09:42:15","slug":"dji-usb-c-power-adapter-100w-eu","status":"publish","type":"product","link":"https:\/\/www.ghostysky.com\/es\/product\/dji-usb-c-power-adapter-100w-eu\/","title":{"rendered":"Adaptador de corriente DJI USB-C (100 W) (UE)"},"content":{"rendered":"<table class=\"table table-responsive\">\n<tbody>\n<tr>\n<td>Descripci\u00f3n general<\/td>\n<td>El adaptador de corriente DJI USB-C (100 W) se usa para cargar la aeronave de la serie DJI Mavic 3 Enterprise, el control remoto DJI RC Pro Enterprise o dispositivos m\u00f3viles con un puerto USB-C mediante la conexi\u00f3n a una toma de corriente.<\/td>\n<\/tr>\n<tr>\n<td>Reflejos<\/td>\n<td>Cargue aeronaves de la serie DJI Mavic 3 Enterprise, control remoto DJI RC Pro Enterprise o dispositivos m\u00f3viles con un puerto USB-C usando una toma de corriente.<\/td>\n<\/tr>\n<tr>\n<td>Consejos<\/td>\n<td>\n<ol>\n<li>NO intente tocar los terminales de metal en la caja de la bater\u00eda.<\/li>\n<li>Limpie los terminales met\u00e1licos de la caja de la bater\u00eda con un pa\u00f1o limpio y seco si hay alguna acumulaci\u00f3n notable.<\/li>\n<li>El cargador var\u00eda en diferentes regiones. Los enchufes para diferentes regiones est\u00e1n disponibles para su compra en la tienda en l\u00ednea de DJI.<\/li>\n<\/ol>\n<\/td>\n<\/tr>\n<tr>\n<td>En el cuadro<\/td>\n<td>Adaptador de corriente DJI USB-C (100 W) \u00d7 1<\/td>\n<\/tr>\n<tr>\n<td>Especificaciones<\/td>\n<td>\n<ul>\n<li style=\"list-style-type: none;\">\n<ul>\n<li>Dimensiones: 73,5\u00d770\u00d732 mm (L\u00d7An\u00d7Al)<\/li>\n<li>Peso: 268\u00b15g<\/li>\n<li>Voltaje de entrada: 100-240 V CA, 50-60 Hz, 2,5 A<\/li>\n<li>Salida: M\u00e1x. 100 W (totales):<\/li>\n<\/ul>\n<\/li>\n<\/ul>\n<p>Cuando se usan ambos puertos, la potencia de salida m\u00e1xima de cada interfaz es de 82 W, y el cargador asignar\u00e1 din\u00e1micamente la potencia de salida de los dos puertos seg\u00fan la carga de energ\u00eda.<\/p>\n<ul>\n<li>Potencia de salida: 100W<\/li>\n<li>Temperatura de funcionamiento: 5\u00b0 a 40\u00b0C (41\u00b0 a 104\u00b0F)<\/li>\n<li>Tiempo de carga*: cuando se carga \u00fanicamente el avi\u00f3n DJI Mavic 3 Enterprise, se tarda 1 hora y 20 minutos en cargarse por completo. Cuando solo se carga el DJI RC Pro Enterprise, se tarda 1 hora y 30 minutos en cargarse por completo.<\/li>\n<\/ul>\n<p>* Los dispositivos tardar\u00e1n m\u00e1s en cargarse si tanto la bater\u00eda de vuelo inteligente como el control remoto u otros dispositivos se cargan simult\u00e1neamente.<\/td>\n<\/tr>\n<tr>\n<td>Compatibilidad<\/td>\n<td>\n<ul>\n<li>Avi\u00f3n DJI Mavic 3 Enterprise Series<\/li>\n<\/ul>\n<\/td>\n<\/tr>\n<\/tbody>\n<\/table>","protected":false},"excerpt":{"rendered":"<p>Cargue aeronaves de la serie DJI Mavic 3 Enterprise, control remoto DJI RC Pro Enterprise o dispositivos m\u00f3viles con un puerto USB-C usando una toma de corriente.<\/p>","protected":false},"featured_media":10091,"comment_status":"open","ping_status":"closed","template":"","meta":[],"product_brand":[],"product_cat":[430,37,429,29],"product_tag":[42,434,435],"class_list":{"0":"post-10089","1":"product","2":"type-product","3":"status-publish","4":"has-post-thumbnail","6":"product_cat-accessories-dji-mavic3-ent","7":"product_cat-dji","8":"product_cat-dji-mavic3-ent","9":"product_cat-drones","10":"product_tag-dji","11":"product_tag-dji-mavic-3-enterprise","12":"product_tag-dji-mavic3-accessories","14":"first","15":"onbackorder","16":"taxable","17":"shipping-taxable","18":"purchasable","19":"product-type-simple"},"yoast_head":"<!-- This site is optimized with the Yoast SEO plugin v27.4 - https:\/\/yoast.com\/product\/yoast-seo-wordpress\/ -->\n<title>DJI USB-C Power Adapter (100W) (EU) -<\/title>\n<meta name=\"description\" content=\"Charge DJI Mavic 3 Enterprise series aircraft, DJI RC Pro Enterprise remote controller, or mobile devices with a USB-C port using a power outlet.\" \/>\n<meta name=\"robots\" content=\"index, follow, max-snippet:-1, max-image-preview:large, max-video-preview:-1\" \/>\n<link rel=\"canonical\" href=\"https:\/\/www.ghostysky.com\/es\/producto-2\/dji-usb-c-power-adapter-100w-eu\/\" \/>\n<meta property=\"og:locale\" content=\"es_ES\" \/>\n<meta property=\"og:type\" content=\"article\" \/>\n<meta property=\"og:title\" content=\"DJI USB-C Power Adapter (100W) (EU) -\" \/>\n<meta property=\"og:description\" content=\"Charge DJI Mavic 3 Enterprise series aircraft, DJI RC Pro Enterprise remote controller, or mobile devices with a USB-C port using a power outlet.\" \/>\n<meta property=\"og:url\" content=\"https:\/\/www.ghostysky.com\/es\/producto-2\/dji-usb-c-power-adapter-100w-eu\/\" \/>\n<meta property=\"og:site_name\" content=\"Ghostysky\" \/>\n<meta property=\"article:publisher\" content=\"https:\/\/www.facebook.com\/people\/Ghostysky\/100057676170234\/\" \/>\n<meta property=\"article:modified_time\" content=\"2024-11-30T09:42:15+00:00\" \/>\n<meta property=\"og:image\" content=\"https:\/\/www.ghostysky.com\/wp-content\/uploads\/2022\/10\/dji-usb-c-power-adapter-100w-eu.jpg\" \/>\n\t<meta property=\"og:image:width\" content=\"800\" \/>\n\t<meta property=\"og:image:height\" content=\"800\" \/>\n\t<meta property=\"og:image:type\" content=\"image\/jpeg\" \/>\n<meta name=\"twitter:card\" content=\"summary_large_image\" \/>\n<meta name=\"twitter:site\" content=\"@Gh0stysky\" \/>\n<meta name=\"twitter:label1\" content=\"Tiempo de lectura\" \/>\n\t<meta name=\"twitter:data1\" content=\"2 minutos\" \/>\n<script type=\"application\/ld+json\" class=\"yoast-schema-graph\">{\"@context\":\"https:\\\/\\\/schema.org\",\"@graph\":[{\"@type\":\"WebPage\",\"@id\":\"https:\\\/\\\/www.ghostysky.com\\\/product\\\/dji-usb-c-power-adapter-100w-eu\\\/\",\"url\":\"https:\\\/\\\/www.ghostysky.com\\\/product\\\/dji-usb-c-power-adapter-100w-eu\\\/\",\"name\":\"DJI USB-C Power Adapter (100W) (EU) -\",\"isPartOf\":{\"@id\":\"https:\\\/\\\/www.ghostysky.com\\\/#website\"},\"primaryImageOfPage\":{\"@id\":\"https:\\\/\\\/www.ghostysky.com\\\/product\\\/dji-usb-c-power-adapter-100w-eu\\\/#primaryimage\"},\"image\":{\"@id\":\"https:\\\/\\\/www.ghostysky.com\\\/product\\\/dji-usb-c-power-adapter-100w-eu\\\/#primaryimage\"},\"thumbnailUrl\":\"https:\\\/\\\/www.ghostysky.com\\\/wp-content\\\/uploads\\\/2022\\\/10\\\/dji-usb-c-power-adapter-100w-eu.jpg\",\"datePublished\":\"2022-10-03T19:56:32+00:00\",\"dateModified\":\"2024-11-30T09:42:15+00:00\",\"description\":\"Charge DJI Mavic 3 Enterprise series aircraft, DJI RC Pro Enterprise remote controller, or mobile devices with a USB-C port using a power outlet.\",\"breadcrumb\":{\"@id\":\"https:\\\/\\\/www.ghostysky.com\\\/product\\\/dji-usb-c-power-adapter-100w-eu\\\/#breadcrumb\"},\"inLanguage\":\"es\",\"potentialAction\":[{\"@type\":\"ReadAction\",\"target\":[\"https:\\\/\\\/www.ghostysky.com\\\/product\\\/dji-usb-c-power-adapter-100w-eu\\\/\"]}]},{\"@type\":\"ImageObject\",\"inLanguage\":\"es\",\"@id\":\"https:\\\/\\\/www.ghostysky.com\\\/product\\\/dji-usb-c-power-adapter-100w-eu\\\/#primaryimage\",\"url\":\"https:\\\/\\\/www.ghostysky.com\\\/wp-content\\\/uploads\\\/2022\\\/10\\\/dji-usb-c-power-adapter-100w-eu.jpg\",\"contentUrl\":\"https:\\\/\\\/www.ghostysky.com\\\/wp-content\\\/uploads\\\/2022\\\/10\\\/dji-usb-c-power-adapter-100w-eu.jpg\",\"width\":800,\"height\":800},{\"@type\":\"BreadcrumbList\",\"@id\":\"https:\\\/\\\/www.ghostysky.com\\\/product\\\/dji-usb-c-power-adapter-100w-eu\\\/#breadcrumb\",\"itemListElement\":[{\"@type\":\"ListItem\",\"position\":1,\"name\":\"Home\",\"item\":\"https:\\\/\\\/www.ghostysky.com\\\/\"},{\"@type\":\"ListItem\",\"position\":2,\"name\":\"Shop\",\"item\":\"https:\\\/\\\/www.ghostysky.com\\\/shop\\\/\"},{\"@type\":\"ListItem\",\"position\":3,\"name\":\"DJI USB-C Power Adapter (100W) (EU)\"}]},{\"@type\":\"WebSite\",\"@id\":\"https:\\\/\\\/www.ghostysky.com\\\/#website\",\"url\":\"https:\\\/\\\/www.ghostysky.com\\\/\",\"name\":\"Ghostysky\",\"description\":\"Delivering professional drones and services\",\"publisher\":{\"@id\":\"https:\\\/\\\/www.ghostysky.com\\\/#organization\"},\"potentialAction\":[{\"@type\":\"SearchAction\",\"target\":{\"@type\":\"EntryPoint\",\"urlTemplate\":\"https:\\\/\\\/www.ghostysky.com\\\/?s={search_term_string}\"},\"query-input\":{\"@type\":\"PropertyValueSpecification\",\"valueRequired\":true,\"valueName\":\"search_term_string\"}}],\"inLanguage\":\"es\"},{\"@type\":\"Organization\",\"@id\":\"https:\\\/\\\/www.ghostysky.com\\\/#organization\",\"name\":\"Ghostysky\",\"url\":\"https:\\\/\\\/www.ghostysky.com\\\/\",\"logo\":{\"@type\":\"ImageObject\",\"inLanguage\":\"es\",\"@id\":\"https:\\\/\\\/www.ghostysky.com\\\/#\\\/schema\\\/logo\\\/image\\\/\",\"url\":\"https:\\\/\\\/www.ghostysky.com\\\/wp-content\\\/uploads\\\/2020\\\/06\\\/cropped-ghostyskylogo_text_white2.png\",\"contentUrl\":\"https:\\\/\\\/www.ghostysky.com\\\/wp-content\\\/uploads\\\/2020\\\/06\\\/cropped-ghostyskylogo_text_white2.png\",\"width\":169,\"height\":56,\"caption\":\"Ghostysky\"},\"image\":{\"@id\":\"https:\\\/\\\/www.ghostysky.com\\\/#\\\/schema\\\/logo\\\/image\\\/\"},\"sameAs\":[\"https:\\\/\\\/www.facebook.com\\\/people\\\/Ghostysky\\\/100057676170234\\\/\",\"https:\\\/\\\/x.com\\\/Gh0stysky\",\"https:\\\/\\\/www.linkedin.com\\\/company\\\/34739653\",\"https:\\\/\\\/www.instagram.com\\\/gh0stysky\"]}]}<\/script>\n<!-- \/ Yoast SEO plugin. -->","yoast_head_json":{"title":"Adaptador de corriente DJI USB-C (100 W) (UE) -","description":"Cargue aeronaves de la serie DJI Mavic 3 Enterprise, control remoto DJI RC Pro Enterprise o dispositivos m\u00f3viles con un puerto USB-C usando una toma de corriente.","robots":{"index":"index","follow":"follow","max-snippet":"max-snippet:-1","max-image-preview":"max-image-preview:large","max-video-preview":"max-video-preview:-1"},"canonical":"https:\/\/www.ghostysky.com\/es\/producto-2\/dji-usb-c-power-adapter-100w-eu\/","og_locale":"es_ES","og_type":"article","og_title":"DJI USB-C Power Adapter (100W) (EU) -","og_description":"Charge DJI Mavic 3 Enterprise series aircraft, DJI RC Pro Enterprise remote controller, or mobile devices with a USB-C port using a power outlet.","og_url":"https:\/\/www.ghostysky.com\/es\/producto-2\/dji-usb-c-power-adapter-100w-eu\/","og_site_name":"Ghostysky","article_publisher":"https:\/\/www.facebook.com\/people\/Ghostysky\/100057676170234\/","article_modified_time":"2024-11-30T09:42:15+00:00","og_image":[{"width":800,"height":800,"url":"https:\/\/www.ghostysky.com\/wp-content\/uploads\/2022\/10\/dji-usb-c-power-adapter-100w-eu.jpg","type":"image\/jpeg"}],"twitter_card":"summary_large_image","twitter_site":"@Gh0stysky","twitter_misc":{"Tiempo de lectura":"2 minutos"},"schema":{"@context":"https:\/\/schema.org","@graph":[{"@type":"WebPage","@id":"https:\/\/www.ghostysky.com\/product\/dji-usb-c-power-adapter-100w-eu\/","url":"https:\/\/www.ghostysky.com\/product\/dji-usb-c-power-adapter-100w-eu\/","name":"Adaptador de corriente DJI USB-C (100 W) (UE) -","isPartOf":{"@id":"https:\/\/www.ghostysky.com\/#website"},"primaryImageOfPage":{"@id":"https:\/\/www.ghostysky.com\/product\/dji-usb-c-power-adapter-100w-eu\/#primaryimage"},"image":{"@id":"https:\/\/www.ghostysky.com\/product\/dji-usb-c-power-adapter-100w-eu\/#primaryimage"},"thumbnailUrl":"https:\/\/www.ghostysky.com\/wp-content\/uploads\/2022\/10\/dji-usb-c-power-adapter-100w-eu.jpg","datePublished":"2022-10-03T19:56:32+00:00","dateModified":"2024-11-30T09:42:15+00:00","description":"Cargue aeronaves de la serie DJI Mavic 3 Enterprise, control remoto DJI RC Pro Enterprise o dispositivos m\u00f3viles con un puerto USB-C usando una toma de corriente.","breadcrumb":{"@id":"https:\/\/www.ghostysky.com\/product\/dji-usb-c-power-adapter-100w-eu\/#breadcrumb"},"inLanguage":"es","potentialAction":[{"@type":"ReadAction","target":["https:\/\/www.ghostysky.com\/product\/dji-usb-c-power-adapter-100w-eu\/"]}]},{"@type":"ImageObject","inLanguage":"es","@id":"https:\/\/www.ghostysky.com\/product\/dji-usb-c-power-adapter-100w-eu\/#primaryimage","url":"https:\/\/www.ghostysky.com\/wp-content\/uploads\/2022\/10\/dji-usb-c-power-adapter-100w-eu.jpg","contentUrl":"https:\/\/www.ghostysky.com\/wp-content\/uploads\/2022\/10\/dji-usb-c-power-adapter-100w-eu.jpg","width":800,"height":800},{"@type":"BreadcrumbList","@id":"https:\/\/www.ghostysky.com\/product\/dji-usb-c-power-adapter-100w-eu\/#breadcrumb","itemListElement":[{"@type":"ListItem","position":1,"name":"Home","item":"https:\/\/www.ghostysky.com\/"},{"@type":"ListItem","position":2,"name":"Shop","item":"https:\/\/www.ghostysky.com\/shop\/"},{"@type":"ListItem","position":3,"name":"DJI USB-C Power Adapter (100W) (EU)"}]},{"@type":"WebSite","@id":"https:\/\/www.ghostysky.com\/#website","url":"https:\/\/www.ghostysky.com\/","name":"Ghostysky","description":"Entrega de drones y servicios profesionales","publisher":{"@id":"https:\/\/www.ghostysky.com\/#organization"},"potentialAction":[{"@type":"SearchAction","target":{"@type":"EntryPoint","urlTemplate":"https:\/\/www.ghostysky.com\/?s={search_term_string}"},"query-input":{"@type":"PropertyValueSpecification","valueRequired":true,"valueName":"search_term_string"}}],"inLanguage":"es"},{"@type":"Organization","@id":"https:\/\/www.ghostysky.com\/#organization","name":"Ghostysky","url":"https:\/\/www.ghostysky.com\/","logo":{"@type":"ImageObject","inLanguage":"es","@id":"https:\/\/www.ghostysky.com\/#\/schema\/logo\/image\/","url":"https:\/\/www.ghostysky.com\/wp-content\/uploads\/2020\/06\/cropped-ghostyskylogo_text_white2.png","contentUrl":"https:\/\/www.ghostysky.com\/wp-content\/uploads\/2020\/06\/cropped-ghostyskylogo_text_white2.png","width":169,"height":56,"caption":"Ghostysky"},"image":{"@id":"https:\/\/www.ghostysky.com\/#\/schema\/logo\/image\/"},"sameAs":["https:\/\/www.facebook.com\/people\/Ghostysky\/100057676170234\/","https:\/\/x.com\/Gh0stysky","https:\/\/www.linkedin.com\/company\/34739653","https:\/\/www.instagram.com\/gh0stysky"]}]}},"_links":{"self":[{"href":"https:\/\/www.ghostysky.com\/es\/wp-json\/wp\/v2\/product\/10089","targetHints":{"allow":["GET"]}}],"collection":[{"href":"https:\/\/www.ghostysky.com\/es\/wp-json\/wp\/v2\/product"}],"about":[{"href":"https:\/\/www.ghostysky.com\/es\/wp-json\/wp\/v2\/types\/product"}],"replies":[{"embeddable":true,"href":"https:\/\/www.ghostysky.com\/es\/wp-json\/wp\/v2\/comments?post=10089"}],"version-history":[{"count":0,"href":"https:\/\/www.ghostysky.com\/es\/wp-json\/wp\/v2\/product\/10089\/revisions"}],"wp:featuredmedia":[{"embeddable":true,"href":"https:\/\/www.ghostysky.com\/es\/wp-json\/wp\/v2\/media\/10091"}],"wp:attachment":[{"href":"https:\/\/www.ghostysky.com\/es\/wp-json\/wp\/v2\/media?parent=10089"}],"wp:term":[{"taxonomy":"product_brand","embeddable":true,"href":"https:\/\/www.ghostysky.com\/es\/wp-json\/wp\/v2\/product_brand?post=10089"},{"taxonomy":"product_cat","embeddable":true,"href":"https:\/\/www.ghostysky.com\/es\/wp-json\/wp\/v2\/product_cat?post=10089"},{"taxonomy":"product_tag","embeddable":true,"href":"https:\/\/www.ghostysky.com\/es\/wp-json\/wp\/v2\/product_tag?post=10089"}],"curies":[{"name":"wp","href":"https:\/\/api.w.org\/{rel}","templated":true}]}}