{"id":10415,"date":"2022-12-03T14:58:51","date_gmt":"2022-12-03T14:58:51","guid":{"rendered":"https:\/\/www.ghostysky.com\/?post_type=product&#038;p=10415"},"modified":"2026-03-25T13:48:36","modified_gmt":"2026-03-25T13:48:36","slug":"emlid-survey-pole-with-a-smartphone-mount","status":"publish","type":"product","link":"https:\/\/www.ghostysky.com\/es\/product\/emlid-survey-pole-with-a-smartphone-mount\/","title":{"rendered":"Emlid Survey Pole con soporte para tel\u00e9fono inteligente"},"content":{"rendered":"<h2 class=\"translation-block\">Survey Pole con soporte para tel\u00e9fono inteligente.<br> Obtenga todas las ventajas de la topograf\u00eda con Emlid<\/h2>\n<p><a href=\"https:\/\/www.ghostysky.com\/wp-content\/uploads\/2022\/12\/SP-photo-scaled-1.webp\"><img fetchpriority=\"high\" decoding=\"async\" class=\"alignnone size-medium wp-image-10426 lazyload\" src=\"datos:imagen\/gif;base64,R0lGODlhAQABAAAAACH5BAEKAAEALAAAAAABAAEAAAICTAEAOw==\" alt=\"\" width=\"1200\" height=\"696\" sizes=\"(max-width: 1200px) 100vw, 1200px\" data-src=\"datos:imagen\/gif;base64,R0lGODlhAQABAAAAACH5BAEKAAEALAAAAAABAAEAAAICTAEAOw==\" data-srcset=\"\" srcset=\"\"><\/a><\/p>\n<p>&nbsp;<\/p>\n<table style=\"width: 90%; border: none;\">\n<tbody>\n<tr>\n<th style=\"width: 50%; border: none;\"><a style=\"color: blue;\">0,74 m plegado<\/a><\/p>\n<p>La construcci\u00f3n ligera y compacta con solo 0,74 m de longitud cerrada es \u00fatil para viajes de campo.<\/p>\n<p><a style=\"color: blue; border: none;\">1,8 m ampliado<\/a><\/p>\n<p>La construcci\u00f3n de tres secciones se extiende f\u00e1cilmente hasta 1,8 my ofrece una estabilidad fiable con la ayuda de s\u00f3lidos cierres giratorios.<\/p>\n<p><a style=\"color: blue; border: none;\">Rosca de 5\/8\u2033<\/a><\/p>\n<p>La rosca est\u00e1ndar de la industria de 5\/8\u2033 brinda compatibilidad con la mayor\u00eda de los equipos geod\u00e9sicos.<\/p>\n<p><a style=\"color: blue; border: none;\">Peso distribuido uniformemente<\/a><\/p>\n<p>Ligero y estable a la flexi\u00f3n. Puede transportar su bast\u00f3n con un receptor conectado sin preocuparse de que se caiga.<\/p>\n<p><a style=\"color: blue; border: none;\">Soporte para tel\u00e9fono<\/a><\/p>\n<p>El soporte para tel\u00e9fono inteligente solo debe instalarse una vez en su poste topogr\u00e1fico, ya que no necesita quitarlo. Simplemente d\u00f3blelo cuando termine el trabajo y coloque su bast\u00f3n topogr\u00e1fico en su bolsa de transporte.<\/th>\n<th style=\"border: none;\"><a href=\"https:\/\/www.ghostysky.com\/wp-content\/uploads\/2022\/12\/pole-render-with-text-scaled-1.webp\"><img decoding=\"async\" class=\"alignnone wp-image-10425 lazyload\" src=\"datos:imagen\/gif;base64,R0lGODlhAQABAAAAACH5BAEKAAEALAAAAAABAAEAAAICTAEAOw==\" alt=\"\" width=\"432\" height=\"629\" sizes=\"(max-width: 432px) 100vw, 432px\" data-src=\"datos:imagen\/gif;base64,R0lGODlhAQABAAAAACH5BAEKAAEALAAAAAABAAEAAAICTAEAOw==\" data-srcset=\"\" srcset=\"\"><\/a><\/th>\n<\/tr>\n<\/tbody>\n<\/table>\n<p>&nbsp;<\/p>\n<h3>Empezar<\/h3>\n<p>&nbsp;<\/p>\n<table style=\"width: 90%; border: none;\">\n<tbody>\n<tr>\n<th style=\"width: 20%; border: none;\"><a href=\"https:\/\/www.ghostysky.com\/wp-content\/uploads\/2022\/12\/SP-ill-1.webp\"><img decoding=\"async\" class=\"alignnone size-medium wp-image-10424 lazyload\" src=\"datos:imagen\/gif;base64,R0lGODlhAQABAAAAACH5BAEKAAEALAAAAAABAAEAAAICTAEAOw==\" alt=\"\" width=\"300\" height=\"300\" sizes=\"(max-width: 300px) 100vw, 300px\" data-src=\"datos:imagen\/gif;base64,R0lGODlhAQABAAAAACH5BAEKAAEALAAAAAABAAEAAAICTAEAOw==\" data-srcset=\"\" srcset=\"\"><\/a><\/th>\n<th style=\"width: 20%; border: none;\"><a href=\"https:\/\/www.ghostysky.com\/wp-content\/uploads\/2022\/12\/SP-ill-2.webp\"><img loading=\"lazy\" decoding=\"async\" class=\"alignnone size-medium wp-image-10423 lazyload\" src=\"datos:imagen\/gif;base64,R0lGODlhAQABAAAAACH5BAEKAAEALAAAAAABAAEAAAICTAEAOw==\" alt=\"\" width=\"300\" height=\"300\" sizes=\"(max-width: 300px) 100vw, 300px\" data-src=\"datos:imagen\/gif;base64,R0lGODlhAQABAAAAACH5BAEKAAEALAAAAAABAAEAAAICTAEAOw==\" data-srcset=\"\" srcset=\"\"><\/a><\/th>\n<th style=\"width: 20%; border: none;\"><a href=\"https:\/\/www.ghostysky.com\/wp-content\/uploads\/2022\/12\/SP-ill-3.webp\"><img loading=\"lazy\" decoding=\"async\" class=\"alignnone size-medium wp-image-10422 lazyload\" src=\"datos:imagen\/gif;base64,R0lGODlhAQABAAAAACH5BAEKAAEALAAAAAABAAEAAAICTAEAOw==\" alt=\"\" width=\"300\" height=\"300\" sizes=\"(max-width: 300px) 100vw, 300px\" data-src=\"datos:imagen\/gif;base64,R0lGODlhAQABAAAAACH5BAEKAAEALAAAAAABAAEAAAICTAEAOw==\" data-srcset=\"\" srcset=\"\"><\/a><\/th>\n<th style=\"width: 20%; border: none;\"><a href=\"https:\/\/www.ghostysky.com\/wp-content\/uploads\/2022\/12\/SurveyPole_use_illustrations-04.webp\"><img loading=\"lazy\" decoding=\"async\" class=\"alignnone size-medium wp-image-10421 lazyload\" src=\"datos:imagen\/gif;base64,R0lGODlhAQABAAAAACH5BAEKAAEALAAAAAABAAEAAAICTAEAOw==\" alt=\"\" width=\"300\" height=\"300\" sizes=\"(max-width: 300px) 100vw, 300px\" data-src=\"datos:imagen\/gif;base64,R0lGODlhAQABAAAAACH5BAEKAAEALAAAAAABAAEAAAICTAEAOw==\" data-srcset=\"\" srcset=\"\"><\/a><\/th>\n<th style=\"width: 20%; border: none;\"><a href=\"https:\/\/www.ghostysky.com\/wp-content\/uploads\/2022\/12\/Set-up-device-holder-2.webp\"><img loading=\"lazy\" decoding=\"async\" class=\"alignnone size-medium wp-image-10420 lazyload\" src=\"datos:imagen\/gif;base64,R0lGODlhAQABAAAAACH5BAEKAAEALAAAAAABAAEAAAICTAEAOw==\" alt=\"\" width=\"300\" height=\"182\" sizes=\"(max-width: 300px) 100vw, 300px\" data-src=\"datos:imagen\/gif;base64,R0lGODlhAQABAAAAACH5BAEKAAEALAAAAAABAAEAAAICTAEAOw==\" data-srcset=\"\" srcset=\"\"><\/a><\/th>\n<\/tr>\n<tr>\n<th style=\"vertical-align: top; border: none;\"><span class=\"use__item_counter\">1. <\/span><br \/>\n<span class=\"use__item_counter\">Saque el poste de encuesta y una punta del paquete.<\/span><\/th>\n<th style=\"vertical-align: top; border: none;\">2.<br \/>\nCon una llave de 24 mm, atornille la punta al poste de medici\u00f3n en el sentido de las agujas del reloj hasta el tope.<\/p>\n<h6 style=\"color: grey; font-size: 13px;\">Aplique LOCTITE\u00ae a la rosca para evitar que se afloje debido a vibraciones y golpes.<\/h6>\n<\/th>\n<th style=\"vertical-align: top; border: none;\">3.<br \/>\nExtienda y cierre completamente las cerraduras plegables<\/p>\n<h6 style=\"color: grey; font-size: 13px;\">Aseg\u00farese de que todas las cerraduras abatibles est\u00e9n cerradas. Cu\u00eddese los dedos al cerrar las cerraduras abatibles.<\/h6>\n<\/th>\n<th style=\"vertical-align: top; border: none;\">4.<br \/>\nMonte el receptor usando la rosca de 5\/8\u2033 en el poste de medici\u00f3n y apri\u00e9telo cuidadosamente con la mano hasta el tope<\/p>\n<h6 style=\"color: grey; font-size: 13px;\">Si es necesario reemplazar el extremo afilado del jal\u00f3n topogr\u00e1fico, use una llave de 14 mm.<\/h6>\n<\/th>\n<th style=\"vertical-align: top; border: none;\"><span class=\"setup-device__title\">5.<\/span><br \/>\n<span class=\"setup-device__title\">Configurar un soporte para tel\u00e9fono inteligente<\/span><\/p>\n<ol class=\"setup-device__list\">\n<li>\n<h6 style=\"color: grey; font-size: 14px;\">Despliegue el soporte para tel\u00e9fono inteligente.<\/h6>\n<\/li>\n<li>\n<h6 style=\"color: grey; font-size: 14px;\">Abra el brazo de sujeci\u00f3n y coloque su dispositivo de control en el soporte.<\/h6>\n<\/li>\n<li>\n<h6 style=\"color: grey; font-size: 14px;\">Gire el soporte a la posici\u00f3n requerida.<\/h6>\n<\/li>\n<\/ol>\n<h6 style=\"color: grey; font-size: 13px;\"><span class=\"setup-device__span\">Aseg\u00farese de que el dispositivo de control est\u00e9 correctamente equilibrado en el soporte.<\/span><\/h6>\n<\/th>\n<\/tr>\n<\/tbody>\n<\/table>","protected":false},"excerpt":{"rendered":"<div class=\"nm-row nm-row-full vc_row wpb_row\">\n<div class=\"nm_column wpb_column vc_column_container col-sm-12\">\n<div class=\"vc_column-inner\">\n<div class=\"wpb_wrapper\">\n<div class=\"wpb_text_column wpb_content_element\">\n<div class=\"wpb_wrapper\">\n<p>La construcci\u00f3n de tres secciones brinda una estabilidad confiable con la ayuda de s\u00f3lidas cerraduras abatibles. Viene equipado con un soporte para tel\u00e9fono inteligente que se adapta a la mayor\u00eda de los dispositivos de control y una bolsa de transporte.<\/p>\n<table>\n<tbody>\n<tr>\n<th style=\"text-align: center;\">Longitud cerrada<\/th>\n<th style=\"text-align: center;\">Altura m\u00e1xima<\/th>\n<th style=\"text-align: center;\">Peso total<\/th>\n<\/tr>\n<tr>\n<td><center>0,74 metros<center><\/center><\/center><\/td>\n<td><center>1,8 metros<\/center><\/td>\n<td><center>900 gramos<\/center><\/td>\n<\/tr>\n<\/tbody>\n<\/table>\n<\/div>\n<\/div>\n<\/div>\n<\/div>\n<\/div>\n<\/div>\n<div class=\"nm-row nm-row-full vc_row wpb_row\">\n<div class=\"nm_column wpb_column vc_column_container col-sm-12\">\n<div class=\"vc_column-inner\">\n<div class=\"wpb_wrapper\">\n<div class=\"vc_empty_space\"><\/div>\n<div class=\"wpb_text_column wpb_content_element\">\n<div class=\"wpb_wrapper\">\n<p><strong>El paquete incluye<\/strong><\/p>\n<p>\u2014 1 x Poste de inspecci\u00f3n<br \/>\n\u2014 1 bolsa de transporte<\/p>\n<\/div>\n<\/div>\n<\/div>\n<\/div>\n<\/div>\n<\/div>","protected":false},"featured_media":10419,"comment_status":"open","ping_status":"closed","template":"","meta":[],"product_brand":[],"product_cat":[367,89,30],"product_tag":[216,58,215],"class_list":{"0":"post-10415","1":"product","2":"type-product","3":"status-publish","4":"has-post-thumbnail","6":"product_cat-accessories-emlid","7":"product_cat-emlid","8":"product_cat-mobile-station","9":"product_tag-carbon-pole","10":"product_tag-emlid","11":"product_tag-pole","13":"first","14":"instock","15":"taxable","16":"shipping-taxable","17":"purchasable","18":"product-type-simple"},"yoast_head":"<!-- This site is optimized with the Yoast SEO plugin v27.1.1 - https:\/\/yoast.com\/product\/yoast-seo-wordpress\/ -->\n<title>Emlid Survey Pole with a smartphone mount -<\/title>\n<meta name=\"description\" content=\"The three-section construction delivers reliable stability with the help of solid flip locks. It comes equipped with a smartphone mount that fits most control devices and a carrying bag.\" \/>\n<meta name=\"robots\" content=\"index, follow, max-snippet:-1, max-image-preview:large, max-video-preview:-1\" \/>\n<link rel=\"canonical\" href=\"https:\/\/www.ghostysky.com\/es\/producto-2\/emlid-survey-pole-with-a-smartphone-mount\/\" \/>\n<meta property=\"og:locale\" content=\"es_ES\" \/>\n<meta property=\"og:type\" content=\"article\" \/>\n<meta property=\"og:title\" content=\"Emlid Survey Pole with a smartphone mount -\" \/>\n<meta property=\"og:description\" content=\"The three-section construction delivers reliable stability with the help of solid flip locks. It comes equipped with a smartphone mount that fits most control devices and a carrying bag.\" \/>\n<meta property=\"og:url\" content=\"https:\/\/www.ghostysky.com\/es\/producto-2\/emlid-survey-pole-with-a-smartphone-mount\/\" \/>\n<meta property=\"og:site_name\" content=\"Ghostysky\" \/>\n<meta property=\"article:publisher\" content=\"https:\/\/www.facebook.com\/people\/Ghostysky\/100057676170234\/\" \/>\n<meta property=\"article:modified_time\" content=\"2026-03-25T13:48:36+00:00\" \/>\n<meta property=\"og:image\" content=\"https:\/\/www.ghostysky.com\/wp-content\/uploads\/2022\/12\/New_Emlid_Pole_1.webp\" \/>\n\t<meta property=\"og:image:width\" content=\"2500\" \/>\n\t<meta property=\"og:image:height\" content=\"2500\" \/>\n\t<meta property=\"og:image:type\" content=\"image\/webp\" \/>\n<meta name=\"twitter:card\" content=\"summary_large_image\" \/>\n<meta name=\"twitter:site\" content=\"@Gh0stysky\" \/>\n<meta name=\"twitter:label1\" content=\"Tiempo de lectura\" \/>\n\t<meta name=\"twitter:data1\" content=\"3 minutos\" \/>\n<script type=\"application\/ld+json\" class=\"yoast-schema-graph\">{\"@context\":\"https:\/\/schema.org\",\"@graph\":[{\"@type\":\"WebPage\",\"@id\":\"https:\/\/www.ghostysky.com\/product\/emlid-survey-pole-with-a-smartphone-mount\/\",\"url\":\"https:\/\/www.ghostysky.com\/product\/emlid-survey-pole-with-a-smartphone-mount\/\",\"name\":\"Emlid Survey Pole with a smartphone mount -\",\"isPartOf\":{\"@id\":\"https:\/\/www.ghostysky.com\/#website\"},\"primaryImageOfPage\":{\"@id\":\"https:\/\/www.ghostysky.com\/product\/emlid-survey-pole-with-a-smartphone-mount\/#primaryimage\"},\"image\":{\"@id\":\"https:\/\/www.ghostysky.com\/product\/emlid-survey-pole-with-a-smartphone-mount\/#primaryimage\"},\"thumbnailUrl\":\"https:\/\/www.ghostysky.com\/wp-content\/uploads\/2022\/12\/New_Emlid_Pole_1.webp\",\"datePublished\":\"2022-12-03T14:58:51+00:00\",\"dateModified\":\"2026-03-25T13:48:36+00:00\",\"description\":\"The three-section construction delivers reliable stability with the help of solid flip locks. It comes equipped with a smartphone mount that fits most control devices and a carrying bag.\",\"breadcrumb\":{\"@id\":\"https:\/\/www.ghostysky.com\/product\/emlid-survey-pole-with-a-smartphone-mount\/#breadcrumb\"},\"inLanguage\":\"es\",\"potentialAction\":[{\"@type\":\"ReadAction\",\"target\":[\"https:\/\/www.ghostysky.com\/product\/emlid-survey-pole-with-a-smartphone-mount\/\"]}]},{\"@type\":\"ImageObject\",\"inLanguage\":\"es\",\"@id\":\"https:\/\/www.ghostysky.com\/product\/emlid-survey-pole-with-a-smartphone-mount\/#primaryimage\",\"url\":\"https:\/\/www.ghostysky.com\/wp-content\/uploads\/2022\/12\/New_Emlid_Pole_1.webp\",\"contentUrl\":\"https:\/\/www.ghostysky.com\/wp-content\/uploads\/2022\/12\/New_Emlid_Pole_1.webp\",\"width\":2500,\"height\":2500},{\"@type\":\"BreadcrumbList\",\"@id\":\"https:\/\/www.ghostysky.com\/product\/emlid-survey-pole-with-a-smartphone-mount\/#breadcrumb\",\"itemListElement\":[{\"@type\":\"ListItem\",\"position\":1,\"name\":\"Home\",\"item\":\"https:\/\/www.ghostysky.com\/\"},{\"@type\":\"ListItem\",\"position\":2,\"name\":\"Shop\",\"item\":\"https:\/\/www.ghostysky.com\/shop\/\"},{\"@type\":\"ListItem\",\"position\":3,\"name\":\"Emlid Survey Pole with a smartphone mount\"}]},{\"@type\":\"WebSite\",\"@id\":\"https:\/\/www.ghostysky.com\/#website\",\"url\":\"https:\/\/www.ghostysky.com\/\",\"name\":\"Ghostysky\",\"description\":\"Delivering professional drones and services\",\"publisher\":{\"@id\":\"https:\/\/www.ghostysky.com\/#organization\"},\"potentialAction\":[{\"@type\":\"SearchAction\",\"target\":{\"@type\":\"EntryPoint\",\"urlTemplate\":\"https:\/\/www.ghostysky.com\/?s={search_term_string}\"},\"query-input\":{\"@type\":\"PropertyValueSpecification\",\"valueRequired\":true,\"valueName\":\"search_term_string\"}}],\"inLanguage\":\"es\"},{\"@type\":\"Organization\",\"@id\":\"https:\/\/www.ghostysky.com\/#organization\",\"name\":\"Ghostysky\",\"url\":\"https:\/\/www.ghostysky.com\/\",\"logo\":{\"@type\":\"ImageObject\",\"inLanguage\":\"es\",\"@id\":\"https:\/\/www.ghostysky.com\/#\/schema\/logo\/image\/\",\"url\":\"https:\/\/www.ghostysky.com\/wp-content\/uploads\/2020\/06\/cropped-ghostyskylogo_text_white2.png\",\"contentUrl\":\"https:\/\/www.ghostysky.com\/wp-content\/uploads\/2020\/06\/cropped-ghostyskylogo_text_white2.png\",\"width\":169,\"height\":56,\"caption\":\"Ghostysky\"},\"image\":{\"@id\":\"https:\/\/www.ghostysky.com\/#\/schema\/logo\/image\/\"},\"sameAs\":[\"https:\/\/www.facebook.com\/people\/Ghostysky\/100057676170234\/\",\"https:\/\/x.com\/Gh0stysky\",\"https:\/\/www.linkedin.com\/company\/34739653\",\"https:\/\/www.instagram.com\/gh0stysky\"]}]}<\/script>\n<!-- \/ Yoast SEO plugin. -->","yoast_head_json":{"title":"Emlid Survey Pole con soporte para tel\u00e9fono inteligente -","description":"La construcci\u00f3n de tres secciones brinda una estabilidad confiable con la ayuda de s\u00f3lidas cerraduras abatibles. Viene equipado con un soporte para tel\u00e9fono inteligente que se adapta a la mayor\u00eda de los dispositivos de control y una bolsa de transporte.","robots":{"index":"index","follow":"follow","max-snippet":"max-snippet:-1","max-image-preview":"max-image-preview:large","max-video-preview":"max-video-preview:-1"},"canonical":"https:\/\/www.ghostysky.com\/es\/producto-2\/emlid-survey-pole-with-a-smartphone-mount\/","og_locale":"es_ES","og_type":"article","og_title":"Emlid Survey Pole with a smartphone mount -","og_description":"The three-section construction delivers reliable stability with the help of solid flip locks. It comes equipped with a smartphone mount that fits most control devices and a carrying bag.","og_url":"https:\/\/www.ghostysky.com\/es\/producto-2\/emlid-survey-pole-with-a-smartphone-mount\/","og_site_name":"Ghostysky","article_publisher":"https:\/\/www.facebook.com\/people\/Ghostysky\/100057676170234\/","article_modified_time":"2026-03-25T13:48:36+00:00","og_image":[{"width":2500,"height":2500,"url":"https:\/\/www.ghostysky.com\/wp-content\/uploads\/2022\/12\/New_Emlid_Pole_1.webp","type":"image\/webp"}],"twitter_card":"summary_large_image","twitter_site":"@Gh0stysky","twitter_misc":{"Tiempo de lectura":"3 minutos"},"schema":{"@context":"https:\/\/schema.org","@graph":[{"@type":"WebPage","@id":"https:\/\/www.ghostysky.com\/product\/emlid-survey-pole-with-a-smartphone-mount\/","url":"https:\/\/www.ghostysky.com\/product\/emlid-survey-pole-with-a-smartphone-mount\/","name":"Emlid Survey Pole con soporte para tel\u00e9fono inteligente -","isPartOf":{"@id":"https:\/\/www.ghostysky.com\/#website"},"primaryImageOfPage":{"@id":"https:\/\/www.ghostysky.com\/product\/emlid-survey-pole-with-a-smartphone-mount\/#primaryimage"},"image":{"@id":"https:\/\/www.ghostysky.com\/product\/emlid-survey-pole-with-a-smartphone-mount\/#primaryimage"},"thumbnailUrl":"https:\/\/www.ghostysky.com\/wp-content\/uploads\/2022\/12\/New_Emlid_Pole_1.webp","datePublished":"2022-12-03T14:58:51+00:00","dateModified":"2026-03-25T13:48:36+00:00","description":"La construcci\u00f3n de tres secciones brinda una estabilidad confiable con la ayuda de s\u00f3lidas cerraduras abatibles. Viene equipado con un soporte para tel\u00e9fono inteligente que se adapta a la mayor\u00eda de los dispositivos de control y una bolsa de transporte.","breadcrumb":{"@id":"https:\/\/www.ghostysky.com\/product\/emlid-survey-pole-with-a-smartphone-mount\/#breadcrumb"},"inLanguage":"es","potentialAction":[{"@type":"ReadAction","target":["https:\/\/www.ghostysky.com\/product\/emlid-survey-pole-with-a-smartphone-mount\/"]}]},{"@type":"ImageObject","inLanguage":"es","@id":"https:\/\/www.ghostysky.com\/product\/emlid-survey-pole-with-a-smartphone-mount\/#primaryimage","url":"https:\/\/www.ghostysky.com\/wp-content\/uploads\/2022\/12\/New_Emlid_Pole_1.webp","contentUrl":"https:\/\/www.ghostysky.com\/wp-content\/uploads\/2022\/12\/New_Emlid_Pole_1.webp","width":2500,"height":2500},{"@type":"BreadcrumbList","@id":"https:\/\/www.ghostysky.com\/product\/emlid-survey-pole-with-a-smartphone-mount\/#breadcrumb","itemListElement":[{"@type":"ListItem","position":1,"name":"Home","item":"https:\/\/www.ghostysky.com\/"},{"@type":"ListItem","position":2,"name":"Shop","item":"https:\/\/www.ghostysky.com\/shop\/"},{"@type":"ListItem","position":3,"name":"Emlid Survey Pole with a smartphone mount"}]},{"@type":"WebSite","@id":"https:\/\/www.ghostysky.com\/#website","url":"https:\/\/www.ghostysky.com\/","name":"Ghostysky","description":"Entrega de drones y servicios profesionales","publisher":{"@id":"https:\/\/www.ghostysky.com\/#organization"},"potentialAction":[{"@type":"SearchAction","target":{"@type":"EntryPoint","urlTemplate":"https:\/\/www.ghostysky.com\/?s={search_term_string}"},"query-input":{"@type":"PropertyValueSpecification","valueRequired":true,"valueName":"search_term_string"}}],"inLanguage":"es"},{"@type":"Organization","@id":"https:\/\/www.ghostysky.com\/#organization","name":"Ghostysky","url":"https:\/\/www.ghostysky.com\/","logo":{"@type":"ImageObject","inLanguage":"es","@id":"https:\/\/www.ghostysky.com\/#\/schema\/logo\/image\/","url":"https:\/\/www.ghostysky.com\/wp-content\/uploads\/2020\/06\/cropped-ghostyskylogo_text_white2.png","contentUrl":"https:\/\/www.ghostysky.com\/wp-content\/uploads\/2020\/06\/cropped-ghostyskylogo_text_white2.png","width":169,"height":56,"caption":"Ghostysky"},"image":{"@id":"https:\/\/www.ghostysky.com\/#\/schema\/logo\/image\/"},"sameAs":["https:\/\/www.facebook.com\/people\/Ghostysky\/100057676170234\/","https:\/\/x.com\/Gh0stysky","https:\/\/www.linkedin.com\/company\/34739653","https:\/\/www.instagram.com\/gh0stysky"]}]}},"_links":{"self":[{"href":"https:\/\/www.ghostysky.com\/es\/wp-json\/wp\/v2\/product\/10415","targetHints":{"allow":["GET"]}}],"collection":[{"href":"https:\/\/www.ghostysky.com\/es\/wp-json\/wp\/v2\/product"}],"about":[{"href":"https:\/\/www.ghostysky.com\/es\/wp-json\/wp\/v2\/types\/product"}],"replies":[{"embeddable":true,"href":"https:\/\/www.ghostysky.com\/es\/wp-json\/wp\/v2\/comments?post=10415"}],"wp:featuredmedia":[{"embeddable":true,"href":"https:\/\/www.ghostysky.com\/es\/wp-json\/wp\/v2\/media\/10419"}],"wp:attachment":[{"href":"https:\/\/www.ghostysky.com\/es\/wp-json\/wp\/v2\/media?parent=10415"}],"wp:term":[{"taxonomy":"product_brand","embeddable":true,"href":"https:\/\/www.ghostysky.com\/es\/wp-json\/wp\/v2\/product_brand?post=10415"},{"taxonomy":"product_cat","embeddable":true,"href":"https:\/\/www.ghostysky.com\/es\/wp-json\/wp\/v2\/product_cat?post=10415"},{"taxonomy":"product_tag","embeddable":true,"href":"https:\/\/www.ghostysky.com\/es\/wp-json\/wp\/v2\/product_tag?post=10415"}],"curies":[{"name":"wp","href":"https:\/\/api.w.org\/{rel}","templated":true}]}}