{"id":10531,"date":"2022-12-20T17:17:58","date_gmt":"2022-12-20T17:17:58","guid":{"rendered":"https:\/\/www.ghostysky.com\/?post_type=product&#038;p=10531"},"modified":"2024-07-04T15:13:09","modified_gmt":"2024-07-04T15:13:09","slug":"microsurvey-fieldgenius-for-android","status":"publish","type":"product","link":"https:\/\/www.ghostysky.com\/es\/product\/microsurvey-fieldgenius-for-android\/","title":{"rendered":"Microsurvey FieldGenius para Android"},"content":{"rendered":"<h3>Las funciones que te encantan ahora en Android<\/h3>\n<p>MicroSurvey aporta d\u00e9cadas de innovaci\u00f3n y experiencia en la creaci\u00f3n de software de campo topogr\u00e1fico a nuestra aplicaci\u00f3n multiplataforma FieldGenius de pr\u00f3xima generaci\u00f3n.<\/p>\n<p><div class='wpo_youtube_preview_container'><img src=\"https:\/\/www.ghostysky.com\/wp-content\/cache\/wpo-youtube-thumbnails\/gHIW0ae1134-maxresdefault.jpg\" class=\"wpo_youtube_preview\" data-video-url=\"https:\/\/www.youtube.com\/embed\/gHIW0ae1134?feature=oembed\" alt=\"miniatura de YouTube\" data-iframe-attr=\"{&quot;title&quot;:&quot;Product Explanation - FieldGenius for Android&quot;,&quot;width&quot;:&quot;1170&quot;,&quot;height&quot;:&quot;658&quot;,&quot;src&quot;:&quot;https:\\\/\\\/www.youtube.com\\\/embed\\\/gHIW0ae1134?feature=oembed&quot;,&quot;frameborder&quot;:&quot;0&quot;,&quot;allow&quot;:&quot;accelerometer; autoplay; clipboard-write; encrypted-media; gyroscope; picture-in-picture; web-share&quot;,&quot;referrerpolicy&quot;:&quot;strict-origin-when-cross-origin&quot;,&quot;allowfullscreen&quot;:&quot;&quot;}\"\/><span class=\"wpo_youtube_preview_overlay\"><img src=\"https:\/\/www.ghostysky.com\/wp-content\/plugins\/wp-optimize-premium\/images\/icon\/icons8-youtube-96.svg\" alt=\"icono de YouTube\"\/><\/span><\/div><\/p>\n<p>&nbsp;<\/p>","protected":false},"excerpt":{"rendered":"<p>MicroSurvey FieldGenius es adecuado para profesionales de agrimensura, ingenier\u00eda civil, agrimensura s\u00edsmica y replanteo de construcci\u00f3n. Su objetivo es proporcionar una simplicidad de recopilaci\u00f3n de datos y un rendimiento de c\u00e1lculo de campo inigualables.<\/p>\n<p>Caracter\u00edsticas:<\/p>\n<ul>\n<li>Medir puntos en el campo<\/li>\n<li>Asigne f\u00e1cilmente c\u00f3digos a puntos<\/li>\n<li>Implementaci\u00f3n r\u00e1pida de nuevas funciones y correcciones de errores<\/li>\n<li>Funciona con tabletas y tel\u00e9fonos Android\u2122<\/li>\n<li>Edici\u00f3n mejorada de segmentos de l\u00ednea en el campo<\/li>\n<li>Cree l\u00edneas de trabajo sobre la marcha mientras acumula puntos<\/li>\n<li>Flujos de trabajo de replanteo de puntos actualizados y pantallas de navegaci\u00f3n<\/li>\n<li>Realice c\u00e1lculos cogo, vea los resultados inmediatamente en el mapa<\/li>\n<li>Visualizaci\u00f3n de mapas e im\u00e1genes satelitales como archivos de fondo en la pantalla de vista de mapa<\/li>\n<li>Acceso a la biblioteca de microsurvey de 3967 sistemas de coordenadas, geoides y archivos de desplazamiento de cuadr\u00edcula.<\/li>\n<li>Compatibilidad con m\u00e1s de 213 receptores gnss de los principales fabricantes de equipos originales<\/li>\n<li>Inicie sesi\u00f3n en servidores wms para mapas de fondo<\/li>\n<li>Fieldgenius para Android ahora tiene soporte para permitir a los usuarios etiquetar informaci\u00f3n de atributos con sus observaciones de puntos\/l\u00edneas.<\/li>\n<li>Importaci\u00f3n\/exportaci\u00f3n de Shapefile para trabajar con su software gis.<\/li>\n<\/ul>","protected":false},"featured_media":10532,"comment_status":"open","ping_status":"closed","template":"","meta":[],"product_brand":[],"product_cat":[367,373,89,30,926,371],"product_tag":[456,455],"class_list":{"0":"post-10531","1":"product","2":"type-product","3":"status-publish","4":"has-post-thumbnail","6":"product_cat-accessories-emlid","7":"product_cat-accessories-south","8":"product_cat-emlid","9":"product_cat-mobile-station","10":"product_cat-software-emlid","11":"product_cat-south","12":"product_tag-fieldgenius","13":"product_tag-microstrategy","15":"first","16":"instock","17":"taxable","18":"shipping-taxable","19":"product-type-simple"},"yoast_head":"<!-- This site is optimized with the Yoast SEO plugin v27.4 - https:\/\/yoast.com\/product\/yoast-seo-wordpress\/ -->\n<title>Microsurvey FieldGenius for Android -<\/title>\n<meta name=\"description\" content=\"MicroSurvey FieldGenius is suitable for Land Surveying, Civil Engineering, Seismic Surveying, and Construction Staking professionals. It aims to provide unequalled data collection simplicity and field calculating performance.\" \/>\n<meta name=\"robots\" content=\"index, follow, max-snippet:-1, max-image-preview:large, max-video-preview:-1\" \/>\n<link rel=\"canonical\" href=\"https:\/\/www.ghostysky.com\/es\/producto-2\/microsurvey-fieldgenius-for-android\/\" \/>\n<meta property=\"og:locale\" content=\"es_ES\" \/>\n<meta property=\"og:type\" content=\"article\" \/>\n<meta property=\"og:title\" content=\"Microsurvey FieldGenius for Android -\" \/>\n<meta property=\"og:description\" content=\"MicroSurvey FieldGenius is suitable for Land Surveying, Civil Engineering, Seismic Surveying, and Construction Staking professionals. It aims to provide unequalled data collection simplicity and field calculating performance.\" \/>\n<meta property=\"og:url\" content=\"https:\/\/www.ghostysky.com\/es\/producto-2\/microsurvey-fieldgenius-for-android\/\" \/>\n<meta property=\"og:site_name\" content=\"Ghostysky\" \/>\n<meta property=\"article:publisher\" content=\"https:\/\/www.facebook.com\/people\/Ghostysky\/100057676170234\/\" \/>\n<meta property=\"article:modified_time\" content=\"2024-07-04T15:13:09+00:00\" \/>\n<meta property=\"og:image\" content=\"https:\/\/www.ghostysky.com\/wp-content\/uploads\/2022\/12\/MicrosurveyFieldGenius.webp\" \/>\n\t<meta property=\"og:image:width\" content=\"1920\" \/>\n\t<meta property=\"og:image:height\" content=\"1050\" \/>\n\t<meta property=\"og:image:type\" content=\"image\/webp\" \/>\n<meta name=\"twitter:card\" content=\"summary_large_image\" \/>\n<meta name=\"twitter:site\" content=\"@Gh0stysky\" \/>\n<meta name=\"twitter:label1\" content=\"Tiempo de lectura\" \/>\n\t<meta name=\"twitter:data1\" content=\"1 minuto\" \/>\n<script type=\"application\/ld+json\" class=\"yoast-schema-graph\">{\"@context\":\"https:\\\/\\\/schema.org\",\"@graph\":[{\"@type\":\"WebPage\",\"@id\":\"https:\\\/\\\/www.ghostysky.com\\\/product\\\/microsurvey-fieldgenius-for-android\\\/\",\"url\":\"https:\\\/\\\/www.ghostysky.com\\\/product\\\/microsurvey-fieldgenius-for-android\\\/\",\"name\":\"Microsurvey FieldGenius for Android -\",\"isPartOf\":{\"@id\":\"https:\\\/\\\/www.ghostysky.com\\\/#website\"},\"primaryImageOfPage\":{\"@id\":\"https:\\\/\\\/www.ghostysky.com\\\/product\\\/microsurvey-fieldgenius-for-android\\\/#primaryimage\"},\"image\":{\"@id\":\"https:\\\/\\\/www.ghostysky.com\\\/product\\\/microsurvey-fieldgenius-for-android\\\/#primaryimage\"},\"thumbnailUrl\":\"https:\\\/\\\/www.ghostysky.com\\\/wp-content\\\/uploads\\\/2022\\\/12\\\/MicrosurveyFieldGenius.webp\",\"datePublished\":\"2022-12-20T17:17:58+00:00\",\"dateModified\":\"2024-07-04T15:13:09+00:00\",\"description\":\"MicroSurvey FieldGenius is suitable for Land Surveying, Civil Engineering, Seismic Surveying, and Construction Staking professionals. It aims to provide unequalled data collection simplicity and field calculating performance.\",\"breadcrumb\":{\"@id\":\"https:\\\/\\\/www.ghostysky.com\\\/product\\\/microsurvey-fieldgenius-for-android\\\/#breadcrumb\"},\"inLanguage\":\"es\",\"potentialAction\":[{\"@type\":\"ReadAction\",\"target\":[\"https:\\\/\\\/www.ghostysky.com\\\/product\\\/microsurvey-fieldgenius-for-android\\\/\"]}]},{\"@type\":\"ImageObject\",\"inLanguage\":\"es\",\"@id\":\"https:\\\/\\\/www.ghostysky.com\\\/product\\\/microsurvey-fieldgenius-for-android\\\/#primaryimage\",\"url\":\"https:\\\/\\\/www.ghostysky.com\\\/wp-content\\\/uploads\\\/2022\\\/12\\\/MicrosurveyFieldGenius.webp\",\"contentUrl\":\"https:\\\/\\\/www.ghostysky.com\\\/wp-content\\\/uploads\\\/2022\\\/12\\\/MicrosurveyFieldGenius.webp\",\"width\":1920,\"height\":1050},{\"@type\":\"BreadcrumbList\",\"@id\":\"https:\\\/\\\/www.ghostysky.com\\\/product\\\/microsurvey-fieldgenius-for-android\\\/#breadcrumb\",\"itemListElement\":[{\"@type\":\"ListItem\",\"position\":1,\"name\":\"Home\",\"item\":\"https:\\\/\\\/www.ghostysky.com\\\/\"},{\"@type\":\"ListItem\",\"position\":2,\"name\":\"Shop\",\"item\":\"https:\\\/\\\/www.ghostysky.com\\\/shop\\\/\"},{\"@type\":\"ListItem\",\"position\":3,\"name\":\"Microsurvey FieldGenius for Android\"}]},{\"@type\":\"WebSite\",\"@id\":\"https:\\\/\\\/www.ghostysky.com\\\/#website\",\"url\":\"https:\\\/\\\/www.ghostysky.com\\\/\",\"name\":\"Ghostysky\",\"description\":\"Delivering professional drones and services\",\"publisher\":{\"@id\":\"https:\\\/\\\/www.ghostysky.com\\\/#organization\"},\"potentialAction\":[{\"@type\":\"SearchAction\",\"target\":{\"@type\":\"EntryPoint\",\"urlTemplate\":\"https:\\\/\\\/www.ghostysky.com\\\/?s={search_term_string}\"},\"query-input\":{\"@type\":\"PropertyValueSpecification\",\"valueRequired\":true,\"valueName\":\"search_term_string\"}}],\"inLanguage\":\"es\"},{\"@type\":\"Organization\",\"@id\":\"https:\\\/\\\/www.ghostysky.com\\\/#organization\",\"name\":\"Ghostysky\",\"url\":\"https:\\\/\\\/www.ghostysky.com\\\/\",\"logo\":{\"@type\":\"ImageObject\",\"inLanguage\":\"es\",\"@id\":\"https:\\\/\\\/www.ghostysky.com\\\/#\\\/schema\\\/logo\\\/image\\\/\",\"url\":\"https:\\\/\\\/www.ghostysky.com\\\/wp-content\\\/uploads\\\/2020\\\/06\\\/cropped-ghostyskylogo_text_white2.png\",\"contentUrl\":\"https:\\\/\\\/www.ghostysky.com\\\/wp-content\\\/uploads\\\/2020\\\/06\\\/cropped-ghostyskylogo_text_white2.png\",\"width\":169,\"height\":56,\"caption\":\"Ghostysky\"},\"image\":{\"@id\":\"https:\\\/\\\/www.ghostysky.com\\\/#\\\/schema\\\/logo\\\/image\\\/\"},\"sameAs\":[\"https:\\\/\\\/www.facebook.com\\\/people\\\/Ghostysky\\\/100057676170234\\\/\",\"https:\\\/\\\/x.com\\\/Gh0stysky\",\"https:\\\/\\\/www.linkedin.com\\\/company\\\/34739653\",\"https:\\\/\\\/www.instagram.com\\\/gh0stysky\"]}]}<\/script>\n<!-- \/ Yoast SEO plugin. -->","yoast_head_json":{"title":"Microencuesta FieldGenius para Android -","description":"MicroSurvey FieldGenius es adecuado para profesionales de agrimensura, ingenier\u00eda civil, agrimensura s\u00edsmica y replanteo de construcci\u00f3n. Su objetivo es proporcionar una simplicidad de recopilaci\u00f3n de datos y un rendimiento de c\u00e1lculo de campo inigualables.","robots":{"index":"index","follow":"follow","max-snippet":"max-snippet:-1","max-image-preview":"max-image-preview:large","max-video-preview":"max-video-preview:-1"},"canonical":"https:\/\/www.ghostysky.com\/es\/producto-2\/microsurvey-fieldgenius-for-android\/","og_locale":"es_ES","og_type":"article","og_title":"Microsurvey FieldGenius for Android -","og_description":"MicroSurvey FieldGenius is suitable for Land Surveying, Civil Engineering, Seismic Surveying, and Construction Staking professionals. It aims to provide unequalled data collection simplicity and field calculating performance.","og_url":"https:\/\/www.ghostysky.com\/es\/producto-2\/microsurvey-fieldgenius-for-android\/","og_site_name":"Ghostysky","article_publisher":"https:\/\/www.facebook.com\/people\/Ghostysky\/100057676170234\/","article_modified_time":"2024-07-04T15:13:09+00:00","og_image":[{"width":1920,"height":1050,"url":"https:\/\/www.ghostysky.com\/wp-content\/uploads\/2022\/12\/MicrosurveyFieldGenius.webp","type":"image\/webp"}],"twitter_card":"summary_large_image","twitter_site":"@Gh0stysky","twitter_misc":{"Tiempo de lectura":"1 minuto"},"schema":{"@context":"https:\/\/schema.org","@graph":[{"@type":"WebPage","@id":"https:\/\/www.ghostysky.com\/product\/microsurvey-fieldgenius-for-android\/","url":"https:\/\/www.ghostysky.com\/product\/microsurvey-fieldgenius-for-android\/","name":"Microencuesta FieldGenius para Android -","isPartOf":{"@id":"https:\/\/www.ghostysky.com\/#website"},"primaryImageOfPage":{"@id":"https:\/\/www.ghostysky.com\/product\/microsurvey-fieldgenius-for-android\/#primaryimage"},"image":{"@id":"https:\/\/www.ghostysky.com\/product\/microsurvey-fieldgenius-for-android\/#primaryimage"},"thumbnailUrl":"https:\/\/www.ghostysky.com\/wp-content\/uploads\/2022\/12\/MicrosurveyFieldGenius.webp","datePublished":"2022-12-20T17:17:58+00:00","dateModified":"2024-07-04T15:13:09+00:00","description":"MicroSurvey FieldGenius es adecuado para profesionales de agrimensura, ingenier\u00eda civil, agrimensura s\u00edsmica y replanteo de construcci\u00f3n. Su objetivo es proporcionar una simplicidad de recopilaci\u00f3n de datos y un rendimiento de c\u00e1lculo de campo inigualables.","breadcrumb":{"@id":"https:\/\/www.ghostysky.com\/product\/microsurvey-fieldgenius-for-android\/#breadcrumb"},"inLanguage":"es","potentialAction":[{"@type":"ReadAction","target":["https:\/\/www.ghostysky.com\/product\/microsurvey-fieldgenius-for-android\/"]}]},{"@type":"ImageObject","inLanguage":"es","@id":"https:\/\/www.ghostysky.com\/product\/microsurvey-fieldgenius-for-android\/#primaryimage","url":"https:\/\/www.ghostysky.com\/wp-content\/uploads\/2022\/12\/MicrosurveyFieldGenius.webp","contentUrl":"https:\/\/www.ghostysky.com\/wp-content\/uploads\/2022\/12\/MicrosurveyFieldGenius.webp","width":1920,"height":1050},{"@type":"BreadcrumbList","@id":"https:\/\/www.ghostysky.com\/product\/microsurvey-fieldgenius-for-android\/#breadcrumb","itemListElement":[{"@type":"ListItem","position":1,"name":"Home","item":"https:\/\/www.ghostysky.com\/"},{"@type":"ListItem","position":2,"name":"Shop","item":"https:\/\/www.ghostysky.com\/shop\/"},{"@type":"ListItem","position":3,"name":"Microsurvey FieldGenius for Android"}]},{"@type":"WebSite","@id":"https:\/\/www.ghostysky.com\/#website","url":"https:\/\/www.ghostysky.com\/","name":"Ghostysky","description":"Entrega de drones y servicios profesionales","publisher":{"@id":"https:\/\/www.ghostysky.com\/#organization"},"potentialAction":[{"@type":"SearchAction","target":{"@type":"EntryPoint","urlTemplate":"https:\/\/www.ghostysky.com\/?s={search_term_string}"},"query-input":{"@type":"PropertyValueSpecification","valueRequired":true,"valueName":"search_term_string"}}],"inLanguage":"es"},{"@type":"Organization","@id":"https:\/\/www.ghostysky.com\/#organization","name":"Ghostysky","url":"https:\/\/www.ghostysky.com\/","logo":{"@type":"ImageObject","inLanguage":"es","@id":"https:\/\/www.ghostysky.com\/#\/schema\/logo\/image\/","url":"https:\/\/www.ghostysky.com\/wp-content\/uploads\/2020\/06\/cropped-ghostyskylogo_text_white2.png","contentUrl":"https:\/\/www.ghostysky.com\/wp-content\/uploads\/2020\/06\/cropped-ghostyskylogo_text_white2.png","width":169,"height":56,"caption":"Ghostysky"},"image":{"@id":"https:\/\/www.ghostysky.com\/#\/schema\/logo\/image\/"},"sameAs":["https:\/\/www.facebook.com\/people\/Ghostysky\/100057676170234\/","https:\/\/x.com\/Gh0stysky","https:\/\/www.linkedin.com\/company\/34739653","https:\/\/www.instagram.com\/gh0stysky"]}]}},"_links":{"self":[{"href":"https:\/\/www.ghostysky.com\/es\/wp-json\/wp\/v2\/product\/10531","targetHints":{"allow":["GET"]}}],"collection":[{"href":"https:\/\/www.ghostysky.com\/es\/wp-json\/wp\/v2\/product"}],"about":[{"href":"https:\/\/www.ghostysky.com\/es\/wp-json\/wp\/v2\/types\/product"}],"replies":[{"embeddable":true,"href":"https:\/\/www.ghostysky.com\/es\/wp-json\/wp\/v2\/comments?post=10531"}],"version-history":[{"count":0,"href":"https:\/\/www.ghostysky.com\/es\/wp-json\/wp\/v2\/product\/10531\/revisions"}],"wp:featuredmedia":[{"embeddable":true,"href":"https:\/\/www.ghostysky.com\/es\/wp-json\/wp\/v2\/media\/10532"}],"wp:attachment":[{"href":"https:\/\/www.ghostysky.com\/es\/wp-json\/wp\/v2\/media?parent=10531"}],"wp:term":[{"taxonomy":"product_brand","embeddable":true,"href":"https:\/\/www.ghostysky.com\/es\/wp-json\/wp\/v2\/product_brand?post=10531"},{"taxonomy":"product_cat","embeddable":true,"href":"https:\/\/www.ghostysky.com\/es\/wp-json\/wp\/v2\/product_cat?post=10531"},{"taxonomy":"product_tag","embeddable":true,"href":"https:\/\/www.ghostysky.com\/es\/wp-json\/wp\/v2\/product_tag?post=10531"}],"curies":[{"name":"wp","href":"https:\/\/api.w.org\/{rel}","templated":true}]}}