{"id":10597,"date":"2022-12-30T18:15:45","date_gmt":"2022-12-30T18:15:45","guid":{"rendered":"https:\/\/www.ghostysky.com\/?post_type=product&#038;p=10597"},"modified":"2024-05-26T10:44:34","modified_gmt":"2024-05-26T10:44:34","slug":"combo-h520e-rtk-e90x-camera","status":"publish","type":"product","link":"https:\/\/www.ghostysky.com\/es\/product\/combo-h520e-rtk-e90x-camera\/","title":{"rendered":"C\u00e1mara combinada H520E-RTK + E90X"},"content":{"rendered":"<p><strong>CARACTER\u00cdSTICAS CLAVE\u00a0<\/strong><\/p>\n<ul>\n<li>M\u00f3dulo RTK (Real Time Kinematic) para posicionamiento relativo de alta precisi\u00f3n: 1 cm + ppm horizontal \/ 2 cm + ppm vertical<\/li>\n<li>Mantenga la precisi\u00f3n cm incluso en entornos desafiantes de GNSS<\/li>\n<li>Tasa de actualizaci\u00f3n de posici\u00f3n, velocidad y tiempo de 5 Hz<\/li>\n<li>Todos los datos, incluidos los datos GNSS sin procesar y la soluci\u00f3n en tiempo real, se pueden registrar a bordo, listos para PPK (cinem\u00e1tica posprocesada)<\/li>\n<li>Admite se\u00f1ales de hasta 3 constelaciones GNSS entre GPS, GLONASS, Galileo y BeiDou<\/li>\n<li>C\u00e1mara:\n<ul>\n<li>Resoluci\u00f3n de 20 megap\u00edxeles \/ 4K a 60 fotogramas por segundo<\/li>\n<li>Sensor CMOS de 1\u201c<\/li>\n<li>Zoom digital hasta 8x<\/li>\n<li>Lente de 23 mm con baja distorsi\u00f3n<\/li>\n<\/ul>\n<\/li>\n<li>Ideal para ortomograf\u00eda, modelado 3D e inspecciones de primer plano.<\/li>\n<\/ul>","protected":false},"excerpt":{"rendered":"<p>El H520E-RTK garantiza la m\u00e1xima precisi\u00f3n y la disponibilidad operativa m\u00e1s r\u00e1pida posible, incluso en condiciones de GPS dif\u00edciles, como en ciudades, ca\u00f1ones o bosques. Gracias a la tecnolog\u00eda Real-Time Kinematics, el nuevo H520E RTK podr\u00e1 pararse en el aire con precisi\u00f3n centim\u00e9trica, lo que permitir\u00e1 fotograf\u00edas extremadamente precisas, mapeo 3D m\u00e1s r\u00e1pido y vuelos de inspecci\u00f3n m\u00e1s precisos.<\/p>\n<p>La c\u00e1mara E90x es un sistema de im\u00e1genes estabilizado por card\u00e1n, de alta resoluci\u00f3n y gran angular, perfectamente adecuado para su uso en aplicaciones que requieren fotos y videos de alta calidad. Utiliza un generador de im\u00e1genes CMOS de 1 pulgada de alta apertura que es capaz de capturar im\u00e1genes fijas con una resoluci\u00f3n de 20 megap\u00edxeles.<\/p>\n<p>El sensor de resoluci\u00f3n 4K de 1 pulgada de la E90x, combinado con la H520E-RTK, proporciona im\u00e1genes de muy alta calidad. El resultado es un mapeo 2D o 3D de alta resoluci\u00f3n superior, volumetr\u00eda de precisi\u00f3n y modelos de superficie 3D.<\/p>","protected":false},"featured_media":10602,"comment_status":"open","ping_status":"closed","template":"","meta":[],"product_brand":[],"product_cat":[29,307,118],"product_tag":[139,122,125,121],"class_list":{"0":"post-10597","1":"product","2":"type-product","3":"status-publish","4":"has-post-thumbnail","6":"product_cat-drones","7":"product_cat-drones-yuneec","8":"product_cat-yuneec","9":"product_tag-e90x","10":"product_tag-h520e","11":"product_tag-h520e-rtk","12":"product_tag-yuneec","14":"first","15":"onbackorder","16":"taxable","17":"shipping-taxable","18":"product-type-simple"},"yoast_head":"<!-- This site is optimized with the Yoast SEO plugin v27.1.1 - https:\/\/yoast.com\/product\/yoast-seo-wordpress\/ -->\n<title>Combo H520E-RTK + E90X Camera -<\/title>\n<meta name=\"description\" content=\"The H520E-RTK ensures the highest precision and the fastest possible operational readiness, even under difficult GPS conditions like in cities, canyons, or forests.\" \/>\n<meta name=\"robots\" content=\"index, follow, max-snippet:-1, max-image-preview:large, max-video-preview:-1\" \/>\n<link rel=\"canonical\" href=\"https:\/\/www.ghostysky.com\/es\/producto-2\/combo-h520e-rtk-e90x-camera\/\" \/>\n<meta property=\"og:locale\" content=\"es_ES\" \/>\n<meta property=\"og:type\" content=\"article\" \/>\n<meta property=\"og:title\" content=\"Combo H520E-RTK + E90X Camera -\" \/>\n<meta property=\"og:description\" content=\"The H520E-RTK ensures the highest precision and the fastest possible operational readiness, even under difficult GPS conditions like in cities, canyons, or forests.\" \/>\n<meta property=\"og:url\" content=\"https:\/\/www.ghostysky.com\/es\/producto-2\/combo-h520e-rtk-e90x-camera\/\" \/>\n<meta property=\"og:site_name\" content=\"Ghostysky\" \/>\n<meta property=\"article:publisher\" content=\"https:\/\/www.facebook.com\/people\/Ghostysky\/100057676170234\/\" \/>\n<meta property=\"article:modified_time\" content=\"2024-05-26T10:44:34+00:00\" \/>\n<meta property=\"og:image\" content=\"https:\/\/www.ghostysky.com\/wp-content\/uploads\/2022\/12\/H520E-RTK-E90x-Combo1.jpg\" \/>\n\t<meta property=\"og:image:width\" content=\"1172\" \/>\n\t<meta property=\"og:image:height\" content=\"792\" \/>\n\t<meta property=\"og:image:type\" content=\"image\/jpeg\" \/>\n<meta name=\"twitter:card\" content=\"summary_large_image\" \/>\n<meta name=\"twitter:site\" content=\"@Gh0stysky\" \/>\n<meta name=\"twitter:label1\" content=\"Tiempo de lectura\" \/>\n\t<meta name=\"twitter:data1\" content=\"1 minuto\" \/>\n<script type=\"application\/ld+json\" class=\"yoast-schema-graph\">{\"@context\":\"https:\/\/schema.org\",\"@graph\":[{\"@type\":\"WebPage\",\"@id\":\"https:\/\/www.ghostysky.com\/product\/combo-h520e-rtk-e90x-camera\/\",\"url\":\"https:\/\/www.ghostysky.com\/product\/combo-h520e-rtk-e90x-camera\/\",\"name\":\"Combo H520E-RTK + E90X Camera -\",\"isPartOf\":{\"@id\":\"https:\/\/www.ghostysky.com\/#website\"},\"primaryImageOfPage\":{\"@id\":\"https:\/\/www.ghostysky.com\/product\/combo-h520e-rtk-e90x-camera\/#primaryimage\"},\"image\":{\"@id\":\"https:\/\/www.ghostysky.com\/product\/combo-h520e-rtk-e90x-camera\/#primaryimage\"},\"thumbnailUrl\":\"https:\/\/www.ghostysky.com\/wp-content\/uploads\/2022\/12\/H520E-RTK-E90x-Combo1.jpg\",\"datePublished\":\"2022-12-30T18:15:45+00:00\",\"dateModified\":\"2024-05-26T10:44:34+00:00\",\"description\":\"The H520E-RTK ensures the highest precision and the fastest possible operational readiness, even under difficult GPS conditions like in cities, canyons, or forests.\",\"breadcrumb\":{\"@id\":\"https:\/\/www.ghostysky.com\/product\/combo-h520e-rtk-e90x-camera\/#breadcrumb\"},\"inLanguage\":\"es\",\"potentialAction\":[{\"@type\":\"ReadAction\",\"target\":[\"https:\/\/www.ghostysky.com\/product\/combo-h520e-rtk-e90x-camera\/\"]}]},{\"@type\":\"ImageObject\",\"inLanguage\":\"es\",\"@id\":\"https:\/\/www.ghostysky.com\/product\/combo-h520e-rtk-e90x-camera\/#primaryimage\",\"url\":\"https:\/\/www.ghostysky.com\/wp-content\/uploads\/2022\/12\/H520E-RTK-E90x-Combo1.jpg\",\"contentUrl\":\"https:\/\/www.ghostysky.com\/wp-content\/uploads\/2022\/12\/H520E-RTK-E90x-Combo1.jpg\",\"width\":1172,\"height\":792},{\"@type\":\"BreadcrumbList\",\"@id\":\"https:\/\/www.ghostysky.com\/product\/combo-h520e-rtk-e90x-camera\/#breadcrumb\",\"itemListElement\":[{\"@type\":\"ListItem\",\"position\":1,\"name\":\"Home\",\"item\":\"https:\/\/www.ghostysky.com\/\"},{\"@type\":\"ListItem\",\"position\":2,\"name\":\"Shop\",\"item\":\"https:\/\/www.ghostysky.com\/shop\/\"},{\"@type\":\"ListItem\",\"position\":3,\"name\":\"Combo H520E-RTK + E90X Camera\"}]},{\"@type\":\"WebSite\",\"@id\":\"https:\/\/www.ghostysky.com\/#website\",\"url\":\"https:\/\/www.ghostysky.com\/\",\"name\":\"Ghostysky\",\"description\":\"Delivering professional drones and services\",\"publisher\":{\"@id\":\"https:\/\/www.ghostysky.com\/#organization\"},\"potentialAction\":[{\"@type\":\"SearchAction\",\"target\":{\"@type\":\"EntryPoint\",\"urlTemplate\":\"https:\/\/www.ghostysky.com\/?s={search_term_string}\"},\"query-input\":{\"@type\":\"PropertyValueSpecification\",\"valueRequired\":true,\"valueName\":\"search_term_string\"}}],\"inLanguage\":\"es\"},{\"@type\":\"Organization\",\"@id\":\"https:\/\/www.ghostysky.com\/#organization\",\"name\":\"Ghostysky\",\"url\":\"https:\/\/www.ghostysky.com\/\",\"logo\":{\"@type\":\"ImageObject\",\"inLanguage\":\"es\",\"@id\":\"https:\/\/www.ghostysky.com\/#\/schema\/logo\/image\/\",\"url\":\"https:\/\/www.ghostysky.com\/wp-content\/uploads\/2020\/06\/cropped-ghostyskylogo_text_white2.png\",\"contentUrl\":\"https:\/\/www.ghostysky.com\/wp-content\/uploads\/2020\/06\/cropped-ghostyskylogo_text_white2.png\",\"width\":169,\"height\":56,\"caption\":\"Ghostysky\"},\"image\":{\"@id\":\"https:\/\/www.ghostysky.com\/#\/schema\/logo\/image\/\"},\"sameAs\":[\"https:\/\/www.facebook.com\/people\/Ghostysky\/100057676170234\/\",\"https:\/\/x.com\/Gh0stysky\",\"https:\/\/www.linkedin.com\/company\/34739653\",\"https:\/\/www.instagram.com\/gh0stysky\"]}]}<\/script>\n<!-- \/ Yoast SEO plugin. -->","yoast_head_json":{"title":"C\u00e1mara combinada H520E-RTK + E90X -","description":"El H520E-RTK garantiza la mayor precisi\u00f3n y la preparaci\u00f3n operativa m\u00e1s r\u00e1pida posible, incluso en condiciones de GPS dif\u00edciles, como en ciudades, ca\u00f1ones o bosques.","robots":{"index":"index","follow":"follow","max-snippet":"max-snippet:-1","max-image-preview":"max-image-preview:large","max-video-preview":"max-video-preview:-1"},"canonical":"https:\/\/www.ghostysky.com\/es\/producto-2\/combo-h520e-rtk-e90x-camera\/","og_locale":"es_ES","og_type":"article","og_title":"Combo H520E-RTK + E90X Camera -","og_description":"The H520E-RTK ensures the highest precision and the fastest possible operational readiness, even under difficult GPS conditions like in cities, canyons, or forests.","og_url":"https:\/\/www.ghostysky.com\/es\/producto-2\/combo-h520e-rtk-e90x-camera\/","og_site_name":"Ghostysky","article_publisher":"https:\/\/www.facebook.com\/people\/Ghostysky\/100057676170234\/","article_modified_time":"2024-05-26T10:44:34+00:00","og_image":[{"width":1172,"height":792,"url":"https:\/\/www.ghostysky.com\/wp-content\/uploads\/2022\/12\/H520E-RTK-E90x-Combo1.jpg","type":"image\/jpeg"}],"twitter_card":"summary_large_image","twitter_site":"@Gh0stysky","twitter_misc":{"Tiempo de lectura":"1 minuto"},"schema":{"@context":"https:\/\/schema.org","@graph":[{"@type":"WebPage","@id":"https:\/\/www.ghostysky.com\/product\/combo-h520e-rtk-e90x-camera\/","url":"https:\/\/www.ghostysky.com\/product\/combo-h520e-rtk-e90x-camera\/","name":"C\u00e1mara combinada H520E-RTK + E90X -","isPartOf":{"@id":"https:\/\/www.ghostysky.com\/#website"},"primaryImageOfPage":{"@id":"https:\/\/www.ghostysky.com\/product\/combo-h520e-rtk-e90x-camera\/#primaryimage"},"image":{"@id":"https:\/\/www.ghostysky.com\/product\/combo-h520e-rtk-e90x-camera\/#primaryimage"},"thumbnailUrl":"https:\/\/www.ghostysky.com\/wp-content\/uploads\/2022\/12\/H520E-RTK-E90x-Combo1.jpg","datePublished":"2022-12-30T18:15:45+00:00","dateModified":"2024-05-26T10:44:34+00:00","description":"El H520E-RTK garantiza la mayor precisi\u00f3n y la preparaci\u00f3n operativa m\u00e1s r\u00e1pida posible, incluso en condiciones de GPS dif\u00edciles, como en ciudades, ca\u00f1ones o bosques.","breadcrumb":{"@id":"https:\/\/www.ghostysky.com\/product\/combo-h520e-rtk-e90x-camera\/#breadcrumb"},"inLanguage":"es","potentialAction":[{"@type":"ReadAction","target":["https:\/\/www.ghostysky.com\/product\/combo-h520e-rtk-e90x-camera\/"]}]},{"@type":"ImageObject","inLanguage":"es","@id":"https:\/\/www.ghostysky.com\/product\/combo-h520e-rtk-e90x-camera\/#primaryimage","url":"https:\/\/www.ghostysky.com\/wp-content\/uploads\/2022\/12\/H520E-RTK-E90x-Combo1.jpg","contentUrl":"https:\/\/www.ghostysky.com\/wp-content\/uploads\/2022\/12\/H520E-RTK-E90x-Combo1.jpg","width":1172,"height":792},{"@type":"BreadcrumbList","@id":"https:\/\/www.ghostysky.com\/product\/combo-h520e-rtk-e90x-camera\/#breadcrumb","itemListElement":[{"@type":"ListItem","position":1,"name":"Home","item":"https:\/\/www.ghostysky.com\/"},{"@type":"ListItem","position":2,"name":"Shop","item":"https:\/\/www.ghostysky.com\/shop\/"},{"@type":"ListItem","position":3,"name":"Combo H520E-RTK + E90X Camera"}]},{"@type":"WebSite","@id":"https:\/\/www.ghostysky.com\/#website","url":"https:\/\/www.ghostysky.com\/","name":"Ghostysky","description":"Entrega de drones y servicios profesionales","publisher":{"@id":"https:\/\/www.ghostysky.com\/#organization"},"potentialAction":[{"@type":"SearchAction","target":{"@type":"EntryPoint","urlTemplate":"https:\/\/www.ghostysky.com\/?s={search_term_string}"},"query-input":{"@type":"PropertyValueSpecification","valueRequired":true,"valueName":"search_term_string"}}],"inLanguage":"es"},{"@type":"Organization","@id":"https:\/\/www.ghostysky.com\/#organization","name":"Ghostysky","url":"https:\/\/www.ghostysky.com\/","logo":{"@type":"ImageObject","inLanguage":"es","@id":"https:\/\/www.ghostysky.com\/#\/schema\/logo\/image\/","url":"https:\/\/www.ghostysky.com\/wp-content\/uploads\/2020\/06\/cropped-ghostyskylogo_text_white2.png","contentUrl":"https:\/\/www.ghostysky.com\/wp-content\/uploads\/2020\/06\/cropped-ghostyskylogo_text_white2.png","width":169,"height":56,"caption":"Ghostysky"},"image":{"@id":"https:\/\/www.ghostysky.com\/#\/schema\/logo\/image\/"},"sameAs":["https:\/\/www.facebook.com\/people\/Ghostysky\/100057676170234\/","https:\/\/x.com\/Gh0stysky","https:\/\/www.linkedin.com\/company\/34739653","https:\/\/www.instagram.com\/gh0stysky"]}]}},"_links":{"self":[{"href":"https:\/\/www.ghostysky.com\/es\/wp-json\/wp\/v2\/product\/10597","targetHints":{"allow":["GET"]}}],"collection":[{"href":"https:\/\/www.ghostysky.com\/es\/wp-json\/wp\/v2\/product"}],"about":[{"href":"https:\/\/www.ghostysky.com\/es\/wp-json\/wp\/v2\/types\/product"}],"replies":[{"embeddable":true,"href":"https:\/\/www.ghostysky.com\/es\/wp-json\/wp\/v2\/comments?post=10597"}],"wp:featuredmedia":[{"embeddable":true,"href":"https:\/\/www.ghostysky.com\/es\/wp-json\/wp\/v2\/media\/10602"}],"wp:attachment":[{"href":"https:\/\/www.ghostysky.com\/es\/wp-json\/wp\/v2\/media?parent=10597"}],"wp:term":[{"taxonomy":"product_brand","embeddable":true,"href":"https:\/\/www.ghostysky.com\/es\/wp-json\/wp\/v2\/product_brand?post=10597"},{"taxonomy":"product_cat","embeddable":true,"href":"https:\/\/www.ghostysky.com\/es\/wp-json\/wp\/v2\/product_cat?post=10597"},{"taxonomy":"product_tag","embeddable":true,"href":"https:\/\/www.ghostysky.com\/es\/wp-json\/wp\/v2\/product_tag?post=10597"}],"curies":[{"name":"wp","href":"https:\/\/api.w.org\/{rel}","templated":true}]}}