{"id":10609,"date":"2022-12-30T18:29:46","date_gmt":"2022-12-30T18:29:46","guid":{"rendered":"https:\/\/www.ghostysky.com\/?post_type=product&#038;p=10609"},"modified":"2023-04-03T19:40:07","modified_gmt":"2023-04-03T19:40:07","slug":"atl-oblique-camera-for-h850","status":"publish","type":"product","link":"https:\/\/www.ghostysky.com\/es\/product\/atl-oblique-camera-for-h850\/","title":{"rendered":"C\u00e1mara oblicua ATL para H850"},"content":{"rendered":"<p>Los top\u00f3grafos y profesionales GIS tienen los m\u00e1s altos est\u00e1ndares en cuanto a sus herramientas y oficios.<\/p>\n<p>No es de extra\u00f1ar que muchos top\u00f3grafos utilicen nuestros drones para necesidades de mapeo y modelado 3D.<br \/>\nLos drones topogr\u00e1ficos logran consistentemente resultados que cumplen con los est\u00e1ndares de precisi\u00f3n de grado topogr\u00e1fico y se comparan<br \/>\na las t\u00e9cnicas topogr\u00e1ficas tradicionales; los drones reducen el tiempo, el costo y el esfuerzo necesarios.<\/p>\n<p>Topografiar con drones es m\u00e1s complicado que tomar solo unas pocas fotos desde arriba.<br \/>\nSe requieren varios pasos, desde preparar puntos de control en tierra, planificar misiones y<br \/>\nprocesando las im\u00e1genes que captura con el software de &quot;topograf\u00eda&quot;.<\/p>\n<p>A menudo, se encarga a los top\u00f3grafos que produzcan ortomosaicos de alta resoluci\u00f3n construidos mediante fotogrametr\u00eda.<br \/>\nt\u00e9cnicas o modelos 3D creados con c\u00e1maras oblicuas y t\u00e9cnicas topogr\u00e1ficas 3D.<br \/>\nAl utilizar la combinaci\u00f3n topogr\u00e1fica H850-RTK+ATL 102S V3, los top\u00f3grafos tienen la soluci\u00f3n topogr\u00e1fica definitiva a su alcance.<br \/>\npuntas de los dedos en t\u00e9rminos de precisi\u00f3n y eficiencia. Gracias a la c\u00e1mara oblicua ATL 102S V3, los top\u00f3grafos ahora pueden capturar<br \/>\ny crear modelos 3D de sus objetos de manera m\u00e1s eficiente que nunca.<br \/>\n<strong><br \/>\n\u00bfQu\u00e9 es la fotograf\u00eda oblicua?<\/strong><\/p>\n<p>Dentro de la investigaci\u00f3n con drones, una t\u00e9cnica que ha tenido \u00e9xito en el modelado 3D es el uso de la fotogrametr\u00eda oblicua, donde las im\u00e1genes<br \/>\nse capturan a trav\u00e9s de cinco lentes. Estas lentes m\u00faltiples se montan juntas en una matriz con \u00e1ngulos de eje fijos.<br \/>\nLas im\u00e1genes resultantes revelan detalles que a veces se pasan por alto cuando se dispara solo en vertical, como elementos oscurecidos por la vegetaci\u00f3n o estructuras altas.<\/p>\n<p>La c\u00e1mara oblicua ATL 102S V3 utiliza un equipo mec\u00e1nico con cinco c\u00e1maras en posiciones fijas en una configuraci\u00f3n cruzada; una c\u00e1mara en el centro<br \/>\nest\u00e1 rodeado por otras cuatro c\u00e1maras, delantera, trasera, izquierda y derecha, igualmente espaciadas en intervalos de 90 grados. Este sistema posiciona la c\u00e1mara central en<br \/>\nun \u00e1ngulo oblicuo donde el \u00e1ngulo &#039;nadir&#039; (el punto directamente debajo de la c\u00e1mara al nivel del suelo) est\u00e1 en un punto fijo conocido en el cuadro.<br \/>\n<strong><br \/>\nVentajas de la fotograf\u00eda oblicua<\/strong><\/p>\n<p>Las im\u00e1genes capturadas con una c\u00e1mara en \u00e1ngulo (ATL 102S V3) revelan detalles que de otro modo habr\u00edan quedado oscurecidos en la vista vertical por el follaje o los edificios altos.<br \/>\nLa fotograf\u00eda en \u00e1ngulo facilita la determinaci\u00f3n precisa de la altura de los objetos en comparaci\u00f3n con la fotograf\u00eda a\u00e9rea vertical. A diferencia de una configuraci\u00f3n ortogr\u00e1fica, donde<br \/>\nla c\u00e1mara central mira directamente hacia abajo, el sistema oblicuo captura muchos m\u00e1s datos de elevaci\u00f3n relativa frente a \u00e9l.<br \/>\nEsto tambi\u00e9n niega cualquier distorsi\u00f3n de la lente en todas las direcciones alrededor del punto focal, que a menudo sufre el m\u00e9todo ortogr\u00e1fico.<br \/>\nUsando m\u00faltiples disparos con intervalos controlados, la informaci\u00f3n de posici\u00f3n y elevaci\u00f3n relativa recopilada de cada conjunto de datos se puede comparar, contrastar y luego fusionar<br \/>\nPara dar la informaci\u00f3n de elevaci\u00f3n relativa entre las caracter\u00edsticas en el \u00e1rea de destino, se crea un mapa con datos de posici\u00f3n y elevaci\u00f3n, que se pueden<br \/>\nse muestra como un mapa 3D del \u00e1rea encuestada.<\/p>\n<div>\n<table border=\"0\">\n<tbody>\n<tr>\n<td>\n<div>\n<table border=\"0\">\n<tbody>\n<tr>\n<td>\n<table border=\"0\">\n<tbody>\n<tr>\n<td><strong>ESPECIFICACIONES<\/strong><\/p>\n<p>Dimensiones: 120*120*83mm; 171*192*185 mm (con card\u00e1n)<br \/>\n<strong>Peso:<\/strong>\u00a01100 gramos, incl. card\u00e1n<br \/>\n<strong>Clase de IP:<\/strong>\u00a0IP5X<br \/>\n<strong>Temperatura de funcionamiento:<\/strong>\u00a0-10 \u00b0C \u2013 40 \u00b0C<br \/>\n<strong>Temperatura de almacenamiento:<\/strong>-20 \u00b0C \u2013 50 \u00b0C<br \/>\n<strong>Fuente de alimentaci\u00f3n de la c\u00e1mara externa:\u00a0<\/strong>12-50 V CC<br \/>\n<strong>Lente \u00fanica de p\u00edxel efectivo:<\/strong>\u00a0\u2265 25 millones de p\u00edxeles (125 millones de p\u00edxeles en total)<br \/>\n<strong>Tama\u00f1o del sensor:<\/strong>\u00a023,1 x 15,4 mm<br \/>\n<strong>Tama\u00f1o de p\u00edxel:<\/strong>\u00a03,76 um<br \/>\n<strong>Tama\u00f1o de la imagen:\u00a0<\/strong>6144 \u00d7 4096 p\u00edxeles<br \/>\n<strong>Almacenamiento de datos:<\/strong>\u00a0foto\/archivo POS que contiene informaci\u00f3n de GPS e informaci\u00f3n de par\u00e1metros de la c\u00e1mara<br \/>\n<strong>Longitud focal en diagonal:<\/strong>\u00a035 mm (incidencia normal: 25 mm)<br \/>\n<strong>\u00c1ngulo oblicuo:<\/strong>\u00a045 grados<br \/>\n<strong>Intervalo ISO:<\/strong>\u00a020, 040, 064, 080, 010, 000, 000<br \/>\n<strong>Velocidad de obturaci\u00f3n:<\/strong>\u00a01\/500, 1\/640, 1\/800, 1\/1000 y 1\/1250<br \/>\n<strong>Tama\u00f1o de apertura:\u00a0<\/strong>F5.6<br \/>\n<strong>Capacidad de almacenamiento:<\/strong>\u00a0El m\u00f3dulo de almacenamiento de datos es enchufable y extra\u00edble con una capacidad de 1&#039;280 GB.<br \/>\n<strong>Modo operativo:<\/strong>\u00a0disparador de control de vuelo, disparador isom\u00e9trico y disparador is\u00f3crono<br \/>\n<strong>Estabilizaci\u00f3n:<\/strong>\u00a03 ejes (cabeceo, balanceo, gui\u00f1ada)<br \/>\nRango de rotaci\u00f3n del card\u00e1n: cabeceo: -120\u00b0-+45\u00b0, balanceo: \u00b145\u00b0 y gui\u00f1ada: \u00b1160\u00b0<\/td>\n<\/tr>\n<\/tbody>\n<\/table>\n<\/td>\n<\/tr>\n<\/tbody>\n<\/table>\n<\/div>\n<\/td>\n<\/tr>\n<\/tbody>\n<\/table>\n<\/div>","protected":false},"excerpt":{"rendered":"<p>Con la combinaci\u00f3n topogr\u00e1fica H850-RTK+ATL 102S V3, los top\u00f3grafos tienen la soluci\u00f3n topogr\u00e1fica definitiva al alcance de la mano en t\u00e9rminos de precisi\u00f3n y eficiencia. Gracias a la c\u00e1mara oblicua ATL 102S V3, los top\u00f3grafos ahora pueden capturar y crear modelos 3D de sus objetos de manera m\u00e1s eficiente que nunca.<\/p>","protected":false},"featured_media":10612,"comment_status":"open","ping_status":"closed","template":"","meta":[],"product_brand":[],"product_cat":[120,29,118],"product_tag":[460,389],"class_list":{"0":"post-10609","1":"product","2":"type-product","3":"status-publish","4":"has-post-thumbnail","6":"product_cat-yuneec-cameras","7":"product_cat-drones","8":"product_cat-yuneec","9":"product_tag-atl-102s-v3","10":"product_tag-h850","12":"first","13":"onbackorder","14":"taxable","15":"shipping-taxable","16":"product-type-simple"},"yoast_head":"<!-- This site is optimized with the Yoast SEO plugin v27.1.1 - https:\/\/yoast.com\/product\/yoast-seo-wordpress\/ -->\n<title>ATL Oblique Camera for H850 -<\/title>\n<meta name=\"description\" content=\"With H850-RTK+ATL 102S V3 surveying combo, surveyors have the ultimate surveying solution at their fingertips in terms of accuracy and efficiency. Thanks to the ATL 102S V3 oblique camera, surveyors can now capture and create 3D models of their objects more efficiently than ever before.\" \/>\n<meta name=\"robots\" content=\"index, follow, max-snippet:-1, max-image-preview:large, max-video-preview:-1\" \/>\n<link rel=\"canonical\" href=\"https:\/\/www.ghostysky.com\/es\/producto-2\/atl-oblique-camera-for-h850\/\" \/>\n<meta property=\"og:locale\" content=\"es_ES\" \/>\n<meta property=\"og:type\" content=\"article\" \/>\n<meta property=\"og:title\" content=\"ATL Oblique Camera for H850 -\" \/>\n<meta property=\"og:description\" content=\"With H850-RTK+ATL 102S V3 surveying combo, surveyors have the ultimate surveying solution at their fingertips in terms of accuracy and efficiency. Thanks to the ATL 102S V3 oblique camera, surveyors can now capture and create 3D models of their objects more efficiently than ever before.\" \/>\n<meta property=\"og:url\" content=\"https:\/\/www.ghostysky.com\/es\/producto-2\/atl-oblique-camera-for-h850\/\" \/>\n<meta property=\"og:site_name\" content=\"Ghostysky\" \/>\n<meta property=\"article:publisher\" content=\"https:\/\/www.facebook.com\/people\/Ghostysky\/100057676170234\/\" \/>\n<meta property=\"article:modified_time\" content=\"2023-04-03T19:40:07+00:00\" \/>\n<meta property=\"og:image\" content=\"https:\/\/www.ghostysky.com\/wp-content\/uploads\/2022\/12\/H850-Olique-1.webp\" \/>\n\t<meta property=\"og:image:width\" content=\"1490\" \/>\n\t<meta property=\"og:image:height\" content=\"1404\" \/>\n\t<meta property=\"og:image:type\" content=\"image\/webp\" \/>\n<meta name=\"twitter:card\" content=\"summary_large_image\" \/>\n<meta name=\"twitter:site\" content=\"@Gh0stysky\" \/>\n<meta name=\"twitter:label1\" content=\"Tiempo de lectura\" \/>\n\t<meta name=\"twitter:data1\" content=\"3 minutos\" \/>\n<script type=\"application\/ld+json\" class=\"yoast-schema-graph\">{\"@context\":\"https:\/\/schema.org\",\"@graph\":[{\"@type\":\"WebPage\",\"@id\":\"https:\/\/www.ghostysky.com\/product\/atl-oblique-camera-for-h850\/\",\"url\":\"https:\/\/www.ghostysky.com\/product\/atl-oblique-camera-for-h850\/\",\"name\":\"ATL Oblique Camera for H850 -\",\"isPartOf\":{\"@id\":\"https:\/\/www.ghostysky.com\/#website\"},\"primaryImageOfPage\":{\"@id\":\"https:\/\/www.ghostysky.com\/product\/atl-oblique-camera-for-h850\/#primaryimage\"},\"image\":{\"@id\":\"https:\/\/www.ghostysky.com\/product\/atl-oblique-camera-for-h850\/#primaryimage\"},\"thumbnailUrl\":\"https:\/\/www.ghostysky.com\/wp-content\/uploads\/2022\/12\/H850-Olique-1.webp\",\"datePublished\":\"2022-12-30T18:29:46+00:00\",\"dateModified\":\"2023-04-03T19:40:07+00:00\",\"description\":\"With H850-RTK+ATL 102S V3 surveying combo, surveyors have the ultimate surveying solution at their fingertips in terms of accuracy and efficiency. Thanks to the ATL 102S V3 oblique camera, surveyors can now capture and create 3D models of their objects more efficiently than ever before.\",\"breadcrumb\":{\"@id\":\"https:\/\/www.ghostysky.com\/product\/atl-oblique-camera-for-h850\/#breadcrumb\"},\"inLanguage\":\"es\",\"potentialAction\":[{\"@type\":\"ReadAction\",\"target\":[\"https:\/\/www.ghostysky.com\/product\/atl-oblique-camera-for-h850\/\"]}]},{\"@type\":\"ImageObject\",\"inLanguage\":\"es\",\"@id\":\"https:\/\/www.ghostysky.com\/product\/atl-oblique-camera-for-h850\/#primaryimage\",\"url\":\"https:\/\/www.ghostysky.com\/wp-content\/uploads\/2022\/12\/H850-Olique-1.webp\",\"contentUrl\":\"https:\/\/www.ghostysky.com\/wp-content\/uploads\/2022\/12\/H850-Olique-1.webp\",\"width\":1490,\"height\":1404},{\"@type\":\"BreadcrumbList\",\"@id\":\"https:\/\/www.ghostysky.com\/product\/atl-oblique-camera-for-h850\/#breadcrumb\",\"itemListElement\":[{\"@type\":\"ListItem\",\"position\":1,\"name\":\"Home\",\"item\":\"https:\/\/www.ghostysky.com\/\"},{\"@type\":\"ListItem\",\"position\":2,\"name\":\"Shop\",\"item\":\"https:\/\/www.ghostysky.com\/shop\/\"},{\"@type\":\"ListItem\",\"position\":3,\"name\":\"ATL Oblique Camera for H850\"}]},{\"@type\":\"WebSite\",\"@id\":\"https:\/\/www.ghostysky.com\/#website\",\"url\":\"https:\/\/www.ghostysky.com\/\",\"name\":\"Ghostysky\",\"description\":\"Delivering professional drones and services\",\"publisher\":{\"@id\":\"https:\/\/www.ghostysky.com\/#organization\"},\"potentialAction\":[{\"@type\":\"SearchAction\",\"target\":{\"@type\":\"EntryPoint\",\"urlTemplate\":\"https:\/\/www.ghostysky.com\/?s={search_term_string}\"},\"query-input\":{\"@type\":\"PropertyValueSpecification\",\"valueRequired\":true,\"valueName\":\"search_term_string\"}}],\"inLanguage\":\"es\"},{\"@type\":\"Organization\",\"@id\":\"https:\/\/www.ghostysky.com\/#organization\",\"name\":\"Ghostysky\",\"url\":\"https:\/\/www.ghostysky.com\/\",\"logo\":{\"@type\":\"ImageObject\",\"inLanguage\":\"es\",\"@id\":\"https:\/\/www.ghostysky.com\/#\/schema\/logo\/image\/\",\"url\":\"https:\/\/www.ghostysky.com\/wp-content\/uploads\/2020\/06\/cropped-ghostyskylogo_text_white2.png\",\"contentUrl\":\"https:\/\/www.ghostysky.com\/wp-content\/uploads\/2020\/06\/cropped-ghostyskylogo_text_white2.png\",\"width\":169,\"height\":56,\"caption\":\"Ghostysky\"},\"image\":{\"@id\":\"https:\/\/www.ghostysky.com\/#\/schema\/logo\/image\/\"},\"sameAs\":[\"https:\/\/www.facebook.com\/people\/Ghostysky\/100057676170234\/\",\"https:\/\/x.com\/Gh0stysky\",\"https:\/\/www.linkedin.com\/company\/34739653\",\"https:\/\/www.instagram.com\/gh0stysky\"]}]}<\/script>\n<!-- \/ Yoast SEO plugin. -->","yoast_head_json":{"title":"C\u00e1mara oblicua ATL para H850 -","description":"Con la combinaci\u00f3n topogr\u00e1fica H850-RTK+ATL 102S V3, los top\u00f3grafos tienen la soluci\u00f3n topogr\u00e1fica definitiva al alcance de la mano en t\u00e9rminos de precisi\u00f3n y eficiencia. Gracias a la c\u00e1mara oblicua ATL 102S V3, los top\u00f3grafos ahora pueden capturar y crear modelos 3D de sus objetos de manera m\u00e1s eficiente que nunca.","robots":{"index":"index","follow":"follow","max-snippet":"max-snippet:-1","max-image-preview":"max-image-preview:large","max-video-preview":"max-video-preview:-1"},"canonical":"https:\/\/www.ghostysky.com\/es\/producto-2\/atl-oblique-camera-for-h850\/","og_locale":"es_ES","og_type":"article","og_title":"ATL Oblique Camera for H850 -","og_description":"With H850-RTK+ATL 102S V3 surveying combo, surveyors have the ultimate surveying solution at their fingertips in terms of accuracy and efficiency. Thanks to the ATL 102S V3 oblique camera, surveyors can now capture and create 3D models of their objects more efficiently than ever before.","og_url":"https:\/\/www.ghostysky.com\/es\/producto-2\/atl-oblique-camera-for-h850\/","og_site_name":"Ghostysky","article_publisher":"https:\/\/www.facebook.com\/people\/Ghostysky\/100057676170234\/","article_modified_time":"2023-04-03T19:40:07+00:00","og_image":[{"width":1490,"height":1404,"url":"https:\/\/www.ghostysky.com\/wp-content\/uploads\/2022\/12\/H850-Olique-1.webp","type":"image\/webp"}],"twitter_card":"summary_large_image","twitter_site":"@Gh0stysky","twitter_misc":{"Tiempo de lectura":"3 minutos"},"schema":{"@context":"https:\/\/schema.org","@graph":[{"@type":"WebPage","@id":"https:\/\/www.ghostysky.com\/product\/atl-oblique-camera-for-h850\/","url":"https:\/\/www.ghostysky.com\/product\/atl-oblique-camera-for-h850\/","name":"C\u00e1mara oblicua ATL para H850 -","isPartOf":{"@id":"https:\/\/www.ghostysky.com\/#website"},"primaryImageOfPage":{"@id":"https:\/\/www.ghostysky.com\/product\/atl-oblique-camera-for-h850\/#primaryimage"},"image":{"@id":"https:\/\/www.ghostysky.com\/product\/atl-oblique-camera-for-h850\/#primaryimage"},"thumbnailUrl":"https:\/\/www.ghostysky.com\/wp-content\/uploads\/2022\/12\/H850-Olique-1.webp","datePublished":"2022-12-30T18:29:46+00:00","dateModified":"2023-04-03T19:40:07+00:00","description":"Con la combinaci\u00f3n topogr\u00e1fica H850-RTK+ATL 102S V3, los top\u00f3grafos tienen la soluci\u00f3n topogr\u00e1fica definitiva al alcance de la mano en t\u00e9rminos de precisi\u00f3n y eficiencia. Gracias a la c\u00e1mara oblicua ATL 102S V3, los top\u00f3grafos ahora pueden capturar y crear modelos 3D de sus objetos de manera m\u00e1s eficiente que nunca.","breadcrumb":{"@id":"https:\/\/www.ghostysky.com\/product\/atl-oblique-camera-for-h850\/#breadcrumb"},"inLanguage":"es","potentialAction":[{"@type":"ReadAction","target":["https:\/\/www.ghostysky.com\/product\/atl-oblique-camera-for-h850\/"]}]},{"@type":"ImageObject","inLanguage":"es","@id":"https:\/\/www.ghostysky.com\/product\/atl-oblique-camera-for-h850\/#primaryimage","url":"https:\/\/www.ghostysky.com\/wp-content\/uploads\/2022\/12\/H850-Olique-1.webp","contentUrl":"https:\/\/www.ghostysky.com\/wp-content\/uploads\/2022\/12\/H850-Olique-1.webp","width":1490,"height":1404},{"@type":"BreadcrumbList","@id":"https:\/\/www.ghostysky.com\/product\/atl-oblique-camera-for-h850\/#breadcrumb","itemListElement":[{"@type":"ListItem","position":1,"name":"Home","item":"https:\/\/www.ghostysky.com\/"},{"@type":"ListItem","position":2,"name":"Shop","item":"https:\/\/www.ghostysky.com\/shop\/"},{"@type":"ListItem","position":3,"name":"ATL Oblique Camera for H850"}]},{"@type":"WebSite","@id":"https:\/\/www.ghostysky.com\/#website","url":"https:\/\/www.ghostysky.com\/","name":"Ghostysky","description":"Entrega de drones y servicios profesionales","publisher":{"@id":"https:\/\/www.ghostysky.com\/#organization"},"potentialAction":[{"@type":"SearchAction","target":{"@type":"EntryPoint","urlTemplate":"https:\/\/www.ghostysky.com\/?s={search_term_string}"},"query-input":{"@type":"PropertyValueSpecification","valueRequired":true,"valueName":"search_term_string"}}],"inLanguage":"es"},{"@type":"Organization","@id":"https:\/\/www.ghostysky.com\/#organization","name":"Ghostysky","url":"https:\/\/www.ghostysky.com\/","logo":{"@type":"ImageObject","inLanguage":"es","@id":"https:\/\/www.ghostysky.com\/#\/schema\/logo\/image\/","url":"https:\/\/www.ghostysky.com\/wp-content\/uploads\/2020\/06\/cropped-ghostyskylogo_text_white2.png","contentUrl":"https:\/\/www.ghostysky.com\/wp-content\/uploads\/2020\/06\/cropped-ghostyskylogo_text_white2.png","width":169,"height":56,"caption":"Ghostysky"},"image":{"@id":"https:\/\/www.ghostysky.com\/#\/schema\/logo\/image\/"},"sameAs":["https:\/\/www.facebook.com\/people\/Ghostysky\/100057676170234\/","https:\/\/x.com\/Gh0stysky","https:\/\/www.linkedin.com\/company\/34739653","https:\/\/www.instagram.com\/gh0stysky"]}]}},"_links":{"self":[{"href":"https:\/\/www.ghostysky.com\/es\/wp-json\/wp\/v2\/product\/10609","targetHints":{"allow":["GET"]}}],"collection":[{"href":"https:\/\/www.ghostysky.com\/es\/wp-json\/wp\/v2\/product"}],"about":[{"href":"https:\/\/www.ghostysky.com\/es\/wp-json\/wp\/v2\/types\/product"}],"replies":[{"embeddable":true,"href":"https:\/\/www.ghostysky.com\/es\/wp-json\/wp\/v2\/comments?post=10609"}],"wp:featuredmedia":[{"embeddable":true,"href":"https:\/\/www.ghostysky.com\/es\/wp-json\/wp\/v2\/media\/10612"}],"wp:attachment":[{"href":"https:\/\/www.ghostysky.com\/es\/wp-json\/wp\/v2\/media?parent=10609"}],"wp:term":[{"taxonomy":"product_brand","embeddable":true,"href":"https:\/\/www.ghostysky.com\/es\/wp-json\/wp\/v2\/product_brand?post=10609"},{"taxonomy":"product_cat","embeddable":true,"href":"https:\/\/www.ghostysky.com\/es\/wp-json\/wp\/v2\/product_cat?post=10609"},{"taxonomy":"product_tag","embeddable":true,"href":"https:\/\/www.ghostysky.com\/es\/wp-json\/wp\/v2\/product_tag?post=10609"}],"curies":[{"name":"wp","href":"https:\/\/api.w.org\/{rel}","templated":true}]}}