{"id":10680,"date":"2023-01-18T22:28:25","date_gmt":"2023-01-18T22:28:25","guid":{"rendered":"https:\/\/www.ghostysky.com\/?post_type=product&#038;p=10680"},"modified":"2025-10-14T11:09:47","modified_gmt":"2025-10-14T11:09:47","slug":"owl-drone-parachute-for-dji-m300-rtk","status":"publish","type":"product","link":"https:\/\/www.ghostysky.com\/es\/product\/owl-drone-parachute-for-dji-m300-rtk\/","title":{"rendered":"Paraca\u00eddas de Dron OWL para DJI M300 RTK"},"content":{"rendered":"<div class=\"sc-clIzBv iQyrr pf-19_ pf-r pf-r-eh\" data-pf-type=\"Row\">\n<div class=\"pf-c\">\n<div class=\"sc-gXRojI kCnmwO pf-20_\" data-pf-type=\"Column\">\n<h3 data-pf-type=\"Image\"><a href=\"https:\/\/www.ghostysky.com\/wp-content\/uploads\/2023\/01\/11641783710932-1659668558117.webp\"><img fetchpriority=\"high\" decoding=\"async\" class=\"alignnone wp-image-10686 lazyload\" src=\"data:image\/gif;base64,R0lGODlhAQABAAAAACH5BAEKAAEALAAAAAABAAEAAAICTAEAOw==\" alt=\"\" width=\"500\" height=\"367\" sizes=\"(max-width: 500px) 100vw, 500px\" data-src=\"https:\/\/www.ghostysky.com\/wp-content\/uploads\/2023\/01\/11641783710932-1659668558117.webp\" data-srcset=\"https:\/\/www.ghostysky.com\/wp-content\/uploads\/2023\/01\/11641783710932-1659668558117.webp 960w, https:\/\/www.ghostysky.com\/wp-content\/uploads\/2023\/01\/11641783710932-1659668558117-300x220.webp 300w, https:\/\/www.ghostysky.com\/wp-content\/uploads\/2023\/01\/11641783710932-1659668558117-768x563.webp 768w, https:\/\/www.ghostysky.com\/wp-content\/uploads\/2023\/01\/11641783710932-1659668558117-16x12.webp 16w, https:\/\/www.ghostysky.com\/wp-content\/uploads\/2023\/01\/11641783710932-1659668558117-720x528.webp 720w, https:\/\/www.ghostysky.com\/wp-content\/uploads\/2023\/01\/11641783710932-1659668558117-600x440.webp 600w\"><\/a><\/h3>\n<h3 class=\"sc-iWBNLc NncQz pf-21_\" data-pf-type=\"Image\">Flyfire creando una era de vuelo seguro<\/h3>\n<\/div>\n<\/div>\n<\/div>\n<div class=\"sc-clIzBv iQyrr pf-22_ pf-r pf-r-eh\" data-pf-type=\"Row\">\n<div class=\"pf-c\">\n<div class=\"sc-gXRojI kCnmwO pf-25_\" data-pf-type=\"Column\">\n<p class=\"sc-ehIJor eZpnKY pf-29_\" data-pf-type=\"Paragraph\"><span class=\"sc-BHvUt fJlZte pf-31_\" data-pf-type=\"Text\">Flyfire se enfoca en la seguridad de la aviaci\u00f3n y utiliza tecnolog\u00eda para promover el desarrollo seguro de drones de grado industrial. La nueva generaci\u00f3n de UAV paraca\u00eddas OWL de grado industrial tiene una velocidad de descenso de solo 3,5 m\/s, <\/span><span class=\"sc-BHvUt fJlZte pf-34_\" data-pf-type=\"Text\">redundancia de sensor dual incorporada, acceso a DJI M300 OSDK para obtener datos del sensor UAV en tiempo real, los dos juicios de fusi\u00f3n de datos se utilizan como base para abrir el paraca\u00eddas, lo que duplica la confiabilidad.<\/span><\/p>\n<\/div>\n<\/div>\n<\/div>\n<div class=\"sc-clIzBv iQyrr pf-82_ pf-r pf-r-eh\" data-pf-type=\"Row\">\n<div class=\"pf-c\">\n<div class=\"sc-gXRojI kCnmwO pf-83_\" data-pf-type=\"Column\">\n<p class=\"sc-ehIJor eZpnKY pf-87_\" data-pf-type=\"Paragraph\"><span class=\"sc-BHvUt fJlZte pf-89_\" data-pf-type=\"Text\">OWL est\u00e1 equipado con el algoritmo de seguridad Flyfire y el tiempo de respuesta ante peligros se reduce a 0,5 segundos. En caso de emergencia, el paraca\u00eddas tambi\u00e9n se puede abrir manualmente. La velocidad se estabiliza en 3,5 m por segundo. (peso de prueba 9 kg)<\/span><\/p>\n<p class=\"sc-ehIJor eZpnKY pf-90_\" data-pf-type=\"Paragraph\"><span class=\"sc-BHvUt fJlZte pf-92_\" data-pf-type=\"Text\">Durante el aterrizaje forzoso, el zumbador de alta potencia env\u00eda continuamente un sonido de advertencia de 110 dB para recordar a los peatones en el suelo que eviten y protejan su seguridad.<\/span><\/p>\n<\/div>\n<\/div>\n<\/div>\n<div class=\"sc-clIzBv iQyrr pf-98_ pf-r pf-r-eh\" data-pf-type=\"Row\">\n<div class=\"pf-c\">\n<div class=\"sc-gXRojI kCnmwO pf-101_\" data-pf-type=\"Column\">\n<h3 class=\"sc-ehIJor eZpnKY pf-102_\" data-pf-type=\"Paragraph\"><span class=\"sc-BHvUt fJlZte pf-104_\" data-pf-type=\"Text\">F\u00e1cil instalaci\u00f3n<\/span><\/h3>\n<p class=\"sc-ehIJor eZpnKY pf-105_\" data-pf-type=\"Paragraph\"><span class=\"sc-BHvUt fJlZte pf-107_\" data-pf-type=\"Text\">Instale OWL, retire los tornillos del brazo M300 (consulte el tutorial de instalaci\u00f3n manual para obtener detalles) y use los tornillos de reemplazo OWL para instalar el estante inferior en su lugar en solo 50 segundos (no es necesario desarmar el estante inferior), que combina perfectamente el dron DJI M300,<\/span><\/p>\n<p class=\"sc-ehIJor eZpnKY pf-108_\" data-pf-type=\"Paragraph\"><span class=\"sc-BHvUt fJlZte pf-110_\" data-pf-type=\"Text\">\u00a0Despu\u00e9s de quitar el contenedor del paraca\u00eddas, la rejilla inferior no afectar\u00e1 el plegado de la aeronave. Al usar oWL, puede instalar el contenedor de paraca\u00eddas en solo tres pasos, sin necesidad de esperar, y jugar de inmediato.<\/span><\/p>\n<p data-pf-type=\"Paragraph\"><a href=\"https:\/\/www.ghostysky.com\/wp-content\/uploads\/2023\/01\/11641884113555-1659669914636.webp\"><img decoding=\"async\" class=\"alignnone wp-image-10685 size-full lazyload\" src=\"data:image\/gif;base64,R0lGODlhAQABAAAAACH5BAEKAAEALAAAAAABAAEAAAICTAEAOw==\" alt=\"\" width=\"1233\" height=\"560\" sizes=\"(max-width: 1233px) 100vw, 1233px\" data-src=\"https:\/\/www.ghostysky.com\/wp-content\/uploads\/2023\/01\/11641884113555-1659669914636.webp\" data-srcset=\"https:\/\/www.ghostysky.com\/wp-content\/uploads\/2023\/01\/11641884113555-1659669914636.webp 1233w, https:\/\/www.ghostysky.com\/wp-content\/uploads\/2023\/01\/11641884113555-1659669914636-300x136.webp 300w, https:\/\/www.ghostysky.com\/wp-content\/uploads\/2023\/01\/11641884113555-1659669914636-1024x465.webp 1024w, https:\/\/www.ghostysky.com\/wp-content\/uploads\/2023\/01\/11641884113555-1659669914636-768x349.webp 768w, https:\/\/www.ghostysky.com\/wp-content\/uploads\/2023\/01\/11641884113555-1659669914636-18x8.webp 18w, https:\/\/www.ghostysky.com\/wp-content\/uploads\/2023\/01\/11641884113555-1659669914636-720x327.webp 720w, https:\/\/www.ghostysky.com\/wp-content\/uploads\/2023\/01\/11641884113555-1659669914636-600x273.webp 600w\"><\/a><\/p>\n<\/div>\n<\/div>\n<\/div>\n<div class=\"sc-clIzBv iQyrr pf-111_ pf-r pf-r-eh\" data-pf-type=\"Row\">\n<div class=\"pf-c\">\n<div class=\"sc-gXRojI kCnmwO pf-112_\" data-pf-type=\"Column\">\n<h3 class=\"sc-ehIJor eZpnKY pf-113_\" data-pf-type=\"Paragraph\"><span class=\"sc-BHvUt fJlZte pf-115_\" data-pf-type=\"Text\">Confiabilidad ultra alta<\/span><\/h3>\n<h4 class=\"sc-ehIJor eZpnKY pf-116_\" data-pf-type=\"Paragraph\"><span class=\"sc-BHvUt fJlZte pf-118_\" data-pf-type=\"Text\">Bar\u00f3metro dual IMU dual<\/span><\/h4>\n<h4 class=\"sc-ehIJor eZpnKY pf-119_\" data-pf-type=\"Paragraph\"><span class=\"sc-BHvUt fJlZte pf-121_\" data-pf-type=\"Text\">Fusionar autom\u00e1ticamente los datos del sensor de vuelo M300<\/span><\/h4>\n<p class=\"sc-ehIJor eZpnKY pf-122_\" data-pf-type=\"Paragraph\"><span class=\"sc-BHvUt fJlZte pf-124_\" data-pf-type=\"Text\">El importante hardware del sensor de OWL es un dise\u00f1o de doble redundancia, y el algoritmo de seguridad Flyfire integra a la perfecci\u00f3n los datos de percepci\u00f3n ambiental de DJI y sus propios datos del sensor. Una vez que ocurre una situaci\u00f3n peligrosa, OWL puede identificar y enviar r\u00e1pidamente las instrucciones de apertura del paraca\u00eddas y suspensi\u00f3n del dron en 0,5 segundos para proteger al personal de tierra y la seguridad de la propiedad.<\/span><\/p>\n<\/div>\n<\/div>\n<\/div>\n<div class=\"sc-clIzBv iQyrr pf-127_ pf-r pf-r-eh\" data-pf-type=\"Row\">\n<div class=\"pf-c\">\n<div class=\"sc-gXRojI kCnmwO pf-130_\" data-pf-type=\"Column\">\n<h3 class=\"sc-ehIJor eZpnKY pf-131_\" data-pf-type=\"Paragraph\"><span class=\"sc-BHvUt fJlZte pf-133_\" data-pf-type=\"Text\">Ligero y resistente al viento.<\/span><\/h3>\n<p class=\"sc-ehIJor eZpnKY pf-134_\" data-pf-type=\"Paragraph\"><span class=\"sc-BHvUt fJlZte pf-136_\" data-pf-type=\"Text\">Gracias al uso de materiales de ingenier\u00eda ABS y materiales met\u00e1licos 7075- -T6 (sn) por parte de los ingenieros de Flyfire,<\/span><\/p>\n<p class=\"sc-ehIJor eZpnKY pf-137_\" data-pf-type=\"Paragraph\"><span class=\"sc-BHvUt fJlZte pf-139_\" data-pf-type=\"Text\">La m\u00e1xima resistencia estructural y el rendimiento \u00f3ptimo se logran cuando la calidad del producto es la m\u00e1s peque\u00f1a (800 g). El impacto de la duraci\u00f3n de la bater\u00eda del M300 es de solo 4 minutos y 15 segundos.<\/span><\/p>\n<p class=\"sc-ehIJor eZpnKY pf-140_\" data-pf-type=\"Paragraph\"><span class=\"sc-BHvUt fJlZte pf-142_\" data-pf-type=\"Text\">La base est\u00e1 reforzada con tablero de fibra de carbono, que es m\u00e1s liviano y de estructura m\u00e1s fuerte. Protege OWL y DJI M300 al momento de abrir el paraguas.<\/span><\/p>\n<\/div>\n<\/div>\n<\/div>\n<div class=\"sc-clIzBv iQyrr pf-143_ pf-r pf-r-eh\" data-pf-type=\"Row\">\n<div class=\"pf-c\">\n<div class=\"sc-gXRojI kCnmwO pf-144_\" data-pf-type=\"Column\">\n<p class=\"sc-ehIJor eZpnKY pf-145_\" data-pf-type=\"Paragraph\"><span class=\"sc-BHvUt fJlZte pf-147_\" data-pf-type=\"Text\">El dise\u00f1o de apariencia fluida reduce efectivamente la resistencia al viento y reduce la p\u00e9rdida de resistencia adicional causada por usar OWL durante la operaci\u00f3n. Se adapta completamente a la parte posterior del DJI M300, vuela sin problemas y no afecta todas las funciones de la carga inferior.<\/span><\/p>\n<\/div>\n<\/div>\n<\/div>\n<div class=\"sc-clIzBv iQyrr pf-148_ pf-r pf-r-eh\" data-pf-type=\"Row\">\n<div class=\"pf-c\">\n<div class=\"sc-gXRojI kCnmwO pf-149_\" data-pf-type=\"Column\">\n<h3 class=\"sc-ehIJor eZpnKY pf-150_\" data-pf-type=\"Paragraph\"><span class=\"sc-BHvUt fJlZte pf-152_\" data-pf-type=\"Text\">IPX5<\/span><\/h3>\n<p class=\"sc-ehIJor eZpnKY pf-153_\" data-pf-type=\"Paragraph\"><strong><span class=\"sc-BHvUt fJlZte pf-155_\" data-pf-type=\"Text\">Sin mantenimiento durante 2 a\u00f1os<\/span><\/strong><\/p>\n<p class=\"sc-ehIJor eZpnKY pf-156_\" data-pf-type=\"Paragraph\"><span class=\"sc-BHvUt fJlZte pf-158_\" data-pf-type=\"Text\">OWL tiene una estructura de contenedor de paraca\u00eddas completamente sellada, y toda la m\u00e1quina tiene un nivel de protecci\u00f3n IPX5, que no le teme al polvo ni a la lluvia. El contenedor de paraca\u00eddas tiene un sistema de monitoreo ambiental incorporado para monitorear la temperatura interna y la humedad del contenedor de paraca\u00eddas todo el tiempo. En circunstancias normales, no requiere mantenimiento durante 2 a\u00f1os, lo que constituye un respaldo s\u00f3lido para su vuelo.<\/span><\/p>\n<p data-pf-type=\"Paragraph\">\n<\/div>\n<div class=\"sc-clIzBv iQyrr pf-195_ pf-r pf-r-eh\" data-pf-type=\"Row\">\n<div class=\"pf-c\">\n<div class=\"sc-gXRojI kCnmwO pf-196_\" data-pf-type=\"Column\">\n<div class=\"sc-lhMiDA hoDxgx pf-197_ pf-table-default\" data-pf-type=\"Table\">\n<table>\n<tbody>\n<tr>\n<th class=\"A1\">Solicitud<\/th>\n<th class=\"B1\">Matriz 300 RTK<\/th>\n<\/tr>\n<tr>\n<td class=\"A2\">Peso NETO<\/td>\n<td class=\"B2\">800g<\/td>\n<\/tr>\n<tr>\n<td class=\"A3\">Volumen<\/td>\n<td class=\"B3\">19dm\u00b2<\/td>\n<\/tr>\n<tr>\n<td class=\"A4\">\u00c1rea de tejido de paraca\u00eddas<\/td>\n<td class=\"B4\">7,29m\u00b2<\/td>\n<\/tr>\n<tr>\n<td class=\"A5\">Altura m\u00ednima de apertura del paraca\u00eddas<\/td>\n<td class=\"B5\">20m (Solo cuando la altura supere los 20m se activar\u00e1 la funci\u00f3n de apertura del paraca\u00eddas.)<\/td>\n<\/tr>\n<tr>\n<td class=\"A6\">Carga est\u00e1ndar<\/td>\n<td class=\"B6\">9 kg (La reducci\u00f3n de velocidad est\u00e1 asegurada con una carga de 3-4 m\/s)<\/td>\n<\/tr>\n<tr>\n<td class=\"A7\">Carga m\u00e1xima<\/td>\n<td class=\"B7\">9 kg (superar los 9 kg puede causar da\u00f1os estructurales al paraca\u00eddas)<\/td>\n<\/tr>\n<tr>\n<td class=\"A8\">Grado de protecci\u00f3n<\/td>\n<td class=\"B8\">IP45<\/td>\n<\/tr>\n<tr>\n<td class=\"A9\">Temperatura de trabajo<\/td>\n<td class=\"B9\">-20 \u2103 ~ 50 \u2103<\/td>\n<\/tr>\n<tr>\n<td class=\"A10\">Altitud de trabajo<\/td>\n<td class=\"B10\">\u22643500m<\/td>\n<\/tr>\n<tr>\n<td class=\"A11\">Tiempo de reacci\u00f3n<\/td>\n<td class=\"B11\">500ms~700ms<\/td>\n<\/tr>\n<tr>\n<td class=\"A12\">Distancia de reacci\u00f3n<\/td>\n<td class=\"B12\">8,59 m~20,96 m<\/td>\n<\/tr>\n<tr>\n<td class=\"A13\">Clasificaci\u00f3n de la resistencia al viento<\/td>\n<td class=\"B13\">Nivel 7<\/td>\n<\/tr>\n<tr>\n<td class=\"A14\">La velocidad de bajada<\/td>\n<td class=\"B14\">3 m\/s-4,5 m\/s, puede proteger eficazmente la seguridad de aterrizaje de los aviones<\/td>\n<\/tr>\n<tr>\n<td class=\"A15\">Duraci\u00f3n del vuelo<\/td>\n<td class=\"B15\">1h, incluso si el avi\u00f3n pierde potencia repentinamente, OWL a\u00fan puede volar durante una hora<\/td>\n<\/tr>\n<tr>\n<td class=\"A16\">Capacidad de la bater\u00eda de la placa base<\/td>\n<td class=\"B16\">210mA<\/td>\n<\/tr>\n<tr>\n<td class=\"A17\">Capacidad de la tarjeta TF de la placa base<\/td>\n<td class=\"B17\">16G, la tarjeta de memoria de alta capacidad puede grabar un vuelo de una hora 100 veces y grabar cada vuelo en tiempo real<\/td>\n<\/tr>\n<tr>\n<td class=\"A18\">Cable de fecha de control remoto<\/td>\n<td class=\"B18\">OSDK<\/td>\n<\/tr>\n<\/tbody>\n<\/table>\n<\/div>\n<\/div>\n<\/div>\n<\/div>\n<div class=\"sc-clIzBv iQyrr pf-198_ pf-r pf-r-eh\" data-pf-type=\"Row\">\n<div class=\"pf-c\">\n<div class=\"sc-gXRojI kCnmwO pf-199_\" data-pf-type=\"Column\">\n<p class=\"sc-ehIJor eZpnKY pf-200_\" data-pf-type=\"Paragraph\"><strong><span class=\"sc-BHvUt fJlZte pf-202_\" data-pf-type=\"Text\">Grupo<\/span><\/strong><\/p>\n<div class=\"sc-lhMiDA hoDxgx pf-203_ pf-table-default\" data-pf-type=\"Table\">\n<table>\n<tbody>\n<tr>\n<th class=\"A1\">Frecuencia de trabajo<\/th>\n<th class=\"B1\">430-432MHz, 433-434.79MHz<\/th>\n<\/tr>\n<tr>\n<td class=\"A2\">Distancia m\u00e1xima de se\u00f1al omnidireccional (sin interferencia, sin oclusi\u00f3n)<\/td>\n<td class=\"B2\">SRRC\uff1a320m<\/td>\n<\/tr>\n<tr>\n<td class=\"A3\">Potencia de transmisi\u00f3n<\/td>\n<td class=\"B3\">10 mW<\/td>\n<\/tr>\n<tr>\n<td class=\"A4\">Interfaz de entrada<\/td>\n<td class=\"B4\">Tipo-C<\/td>\n<\/tr>\n<tr>\n<td class=\"A5\">Tensi\u00f3n\/corriente de funcionamiento<\/td>\n<td class=\"B5\">5V\/1.5A(Corriente M\u00e1xima Instant\u00e1nea)<\/td>\n<\/tr>\n<\/tbody>\n<\/table>\n<\/div>\n<\/div>\n<\/div>\n<\/div>\n<\/div>\n<div class=\"pf-c\">\n<div class=\"sc-gXRojI kCnmwO pf-159_\" data-pf-type=\"Column\">\n<div class=\"sc-iWBNLc NncQz pf-160_\" data-pf-type=\"Image\"><\/div>\n<\/div>\n<\/div>\n<\/div>\n<div class=\"sc-clIzBv iQyrr pf-178_ pf-r pf-r-eh\" data-pf-type=\"Row\">\n<div class=\"pf-c\">\n<div class=\"sc-gXRojI kCnmwO pf-179_\" data-pf-type=\"Column\"><\/div>\n<\/div>\n<\/div>\n<div class=\"sc-clIzBv iQyrr pf-186_ pf-r pf-r-eh\" data-pf-type=\"Row\">\n<div class=\"pf-c\">\n<div class=\"sc-gXRojI kCnmwO pf-187_\" data-pf-type=\"Column\">\n<div class=\"sc-iWBNLc NncQz pf-188_\" data-pf-type=\"Image\"><\/div>\n<\/div>\n<\/div>\n<\/div>","protected":false},"excerpt":{"rendered":"<p>OWL M300 RTK (Versi\u00f3n est\u00e1ndar)<\/p>\n<ul>\n<li>El zumbador de alta potencia emite continuamente 110 dB durante el aterrizaje forzoso<\/li>\n<li>\n<div>Instalaci\u00f3n r\u00e1pida, combina perfectamente con el dron DJI M300<\/div>\n<\/li>\n<li>\n<div>Fiabilidad ultraalta, bar\u00f3metro dual IMU dual<\/div>\n<\/li>\n<li>\n<div>Ligero y resistente al viento, reduciendo efectivamente el coeficiente de resistencia al viento<\/div>\n<\/li>\n<li style=\"text-align: left;\"><span class=\"text-only\" data-eleid=\"12\">Modelo adecuado: Dji Matrice 300 RTK<\/span><\/li>\n<\/ul>","protected":false},"featured_media":10681,"comment_status":"open","ping_status":"closed","template":"","meta":[],"product_brand":[],"product_cat":[461,462],"product_tag":[464,465,463,467],"class_list":{"0":"post-10680","1":"product","2":"type-product","3":"status-publish","4":"has-post-thumbnail","6":"product_cat-accessories-2","7":"product_cat-flyfire-parachutes","8":"product_tag-flyfire","9":"product_tag-m300","10":"product_tag-parachute","11":"product_tag-standard-version","13":"first","14":"onbackorder","15":"taxable","16":"shipping-taxable","17":"product-type-simple"},"yoast_head":"<!-- This site is optimized with the Yoast SEO plugin v27.1.1 - https:\/\/yoast.com\/product\/yoast-seo-wordpress\/ -->\n<title>OWL Drone Parachute For DJI M300 RTK -<\/title>\n<meta name=\"description\" content=\"OWL M300 RTK (Standard Version)The high-power buzzer continuously emits 110DB during forced landingQuick installation, Perfectly match with DJI M300 drone\" \/>\n<meta name=\"robots\" content=\"index, follow, max-snippet:-1, max-image-preview:large, max-video-preview:-1\" \/>\n<link rel=\"canonical\" href=\"https:\/\/www.ghostysky.com\/es\/producto-2\/owl-drone-parachute-for-dji-m300-rtk\/\" \/>\n<meta property=\"og:locale\" content=\"es_ES\" \/>\n<meta property=\"og:type\" content=\"article\" \/>\n<meta property=\"og:title\" content=\"OWL Drone Parachute For DJI M300 RTK -\" \/>\n<meta property=\"og:description\" content=\"OWL M300 RTK (Standard Version)The high-power buzzer continuously emits 110DB during forced landingQuick installation, Perfectly match with DJI M300 drone\" \/>\n<meta property=\"og:url\" content=\"https:\/\/www.ghostysky.com\/es\/producto-2\/owl-drone-parachute-for-dji-m300-rtk\/\" \/>\n<meta property=\"og:site_name\" content=\"Ghostysky\" \/>\n<meta property=\"article:publisher\" content=\"https:\/\/www.facebook.com\/people\/Ghostysky\/100057676170234\/\" \/>\n<meta property=\"article:modified_time\" content=\"2025-10-14T11:09:47+00:00\" \/>\n<meta property=\"og:image\" content=\"https:\/\/www.ghostysky.com\/wp-content\/uploads\/2023\/01\/Flydire-m300-1.webp\" \/>\n\t<meta property=\"og:image:width\" content=\"1000\" \/>\n\t<meta property=\"og:image:height\" content=\"1000\" \/>\n\t<meta property=\"og:image:type\" content=\"image\/webp\" \/>\n<meta name=\"twitter:card\" content=\"summary_large_image\" \/>\n<meta name=\"twitter:site\" content=\"@Gh0stysky\" \/>\n<meta name=\"twitter:label1\" content=\"Tiempo de lectura\" \/>\n\t<meta name=\"twitter:data1\" content=\"4 minutos\" \/>\n<script type=\"application\/ld+json\" class=\"yoast-schema-graph\">{\"@context\":\"https:\/\/schema.org\",\"@graph\":[{\"@type\":\"WebPage\",\"@id\":\"https:\/\/www.ghostysky.com\/product\/owl-drone-parachute-for-dji-m300-rtk\/\",\"url\":\"https:\/\/www.ghostysky.com\/product\/owl-drone-parachute-for-dji-m300-rtk\/\",\"name\":\"OWL Drone Parachute For DJI M300 RTK -\",\"isPartOf\":{\"@id\":\"https:\/\/www.ghostysky.com\/#website\"},\"primaryImageOfPage\":{\"@id\":\"https:\/\/www.ghostysky.com\/product\/owl-drone-parachute-for-dji-m300-rtk\/#primaryimage\"},\"image\":{\"@id\":\"https:\/\/www.ghostysky.com\/product\/owl-drone-parachute-for-dji-m300-rtk\/#primaryimage\"},\"thumbnailUrl\":\"https:\/\/www.ghostysky.com\/wp-content\/uploads\/2023\/01\/Flydire-m300-1.webp\",\"datePublished\":\"2023-01-18T22:28:25+00:00\",\"dateModified\":\"2025-10-14T11:09:47+00:00\",\"description\":\"OWL M300 RTK (Standard Version)The high-power buzzer continuously emits 110DB during forced landingQuick installation, Perfectly match with DJI M300 drone\",\"breadcrumb\":{\"@id\":\"https:\/\/www.ghostysky.com\/product\/owl-drone-parachute-for-dji-m300-rtk\/#breadcrumb\"},\"inLanguage\":\"es\",\"potentialAction\":[{\"@type\":\"ReadAction\",\"target\":[\"https:\/\/www.ghostysky.com\/product\/owl-drone-parachute-for-dji-m300-rtk\/\"]}]},{\"@type\":\"ImageObject\",\"inLanguage\":\"es\",\"@id\":\"https:\/\/www.ghostysky.com\/product\/owl-drone-parachute-for-dji-m300-rtk\/#primaryimage\",\"url\":\"https:\/\/www.ghostysky.com\/wp-content\/uploads\/2023\/01\/Flydire-m300-1.webp\",\"contentUrl\":\"https:\/\/www.ghostysky.com\/wp-content\/uploads\/2023\/01\/Flydire-m300-1.webp\",\"width\":1000,\"height\":1000},{\"@type\":\"BreadcrumbList\",\"@id\":\"https:\/\/www.ghostysky.com\/product\/owl-drone-parachute-for-dji-m300-rtk\/#breadcrumb\",\"itemListElement\":[{\"@type\":\"ListItem\",\"position\":1,\"name\":\"Home\",\"item\":\"https:\/\/www.ghostysky.com\/\"},{\"@type\":\"ListItem\",\"position\":2,\"name\":\"Shop\",\"item\":\"https:\/\/www.ghostysky.com\/shop\/\"},{\"@type\":\"ListItem\",\"position\":3,\"name\":\"OWL Drone Parachute For DJI M300 RTK\"}]},{\"@type\":\"WebSite\",\"@id\":\"https:\/\/www.ghostysky.com\/#website\",\"url\":\"https:\/\/www.ghostysky.com\/\",\"name\":\"Ghostysky\",\"description\":\"Delivering professional drones and services\",\"publisher\":{\"@id\":\"https:\/\/www.ghostysky.com\/#organization\"},\"potentialAction\":[{\"@type\":\"SearchAction\",\"target\":{\"@type\":\"EntryPoint\",\"urlTemplate\":\"https:\/\/www.ghostysky.com\/?s={search_term_string}\"},\"query-input\":{\"@type\":\"PropertyValueSpecification\",\"valueRequired\":true,\"valueName\":\"search_term_string\"}}],\"inLanguage\":\"es\"},{\"@type\":\"Organization\",\"@id\":\"https:\/\/www.ghostysky.com\/#organization\",\"name\":\"Ghostysky\",\"url\":\"https:\/\/www.ghostysky.com\/\",\"logo\":{\"@type\":\"ImageObject\",\"inLanguage\":\"es\",\"@id\":\"https:\/\/www.ghostysky.com\/#\/schema\/logo\/image\/\",\"url\":\"https:\/\/www.ghostysky.com\/wp-content\/uploads\/2020\/06\/cropped-ghostyskylogo_text_white2.png\",\"contentUrl\":\"https:\/\/www.ghostysky.com\/wp-content\/uploads\/2020\/06\/cropped-ghostyskylogo_text_white2.png\",\"width\":169,\"height\":56,\"caption\":\"Ghostysky\"},\"image\":{\"@id\":\"https:\/\/www.ghostysky.com\/#\/schema\/logo\/image\/\"},\"sameAs\":[\"https:\/\/www.facebook.com\/people\/Ghostysky\/100057676170234\/\",\"https:\/\/x.com\/Gh0stysky\",\"https:\/\/www.linkedin.com\/company\/34739653\",\"https:\/\/www.instagram.com\/gh0stysky\"]}]}<\/script>\n<!-- \/ Yoast SEO plugin. -->","yoast_head_json":{"title":"Paraca\u00eddas para drones OWL para DJI M300 RTK -","description":"OWL M300 RTK (versi\u00f3n est\u00e1ndar) El zumbador de alta potencia emite continuamente 110 dB durante el aterrizaje forzoso Instalaci\u00f3n r\u00e1pida, combina perfectamente con el dron DJI M300","robots":{"index":"index","follow":"follow","max-snippet":"max-snippet:-1","max-image-preview":"max-image-preview:large","max-video-preview":"max-video-preview:-1"},"canonical":"https:\/\/www.ghostysky.com\/es\/producto-2\/owl-drone-parachute-for-dji-m300-rtk\/","og_locale":"es_ES","og_type":"article","og_title":"OWL Drone Parachute For DJI M300 RTK -","og_description":"OWL M300 RTK (Standard Version)The high-power buzzer continuously emits 110DB during forced landingQuick installation, Perfectly match with DJI M300 drone","og_url":"https:\/\/www.ghostysky.com\/es\/producto-2\/owl-drone-parachute-for-dji-m300-rtk\/","og_site_name":"Ghostysky","article_publisher":"https:\/\/www.facebook.com\/people\/Ghostysky\/100057676170234\/","article_modified_time":"2025-10-14T11:09:47+00:00","og_image":[{"width":1000,"height":1000,"url":"https:\/\/www.ghostysky.com\/wp-content\/uploads\/2023\/01\/Flydire-m300-1.webp","type":"image\/webp"}],"twitter_card":"summary_large_image","twitter_site":"@Gh0stysky","twitter_misc":{"Tiempo de lectura":"4 minutos"},"schema":{"@context":"https:\/\/schema.org","@graph":[{"@type":"WebPage","@id":"https:\/\/www.ghostysky.com\/product\/owl-drone-parachute-for-dji-m300-rtk\/","url":"https:\/\/www.ghostysky.com\/product\/owl-drone-parachute-for-dji-m300-rtk\/","name":"Paraca\u00eddas para drones OWL para DJI M300 RTK -","isPartOf":{"@id":"https:\/\/www.ghostysky.com\/#website"},"primaryImageOfPage":{"@id":"https:\/\/www.ghostysky.com\/product\/owl-drone-parachute-for-dji-m300-rtk\/#primaryimage"},"image":{"@id":"https:\/\/www.ghostysky.com\/product\/owl-drone-parachute-for-dji-m300-rtk\/#primaryimage"},"thumbnailUrl":"https:\/\/www.ghostysky.com\/wp-content\/uploads\/2023\/01\/Flydire-m300-1.webp","datePublished":"2023-01-18T22:28:25+00:00","dateModified":"2025-10-14T11:09:47+00:00","description":"OWL M300 RTK (versi\u00f3n est\u00e1ndar) El zumbador de alta potencia emite continuamente 110 dB durante el aterrizaje forzoso Instalaci\u00f3n r\u00e1pida, combina perfectamente con el dron DJI M300","breadcrumb":{"@id":"https:\/\/www.ghostysky.com\/product\/owl-drone-parachute-for-dji-m300-rtk\/#breadcrumb"},"inLanguage":"es","potentialAction":[{"@type":"ReadAction","target":["https:\/\/www.ghostysky.com\/product\/owl-drone-parachute-for-dji-m300-rtk\/"]}]},{"@type":"ImageObject","inLanguage":"es","@id":"https:\/\/www.ghostysky.com\/product\/owl-drone-parachute-for-dji-m300-rtk\/#primaryimage","url":"https:\/\/www.ghostysky.com\/wp-content\/uploads\/2023\/01\/Flydire-m300-1.webp","contentUrl":"https:\/\/www.ghostysky.com\/wp-content\/uploads\/2023\/01\/Flydire-m300-1.webp","width":1000,"height":1000},{"@type":"BreadcrumbList","@id":"https:\/\/www.ghostysky.com\/product\/owl-drone-parachute-for-dji-m300-rtk\/#breadcrumb","itemListElement":[{"@type":"ListItem","position":1,"name":"Home","item":"https:\/\/www.ghostysky.com\/"},{"@type":"ListItem","position":2,"name":"Shop","item":"https:\/\/www.ghostysky.com\/shop\/"},{"@type":"ListItem","position":3,"name":"OWL Drone Parachute For DJI M300 RTK"}]},{"@type":"WebSite","@id":"https:\/\/www.ghostysky.com\/#website","url":"https:\/\/www.ghostysky.com\/","name":"Ghostysky","description":"Entrega de drones y servicios profesionales","publisher":{"@id":"https:\/\/www.ghostysky.com\/#organization"},"potentialAction":[{"@type":"SearchAction","target":{"@type":"EntryPoint","urlTemplate":"https:\/\/www.ghostysky.com\/?s={search_term_string}"},"query-input":{"@type":"PropertyValueSpecification","valueRequired":true,"valueName":"search_term_string"}}],"inLanguage":"es"},{"@type":"Organization","@id":"https:\/\/www.ghostysky.com\/#organization","name":"Ghostysky","url":"https:\/\/www.ghostysky.com\/","logo":{"@type":"ImageObject","inLanguage":"es","@id":"https:\/\/www.ghostysky.com\/#\/schema\/logo\/image\/","url":"https:\/\/www.ghostysky.com\/wp-content\/uploads\/2020\/06\/cropped-ghostyskylogo_text_white2.png","contentUrl":"https:\/\/www.ghostysky.com\/wp-content\/uploads\/2020\/06\/cropped-ghostyskylogo_text_white2.png","width":169,"height":56,"caption":"Ghostysky"},"image":{"@id":"https:\/\/www.ghostysky.com\/#\/schema\/logo\/image\/"},"sameAs":["https:\/\/www.facebook.com\/people\/Ghostysky\/100057676170234\/","https:\/\/x.com\/Gh0stysky","https:\/\/www.linkedin.com\/company\/34739653","https:\/\/www.instagram.com\/gh0stysky"]}]}},"_links":{"self":[{"href":"https:\/\/www.ghostysky.com\/es\/wp-json\/wp\/v2\/product\/10680","targetHints":{"allow":["GET"]}}],"collection":[{"href":"https:\/\/www.ghostysky.com\/es\/wp-json\/wp\/v2\/product"}],"about":[{"href":"https:\/\/www.ghostysky.com\/es\/wp-json\/wp\/v2\/types\/product"}],"replies":[{"embeddable":true,"href":"https:\/\/www.ghostysky.com\/es\/wp-json\/wp\/v2\/comments?post=10680"}],"wp:featuredmedia":[{"embeddable":true,"href":"https:\/\/www.ghostysky.com\/es\/wp-json\/wp\/v2\/media\/10681"}],"wp:attachment":[{"href":"https:\/\/www.ghostysky.com\/es\/wp-json\/wp\/v2\/media?parent=10680"}],"wp:term":[{"taxonomy":"product_brand","embeddable":true,"href":"https:\/\/www.ghostysky.com\/es\/wp-json\/wp\/v2\/product_brand?post=10680"},{"taxonomy":"product_cat","embeddable":true,"href":"https:\/\/www.ghostysky.com\/es\/wp-json\/wp\/v2\/product_cat?post=10680"},{"taxonomy":"product_tag","embeddable":true,"href":"https:\/\/www.ghostysky.com\/es\/wp-json\/wp\/v2\/product_tag?post=10680"}],"curies":[{"name":"wp","href":"https:\/\/api.w.org\/{rel}","templated":true}]}}