{"id":10721,"date":"2023-01-18T23:27:31","date_gmt":"2023-01-18T23:27:31","guid":{"rendered":"https:\/\/www.ghostysky.com\/?post_type=product&#038;p=10721"},"modified":"2025-10-14T11:09:00","modified_gmt":"2025-10-14T11:09:00","slug":"owl-drone-parachute-for-dji-matrice-30-30t-series-suit","status":"publish","type":"product","link":"https:\/\/www.ghostysky.com\/es\/product\/owl-drone-parachute-for-dji-matrice-30-30t-series-suit\/","title":{"rendered":"Paraca\u00eddas de Dron OWL para la serie DJI Matrice 30\/30T (traje)"},"content":{"rendered":"<h3 data-pf-type=\"Paragraph\"><a href=\"https:\/\/www.ghostysky.com\/wp-content\/uploads\/2023\/01\/m30-1663572021452.webp\"><img fetchpriority=\"high\" decoding=\"async\" class=\"alignnone wp-image-10702 size-large lazyload\" src=\"datos:imagen\/gif;base64,R0lGODlhAQABAAAAACH5BAEKAAEALAAAAAABAAEAAAICTAEAOw==\" alt=\"\" width=\"1024\" height=\"347\" sizes=\"(max-width: 1024px) 100vw, 1024px\" data-src=\"datos:imagen\/gif;base64,R0lGODlhAQABAAAAACH5BAEKAAEALAAAAAABAAEAAAICTAEAOw==\" data-srcset=\"\" srcset=\"\"><\/a><\/h3>\n<h3 class=\"sc-ehIJor eZpnKY pf-153_\" data-pf-type=\"Paragraph\"><span class=\"sc-BHvUt fJlZte pf-155_\" data-pf-type=\"Text\">SISTEMA DE PARACAIDAS INDUSTRIAL<\/span><\/h3>\n<p class=\"sc-ehIJor eZpnKY pf-156_\" data-pf-type=\"Paragraph\"><span class=\"sc-BHvUt fJlZte pf-158_\" data-pf-type=\"Text\">Paraca\u00eddas de dron OWL-M30, con control de vuelo Interacci\u00f3n SDK a bordo, mejora la conciencia situacional de seguridad de vuelo, dise\u00f1o redundante de sensores importantes,\u00a0<\/span><span class=\"sc-BHvUt fJlZte pf-256_\" data-pf-type=\"Text\">Estructura de montaje r\u00e1pido y h\u00e9lice de parada de emergencia APS. Sistema de apertura del paraca\u00eddas. \u00a1En caso de emergencia! Detenga la h\u00e9lice, abra el paraca\u00eddas y caiga lentamente para proteger la seguridad del vuelo.<\/span><\/p>\n<h3 class=\"sc-ehIJor eZpnKY pf-165_\" data-pf-type=\"Paragraph\"><span class=\"sc-BHvUt fJlZte pf-167_\" data-pf-type=\"Text\">ALGORITMO DE FUSI\u00d3N COMBINADO EN UNO<\/span><\/h3>\n<p class=\"sc-ehIJor eZpnKY pf-168_\" data-pf-type=\"Paragraph\"><span class=\"sc-BHvUt fJlZte pf-170_\" data-pf-type=\"Text\">Integraci\u00f3n profunda basada en la interfaz PSDK de control de vuelo, combinada con el sistema de seguridad Flyfire APS, interacci\u00f3n bidireccional para mejorar la percepci\u00f3n de accidentes de vuelo.\u00a0<\/span><\/p>\n<p class=\"sc-ehIJor eZpnKY pf-260_\" data-pf-type=\"Paragraph\"><span class=\"sc-BHvUt fJlZte pf-259_\" data-pf-type=\"Text\">En un instante, obtenga una idea de la situaci\u00f3n general. Durante el vuelo, el sistema de paraca\u00eddas interact\u00faa con los datos del dron en tiempo real, se fusiona y juzga con sus propios datos del sensor en momentos cr\u00edticos, percibe de manera integral el estado de vuelo del dron y garantiza una alta probabilidad de rescate.<\/span><\/p>\n<h3 class=\"sc-ehIJor eZpnKY pf-173_\" data-pf-type=\"Paragraph\"><span class=\"sc-BHvUt fJlZte pf-175_\" data-pf-type=\"Text\">REDUNDANCIA DE SENSORES SOLO POR SEGURIDAD<\/span><\/h3>\n<p class=\"sc-ehIJor eZpnKY pf-176_\" data-pf-type=\"Paragraph\"><span class=\"sc-BHvUt fJlZte pf-178_\" data-pf-type=\"Text\">El sensor de paraca\u00eddas OWl-M30 adopta un dise\u00f1o redundante para hacer frente a varios accidentes. Cuando un grupo de sensores falla, el otro grupo de sensores se puede conectar sin problemas al mismo tiempo para complementar los datos e identificar con precisi\u00f3n el estado de vuelo del dron.\u00a0<\/span><\/p>\n<p class=\"sc-ehIJor eZpnKY pf-179_\" data-pf-type=\"Paragraph\"><span class=\"sc-BHvUt fJlZte pf-181_\" data-pf-type=\"Text\">Elimine la falla del paraca\u00eddas y garantice la seguridad de vuelo de Drone.<\/span><\/p>\n<h3 class=\"sc-ehIJor eZpnKY pf-188_\" data-pf-type=\"Paragraph\"><span class=\"sc-BHvUt fJlZte pf-190_\" data-pf-type=\"Text\">SUSTITUCI\u00d3N R\u00c1PIDA DEL SISTEMA<\/span><\/h3>\n<p class=\"sc-ehIJor eZpnKY pf-191_\" data-pf-type=\"Paragraph\"><span class=\"sc-BHvUt fJlZte pf-193_\" data-pf-type=\"Text\">El paraca\u00eddas OWL-M30 es f\u00e1cil de instalar y dise\u00f1ar, lo que no afecta el plegado y el uso de Drone y puede funcionar r\u00e1pidamente en el campo<\/span><\/p>\n<p data-pf-type=\"Paragraph\"><a href=\"https:\/\/www.ghostysky.com\/wp-content\/uploads\/2023\/01\/owlm30en111651886273596-1659688727325.webp\"><img decoding=\"async\" class=\"alignnone wp-image-10703 size-large lazyload\" src=\"datos:imagen\/gif;base64,R0lGODlhAQABAAAAACH5BAEKAAEALAAAAAABAAEAAAICTAEAOw==\" alt=\"\" width=\"1024\" height=\"528\" sizes=\"(max-width: 1024px) 100vw, 1024px\" data-src=\"datos:imagen\/gif;base64,R0lGODlhAQABAAAAACH5BAEKAAEALAAAAAABAAEAAAICTAEAOw==\" data-srcset=\"\" srcset=\"\"><\/a><\/p>","protected":false},"excerpt":{"rendered":"<p>Paraca\u00eddas de Dron OWL para la serie DJI Matrice 30\/30T (versi\u00f3n de traje, 2 paraca\u00eddas):<\/p>\n<ul>\n<li>\n<div>Dise\u00f1o Modular y Reutilizable<\/div>\n<\/li>\n<li>\n<div>Funci\u00f3n de parada de paleta PSDK, corta por completo el riesgo de enredo de paraca\u00eddas<\/div>\n<\/li>\n<li>\n<div>Grado de protecci\u00f3n IP45, resistencia a salpicaduras y agua, cumpla con sus diversos entornos de trabajo<\/div>\n<\/li>\n<li>\n<div>Instalaci\u00f3n r\u00e1pida, prep\u00e1rate para cada vuelo<\/div>\n<\/li>\n<li style=\"text-align: left;\"><span class=\"text-only\" data-eleid=\"12\">Modelo adecuado: Dji Matrice 30 Series<\/span><\/li>\n<\/ul>","protected":false},"featured_media":10708,"comment_status":"open","ping_status":"closed","template":"","meta":[],"product_brand":[],"product_cat":[461,462],"product_tag":[464,466,463,469],"class_list":{"0":"post-10721","1":"product","2":"type-product","3":"status-publish","4":"has-post-thumbnail","6":"product_cat-accessories-2","7":"product_cat-flyfire-parachutes","8":"product_tag-flyfire","9":"product_tag-m30-30t","10":"product_tag-parachute","11":"product_tag-suit-version-m30","13":"first","14":"onbackorder","15":"taxable","16":"shipping-taxable","17":"product-type-simple"},"yoast_head":"<!-- This site is optimized with the Yoast SEO plugin v27.1.1 - https:\/\/yoast.com\/product\/yoast-seo-wordpress\/ -->\n<title>OWL Drone Parachute For DJI Matrice 30\/30T Series (Suit) -<\/title>\n<meta name=\"description\" content=\"OWL Drone Parachute For DJI Matrice 30\/30T Series (Suit Version, 2 parachutes):Modular design and ReusablePSDK paddle stop function, completely cut off the risk of parachute entanglement\" \/>\n<meta name=\"robots\" content=\"index, follow, max-snippet:-1, max-image-preview:large, max-video-preview:-1\" \/>\n<link rel=\"canonical\" href=\"https:\/\/www.ghostysky.com\/es\/producto-2\/owl-drone-parachute-for-dji-matrice-30-30t-series-suit\/\" \/>\n<meta property=\"og:locale\" content=\"es_ES\" \/>\n<meta property=\"og:type\" content=\"article\" \/>\n<meta property=\"og:title\" content=\"OWL Drone Parachute For DJI Matrice 30\/30T Series (Suit) -\" \/>\n<meta property=\"og:description\" content=\"OWL Drone Parachute For DJI Matrice 30\/30T Series (Suit Version, 2 parachutes):Modular design and ReusablePSDK paddle stop function, completely cut off the risk of parachute entanglement\" \/>\n<meta property=\"og:url\" content=\"https:\/\/www.ghostysky.com\/es\/producto-2\/owl-drone-parachute-for-dji-matrice-30-30t-series-suit\/\" \/>\n<meta property=\"og:site_name\" content=\"Ghostysky\" \/>\n<meta property=\"article:publisher\" content=\"https:\/\/www.facebook.com\/people\/Ghostysky\/100057676170234\/\" \/>\n<meta property=\"article:modified_time\" content=\"2025-10-14T11:09:00+00:00\" \/>\n<meta property=\"og:image\" content=\"https:\/\/www.ghostysky.com\/wp-content\/uploads\/2023\/01\/OSW-M30.webp\" \/>\n\t<meta property=\"og:image:width\" content=\"1200\" \/>\n\t<meta property=\"og:image:height\" content=\"675\" \/>\n\t<meta property=\"og:image:type\" content=\"image\/webp\" \/>\n<meta name=\"twitter:card\" content=\"summary_large_image\" \/>\n<meta name=\"twitter:site\" content=\"@Gh0stysky\" \/>\n<meta name=\"twitter:label1\" content=\"Tiempo de lectura\" \/>\n\t<meta name=\"twitter:data1\" content=\"2 minutos\" \/>\n<script type=\"application\/ld+json\" class=\"yoast-schema-graph\">{\"@context\":\"https:\/\/schema.org\",\"@graph\":[{\"@type\":\"WebPage\",\"@id\":\"https:\/\/www.ghostysky.com\/product\/owl-drone-parachute-for-dji-matrice-30-30t-series-suit\/\",\"url\":\"https:\/\/www.ghostysky.com\/product\/owl-drone-parachute-for-dji-matrice-30-30t-series-suit\/\",\"name\":\"OWL Drone Parachute For DJI Matrice 30\/30T Series (Suit) -\",\"isPartOf\":{\"@id\":\"https:\/\/www.ghostysky.com\/#website\"},\"primaryImageOfPage\":{\"@id\":\"https:\/\/www.ghostysky.com\/product\/owl-drone-parachute-for-dji-matrice-30-30t-series-suit\/#primaryimage\"},\"image\":{\"@id\":\"https:\/\/www.ghostysky.com\/product\/owl-drone-parachute-for-dji-matrice-30-30t-series-suit\/#primaryimage\"},\"thumbnailUrl\":\"https:\/\/www.ghostysky.com\/wp-content\/uploads\/2023\/01\/OSW-M30.webp\",\"datePublished\":\"2023-01-18T23:27:31+00:00\",\"dateModified\":\"2025-10-14T11:09:00+00:00\",\"description\":\"OWL Drone Parachute For DJI Matrice 30\/30T Series (Suit Version, 2 parachutes):Modular design and ReusablePSDK paddle stop function, completely cut off the risk of parachute entanglement\",\"breadcrumb\":{\"@id\":\"https:\/\/www.ghostysky.com\/product\/owl-drone-parachute-for-dji-matrice-30-30t-series-suit\/#breadcrumb\"},\"inLanguage\":\"es\",\"potentialAction\":[{\"@type\":\"ReadAction\",\"target\":[\"https:\/\/www.ghostysky.com\/product\/owl-drone-parachute-for-dji-matrice-30-30t-series-suit\/\"]}]},{\"@type\":\"ImageObject\",\"inLanguage\":\"es\",\"@id\":\"https:\/\/www.ghostysky.com\/product\/owl-drone-parachute-for-dji-matrice-30-30t-series-suit\/#primaryimage\",\"url\":\"https:\/\/www.ghostysky.com\/wp-content\/uploads\/2023\/01\/OSW-M30.webp\",\"contentUrl\":\"https:\/\/www.ghostysky.com\/wp-content\/uploads\/2023\/01\/OSW-M30.webp\",\"width\":1200,\"height\":675},{\"@type\":\"BreadcrumbList\",\"@id\":\"https:\/\/www.ghostysky.com\/product\/owl-drone-parachute-for-dji-matrice-30-30t-series-suit\/#breadcrumb\",\"itemListElement\":[{\"@type\":\"ListItem\",\"position\":1,\"name\":\"Home\",\"item\":\"https:\/\/www.ghostysky.com\/\"},{\"@type\":\"ListItem\",\"position\":2,\"name\":\"Shop\",\"item\":\"https:\/\/www.ghostysky.com\/shop\/\"},{\"@type\":\"ListItem\",\"position\":3,\"name\":\"OWL Drone Parachute For DJI Matrice 30\/30T Series (Suit)\"}]},{\"@type\":\"WebSite\",\"@id\":\"https:\/\/www.ghostysky.com\/#website\",\"url\":\"https:\/\/www.ghostysky.com\/\",\"name\":\"Ghostysky\",\"description\":\"Delivering professional drones and services\",\"publisher\":{\"@id\":\"https:\/\/www.ghostysky.com\/#organization\"},\"potentialAction\":[{\"@type\":\"SearchAction\",\"target\":{\"@type\":\"EntryPoint\",\"urlTemplate\":\"https:\/\/www.ghostysky.com\/?s={search_term_string}\"},\"query-input\":{\"@type\":\"PropertyValueSpecification\",\"valueRequired\":true,\"valueName\":\"search_term_string\"}}],\"inLanguage\":\"es\"},{\"@type\":\"Organization\",\"@id\":\"https:\/\/www.ghostysky.com\/#organization\",\"name\":\"Ghostysky\",\"url\":\"https:\/\/www.ghostysky.com\/\",\"logo\":{\"@type\":\"ImageObject\",\"inLanguage\":\"es\",\"@id\":\"https:\/\/www.ghostysky.com\/#\/schema\/logo\/image\/\",\"url\":\"https:\/\/www.ghostysky.com\/wp-content\/uploads\/2020\/06\/cropped-ghostyskylogo_text_white2.png\",\"contentUrl\":\"https:\/\/www.ghostysky.com\/wp-content\/uploads\/2020\/06\/cropped-ghostyskylogo_text_white2.png\",\"width\":169,\"height\":56,\"caption\":\"Ghostysky\"},\"image\":{\"@id\":\"https:\/\/www.ghostysky.com\/#\/schema\/logo\/image\/\"},\"sameAs\":[\"https:\/\/www.facebook.com\/people\/Ghostysky\/100057676170234\/\",\"https:\/\/x.com\/Gh0stysky\",\"https:\/\/www.linkedin.com\/company\/34739653\",\"https:\/\/www.instagram.com\/gh0stysky\"]}]}<\/script>\n<!-- \/ Yoast SEO plugin. -->","yoast_head_json":{"title":"Paraca\u00eddas para drones OWL para la serie DJI Matrice 30\/30T (traje) -","description":"Paraca\u00eddas para drones OWL para la serie DJI Matrice 30\/30T (versi\u00f3n de traje, 2 paraca\u00eddas): dise\u00f1o modular y funci\u00f3n de parada de paletas PSDK reutilizable, elimina por completo el riesgo de enredo del paraca\u00eddas","robots":{"index":"index","follow":"follow","max-snippet":"max-snippet:-1","max-image-preview":"max-image-preview:large","max-video-preview":"max-video-preview:-1"},"canonical":"https:\/\/www.ghostysky.com\/es\/producto-2\/owl-drone-parachute-for-dji-matrice-30-30t-series-suit\/","og_locale":"es_ES","og_type":"article","og_title":"OWL Drone Parachute For DJI Matrice 30\/30T Series (Suit) -","og_description":"OWL Drone Parachute For DJI Matrice 30\/30T Series (Suit Version, 2 parachutes):Modular design and ReusablePSDK paddle stop function, completely cut off the risk of parachute entanglement","og_url":"https:\/\/www.ghostysky.com\/es\/producto-2\/owl-drone-parachute-for-dji-matrice-30-30t-series-suit\/","og_site_name":"Ghostysky","article_publisher":"https:\/\/www.facebook.com\/people\/Ghostysky\/100057676170234\/","article_modified_time":"2025-10-14T11:09:00+00:00","og_image":[{"width":1200,"height":675,"url":"https:\/\/www.ghostysky.com\/wp-content\/uploads\/2023\/01\/OSW-M30.webp","type":"image\/webp"}],"twitter_card":"summary_large_image","twitter_site":"@Gh0stysky","twitter_misc":{"Tiempo de lectura":"2 minutos"},"schema":{"@context":"https:\/\/schema.org","@graph":[{"@type":"WebPage","@id":"https:\/\/www.ghostysky.com\/product\/owl-drone-parachute-for-dji-matrice-30-30t-series-suit\/","url":"https:\/\/www.ghostysky.com\/product\/owl-drone-parachute-for-dji-matrice-30-30t-series-suit\/","name":"Paraca\u00eddas para drones OWL para la serie DJI Matrice 30\/30T (traje) -","isPartOf":{"@id":"https:\/\/www.ghostysky.com\/#website"},"primaryImageOfPage":{"@id":"https:\/\/www.ghostysky.com\/product\/owl-drone-parachute-for-dji-matrice-30-30t-series-suit\/#primaryimage"},"image":{"@id":"https:\/\/www.ghostysky.com\/product\/owl-drone-parachute-for-dji-matrice-30-30t-series-suit\/#primaryimage"},"thumbnailUrl":"https:\/\/www.ghostysky.com\/wp-content\/uploads\/2023\/01\/OSW-M30.webp","datePublished":"2023-01-18T23:27:31+00:00","dateModified":"2025-10-14T11:09:00+00:00","description":"Paraca\u00eddas para drones OWL para la serie DJI Matrice 30\/30T (versi\u00f3n de traje, 2 paraca\u00eddas): dise\u00f1o modular y funci\u00f3n de parada de paletas PSDK reutilizable, elimina por completo el riesgo de enredo del paraca\u00eddas","breadcrumb":{"@id":"https:\/\/www.ghostysky.com\/product\/owl-drone-parachute-for-dji-matrice-30-30t-series-suit\/#breadcrumb"},"inLanguage":"es","potentialAction":[{"@type":"ReadAction","target":["https:\/\/www.ghostysky.com\/product\/owl-drone-parachute-for-dji-matrice-30-30t-series-suit\/"]}]},{"@type":"ImageObject","inLanguage":"es","@id":"https:\/\/www.ghostysky.com\/product\/owl-drone-parachute-for-dji-matrice-30-30t-series-suit\/#primaryimage","url":"https:\/\/www.ghostysky.com\/wp-content\/uploads\/2023\/01\/OSW-M30.webp","contentUrl":"https:\/\/www.ghostysky.com\/wp-content\/uploads\/2023\/01\/OSW-M30.webp","width":1200,"height":675},{"@type":"BreadcrumbList","@id":"https:\/\/www.ghostysky.com\/product\/owl-drone-parachute-for-dji-matrice-30-30t-series-suit\/#breadcrumb","itemListElement":[{"@type":"ListItem","position":1,"name":"Home","item":"https:\/\/www.ghostysky.com\/"},{"@type":"ListItem","position":2,"name":"Shop","item":"https:\/\/www.ghostysky.com\/shop\/"},{"@type":"ListItem","position":3,"name":"OWL Drone Parachute For DJI Matrice 30\/30T Series (Suit)"}]},{"@type":"WebSite","@id":"https:\/\/www.ghostysky.com\/#website","url":"https:\/\/www.ghostysky.com\/","name":"Ghostysky","description":"Entrega de drones y servicios profesionales","publisher":{"@id":"https:\/\/www.ghostysky.com\/#organization"},"potentialAction":[{"@type":"SearchAction","target":{"@type":"EntryPoint","urlTemplate":"https:\/\/www.ghostysky.com\/?s={search_term_string}"},"query-input":{"@type":"PropertyValueSpecification","valueRequired":true,"valueName":"search_term_string"}}],"inLanguage":"es"},{"@type":"Organization","@id":"https:\/\/www.ghostysky.com\/#organization","name":"Ghostysky","url":"https:\/\/www.ghostysky.com\/","logo":{"@type":"ImageObject","inLanguage":"es","@id":"https:\/\/www.ghostysky.com\/#\/schema\/logo\/image\/","url":"https:\/\/www.ghostysky.com\/wp-content\/uploads\/2020\/06\/cropped-ghostyskylogo_text_white2.png","contentUrl":"https:\/\/www.ghostysky.com\/wp-content\/uploads\/2020\/06\/cropped-ghostyskylogo_text_white2.png","width":169,"height":56,"caption":"Ghostysky"},"image":{"@id":"https:\/\/www.ghostysky.com\/#\/schema\/logo\/image\/"},"sameAs":["https:\/\/www.facebook.com\/people\/Ghostysky\/100057676170234\/","https:\/\/x.com\/Gh0stysky","https:\/\/www.linkedin.com\/company\/34739653","https:\/\/www.instagram.com\/gh0stysky"]}]}},"_links":{"self":[{"href":"https:\/\/www.ghostysky.com\/es\/wp-json\/wp\/v2\/product\/10721","targetHints":{"allow":["GET"]}}],"collection":[{"href":"https:\/\/www.ghostysky.com\/es\/wp-json\/wp\/v2\/product"}],"about":[{"href":"https:\/\/www.ghostysky.com\/es\/wp-json\/wp\/v2\/types\/product"}],"replies":[{"embeddable":true,"href":"https:\/\/www.ghostysky.com\/es\/wp-json\/wp\/v2\/comments?post=10721"}],"wp:featuredmedia":[{"embeddable":true,"href":"https:\/\/www.ghostysky.com\/es\/wp-json\/wp\/v2\/media\/10708"}],"wp:attachment":[{"href":"https:\/\/www.ghostysky.com\/es\/wp-json\/wp\/v2\/media?parent=10721"}],"wp:term":[{"taxonomy":"product_brand","embeddable":true,"href":"https:\/\/www.ghostysky.com\/es\/wp-json\/wp\/v2\/product_brand?post=10721"},{"taxonomy":"product_cat","embeddable":true,"href":"https:\/\/www.ghostysky.com\/es\/wp-json\/wp\/v2\/product_cat?post=10721"},{"taxonomy":"product_tag","embeddable":true,"href":"https:\/\/www.ghostysky.com\/es\/wp-json\/wp\/v2\/product_tag?post=10721"}],"curies":[{"name":"wp","href":"https:\/\/api.w.org\/{rel}","templated":true}]}}