{"id":10778,"date":"2023-01-19T11:15:35","date_gmt":"2023-01-19T11:15:35","guid":{"rendered":"https:\/\/www.ghostysky.com\/?post_type=product&#038;p=10778"},"modified":"2024-10-31T21:43:13","modified_gmt":"2024-10-31T21:43:13","slug":"manti-3-parachute-for-dji-mavic-drone-standard","status":"publish","type":"product","link":"https:\/\/www.ghostysky.com\/es\/product\/manti-3-parachute-for-dji-mavic-drone-standard\/","title":{"rendered":"Paraca\u00eddas Manti 3 para dron DJI Mavic (Est\u00e1ndar)"},"content":{"rendered":"<h3><a href=\"https:\/\/www.ghostysky.com\/wp-content\/uploads\/2023\/01\/flyfire-manti-3-1660803629709.webp\"><img fetchpriority=\"high\" decoding=\"async\" class=\"alignnone wp-image-10752 size-large lazyload\" src=\"datos:imagen\/gif;base64,R0lGODlhAQABAAAAACH5BAEKAAEALAAAAAABAAEAAAICTAEAOw==\" alt=\"\" width=\"1024\" height=\"347\" sizes=\"(max-width: 1024px) 100vw, 1024px\" data-src=\"datos:imagen\/gif;base64,R0lGODlhAQABAAAAACH5BAEKAAEALAAAAAABAAEAAAICTAEAOw==\" data-srcset=\"\" srcset=\"\"><\/a><\/h3>\n<h3>Cabina de paraca\u00eddas reemplazable<\/h3>\n<p>Es m\u00e1s conveniente para reutilizar y tiene una variedad de opciones de rendimiento de seguridad.<\/p>\n<p>El Manti de nueva generaci\u00f3n adopta un dise\u00f1o de cabina de paraca\u00eddas reemplazable. La cabina del paraca\u00eddas incluye unidades de potencia y herramientas.<\/p>\n<p>Despu\u00e9s de rescatar la aeronave, la cabina del paraca\u00eddas se puede reemplazar r\u00e1pidamente. Al mismo tiempo, se puede dividir en versi\u00f3n est\u00e1ndar y versi\u00f3n plus, ambas comunes, para adaptarse a m\u00e1s modelos.<\/p>\n<p>*Al cambiar del paraca\u00eddas Manti 3 al paraca\u00eddas 3 plus para adaptarse a los UAV de la serie Phantom, aseg\u00farese de cambiar la versi\u00f3n del software Manti a la versi\u00f3n phantom.<\/p>\n<h3 class=\"sc-ehIJor eZpnKY pf-194_\" data-pf-type=\"Paragraph\"><span class=\"sc-BHvUt fJlZte pf-196_\" data-pf-type=\"Text\">Procesador ARM de 32 bits<\/span><\/h3>\n<p class=\"sc-ehIJor eZpnKY pf-197_\" data-pf-type=\"Paragraph\"><span class=\"sc-BHvUt fJlZte pf-199_\" data-pf-type=\"Text\">Los datos omnidireccionales de actitud y bar\u00f3metro se recopilan y procesan en tiempo real para distinguir el estado de vuelo del UAV en milisegundos. IMU y bar\u00f3metro resumen las puntuaciones. Una vez que percibas que el UAV est\u00e1 en una situaci\u00f3n de peligro, puedes responder instant\u00e1neamente en 0,5 segundos, y luego dar el comando de apertura del paraca\u00eddas, para que puedas fre\u00edr sin p\u00e1nico y aterrizar con tranquilidad.<\/span><\/p>\n<h3 class=\"sc-ehIJor eZpnKY pf-206_\" data-pf-type=\"Paragraph\"><span class=\"sc-BHvUt fJlZte pf-208_\" data-pf-type=\"Text\">Larga resistencia<\/span><\/h3>\n<p class=\"sc-ehIJor eZpnKY pf-209_\" data-pf-type=\"Paragraph\"><span class=\"sc-BHvUt fJlZte pf-211_\" data-pf-type=\"Text\">La bater\u00eda de 150 mA le brinda una experiencia de resistencia agradable. Puede cargar el UAV durante 30 minutos a la vez \u00d7 6 veces la resistencia de vuelo. La energ\u00eda de la bater\u00eda se puede ver de inmediato y la funci\u00f3n de alarma de energ\u00eda.<\/span><\/p>\n<p data-pf-type=\"Paragraph\"><a href=\"https:\/\/www.ghostysky.com\/wp-content\/uploads\/2023\/01\/manti3__1641455737310-1659604383113.webp\"><img decoding=\"async\" class=\"alignnone wp-image-10753 size-large lazyload\" src=\"datos:imagen\/gif;base64,R0lGODlhAQABAAAAACH5BAEKAAEALAAAAAABAAEAAAICTAEAOw==\" alt=\"\" width=\"1024\" height=\"576\" sizes=\"(max-width: 1024px) 100vw, 1024px\" data-src=\"datos:imagen\/gif;base64,R0lGODlhAQABAAAAACH5BAEKAAEALAAAAAABAAEAAAICTAEAOw==\" data-srcset=\"\" srcset=\"\"><\/a><a href=\"https:\/\/www.ghostysky.com\/wp-content\/uploads\/2023\/01\/imu_zitai_neicun52_1641455737268-1659604001877.webp\"><img decoding=\"async\" class=\"alignnone wp-image-10755 size-large lazyload\" src=\"datos:imagen\/gif;base64,R0lGODlhAQABAAAAACH5BAEKAAEALAAAAAABAAEAAAICTAEAOw==\" alt=\"\" width=\"1024\" height=\"576\" sizes=\"(max-width: 1024px) 100vw, 1024px\" data-src=\"datos:imagen\/gif;base64,R0lGODlhAQABAAAAACH5BAEKAAEALAAAAAABAAEAAAICTAEAOw==\" data-srcset=\"\" srcset=\"\"><\/a> <a href=\"https:\/\/www.ghostysky.com\/wp-content\/uploads\/2023\/01\/5_2_1641455737192-1659604368843.webp\"><img loading=\"lazy\" decoding=\"async\" class=\"alignnone wp-image-10754 size-large lazyload\" src=\"datos:imagen\/gif;base64,R0lGODlhAQABAAAAACH5BAEKAAEALAAAAAABAAEAAAICTAEAOw==\" alt=\"\" width=\"1024\" height=\"576\" sizes=\"(max-width: 1024px) 100vw, 1024px\" data-src=\"datos:imagen\/gif;base64,R0lGODlhAQABAAAAACH5BAEKAAEALAAAAAABAAEAAAICTAEAOw==\" data-srcset=\"\" srcset=\"\"><\/a><\/p>\n<p data-pf-type=\"Paragraph\"><a href=\"https:\/\/www.ghostysky.com\/wp-content\/uploads\/2023\/01\/Manti-Manti_Plus_TechSpecs.jpg\"><img loading=\"lazy\" decoding=\"async\" class=\"alignnone wp-image-10857 size-full lazyload\" src=\"datos:imagen\/gif;base64,R0lGODlhAQABAAAAACH5BAEKAAEALAAAAAABAAEAAAICTAEAOw==\" alt=\"\" width=\"846\" height=\"627\" sizes=\"(max-width: 846px) 100vw, 846px\" data-src=\"datos:imagen\/gif;base64,R0lGODlhAQABAAAAACH5BAEKAAEALAAAAAABAAEAAAICTAEAOw==\" data-srcset=\"\" srcset=\"\"><\/a><\/p>","protected":false},"excerpt":{"rendered":"<p>Paraca\u00eddas Manti 3 para dron DJI Mavic (Versi\u00f3n Est\u00e1ndar):<\/p>\n<ul>\n<li style=\"text-align: left;\"><span class=\"text-only\" data-eleid=\"6\">Dise\u00f1o de cabina de paraca\u00eddas reemplazable<\/span><\/li>\n<li style=\"text-align: left;\"><span class=\"text-only\" data-eleid=\"8\">Larga duraci\u00f3n con bater\u00eda de 150 mAh<\/span><\/li>\n<li style=\"text-align: left;\"><span class=\"text-only\" data-eleid=\"10\">Peso ligero, no afecta la duraci\u00f3n de la bater\u00eda del dron<\/span><\/li>\n<li style=\"text-align: left;\"><span class=\"text-only\" data-eleid=\"12\">Procesador ARM de 32 bits, paraca\u00eddas de despliegue instant\u00e1neo en 0,5 segundos<\/span><\/li>\n<li style=\"text-align: left;\"><span class=\"text-only\" data-eleid=\"12\">Modelo adecuado: Dji Mavic Air 2\/2s, Mavic 2\/3, Mavic Pro<\/span><\/li>\n<\/ul>","protected":false},"featured_media":10785,"comment_status":"open","ping_status":"closed","template":"","meta":[],"product_brand":[],"product_cat":[461,462],"product_tag":[472,475],"class_list":{"0":"post-10778","1":"product","2":"type-product","3":"status-publish","4":"has-post-thumbnail","6":"product_cat-accessories-2","7":"product_cat-flyfire-parachutes","8":"product_tag-dji-mavic","9":"product_tag-manti-3-standard","11":"first","12":"onbackorder","13":"taxable","14":"shipping-taxable","15":"product-type-simple"},"yoast_head":"<!-- This site is optimized with the Yoast SEO plugin v27.1.1 - https:\/\/yoast.com\/product\/yoast-seo-wordpress\/ -->\n<title>Manti 3 parachute for DJI Mavic drone (Standard) -<\/title>\n<meta name=\"description\" content=\"Manti 3 parachute for DJI Mavic drone (Standard Version): Replaceable parachute cabin design Long endurance with 150mAh battery\" \/>\n<meta name=\"robots\" content=\"index, follow, max-snippet:-1, max-image-preview:large, max-video-preview:-1\" \/>\n<link rel=\"canonical\" href=\"https:\/\/www.ghostysky.com\/es\/producto-2\/manti-3-parachute-for-dji-mavic-drone-standard\/\" \/>\n<meta property=\"og:locale\" content=\"es_ES\" \/>\n<meta property=\"og:type\" content=\"article\" \/>\n<meta property=\"og:title\" content=\"Manti 3 parachute for DJI Mavic drone (Standard) -\" \/>\n<meta property=\"og:description\" content=\"Manti 3 parachute for DJI Mavic drone (Standard Version): Replaceable parachute cabin design Long endurance with 150mAh battery\" \/>\n<meta property=\"og:url\" content=\"https:\/\/www.ghostysky.com\/es\/producto-2\/manti-3-parachute-for-dji-mavic-drone-standard\/\" \/>\n<meta property=\"og:site_name\" content=\"Ghostysky\" \/>\n<meta property=\"article:publisher\" content=\"https:\/\/www.facebook.com\/people\/Ghostysky\/100057676170234\/\" \/>\n<meta property=\"article:modified_time\" content=\"2024-10-31T21:43:13+00:00\" \/>\n<meta property=\"og:image\" content=\"https:\/\/www.ghostysky.com\/wp-content\/uploads\/2023\/01\/manti3_3_1120x.webp\" \/>\n\t<meta property=\"og:image:width\" content=\"1000\" \/>\n\t<meta property=\"og:image:height\" content=\"1000\" \/>\n\t<meta property=\"og:image:type\" content=\"image\/webp\" \/>\n<meta name=\"twitter:card\" content=\"summary_large_image\" \/>\n<meta name=\"twitter:site\" content=\"@Gh0stysky\" \/>\n<meta name=\"twitter:label1\" content=\"Tiempo de lectura\" \/>\n\t<meta name=\"twitter:data1\" content=\"2 minutos\" \/>\n<script type=\"application\/ld+json\" class=\"yoast-schema-graph\">{\"@context\":\"https:\/\/schema.org\",\"@graph\":[{\"@type\":\"WebPage\",\"@id\":\"https:\/\/www.ghostysky.com\/product\/manti-3-parachute-for-dji-mavic-drone-standard\/\",\"url\":\"https:\/\/www.ghostysky.com\/product\/manti-3-parachute-for-dji-mavic-drone-standard\/\",\"name\":\"Manti 3 parachute for DJI Mavic drone (Standard) -\",\"isPartOf\":{\"@id\":\"https:\/\/www.ghostysky.com\/#website\"},\"primaryImageOfPage\":{\"@id\":\"https:\/\/www.ghostysky.com\/product\/manti-3-parachute-for-dji-mavic-drone-standard\/#primaryimage\"},\"image\":{\"@id\":\"https:\/\/www.ghostysky.com\/product\/manti-3-parachute-for-dji-mavic-drone-standard\/#primaryimage\"},\"thumbnailUrl\":\"https:\/\/www.ghostysky.com\/wp-content\/uploads\/2023\/01\/manti3_3_1120x.webp\",\"datePublished\":\"2023-01-19T11:15:35+00:00\",\"dateModified\":\"2024-10-31T21:43:13+00:00\",\"description\":\"Manti 3 parachute for DJI Mavic drone (Standard Version): Replaceable parachute cabin design Long endurance with 150mAh battery\",\"breadcrumb\":{\"@id\":\"https:\/\/www.ghostysky.com\/product\/manti-3-parachute-for-dji-mavic-drone-standard\/#breadcrumb\"},\"inLanguage\":\"es\",\"potentialAction\":[{\"@type\":\"ReadAction\",\"target\":[\"https:\/\/www.ghostysky.com\/product\/manti-3-parachute-for-dji-mavic-drone-standard\/\"]}]},{\"@type\":\"ImageObject\",\"inLanguage\":\"es\",\"@id\":\"https:\/\/www.ghostysky.com\/product\/manti-3-parachute-for-dji-mavic-drone-standard\/#primaryimage\",\"url\":\"https:\/\/www.ghostysky.com\/wp-content\/uploads\/2023\/01\/manti3_3_1120x.webp\",\"contentUrl\":\"https:\/\/www.ghostysky.com\/wp-content\/uploads\/2023\/01\/manti3_3_1120x.webp\",\"width\":1000,\"height\":1000},{\"@type\":\"BreadcrumbList\",\"@id\":\"https:\/\/www.ghostysky.com\/product\/manti-3-parachute-for-dji-mavic-drone-standard\/#breadcrumb\",\"itemListElement\":[{\"@type\":\"ListItem\",\"position\":1,\"name\":\"Home\",\"item\":\"https:\/\/www.ghostysky.com\/\"},{\"@type\":\"ListItem\",\"position\":2,\"name\":\"Shop\",\"item\":\"https:\/\/www.ghostysky.com\/shop\/\"},{\"@type\":\"ListItem\",\"position\":3,\"name\":\"Manti 3 parachute for DJI Mavic drone (Standard)\"}]},{\"@type\":\"WebSite\",\"@id\":\"https:\/\/www.ghostysky.com\/#website\",\"url\":\"https:\/\/www.ghostysky.com\/\",\"name\":\"Ghostysky\",\"description\":\"Delivering professional drones and services\",\"publisher\":{\"@id\":\"https:\/\/www.ghostysky.com\/#organization\"},\"potentialAction\":[{\"@type\":\"SearchAction\",\"target\":{\"@type\":\"EntryPoint\",\"urlTemplate\":\"https:\/\/www.ghostysky.com\/?s={search_term_string}\"},\"query-input\":{\"@type\":\"PropertyValueSpecification\",\"valueRequired\":true,\"valueName\":\"search_term_string\"}}],\"inLanguage\":\"es\"},{\"@type\":\"Organization\",\"@id\":\"https:\/\/www.ghostysky.com\/#organization\",\"name\":\"Ghostysky\",\"url\":\"https:\/\/www.ghostysky.com\/\",\"logo\":{\"@type\":\"ImageObject\",\"inLanguage\":\"es\",\"@id\":\"https:\/\/www.ghostysky.com\/#\/schema\/logo\/image\/\",\"url\":\"https:\/\/www.ghostysky.com\/wp-content\/uploads\/2020\/06\/cropped-ghostyskylogo_text_white2.png\",\"contentUrl\":\"https:\/\/www.ghostysky.com\/wp-content\/uploads\/2020\/06\/cropped-ghostyskylogo_text_white2.png\",\"width\":169,\"height\":56,\"caption\":\"Ghostysky\"},\"image\":{\"@id\":\"https:\/\/www.ghostysky.com\/#\/schema\/logo\/image\/\"},\"sameAs\":[\"https:\/\/www.facebook.com\/people\/Ghostysky\/100057676170234\/\",\"https:\/\/x.com\/Gh0stysky\",\"https:\/\/www.linkedin.com\/company\/34739653\",\"https:\/\/www.instagram.com\/gh0stysky\"]}]}<\/script>\n<!-- \/ Yoast SEO plugin. -->","yoast_head_json":{"title":"Paraca\u00eddas Manti 3 para dron DJI Mavic (Est\u00e1ndar) -","description":"Paraca\u00eddas Manti 3 para dron DJI Mavic (Versi\u00f3n Est\u00e1ndar): Dise\u00f1o de cabina de paraca\u00eddas reemplazable Larga resistencia con bater\u00eda de 150mAh","robots":{"index":"index","follow":"follow","max-snippet":"max-snippet:-1","max-image-preview":"max-image-preview:large","max-video-preview":"max-video-preview:-1"},"canonical":"https:\/\/www.ghostysky.com\/es\/producto-2\/manti-3-parachute-for-dji-mavic-drone-standard\/","og_locale":"es_ES","og_type":"article","og_title":"Manti 3 parachute for DJI Mavic drone (Standard) -","og_description":"Manti 3 parachute for DJI Mavic drone (Standard Version): Replaceable parachute cabin design Long endurance with 150mAh battery","og_url":"https:\/\/www.ghostysky.com\/es\/producto-2\/manti-3-parachute-for-dji-mavic-drone-standard\/","og_site_name":"Ghostysky","article_publisher":"https:\/\/www.facebook.com\/people\/Ghostysky\/100057676170234\/","article_modified_time":"2024-10-31T21:43:13+00:00","og_image":[{"width":1000,"height":1000,"url":"https:\/\/www.ghostysky.com\/wp-content\/uploads\/2023\/01\/manti3_3_1120x.webp","type":"image\/webp"}],"twitter_card":"summary_large_image","twitter_site":"@Gh0stysky","twitter_misc":{"Tiempo de lectura":"2 minutos"},"schema":{"@context":"https:\/\/schema.org","@graph":[{"@type":"WebPage","@id":"https:\/\/www.ghostysky.com\/product\/manti-3-parachute-for-dji-mavic-drone-standard\/","url":"https:\/\/www.ghostysky.com\/product\/manti-3-parachute-for-dji-mavic-drone-standard\/","name":"Paraca\u00eddas Manti 3 para dron DJI Mavic (Est\u00e1ndar) -","isPartOf":{"@id":"https:\/\/www.ghostysky.com\/#website"},"primaryImageOfPage":{"@id":"https:\/\/www.ghostysky.com\/product\/manti-3-parachute-for-dji-mavic-drone-standard\/#primaryimage"},"image":{"@id":"https:\/\/www.ghostysky.com\/product\/manti-3-parachute-for-dji-mavic-drone-standard\/#primaryimage"},"thumbnailUrl":"https:\/\/www.ghostysky.com\/wp-content\/uploads\/2023\/01\/manti3_3_1120x.webp","datePublished":"2023-01-19T11:15:35+00:00","dateModified":"2024-10-31T21:43:13+00:00","description":"Paraca\u00eddas Manti 3 para dron DJI Mavic (Versi\u00f3n Est\u00e1ndar): Dise\u00f1o de cabina de paraca\u00eddas reemplazable Larga resistencia con bater\u00eda de 150mAh","breadcrumb":{"@id":"https:\/\/www.ghostysky.com\/product\/manti-3-parachute-for-dji-mavic-drone-standard\/#breadcrumb"},"inLanguage":"es","potentialAction":[{"@type":"ReadAction","target":["https:\/\/www.ghostysky.com\/product\/manti-3-parachute-for-dji-mavic-drone-standard\/"]}]},{"@type":"ImageObject","inLanguage":"es","@id":"https:\/\/www.ghostysky.com\/product\/manti-3-parachute-for-dji-mavic-drone-standard\/#primaryimage","url":"https:\/\/www.ghostysky.com\/wp-content\/uploads\/2023\/01\/manti3_3_1120x.webp","contentUrl":"https:\/\/www.ghostysky.com\/wp-content\/uploads\/2023\/01\/manti3_3_1120x.webp","width":1000,"height":1000},{"@type":"BreadcrumbList","@id":"https:\/\/www.ghostysky.com\/product\/manti-3-parachute-for-dji-mavic-drone-standard\/#breadcrumb","itemListElement":[{"@type":"ListItem","position":1,"name":"Home","item":"https:\/\/www.ghostysky.com\/"},{"@type":"ListItem","position":2,"name":"Shop","item":"https:\/\/www.ghostysky.com\/shop\/"},{"@type":"ListItem","position":3,"name":"Manti 3 parachute for DJI Mavic drone (Standard)"}]},{"@type":"WebSite","@id":"https:\/\/www.ghostysky.com\/#website","url":"https:\/\/www.ghostysky.com\/","name":"Ghostysky","description":"Entrega de drones y servicios profesionales","publisher":{"@id":"https:\/\/www.ghostysky.com\/#organization"},"potentialAction":[{"@type":"SearchAction","target":{"@type":"EntryPoint","urlTemplate":"https:\/\/www.ghostysky.com\/?s={search_term_string}"},"query-input":{"@type":"PropertyValueSpecification","valueRequired":true,"valueName":"search_term_string"}}],"inLanguage":"es"},{"@type":"Organization","@id":"https:\/\/www.ghostysky.com\/#organization","name":"Ghostysky","url":"https:\/\/www.ghostysky.com\/","logo":{"@type":"ImageObject","inLanguage":"es","@id":"https:\/\/www.ghostysky.com\/#\/schema\/logo\/image\/","url":"https:\/\/www.ghostysky.com\/wp-content\/uploads\/2020\/06\/cropped-ghostyskylogo_text_white2.png","contentUrl":"https:\/\/www.ghostysky.com\/wp-content\/uploads\/2020\/06\/cropped-ghostyskylogo_text_white2.png","width":169,"height":56,"caption":"Ghostysky"},"image":{"@id":"https:\/\/www.ghostysky.com\/#\/schema\/logo\/image\/"},"sameAs":["https:\/\/www.facebook.com\/people\/Ghostysky\/100057676170234\/","https:\/\/x.com\/Gh0stysky","https:\/\/www.linkedin.com\/company\/34739653","https:\/\/www.instagram.com\/gh0stysky"]}]}},"_links":{"self":[{"href":"https:\/\/www.ghostysky.com\/es\/wp-json\/wp\/v2\/product\/10778","targetHints":{"allow":["GET"]}}],"collection":[{"href":"https:\/\/www.ghostysky.com\/es\/wp-json\/wp\/v2\/product"}],"about":[{"href":"https:\/\/www.ghostysky.com\/es\/wp-json\/wp\/v2\/types\/product"}],"replies":[{"embeddable":true,"href":"https:\/\/www.ghostysky.com\/es\/wp-json\/wp\/v2\/comments?post=10778"}],"wp:featuredmedia":[{"embeddable":true,"href":"https:\/\/www.ghostysky.com\/es\/wp-json\/wp\/v2\/media\/10785"}],"wp:attachment":[{"href":"https:\/\/www.ghostysky.com\/es\/wp-json\/wp\/v2\/media?parent=10778"}],"wp:term":[{"taxonomy":"product_brand","embeddable":true,"href":"https:\/\/www.ghostysky.com\/es\/wp-json\/wp\/v2\/product_brand?post=10778"},{"taxonomy":"product_cat","embeddable":true,"href":"https:\/\/www.ghostysky.com\/es\/wp-json\/wp\/v2\/product_cat?post=10778"},{"taxonomy":"product_tag","embeddable":true,"href":"https:\/\/www.ghostysky.com\/es\/wp-json\/wp\/v2\/product_tag?post=10778"}],"curies":[{"name":"wp","href":"https:\/\/api.w.org\/{rel}","templated":true}]}}