{"id":11063,"date":"2023-03-16T18:49:47","date_gmt":"2023-03-16T18:49:47","guid":{"rendered":"https:\/\/www.ghostysky.com\/?post_type=product&#038;p=11063"},"modified":"2024-12-28T07:31:47","modified_gmt":"2024-12-28T07:31:47","slug":"dji-mavic-3e-enterprise-worry-free-plus-combo-1-year","status":"publish","type":"product","link":"https:\/\/www.ghostysky.com\/es\/product\/dji-mavic-3e-enterprise-worry-free-plus-combo-1-year\/","title":{"rendered":"DJI Mavic 3E (Enterprise) Worry-Free Plus Combo \u2013 1 a\u00f1o"},"content":{"rendered":"<p><a href=\"https:\/\/www.ghostysky.com\/wp-content\/uploads\/2022\/10\/Mavic3Ent_1.jpg\"><img fetchpriority=\"high\" decoding=\"async\" class=\"alignnone wp-image-10056\" src=\"https:\/\/www.ghostysky.com\/wp-content\/uploads\/2022\/10\/Mavic3Ent_1-1024x492.jpg\" alt=\"\" width=\"588\" height=\"282\" srcset=\"https:\/\/www.ghostysky.com\/wp-content\/uploads\/2022\/10\/Mavic3Ent_1-1024x492.jpg 1024w, https:\/\/www.ghostysky.com\/wp-content\/uploads\/2022\/10\/Mavic3Ent_1-300x144.jpg 300w, https:\/\/www.ghostysky.com\/wp-content\/uploads\/2022\/10\/Mavic3Ent_1-768x369.jpg 768w, https:\/\/www.ghostysky.com\/wp-content\/uploads\/2022\/10\/Mavic3Ent_1-18x9.jpg 18w, https:\/\/www.ghostysky.com\/wp-content\/uploads\/2022\/10\/Mavic3Ent_1-720x346.jpg 720w, https:\/\/www.ghostysky.com\/wp-content\/uploads\/2022\/10\/Mavic3Ent_1-600x289.jpg 600w, https:\/\/www.ghostysky.com\/wp-content\/uploads\/2022\/10\/Mavic3Ent_1.jpg 1100w\" sizes=\"(max-width: 588px) 100vw, 588px\" \/><\/a><\/p>\n<p><strong>Ligero y port\u00e1til<\/strong><\/p>\n<ul>\n<li>Un dise\u00f1o liviano, compacto y plegable hace que sea f\u00e1cil de transportar para una operaci\u00f3n individual, lo que permite implementaciones r\u00e1pidas para una mayor flexibilidad.<\/li>\n<\/ul>\n<p><strong>Vuela m\u00e1s tiempo, carga m\u00e1s r\u00e1pido<\/strong><\/p>\n<ul>\n<li>La duraci\u00f3n del vuelo de 45 minutos le permite cubrir m\u00e1s terreno en un solo vuelo para aumentar la eficiencia. Las bater\u00edas se cargan r\u00e1pidamente con un centro de carga de 100 W.<\/li>\n<\/ul>\n<p><strong>Detecci\u00f3n omnidireccional<\/strong><\/p>\n<ul>\n<li>Equipado con lentes gran angular en todos los lados y APAS 5.0 para evitar obst\u00e1culos omnidireccionales sin puntos ciegos.<\/li>\n<\/ul>\n<p><strong>Opciones de expansi\u00f3n infinitas<\/strong><\/p>\n<ul>\n<li>El altavoz opcional, el m\u00f3dulo RTK, el DJI Cellular Dongle y otros accesorios oficiales est\u00e1n disponibles para hacer m\u00e1s en el aire.<\/li>\n<\/ul>\n<p><strong>Cargas poderosas<\/strong><\/p>\n<ul>\n<li>Una c\u00e1mara con zoom para zoom h\u00edbrido 56x, una c\u00e1mara gran angular 4\/3 CMOS para mapeo de alta precisi\u00f3n y una c\u00e1mara t\u00e9rmica para inspecci\u00f3n de fuentes de calor.<\/li>\n<\/ul>\n<p><strong>En el cuadro<\/strong><\/p>\n<ul>\n<li>1 avi\u00f3n empresarial Mavic 3<\/li>\n<li>1x bater\u00eda de vuelo inteligente Mavic 3<\/li>\n<li>1 tarjeta microSD de 64 GB.<\/li>\n<li>1 protector de card\u00e1n.<\/li>\n<li>3 h\u00e9lices Mavic 3 Enterprise Series (par)<\/li>\n<li>1x RC Pro empresa<\/li>\n<li>1x destornillador<\/li>\n<li>1 adaptador de corriente USB-C (100 W)<\/li>\n<li>1 cable de CA adaptador de corriente de 100 W.<\/li>\n<li>1 cable USB-C.<\/li>\n<li>1x cable USB-C a USB-C<\/li>\n<li>1 funda protectora.<\/li>\n<li>1 kit de bater\u00eda empresarial DJI Mavic 3<\/li>\n<li>1 m\u00f3dulo DJI RTK.<\/li>\n<li>1 actualizaci\u00f3n de DJI Care Enterprise Plus<\/li>\n<\/ul>","protected":false},"excerpt":{"rendered":"<ul>\n<li>Compacto y port\u00e1til, con un peso de solo 915 g<\/li>\n<li>C\u00e1mara ancha 4\/3 CMOS de 20 MP con obturador mec\u00e1nico<\/li>\n<li>zoom h\u00edbrido 56x<\/li>\n<li>tiempo m\u00e1ximo de vuelo de 45 minutos<\/li>\n<li>Transmisi\u00f3n de im\u00e1genes DJI O3 Enterprise<\/li>\n<li>Evasi\u00f3n de obst\u00e1culos omnidireccional<\/li>\n<\/ul>\n<p>-&gt; <strong>Combo b\u00e1sico sin preocupaciones DJI Mavic 3E - 1 a\u00f1o<\/strong><\/p>\n<p>-&gt; <strong>Combo b\u00e1sico sin preocupaciones DJI Mavic 3E - 2 a\u00f1os<\/strong><\/p>\n<p>-&gt; <strong>Combo sin preocupaciones Plus DJI Mavic 3E<\/strong><\/p>","protected":false},"featured_media":10055,"comment_status":"open","ping_status":"closed","template":"","meta":[],"product_brand":[],"product_cat":[37,429,29,431],"product_tag":[42,434,432,433],"class_list":{"0":"post-11063","1":"product","2":"type-product","3":"status-publish","4":"has-post-thumbnail","6":"product_cat-dji","7":"product_cat-dji-mavic3-ent","8":"product_cat-drones","9":"product_cat-drones-dji-mavic3-ent","10":"product_tag-dji","11":"product_tag-dji-mavic-3-enterprise","12":"product_tag-dji-mavic3","13":"product_tag-dji-mavic3-drone","15":"first","16":"onbackorder","17":"taxable","18":"shipping-taxable","19":"purchasable","20":"product-type-simple"},"yoast_head":"<!-- This site is optimized with the Yoast SEO plugin v27.1.1 - https:\/\/yoast.com\/product\/yoast-seo-wordpress\/ -->\n<title>DJI Mavic 3E (Enterprise) Worry-Free Plus Combo - 1 Year -<\/title>\n<meta name=\"description\" content=\"Compact and portable, weighing only 915 g4\/3 CMOS 20-MP wide cam with mechanical shutter 56x hybrid zoom 45-minute maximum flight time\" \/>\n<meta name=\"robots\" content=\"index, follow, max-snippet:-1, max-image-preview:large, max-video-preview:-1\" \/>\n<link rel=\"canonical\" href=\"https:\/\/www.ghostysky.com\/es\/producto-2\/dji-mavic-3e-enterprise-worry-free-plus-combo-1-year\/\" \/>\n<meta property=\"og:locale\" content=\"es_ES\" \/>\n<meta property=\"og:type\" content=\"article\" \/>\n<meta property=\"og:title\" content=\"DJI Mavic 3E (Enterprise) Worry-Free Plus Combo - 1 Year -\" \/>\n<meta property=\"og:description\" content=\"Compact and portable, weighing only 915 g4\/3 CMOS 20-MP wide cam with mechanical shutter 56x hybrid zoom 45-minute maximum flight time\" \/>\n<meta property=\"og:url\" content=\"https:\/\/www.ghostysky.com\/es\/producto-2\/dji-mavic-3e-enterprise-worry-free-plus-combo-1-year\/\" \/>\n<meta property=\"og:site_name\" content=\"Ghostysky\" \/>\n<meta property=\"article:publisher\" content=\"https:\/\/www.facebook.com\/people\/Ghostysky\/100057676170234\/\" \/>\n<meta property=\"article:modified_time\" content=\"2024-12-28T07:31:47+00:00\" \/>\n<meta property=\"og:image\" content=\"https:\/\/www.ghostysky.com\/wp-content\/uploads\/2022\/10\/mavic3_enterprise_1.webp\" \/>\n\t<meta property=\"og:image:width\" content=\"700\" \/>\n\t<meta property=\"og:image:height\" content=\"700\" \/>\n\t<meta property=\"og:image:type\" content=\"image\/webp\" \/>\n<meta name=\"twitter:card\" content=\"summary_large_image\" \/>\n<meta name=\"twitter:site\" content=\"@Gh0stysky\" \/>\n<meta name=\"twitter:label1\" content=\"Tiempo de lectura\" \/>\n\t<meta name=\"twitter:data1\" content=\"2 minutos\" \/>\n<script type=\"application\/ld+json\" class=\"yoast-schema-graph\">{\"@context\":\"https:\/\/schema.org\",\"@graph\":[{\"@type\":\"WebPage\",\"@id\":\"https:\/\/www.ghostysky.com\/product\/dji-mavic-3e-enterprise-worry-free-plus-combo-1-year\/\",\"url\":\"https:\/\/www.ghostysky.com\/product\/dji-mavic-3e-enterprise-worry-free-plus-combo-1-year\/\",\"name\":\"DJI Mavic 3E (Enterprise) Worry-Free Plus Combo - 1 Year -\",\"isPartOf\":{\"@id\":\"https:\/\/www.ghostysky.com\/#website\"},\"primaryImageOfPage\":{\"@id\":\"https:\/\/www.ghostysky.com\/product\/dji-mavic-3e-enterprise-worry-free-plus-combo-1-year\/#primaryimage\"},\"image\":{\"@id\":\"https:\/\/www.ghostysky.com\/product\/dji-mavic-3e-enterprise-worry-free-plus-combo-1-year\/#primaryimage\"},\"thumbnailUrl\":\"https:\/\/www.ghostysky.com\/wp-content\/uploads\/2022\/10\/mavic3_enterprise_1.webp\",\"datePublished\":\"2023-03-16T18:49:47+00:00\",\"dateModified\":\"2024-12-28T07:31:47+00:00\",\"description\":\"Compact and portable, weighing only 915 g4\/3 CMOS 20-MP wide cam with mechanical shutter 56x hybrid zoom 45-minute maximum flight time\",\"breadcrumb\":{\"@id\":\"https:\/\/www.ghostysky.com\/product\/dji-mavic-3e-enterprise-worry-free-plus-combo-1-year\/#breadcrumb\"},\"inLanguage\":\"es\",\"potentialAction\":[{\"@type\":\"ReadAction\",\"target\":[\"https:\/\/www.ghostysky.com\/product\/dji-mavic-3e-enterprise-worry-free-plus-combo-1-year\/\"]}]},{\"@type\":\"ImageObject\",\"inLanguage\":\"es\",\"@id\":\"https:\/\/www.ghostysky.com\/product\/dji-mavic-3e-enterprise-worry-free-plus-combo-1-year\/#primaryimage\",\"url\":\"https:\/\/www.ghostysky.com\/wp-content\/uploads\/2022\/10\/mavic3_enterprise_1.webp\",\"contentUrl\":\"https:\/\/www.ghostysky.com\/wp-content\/uploads\/2022\/10\/mavic3_enterprise_1.webp\",\"width\":700,\"height\":700},{\"@type\":\"BreadcrumbList\",\"@id\":\"https:\/\/www.ghostysky.com\/product\/dji-mavic-3e-enterprise-worry-free-plus-combo-1-year\/#breadcrumb\",\"itemListElement\":[{\"@type\":\"ListItem\",\"position\":1,\"name\":\"Home\",\"item\":\"https:\/\/www.ghostysky.com\/\"},{\"@type\":\"ListItem\",\"position\":2,\"name\":\"Shop\",\"item\":\"https:\/\/www.ghostysky.com\/shop\/\"},{\"@type\":\"ListItem\",\"position\":3,\"name\":\"DJI Mavic 3E (Enterprise) Worry-Free Plus Combo &#8211; 1 Year\"}]},{\"@type\":\"WebSite\",\"@id\":\"https:\/\/www.ghostysky.com\/#website\",\"url\":\"https:\/\/www.ghostysky.com\/\",\"name\":\"Ghostysky\",\"description\":\"Delivering professional drones and services\",\"publisher\":{\"@id\":\"https:\/\/www.ghostysky.com\/#organization\"},\"potentialAction\":[{\"@type\":\"SearchAction\",\"target\":{\"@type\":\"EntryPoint\",\"urlTemplate\":\"https:\/\/www.ghostysky.com\/?s={search_term_string}\"},\"query-input\":{\"@type\":\"PropertyValueSpecification\",\"valueRequired\":true,\"valueName\":\"search_term_string\"}}],\"inLanguage\":\"es\"},{\"@type\":\"Organization\",\"@id\":\"https:\/\/www.ghostysky.com\/#organization\",\"name\":\"Ghostysky\",\"url\":\"https:\/\/www.ghostysky.com\/\",\"logo\":{\"@type\":\"ImageObject\",\"inLanguage\":\"es\",\"@id\":\"https:\/\/www.ghostysky.com\/#\/schema\/logo\/image\/\",\"url\":\"https:\/\/www.ghostysky.com\/wp-content\/uploads\/2020\/06\/cropped-ghostyskylogo_text_white2.png\",\"contentUrl\":\"https:\/\/www.ghostysky.com\/wp-content\/uploads\/2020\/06\/cropped-ghostyskylogo_text_white2.png\",\"width\":169,\"height\":56,\"caption\":\"Ghostysky\"},\"image\":{\"@id\":\"https:\/\/www.ghostysky.com\/#\/schema\/logo\/image\/\"},\"sameAs\":[\"https:\/\/www.facebook.com\/people\/Ghostysky\/100057676170234\/\",\"https:\/\/x.com\/Gh0stysky\",\"https:\/\/www.linkedin.com\/company\/34739653\",\"https:\/\/www.instagram.com\/gh0stysky\"]}]}<\/script>\n<!-- \/ Yoast SEO plugin. -->","yoast_head_json":{"title":"Combo DJI Mavic 3E (Enterprise) Worry-Free Plus - 1 a\u00f1o -","description":"Compacto y port\u00e1til, pesa solo 915 g CMOS 4\/3 C\u00e1mara ancha de 20 MP con obturador mec\u00e1nico Zoom h\u00edbrido de 56x Tiempo m\u00e1ximo de vuelo de 45 minutos","robots":{"index":"index","follow":"follow","max-snippet":"max-snippet:-1","max-image-preview":"max-image-preview:large","max-video-preview":"max-video-preview:-1"},"canonical":"https:\/\/www.ghostysky.com\/es\/producto-2\/dji-mavic-3e-enterprise-worry-free-plus-combo-1-year\/","og_locale":"es_ES","og_type":"article","og_title":"DJI Mavic 3E (Enterprise) Worry-Free Plus Combo - 1 Year -","og_description":"Compact and portable, weighing only 915 g4\/3 CMOS 20-MP wide cam with mechanical shutter 56x hybrid zoom 45-minute maximum flight time","og_url":"https:\/\/www.ghostysky.com\/es\/producto-2\/dji-mavic-3e-enterprise-worry-free-plus-combo-1-year\/","og_site_name":"Ghostysky","article_publisher":"https:\/\/www.facebook.com\/people\/Ghostysky\/100057676170234\/","article_modified_time":"2024-12-28T07:31:47+00:00","og_image":[{"width":700,"height":700,"url":"https:\/\/www.ghostysky.com\/wp-content\/uploads\/2022\/10\/mavic3_enterprise_1.webp","type":"image\/webp"}],"twitter_card":"summary_large_image","twitter_site":"@Gh0stysky","twitter_misc":{"Tiempo de lectura":"2 minutos"},"schema":{"@context":"https:\/\/schema.org","@graph":[{"@type":"WebPage","@id":"https:\/\/www.ghostysky.com\/product\/dji-mavic-3e-enterprise-worry-free-plus-combo-1-year\/","url":"https:\/\/www.ghostysky.com\/product\/dji-mavic-3e-enterprise-worry-free-plus-combo-1-year\/","name":"Combo DJI Mavic 3E (Enterprise) Worry-Free Plus - 1 a\u00f1o -","isPartOf":{"@id":"https:\/\/www.ghostysky.com\/#website"},"primaryImageOfPage":{"@id":"https:\/\/www.ghostysky.com\/product\/dji-mavic-3e-enterprise-worry-free-plus-combo-1-year\/#primaryimage"},"image":{"@id":"https:\/\/www.ghostysky.com\/product\/dji-mavic-3e-enterprise-worry-free-plus-combo-1-year\/#primaryimage"},"thumbnailUrl":"https:\/\/www.ghostysky.com\/wp-content\/uploads\/2022\/10\/mavic3_enterprise_1.webp","datePublished":"2023-03-16T18:49:47+00:00","dateModified":"2024-12-28T07:31:47+00:00","description":"Compacto y port\u00e1til, pesa solo 915 g CMOS 4\/3 C\u00e1mara ancha de 20 MP con obturador mec\u00e1nico Zoom h\u00edbrido de 56x Tiempo m\u00e1ximo de vuelo de 45 minutos","breadcrumb":{"@id":"https:\/\/www.ghostysky.com\/product\/dji-mavic-3e-enterprise-worry-free-plus-combo-1-year\/#breadcrumb"},"inLanguage":"es","potentialAction":[{"@type":"ReadAction","target":["https:\/\/www.ghostysky.com\/product\/dji-mavic-3e-enterprise-worry-free-plus-combo-1-year\/"]}]},{"@type":"ImageObject","inLanguage":"es","@id":"https:\/\/www.ghostysky.com\/product\/dji-mavic-3e-enterprise-worry-free-plus-combo-1-year\/#primaryimage","url":"https:\/\/www.ghostysky.com\/wp-content\/uploads\/2022\/10\/mavic3_enterprise_1.webp","contentUrl":"https:\/\/www.ghostysky.com\/wp-content\/uploads\/2022\/10\/mavic3_enterprise_1.webp","width":700,"height":700},{"@type":"BreadcrumbList","@id":"https:\/\/www.ghostysky.com\/product\/dji-mavic-3e-enterprise-worry-free-plus-combo-1-year\/#breadcrumb","itemListElement":[{"@type":"ListItem","position":1,"name":"Home","item":"https:\/\/www.ghostysky.com\/"},{"@type":"ListItem","position":2,"name":"Shop","item":"https:\/\/www.ghostysky.com\/shop\/"},{"@type":"ListItem","position":3,"name":"DJI Mavic 3E (Enterprise) Worry-Free Plus Combo &#8211; 1 Year"}]},{"@type":"WebSite","@id":"https:\/\/www.ghostysky.com\/#website","url":"https:\/\/www.ghostysky.com\/","name":"Ghostysky","description":"Entrega de drones y servicios profesionales","publisher":{"@id":"https:\/\/www.ghostysky.com\/#organization"},"potentialAction":[{"@type":"SearchAction","target":{"@type":"EntryPoint","urlTemplate":"https:\/\/www.ghostysky.com\/?s={search_term_string}"},"query-input":{"@type":"PropertyValueSpecification","valueRequired":true,"valueName":"search_term_string"}}],"inLanguage":"es"},{"@type":"Organization","@id":"https:\/\/www.ghostysky.com\/#organization","name":"Ghostysky","url":"https:\/\/www.ghostysky.com\/","logo":{"@type":"ImageObject","inLanguage":"es","@id":"https:\/\/www.ghostysky.com\/#\/schema\/logo\/image\/","url":"https:\/\/www.ghostysky.com\/wp-content\/uploads\/2020\/06\/cropped-ghostyskylogo_text_white2.png","contentUrl":"https:\/\/www.ghostysky.com\/wp-content\/uploads\/2020\/06\/cropped-ghostyskylogo_text_white2.png","width":169,"height":56,"caption":"Ghostysky"},"image":{"@id":"https:\/\/www.ghostysky.com\/#\/schema\/logo\/image\/"},"sameAs":["https:\/\/www.facebook.com\/people\/Ghostysky\/100057676170234\/","https:\/\/x.com\/Gh0stysky","https:\/\/www.linkedin.com\/company\/34739653","https:\/\/www.instagram.com\/gh0stysky"]}]}},"_links":{"self":[{"href":"https:\/\/www.ghostysky.com\/es\/wp-json\/wp\/v2\/product\/11063","targetHints":{"allow":["GET"]}}],"collection":[{"href":"https:\/\/www.ghostysky.com\/es\/wp-json\/wp\/v2\/product"}],"about":[{"href":"https:\/\/www.ghostysky.com\/es\/wp-json\/wp\/v2\/types\/product"}],"replies":[{"embeddable":true,"href":"https:\/\/www.ghostysky.com\/es\/wp-json\/wp\/v2\/comments?post=11063"}],"wp:featuredmedia":[{"embeddable":true,"href":"https:\/\/www.ghostysky.com\/es\/wp-json\/wp\/v2\/media\/10055"}],"wp:attachment":[{"href":"https:\/\/www.ghostysky.com\/es\/wp-json\/wp\/v2\/media?parent=11063"}],"wp:term":[{"taxonomy":"product_brand","embeddable":true,"href":"https:\/\/www.ghostysky.com\/es\/wp-json\/wp\/v2\/product_brand?post=11063"},{"taxonomy":"product_cat","embeddable":true,"href":"https:\/\/www.ghostysky.com\/es\/wp-json\/wp\/v2\/product_cat?post=11063"},{"taxonomy":"product_tag","embeddable":true,"href":"https:\/\/www.ghostysky.com\/es\/wp-json\/wp\/v2\/product_tag?post=11063"}],"curies":[{"name":"wp","href":"https:\/\/api.w.org\/{rel}","templated":true}]}}