{"id":11067,"date":"2023-03-16T19:04:50","date_gmt":"2023-03-16T19:04:50","guid":{"rendered":"https:\/\/www.ghostysky.com\/?post_type=product&#038;p=11067"},"modified":"2023-04-03T19:57:55","modified_gmt":"2023-04-03T19:57:55","slug":"dji-mavic-3t-thermal-worry-free-2-years-basic-combo","status":"publish","type":"product","link":"https:\/\/www.ghostysky.com\/es\/product\/dji-mavic-3t-thermal-worry-free-2-years-basic-combo\/","title":{"rendered":"DJI Mavic 3T (Thermal) \u2013 Worry-Free Basic Combo \u2013 2 a\u00f1os"},"content":{"rendered":"<div id=\"30331\" class=\"section-content\" data-hydration-on-demand=\"true\" data-ga-category=\"pt\/mavic-3-enterprise_30331\" data-gtm-vis-recent-on-screen-6907517_879=\"17109\" data-gtm-vis-first-on-screen-6907517_879=\"17109\" data-gtm-vis-total-visible-time-6907517_879=\"100\" data-gtm-vis-has-fired-6907517_879=\"1\">\n<div class=\"atom-component\" tabindex=\"0\" role=\"button\">\n<div class=\"atom-design-v1 style__hero-vertical-component___2JEHR\">\n<div id=\"\" class=\"style__hero-vertical-wrapper___2mUEj\">\n<div class=\"style__vertical-card-list___LceQJ style__vertical-top-align___3JPlu aos-init aos-animate\" data-aos=\"none\">\n<div class=\"style__vertical-card-col___3agtC\">\n<div class=\"atom-design-v1 style__hero-vertical-card___2B64y\">\n<div class=\"style__card-wrapper___3yqfZ style__vertical-center-align___3RP93 style__horizontal-left-align___3tk_z\" tabindex=\"0\" role=\"button\" data-ga-label=\"\">\n<div class=\"style__card-container___KPQkl style__size-xl___30LZE\">\n<div class=\"style__text-content-container___1aLKY\">\n<div class=\"style__icons-container___1CoW-\">\n<div class=\"style__icon-row-container___3A3EC\">\n<div class=\"style__icon-col-container___2pohI aos-init aos-animate\" data-aos=\"none\">\n<div class=\"style__icon-item___UZU5k style__image-text___7HoYo\">\n<p><strong>Estableciendo nuevos est\u00e1ndares con DJI Mavic 3 Thermal<\/strong><br \/>\nCuando se trata de peque\u00f1os drones t\u00e9rmicos comerciales, el DJI Mavic 3 Thermal est\u00e1 estableciendo nuevos est\u00e1ndares. El M3T lleva la eficiencia de mapeo, topograf\u00eda e im\u00e1genes t\u00e9rmicas a un nivel completamente nuevo con un obturador mec\u00e1nico, una c\u00e1mara con zoom de 56x y una c\u00e1mara t\u00e9rmica de 640 \u00d7 512 px.<\/p>\n<p>Est\u00e1 dise\u00f1ado para funcionar en misiones prolongadas, lo que lo hace ideal tanto para pilotos novatos como experimentados. Y dado que tiene capacidades de imagen t\u00e9rmica, el dron tambi\u00e9n es perfecto para operaciones nocturnas, b\u00fasqueda y rescate, inspecci\u00f3n y extinci\u00f3n de incendios.<\/p>\n<\/div>\n<p><strong>Portabilidad y eficiencia operativa<\/strong><br \/>\nCon un peso aproximado de 920 g, DJI Mavic 3 Thermal es uno de los drones empresariales m\u00e1s ligeros y compactos del mercado. Se puede desplegar r\u00e1pidamente y se puede sujetar f\u00e1cilmente con una mano.<\/p>\n<p>Las bater\u00edas de la aeronave est\u00e1n optimizadas para la resistencia. Con un tiempo de vuelo de 45 minutos a plena carga, puede inspeccionar hasta 2 kil\u00f3metros cuadrados en un solo viaje, lo que aumenta la cantidad de terreno que puede cubrir en cada misi\u00f3n.<\/p>\n<p>Despu\u00e9s del vuelo, puede cargar directamente el dron con 88 W o usar un centro de carga de 100 W para cargar las bater\u00edas r\u00e1pidamente.<\/p>\n<p><a href=\"https:\/\/www.ghostysky.com\/wp-content\/uploads\/2022\/10\/MAvic3_Thermal.jpg\"><img fetchpriority=\"high\" decoding=\"async\" class=\"aligncenter wp-image-10042\" src=\"https:\/\/www.ghostysky.com\/wp-content\/uploads\/2022\/10\/MAvic3_Thermal.jpg\" alt=\"\" width=\"694\" height=\"463\" srcset=\"https:\/\/www.ghostysky.com\/wp-content\/uploads\/2022\/10\/MAvic3_Thermal.jpg 2000w, https:\/\/www.ghostysky.com\/wp-content\/uploads\/2022\/10\/MAvic3_Thermal-300x200.jpg 300w, https:\/\/www.ghostysky.com\/wp-content\/uploads\/2022\/10\/MAvic3_Thermal-1024x683.jpg 1024w, https:\/\/www.ghostysky.com\/wp-content\/uploads\/2022\/10\/MAvic3_Thermal-768x512.jpg 768w, https:\/\/www.ghostysky.com\/wp-content\/uploads\/2022\/10\/MAvic3_Thermal-1536x1025.jpg 1536w, https:\/\/www.ghostysky.com\/wp-content\/uploads\/2022\/10\/MAvic3_Thermal-18x12.jpg 18w, https:\/\/www.ghostysky.com\/wp-content\/uploads\/2022\/10\/MAvic3_Thermal-720x480.jpg 720w, https:\/\/www.ghostysky.com\/wp-content\/uploads\/2022\/10\/MAvic3_Thermal-600x400.jpg 600w\" sizes=\"(max-width: 694px) 100vw, 694px\" \/><\/a><\/p>\n<p><strong>Mapeo y topograf\u00eda mejorados incluso de noche<\/strong><br \/>\nEl DJI Mavic 3 Thermal tiene la misma telec\u00e1mara que el Mavic 3 Enterprise, una c\u00e1mara de 48 MP con sensor CMOS de 1\/2\u2033, as\u00ed como una c\u00e1mara t\u00e9rmica con Display Field of View (DFOV) de 61\u00b0 y equivalente distancia focal de 40 mm con resoluci\u00f3n de 640 512 px.<\/p>\n<p>Esta variante t\u00e9rmica fue dise\u00f1ada para satisfacer las necesidades \u00fanicas de las operaciones a\u00e9reas en extinci\u00f3n de incendios, b\u00fasqueda y rescate, inspecciones y misiones nocturnas.<\/p>\n<p>Para ayudar a los profesionales a localizar puntos de acceso y tomar decisiones r\u00e1pidas, la c\u00e1mara t\u00e9rmica del Mavic 3T proporciona medici\u00f3n de temperatura de puntos y \u00e1reas, alarmas de alta temperatura, paletas de colores e isotermas.<\/p>\n<p>Las c\u00e1maras t\u00e9rmicas y de zoom del dron ofrecen 28 zoom digital continuo de lado a lado para comparaciones simples con zoom de pantalla dividida simult\u00e1nea.<\/p>\n<p><strong>Transmisi\u00f3n de imagen \u00f3ptima<\/strong><br \/>\nEl dron DJI Mavic 3 Thermal puede volar m\u00e1s lejos y transmitir se\u00f1ales con m\u00e1s estabilidad gracias a DJI O3 Enterprise Transmission, que permite un rango de control m\u00e1ximo de 15 km. Esto les da a los pilotos m\u00e1s confianza al volar.<\/p>\n<p>El avi\u00f3n tambi\u00e9n ofrece una transmisi\u00f3n en vivo de alta velocidad de cuadro de 1080p\/30fps. La distancia de transmisi\u00f3n es un indicador de la intensidad de la se\u00f1al.<\/p>\n<p>&nbsp;<\/p>\n<\/div>\n<p><a href=\"https:\/\/www.ghostysky.com\/wp-content\/uploads\/2022\/10\/Mavic3_Therma_2.webp\"><img decoding=\"async\" class=\"wp-image-10043 aligncenter lazyload\" src=\"datos:imagen\/gif;base64,R0lGODlhAQABAAAAACH5BAEKAAEALAAAAAABAAEAAAICTAEAOw==\" alt=\"\" width=\"776\" height=\"517\" sizes=\"(max-width: 776px) 100vw, 776px\" data-src=\"datos:imagen\/gif;base64,R0lGODlhAQABAAAAACH5BAEKAAEALAAAAAABAAEAAAICTAEAOw==\" data-srcset=\"\" srcset=\"\"><\/a><\/p>\n<p><strong>Seguridad de vuelo una prioridad<\/strong><br \/>\nDJI siempre ha estado a la vanguardia del mercado de drones en t\u00e9rminos de creaci\u00f3n de caracter\u00edsticas de seguridad de vanguardia, y DJI Mavic 3T contin\u00faa con esta tradici\u00f3n con mejores algoritmos de detecci\u00f3n y navegaci\u00f3n de objetos que brindan a los pilotos de drones la direcci\u00f3n que necesitan para permanecer seguros.<\/p>\n<p>El dron M3T tiene DJI AirSense, que recopila se\u00f1ales ADS-B de los aviones convencionales circundantes para alertar a los pilotos de drones sobre la actividad a\u00e9rea cercana. Tambi\u00e9n se instalaron seis sensores de ojo de pez omnidireccionales, lo que permite que el nuevo y mejorado sistema DJI APAS 5.0 detecte obst\u00e1culos sin puntos ciegos.<\/p>\n<p><strong>En el cuadro:<\/strong><\/p>\n<ul>\n<li>1 avi\u00f3n Mavic 3T<\/li>\n<li>1x bater\u00eda de vuelo inteligente Mavic 3<\/li>\n<li>1 tarjeta microSD de 64 GB.<\/li>\n<li>1 protector de card\u00e1n.<\/li>\n<li>3 h\u00e9lices Mavic 3 Enterprise Series (par)<\/li>\n<li>1x RC Pro empresa<\/li>\n<li>1x destornillador<\/li>\n<li>1 adaptador de corriente USB-C (100 W)<\/li>\n<li>1 cable de CA adaptador de corriente de 100 W.<\/li>\n<li>1 cable USB-C.<\/li>\n<li>1x cable USB-C a USB-C<\/li>\n<li>1 funda protectora.<\/li>\n<\/ul>\n<\/div>\n<\/div>\n<\/div>\n<\/div>\n<\/div>\n<\/div>\n<\/div>\n<\/div>\n<\/div>\n<\/div>\n<\/div>\n<\/div>","protected":false},"excerpt":{"rendered":"<ul>\n<li>Compacto y port\u00e1til, con un peso de solo 920 g<\/li>\n<li>C\u00e1mara t\u00e9rmica de 61\u00b0 DFOV y 640 \u00d7 512 px<\/li>\n<li>C\u00e1mara ancha de 24 mm y 48 MP con obturador mec\u00e1nico<\/li>\n<li>zoom h\u00edbrido 56x<\/li>\n<li>tiempo m\u00e1ximo de vuelo de 45 minutos<\/li>\n<li>Transmisi\u00f3n de im\u00e1genes DJI O3 Enterprise<\/li>\n<li>Evasi\u00f3n de obst\u00e1culos omnidireccional<\/li>\n<\/ul>\n<p>-&gt; <strong>Combo b\u00e1sico sin preocupaciones DJI Mavic 3T - 1 a\u00f1o<\/strong><\/p>\n<p>-&gt; <strong>Combo b\u00e1sico sin preocupaciones DJI Mavic 3T - 2 a\u00f1os<\/strong><\/p>\n<p>-&gt; <strong>Combo DJI Mavic 3T Worry-Free Plus \u2013 1 a\u00f1o<\/strong><\/p>","protected":false},"featured_media":10049,"comment_status":"open","ping_status":"closed","template":"","meta":[],"product_brand":[],"product_cat":[37,429,29,431],"product_tag":[42,432,433,391],"class_list":{"0":"post-11067","1":"product","2":"type-product","3":"status-publish","4":"has-post-thumbnail","6":"product_cat-dji","7":"product_cat-dji-mavic3-ent","8":"product_cat-drones","9":"product_cat-drones-dji-mavic3-ent","10":"product_tag-dji","11":"product_tag-dji-mavic3","12":"product_tag-dji-mavic3-drone","13":"product_tag-thermal","15":"first","16":"onbackorder","17":"taxable","18":"shipping-taxable","19":"product-type-simple"},"yoast_head":"<!-- This site is optimized with the Yoast SEO plugin v27.1.1 - https:\/\/yoast.com\/product\/yoast-seo-wordpress\/ -->\n<title>DJI Mavic 3T (Thermal) - Worry-Free Basic Combo - 2 years -<\/title>\n<meta name=\"description\" content=\"Compact and portable, weighing only 920 g61\u00b0 DFOV and 640 \u00d7 512 px thermal camera 24mm, 48MP wide cam with mechanical shutter 56x hybrid zoom\" \/>\n<meta name=\"robots\" content=\"index, follow, max-snippet:-1, max-image-preview:large, max-video-preview:-1\" \/>\n<link rel=\"canonical\" href=\"https:\/\/www.ghostysky.com\/es\/producto-2\/dji-mavic-3t-thermal-worry-free-2-years-basic-combo\/\" \/>\n<meta property=\"og:locale\" content=\"es_ES\" \/>\n<meta property=\"og:type\" content=\"article\" \/>\n<meta property=\"og:title\" content=\"DJI Mavic 3T (Thermal) - Worry-Free Basic Combo - 2 years -\" \/>\n<meta property=\"og:description\" content=\"Compact and portable, weighing only 920 g61\u00b0 DFOV and 640 \u00d7 512 px thermal camera 24mm, 48MP wide cam with mechanical shutter 56x hybrid zoom\" \/>\n<meta property=\"og:url\" content=\"https:\/\/www.ghostysky.com\/es\/producto-2\/dji-mavic-3t-thermal-worry-free-2-years-basic-combo\/\" \/>\n<meta property=\"og:site_name\" content=\"Ghostysky\" \/>\n<meta property=\"article:publisher\" content=\"https:\/\/www.facebook.com\/people\/Ghostysky\/100057676170234\/\" \/>\n<meta property=\"article:modified_time\" content=\"2023-04-03T19:57:55+00:00\" \/>\n<meta property=\"og:image\" content=\"https:\/\/www.ghostysky.com\/wp-content\/uploads\/2022\/10\/DJIMAvic3Thermal_01.jpg\" \/>\n\t<meta property=\"og:image:width\" content=\"735\" \/>\n\t<meta property=\"og:image:height\" content=\"735\" \/>\n\t<meta property=\"og:image:type\" content=\"image\/jpeg\" \/>\n<meta name=\"twitter:card\" content=\"summary_large_image\" \/>\n<meta name=\"twitter:site\" content=\"@Gh0stysky\" \/>\n<meta name=\"twitter:label1\" content=\"Tiempo de lectura\" \/>\n\t<meta name=\"twitter:data1\" content=\"3 minutos\" \/>\n<script type=\"application\/ld+json\" class=\"yoast-schema-graph\">{\"@context\":\"https:\/\/schema.org\",\"@graph\":[{\"@type\":\"WebPage\",\"@id\":\"https:\/\/www.ghostysky.com\/product\/dji-mavic-3t-thermal-worry-free-2-years-basic-combo\/\",\"url\":\"https:\/\/www.ghostysky.com\/product\/dji-mavic-3t-thermal-worry-free-2-years-basic-combo\/\",\"name\":\"DJI Mavic 3T (Thermal) - Worry-Free Basic Combo - 2 years -\",\"isPartOf\":{\"@id\":\"https:\/\/www.ghostysky.com\/#website\"},\"primaryImageOfPage\":{\"@id\":\"https:\/\/www.ghostysky.com\/product\/dji-mavic-3t-thermal-worry-free-2-years-basic-combo\/#primaryimage\"},\"image\":{\"@id\":\"https:\/\/www.ghostysky.com\/product\/dji-mavic-3t-thermal-worry-free-2-years-basic-combo\/#primaryimage\"},\"thumbnailUrl\":\"https:\/\/www.ghostysky.com\/wp-content\/uploads\/2022\/10\/DJIMAvic3Thermal_01.jpg\",\"datePublished\":\"2023-03-16T19:04:50+00:00\",\"dateModified\":\"2023-04-03T19:57:55+00:00\",\"description\":\"Compact and portable, weighing only 920 g61\u00b0 DFOV and 640 \u00d7 512 px thermal camera 24mm, 48MP wide cam with mechanical shutter 56x hybrid zoom\",\"breadcrumb\":{\"@id\":\"https:\/\/www.ghostysky.com\/product\/dji-mavic-3t-thermal-worry-free-2-years-basic-combo\/#breadcrumb\"},\"inLanguage\":\"es\",\"potentialAction\":[{\"@type\":\"ReadAction\",\"target\":[\"https:\/\/www.ghostysky.com\/product\/dji-mavic-3t-thermal-worry-free-2-years-basic-combo\/\"]}]},{\"@type\":\"ImageObject\",\"inLanguage\":\"es\",\"@id\":\"https:\/\/www.ghostysky.com\/product\/dji-mavic-3t-thermal-worry-free-2-years-basic-combo\/#primaryimage\",\"url\":\"https:\/\/www.ghostysky.com\/wp-content\/uploads\/2022\/10\/DJIMAvic3Thermal_01.jpg\",\"contentUrl\":\"https:\/\/www.ghostysky.com\/wp-content\/uploads\/2022\/10\/DJIMAvic3Thermal_01.jpg\",\"width\":735,\"height\":735},{\"@type\":\"BreadcrumbList\",\"@id\":\"https:\/\/www.ghostysky.com\/product\/dji-mavic-3t-thermal-worry-free-2-years-basic-combo\/#breadcrumb\",\"itemListElement\":[{\"@type\":\"ListItem\",\"position\":1,\"name\":\"Home\",\"item\":\"https:\/\/www.ghostysky.com\/\"},{\"@type\":\"ListItem\",\"position\":2,\"name\":\"Shop\",\"item\":\"https:\/\/www.ghostysky.com\/shop\/\"},{\"@type\":\"ListItem\",\"position\":3,\"name\":\"DJI Mavic 3T (Thermal) &#8211; Worry-Free Basic Combo &#8211; 2 years\"}]},{\"@type\":\"WebSite\",\"@id\":\"https:\/\/www.ghostysky.com\/#website\",\"url\":\"https:\/\/www.ghostysky.com\/\",\"name\":\"Ghostysky\",\"description\":\"Delivering professional drones and services\",\"publisher\":{\"@id\":\"https:\/\/www.ghostysky.com\/#organization\"},\"potentialAction\":[{\"@type\":\"SearchAction\",\"target\":{\"@type\":\"EntryPoint\",\"urlTemplate\":\"https:\/\/www.ghostysky.com\/?s={search_term_string}\"},\"query-input\":{\"@type\":\"PropertyValueSpecification\",\"valueRequired\":true,\"valueName\":\"search_term_string\"}}],\"inLanguage\":\"es\"},{\"@type\":\"Organization\",\"@id\":\"https:\/\/www.ghostysky.com\/#organization\",\"name\":\"Ghostysky\",\"url\":\"https:\/\/www.ghostysky.com\/\",\"logo\":{\"@type\":\"ImageObject\",\"inLanguage\":\"es\",\"@id\":\"https:\/\/www.ghostysky.com\/#\/schema\/logo\/image\/\",\"url\":\"https:\/\/www.ghostysky.com\/wp-content\/uploads\/2020\/06\/cropped-ghostyskylogo_text_white2.png\",\"contentUrl\":\"https:\/\/www.ghostysky.com\/wp-content\/uploads\/2020\/06\/cropped-ghostyskylogo_text_white2.png\",\"width\":169,\"height\":56,\"caption\":\"Ghostysky\"},\"image\":{\"@id\":\"https:\/\/www.ghostysky.com\/#\/schema\/logo\/image\/\"},\"sameAs\":[\"https:\/\/www.facebook.com\/people\/Ghostysky\/100057676170234\/\",\"https:\/\/x.com\/Gh0stysky\",\"https:\/\/www.linkedin.com\/company\/34739653\",\"https:\/\/www.instagram.com\/gh0stysky\"]}]}<\/script>\n<!-- \/ Yoast SEO plugin. -->","yoast_head_json":{"title":"DJI Mavic 3T (T\u00e9rmico) - Combo b\u00e1sico sin preocupaciones - 2 a\u00f1os -","description":"Compacto y port\u00e1til, con un peso de solo 920 g C\u00e1mara t\u00e9rmica DFOV de 61\u00b0 y 640 \u00d7 512 px C\u00e1mara gran angular de 24 mm y 48 MP con obturador mec\u00e1nico Zoom h\u00edbrido de 56x","robots":{"index":"index","follow":"follow","max-snippet":"max-snippet:-1","max-image-preview":"max-image-preview:large","max-video-preview":"max-video-preview:-1"},"canonical":"https:\/\/www.ghostysky.com\/es\/producto-2\/dji-mavic-3t-thermal-worry-free-2-years-basic-combo\/","og_locale":"es_ES","og_type":"article","og_title":"DJI Mavic 3T (Thermal) - Worry-Free Basic Combo - 2 years -","og_description":"Compact and portable, weighing only 920 g61\u00b0 DFOV and 640 \u00d7 512 px thermal camera 24mm, 48MP wide cam with mechanical shutter 56x hybrid zoom","og_url":"https:\/\/www.ghostysky.com\/es\/producto-2\/dji-mavic-3t-thermal-worry-free-2-years-basic-combo\/","og_site_name":"Ghostysky","article_publisher":"https:\/\/www.facebook.com\/people\/Ghostysky\/100057676170234\/","article_modified_time":"2023-04-03T19:57:55+00:00","og_image":[{"width":735,"height":735,"url":"https:\/\/www.ghostysky.com\/wp-content\/uploads\/2022\/10\/DJIMAvic3Thermal_01.jpg","type":"image\/jpeg"}],"twitter_card":"summary_large_image","twitter_site":"@Gh0stysky","twitter_misc":{"Tiempo de lectura":"3 minutos"},"schema":{"@context":"https:\/\/schema.org","@graph":[{"@type":"WebPage","@id":"https:\/\/www.ghostysky.com\/product\/dji-mavic-3t-thermal-worry-free-2-years-basic-combo\/","url":"https:\/\/www.ghostysky.com\/product\/dji-mavic-3t-thermal-worry-free-2-years-basic-combo\/","name":"DJI Mavic 3T (T\u00e9rmico) - Combo b\u00e1sico sin preocupaciones - 2 a\u00f1os -","isPartOf":{"@id":"https:\/\/www.ghostysky.com\/#website"},"primaryImageOfPage":{"@id":"https:\/\/www.ghostysky.com\/product\/dji-mavic-3t-thermal-worry-free-2-years-basic-combo\/#primaryimage"},"image":{"@id":"https:\/\/www.ghostysky.com\/product\/dji-mavic-3t-thermal-worry-free-2-years-basic-combo\/#primaryimage"},"thumbnailUrl":"https:\/\/www.ghostysky.com\/wp-content\/uploads\/2022\/10\/DJIMAvic3Thermal_01.jpg","datePublished":"2023-03-16T19:04:50+00:00","dateModified":"2023-04-03T19:57:55+00:00","description":"Compacto y port\u00e1til, con un peso de solo 920 g C\u00e1mara t\u00e9rmica DFOV de 61\u00b0 y 640 \u00d7 512 px C\u00e1mara gran angular de 24 mm y 48 MP con obturador mec\u00e1nico Zoom h\u00edbrido de 56x","breadcrumb":{"@id":"https:\/\/www.ghostysky.com\/product\/dji-mavic-3t-thermal-worry-free-2-years-basic-combo\/#breadcrumb"},"inLanguage":"es","potentialAction":[{"@type":"ReadAction","target":["https:\/\/www.ghostysky.com\/product\/dji-mavic-3t-thermal-worry-free-2-years-basic-combo\/"]}]},{"@type":"ImageObject","inLanguage":"es","@id":"https:\/\/www.ghostysky.com\/product\/dji-mavic-3t-thermal-worry-free-2-years-basic-combo\/#primaryimage","url":"https:\/\/www.ghostysky.com\/wp-content\/uploads\/2022\/10\/DJIMAvic3Thermal_01.jpg","contentUrl":"https:\/\/www.ghostysky.com\/wp-content\/uploads\/2022\/10\/DJIMAvic3Thermal_01.jpg","width":735,"height":735},{"@type":"BreadcrumbList","@id":"https:\/\/www.ghostysky.com\/product\/dji-mavic-3t-thermal-worry-free-2-years-basic-combo\/#breadcrumb","itemListElement":[{"@type":"ListItem","position":1,"name":"Home","item":"https:\/\/www.ghostysky.com\/"},{"@type":"ListItem","position":2,"name":"Shop","item":"https:\/\/www.ghostysky.com\/shop\/"},{"@type":"ListItem","position":3,"name":"DJI Mavic 3T (Thermal) &#8211; Worry-Free Basic Combo &#8211; 2 years"}]},{"@type":"WebSite","@id":"https:\/\/www.ghostysky.com\/#website","url":"https:\/\/www.ghostysky.com\/","name":"Ghostysky","description":"Entrega de drones y servicios profesionales","publisher":{"@id":"https:\/\/www.ghostysky.com\/#organization"},"potentialAction":[{"@type":"SearchAction","target":{"@type":"EntryPoint","urlTemplate":"https:\/\/www.ghostysky.com\/?s={search_term_string}"},"query-input":{"@type":"PropertyValueSpecification","valueRequired":true,"valueName":"search_term_string"}}],"inLanguage":"es"},{"@type":"Organization","@id":"https:\/\/www.ghostysky.com\/#organization","name":"Ghostysky","url":"https:\/\/www.ghostysky.com\/","logo":{"@type":"ImageObject","inLanguage":"es","@id":"https:\/\/www.ghostysky.com\/#\/schema\/logo\/image\/","url":"https:\/\/www.ghostysky.com\/wp-content\/uploads\/2020\/06\/cropped-ghostyskylogo_text_white2.png","contentUrl":"https:\/\/www.ghostysky.com\/wp-content\/uploads\/2020\/06\/cropped-ghostyskylogo_text_white2.png","width":169,"height":56,"caption":"Ghostysky"},"image":{"@id":"https:\/\/www.ghostysky.com\/#\/schema\/logo\/image\/"},"sameAs":["https:\/\/www.facebook.com\/people\/Ghostysky\/100057676170234\/","https:\/\/x.com\/Gh0stysky","https:\/\/www.linkedin.com\/company\/34739653","https:\/\/www.instagram.com\/gh0stysky"]}]}},"_links":{"self":[{"href":"https:\/\/www.ghostysky.com\/es\/wp-json\/wp\/v2\/product\/11067","targetHints":{"allow":["GET"]}}],"collection":[{"href":"https:\/\/www.ghostysky.com\/es\/wp-json\/wp\/v2\/product"}],"about":[{"href":"https:\/\/www.ghostysky.com\/es\/wp-json\/wp\/v2\/types\/product"}],"replies":[{"embeddable":true,"href":"https:\/\/www.ghostysky.com\/es\/wp-json\/wp\/v2\/comments?post=11067"}],"wp:featuredmedia":[{"embeddable":true,"href":"https:\/\/www.ghostysky.com\/es\/wp-json\/wp\/v2\/media\/10049"}],"wp:attachment":[{"href":"https:\/\/www.ghostysky.com\/es\/wp-json\/wp\/v2\/media?parent=11067"}],"wp:term":[{"taxonomy":"product_brand","embeddable":true,"href":"https:\/\/www.ghostysky.com\/es\/wp-json\/wp\/v2\/product_brand?post=11067"},{"taxonomy":"product_cat","embeddable":true,"href":"https:\/\/www.ghostysky.com\/es\/wp-json\/wp\/v2\/product_cat?post=11067"},{"taxonomy":"product_tag","embeddable":true,"href":"https:\/\/www.ghostysky.com\/es\/wp-json\/wp\/v2\/product_tag?post=11067"}],"curies":[{"name":"wp","href":"https:\/\/api.w.org\/{rel}","templated":true}]}}