{"id":11072,"date":"2023-03-16T19:17:50","date_gmt":"2023-03-16T19:17:50","guid":{"rendered":"https:\/\/www.ghostysky.com\/?post_type=product&#038;p=11072"},"modified":"2023-04-03T20:02:03","modified_gmt":"2023-04-03T20:02:03","slug":"dji-mavic-3m-multispectral-free-basic-combo-2-years","status":"publish","type":"product","link":"https:\/\/www.ghostysky.com\/es\/product\/dji-mavic-3m-multispectral-free-basic-combo-2-years\/","title":{"rendered":"DJI Mavic 3M (Multispectral) \u2013 Free Basic Combo \u2013 2 a\u00f1os"},"content":{"rendered":"<div style=\"text-align: left;\">La combinaci\u00f3n del Mavic 3 Multispectral con un dron DJI Agras aumentar\u00e1 la precisi\u00f3n de la pulverizaci\u00f3n y har\u00e1 posible la misi\u00f3n de pulverizaci\u00f3n por prescripci\u00f3n. Las misiones de rociado con prescripci\u00f3n permiten a los usuarios de Agras rociar una dosis mayor en las \u00e1reas afectadas con un \u00edndice NDVI m\u00e1s bajo y rociar menos cantidad en la parte sana de un campo que tiene un \u00edndice NDVI m\u00e1s alto. Todo esto es posible con la ayuda del dron multiespectral DJI Mavic 3.<\/div>\n<div style=\"text-align: left;\"><\/div>\n<div style=\"text-align: left;\">La topograf\u00eda a\u00e9rea efectiva necesita ver lo invisible. Es por eso que Mavic 3 Multispectral tiene dos formas de vista. Combina una c\u00e1mara RGB con una c\u00e1mara multiespectral para escanear y analizar el crecimiento de los cultivos con total claridad. La gesti\u00f3n de la producci\u00f3n agr\u00edcola requiere precisi\u00f3n y datos, y Mavic 3M ofrece ambos.<\/div>\n<div style=\"text-align: left;\"><\/div>\n<div style=\"text-align: left;\">\n<div class=\"style__imaging-system-text-wrapper___2HW_w\">\n<div class=\"style__imaging-system-text-duration-content___2hvpA\">\n<div class=\"style__text-content-lightImageSystemText___3b1rV\">\n<h2>El sistema de im\u00e1genes altamente integrado<\/h2>\n<div class=\"\">\n<p class=\"style__text-content-ImageSystemDesc___2SxKq\">Sistema de im\u00e1genes recientemente actualizado con una<strong>\u00a0C\u00e1mara RGB de 20MP<\/strong>\u00a0y cuatro\u00a0<strong>C\u00e1maras multiespectrales de 5MP (verde, rojo, borde rojo e infrarrojo cercano)<\/strong>. Habilita aplicaciones tales como topograf\u00eda a\u00e9rea de alta precisi\u00f3n, monitoreo del crecimiento de cultivos y encuestas de recursos naturales.<\/p>\n<h2 class=\"style__light-intensity-sensor-text-title___U2x2h\">Sensor de luz solar<\/h2>\n<p class=\"style__light-intensity-sensor-text-desc___3LbK4\">El sensor de luz solar incorporado captura la radiaci\u00f3n solar y la registra en un archivo de imagen, lo que permite la compensaci\u00f3n de luz de los datos de la imagen durante la reconstrucci\u00f3n 2D. Esto da como resultado resultados de NDVI m\u00e1s precisos, as\u00ed como una mayor precisi\u00f3n y consistencia de los datos adquiridos a lo largo del tiempo.<\/p>\n<h2 class=\"style__light-intensity-sensor-text-desc___3LbK4\">M\u00f3dulo RTK<\/h2>\n<h3 class=\"style__light-intensity-sensor-text-desc___3LbK4\">Im\u00e1genes precisas que capturan cada p\u00edxel<\/h3>\n<p class=\"style__light-intensity-sensor-text-desc___3LbK4\">Mavic 3M con m\u00f3dulo RTK para posicionamiento a nivel de cent\u00edmetros. El control de vuelo, la c\u00e1mara y el m\u00f3dulo RTK se sincronizan en microsegundos para capturar con precisi\u00f3n la ubicaci\u00f3n del centro de im\u00e1genes de cada c\u00e1mara. Esto permite que Mavic 3M realice levantamientos topogr\u00e1ficos a\u00e9reos de alta precisi\u00f3n sin utilizar puntos de control en tierra.<\/p>\n<h3>EN EL CUADRO<\/h3>\n<p>En el cuadro:<\/p>\n<ul>\n<li>1x DJI Mavic 3 multiespectral<\/li>\n<li>1x DJI RC Pro<\/li>\n<li>1 m\u00f3dulo DJI RTK<\/li>\n<li>3x h\u00e9lice (par)<\/li>\n<li>1x cargador DJI<\/li>\n<li>1 cable de alimentaci\u00f3n.<\/li>\n<li>1 cable USB-C.<\/li>\n<li>1x cable USB-C a USB-C<\/li>\n<li>1 estuche de transporte DJI<\/li>\n<li>1x destornillador<\/li>\n<li>Manuales<\/li>\n<\/ul>\n<\/div>\n<\/div>\n<\/div>\n<\/div>\n<\/div>","protected":false},"excerpt":{"rendered":"<p>DJI Mavic 3 Multispectral, tambi\u00e9n conocido como DJI Mavic 3M o DJI M3M, ha reemplazado al Phantom 4 Multispectral para el mapeo multiespectral y NDVI.<\/p>\n<ul>\n<li>Compacto y port\u00e1til<\/li>\n<li>C\u00e1mara multiespectral<\/li>\n<li>camara rgb<\/li>\n<li>Seguro y estable<\/li>\n<li>Posicionamiento preciso<\/li>\n<li>Topograf\u00eda a\u00e9rea eficiente<\/li>\n<\/ul>\n<p>-&gt; <strong>Combo b\u00e1sico sin preocupaciones DJI Mavic 3M - 1 a\u00f1o<\/strong><\/p>\n<p>-&gt; <strong>Combo b\u00e1sico sin preocupaciones DJI Mavic 3M - 2 a\u00f1os<\/strong><\/p>\n<p>&nbsp;<\/p>","protected":false},"featured_media":11010,"comment_status":"open","ping_status":"closed","template":"","meta":[],"product_brand":[],"product_cat":[37,429,29,431],"product_tag":[42,432,493],"class_list":{"0":"post-11072","1":"product","2":"type-product","3":"status-publish","4":"has-post-thumbnail","6":"product_cat-dji","7":"product_cat-dji-mavic3-ent","8":"product_cat-drones","9":"product_cat-drones-dji-mavic3-ent","10":"product_tag-dji","11":"product_tag-dji-mavic3","12":"product_tag-mavic-3m","14":"first","15":"onbackorder","16":"taxable","17":"shipping-taxable","18":"product-type-simple"},"yoast_head":"<!-- This site is optimized with the Yoast SEO plugin v27.1.1 - https:\/\/yoast.com\/product\/yoast-seo-wordpress\/ -->\n<title>DJI Mavic 3M (Multispectral) - Free Basic Combo - 2 Years -<\/title>\n<meta name=\"description\" content=\"DJI Mavic 3 Multispectral, also known as DJI Mavic 3M or DJI M3M, has replaced the Phantom 4 Multispectral for multispectral and NDVI mapping.\" \/>\n<meta name=\"robots\" content=\"index, follow, max-snippet:-1, max-image-preview:large, max-video-preview:-1\" \/>\n<link rel=\"canonical\" href=\"https:\/\/www.ghostysky.com\/es\/producto-2\/dji-mavic-3m-multispectral-free-basic-combo-2-years\/\" \/>\n<meta property=\"og:locale\" content=\"es_ES\" \/>\n<meta property=\"og:type\" content=\"article\" \/>\n<meta property=\"og:title\" content=\"DJI Mavic 3M (Multispectral) - Free Basic Combo - 2 Years -\" \/>\n<meta property=\"og:description\" content=\"DJI Mavic 3 Multispectral, also known as DJI Mavic 3M or DJI M3M, has replaced the Phantom 4 Multispectral for multispectral and NDVI mapping.\" \/>\n<meta property=\"og:url\" content=\"https:\/\/www.ghostysky.com\/es\/producto-2\/dji-mavic-3m-multispectral-free-basic-combo-2-years\/\" \/>\n<meta property=\"og:site_name\" content=\"Ghostysky\" \/>\n<meta property=\"article:publisher\" content=\"https:\/\/www.facebook.com\/people\/Ghostysky\/100057676170234\/\" \/>\n<meta property=\"article:modified_time\" content=\"2023-04-03T20:02:03+00:00\" \/>\n<meta property=\"og:image\" content=\"https:\/\/www.ghostysky.com\/wp-content\/uploads\/2023\/03\/GH_drone-mavic-3-multispectral.webp\" \/>\n\t<meta property=\"og:image:width\" content=\"1920\" \/>\n\t<meta property=\"og:image:height\" content=\"1080\" \/>\n\t<meta property=\"og:image:type\" content=\"image\/webp\" \/>\n<meta name=\"twitter:card\" content=\"summary_large_image\" \/>\n<meta name=\"twitter:site\" content=\"@Gh0stysky\" \/>\n<meta name=\"twitter:label1\" content=\"Tiempo de lectura\" \/>\n\t<meta name=\"twitter:data1\" content=\"2 minutos\" \/>\n<script type=\"application\/ld+json\" class=\"yoast-schema-graph\">{\"@context\":\"https:\/\/schema.org\",\"@graph\":[{\"@type\":\"WebPage\",\"@id\":\"https:\/\/www.ghostysky.com\/product\/dji-mavic-3m-multispectral-free-basic-combo-2-years\/\",\"url\":\"https:\/\/www.ghostysky.com\/product\/dji-mavic-3m-multispectral-free-basic-combo-2-years\/\",\"name\":\"DJI Mavic 3M (Multispectral) - Free Basic Combo - 2 Years -\",\"isPartOf\":{\"@id\":\"https:\/\/www.ghostysky.com\/#website\"},\"primaryImageOfPage\":{\"@id\":\"https:\/\/www.ghostysky.com\/product\/dji-mavic-3m-multispectral-free-basic-combo-2-years\/#primaryimage\"},\"image\":{\"@id\":\"https:\/\/www.ghostysky.com\/product\/dji-mavic-3m-multispectral-free-basic-combo-2-years\/#primaryimage\"},\"thumbnailUrl\":\"https:\/\/www.ghostysky.com\/wp-content\/uploads\/2023\/03\/GH_drone-mavic-3-multispectral.webp\",\"datePublished\":\"2023-03-16T19:17:50+00:00\",\"dateModified\":\"2023-04-03T20:02:03+00:00\",\"description\":\"DJI Mavic 3 Multispectral, also known as DJI Mavic 3M or DJI M3M, has replaced the Phantom 4 Multispectral for multispectral and NDVI mapping.\",\"breadcrumb\":{\"@id\":\"https:\/\/www.ghostysky.com\/product\/dji-mavic-3m-multispectral-free-basic-combo-2-years\/#breadcrumb\"},\"inLanguage\":\"es\",\"potentialAction\":[{\"@type\":\"ReadAction\",\"target\":[\"https:\/\/www.ghostysky.com\/product\/dji-mavic-3m-multispectral-free-basic-combo-2-years\/\"]}]},{\"@type\":\"ImageObject\",\"inLanguage\":\"es\",\"@id\":\"https:\/\/www.ghostysky.com\/product\/dji-mavic-3m-multispectral-free-basic-combo-2-years\/#primaryimage\",\"url\":\"https:\/\/www.ghostysky.com\/wp-content\/uploads\/2023\/03\/GH_drone-mavic-3-multispectral.webp\",\"contentUrl\":\"https:\/\/www.ghostysky.com\/wp-content\/uploads\/2023\/03\/GH_drone-mavic-3-multispectral.webp\",\"width\":1920,\"height\":1080},{\"@type\":\"BreadcrumbList\",\"@id\":\"https:\/\/www.ghostysky.com\/product\/dji-mavic-3m-multispectral-free-basic-combo-2-years\/#breadcrumb\",\"itemListElement\":[{\"@type\":\"ListItem\",\"position\":1,\"name\":\"Home\",\"item\":\"https:\/\/www.ghostysky.com\/\"},{\"@type\":\"ListItem\",\"position\":2,\"name\":\"Shop\",\"item\":\"https:\/\/www.ghostysky.com\/shop\/\"},{\"@type\":\"ListItem\",\"position\":3,\"name\":\"DJI Mavic 3M (Multispectral) &#8211; Free Basic Combo &#8211; 2 Years\"}]},{\"@type\":\"WebSite\",\"@id\":\"https:\/\/www.ghostysky.com\/#website\",\"url\":\"https:\/\/www.ghostysky.com\/\",\"name\":\"Ghostysky\",\"description\":\"Delivering professional drones and services\",\"publisher\":{\"@id\":\"https:\/\/www.ghostysky.com\/#organization\"},\"potentialAction\":[{\"@type\":\"SearchAction\",\"target\":{\"@type\":\"EntryPoint\",\"urlTemplate\":\"https:\/\/www.ghostysky.com\/?s={search_term_string}\"},\"query-input\":{\"@type\":\"PropertyValueSpecification\",\"valueRequired\":true,\"valueName\":\"search_term_string\"}}],\"inLanguage\":\"es\"},{\"@type\":\"Organization\",\"@id\":\"https:\/\/www.ghostysky.com\/#organization\",\"name\":\"Ghostysky\",\"url\":\"https:\/\/www.ghostysky.com\/\",\"logo\":{\"@type\":\"ImageObject\",\"inLanguage\":\"es\",\"@id\":\"https:\/\/www.ghostysky.com\/#\/schema\/logo\/image\/\",\"url\":\"https:\/\/www.ghostysky.com\/wp-content\/uploads\/2020\/06\/cropped-ghostyskylogo_text_white2.png\",\"contentUrl\":\"https:\/\/www.ghostysky.com\/wp-content\/uploads\/2020\/06\/cropped-ghostyskylogo_text_white2.png\",\"width\":169,\"height\":56,\"caption\":\"Ghostysky\"},\"image\":{\"@id\":\"https:\/\/www.ghostysky.com\/#\/schema\/logo\/image\/\"},\"sameAs\":[\"https:\/\/www.facebook.com\/people\/Ghostysky\/100057676170234\/\",\"https:\/\/x.com\/Gh0stysky\",\"https:\/\/www.linkedin.com\/company\/34739653\",\"https:\/\/www.instagram.com\/gh0stysky\"]}]}<\/script>\n<!-- \/ Yoast SEO plugin. -->","yoast_head_json":{"title":"DJI Mavic 3M (Multiespectral) - Combo b\u00e1sico gratuito - 2 a\u00f1os -","description":"DJI Mavic 3 Multispectral, tambi\u00e9n conocido como DJI Mavic 3M o DJI M3M, ha reemplazado al Phantom 4 Multispectral para el mapeo multiespectral y NDVI.","robots":{"index":"index","follow":"follow","max-snippet":"max-snippet:-1","max-image-preview":"max-image-preview:large","max-video-preview":"max-video-preview:-1"},"canonical":"https:\/\/www.ghostysky.com\/es\/producto-2\/dji-mavic-3m-multispectral-free-basic-combo-2-years\/","og_locale":"es_ES","og_type":"article","og_title":"DJI Mavic 3M (Multispectral) - Free Basic Combo - 2 Years -","og_description":"DJI Mavic 3 Multispectral, also known as DJI Mavic 3M or DJI M3M, has replaced the Phantom 4 Multispectral for multispectral and NDVI mapping.","og_url":"https:\/\/www.ghostysky.com\/es\/producto-2\/dji-mavic-3m-multispectral-free-basic-combo-2-years\/","og_site_name":"Ghostysky","article_publisher":"https:\/\/www.facebook.com\/people\/Ghostysky\/100057676170234\/","article_modified_time":"2023-04-03T20:02:03+00:00","og_image":[{"width":1920,"height":1080,"url":"https:\/\/www.ghostysky.com\/wp-content\/uploads\/2023\/03\/GH_drone-mavic-3-multispectral.webp","type":"image\/webp"}],"twitter_card":"summary_large_image","twitter_site":"@Gh0stysky","twitter_misc":{"Tiempo de lectura":"2 minutos"},"schema":{"@context":"https:\/\/schema.org","@graph":[{"@type":"WebPage","@id":"https:\/\/www.ghostysky.com\/product\/dji-mavic-3m-multispectral-free-basic-combo-2-years\/","url":"https:\/\/www.ghostysky.com\/product\/dji-mavic-3m-multispectral-free-basic-combo-2-years\/","name":"DJI Mavic 3M (Multiespectral) - Combo b\u00e1sico gratuito - 2 a\u00f1os -","isPartOf":{"@id":"https:\/\/www.ghostysky.com\/#website"},"primaryImageOfPage":{"@id":"https:\/\/www.ghostysky.com\/product\/dji-mavic-3m-multispectral-free-basic-combo-2-years\/#primaryimage"},"image":{"@id":"https:\/\/www.ghostysky.com\/product\/dji-mavic-3m-multispectral-free-basic-combo-2-years\/#primaryimage"},"thumbnailUrl":"https:\/\/www.ghostysky.com\/wp-content\/uploads\/2023\/03\/GH_drone-mavic-3-multispectral.webp","datePublished":"2023-03-16T19:17:50+00:00","dateModified":"2023-04-03T20:02:03+00:00","description":"DJI Mavic 3 Multispectral, tambi\u00e9n conocido como DJI Mavic 3M o DJI M3M, ha reemplazado al Phantom 4 Multispectral para el mapeo multiespectral y NDVI.","breadcrumb":{"@id":"https:\/\/www.ghostysky.com\/product\/dji-mavic-3m-multispectral-free-basic-combo-2-years\/#breadcrumb"},"inLanguage":"es","potentialAction":[{"@type":"ReadAction","target":["https:\/\/www.ghostysky.com\/product\/dji-mavic-3m-multispectral-free-basic-combo-2-years\/"]}]},{"@type":"ImageObject","inLanguage":"es","@id":"https:\/\/www.ghostysky.com\/product\/dji-mavic-3m-multispectral-free-basic-combo-2-years\/#primaryimage","url":"https:\/\/www.ghostysky.com\/wp-content\/uploads\/2023\/03\/GH_drone-mavic-3-multispectral.webp","contentUrl":"https:\/\/www.ghostysky.com\/wp-content\/uploads\/2023\/03\/GH_drone-mavic-3-multispectral.webp","width":1920,"height":1080},{"@type":"BreadcrumbList","@id":"https:\/\/www.ghostysky.com\/product\/dji-mavic-3m-multispectral-free-basic-combo-2-years\/#breadcrumb","itemListElement":[{"@type":"ListItem","position":1,"name":"Home","item":"https:\/\/www.ghostysky.com\/"},{"@type":"ListItem","position":2,"name":"Shop","item":"https:\/\/www.ghostysky.com\/shop\/"},{"@type":"ListItem","position":3,"name":"DJI Mavic 3M (Multispectral) &#8211; Free Basic Combo &#8211; 2 Years"}]},{"@type":"WebSite","@id":"https:\/\/www.ghostysky.com\/#website","url":"https:\/\/www.ghostysky.com\/","name":"Ghostysky","description":"Entrega de drones y servicios profesionales","publisher":{"@id":"https:\/\/www.ghostysky.com\/#organization"},"potentialAction":[{"@type":"SearchAction","target":{"@type":"EntryPoint","urlTemplate":"https:\/\/www.ghostysky.com\/?s={search_term_string}"},"query-input":{"@type":"PropertyValueSpecification","valueRequired":true,"valueName":"search_term_string"}}],"inLanguage":"es"},{"@type":"Organization","@id":"https:\/\/www.ghostysky.com\/#organization","name":"Ghostysky","url":"https:\/\/www.ghostysky.com\/","logo":{"@type":"ImageObject","inLanguage":"es","@id":"https:\/\/www.ghostysky.com\/#\/schema\/logo\/image\/","url":"https:\/\/www.ghostysky.com\/wp-content\/uploads\/2020\/06\/cropped-ghostyskylogo_text_white2.png","contentUrl":"https:\/\/www.ghostysky.com\/wp-content\/uploads\/2020\/06\/cropped-ghostyskylogo_text_white2.png","width":169,"height":56,"caption":"Ghostysky"},"image":{"@id":"https:\/\/www.ghostysky.com\/#\/schema\/logo\/image\/"},"sameAs":["https:\/\/www.facebook.com\/people\/Ghostysky\/100057676170234\/","https:\/\/x.com\/Gh0stysky","https:\/\/www.linkedin.com\/company\/34739653","https:\/\/www.instagram.com\/gh0stysky"]}]}},"_links":{"self":[{"href":"https:\/\/www.ghostysky.com\/es\/wp-json\/wp\/v2\/product\/11072","targetHints":{"allow":["GET"]}}],"collection":[{"href":"https:\/\/www.ghostysky.com\/es\/wp-json\/wp\/v2\/product"}],"about":[{"href":"https:\/\/www.ghostysky.com\/es\/wp-json\/wp\/v2\/types\/product"}],"replies":[{"embeddable":true,"href":"https:\/\/www.ghostysky.com\/es\/wp-json\/wp\/v2\/comments?post=11072"}],"wp:featuredmedia":[{"embeddable":true,"href":"https:\/\/www.ghostysky.com\/es\/wp-json\/wp\/v2\/media\/11010"}],"wp:attachment":[{"href":"https:\/\/www.ghostysky.com\/es\/wp-json\/wp\/v2\/media?parent=11072"}],"wp:term":[{"taxonomy":"product_brand","embeddable":true,"href":"https:\/\/www.ghostysky.com\/es\/wp-json\/wp\/v2\/product_brand?post=11072"},{"taxonomy":"product_cat","embeddable":true,"href":"https:\/\/www.ghostysky.com\/es\/wp-json\/wp\/v2\/product_cat?post=11072"},{"taxonomy":"product_tag","embeddable":true,"href":"https:\/\/www.ghostysky.com\/es\/wp-json\/wp\/v2\/product_tag?post=11072"}],"curies":[{"name":"wp","href":"https:\/\/api.w.org\/{rel}","templated":true}]}}