{"id":11131,"date":"2023-03-19T10:50:07","date_gmt":"2023-03-19T10:50:07","guid":{"rendered":"https:\/\/www.ghostysky.com\/?post_type=product&#038;p=11131"},"modified":"2023-04-03T20:04:07","modified_gmt":"2023-04-03T20:04:07","slug":"autel-robotics-evo-ii-pro-6k-v3-rugged-bundle","status":"publish","type":"product","link":"https:\/\/www.ghostysky.com\/es\/product\/autel-robotics-evo-ii-pro-6k-v3-rugged-bundle\/","title":{"rendered":"Paquete resistente Autel Robotics EVO II Pro 6K V3"},"content":{"rendered":"<div>\n<div class=\"feature_UbV5SNP5Eo\">\n<div class=\"featureHeader_UbV5SNP5Eo\">\n<h3 class=\"text_TAw0W35QK_ comfy_TAw0W35QK_ sizeTitle2_TAw0W35QK_ weightNormal_TAw0W35QK_ primary_i3MsQsqoe0\">Algoritmo de luz de luna 2.0<\/h3>\n<\/div>\n<div>\n<div class=\"js-injected-html text_UbV5SNP5Eo\">Al disparar de noche, Moonlight Algorithm 2.0 ofrece un procesamiento de reducci\u00f3n de ruido cuando se trata de condiciones adversas o de poca luz.<\/div>\n<\/div>\n<\/div>\n<\/div>\n<div>\n<div class=\"feature_UbV5SNP5Eo\">\n<div class=\"featureHeader_UbV5SNP5Eo\">\n<h3 class=\"text_TAw0W35QK_ comfy_TAw0W35QK_ sizeTitle2_TAw0W35QK_ weightNormal_TAw0W35QK_ primary_i3MsQsqoe0\">Controlador inteligente SE con SkyLink 2.0<\/h3>\n<\/div>\n<div>\n<div class=\"js-injected-html text_UbV5SNP5Eo\">Utilizando SkyLink 2.0, la pantalla OLED de 6.4\u2033 incorporada del Smart Controller SE puede recibir transmisi\u00f3n de video HD en vuelo desde hasta 9.32 millas de distancia. La recepci\u00f3n est\u00e1 dise\u00f1ada para ser estable y sin interferencias, gracias al salto de frecuencia de triple banda (900 MHz, 2,4 GHz y 5,8 GHz). El dise\u00f1o robusto del controlador le permite soportar temperaturas de -4 a 104 \u00b0F, y tiene clasificaci\u00f3n IP43 para rendimiento en todo clima. Convenientemente, puede ajustar las capacidades del control remoto a su gusto con aplicaciones opcionales de terceros que funcionan con un procesamiento de 8 n\u00facleos integrado.<\/div>\n<\/div>\n<\/div>\n<\/div>\n<div>\n<div class=\"feature_UbV5SNP5Eo\">\n<div class=\"featureHeader_UbV5SNP5Eo\">\n<h3 class=\"text_TAw0W35QK_ comfy_TAw0W35QK_ sizeTitle2_TAw0W35QK_ weightNormal_TAw0W35QK_ primary_i3MsQsqoe0\">Evitaci\u00f3n de obst\u00e1culos de 360 grados<\/h3>\n<\/div>\n<div>\n<div class=\"js-injected-html text_UbV5SNP5Eo\">Durante el vuelo, una matriz de 19 sensores, incluidos 12 sensores visuales, la c\u00e1mara principal, las IMU de ultrasonido y m\u00e1s, pueden crear un mapa 3D de los alrededores del dron y planificar un camino claro hacia su destino en tiempo real.<\/div>\n<\/div>\n<\/div>\n<\/div>\n<div>\n<div class=\"feature_UbV5SNP5Eo\">\n<div class=\"featureHeader_UbV5SNP5Eo\">\n<h3 class=\"text_TAw0W35QK_ comfy_TAw0W35QK_ sizeTitle2_TAw0W35QK_ weightNormal_TAw0W35QK_ primary_i3MsQsqoe0\">Caracter\u00edsticas adicionales<\/h3>\n<\/div>\n<div>\n<div class=\"js-injected-html text_UbV5SNP5Eo\">\n<ul>\n<li>Hasta 39 mph de m\u00e1xima resistencia al viento<\/li>\n<li>Velocidad m\u00e1xima de vuelo de hasta 45 mph<\/li>\n<li>Zoom digital de hasta 16x y zoom sin p\u00e9rdida de 3x<\/li>\n<li>Hasta 40 minutos de tiempo de vuelo<\/li>\n<li>Formatos JPEG\/RAW compatibles<\/li>\n<li>ISO m\u00e1ximo de 44000<\/li>\n<li>Bater\u00eda remota extra\u00edble<\/li>\n<li>Compatible con Live Deck 2 opcional para transmitir informaci\u00f3n de misi\u00f3n en vivo<\/li>\n<\/ul>\n<h3>EN EL CUADRO<\/h3>\n<ul>\n<li>1x EVO II Pro Aircraft (incluyendo bater\u00eda, h\u00e9lices, soporte card\u00e1n y tarjeta SD 32G)<\/li>\n<li>1 mando a distancia.<\/li>\n<li>2x bater\u00eda<\/li>\n<li>1x cargador<\/li>\n<li>1 cable de alimentaci\u00f3n.<\/li>\n<li>1x par de h\u00e9lices<\/li>\n<li>1 cable micro USB<\/li>\n<li>2x cable de control remoto (conector micro usb est\u00e1ndar\/conector tipo c)<\/li>\n<li>1x estuche de transporte<\/li>\n<\/ul>\n<\/div>\n<\/div>\n<\/div>\n<\/div>","protected":false},"excerpt":{"rendered":"<p>Combinando \u00f3ptica de alta gama y procesamiento digital con un fuselaje resistente, el\u00a0<b>Paquete resistente EVO II Pro 6K V3<\/b>\u00a0de\u00a0<b>Autel Robotics<\/b> proporciona a los cineastas resultados de im\u00e1genes a\u00e9reas profesionales. El sensor Sony CMOS de 20MP y 1\u2033 y la apertura ajustable de f\/2.8 a f\/11 brindan flexibilidad en el lugar, mientras que el time-lapse m\u00f3vil 4K HDR y 6K, las fotos DNG de 12 bits y el video en color de 68,600 millones ampl\u00edan lo que es posible durante la posproducci\u00f3n.<\/p>","protected":false},"featured_media":11138,"comment_status":"open","ping_status":"closed","template":"","meta":[],"product_brand":[],"product_cat":[220,364,29],"product_tag":[500,501],"class_list":{"0":"post-11131","1":"product","2":"type-product","3":"status-publish","4":"has-post-thumbnail","6":"product_cat-autel","7":"product_cat-bundles-autel","8":"product_cat-drones","9":"product_tag-autel-evo-ii-v3","10":"product_tag-evo-ii-pro-6k-v3","12":"first","13":"onbackorder","14":"taxable","15":"shipping-taxable","16":"product-type-simple"},"yoast_head":"<!-- This site is optimized with the Yoast SEO plugin v27.1.1 - https:\/\/yoast.com\/product\/yoast-seo-wordpress\/ -->\n<title>Autel Robotics EVO II Pro 6K V3 Rugged Bundle -<\/title>\n<meta name=\"description\" content=\"Combining high-end optics and digital processing with a rugged airframe, the\u00a0EVO II Pro 6K Rugged Bundle V3\u00a0from\u00a0Autel Robotics provides filmmakers with professional aerial imaging results.\" \/>\n<meta name=\"robots\" content=\"index, follow, max-snippet:-1, max-image-preview:large, max-video-preview:-1\" \/>\n<link rel=\"canonical\" href=\"https:\/\/www.ghostysky.com\/es\/producto-2\/autel-robotics-evo-ii-pro-6k-v3-rugged-bundle\/\" \/>\n<meta property=\"og:locale\" content=\"es_ES\" \/>\n<meta property=\"og:type\" content=\"article\" \/>\n<meta property=\"og:title\" content=\"Autel Robotics EVO II Pro 6K V3 Rugged Bundle -\" \/>\n<meta property=\"og:description\" content=\"Combining high-end optics and digital processing with a rugged airframe, the\u00a0EVO II Pro 6K Rugged Bundle V3\u00a0from\u00a0Autel Robotics provides filmmakers with professional aerial imaging results.\" \/>\n<meta property=\"og:url\" content=\"https:\/\/www.ghostysky.com\/es\/producto-2\/autel-robotics-evo-ii-pro-6k-v3-rugged-bundle\/\" \/>\n<meta property=\"og:site_name\" content=\"Ghostysky\" \/>\n<meta property=\"article:publisher\" content=\"https:\/\/www.facebook.com\/people\/Ghostysky\/100057676170234\/\" \/>\n<meta property=\"article:modified_time\" content=\"2023-04-03T20:04:07+00:00\" \/>\n<meta property=\"og:image\" content=\"https:\/\/www.ghostysky.com\/wp-content\/uploads\/2023\/03\/Autel-EVOII-Pro-V3-Rugged-Bundle-2.jpg\" \/>\n\t<meta property=\"og:image:width\" content=\"500\" \/>\n\t<meta property=\"og:image:height\" content=\"500\" \/>\n\t<meta property=\"og:image:type\" content=\"image\/jpeg\" \/>\n<meta name=\"twitter:card\" content=\"summary_large_image\" \/>\n<meta name=\"twitter:site\" content=\"@Gh0stysky\" \/>\n<meta name=\"twitter:label1\" content=\"Tiempo de lectura\" \/>\n\t<meta name=\"twitter:data1\" content=\"2 minutos\" \/>\n<script type=\"application\/ld+json\" class=\"yoast-schema-graph\">{\"@context\":\"https:\/\/schema.org\",\"@graph\":[{\"@type\":\"WebPage\",\"@id\":\"https:\/\/www.ghostysky.com\/product\/autel-robotics-evo-ii-pro-6k-v3-rugged-bundle\/\",\"url\":\"https:\/\/www.ghostysky.com\/product\/autel-robotics-evo-ii-pro-6k-v3-rugged-bundle\/\",\"name\":\"Autel Robotics EVO II Pro 6K V3 Rugged Bundle -\",\"isPartOf\":{\"@id\":\"https:\/\/www.ghostysky.com\/#website\"},\"primaryImageOfPage\":{\"@id\":\"https:\/\/www.ghostysky.com\/product\/autel-robotics-evo-ii-pro-6k-v3-rugged-bundle\/#primaryimage\"},\"image\":{\"@id\":\"https:\/\/www.ghostysky.com\/product\/autel-robotics-evo-ii-pro-6k-v3-rugged-bundle\/#primaryimage\"},\"thumbnailUrl\":\"https:\/\/www.ghostysky.com\/wp-content\/uploads\/2023\/03\/Autel-EVOII-Pro-V3-Rugged-Bundle-2.jpg\",\"datePublished\":\"2023-03-19T10:50:07+00:00\",\"dateModified\":\"2023-04-03T20:04:07+00:00\",\"description\":\"Combining high-end optics and digital processing with a rugged airframe, the\u00a0EVO II Pro 6K Rugged Bundle V3\u00a0from\u00a0Autel Robotics provides filmmakers with professional aerial imaging results.\",\"breadcrumb\":{\"@id\":\"https:\/\/www.ghostysky.com\/product\/autel-robotics-evo-ii-pro-6k-v3-rugged-bundle\/#breadcrumb\"},\"inLanguage\":\"es\",\"potentialAction\":[{\"@type\":\"ReadAction\",\"target\":[\"https:\/\/www.ghostysky.com\/product\/autel-robotics-evo-ii-pro-6k-v3-rugged-bundle\/\"]}]},{\"@type\":\"ImageObject\",\"inLanguage\":\"es\",\"@id\":\"https:\/\/www.ghostysky.com\/product\/autel-robotics-evo-ii-pro-6k-v3-rugged-bundle\/#primaryimage\",\"url\":\"https:\/\/www.ghostysky.com\/wp-content\/uploads\/2023\/03\/Autel-EVOII-Pro-V3-Rugged-Bundle-2.jpg\",\"contentUrl\":\"https:\/\/www.ghostysky.com\/wp-content\/uploads\/2023\/03\/Autel-EVOII-Pro-V3-Rugged-Bundle-2.jpg\",\"width\":500,\"height\":500},{\"@type\":\"BreadcrumbList\",\"@id\":\"https:\/\/www.ghostysky.com\/product\/autel-robotics-evo-ii-pro-6k-v3-rugged-bundle\/#breadcrumb\",\"itemListElement\":[{\"@type\":\"ListItem\",\"position\":1,\"name\":\"Home\",\"item\":\"https:\/\/www.ghostysky.com\/\"},{\"@type\":\"ListItem\",\"position\":2,\"name\":\"Shop\",\"item\":\"https:\/\/www.ghostysky.com\/shop\/\"},{\"@type\":\"ListItem\",\"position\":3,\"name\":\"Autel Robotics EVO II Pro 6K V3 Rugged Bundle\"}]},{\"@type\":\"WebSite\",\"@id\":\"https:\/\/www.ghostysky.com\/#website\",\"url\":\"https:\/\/www.ghostysky.com\/\",\"name\":\"Ghostysky\",\"description\":\"Delivering professional drones and services\",\"publisher\":{\"@id\":\"https:\/\/www.ghostysky.com\/#organization\"},\"potentialAction\":[{\"@type\":\"SearchAction\",\"target\":{\"@type\":\"EntryPoint\",\"urlTemplate\":\"https:\/\/www.ghostysky.com\/?s={search_term_string}\"},\"query-input\":{\"@type\":\"PropertyValueSpecification\",\"valueRequired\":true,\"valueName\":\"search_term_string\"}}],\"inLanguage\":\"es\"},{\"@type\":\"Organization\",\"@id\":\"https:\/\/www.ghostysky.com\/#organization\",\"name\":\"Ghostysky\",\"url\":\"https:\/\/www.ghostysky.com\/\",\"logo\":{\"@type\":\"ImageObject\",\"inLanguage\":\"es\",\"@id\":\"https:\/\/www.ghostysky.com\/#\/schema\/logo\/image\/\",\"url\":\"https:\/\/www.ghostysky.com\/wp-content\/uploads\/2020\/06\/cropped-ghostyskylogo_text_white2.png\",\"contentUrl\":\"https:\/\/www.ghostysky.com\/wp-content\/uploads\/2020\/06\/cropped-ghostyskylogo_text_white2.png\",\"width\":169,\"height\":56,\"caption\":\"Ghostysky\"},\"image\":{\"@id\":\"https:\/\/www.ghostysky.com\/#\/schema\/logo\/image\/\"},\"sameAs\":[\"https:\/\/www.facebook.com\/people\/Ghostysky\/100057676170234\/\",\"https:\/\/x.com\/Gh0stysky\",\"https:\/\/www.linkedin.com\/company\/34739653\",\"https:\/\/www.instagram.com\/gh0stysky\"]}]}<\/script>\n<!-- \/ Yoast SEO plugin. -->","yoast_head_json":{"title":"Paquete resistente Autel Robotics EVO II Pro 6K V3 -","description":"Combinando \u00f3ptica de alta gama y procesamiento digital con una estructura de avi\u00f3n resistente, el EVO II Pro 6K Rugged Bundle V3 de Autel Robotics proporciona a los cineastas resultados de im\u00e1genes a\u00e9reas profesionales.","robots":{"index":"index","follow":"follow","max-snippet":"max-snippet:-1","max-image-preview":"max-image-preview:large","max-video-preview":"max-video-preview:-1"},"canonical":"https:\/\/www.ghostysky.com\/es\/producto-2\/autel-robotics-evo-ii-pro-6k-v3-rugged-bundle\/","og_locale":"es_ES","og_type":"article","og_title":"Autel Robotics EVO II Pro 6K V3 Rugged Bundle -","og_description":"Combining high-end optics and digital processing with a rugged airframe, the\u00a0EVO II Pro 6K Rugged Bundle V3\u00a0from\u00a0Autel Robotics provides filmmakers with professional aerial imaging results.","og_url":"https:\/\/www.ghostysky.com\/es\/producto-2\/autel-robotics-evo-ii-pro-6k-v3-rugged-bundle\/","og_site_name":"Ghostysky","article_publisher":"https:\/\/www.facebook.com\/people\/Ghostysky\/100057676170234\/","article_modified_time":"2023-04-03T20:04:07+00:00","og_image":[{"width":500,"height":500,"url":"https:\/\/www.ghostysky.com\/wp-content\/uploads\/2023\/03\/Autel-EVOII-Pro-V3-Rugged-Bundle-2.jpg","type":"image\/jpeg"}],"twitter_card":"summary_large_image","twitter_site":"@Gh0stysky","twitter_misc":{"Tiempo de lectura":"2 minutos"},"schema":{"@context":"https:\/\/schema.org","@graph":[{"@type":"WebPage","@id":"https:\/\/www.ghostysky.com\/product\/autel-robotics-evo-ii-pro-6k-v3-rugged-bundle\/","url":"https:\/\/www.ghostysky.com\/product\/autel-robotics-evo-ii-pro-6k-v3-rugged-bundle\/","name":"Paquete resistente Autel Robotics EVO II Pro 6K V3 -","isPartOf":{"@id":"https:\/\/www.ghostysky.com\/#website"},"primaryImageOfPage":{"@id":"https:\/\/www.ghostysky.com\/product\/autel-robotics-evo-ii-pro-6k-v3-rugged-bundle\/#primaryimage"},"image":{"@id":"https:\/\/www.ghostysky.com\/product\/autel-robotics-evo-ii-pro-6k-v3-rugged-bundle\/#primaryimage"},"thumbnailUrl":"https:\/\/www.ghostysky.com\/wp-content\/uploads\/2023\/03\/Autel-EVOII-Pro-V3-Rugged-Bundle-2.jpg","datePublished":"2023-03-19T10:50:07+00:00","dateModified":"2023-04-03T20:04:07+00:00","description":"Combinando \u00f3ptica de alta gama y procesamiento digital con una estructura de avi\u00f3n resistente, el EVO II Pro 6K Rugged Bundle V3 de Autel Robotics proporciona a los cineastas resultados de im\u00e1genes a\u00e9reas profesionales.","breadcrumb":{"@id":"https:\/\/www.ghostysky.com\/product\/autel-robotics-evo-ii-pro-6k-v3-rugged-bundle\/#breadcrumb"},"inLanguage":"es","potentialAction":[{"@type":"ReadAction","target":["https:\/\/www.ghostysky.com\/product\/autel-robotics-evo-ii-pro-6k-v3-rugged-bundle\/"]}]},{"@type":"ImageObject","inLanguage":"es","@id":"https:\/\/www.ghostysky.com\/product\/autel-robotics-evo-ii-pro-6k-v3-rugged-bundle\/#primaryimage","url":"https:\/\/www.ghostysky.com\/wp-content\/uploads\/2023\/03\/Autel-EVOII-Pro-V3-Rugged-Bundle-2.jpg","contentUrl":"https:\/\/www.ghostysky.com\/wp-content\/uploads\/2023\/03\/Autel-EVOII-Pro-V3-Rugged-Bundle-2.jpg","width":500,"height":500},{"@type":"BreadcrumbList","@id":"https:\/\/www.ghostysky.com\/product\/autel-robotics-evo-ii-pro-6k-v3-rugged-bundle\/#breadcrumb","itemListElement":[{"@type":"ListItem","position":1,"name":"Home","item":"https:\/\/www.ghostysky.com\/"},{"@type":"ListItem","position":2,"name":"Shop","item":"https:\/\/www.ghostysky.com\/shop\/"},{"@type":"ListItem","position":3,"name":"Autel Robotics EVO II Pro 6K V3 Rugged Bundle"}]},{"@type":"WebSite","@id":"https:\/\/www.ghostysky.com\/#website","url":"https:\/\/www.ghostysky.com\/","name":"Ghostysky","description":"Entrega de drones y servicios profesionales","publisher":{"@id":"https:\/\/www.ghostysky.com\/#organization"},"potentialAction":[{"@type":"SearchAction","target":{"@type":"EntryPoint","urlTemplate":"https:\/\/www.ghostysky.com\/?s={search_term_string}"},"query-input":{"@type":"PropertyValueSpecification","valueRequired":true,"valueName":"search_term_string"}}],"inLanguage":"es"},{"@type":"Organization","@id":"https:\/\/www.ghostysky.com\/#organization","name":"Ghostysky","url":"https:\/\/www.ghostysky.com\/","logo":{"@type":"ImageObject","inLanguage":"es","@id":"https:\/\/www.ghostysky.com\/#\/schema\/logo\/image\/","url":"https:\/\/www.ghostysky.com\/wp-content\/uploads\/2020\/06\/cropped-ghostyskylogo_text_white2.png","contentUrl":"https:\/\/www.ghostysky.com\/wp-content\/uploads\/2020\/06\/cropped-ghostyskylogo_text_white2.png","width":169,"height":56,"caption":"Ghostysky"},"image":{"@id":"https:\/\/www.ghostysky.com\/#\/schema\/logo\/image\/"},"sameAs":["https:\/\/www.facebook.com\/people\/Ghostysky\/100057676170234\/","https:\/\/x.com\/Gh0stysky","https:\/\/www.linkedin.com\/company\/34739653","https:\/\/www.instagram.com\/gh0stysky"]}]}},"_links":{"self":[{"href":"https:\/\/www.ghostysky.com\/es\/wp-json\/wp\/v2\/product\/11131","targetHints":{"allow":["GET"]}}],"collection":[{"href":"https:\/\/www.ghostysky.com\/es\/wp-json\/wp\/v2\/product"}],"about":[{"href":"https:\/\/www.ghostysky.com\/es\/wp-json\/wp\/v2\/types\/product"}],"replies":[{"embeddable":true,"href":"https:\/\/www.ghostysky.com\/es\/wp-json\/wp\/v2\/comments?post=11131"}],"wp:featuredmedia":[{"embeddable":true,"href":"https:\/\/www.ghostysky.com\/es\/wp-json\/wp\/v2\/media\/11138"}],"wp:attachment":[{"href":"https:\/\/www.ghostysky.com\/es\/wp-json\/wp\/v2\/media?parent=11131"}],"wp:term":[{"taxonomy":"product_brand","embeddable":true,"href":"https:\/\/www.ghostysky.com\/es\/wp-json\/wp\/v2\/product_brand?post=11131"},{"taxonomy":"product_cat","embeddable":true,"href":"https:\/\/www.ghostysky.com\/es\/wp-json\/wp\/v2\/product_cat?post=11131"},{"taxonomy":"product_tag","embeddable":true,"href":"https:\/\/www.ghostysky.com\/es\/wp-json\/wp\/v2\/product_tag?post=11131"}],"curies":[{"name":"wp","href":"https:\/\/api.w.org\/{rel}","templated":true}]}}