{"id":11153,"date":"2023-03-19T12:26:18","date_gmt":"2023-03-19T12:26:18","guid":{"rendered":"https:\/\/www.ghostysky.com\/?post_type=product&#038;p=11153"},"modified":"2025-10-14T11:25:10","modified_gmt":"2025-10-14T11:25:10","slug":"autel-robotics-evo-ii-pro-enterprise-v3","status":"publish","type":"product","link":"https:\/\/www.ghostysky.com\/es\/product\/autel-robotics-evo-ii-pro-enterprise-v3\/","title":{"rendered":"Autel Robotics EVO II Pro Empresa V3"},"content":{"rendered":"<div>\n<div class=\"feature_UbV5SNP5Eo\">\n<div class=\"featureHeader_UbV5SNP5Eo\">\n<h3 class=\"text_TAw0W35QK_ comfy_TAw0W35QK_ sizeTitle2_TAw0W35QK_ weightNormal_TAw0W35QK_ primary_i3MsQsqoe0\">Algoritmo de luz de luna 2.0<\/h3>\n<\/div>\n<div>\n<div class=\"js-injected-html text_UbV5SNP5Eo\">Al disparar de noche, Moonlight Algorithm 2.0 ofrece un procesamiento de reducci\u00f3n de ruido cuando se trata de condiciones adversas o de poca luz.<\/div>\n<\/div>\n<\/div>\n<\/div>\n<div>\n<div class=\"feature_UbV5SNP5Eo\">\n<div class=\"featureHeader_UbV5SNP5Eo\">\n<h3 class=\"text_TAw0W35QK_ comfy_TAw0W35QK_ sizeTitle2_TAw0W35QK_ weightNormal_TAw0W35QK_ primary_i3MsQsqoe0\">Controlador inteligente V3 con SkyLink 2.0<\/h3>\n<\/div>\n<div>\n<div class=\"js-injected-html text_UbV5SNP5Eo\">Utilizando SkyLink 2.0, la pantalla integrada de 7.9\u2033 del Smart Controller V3 puede recibir transmisi\u00f3n de video HD en vuelo desde hasta 9.32 millas de distancia (o calidad QHD desde hasta 0.62 millas de distancia). La recepci\u00f3n est\u00e1 dise\u00f1ada para ser estable y sin interferencias, gracias al salto de frecuencia de triple banda (900 MHz, 2,4 GHz y 5,8 GHz). Gracias al brillo de 2000 cd\/m\u00b2 de la pantalla, puede ver f\u00e1cilmente las im\u00e1genes del dron, incluso bajo la luz solar directa. Sin embargo, no est\u00e1 restringido a volar en d\u00edas soleados. El Smart Controller V3 puede soportar temperaturas de -4 a 104 \u00b0F y tiene clasificaci\u00f3n IP43 para rendimiento en todo clima.<\/div>\n<\/div>\n<\/div>\n<\/div>\n<div>\n<div class=\"feature_UbV5SNP5Eo\">\n<div class=\"featureHeader_UbV5SNP5Eo\">\n<h3 class=\"text_TAw0W35QK_ comfy_TAw0W35QK_ sizeTitle2_TAw0W35QK_ weightNormal_TAw0W35QK_ primary_i3MsQsqoe0\">Evitaci\u00f3n de obst\u00e1culos de 360 grados<\/h3>\n<\/div>\n<div>\n<div class=\"js-injected-html text_UbV5SNP5Eo\">Durante el vuelo, una matriz de 19 sensores, incluidos 12 sensores visuales, la c\u00e1mara principal, las IMU de ultrasonido y m\u00e1s, pueden crear un mapa 3D de los alrededores del dron y reducir los puntos ciegos para que el dron pueda detenerse autom\u00e1ticamente antes de golpear un obst\u00e1culo.<\/div>\n<\/div>\n<\/div>\n<\/div>\n<div>\n<div class=\"feature_UbV5SNP5Eo\">\n<div class=\"featureHeader_UbV5SNP5Eo\">\n<h3 class=\"text_TAw0W35QK_ comfy_TAw0W35QK_ sizeTitle2_TAw0W35QK_ weightNormal_TAw0W35QK_ primary_i3MsQsqoe0\">Robusto y port\u00e1til<\/h3>\n<\/div>\n<div>\n<div class=\"js-injected-html text_UbV5SNP5Eo\">El EVO II Pro 6K se puede plegar en un tama\u00f1o compacto que se almacena o transporta f\u00e1cilmente de un lugar a otro. Cuando est\u00e1 desplegado, el marco del dron puede manejar condiciones exigentes, gracias a los largos brazos y h\u00e9lices de fibra de carbono y las ventilaciones t\u00e9rmicas integradas que ayudan con la disipaci\u00f3n de calor y prolongan la duraci\u00f3n de la bater\u00eda.<\/div>\n<\/div>\n<\/div>\n<\/div>\n<div>\n<div class=\"feature_UbV5SNP5Eo\">\n<div class=\"featureHeader_UbV5SNP5Eo\">\n<h3 class=\"text_TAw0W35QK_ comfy_TAw0W35QK_ sizeTitle2_TAw0W35QK_ weightNormal_TAw0W35QK_ primary_i3MsQsqoe0\">Receptor de se\u00f1al ADS-B<\/h3>\n<\/div>\n<div>\n<div class=\"js-injected-html text_UbV5SNP5Eo\">Este receptor detecta la presencia de aeronaves tripuladas cerca y te notifica con una se\u00f1al emitida, d\u00e1ndote el tiempo necesario para evitar colisiones en el aire.<\/div>\n<\/div>\n<\/div>\n<\/div>\n<div>\n<div class=\"feature_UbV5SNP5Eo\">\n<div class=\"featureHeader_UbV5SNP5Eo\">\n<h3 class=\"text_TAw0W35QK_ comfy_TAw0W35QK_ sizeTitle2_TAw0W35QK_ weightNormal_TAw0W35QK_ primary_i3MsQsqoe0\">Caracter\u00edsticas adicionales<\/h3>\n<\/div>\n<div>\n<div class=\"js-injected-html text_UbV5SNP5Eo\">\n<ul>\n<li>Zoom digital de hasta 16x y zoom sin p\u00e9rdida de 3x<\/li>\n<li>Planificaci\u00f3n de misiones integrada<\/li>\n<li>Hasta 42 minutos de tiempo de vuelo<\/li>\n<li>ISO m\u00e1ximo de 44000<\/li>\n<li>Hasta 39 mph de m\u00e1xima resistencia al viento<\/li>\n<li>Velocidad m\u00e1xima de vuelo de hasta 45 mph<\/li>\n<li>Compatible con Live Deck 2 opcional para transmitir informaci\u00f3n de misi\u00f3n en vivo<\/li>\n<li>Compatible con el software opcional Pix4d, Drone Deploy y Skyebrowse<\/li>\n<li>El posicionamiento y el mapeo a nivel de cent\u00edmetros son posibles con un m\u00f3dulo RTK opcional<\/li>\n<\/ul>\n<h3>EN EL CUADRO<\/h3>\n<ul>\n<li>Aeronave * 1 (bater\u00eda, h\u00e9lice, cubierta de card\u00e1n, tarjeta SD 32G incluida)<\/li>\n<li>Control remoto (palos incluidos) * 1<\/li>\n<li>H\u00e9lices de repuesto * 2 pares<\/li>\n<li>Bater\u00eda de repuesto*2<\/li>\n<li>Cargador de bater\u00eda + cable de alimentaci\u00f3n * 1<\/li>\n<li>Cargador de coche * 1<\/li>\n<li>Cargador m\u00faltiple * 1<\/li>\n<li>Cargador RC * 1<\/li>\n<li>Cable de carga RC*1<\/li>\n<li>Palanca de control de repuesto (par)*1<\/li>\n<li>Estuche protector RC * 1<\/li>\n<li>Cord\u00f3n RC * 1<\/li>\n<li>Cubierta de puerto extendida*1<\/li>\n<li>Funda protectora * 1<\/li>\n<li>Gu\u00eda r\u00e1pida*1<\/li>\n<li>Altavoz * 1<\/li>\n<li>Foco * 1<\/li>\n<li>Estrobosc\u00f3pico * 1<\/li>\n<\/ul>\n<\/div>\n<\/div>\n<\/div>\n<\/div>","protected":false},"excerpt":{"rendered":"<p>La construcci\u00f3n robusta, la selecci\u00f3n vers\u00e1til de accesorios y la \u00f3ptica de alta gama hacen que el\u00a0<b>Paquete empresarial EVO II Pro 6K V3<\/b>\u00a0de\u00a0<b>Autel Robotics<\/b> una soluci\u00f3n a\u00e9rea indispensable en muchas profesiones. Los cineastas disfrutar\u00e1n del sensor CMOS Sony 20MP 1\u2033 de EVO II Pro, apertura ajustable de f\/2.8 a f\/11 y la capacidad de filmar en 4K HDR o hasta 6K.<\/p>","protected":false},"featured_media":11154,"comment_status":"open","ping_status":"closed","template":"","meta":[],"product_brand":[],"product_cat":[220,364,29],"product_tag":[500,503],"class_list":{"0":"post-11153","1":"product","2":"type-product","3":"status-publish","4":"has-post-thumbnail","6":"product_cat-autel","7":"product_cat-bundles-autel","8":"product_cat-drones","9":"product_tag-autel-evo-ii-v3","10":"product_tag-evo-ii-pro-enterprise-v3","12":"first","13":"onbackorder","14":"taxable","15":"shipping-taxable","16":"product-type-simple"},"yoast_head":"<!-- This site is optimized with the Yoast SEO plugin v27.4 - https:\/\/yoast.com\/product\/yoast-seo-wordpress\/ -->\n<title>Autel Robotics EVO II Pro Enterprise V3 -<\/title>\n<meta name=\"description\" content=\"The robust construction, versatile accessory selection, and high-end optics make the\u00a0EVO II Pro 6K Enterprise Bundle V3\u00a0from\u00a0Autel Robotics an indispensable aerial solution across many professions.\" \/>\n<meta name=\"robots\" content=\"index, follow, max-snippet:-1, max-image-preview:large, max-video-preview:-1\" \/>\n<link rel=\"canonical\" href=\"https:\/\/www.ghostysky.com\/es\/producto-2\/autel-robotics-evo-ii-pro-enterprise-v3\/\" \/>\n<meta property=\"og:locale\" content=\"es_ES\" \/>\n<meta property=\"og:type\" content=\"article\" \/>\n<meta property=\"og:title\" content=\"Autel Robotics EVO II Pro Enterprise V3 -\" \/>\n<meta property=\"og:description\" content=\"The robust construction, versatile accessory selection, and high-end optics make the\u00a0EVO II Pro 6K Enterprise Bundle V3\u00a0from\u00a0Autel Robotics an indispensable aerial solution across many professions.\" \/>\n<meta property=\"og:url\" content=\"https:\/\/www.ghostysky.com\/es\/producto-2\/autel-robotics-evo-ii-pro-enterprise-v3\/\" \/>\n<meta property=\"og:site_name\" content=\"Ghostysky\" \/>\n<meta property=\"article:publisher\" content=\"https:\/\/www.facebook.com\/people\/Ghostysky\/100057676170234\/\" \/>\n<meta property=\"article:modified_time\" content=\"2025-10-14T11:25:10+00:00\" \/>\n<meta property=\"og:image\" content=\"https:\/\/www.ghostysky.com\/wp-content\/uploads\/2023\/03\/AutelRobotics-EVOII-Pro-Enterprise-V3-1.webp\" \/>\n\t<meta property=\"og:image:width\" content=\"760\" \/>\n\t<meta property=\"og:image:height\" content=\"760\" \/>\n\t<meta property=\"og:image:type\" content=\"image\/webp\" \/>\n<meta name=\"twitter:card\" content=\"summary_large_image\" \/>\n<meta name=\"twitter:site\" content=\"@Gh0stysky\" \/>\n<meta name=\"twitter:label1\" content=\"Tiempo de lectura\" \/>\n\t<meta name=\"twitter:data1\" content=\"2 minutos\" \/>\n<script type=\"application\/ld+json\" class=\"yoast-schema-graph\">{\"@context\":\"https:\\\/\\\/schema.org\",\"@graph\":[{\"@type\":\"WebPage\",\"@id\":\"https:\\\/\\\/www.ghostysky.com\\\/product\\\/autel-robotics-evo-ii-pro-enterprise-v3\\\/\",\"url\":\"https:\\\/\\\/www.ghostysky.com\\\/product\\\/autel-robotics-evo-ii-pro-enterprise-v3\\\/\",\"name\":\"Autel Robotics EVO II Pro Enterprise V3 -\",\"isPartOf\":{\"@id\":\"https:\\\/\\\/www.ghostysky.com\\\/#website\"},\"primaryImageOfPage\":{\"@id\":\"https:\\\/\\\/www.ghostysky.com\\\/product\\\/autel-robotics-evo-ii-pro-enterprise-v3\\\/#primaryimage\"},\"image\":{\"@id\":\"https:\\\/\\\/www.ghostysky.com\\\/product\\\/autel-robotics-evo-ii-pro-enterprise-v3\\\/#primaryimage\"},\"thumbnailUrl\":\"https:\\\/\\\/www.ghostysky.com\\\/wp-content\\\/uploads\\\/2023\\\/03\\\/AutelRobotics-EVOII-Pro-Enterprise-V3-1.webp\",\"datePublished\":\"2023-03-19T12:26:18+00:00\",\"dateModified\":\"2025-10-14T11:25:10+00:00\",\"description\":\"The robust construction, versatile accessory selection, and high-end optics make the\u00a0EVO II Pro 6K Enterprise Bundle V3\u00a0from\u00a0Autel Robotics an indispensable aerial solution across many professions.\",\"breadcrumb\":{\"@id\":\"https:\\\/\\\/www.ghostysky.com\\\/product\\\/autel-robotics-evo-ii-pro-enterprise-v3\\\/#breadcrumb\"},\"inLanguage\":\"es\",\"potentialAction\":[{\"@type\":\"ReadAction\",\"target\":[\"https:\\\/\\\/www.ghostysky.com\\\/product\\\/autel-robotics-evo-ii-pro-enterprise-v3\\\/\"]}]},{\"@type\":\"ImageObject\",\"inLanguage\":\"es\",\"@id\":\"https:\\\/\\\/www.ghostysky.com\\\/product\\\/autel-robotics-evo-ii-pro-enterprise-v3\\\/#primaryimage\",\"url\":\"https:\\\/\\\/www.ghostysky.com\\\/wp-content\\\/uploads\\\/2023\\\/03\\\/AutelRobotics-EVOII-Pro-Enterprise-V3-1.webp\",\"contentUrl\":\"https:\\\/\\\/www.ghostysky.com\\\/wp-content\\\/uploads\\\/2023\\\/03\\\/AutelRobotics-EVOII-Pro-Enterprise-V3-1.webp\",\"width\":760,\"height\":760},{\"@type\":\"BreadcrumbList\",\"@id\":\"https:\\\/\\\/www.ghostysky.com\\\/product\\\/autel-robotics-evo-ii-pro-enterprise-v3\\\/#breadcrumb\",\"itemListElement\":[{\"@type\":\"ListItem\",\"position\":1,\"name\":\"Home\",\"item\":\"https:\\\/\\\/www.ghostysky.com\\\/\"},{\"@type\":\"ListItem\",\"position\":2,\"name\":\"Shop\",\"item\":\"https:\\\/\\\/www.ghostysky.com\\\/shop\\\/\"},{\"@type\":\"ListItem\",\"position\":3,\"name\":\"Autel Robotics EVO II Pro Enterprise V3\"}]},{\"@type\":\"WebSite\",\"@id\":\"https:\\\/\\\/www.ghostysky.com\\\/#website\",\"url\":\"https:\\\/\\\/www.ghostysky.com\\\/\",\"name\":\"Ghostysky\",\"description\":\"Delivering professional drones and robotics solutions\",\"publisher\":{\"@id\":\"https:\\\/\\\/www.ghostysky.com\\\/#organization\"},\"potentialAction\":[{\"@type\":\"SearchAction\",\"target\":{\"@type\":\"EntryPoint\",\"urlTemplate\":\"https:\\\/\\\/www.ghostysky.com\\\/?s={search_term_string}\"},\"query-input\":{\"@type\":\"PropertyValueSpecification\",\"valueRequired\":true,\"valueName\":\"search_term_string\"}}],\"inLanguage\":\"es\"},{\"@type\":\"Organization\",\"@id\":\"https:\\\/\\\/www.ghostysky.com\\\/#organization\",\"name\":\"Ghostysky\",\"url\":\"https:\\\/\\\/www.ghostysky.com\\\/\",\"logo\":{\"@type\":\"ImageObject\",\"inLanguage\":\"es\",\"@id\":\"https:\\\/\\\/www.ghostysky.com\\\/#\\\/schema\\\/logo\\\/image\\\/\",\"url\":\"https:\\\/\\\/www.ghostysky.com\\\/wp-content\\\/uploads\\\/2020\\\/06\\\/cropped-ghostyskylogo_text_white2.png\",\"contentUrl\":\"https:\\\/\\\/www.ghostysky.com\\\/wp-content\\\/uploads\\\/2020\\\/06\\\/cropped-ghostyskylogo_text_white2.png\",\"width\":169,\"height\":56,\"caption\":\"Ghostysky\"},\"image\":{\"@id\":\"https:\\\/\\\/www.ghostysky.com\\\/#\\\/schema\\\/logo\\\/image\\\/\"},\"sameAs\":[\"https:\\\/\\\/www.facebook.com\\\/people\\\/Ghostysky\\\/100057676170234\\\/\",\"https:\\\/\\\/x.com\\\/Gh0stysky\",\"https:\\\/\\\/www.linkedin.com\\\/company\\\/34739653\",\"https:\\\/\\\/www.instagram.com\\\/gh0stysky\"]}]}<\/script>\n<!-- \/ Yoast SEO plugin. -->","yoast_head_json":{"title":"Autel Robotics EVO II Pro Empresa V3 -","description":"La construcci\u00f3n robusta, la selecci\u00f3n de accesorios vers\u00e1til y la \u00f3ptica de alta gama hacen del EVO II Pro 6K Enterprise Bundle V3 de Autel Robotics una soluci\u00f3n a\u00e9rea indispensable para muchas profesiones.","robots":{"index":"index","follow":"follow","max-snippet":"max-snippet:-1","max-image-preview":"max-image-preview:large","max-video-preview":"max-video-preview:-1"},"canonical":"https:\/\/www.ghostysky.com\/es\/producto-2\/autel-robotics-evo-ii-pro-enterprise-v3\/","og_locale":"es_ES","og_type":"article","og_title":"Autel Robotics EVO II Pro Enterprise V3 -","og_description":"The robust construction, versatile accessory selection, and high-end optics make the\u00a0EVO II Pro 6K Enterprise Bundle V3\u00a0from\u00a0Autel Robotics an indispensable aerial solution across many professions.","og_url":"https:\/\/www.ghostysky.com\/es\/producto-2\/autel-robotics-evo-ii-pro-enterprise-v3\/","og_site_name":"Ghostysky","article_publisher":"https:\/\/www.facebook.com\/people\/Ghostysky\/100057676170234\/","article_modified_time":"2025-10-14T11:25:10+00:00","og_image":[{"width":760,"height":760,"url":"https:\/\/www.ghostysky.com\/wp-content\/uploads\/2023\/03\/AutelRobotics-EVOII-Pro-Enterprise-V3-1.webp","type":"image\/webp"}],"twitter_card":"summary_large_image","twitter_site":"@Gh0stysky","twitter_misc":{"Tiempo de lectura":"2 minutos"},"schema":{"@context":"https:\/\/schema.org","@graph":[{"@type":"WebPage","@id":"https:\/\/www.ghostysky.com\/product\/autel-robotics-evo-ii-pro-enterprise-v3\/","url":"https:\/\/www.ghostysky.com\/product\/autel-robotics-evo-ii-pro-enterprise-v3\/","name":"Autel Robotics EVO II Pro Empresa V3 -","isPartOf":{"@id":"https:\/\/www.ghostysky.com\/#website"},"primaryImageOfPage":{"@id":"https:\/\/www.ghostysky.com\/product\/autel-robotics-evo-ii-pro-enterprise-v3\/#primaryimage"},"image":{"@id":"https:\/\/www.ghostysky.com\/product\/autel-robotics-evo-ii-pro-enterprise-v3\/#primaryimage"},"thumbnailUrl":"https:\/\/www.ghostysky.com\/wp-content\/uploads\/2023\/03\/AutelRobotics-EVOII-Pro-Enterprise-V3-1.webp","datePublished":"2023-03-19T12:26:18+00:00","dateModified":"2025-10-14T11:25:10+00:00","description":"La construcci\u00f3n robusta, la selecci\u00f3n de accesorios vers\u00e1til y la \u00f3ptica de alta gama hacen del EVO II Pro 6K Enterprise Bundle V3 de Autel Robotics una soluci\u00f3n a\u00e9rea indispensable para muchas profesiones.","breadcrumb":{"@id":"https:\/\/www.ghostysky.com\/product\/autel-robotics-evo-ii-pro-enterprise-v3\/#breadcrumb"},"inLanguage":"es","potentialAction":[{"@type":"ReadAction","target":["https:\/\/www.ghostysky.com\/product\/autel-robotics-evo-ii-pro-enterprise-v3\/"]}]},{"@type":"ImageObject","inLanguage":"es","@id":"https:\/\/www.ghostysky.com\/product\/autel-robotics-evo-ii-pro-enterprise-v3\/#primaryimage","url":"https:\/\/www.ghostysky.com\/wp-content\/uploads\/2023\/03\/AutelRobotics-EVOII-Pro-Enterprise-V3-1.webp","contentUrl":"https:\/\/www.ghostysky.com\/wp-content\/uploads\/2023\/03\/AutelRobotics-EVOII-Pro-Enterprise-V3-1.webp","width":760,"height":760},{"@type":"BreadcrumbList","@id":"https:\/\/www.ghostysky.com\/product\/autel-robotics-evo-ii-pro-enterprise-v3\/#breadcrumb","itemListElement":[{"@type":"ListItem","position":1,"name":"Home","item":"https:\/\/www.ghostysky.com\/"},{"@type":"ListItem","position":2,"name":"Shop","item":"https:\/\/www.ghostysky.com\/shop\/"},{"@type":"ListItem","position":3,"name":"Autel Robotics EVO II Pro Enterprise V3"}]},{"@type":"WebSite","@id":"https:\/\/www.ghostysky.com\/#website","url":"https:\/\/www.ghostysky.com\/","name":"Ghostysky","description":"Ofrecemos soluciones profesionales de drones y rob\u00f3tica.","publisher":{"@id":"https:\/\/www.ghostysky.com\/#organization"},"potentialAction":[{"@type":"SearchAction","target":{"@type":"EntryPoint","urlTemplate":"https:\/\/www.ghostysky.com\/?s={search_term_string}"},"query-input":{"@type":"PropertyValueSpecification","valueRequired":true,"valueName":"search_term_string"}}],"inLanguage":"es"},{"@type":"Organization","@id":"https:\/\/www.ghostysky.com\/#organization","name":"Ghostysky","url":"https:\/\/www.ghostysky.com\/","logo":{"@type":"ImageObject","inLanguage":"es","@id":"https:\/\/www.ghostysky.com\/#\/schema\/logo\/image\/","url":"https:\/\/www.ghostysky.com\/wp-content\/uploads\/2020\/06\/cropped-ghostyskylogo_text_white2.png","contentUrl":"https:\/\/www.ghostysky.com\/wp-content\/uploads\/2020\/06\/cropped-ghostyskylogo_text_white2.png","width":169,"height":56,"caption":"Ghostysky"},"image":{"@id":"https:\/\/www.ghostysky.com\/#\/schema\/logo\/image\/"},"sameAs":["https:\/\/www.facebook.com\/people\/Ghostysky\/100057676170234\/","https:\/\/x.com\/Gh0stysky","https:\/\/www.linkedin.com\/company\/34739653","https:\/\/www.instagram.com\/gh0stysky"]}]}},"_links":{"self":[{"href":"https:\/\/www.ghostysky.com\/es\/wp-json\/wp\/v2\/product\/11153","targetHints":{"allow":["GET"]}}],"collection":[{"href":"https:\/\/www.ghostysky.com\/es\/wp-json\/wp\/v2\/product"}],"about":[{"href":"https:\/\/www.ghostysky.com\/es\/wp-json\/wp\/v2\/types\/product"}],"replies":[{"embeddable":true,"href":"https:\/\/www.ghostysky.com\/es\/wp-json\/wp\/v2\/comments?post=11153"}],"version-history":[{"count":0,"href":"https:\/\/www.ghostysky.com\/es\/wp-json\/wp\/v2\/product\/11153\/revisions"}],"wp:featuredmedia":[{"embeddable":true,"href":"https:\/\/www.ghostysky.com\/es\/wp-json\/wp\/v2\/media\/11154"}],"wp:attachment":[{"href":"https:\/\/www.ghostysky.com\/es\/wp-json\/wp\/v2\/media?parent=11153"}],"wp:term":[{"taxonomy":"product_brand","embeddable":true,"href":"https:\/\/www.ghostysky.com\/es\/wp-json\/wp\/v2\/product_brand?post=11153"},{"taxonomy":"product_cat","embeddable":true,"href":"https:\/\/www.ghostysky.com\/es\/wp-json\/wp\/v2\/product_cat?post=11153"},{"taxonomy":"product_tag","embeddable":true,"href":"https:\/\/www.ghostysky.com\/es\/wp-json\/wp\/v2\/product_tag?post=11153"}],"curies":[{"name":"wp","href":"https:\/\/api.w.org\/{rel}","templated":true}]}}