{"id":11163,"date":"2023-03-19T12:54:54","date_gmt":"2023-03-19T12:54:54","guid":{"rendered":"https:\/\/www.ghostysky.com\/?post_type=product&#038;p=11163"},"modified":"2025-10-14T11:24:24","modified_gmt":"2025-10-14T11:24:24","slug":"autel-robotics-evo-ii-dual-640t-rtk-thermal-drone-v3","status":"publish","type":"product","link":"https:\/\/www.ghostysky.com\/es\/product\/autel-robotics-evo-ii-dual-640t-rtk-thermal-drone-v3\/","title":{"rendered":"Autel Robotics EVO II Dual 640T RTK T\u00e9rmico Drone V3"},"content":{"rendered":"<h3 class=\"stitle pc\">Paquete resistente EVO II Dual RTK (640) T<\/h3>\n<p class=\"stitle pc\"><strong>C\u00c1MARAS DOBLES, MEDICI\u00d3N PRECISA DE LA TEMPERATURA<\/strong><br \/>\nEVO II Dual 640T RTK est\u00e1 equipado con una c\u00e1mara termogr\u00e1fica de alta resoluci\u00f3n y una c\u00e1mara de luz visible de 8K, lo que le permite capturar im\u00e1genes muy detalladas para lograr una visi\u00f3n \u00f3ptima.<\/p>\n<div class=\"sdesc\"><strong>Medici\u00f3n precisa de la temperatura<\/strong><br \/>\nEl EVO II Dual 640T RTK puede detectar con precisi\u00f3n fuentes de calor dentro de una distancia de 2 a 5 metros. Al aprovechar el algoritmo de compensaci\u00f3n de la medici\u00f3n de temperatura infrarroja, el 640T RTK puede regular las desviaciones de temperatura dentro de los 3 grados cent\u00edgrados.<\/div>\n<div class=\"sdesc\"><strong>Sensor de im\u00e1genes t\u00e9rmicas de alta resoluci\u00f3n<\/strong><br \/>\nEl 640T RTK tiene una distancia focal de 13 mm combinada con un sensor de im\u00e1genes t\u00e9rmicas de 640 x 512 y una c\u00e1mara visible de ultra alta definici\u00f3n de 8K. Juntos, estos sensores le brindan visi\u00f3n dual para brindarle las im\u00e1genes n\u00edtidas y claras que necesita para cumplir sus misiones.<\/div>\n<div class=\"sdesc\"><strong>M\u00faltiples modos de color<\/strong><br \/>\nblanco caliente | Frio y Caliente | arcoiris | Arco iris mejorado | Arco de hierro | lava | \u00c1rtico | abrasador | Graduaci\u00f3n | Detecci\u00f3n de calor<\/div>\n<div><\/div>\n<h3>POSICIONAMIENTO A NIVEL CENTIM\u00c9TRICO<\/h3>\n<div>\n<p>La serie EVO II RTK integra un m\u00f3dulo RTK completamente nuevo, que proporciona datos de posicionamiento a nivel centim\u00e9trico en tiempo real y es compatible con el posprocesamiento cinem\u00e1tico (PPK). La aeronave puede registrar los datos originales de observaci\u00f3n del sat\u00e9lite, los par\u00e1metros de exposici\u00f3n de la c\u00e1mara y varios otros datos. El sistema de posicionamiento es compatible con la estaci\u00f3n base A-RTK y la red RTK, lo que ayuda a lograr una adquisici\u00f3n de datos precisa y estable en entornos operativos complejos.<\/p>\n<h3>LIGERO, EFICIENTE Y FIABLE<\/h3>\n<p>La serie EVO II RTK hereda el dise\u00f1o plegable de la serie EVO II original, lo que la hace compacta, liviana, port\u00e1til y lista para volar en cuesti\u00f3n de segundos. Adem\u00e1s de un alcance m\u00e1ximo de transmisi\u00f3n de 9 km, el avi\u00f3n ofrece un tiempo de vuelo de hasta 36 minutos y puede alcanzar una velocidad m\u00e1xima de hasta 20 m\/s, lo que lo convierte en el compa\u00f1ero de vuelo perfecto para sus misiones diarias.<\/p>\n<p><strong>EN EL CUADRO<\/strong><\/p>\n<ul>\n<li>1 avi\u00f3n (bater\u00eda, h\u00e9lice, cubierta de card\u00e1n, tarjeta SD de 32G incluida)<\/li>\n<li>1 mando a distancia.<\/li>\n<li>2x h\u00e9lices de repuesto (par)<\/li>\n<li>2x bater\u00eda de repuesto<\/li>\n<li>2 cargadores de bater\u00eda + cable de alimentaci\u00f3n.<\/li>\n<li>1x cargador de coche<\/li>\n<li>1x cargador m\u00faltiple<\/li>\n<li>1x cargador RC<\/li>\n<li>1 cable de carga RC.<\/li>\n<li>1 palanca de control de repuesto (par)<\/li>\n<li>1 funda protectora RC.<\/li>\n<li>1 cord\u00f3n RC.<\/li>\n<li>1x cubierta de puerto extendida<\/li>\n<li>1 funda protectora.<\/li>\n<li>Gu\u00eda r\u00e1pida<\/li>\n<\/ul>\n<\/div>","protected":false},"excerpt":{"rendered":"<p>El <b>Autel Robotics EVO II DUAL 640T RTK Paquete resistente V3<\/b>\u00a0puede proporcionar una variedad de profesiones e industrias con una respuesta a\u00e9rea r\u00e1pida y datos esenciales en condiciones dif\u00edciles. Con una c\u00e1mara visual dual HDR 4K de 50MP y una c\u00e1mara termogr\u00e1fica de 640 x 512, la EVO II DUAL 640T es ideal para funcionarios de seguridad p\u00fablica, trabajadores industriales y cineastas profesionales por igual. Con la inclusi\u00f3n de un m\u00f3dulo RTK, es posible realizar mediciones RTK en tiempo real con precisi\u00f3n centim\u00e9trica, lo que ampl\u00eda la utilidad de este paquete para los profesionales de la construcci\u00f3n y la agricultura.<\/p>","protected":false},"featured_media":11168,"comment_status":"open","ping_status":"closed","template":"","meta":[],"product_brand":[],"product_cat":[220,364,29],"product_tag":[500,505],"class_list":{"0":"post-11163","1":"product","2":"type-product","3":"status-publish","4":"has-post-thumbnail","6":"product_cat-autel","7":"product_cat-bundles-autel","8":"product_cat-drones","9":"product_tag-autel-evo-ii-v3","10":"product_tag-evo-ii-dual-640t-rtk-thermal-drone-v3","12":"first","13":"onbackorder","14":"taxable","15":"shipping-taxable","16":"product-type-simple"},"yoast_head":"<!-- This site is optimized with the Yoast SEO plugin v27.4 - https:\/\/yoast.com\/product\/yoast-seo-wordpress\/ -->\n<title>Autel Robotics EVO II Dual 640T RTK Thermal Drone V3 -<\/title>\n<meta name=\"description\" content=\"The Autel Robotics EVO II DUAL 640T RTK Rugged Bundle V3\u00a0can provide a variety of professions and industries with a fast aerial response and essential data in harsh conditions.\" \/>\n<meta name=\"robots\" content=\"index, follow, max-snippet:-1, max-image-preview:large, max-video-preview:-1\" \/>\n<link rel=\"canonical\" href=\"https:\/\/www.ghostysky.com\/es\/producto-2\/autel-robotics-evo-ii-dual-640t-rtk-thermal-drone-v3\/\" \/>\n<meta property=\"og:locale\" content=\"es_ES\" \/>\n<meta property=\"og:type\" content=\"article\" \/>\n<meta property=\"og:title\" content=\"Autel Robotics EVO II Dual 640T RTK Thermal Drone V3 -\" \/>\n<meta property=\"og:description\" content=\"The Autel Robotics EVO II DUAL 640T RTK Rugged Bundle V3\u00a0can provide a variety of professions and industries with a fast aerial response and essential data in harsh conditions.\" \/>\n<meta property=\"og:url\" content=\"https:\/\/www.ghostysky.com\/es\/producto-2\/autel-robotics-evo-ii-dual-640t-rtk-thermal-drone-v3\/\" \/>\n<meta property=\"og:site_name\" content=\"Ghostysky\" \/>\n<meta property=\"article:publisher\" content=\"https:\/\/www.facebook.com\/people\/Ghostysky\/100057676170234\/\" \/>\n<meta property=\"article:modified_time\" content=\"2025-10-14T11:24:24+00:00\" \/>\n<meta property=\"og:image\" content=\"https:\/\/www.ghostysky.com\/wp-content\/uploads\/2023\/03\/EVOII-Dual-640T-RTK-Thermal-Drone-V3-1.webp\" \/>\n\t<meta property=\"og:image:width\" content=\"760\" \/>\n\t<meta property=\"og:image:height\" content=\"760\" \/>\n\t<meta property=\"og:image:type\" content=\"image\/webp\" \/>\n<meta name=\"twitter:card\" content=\"summary_large_image\" \/>\n<meta name=\"twitter:site\" content=\"@Gh0stysky\" \/>\n<meta name=\"twitter:label1\" content=\"Tiempo de lectura\" \/>\n\t<meta name=\"twitter:data1\" content=\"2 minutos\" \/>\n<script type=\"application\/ld+json\" class=\"yoast-schema-graph\">{\"@context\":\"https:\\\/\\\/schema.org\",\"@graph\":[{\"@type\":\"WebPage\",\"@id\":\"https:\\\/\\\/www.ghostysky.com\\\/product\\\/autel-robotics-evo-ii-dual-640t-rtk-thermal-drone-v3\\\/\",\"url\":\"https:\\\/\\\/www.ghostysky.com\\\/product\\\/autel-robotics-evo-ii-dual-640t-rtk-thermal-drone-v3\\\/\",\"name\":\"Autel Robotics EVO II Dual 640T RTK Thermal Drone V3 -\",\"isPartOf\":{\"@id\":\"https:\\\/\\\/www.ghostysky.com\\\/#website\"},\"primaryImageOfPage\":{\"@id\":\"https:\\\/\\\/www.ghostysky.com\\\/product\\\/autel-robotics-evo-ii-dual-640t-rtk-thermal-drone-v3\\\/#primaryimage\"},\"image\":{\"@id\":\"https:\\\/\\\/www.ghostysky.com\\\/product\\\/autel-robotics-evo-ii-dual-640t-rtk-thermal-drone-v3\\\/#primaryimage\"},\"thumbnailUrl\":\"https:\\\/\\\/www.ghostysky.com\\\/wp-content\\\/uploads\\\/2023\\\/03\\\/EVOII-Dual-640T-RTK-Thermal-Drone-V3-1.webp\",\"datePublished\":\"2023-03-19T12:54:54+00:00\",\"dateModified\":\"2025-10-14T11:24:24+00:00\",\"description\":\"The Autel Robotics EVO II DUAL 640T RTK Rugged Bundle V3\u00a0can provide a variety of professions and industries with a fast aerial response and essential data in harsh conditions.\",\"breadcrumb\":{\"@id\":\"https:\\\/\\\/www.ghostysky.com\\\/product\\\/autel-robotics-evo-ii-dual-640t-rtk-thermal-drone-v3\\\/#breadcrumb\"},\"inLanguage\":\"es\",\"potentialAction\":[{\"@type\":\"ReadAction\",\"target\":[\"https:\\\/\\\/www.ghostysky.com\\\/product\\\/autel-robotics-evo-ii-dual-640t-rtk-thermal-drone-v3\\\/\"]}]},{\"@type\":\"ImageObject\",\"inLanguage\":\"es\",\"@id\":\"https:\\\/\\\/www.ghostysky.com\\\/product\\\/autel-robotics-evo-ii-dual-640t-rtk-thermal-drone-v3\\\/#primaryimage\",\"url\":\"https:\\\/\\\/www.ghostysky.com\\\/wp-content\\\/uploads\\\/2023\\\/03\\\/EVOII-Dual-640T-RTK-Thermal-Drone-V3-1.webp\",\"contentUrl\":\"https:\\\/\\\/www.ghostysky.com\\\/wp-content\\\/uploads\\\/2023\\\/03\\\/EVOII-Dual-640T-RTK-Thermal-Drone-V3-1.webp\",\"width\":760,\"height\":760},{\"@type\":\"BreadcrumbList\",\"@id\":\"https:\\\/\\\/www.ghostysky.com\\\/product\\\/autel-robotics-evo-ii-dual-640t-rtk-thermal-drone-v3\\\/#breadcrumb\",\"itemListElement\":[{\"@type\":\"ListItem\",\"position\":1,\"name\":\"Home\",\"item\":\"https:\\\/\\\/www.ghostysky.com\\\/\"},{\"@type\":\"ListItem\",\"position\":2,\"name\":\"Shop\",\"item\":\"https:\\\/\\\/www.ghostysky.com\\\/shop\\\/\"},{\"@type\":\"ListItem\",\"position\":3,\"name\":\"Autel Robotics EVO II Dual 640T RTK Thermal Drone V3\"}]},{\"@type\":\"WebSite\",\"@id\":\"https:\\\/\\\/www.ghostysky.com\\\/#website\",\"url\":\"https:\\\/\\\/www.ghostysky.com\\\/\",\"name\":\"Ghostysky\",\"description\":\"Delivering professional drones and robotics solutions\",\"publisher\":{\"@id\":\"https:\\\/\\\/www.ghostysky.com\\\/#organization\"},\"potentialAction\":[{\"@type\":\"SearchAction\",\"target\":{\"@type\":\"EntryPoint\",\"urlTemplate\":\"https:\\\/\\\/www.ghostysky.com\\\/?s={search_term_string}\"},\"query-input\":{\"@type\":\"PropertyValueSpecification\",\"valueRequired\":true,\"valueName\":\"search_term_string\"}}],\"inLanguage\":\"es\"},{\"@type\":\"Organization\",\"@id\":\"https:\\\/\\\/www.ghostysky.com\\\/#organization\",\"name\":\"Ghostysky\",\"url\":\"https:\\\/\\\/www.ghostysky.com\\\/\",\"logo\":{\"@type\":\"ImageObject\",\"inLanguage\":\"es\",\"@id\":\"https:\\\/\\\/www.ghostysky.com\\\/#\\\/schema\\\/logo\\\/image\\\/\",\"url\":\"https:\\\/\\\/www.ghostysky.com\\\/wp-content\\\/uploads\\\/2020\\\/06\\\/cropped-ghostyskylogo_text_white2.png\",\"contentUrl\":\"https:\\\/\\\/www.ghostysky.com\\\/wp-content\\\/uploads\\\/2020\\\/06\\\/cropped-ghostyskylogo_text_white2.png\",\"width\":169,\"height\":56,\"caption\":\"Ghostysky\"},\"image\":{\"@id\":\"https:\\\/\\\/www.ghostysky.com\\\/#\\\/schema\\\/logo\\\/image\\\/\"},\"sameAs\":[\"https:\\\/\\\/www.facebook.com\\\/people\\\/Ghostysky\\\/100057676170234\\\/\",\"https:\\\/\\\/x.com\\\/Gh0stysky\",\"https:\\\/\\\/www.linkedin.com\\\/company\\\/34739653\",\"https:\\\/\\\/www.instagram.com\\\/gh0stysky\"]}]}<\/script>\n<!-- \/ Yoast SEO plugin. -->","yoast_head_json":{"title":"Autel Robotics EVO II Dual 640T RTK Drone t\u00e9rmico V3 -","description":"El Autel Robotics EVO II DUAL 640T RTK Rugged Bundle V3 puede proporcionar a una variedad de profesiones e industrias una respuesta a\u00e9rea r\u00e1pida y datos esenciales en condiciones dif\u00edciles.","robots":{"index":"index","follow":"follow","max-snippet":"max-snippet:-1","max-image-preview":"max-image-preview:large","max-video-preview":"max-video-preview:-1"},"canonical":"https:\/\/www.ghostysky.com\/es\/producto-2\/autel-robotics-evo-ii-dual-640t-rtk-thermal-drone-v3\/","og_locale":"es_ES","og_type":"article","og_title":"Autel Robotics EVO II Dual 640T RTK Thermal Drone V3 -","og_description":"The Autel Robotics EVO II DUAL 640T RTK Rugged Bundle V3\u00a0can provide a variety of professions and industries with a fast aerial response and essential data in harsh conditions.","og_url":"https:\/\/www.ghostysky.com\/es\/producto-2\/autel-robotics-evo-ii-dual-640t-rtk-thermal-drone-v3\/","og_site_name":"Ghostysky","article_publisher":"https:\/\/www.facebook.com\/people\/Ghostysky\/100057676170234\/","article_modified_time":"2025-10-14T11:24:24+00:00","og_image":[{"width":760,"height":760,"url":"https:\/\/www.ghostysky.com\/wp-content\/uploads\/2023\/03\/EVOII-Dual-640T-RTK-Thermal-Drone-V3-1.webp","type":"image\/webp"}],"twitter_card":"summary_large_image","twitter_site":"@Gh0stysky","twitter_misc":{"Tiempo de lectura":"2 minutos"},"schema":{"@context":"https:\/\/schema.org","@graph":[{"@type":"WebPage","@id":"https:\/\/www.ghostysky.com\/product\/autel-robotics-evo-ii-dual-640t-rtk-thermal-drone-v3\/","url":"https:\/\/www.ghostysky.com\/product\/autel-robotics-evo-ii-dual-640t-rtk-thermal-drone-v3\/","name":"Autel Robotics EVO II Dual 640T RTK Drone t\u00e9rmico V3 -","isPartOf":{"@id":"https:\/\/www.ghostysky.com\/#website"},"primaryImageOfPage":{"@id":"https:\/\/www.ghostysky.com\/product\/autel-robotics-evo-ii-dual-640t-rtk-thermal-drone-v3\/#primaryimage"},"image":{"@id":"https:\/\/www.ghostysky.com\/product\/autel-robotics-evo-ii-dual-640t-rtk-thermal-drone-v3\/#primaryimage"},"thumbnailUrl":"https:\/\/www.ghostysky.com\/wp-content\/uploads\/2023\/03\/EVOII-Dual-640T-RTK-Thermal-Drone-V3-1.webp","datePublished":"2023-03-19T12:54:54+00:00","dateModified":"2025-10-14T11:24:24+00:00","description":"El Autel Robotics EVO II DUAL 640T RTK Rugged Bundle V3 puede proporcionar a una variedad de profesiones e industrias una respuesta a\u00e9rea r\u00e1pida y datos esenciales en condiciones dif\u00edciles.","breadcrumb":{"@id":"https:\/\/www.ghostysky.com\/product\/autel-robotics-evo-ii-dual-640t-rtk-thermal-drone-v3\/#breadcrumb"},"inLanguage":"es","potentialAction":[{"@type":"ReadAction","target":["https:\/\/www.ghostysky.com\/product\/autel-robotics-evo-ii-dual-640t-rtk-thermal-drone-v3\/"]}]},{"@type":"ImageObject","inLanguage":"es","@id":"https:\/\/www.ghostysky.com\/product\/autel-robotics-evo-ii-dual-640t-rtk-thermal-drone-v3\/#primaryimage","url":"https:\/\/www.ghostysky.com\/wp-content\/uploads\/2023\/03\/EVOII-Dual-640T-RTK-Thermal-Drone-V3-1.webp","contentUrl":"https:\/\/www.ghostysky.com\/wp-content\/uploads\/2023\/03\/EVOII-Dual-640T-RTK-Thermal-Drone-V3-1.webp","width":760,"height":760},{"@type":"BreadcrumbList","@id":"https:\/\/www.ghostysky.com\/product\/autel-robotics-evo-ii-dual-640t-rtk-thermal-drone-v3\/#breadcrumb","itemListElement":[{"@type":"ListItem","position":1,"name":"Home","item":"https:\/\/www.ghostysky.com\/"},{"@type":"ListItem","position":2,"name":"Shop","item":"https:\/\/www.ghostysky.com\/shop\/"},{"@type":"ListItem","position":3,"name":"Autel Robotics EVO II Dual 640T RTK Thermal Drone V3"}]},{"@type":"WebSite","@id":"https:\/\/www.ghostysky.com\/#website","url":"https:\/\/www.ghostysky.com\/","name":"Ghostysky","description":"Ofrecemos soluciones profesionales de drones y rob\u00f3tica.","publisher":{"@id":"https:\/\/www.ghostysky.com\/#organization"},"potentialAction":[{"@type":"SearchAction","target":{"@type":"EntryPoint","urlTemplate":"https:\/\/www.ghostysky.com\/?s={search_term_string}"},"query-input":{"@type":"PropertyValueSpecification","valueRequired":true,"valueName":"search_term_string"}}],"inLanguage":"es"},{"@type":"Organization","@id":"https:\/\/www.ghostysky.com\/#organization","name":"Ghostysky","url":"https:\/\/www.ghostysky.com\/","logo":{"@type":"ImageObject","inLanguage":"es","@id":"https:\/\/www.ghostysky.com\/#\/schema\/logo\/image\/","url":"https:\/\/www.ghostysky.com\/wp-content\/uploads\/2020\/06\/cropped-ghostyskylogo_text_white2.png","contentUrl":"https:\/\/www.ghostysky.com\/wp-content\/uploads\/2020\/06\/cropped-ghostyskylogo_text_white2.png","width":169,"height":56,"caption":"Ghostysky"},"image":{"@id":"https:\/\/www.ghostysky.com\/#\/schema\/logo\/image\/"},"sameAs":["https:\/\/www.facebook.com\/people\/Ghostysky\/100057676170234\/","https:\/\/x.com\/Gh0stysky","https:\/\/www.linkedin.com\/company\/34739653","https:\/\/www.instagram.com\/gh0stysky"]}]}},"_links":{"self":[{"href":"https:\/\/www.ghostysky.com\/es\/wp-json\/wp\/v2\/product\/11163","targetHints":{"allow":["GET"]}}],"collection":[{"href":"https:\/\/www.ghostysky.com\/es\/wp-json\/wp\/v2\/product"}],"about":[{"href":"https:\/\/www.ghostysky.com\/es\/wp-json\/wp\/v2\/types\/product"}],"replies":[{"embeddable":true,"href":"https:\/\/www.ghostysky.com\/es\/wp-json\/wp\/v2\/comments?post=11163"}],"version-history":[{"count":0,"href":"https:\/\/www.ghostysky.com\/es\/wp-json\/wp\/v2\/product\/11163\/revisions"}],"wp:featuredmedia":[{"embeddable":true,"href":"https:\/\/www.ghostysky.com\/es\/wp-json\/wp\/v2\/media\/11168"}],"wp:attachment":[{"href":"https:\/\/www.ghostysky.com\/es\/wp-json\/wp\/v2\/media?parent=11163"}],"wp:term":[{"taxonomy":"product_brand","embeddable":true,"href":"https:\/\/www.ghostysky.com\/es\/wp-json\/wp\/v2\/product_brand?post=11163"},{"taxonomy":"product_cat","embeddable":true,"href":"https:\/\/www.ghostysky.com\/es\/wp-json\/wp\/v2\/product_cat?post=11163"},{"taxonomy":"product_tag","embeddable":true,"href":"https:\/\/www.ghostysky.com\/es\/wp-json\/wp\/v2\/product_tag?post=11163"}],"curies":[{"name":"wp","href":"https:\/\/api.w.org\/{rel}","templated":true}]}}