{"id":11235,"date":"2023-03-20T22:24:17","date_gmt":"2023-03-20T22:24:17","guid":{"rendered":"https:\/\/www.ghostysky.com\/?post_type=product&#038;p=11235"},"modified":"2023-04-03T20:07:31","modified_gmt":"2023-04-03T20:07:31","slug":"oukitel-wp22","status":"publish","type":"product","link":"https:\/\/www.ghostysky.com\/es\/product\/oukitel-wp22\/","title":{"rendered":"Oukitel WP22"},"content":{"rendered":"<h3 class=\"a-spacing-mini\">Especificaci\u00f3n<\/h3>\n<ul class=\"a-unordered-list a-vertical\">\n<li>Nombre del modelo: Oukitel WP22<\/li>\n<li>De color negro<\/li>\n<li>Dimensi\u00f3n: 174 mm x 83,5 mm x 19 mm<\/li>\n<li>Peso: alrededor de 398g<\/li>\n<li>Procesador: MTK Helio P90<\/li>\n<li>Sistema operativo: Android 13<\/li>\n<li>RAM: 8GB<\/li>\n<li>ROM: 256GB<\/li>\n<li>SIM: tarjeta nano dual o tarjeta nano + tarjeta T<\/li>\n<li>Tama\u00f1o de pantalla: pantalla FHD+ de 6,58&quot;<\/li>\n<li>Resoluci\u00f3n de pantalla: 2408*1080<\/li>\n<li>Relaci\u00f3n de aspecto: 20,5:9<\/li>\n<li>Frecuencia de actualizaci\u00f3n: 90Hz<\/li>\n<li>C\u00e1mara frontal: 16MP<\/li>\n<li>C\u00e1mara trasera: c\u00e1mara principal de 48MP + c\u00e1mara de visi\u00f3n nocturna de 20MP + c\u00e1mara macro de 2MP<\/li>\n<li>Bater\u00eda: 10000mAh<\/li>\n<li>Carga inversa: S\u00ed, soporte<\/li>\n<li>Bluetooth: BT5.0<\/li>\n<li>Otras caracter\u00edsticas: NFC, Google Play, Face ID, SOS y OTG<\/li>\n<li>Navegaciones: GPS, Glonass, Beidou y Galileo<\/li>\n<\/ul>\n<h3>EN EL CUADRO<\/h3>\n<ul>\n<li>1x tel\u00e9fono inteligente resistente WP22 x1<\/li>\n<li>1 cable tipo C x1<\/li>\n<li>1 cargador de energ\u00eda x1<\/li>\n<li>1 manual de usuario x1<\/li>\n<li>1 tarjeta de garant\u00eda x1<\/li>\n<\/ul>","protected":false},"excerpt":{"rendered":"<p>El tel\u00e9fono inteligente Oukitel WP22 (WP22) lanzado en 2023. Est\u00e1 alimentado por el chipset Mediatek Helio P90, 8 GB de RAM y 256 GB de almacenamiento interno. El Oukitel WP22 se ejecuta en el sistema operativo Android v13.0 listo para usar. Viene con una bater\u00eda Li-Po 10000 mAh no extra\u00edble. Cuenta con una pantalla IPS de 6,58 pulgadas con una resoluci\u00f3n de 1080 x 2408 px. La tecnolog\u00eda IPS es una de las tecnolog\u00edas LCD m\u00e1s punteras del mundo.<\/p>","protected":false},"featured_media":11238,"comment_status":"open","ping_status":"closed","template":"","meta":[],"product_brand":[],"product_cat":[461,506],"product_tag":[509,508],"class_list":{"0":"post-11235","1":"product","2":"type-product","3":"status-publish","4":"has-post-thumbnail","6":"product_cat-accessories-2","7":"product_cat-smartphones-tablets","8":"product_tag-oukitel-wp22","9":"product_tag-smartphonetablet","11":"first","12":"onbackorder","13":"taxable","14":"shipping-taxable","15":"product-type-simple"},"yoast_head":"<!-- This site is optimized with the Yoast SEO plugin v27.1.1 - https:\/\/yoast.com\/product\/yoast-seo-wordpress\/ -->\n<title>Oukitel WP22 - Ghostysky<\/title>\n<meta name=\"description\" content=\"The Oukitel WP22 (WP22) smartphone released in 2023. It is powered by Mediatek Helio P90 chipset, 8 GB of RAM and 256 GB of internal storage.\" \/>\n<meta name=\"robots\" content=\"index, follow, max-snippet:-1, max-image-preview:large, max-video-preview:-1\" \/>\n<link rel=\"canonical\" href=\"https:\/\/www.ghostysky.com\/es\/producto-2\/oukitel-wp22\/\" \/>\n<meta property=\"og:locale\" content=\"es_ES\" \/>\n<meta property=\"og:type\" content=\"article\" \/>\n<meta property=\"og:title\" content=\"Oukitel WP22 - Ghostysky\" \/>\n<meta property=\"og:description\" content=\"The Oukitel WP22 (WP22) smartphone released in 2023. It is powered by Mediatek Helio P90 chipset, 8 GB of RAM and 256 GB of internal storage.\" \/>\n<meta property=\"og:url\" content=\"https:\/\/www.ghostysky.com\/es\/producto-2\/oukitel-wp22\/\" \/>\n<meta property=\"og:site_name\" content=\"Ghostysky\" \/>\n<meta property=\"article:publisher\" content=\"https:\/\/www.facebook.com\/people\/Ghostysky\/100057676170234\/\" \/>\n<meta property=\"article:modified_time\" content=\"2023-04-03T20:07:31+00:00\" \/>\n<meta property=\"og:image\" content=\"https:\/\/www.ghostysky.com\/wp-content\/uploads\/2023\/03\/Oukitel-WP22-1.jpg\" \/>\n\t<meta property=\"og:image:width\" content=\"800\" \/>\n\t<meta property=\"og:image:height\" content=\"800\" \/>\n\t<meta property=\"og:image:type\" content=\"image\/jpeg\" \/>\n<meta name=\"twitter:card\" content=\"summary_large_image\" \/>\n<meta name=\"twitter:site\" content=\"@Gh0stysky\" \/>\n<meta name=\"twitter:label1\" content=\"Tiempo de lectura\" \/>\n\t<meta name=\"twitter:data1\" content=\"1 minuto\" \/>\n<script type=\"application\/ld+json\" class=\"yoast-schema-graph\">{\"@context\":\"https:\/\/schema.org\",\"@graph\":[{\"@type\":\"WebPage\",\"@id\":\"https:\/\/www.ghostysky.com\/product\/oukitel-wp22\/\",\"url\":\"https:\/\/www.ghostysky.com\/product\/oukitel-wp22\/\",\"name\":\"Oukitel WP22 - Ghostysky\",\"isPartOf\":{\"@id\":\"https:\/\/www.ghostysky.com\/#website\"},\"primaryImageOfPage\":{\"@id\":\"https:\/\/www.ghostysky.com\/product\/oukitel-wp22\/#primaryimage\"},\"image\":{\"@id\":\"https:\/\/www.ghostysky.com\/product\/oukitel-wp22\/#primaryimage\"},\"thumbnailUrl\":\"https:\/\/www.ghostysky.com\/wp-content\/uploads\/2023\/03\/Oukitel-WP22-1.jpg\",\"datePublished\":\"2023-03-20T22:24:17+00:00\",\"dateModified\":\"2023-04-03T20:07:31+00:00\",\"description\":\"The Oukitel WP22 (WP22) smartphone released in 2023. It is powered by Mediatek Helio P90 chipset, 8 GB of RAM and 256 GB of internal storage.\",\"breadcrumb\":{\"@id\":\"https:\/\/www.ghostysky.com\/product\/oukitel-wp22\/#breadcrumb\"},\"inLanguage\":\"es\",\"potentialAction\":[{\"@type\":\"ReadAction\",\"target\":[\"https:\/\/www.ghostysky.com\/product\/oukitel-wp22\/\"]}]},{\"@type\":\"ImageObject\",\"inLanguage\":\"es\",\"@id\":\"https:\/\/www.ghostysky.com\/product\/oukitel-wp22\/#primaryimage\",\"url\":\"https:\/\/www.ghostysky.com\/wp-content\/uploads\/2023\/03\/Oukitel-WP22-1.jpg\",\"contentUrl\":\"https:\/\/www.ghostysky.com\/wp-content\/uploads\/2023\/03\/Oukitel-WP22-1.jpg\",\"width\":800,\"height\":800},{\"@type\":\"BreadcrumbList\",\"@id\":\"https:\/\/www.ghostysky.com\/product\/oukitel-wp22\/#breadcrumb\",\"itemListElement\":[{\"@type\":\"ListItem\",\"position\":1,\"name\":\"Home\",\"item\":\"https:\/\/www.ghostysky.com\/\"},{\"@type\":\"ListItem\",\"position\":2,\"name\":\"Shop\",\"item\":\"https:\/\/www.ghostysky.com\/shop\/\"},{\"@type\":\"ListItem\",\"position\":3,\"name\":\"Oukitel WP22\"}]},{\"@type\":\"WebSite\",\"@id\":\"https:\/\/www.ghostysky.com\/#website\",\"url\":\"https:\/\/www.ghostysky.com\/\",\"name\":\"Ghostysky\",\"description\":\"Delivering professional drones and services\",\"publisher\":{\"@id\":\"https:\/\/www.ghostysky.com\/#organization\"},\"potentialAction\":[{\"@type\":\"SearchAction\",\"target\":{\"@type\":\"EntryPoint\",\"urlTemplate\":\"https:\/\/www.ghostysky.com\/?s={search_term_string}\"},\"query-input\":{\"@type\":\"PropertyValueSpecification\",\"valueRequired\":true,\"valueName\":\"search_term_string\"}}],\"inLanguage\":\"es\"},{\"@type\":\"Organization\",\"@id\":\"https:\/\/www.ghostysky.com\/#organization\",\"name\":\"Ghostysky\",\"url\":\"https:\/\/www.ghostysky.com\/\",\"logo\":{\"@type\":\"ImageObject\",\"inLanguage\":\"es\",\"@id\":\"https:\/\/www.ghostysky.com\/#\/schema\/logo\/image\/\",\"url\":\"https:\/\/www.ghostysky.com\/wp-content\/uploads\/2020\/06\/cropped-ghostyskylogo_text_white2.png\",\"contentUrl\":\"https:\/\/www.ghostysky.com\/wp-content\/uploads\/2020\/06\/cropped-ghostyskylogo_text_white2.png\",\"width\":169,\"height\":56,\"caption\":\"Ghostysky\"},\"image\":{\"@id\":\"https:\/\/www.ghostysky.com\/#\/schema\/logo\/image\/\"},\"sameAs\":[\"https:\/\/www.facebook.com\/people\/Ghostysky\/100057676170234\/\",\"https:\/\/x.com\/Gh0stysky\",\"https:\/\/www.linkedin.com\/company\/34739653\",\"https:\/\/www.instagram.com\/gh0stysky\"]}]}<\/script>\n<!-- \/ Yoast SEO plugin. -->","yoast_head_json":{"title":"Oukitel WP22 - Cielo fantasmal","description":"El tel\u00e9fono inteligente Oukitel WP22 (WP22) lanzado en 2023. Funciona con el chipset Mediatek Helio P90, 8 GB de RAM y 256 GB de almacenamiento interno.","robots":{"index":"index","follow":"follow","max-snippet":"max-snippet:-1","max-image-preview":"max-image-preview:large","max-video-preview":"max-video-preview:-1"},"canonical":"https:\/\/www.ghostysky.com\/es\/producto-2\/oukitel-wp22\/","og_locale":"es_ES","og_type":"article","og_title":"Oukitel WP22 - Ghostysky","og_description":"The Oukitel WP22 (WP22) smartphone released in 2023. It is powered by Mediatek Helio P90 chipset, 8 GB of RAM and 256 GB of internal storage.","og_url":"https:\/\/www.ghostysky.com\/es\/producto-2\/oukitel-wp22\/","og_site_name":"Ghostysky","article_publisher":"https:\/\/www.facebook.com\/people\/Ghostysky\/100057676170234\/","article_modified_time":"2023-04-03T20:07:31+00:00","og_image":[{"width":800,"height":800,"url":"https:\/\/www.ghostysky.com\/wp-content\/uploads\/2023\/03\/Oukitel-WP22-1.jpg","type":"image\/jpeg"}],"twitter_card":"summary_large_image","twitter_site":"@Gh0stysky","twitter_misc":{"Tiempo de lectura":"1 minuto"},"schema":{"@context":"https:\/\/schema.org","@graph":[{"@type":"WebPage","@id":"https:\/\/www.ghostysky.com\/product\/oukitel-wp22\/","url":"https:\/\/www.ghostysky.com\/product\/oukitel-wp22\/","name":"Oukitel WP22 - Cielo fantasmal","isPartOf":{"@id":"https:\/\/www.ghostysky.com\/#website"},"primaryImageOfPage":{"@id":"https:\/\/www.ghostysky.com\/product\/oukitel-wp22\/#primaryimage"},"image":{"@id":"https:\/\/www.ghostysky.com\/product\/oukitel-wp22\/#primaryimage"},"thumbnailUrl":"https:\/\/www.ghostysky.com\/wp-content\/uploads\/2023\/03\/Oukitel-WP22-1.jpg","datePublished":"2023-03-20T22:24:17+00:00","dateModified":"2023-04-03T20:07:31+00:00","description":"El tel\u00e9fono inteligente Oukitel WP22 (WP22) lanzado en 2023. Funciona con el chipset Mediatek Helio P90, 8 GB de RAM y 256 GB de almacenamiento interno.","breadcrumb":{"@id":"https:\/\/www.ghostysky.com\/product\/oukitel-wp22\/#breadcrumb"},"inLanguage":"es","potentialAction":[{"@type":"ReadAction","target":["https:\/\/www.ghostysky.com\/product\/oukitel-wp22\/"]}]},{"@type":"ImageObject","inLanguage":"es","@id":"https:\/\/www.ghostysky.com\/product\/oukitel-wp22\/#primaryimage","url":"https:\/\/www.ghostysky.com\/wp-content\/uploads\/2023\/03\/Oukitel-WP22-1.jpg","contentUrl":"https:\/\/www.ghostysky.com\/wp-content\/uploads\/2023\/03\/Oukitel-WP22-1.jpg","width":800,"height":800},{"@type":"BreadcrumbList","@id":"https:\/\/www.ghostysky.com\/product\/oukitel-wp22\/#breadcrumb","itemListElement":[{"@type":"ListItem","position":1,"name":"Home","item":"https:\/\/www.ghostysky.com\/"},{"@type":"ListItem","position":2,"name":"Shop","item":"https:\/\/www.ghostysky.com\/shop\/"},{"@type":"ListItem","position":3,"name":"Oukitel WP22"}]},{"@type":"WebSite","@id":"https:\/\/www.ghostysky.com\/#website","url":"https:\/\/www.ghostysky.com\/","name":"Ghostysky","description":"Entrega de drones y servicios profesionales","publisher":{"@id":"https:\/\/www.ghostysky.com\/#organization"},"potentialAction":[{"@type":"SearchAction","target":{"@type":"EntryPoint","urlTemplate":"https:\/\/www.ghostysky.com\/?s={search_term_string}"},"query-input":{"@type":"PropertyValueSpecification","valueRequired":true,"valueName":"search_term_string"}}],"inLanguage":"es"},{"@type":"Organization","@id":"https:\/\/www.ghostysky.com\/#organization","name":"Ghostysky","url":"https:\/\/www.ghostysky.com\/","logo":{"@type":"ImageObject","inLanguage":"es","@id":"https:\/\/www.ghostysky.com\/#\/schema\/logo\/image\/","url":"https:\/\/www.ghostysky.com\/wp-content\/uploads\/2020\/06\/cropped-ghostyskylogo_text_white2.png","contentUrl":"https:\/\/www.ghostysky.com\/wp-content\/uploads\/2020\/06\/cropped-ghostyskylogo_text_white2.png","width":169,"height":56,"caption":"Ghostysky"},"image":{"@id":"https:\/\/www.ghostysky.com\/#\/schema\/logo\/image\/"},"sameAs":["https:\/\/www.facebook.com\/people\/Ghostysky\/100057676170234\/","https:\/\/x.com\/Gh0stysky","https:\/\/www.linkedin.com\/company\/34739653","https:\/\/www.instagram.com\/gh0stysky"]}]}},"_links":{"self":[{"href":"https:\/\/www.ghostysky.com\/es\/wp-json\/wp\/v2\/product\/11235","targetHints":{"allow":["GET"]}}],"collection":[{"href":"https:\/\/www.ghostysky.com\/es\/wp-json\/wp\/v2\/product"}],"about":[{"href":"https:\/\/www.ghostysky.com\/es\/wp-json\/wp\/v2\/types\/product"}],"replies":[{"embeddable":true,"href":"https:\/\/www.ghostysky.com\/es\/wp-json\/wp\/v2\/comments?post=11235"}],"wp:featuredmedia":[{"embeddable":true,"href":"https:\/\/www.ghostysky.com\/es\/wp-json\/wp\/v2\/media\/11238"}],"wp:attachment":[{"href":"https:\/\/www.ghostysky.com\/es\/wp-json\/wp\/v2\/media?parent=11235"}],"wp:term":[{"taxonomy":"product_brand","embeddable":true,"href":"https:\/\/www.ghostysky.com\/es\/wp-json\/wp\/v2\/product_brand?post=11235"},{"taxonomy":"product_cat","embeddable":true,"href":"https:\/\/www.ghostysky.com\/es\/wp-json\/wp\/v2\/product_cat?post=11235"},{"taxonomy":"product_tag","embeddable":true,"href":"https:\/\/www.ghostysky.com\/es\/wp-json\/wp\/v2\/product_tag?post=11235"}],"curies":[{"name":"wp","href":"https:\/\/api.w.org\/{rel}","templated":true}]}}