{"id":11239,"date":"2023-03-20T22:38:22","date_gmt":"2023-03-20T22:38:22","guid":{"rendered":"https:\/\/www.ghostysky.com\/?post_type=product&#038;p=11239"},"modified":"2023-04-03T20:07:03","modified_gmt":"2023-04-03T20:07:03","slug":"oukitel-wp21-ultra","status":"publish","type":"product","link":"https:\/\/www.ghostysky.com\/es\/product\/oukitel-wp21-ultra\/","title":{"rendered":"Oukitel WP21 Ultra"},"content":{"rendered":"<h3>Especificaci\u00f3n<\/h3>\n<ul>\n<li><strong>Peso:\u00a0<\/strong>398g<\/li>\n<li><strong>Dimensiones:\u00a0<\/strong>177,3 x 84,3 x 14,8 mm<\/li>\n<li><strong>Sistema operativo:\u00a0<\/strong>androide 12<\/li>\n<li><strong>Tama\u00f1o de la pantalla:\u00a0<\/strong>6,78 pulgadas<\/li>\n<li><strong>Resoluci\u00f3n:\u00a0<\/strong>2460\u00d71080<\/li>\n<li><strong>RAM:\u00a0<\/strong>12 GB<\/li>\n<li><strong>Almacenamiento (ROM):\u00a0<\/strong>256GB<\/li>\n<li><strong>C\u00e1maras:\u00a0<\/strong>64Mp Sony IMX686<\/li>\n<li><strong>UPC:\u00a0<\/strong>MediaTek Helio G99<\/li>\n<li><strong>Bater\u00eda:\u00a0<\/strong>9800mAh<\/li>\n<\/ul>","protected":false},"excerpt":{"rendered":"<p>OUKITEL WP21 Ultra pesa 398 g con unas dimensiones de 177,3 x 84,3 x 14,8 mm y una pantalla de 6,78 pulgadas. La resoluci\u00f3n de la pantalla es de 2460 \u00d7 1080 p\u00edxeles, la imagen es brillante y clara. La c\u00e1mara trasera tiene un sensor Sony IMX686 de 64Mp. Para selfies de alta calidad, la c\u00e1mara frontal en 20Mp es responsable.<\/p>","protected":false},"featured_media":11242,"comment_status":"open","ping_status":"closed","template":"","meta":[],"product_brand":[],"product_cat":[461,506],"product_tag":[510,508],"class_list":{"0":"post-11239","1":"product","2":"type-product","3":"status-publish","4":"has-post-thumbnail","6":"product_cat-accessories-2","7":"product_cat-smartphones-tablets","8":"product_tag-oukitel-wp21-ultra","9":"product_tag-smartphonetablet","11":"first","12":"onbackorder","13":"taxable","14":"shipping-taxable","15":"product-type-simple"},"yoast_head":"<!-- This site is optimized with the Yoast SEO plugin v27.4 - https:\/\/yoast.com\/product\/yoast-seo-wordpress\/ -->\n<title>Oukitel WP21 Ultra -<\/title>\n<meta name=\"description\" content=\"OUKITEL WP21 Ultra weighs 398g with dimensions 177,3 x 84,3 x 14,8 mm and a 6.78 inches-inch display. The screen resolution is 2460x1080 pixels, the image is bright and clear.\" \/>\n<meta name=\"robots\" content=\"index, follow, max-snippet:-1, max-image-preview:large, max-video-preview:-1\" \/>\n<link rel=\"canonical\" href=\"https:\/\/www.ghostysky.com\/es\/producto-2\/oukitel-wp21-ultra\/\" \/>\n<meta property=\"og:locale\" content=\"es_ES\" \/>\n<meta property=\"og:type\" content=\"article\" \/>\n<meta property=\"og:title\" content=\"Oukitel WP21 Ultra -\" \/>\n<meta property=\"og:description\" content=\"OUKITEL WP21 Ultra weighs 398g with dimensions 177,3 x 84,3 x 14,8 mm and a 6.78 inches-inch display. The screen resolution is 2460x1080 pixels, the image is bright and clear.\" \/>\n<meta property=\"og:url\" content=\"https:\/\/www.ghostysky.com\/es\/producto-2\/oukitel-wp21-ultra\/\" \/>\n<meta property=\"og:site_name\" content=\"Ghostysky\" \/>\n<meta property=\"article:publisher\" content=\"https:\/\/www.facebook.com\/people\/Ghostysky\/100057676170234\/\" \/>\n<meta property=\"article:modified_time\" content=\"2023-04-03T20:07:03+00:00\" \/>\n<meta property=\"og:image\" content=\"https:\/\/www.ghostysky.com\/wp-content\/uploads\/2023\/03\/WP21-Ultra-1.webp\" \/>\n\t<meta property=\"og:image:width\" content=\"787\" \/>\n\t<meta property=\"og:image:height\" content=\"805\" \/>\n\t<meta property=\"og:image:type\" content=\"image\/webp\" \/>\n<meta name=\"twitter:card\" content=\"summary_large_image\" \/>\n<meta name=\"twitter:site\" content=\"@Gh0stysky\" \/>\n<meta name=\"twitter:label1\" content=\"Tiempo de lectura\" \/>\n\t<meta name=\"twitter:data1\" content=\"1 minuto\" \/>\n<script type=\"application\/ld+json\" class=\"yoast-schema-graph\">{\"@context\":\"https:\\\/\\\/schema.org\",\"@graph\":[{\"@type\":\"WebPage\",\"@id\":\"https:\\\/\\\/www.ghostysky.com\\\/product\\\/oukitel-wp21-ultra\\\/\",\"url\":\"https:\\\/\\\/www.ghostysky.com\\\/product\\\/oukitel-wp21-ultra\\\/\",\"name\":\"Oukitel WP21 Ultra -\",\"isPartOf\":{\"@id\":\"https:\\\/\\\/www.ghostysky.com\\\/#website\"},\"primaryImageOfPage\":{\"@id\":\"https:\\\/\\\/www.ghostysky.com\\\/product\\\/oukitel-wp21-ultra\\\/#primaryimage\"},\"image\":{\"@id\":\"https:\\\/\\\/www.ghostysky.com\\\/product\\\/oukitel-wp21-ultra\\\/#primaryimage\"},\"thumbnailUrl\":\"https:\\\/\\\/www.ghostysky.com\\\/wp-content\\\/uploads\\\/2023\\\/03\\\/WP21-Ultra-1.webp\",\"datePublished\":\"2023-03-20T22:38:22+00:00\",\"dateModified\":\"2023-04-03T20:07:03+00:00\",\"description\":\"OUKITEL WP21 Ultra weighs 398g with dimensions 177,3 x 84,3 x 14,8 mm and a 6.78 inches-inch display. The screen resolution is 2460x1080 pixels, the image is bright and clear.\",\"breadcrumb\":{\"@id\":\"https:\\\/\\\/www.ghostysky.com\\\/product\\\/oukitel-wp21-ultra\\\/#breadcrumb\"},\"inLanguage\":\"es\",\"potentialAction\":[{\"@type\":\"ReadAction\",\"target\":[\"https:\\\/\\\/www.ghostysky.com\\\/product\\\/oukitel-wp21-ultra\\\/\"]}]},{\"@type\":\"ImageObject\",\"inLanguage\":\"es\",\"@id\":\"https:\\\/\\\/www.ghostysky.com\\\/product\\\/oukitel-wp21-ultra\\\/#primaryimage\",\"url\":\"https:\\\/\\\/www.ghostysky.com\\\/wp-content\\\/uploads\\\/2023\\\/03\\\/WP21-Ultra-1.webp\",\"contentUrl\":\"https:\\\/\\\/www.ghostysky.com\\\/wp-content\\\/uploads\\\/2023\\\/03\\\/WP21-Ultra-1.webp\",\"width\":787,\"height\":805},{\"@type\":\"BreadcrumbList\",\"@id\":\"https:\\\/\\\/www.ghostysky.com\\\/product\\\/oukitel-wp21-ultra\\\/#breadcrumb\",\"itemListElement\":[{\"@type\":\"ListItem\",\"position\":1,\"name\":\"Home\",\"item\":\"https:\\\/\\\/www.ghostysky.com\\\/\"},{\"@type\":\"ListItem\",\"position\":2,\"name\":\"Shop\",\"item\":\"https:\\\/\\\/www.ghostysky.com\\\/shop\\\/\"},{\"@type\":\"ListItem\",\"position\":3,\"name\":\"Oukitel WP21 Ultra\"}]},{\"@type\":\"WebSite\",\"@id\":\"https:\\\/\\\/www.ghostysky.com\\\/#website\",\"url\":\"https:\\\/\\\/www.ghostysky.com\\\/\",\"name\":\"Ghostysky\",\"description\":\"Delivering professional drones and services\",\"publisher\":{\"@id\":\"https:\\\/\\\/www.ghostysky.com\\\/#organization\"},\"potentialAction\":[{\"@type\":\"SearchAction\",\"target\":{\"@type\":\"EntryPoint\",\"urlTemplate\":\"https:\\\/\\\/www.ghostysky.com\\\/?s={search_term_string}\"},\"query-input\":{\"@type\":\"PropertyValueSpecification\",\"valueRequired\":true,\"valueName\":\"search_term_string\"}}],\"inLanguage\":\"es\"},{\"@type\":\"Organization\",\"@id\":\"https:\\\/\\\/www.ghostysky.com\\\/#organization\",\"name\":\"Ghostysky\",\"url\":\"https:\\\/\\\/www.ghostysky.com\\\/\",\"logo\":{\"@type\":\"ImageObject\",\"inLanguage\":\"es\",\"@id\":\"https:\\\/\\\/www.ghostysky.com\\\/#\\\/schema\\\/logo\\\/image\\\/\",\"url\":\"https:\\\/\\\/www.ghostysky.com\\\/wp-content\\\/uploads\\\/2020\\\/06\\\/cropped-ghostyskylogo_text_white2.png\",\"contentUrl\":\"https:\\\/\\\/www.ghostysky.com\\\/wp-content\\\/uploads\\\/2020\\\/06\\\/cropped-ghostyskylogo_text_white2.png\",\"width\":169,\"height\":56,\"caption\":\"Ghostysky\"},\"image\":{\"@id\":\"https:\\\/\\\/www.ghostysky.com\\\/#\\\/schema\\\/logo\\\/image\\\/\"},\"sameAs\":[\"https:\\\/\\\/www.facebook.com\\\/people\\\/Ghostysky\\\/100057676170234\\\/\",\"https:\\\/\\\/x.com\\\/Gh0stysky\",\"https:\\\/\\\/www.linkedin.com\\\/company\\\/34739653\",\"https:\\\/\\\/www.instagram.com\\\/gh0stysky\"]}]}<\/script>\n<!-- \/ Yoast SEO plugin. -->","yoast_head_json":{"title":"Oukitel WP21 Ultra -","description":"OUKITEL WP21 Ultra pesa 398 g con unas dimensiones de 177,3 x 84,3 x 14,8 mm y una pantalla de 6,78 pulgadas. La resoluci\u00f3n de la pantalla es de 2460x1080 p\u00edxeles, la imagen es brillante y clara.","robots":{"index":"index","follow":"follow","max-snippet":"max-snippet:-1","max-image-preview":"max-image-preview:large","max-video-preview":"max-video-preview:-1"},"canonical":"https:\/\/www.ghostysky.com\/es\/producto-2\/oukitel-wp21-ultra\/","og_locale":"es_ES","og_type":"article","og_title":"Oukitel WP21 Ultra -","og_description":"OUKITEL WP21 Ultra weighs 398g with dimensions 177,3 x 84,3 x 14,8 mm and a 6.78 inches-inch display. The screen resolution is 2460x1080 pixels, the image is bright and clear.","og_url":"https:\/\/www.ghostysky.com\/es\/producto-2\/oukitel-wp21-ultra\/","og_site_name":"Ghostysky","article_publisher":"https:\/\/www.facebook.com\/people\/Ghostysky\/100057676170234\/","article_modified_time":"2023-04-03T20:07:03+00:00","og_image":[{"width":787,"height":805,"url":"https:\/\/www.ghostysky.com\/wp-content\/uploads\/2023\/03\/WP21-Ultra-1.webp","type":"image\/webp"}],"twitter_card":"summary_large_image","twitter_site":"@Gh0stysky","twitter_misc":{"Tiempo de lectura":"1 minuto"},"schema":{"@context":"https:\/\/schema.org","@graph":[{"@type":"WebPage","@id":"https:\/\/www.ghostysky.com\/product\/oukitel-wp21-ultra\/","url":"https:\/\/www.ghostysky.com\/product\/oukitel-wp21-ultra\/","name":"Oukitel WP21 Ultra -","isPartOf":{"@id":"https:\/\/www.ghostysky.com\/#website"},"primaryImageOfPage":{"@id":"https:\/\/www.ghostysky.com\/product\/oukitel-wp21-ultra\/#primaryimage"},"image":{"@id":"https:\/\/www.ghostysky.com\/product\/oukitel-wp21-ultra\/#primaryimage"},"thumbnailUrl":"https:\/\/www.ghostysky.com\/wp-content\/uploads\/2023\/03\/WP21-Ultra-1.webp","datePublished":"2023-03-20T22:38:22+00:00","dateModified":"2023-04-03T20:07:03+00:00","description":"OUKITEL WP21 Ultra pesa 398 g con unas dimensiones de 177,3 x 84,3 x 14,8 mm y una pantalla de 6,78 pulgadas. La resoluci\u00f3n de la pantalla es de 2460x1080 p\u00edxeles, la imagen es brillante y clara.","breadcrumb":{"@id":"https:\/\/www.ghostysky.com\/product\/oukitel-wp21-ultra\/#breadcrumb"},"inLanguage":"es","potentialAction":[{"@type":"ReadAction","target":["https:\/\/www.ghostysky.com\/product\/oukitel-wp21-ultra\/"]}]},{"@type":"ImageObject","inLanguage":"es","@id":"https:\/\/www.ghostysky.com\/product\/oukitel-wp21-ultra\/#primaryimage","url":"https:\/\/www.ghostysky.com\/wp-content\/uploads\/2023\/03\/WP21-Ultra-1.webp","contentUrl":"https:\/\/www.ghostysky.com\/wp-content\/uploads\/2023\/03\/WP21-Ultra-1.webp","width":787,"height":805},{"@type":"BreadcrumbList","@id":"https:\/\/www.ghostysky.com\/product\/oukitel-wp21-ultra\/#breadcrumb","itemListElement":[{"@type":"ListItem","position":1,"name":"Home","item":"https:\/\/www.ghostysky.com\/"},{"@type":"ListItem","position":2,"name":"Shop","item":"https:\/\/www.ghostysky.com\/shop\/"},{"@type":"ListItem","position":3,"name":"Oukitel WP21 Ultra"}]},{"@type":"WebSite","@id":"https:\/\/www.ghostysky.com\/#website","url":"https:\/\/www.ghostysky.com\/","name":"Ghostysky","description":"Entrega de drones y servicios profesionales","publisher":{"@id":"https:\/\/www.ghostysky.com\/#organization"},"potentialAction":[{"@type":"SearchAction","target":{"@type":"EntryPoint","urlTemplate":"https:\/\/www.ghostysky.com\/?s={search_term_string}"},"query-input":{"@type":"PropertyValueSpecification","valueRequired":true,"valueName":"search_term_string"}}],"inLanguage":"es"},{"@type":"Organization","@id":"https:\/\/www.ghostysky.com\/#organization","name":"Ghostysky","url":"https:\/\/www.ghostysky.com\/","logo":{"@type":"ImageObject","inLanguage":"es","@id":"https:\/\/www.ghostysky.com\/#\/schema\/logo\/image\/","url":"https:\/\/www.ghostysky.com\/wp-content\/uploads\/2020\/06\/cropped-ghostyskylogo_text_white2.png","contentUrl":"https:\/\/www.ghostysky.com\/wp-content\/uploads\/2020\/06\/cropped-ghostyskylogo_text_white2.png","width":169,"height":56,"caption":"Ghostysky"},"image":{"@id":"https:\/\/www.ghostysky.com\/#\/schema\/logo\/image\/"},"sameAs":["https:\/\/www.facebook.com\/people\/Ghostysky\/100057676170234\/","https:\/\/x.com\/Gh0stysky","https:\/\/www.linkedin.com\/company\/34739653","https:\/\/www.instagram.com\/gh0stysky"]}]}},"_links":{"self":[{"href":"https:\/\/www.ghostysky.com\/es\/wp-json\/wp\/v2\/product\/11239","targetHints":{"allow":["GET"]}}],"collection":[{"href":"https:\/\/www.ghostysky.com\/es\/wp-json\/wp\/v2\/product"}],"about":[{"href":"https:\/\/www.ghostysky.com\/es\/wp-json\/wp\/v2\/types\/product"}],"replies":[{"embeddable":true,"href":"https:\/\/www.ghostysky.com\/es\/wp-json\/wp\/v2\/comments?post=11239"}],"wp:featuredmedia":[{"embeddable":true,"href":"https:\/\/www.ghostysky.com\/es\/wp-json\/wp\/v2\/media\/11242"}],"wp:attachment":[{"href":"https:\/\/www.ghostysky.com\/es\/wp-json\/wp\/v2\/media?parent=11239"}],"wp:term":[{"taxonomy":"product_brand","embeddable":true,"href":"https:\/\/www.ghostysky.com\/es\/wp-json\/wp\/v2\/product_brand?post=11239"},{"taxonomy":"product_cat","embeddable":true,"href":"https:\/\/www.ghostysky.com\/es\/wp-json\/wp\/v2\/product_cat?post=11239"},{"taxonomy":"product_tag","embeddable":true,"href":"https:\/\/www.ghostysky.com\/es\/wp-json\/wp\/v2\/product_tag?post=11239"}],"curies":[{"name":"wp","href":"https:\/\/api.w.org\/{rel}","templated":true}]}}