{"id":11260,"date":"2023-03-20T23:28:15","date_gmt":"2023-03-20T23:28:15","guid":{"rendered":"https:\/\/www.ghostysky.com\/?post_type=product&#038;p=11260"},"modified":"2024-10-27T21:31:15","modified_gmt":"2024-10-27T21:31:15","slug":"oukitel-p2001","status":"publish","type":"product","link":"https:\/\/www.ghostysky.com\/es\/product\/oukitel-p2001\/","title":{"rendered":"OUKITEL P2001"},"content":{"rendered":"<h3>Especificaciones t\u00e9cnicas<\/h3>\n<ul>\n<li>Modelo: OUKITEL P2001E<\/li>\n<li>Tama\u00f1o: 394*279*330mm<\/li>\n<li>Peso: 22 kg<\/li>\n<li>Bater\u00eda: LiFePo4<\/li>\n<li>Capacidad: 2000Wh<\/li>\n<li>Luz LED: 2W, tono c\u00e1lido, l\u00e1mpara \u00fanica<\/li>\n<li>Temperatura de funcionamiento: 0-40 \u2103 \/32-104 \u2109<\/li>\n<li>Temperatura de almacenamiento: -10-40 \u2103 \/-14-104 \u2109<\/li>\n<li>Supercarga: 1100W,AC200-240V\/50Hz,10A<\/li>\n<li>Carga solar: M\u00e1ximo 500W,12V-48V\/ 15A<\/li>\n<li>Carga del adaptador: Versi\u00f3n UE 12V-48V\/ 15A, M\u00e1ximo 500W<\/li>\n<li>Carga de coche y carga de bater\u00eda: 12V\/8A \u2013 24V\/10A<\/li>\n<li>3 x CA: 4000 W m\u00e1ximo (200-240 V)<\/li>\n<li>2 x USB-A: 5V\/2.4A<\/li>\n<li>2 x USB-A: QC3.0-18W<\/li>\n<li>2 x USB-C: PD-100W<\/li>\n<li>1xXT60: 12V\/10A<\/li>\n<li>2 salidas: 12V\/3A<\/li>\n<li>1 encendedor de cigarros: 12V\/10Aw<\/li>\n<\/ul>\n<h3>EN EL CUADRO<\/h3>\n<ol>\n<li>Central el\u00e9ctrica Oukitel P2001<\/li>\n<li>Cable de carga para coche<\/li>\n<li>Cable de carga solar<\/li>\n<li>Cable de carga de CA<\/li>\n<li>Manual de usuario<\/li>\n<\/ol>","protected":false},"excerpt":{"rendered":"<ul>\n<li><strong>Gran capacidad<\/strong>\u00a0P2001E posee 2000 Wh y es capaz de proporcionar suficiente energ\u00eda en cualquier situaci\u00f3n de corte de energ\u00eda.<\/li>\n<li><strong>Salida constante de 2000W<\/strong>\u00a0Alimentando f\u00e1cilmente cualquier electrodom\u00e9stico y dispositivo de alto voltaje (aire acondicionado, microondas, refrigerador, sierra el\u00e9ctrica, taladro el\u00e9ctrico, etc.), P2001E incluso puede aumentar hasta 4000W.<\/li>\n<li><strong>Recarga s\u00faper r\u00e1pida<\/strong>\u00a0Puede cargar el P2001E mediante un tomacorriente de pared est\u00e1ndar, paneles solares, puerto para autom\u00f3vil u otros generadores de energ\u00eda. Cargar P2001E de 0 a 100% solo le lleva 1,5 horas con una entrada de 1500W de potencia.<\/li>\n<li><strong>Soluci\u00f3n de almacenamiento de energ\u00eda solar<\/strong>\u00a0P2001E es compatible con cualquier panel solar (12-48V, MAX 500W) del mercado.<\/li>\n<li><strong>UPS<\/strong>\u00a0El sistema de alimentaci\u00f3n ininterrumpida (UPS) est\u00e1 dise\u00f1ado para proteger sus dispositivos el\u00e9ctricos sensibles y valiosos.<\/li>\n<\/ul>","protected":false},"featured_media":11266,"comment_status":"open","ping_status":"closed","template":"","meta":[],"product_brand":[],"product_cat":[461,511],"product_tag":[512,513],"class_list":{"0":"post-11260","1":"product","2":"type-product","3":"status-publish","4":"has-post-thumbnail","6":"product_cat-accessories-2","7":"product_cat-power-station","8":"product_tag-oukitel-p2001","9":"product_tag-power-station","11":"first","12":"onbackorder","13":"taxable","14":"shipping-taxable","15":"product-type-simple"},"yoast_head":"<!-- This site is optimized with the Yoast SEO plugin v27.4 - https:\/\/yoast.com\/product\/yoast-seo-wordpress\/ -->\n<title>OUKITEL P2001 -<\/title>\n<meta name=\"description\" content=\"Huge Capacity\u00a0P2001E owns 2000Wh being capable of providing sufficient power in any power outage situations.\" \/>\n<meta name=\"robots\" content=\"index, follow, max-snippet:-1, max-image-preview:large, max-video-preview:-1\" \/>\n<link rel=\"canonical\" href=\"https:\/\/www.ghostysky.com\/es\/producto-2\/oukitel-p2001\/\" \/>\n<meta property=\"og:locale\" content=\"es_ES\" \/>\n<meta property=\"og:type\" content=\"article\" \/>\n<meta property=\"og:title\" content=\"OUKITEL P2001 -\" \/>\n<meta property=\"og:description\" content=\"Huge Capacity\u00a0P2001E owns 2000Wh being capable of providing sufficient power in any power outage situations.\" \/>\n<meta property=\"og:url\" content=\"https:\/\/www.ghostysky.com\/es\/producto-2\/oukitel-p2001\/\" \/>\n<meta property=\"og:site_name\" content=\"Ghostysky\" \/>\n<meta property=\"article:publisher\" content=\"https:\/\/www.facebook.com\/people\/Ghostysky\/100057676170234\/\" \/>\n<meta property=\"article:modified_time\" content=\"2024-10-27T21:31:15+00:00\" \/>\n<meta property=\"og:image\" content=\"https:\/\/www.ghostysky.com\/wp-content\/uploads\/2023\/03\/p2001e-1-1.webp\" \/>\n\t<meta property=\"og:image:width\" content=\"1200\" \/>\n\t<meta property=\"og:image:height\" content=\"1200\" \/>\n\t<meta property=\"og:image:type\" content=\"image\/webp\" \/>\n<meta name=\"twitter:card\" content=\"summary_large_image\" \/>\n<meta name=\"twitter:site\" content=\"@Gh0stysky\" \/>\n<meta name=\"twitter:label1\" content=\"Tiempo de lectura\" \/>\n\t<meta name=\"twitter:data1\" content=\"1 minuto\" \/>\n<script type=\"application\/ld+json\" class=\"yoast-schema-graph\">{\"@context\":\"https:\\\/\\\/schema.org\",\"@graph\":[{\"@type\":\"WebPage\",\"@id\":\"https:\\\/\\\/www.ghostysky.com\\\/product\\\/oukitel-p2001\\\/\",\"url\":\"https:\\\/\\\/www.ghostysky.com\\\/product\\\/oukitel-p2001\\\/\",\"name\":\"OUKITEL P2001 -\",\"isPartOf\":{\"@id\":\"https:\\\/\\\/www.ghostysky.com\\\/#website\"},\"primaryImageOfPage\":{\"@id\":\"https:\\\/\\\/www.ghostysky.com\\\/product\\\/oukitel-p2001\\\/#primaryimage\"},\"image\":{\"@id\":\"https:\\\/\\\/www.ghostysky.com\\\/product\\\/oukitel-p2001\\\/#primaryimage\"},\"thumbnailUrl\":\"https:\\\/\\\/www.ghostysky.com\\\/wp-content\\\/uploads\\\/2023\\\/03\\\/p2001e-1-1.webp\",\"datePublished\":\"2023-03-20T23:28:15+00:00\",\"dateModified\":\"2024-10-27T21:31:15+00:00\",\"description\":\"Huge Capacity\u00a0P2001E owns 2000Wh being capable of providing sufficient power in any power outage situations.\",\"breadcrumb\":{\"@id\":\"https:\\\/\\\/www.ghostysky.com\\\/product\\\/oukitel-p2001\\\/#breadcrumb\"},\"inLanguage\":\"es\",\"potentialAction\":[{\"@type\":\"ReadAction\",\"target\":[\"https:\\\/\\\/www.ghostysky.com\\\/product\\\/oukitel-p2001\\\/\"]}]},{\"@type\":\"ImageObject\",\"inLanguage\":\"es\",\"@id\":\"https:\\\/\\\/www.ghostysky.com\\\/product\\\/oukitel-p2001\\\/#primaryimage\",\"url\":\"https:\\\/\\\/www.ghostysky.com\\\/wp-content\\\/uploads\\\/2023\\\/03\\\/p2001e-1-1.webp\",\"contentUrl\":\"https:\\\/\\\/www.ghostysky.com\\\/wp-content\\\/uploads\\\/2023\\\/03\\\/p2001e-1-1.webp\",\"width\":1200,\"height\":1200},{\"@type\":\"BreadcrumbList\",\"@id\":\"https:\\\/\\\/www.ghostysky.com\\\/product\\\/oukitel-p2001\\\/#breadcrumb\",\"itemListElement\":[{\"@type\":\"ListItem\",\"position\":1,\"name\":\"Home\",\"item\":\"https:\\\/\\\/www.ghostysky.com\\\/\"},{\"@type\":\"ListItem\",\"position\":2,\"name\":\"Shop\",\"item\":\"https:\\\/\\\/www.ghostysky.com\\\/shop\\\/\"},{\"@type\":\"ListItem\",\"position\":3,\"name\":\"OUKITEL P2001\"}]},{\"@type\":\"WebSite\",\"@id\":\"https:\\\/\\\/www.ghostysky.com\\\/#website\",\"url\":\"https:\\\/\\\/www.ghostysky.com\\\/\",\"name\":\"Ghostysky\",\"description\":\"Delivering professional drones and robotics solutions\",\"publisher\":{\"@id\":\"https:\\\/\\\/www.ghostysky.com\\\/#organization\"},\"potentialAction\":[{\"@type\":\"SearchAction\",\"target\":{\"@type\":\"EntryPoint\",\"urlTemplate\":\"https:\\\/\\\/www.ghostysky.com\\\/?s={search_term_string}\"},\"query-input\":{\"@type\":\"PropertyValueSpecification\",\"valueRequired\":true,\"valueName\":\"search_term_string\"}}],\"inLanguage\":\"es\"},{\"@type\":\"Organization\",\"@id\":\"https:\\\/\\\/www.ghostysky.com\\\/#organization\",\"name\":\"Ghostysky\",\"url\":\"https:\\\/\\\/www.ghostysky.com\\\/\",\"logo\":{\"@type\":\"ImageObject\",\"inLanguage\":\"es\",\"@id\":\"https:\\\/\\\/www.ghostysky.com\\\/#\\\/schema\\\/logo\\\/image\\\/\",\"url\":\"https:\\\/\\\/www.ghostysky.com\\\/wp-content\\\/uploads\\\/2020\\\/06\\\/cropped-ghostyskylogo_text_white2.png\",\"contentUrl\":\"https:\\\/\\\/www.ghostysky.com\\\/wp-content\\\/uploads\\\/2020\\\/06\\\/cropped-ghostyskylogo_text_white2.png\",\"width\":169,\"height\":56,\"caption\":\"Ghostysky\"},\"image\":{\"@id\":\"https:\\\/\\\/www.ghostysky.com\\\/#\\\/schema\\\/logo\\\/image\\\/\"},\"sameAs\":[\"https:\\\/\\\/www.facebook.com\\\/people\\\/Ghostysky\\\/100057676170234\\\/\",\"https:\\\/\\\/x.com\\\/Gh0stysky\",\"https:\\\/\\\/www.linkedin.com\\\/company\\\/34739653\",\"https:\\\/\\\/www.instagram.com\\\/gh0stysky\"]}]}<\/script>\n<!-- \/ Yoast SEO plugin. -->","yoast_head_json":{"title":"OUKITEL P2001 -","description":"Enorme capacidad El P2001E posee 2000 Wh y es capaz de proporcionar suficiente energ\u00eda en cualquier situaci\u00f3n de corte de energ\u00eda.","robots":{"index":"index","follow":"follow","max-snippet":"max-snippet:-1","max-image-preview":"max-image-preview:large","max-video-preview":"max-video-preview:-1"},"canonical":"https:\/\/www.ghostysky.com\/es\/producto-2\/oukitel-p2001\/","og_locale":"es_ES","og_type":"article","og_title":"OUKITEL P2001 -","og_description":"Huge Capacity\u00a0P2001E owns 2000Wh being capable of providing sufficient power in any power outage situations.","og_url":"https:\/\/www.ghostysky.com\/es\/producto-2\/oukitel-p2001\/","og_site_name":"Ghostysky","article_publisher":"https:\/\/www.facebook.com\/people\/Ghostysky\/100057676170234\/","article_modified_time":"2024-10-27T21:31:15+00:00","og_image":[{"width":1200,"height":1200,"url":"https:\/\/www.ghostysky.com\/wp-content\/uploads\/2023\/03\/p2001e-1-1.webp","type":"image\/webp"}],"twitter_card":"summary_large_image","twitter_site":"@Gh0stysky","twitter_misc":{"Tiempo de lectura":"1 minuto"},"schema":{"@context":"https:\/\/schema.org","@graph":[{"@type":"WebPage","@id":"https:\/\/www.ghostysky.com\/product\/oukitel-p2001\/","url":"https:\/\/www.ghostysky.com\/product\/oukitel-p2001\/","name":"OUKITEL P2001 -","isPartOf":{"@id":"https:\/\/www.ghostysky.com\/#website"},"primaryImageOfPage":{"@id":"https:\/\/www.ghostysky.com\/product\/oukitel-p2001\/#primaryimage"},"image":{"@id":"https:\/\/www.ghostysky.com\/product\/oukitel-p2001\/#primaryimage"},"thumbnailUrl":"https:\/\/www.ghostysky.com\/wp-content\/uploads\/2023\/03\/p2001e-1-1.webp","datePublished":"2023-03-20T23:28:15+00:00","dateModified":"2024-10-27T21:31:15+00:00","description":"Enorme capacidad El P2001E posee 2000 Wh y es capaz de proporcionar suficiente energ\u00eda en cualquier situaci\u00f3n de corte de energ\u00eda.","breadcrumb":{"@id":"https:\/\/www.ghostysky.com\/product\/oukitel-p2001\/#breadcrumb"},"inLanguage":"es","potentialAction":[{"@type":"ReadAction","target":["https:\/\/www.ghostysky.com\/product\/oukitel-p2001\/"]}]},{"@type":"ImageObject","inLanguage":"es","@id":"https:\/\/www.ghostysky.com\/product\/oukitel-p2001\/#primaryimage","url":"https:\/\/www.ghostysky.com\/wp-content\/uploads\/2023\/03\/p2001e-1-1.webp","contentUrl":"https:\/\/www.ghostysky.com\/wp-content\/uploads\/2023\/03\/p2001e-1-1.webp","width":1200,"height":1200},{"@type":"BreadcrumbList","@id":"https:\/\/www.ghostysky.com\/product\/oukitel-p2001\/#breadcrumb","itemListElement":[{"@type":"ListItem","position":1,"name":"Home","item":"https:\/\/www.ghostysky.com\/"},{"@type":"ListItem","position":2,"name":"Shop","item":"https:\/\/www.ghostysky.com\/shop\/"},{"@type":"ListItem","position":3,"name":"OUKITEL P2001"}]},{"@type":"WebSite","@id":"https:\/\/www.ghostysky.com\/#website","url":"https:\/\/www.ghostysky.com\/","name":"Ghostysky","description":"Ofrecemos soluciones profesionales de drones y rob\u00f3tica.","publisher":{"@id":"https:\/\/www.ghostysky.com\/#organization"},"potentialAction":[{"@type":"SearchAction","target":{"@type":"EntryPoint","urlTemplate":"https:\/\/www.ghostysky.com\/?s={search_term_string}"},"query-input":{"@type":"PropertyValueSpecification","valueRequired":true,"valueName":"search_term_string"}}],"inLanguage":"es"},{"@type":"Organization","@id":"https:\/\/www.ghostysky.com\/#organization","name":"Ghostysky","url":"https:\/\/www.ghostysky.com\/","logo":{"@type":"ImageObject","inLanguage":"es","@id":"https:\/\/www.ghostysky.com\/#\/schema\/logo\/image\/","url":"https:\/\/www.ghostysky.com\/wp-content\/uploads\/2020\/06\/cropped-ghostyskylogo_text_white2.png","contentUrl":"https:\/\/www.ghostysky.com\/wp-content\/uploads\/2020\/06\/cropped-ghostyskylogo_text_white2.png","width":169,"height":56,"caption":"Ghostysky"},"image":{"@id":"https:\/\/www.ghostysky.com\/#\/schema\/logo\/image\/"},"sameAs":["https:\/\/www.facebook.com\/people\/Ghostysky\/100057676170234\/","https:\/\/x.com\/Gh0stysky","https:\/\/www.linkedin.com\/company\/34739653","https:\/\/www.instagram.com\/gh0stysky"]}]}},"_links":{"self":[{"href":"https:\/\/www.ghostysky.com\/es\/wp-json\/wp\/v2\/product\/11260","targetHints":{"allow":["GET"]}}],"collection":[{"href":"https:\/\/www.ghostysky.com\/es\/wp-json\/wp\/v2\/product"}],"about":[{"href":"https:\/\/www.ghostysky.com\/es\/wp-json\/wp\/v2\/types\/product"}],"replies":[{"embeddable":true,"href":"https:\/\/www.ghostysky.com\/es\/wp-json\/wp\/v2\/comments?post=11260"}],"version-history":[{"count":0,"href":"https:\/\/www.ghostysky.com\/es\/wp-json\/wp\/v2\/product\/11260\/revisions"}],"wp:featuredmedia":[{"embeddable":true,"href":"https:\/\/www.ghostysky.com\/es\/wp-json\/wp\/v2\/media\/11266"}],"wp:attachment":[{"href":"https:\/\/www.ghostysky.com\/es\/wp-json\/wp\/v2\/media?parent=11260"}],"wp:term":[{"taxonomy":"product_brand","embeddable":true,"href":"https:\/\/www.ghostysky.com\/es\/wp-json\/wp\/v2\/product_brand?post=11260"},{"taxonomy":"product_cat","embeddable":true,"href":"https:\/\/www.ghostysky.com\/es\/wp-json\/wp\/v2\/product_cat?post=11260"},{"taxonomy":"product_tag","embeddable":true,"href":"https:\/\/www.ghostysky.com\/es\/wp-json\/wp\/v2\/product_tag?post=11260"}],"curies":[{"name":"wp","href":"https:\/\/api.w.org\/{rel}","templated":true}]}}