{"id":11368,"date":"2023-04-05T17:36:34","date_gmt":"2023-04-05T17:36:34","guid":{"rendered":"https:\/\/www.ghostysky.com\/?post_type=product&#038;p=11368"},"modified":"2025-10-14T11:27:19","modified_gmt":"2025-10-14T11:27:19","slug":"fisherman-max-heavy-lift-fishing-drone","status":"publish","type":"product","link":"https:\/\/www.ghostysky.com\/es\/product\/fisherman-max-heavy-lift-fishing-drone\/","title":{"rendered":"Dron de pesca Fisherman MAX Heavy Lift (FD2)"},"content":{"rendered":"<div class=\"sc-ezbkAF A-dmbO pf-35559a8f09ea-388_ pf-r pf-r-eh\" data-pf-type=\"Row\">\n<div class=\"pf-c\">\n<div class=\"sc-gUQvok iVVDxu pf-35559a8f09ea-389_\" data-pf-type=\"Column\">\n<h3 tabindex=\"0\" spellcheck=\"false\" data-pf-type=\"Heading2\"><a href=\"https:\/\/www.ghostysky.com\/wp-content\/uploads\/2023\/04\/fisherman-max-fishing-drone-banner.webp\"><img fetchpriority=\"high\" decoding=\"async\" class=\"alignnone wp-image-11374 lazyload\" src=\"datos:imagen\/gif;base64,R0lGODlhAQABAAAAACH5BAEKAAEALAAAAAABAAEAAAICTAEAOw==\" alt=\"\" width=\"800\" height=\"450\" sizes=\"(max-width: 800px) 100vw, 800px\" data-src=\"datos:imagen\/gif;base64,R0lGODlhAQABAAAAACH5BAEKAAEALAAAAAABAAEAAAICTAEAOw==\" data-srcset=\"\" srcset=\"\"><\/a><\/h3>\n<h4 class=\"sc-dPiLbb cAoJbW pf-35559a8f09ea-391_\" tabindex=\"0\" spellcheck=\"false\" data-pf-type=\"Heading2\">Capacidad de cebo de 7 libras\/3,2 kg.<\/h4>\n<p class=\"sc-bBHHxi fhourC pf-35559a8f09ea-393_\" tabindex=\"0\" spellcheck=\"false\" data-pf-type=\"Paragraph3\">Apunte a una opci\u00f3n m\u00e1s amplia de especies con una opci\u00f3n m\u00e1s amplia de cebos. Lleve la tasa de \u00e9xito de pesca al siguiente nivel.<\/p>\n<\/div>\n<\/div>\n<div class=\"pf-c\">\n<div class=\"sc-gUQvok iVVDxu pf-35559a8f09ea-395_\" data-pf-type=\"Column\">\n<h4 class=\"sc-dPiLbb cAoJbW pf-35559a8f09ea-397_\" tabindex=\"0\" spellcheck=\"false\" data-pf-type=\"Heading2\">C\u00e1mara 4K<\/h4>\n<p class=\"sc-bBHHxi fhourC pf-35559a8f09ea-399_\" tabindex=\"0\" spellcheck=\"false\" data-pf-type=\"Paragraph3\">Encuentre lugares para pescar y grabe su viaje de pesca de por vida en 4K.<\/p>\n<\/div>\n<\/div>\n<div class=\"pf-c\">\n<div class=\"sc-gUQvok iVVDxu pf-35559a8f09ea-401_\" data-pf-type=\"Column\">\n<h4 class=\"sc-dPiLbb cAoJbW pf-35559a8f09ea-403_\" tabindex=\"0\" spellcheck=\"false\" data-pf-type=\"Heading2\">Pantalla multicolor<\/h4>\n<p class=\"sc-bBHHxi fhourC pf-35559a8f09ea-405_\" tabindex=\"0\" spellcheck=\"false\" data-pf-type=\"Paragraph3\">Transmisi\u00f3n de video en vivo para aumentar la precisi\u00f3n del lanzamiento del cebo sin usar un tel\u00e9fono.<\/p>\n<\/div>\n<\/div>\n<\/div>\n<div class=\"sc-ezbkAF A-dmbO pf-35559a8f09ea-407_ pf-r pf-r-eh\" data-pf-type=\"Row\">\n<div class=\"pf-c\">\n<div class=\"sc-gUQvok iVVDxu pf-35559a8f09ea-408_\" data-pf-type=\"Column\">\n<h4 class=\"sc-dPiLbb cAoJbW pf-35559a8f09ea-410_\" tabindex=\"0\" spellcheck=\"false\" data-pf-type=\"Heading2\">Campo de lanzamiento de 1 MILLA \/ 1,5 KM<\/h4>\n<p class=\"sc-bBHHxi fhourC pf-35559a8f09ea-412_\" tabindex=\"0\" spellcheck=\"false\" data-pf-type=\"Paragraph3\">Lanza los cebos al oc\u00e9ano sin usar un kayak.<\/p>\n<\/div>\n<\/div>\n<div class=\"pf-c\">\n<div class=\"sc-gUQvok iVVDxu pf-35559a8f09ea-414_\" data-pf-type=\"Column\">\n<h4 class=\"sc-dPiLbb cAoJbW pf-35559a8f09ea-416_\" tabindex=\"0\" spellcheck=\"false\" data-pf-type=\"Heading2\">Dise\u00f1o plegable<\/h4>\n<p class=\"sc-bBHHxi fhourC pf-35559a8f09ea-418_\" tabindex=\"0\" spellcheck=\"false\" data-pf-type=\"Paragraph3\">S\u00faper f\u00e1cil de llevar a la playa.<\/p>\n<\/div>\n<\/div>\n<div class=\"pf-c\">\n<div class=\"sc-gUQvok iVVDxu pf-35559a8f09ea-420_\" data-pf-type=\"Column\">\n<h4 class=\"sc-dPiLbb cAoJbW pf-35559a8f09ea-422_\" tabindex=\"0\" spellcheck=\"false\" data-pf-type=\"Heading2\">IP67 a prueba de agua<\/h4>\n<p class=\"sc-bBHHxi fhourC pf-35559a8f09ea-424_\" tabindex=\"0\" spellcheck=\"false\" data-pf-type=\"Paragraph3\">Aeronave 100% a prueba de agua y control remoto a prueba de salpicaduras.<\/p>\n<\/div>\n<\/div>\n<\/div>\n<div class=\"sc-ezbkAF A-dmbO pf-35559a8f09ea-426_ pf-r pf-r-eh\" data-pf-type=\"Row\">\n<div class=\"pf-c\">\n<div class=\"sc-gUQvok iVVDxu pf-35559a8f09ea-427_\" data-pf-type=\"Column\">\n<h4 class=\"sc-dPiLbb cAoJbW pf-35559a8f09ea-429_\" tabindex=\"0\" spellcheck=\"false\" data-pf-type=\"Heading2\">Resistencia al viento de nivel 6<\/h4>\n<p class=\"sc-bBHHxi fhourC pf-35559a8f09ea-431_\" tabindex=\"0\" spellcheck=\"false\" data-pf-type=\"Paragraph3\">Flote y vuele de manera estable con vientos fuertes con motores de alto empuje.<\/p>\n<\/div>\n<\/div>\n<div class=\"pf-c\">\n<div class=\"sc-gUQvok iVVDxu pf-35559a8f09ea-433_\" data-pf-type=\"Column\">\n<h4 class=\"sc-dPiLbb cAoJbW pf-35559a8f09ea-435_\" tabindex=\"0\" spellcheck=\"false\" data-pf-type=\"Heading2\">Pesca autom\u00e1tica (Beta)<\/h4>\n<p class=\"sc-bBHHxi fhourC pf-35559a8f09ea-437_\" tabindex=\"0\" spellcheck=\"false\" data-pf-type=\"Paragraph3\">Vuele autom\u00e1ticamente a los lugares de pesca marcados en la aplicaci\u00f3n para lanzar cebos.<\/p>\n<\/div>\n<\/div>\n<div class=\"pf-c\">\n<div class=\"sc-gUQvok iVVDxu pf-35559a8f09ea-439_\" data-pf-type=\"Column\">\n<h4 class=\"sc-dPiLbb cAoJbW pf-35559a8f09ea-441_\" tabindex=\"0\" spellcheck=\"false\" data-pf-type=\"Heading2\">Guardar Volver<\/h4>\n<p class=\"sc-bBHHxi fhourC pf-35559a8f09ea-443_\" tabindex=\"0\" spellcheck=\"false\" data-pf-type=\"Paragraph3\">Suelte los cebos autom\u00e1ticamente y regrese a la playa en caso de emergencia.<\/p>\n<\/div>\n<h2 tabindex=\"0\" spellcheck=\"false\" data-pf-type=\"Heading2\"><\/h2>\n<h2 class=\"sc-dPiLbb cAoJbW pf-bc971570b2ab-4_\" tabindex=\"0\" spellcheck=\"false\" data-pf-type=\"Heading2\"><span style=\"text-decoration: underline;\">Especificaciones<\/span><\/h2>\n<div class=\"sc-ezbkAF A-dmbO pf-bc971570b2ab-6_ pf-r pf-r-eh\" data-pf-type=\"Row\">\n<div class=\"pf-c\">\n<div class=\"sc-gUQvok iVVDxu pf-bc971570b2ab-7_\" data-pf-type=\"Column\">\n<h4 class=\"sc-dPiLbb cAoJbW pf-bc971570b2ab-8_\" tabindex=\"0\" spellcheck=\"false\" data-pf-type=\"Heading2\">Aeronave<\/h4>\n<p class=\"sc-bBHHxi fhourC pf-bc971570b2ab-10_\" tabindex=\"0\" spellcheck=\"false\" data-pf-type=\"Paragraph3\">Clasificaci\u00f3n impermeable: IP67<br \/>\nPeso del dron (incluida la bater\u00eda): 7 lbs \/ 3,2 kg<br \/>\nTama\u00f1o (sin h\u00e9lice): desplegar: 20*20*7,5 pulgadas\/522*522*192mm; pliegue: 12*10,5*7,5 pulgadas\/306*266*192mm<br \/>\nVelocidad m\u00e1xima de ascenso: 7 mph \/ 3 m\/s<br \/>\nVelocidad m\u00e1xima de descenso: 4,5 mph \/ 2 m\/s<br \/>\nVelocidad m\u00e1xima de vuelo: ATTI: 45 mph \/ 20 m\/s; GPS: 22 mph\/10 m\/s<br \/>\n\u00c1ngulo m\u00e1ximo de inclinaci\u00f3n: 25\u00b0<br \/>\nAltitud m\u00e1xima de vuelo: 1 milla \/ 1500 m<br \/>\nDistancia m\u00e1xima de vuelo: 1 milla \/ 1500 m<br \/>\nDistancia m\u00e1xima de transmisi\u00f3n de imagen: 0,7 millas\/1200 m<br \/>\nCapacidad m\u00e1xima de carga \u00fatil: 7,7 libras \/ 3,5 kg<br \/>\nTiempo de vuelo: hasta 28 minutos (sin viento y sin carga)<br \/>\nResistencia m\u00e1xima a la velocidad del viento: 40 mph \/ 18 m\/s \/ 35 nudos<br \/>\nPrecisi\u00f3n de vuelo estacionario: \u00b11,6 pies \/ \u00b10,5 m<br \/>\nSistema de posicionamiento por sat\u00e9lite: GPS\/Galileo<br \/>\nMotores: 4114 ~ 400Kv<br \/>\nESC: 40A<br \/>\nH\u00e9lices: fibra de carbono #1655<br \/>\nFrecuencia de operaci\u00f3n: 2.405 ~ 2.475 GHz | 5.725 ~ 5.825 GHz<br \/>\nPotencia del transmisor (EIRP): &lt;33 dBm (FCC), &lt;20 dBm (CE) | &lt;33dBm (FCC), &lt;14dBm (CE)<br \/>\nTemperatura de trabajo: 14 \u2109 ~ 104 \u2109 \/ -10 \u2103 ~ 40 \u2103<br \/>\nCertificaciones: CE\/FCC\/ROHS\/RCM<\/p>\n<\/div>\n<\/div>\n<div class=\"pf-c\">\n<div class=\"sc-gUQvok iVVDxu pf-bc971570b2ab-12_\" data-pf-type=\"Column\">\n<h4 class=\"sc-dPiLbb cAoJbW pf-bc971570b2ab-13_\" tabindex=\"0\" spellcheck=\"false\" data-pf-type=\"Heading2\">Control remoto<\/h4>\n<p class=\"sc-bBHHxi fhourC pf-bc971570b2ab-15_\" tabindex=\"0\" spellcheck=\"false\" data-pf-type=\"Paragraph3\">Peso: 1,56 libras\/709 g<br \/>\nClasificaci\u00f3n impermeable: IP54<br \/>\nTama\u00f1o: 11*7,5*3 pulgadas\/276*190*74mm<br \/>\nFrecuencia de funcionamiento: 2,405-2,475 GHz; 5.725 \u2013 5.825 GHz<br \/>\nPotencia del transmisor (EIRP): 2,405-2,475 GHz: &lt;26 dBm (FCC), &lt;20 dBm (CE)<br \/>\nLatencia: 20ms<br \/>\nBater\u00eda: 3000mAh<br \/>\nTiempo de trabajo: 4 horas<br \/>\nTiempo de carga: 3 horas<br \/>\nEntrada de alimentaci\u00f3n: 5V\/2A USB-C<br \/>\nTama\u00f1o de pantalla: 5 pulgadas<br \/>\nResoluci\u00f3n de pantalla: 800*480px<br \/>\nBrillo de pantalla: 500 cd\/m2<br \/>\nRelaci\u00f3n de aspecto: 16:9<br \/>\nIdioma: ingl\u00e9s<br \/>\nTemperatura de trabajo: 14 \u2109 ~ 104 \u2109 \/ -10 \u2103 ~ 40 \u2103<\/p>\n<\/div>\n<\/div>\n<\/div>\n<div class=\"sc-ezbkAF A-dmbO pf-bc971570b2ab-17_ pf-r pf-r-eh\" data-pf-type=\"Row\">\n<div class=\"pf-c\">\n<div class=\"sc-gUQvok iVVDxu pf-bc971570b2ab-18_\" data-pf-type=\"Column\">\n<h4 class=\"sc-dPiLbb cAoJbW pf-bc971570b2ab-19_\" tabindex=\"0\" spellcheck=\"false\" data-pf-type=\"Heading2\">Bater\u00eda de vuelo<\/h4>\n<p class=\"sc-bBHHxi fhourC pf-bc971570b2ab-21_\" tabindex=\"0\" spellcheck=\"false\" data-pf-type=\"Paragraph3\">Capacidad: 4500 mAh<br \/>\nVoltaje: 22,2 V<br \/>\nTipo: 6S LiPo<br \/>\nTama\u00f1o: 8,6*4,7*2,5 pulgadas\/219*119*65mm<br \/>\nPeso: 2,8 libras \/ 1255 g<br \/>\nTemperatura de trabajo: 32 \u2109 ~ 104 \u2109 \/ 0 \u2103 ~ 40 \u2103<br \/>\nTiempo de carga: 80 minutos<br \/>\nCorriente de carga m\u00e1xima: 8A<\/p>\n<\/div>\n<\/div>\n<div class=\"pf-c\">\n<div class=\"sc-gUQvok iVVDxu pf-bc971570b2ab-23_\" data-pf-type=\"Column\">\n<h4 class=\"sc-dPiLbb cAoJbW pf-bc971570b2ab-24_\" tabindex=\"0\" spellcheck=\"false\" data-pf-type=\"Heading2\">Cargador<\/h4>\n<p class=\"sc-bBHHxi fhourC pf-bc971570b2ab-26_\" tabindex=\"0\" spellcheck=\"false\" data-pf-type=\"Paragraph3\">Entrada: 100 \u2013 240V<br \/>\nSalida: 25,2 V<br \/>\nPotencia m\u00e1xima de carga: 200W<br \/>\nTipos de bater\u00eda y celda compatibles: 6S LiPo<br \/>\nTama\u00f1o: 5,6*4*2,4 pulgadas\/143*100*60mm<br \/>\nCable de alimentaci\u00f3n: 3,9 pies \/ 1,2 m<br \/>\nCable de carga: 1,6 pies \/ 0,5 m<br \/>\nPeso: 1 libra \/ 454,6 g<br \/>\nTemperatura de trabajo: 32 \u2109 ~ 140 \u2109 \/ 0 \u2103 ~ 60 \u2103<br \/>\nTipos de adaptador de corriente disponibles:<br \/>\nTipo A: EE. UU., Canad\u00e1, M\u00e9xico y Jap\u00f3n<br \/>\nTipo B: Europa, Am\u00e9rica del Sur y Asia<br \/>\nTipo G: Reino Unido, Irlanda, Malta y Singapur<br \/>\nTipo I: Australia y Nueva Zelanda<\/p>\n<\/div>\n<\/div>\n<\/div>\n<div class=\"sc-ezbkAF A-dmbO pf-bc971570b2ab-28_ pf-r pf-r-eh\" data-pf-type=\"Row\">\n<div class=\"pf-c\">\n<div class=\"sc-gUQvok iVVDxu pf-bc971570b2ab-29_\" data-pf-type=\"Column\">\n<h4 class=\"sc-dPiLbb cAoJbW pf-bc971570b2ab-30_\" tabindex=\"0\" spellcheck=\"false\" data-pf-type=\"Heading2\">C\u00e1mara<\/h4>\n<p class=\"sc-bBHHxi fhourC pf-bc971570b2ab-32_\" tabindex=\"0\" spellcheck=\"false\" data-pf-type=\"Paragraph3\">Clasificaci\u00f3n impermeable: IP67<br \/>\nEstabilizaci\u00f3n: 1 eje (inclinaci\u00f3n)<br \/>\nRango de inclinaci\u00f3n: -90\u00b0 a 0\u00b0<br \/>\nPeso: 0,38 libras\/176,5 g<br \/>\nTama\u00f1o: 3,1*2,7*2,7 pulgadas\/79*69*70mm<br \/>\nSensor de imagen: SONY IMX377<br \/>\nLente: F4,53 mm f\/2,65, campo de visi\u00f3n: 92,6\u00b0<br \/>\nRango ISO: 100 \u2013 3200<br \/>\nVelocidad de obturaci\u00f3n: 16 \u2013 1\/16000 s<br \/>\nResoluci\u00f3n de v\u00eddeo: 4K:30fps | 2,7 K: 60 fps | 1080P:120\/60\/30fps | 720P: 240\/120\/60fps<br \/>\nResoluci\u00f3n de la foto: 4000*3000 (4:3), 3840*2160 (16:9)<br \/>\nTasa de bits de video m\u00e1xima: 60 Mbps<br \/>\nFormato de foto: JPEG\/DNG (RAW)<br \/>\nFormato de v\u00eddeo: MP4\/MOV<br \/>\nTarjeta de memoria compatible: tarjeta microSD con una capacidad m\u00e1xima de 128 GB, velocidad de escritura \u2265 60 MB\/s, se recomienda usar Clase 10 o superior y clasificaci\u00f3n UHS-1<br \/>\nTemperatura de trabajo: 14 \u2109 ~ 104 \u2109 \/ -10 \u2103 - 40 \u00b0C<\/p>\n<\/div>\n<\/div>\n<div class=\"pf-c\">\n<div class=\"sc-gUQvok iVVDxu pf-bc971570b2ab-34_\" data-pf-type=\"Column\">\n<h4 class=\"sc-dPiLbb cAoJbW pf-bc971570b2ab-35_\" tabindex=\"0\" spellcheck=\"false\" data-pf-type=\"Heading2\">\u00bfQu\u00e9 hay en la caja?<\/h4>\n<p class=\"sc-bBHHxi fhourC pf-bc971570b2ab-37_\" tabindex=\"0\" spellcheck=\"false\" data-pf-type=\"Paragraph3\">Aeronave x 1<br \/>\nMando a distancia x 1<br \/>\nBater\u00eda de vuelo x 1<br \/>\nCargador x 1<br \/>\nH\u00e9lices x 2 (pares)<br \/>\nC\u00e1mara x 1<br \/>\nLiberaci\u00f3n de cebo doble x 1<br \/>\nBarras flotantes x 1 (juego)<br \/>\nCable USB tipo C x 1<br \/>\nCable de carga x 1<br \/>\nAdaptador de corriente x 1<br \/>\nEstuche de transporte x 1<\/p>\n<\/div>\n<\/div>\n<\/div>\n<\/div>\n<\/div>","protected":false},"excerpt":{"rendered":"<p>Este es el Pescador Max. El miembro m\u00e1s nuevo de la flota pesquera de drones SwellPro y el m\u00e1s poderoso. Es el dron de pesca que los pescadores de todo el mundo han estado esperando. \u00bfPor qu\u00e9? Porque puede maximizar todos los resultados positivos que puede tener una pesca deportiva en tierra de toda la vida.<\/p>\n<ul>\n<li><span style=\"text-decoration: underline;\">Paquetes disponibles en versi\u00f3n B\u00e1sica y Avanzada<\/span><\/li>\n<\/ul>","protected":false},"featured_media":11372,"comment_status":"open","ping_status":"closed","template":"","meta":[],"product_brand":[],"product_cat":[29,303,278],"product_tag":[517,428,279],"class_list":{"0":"post-11368","1":"product","2":"type-product","3":"status-publish","4":"has-post-thumbnail","6":"product_cat-drones","7":"product_cat-drones-sweellpro","8":"product_cat-swellpro","9":"product_tag-fisherma-max","10":"product_tag-other-applications","11":"product_tag-swellpro","13":"first","14":"onbackorder","15":"taxable","16":"shipping-taxable","17":"product-type-simple"},"yoast_head":"<!-- This site is optimized with the Yoast SEO plugin v27.4 - https:\/\/yoast.com\/product\/yoast-seo-wordpress\/ -->\n<title>Fisherman MAX Heavy Lift (FD2) Fishing Drone -<\/title>\n<meta name=\"description\" content=\"This is Fisherman Max. The newest member in SwellPro drone fishing fleet, and the most powerful one. It\u2019s the fishing drone that anglers all over the world have been waiting for. Why? Because it can maximize all the positive outcomes that a land-based game fishing of lifetime can have.\" \/>\n<meta name=\"robots\" content=\"index, follow, max-snippet:-1, max-image-preview:large, max-video-preview:-1\" \/>\n<link rel=\"canonical\" href=\"https:\/\/www.ghostysky.com\/es\/producto-2\/fisherman-max-heavy-lift-fishing-drone\/\" \/>\n<meta property=\"og:locale\" content=\"es_ES\" \/>\n<meta property=\"og:type\" content=\"article\" \/>\n<meta property=\"og:title\" content=\"Fisherman MAX Heavy Lift (FD2) Fishing Drone -\" \/>\n<meta property=\"og:description\" content=\"This is Fisherman Max. The newest member in SwellPro drone fishing fleet, and the most powerful one. It\u2019s the fishing drone that anglers all over the world have been waiting for. Why? Because it can maximize all the positive outcomes that a land-based game fishing of lifetime can have.\" \/>\n<meta property=\"og:url\" content=\"https:\/\/www.ghostysky.com\/es\/producto-2\/fisherman-max-heavy-lift-fishing-drone\/\" \/>\n<meta property=\"og:site_name\" content=\"Ghostysky\" \/>\n<meta property=\"article:publisher\" content=\"https:\/\/www.facebook.com\/people\/Ghostysky\/100057676170234\/\" \/>\n<meta property=\"article:modified_time\" content=\"2025-10-14T11:27:19+00:00\" \/>\n<meta property=\"og:image\" content=\"https:\/\/www.ghostysky.com\/wp-content\/uploads\/2023\/04\/fisherman-max-main-photo-01_3000x.webp\" \/>\n\t<meta property=\"og:image:width\" content=\"1000\" \/>\n\t<meta property=\"og:image:height\" content=\"1000\" \/>\n\t<meta property=\"og:image:type\" content=\"image\/webp\" \/>\n<meta name=\"twitter:card\" content=\"summary_large_image\" \/>\n<meta name=\"twitter:site\" content=\"@Gh0stysky\" \/>\n<meta name=\"twitter:label1\" content=\"Tiempo de lectura\" \/>\n\t<meta name=\"twitter:data1\" content=\"4 minutos\" \/>\n<script type=\"application\/ld+json\" class=\"yoast-schema-graph\">{\"@context\":\"https:\\\/\\\/schema.org\",\"@graph\":[{\"@type\":\"WebPage\",\"@id\":\"https:\\\/\\\/www.ghostysky.com\\\/product\\\/fisherman-max-heavy-lift-fishing-drone\\\/\",\"url\":\"https:\\\/\\\/www.ghostysky.com\\\/product\\\/fisherman-max-heavy-lift-fishing-drone\\\/\",\"name\":\"Fisherman MAX Heavy Lift (FD2) Fishing Drone -\",\"isPartOf\":{\"@id\":\"https:\\\/\\\/www.ghostysky.com\\\/#website\"},\"primaryImageOfPage\":{\"@id\":\"https:\\\/\\\/www.ghostysky.com\\\/product\\\/fisherman-max-heavy-lift-fishing-drone\\\/#primaryimage\"},\"image\":{\"@id\":\"https:\\\/\\\/www.ghostysky.com\\\/product\\\/fisherman-max-heavy-lift-fishing-drone\\\/#primaryimage\"},\"thumbnailUrl\":\"https:\\\/\\\/www.ghostysky.com\\\/wp-content\\\/uploads\\\/2023\\\/04\\\/fisherman-max-main-photo-01_3000x.webp\",\"datePublished\":\"2023-04-05T17:36:34+00:00\",\"dateModified\":\"2025-10-14T11:27:19+00:00\",\"description\":\"This is Fisherman Max. The newest member in SwellPro drone fishing fleet, and the most powerful one. It\u2019s the fishing drone that anglers all over the world have been waiting for. Why? Because it can maximize all the positive outcomes that a land-based game fishing of lifetime can have.\",\"breadcrumb\":{\"@id\":\"https:\\\/\\\/www.ghostysky.com\\\/product\\\/fisherman-max-heavy-lift-fishing-drone\\\/#breadcrumb\"},\"inLanguage\":\"es\",\"potentialAction\":[{\"@type\":\"ReadAction\",\"target\":[\"https:\\\/\\\/www.ghostysky.com\\\/product\\\/fisherman-max-heavy-lift-fishing-drone\\\/\"]}]},{\"@type\":\"ImageObject\",\"inLanguage\":\"es\",\"@id\":\"https:\\\/\\\/www.ghostysky.com\\\/product\\\/fisherman-max-heavy-lift-fishing-drone\\\/#primaryimage\",\"url\":\"https:\\\/\\\/www.ghostysky.com\\\/wp-content\\\/uploads\\\/2023\\\/04\\\/fisherman-max-main-photo-01_3000x.webp\",\"contentUrl\":\"https:\\\/\\\/www.ghostysky.com\\\/wp-content\\\/uploads\\\/2023\\\/04\\\/fisherman-max-main-photo-01_3000x.webp\",\"width\":1000,\"height\":1000},{\"@type\":\"BreadcrumbList\",\"@id\":\"https:\\\/\\\/www.ghostysky.com\\\/product\\\/fisherman-max-heavy-lift-fishing-drone\\\/#breadcrumb\",\"itemListElement\":[{\"@type\":\"ListItem\",\"position\":1,\"name\":\"Home\",\"item\":\"https:\\\/\\\/www.ghostysky.com\\\/\"},{\"@type\":\"ListItem\",\"position\":2,\"name\":\"Shop\",\"item\":\"https:\\\/\\\/www.ghostysky.com\\\/shop\\\/\"},{\"@type\":\"ListItem\",\"position\":3,\"name\":\"Fisherman MAX Heavy Lift (FD2) Fishing Drone\"}]},{\"@type\":\"WebSite\",\"@id\":\"https:\\\/\\\/www.ghostysky.com\\\/#website\",\"url\":\"https:\\\/\\\/www.ghostysky.com\\\/\",\"name\":\"Ghostysky\",\"description\":\"Delivering professional drones and robotics solutions\",\"publisher\":{\"@id\":\"https:\\\/\\\/www.ghostysky.com\\\/#organization\"},\"potentialAction\":[{\"@type\":\"SearchAction\",\"target\":{\"@type\":\"EntryPoint\",\"urlTemplate\":\"https:\\\/\\\/www.ghostysky.com\\\/?s={search_term_string}\"},\"query-input\":{\"@type\":\"PropertyValueSpecification\",\"valueRequired\":true,\"valueName\":\"search_term_string\"}}],\"inLanguage\":\"es\"},{\"@type\":\"Organization\",\"@id\":\"https:\\\/\\\/www.ghostysky.com\\\/#organization\",\"name\":\"Ghostysky\",\"url\":\"https:\\\/\\\/www.ghostysky.com\\\/\",\"logo\":{\"@type\":\"ImageObject\",\"inLanguage\":\"es\",\"@id\":\"https:\\\/\\\/www.ghostysky.com\\\/#\\\/schema\\\/logo\\\/image\\\/\",\"url\":\"https:\\\/\\\/www.ghostysky.com\\\/wp-content\\\/uploads\\\/2020\\\/06\\\/cropped-ghostyskylogo_text_white2.png\",\"contentUrl\":\"https:\\\/\\\/www.ghostysky.com\\\/wp-content\\\/uploads\\\/2020\\\/06\\\/cropped-ghostyskylogo_text_white2.png\",\"width\":169,\"height\":56,\"caption\":\"Ghostysky\"},\"image\":{\"@id\":\"https:\\\/\\\/www.ghostysky.com\\\/#\\\/schema\\\/logo\\\/image\\\/\"},\"sameAs\":[\"https:\\\/\\\/www.facebook.com\\\/people\\\/Ghostysky\\\/100057676170234\\\/\",\"https:\\\/\\\/x.com\\\/Gh0stysky\",\"https:\\\/\\\/www.linkedin.com\\\/company\\\/34739653\",\"https:\\\/\\\/www.instagram.com\\\/gh0stysky\"]}]}<\/script>\n<!-- \/ Yoast SEO plugin. -->","yoast_head_json":{"title":"Dron de pesca Fisherman MAX Heavy Lift (FD2) -","description":"Este es el Pescador Max. El miembro m\u00e1s nuevo de la flota pesquera de drones SwellPro y el m\u00e1s poderoso. Es el dron de pesca que los pescadores de todo el mundo han estado esperando. \u00bfPor qu\u00e9? Porque puede maximizar todos los resultados positivos que puede tener una pesca deportiva en tierra de toda la vida.","robots":{"index":"index","follow":"follow","max-snippet":"max-snippet:-1","max-image-preview":"max-image-preview:large","max-video-preview":"max-video-preview:-1"},"canonical":"https:\/\/www.ghostysky.com\/es\/producto-2\/fisherman-max-heavy-lift-fishing-drone\/","og_locale":"es_ES","og_type":"article","og_title":"Fisherman MAX Heavy Lift (FD2) Fishing Drone -","og_description":"This is Fisherman Max. The newest member in SwellPro drone fishing fleet, and the most powerful one. It\u2019s the fishing drone that anglers all over the world have been waiting for. Why? Because it can maximize all the positive outcomes that a land-based game fishing of lifetime can have.","og_url":"https:\/\/www.ghostysky.com\/es\/producto-2\/fisherman-max-heavy-lift-fishing-drone\/","og_site_name":"Ghostysky","article_publisher":"https:\/\/www.facebook.com\/people\/Ghostysky\/100057676170234\/","article_modified_time":"2025-10-14T11:27:19+00:00","og_image":[{"width":1000,"height":1000,"url":"https:\/\/www.ghostysky.com\/wp-content\/uploads\/2023\/04\/fisherman-max-main-photo-01_3000x.webp","type":"image\/webp"}],"twitter_card":"summary_large_image","twitter_site":"@Gh0stysky","twitter_misc":{"Tiempo de lectura":"4 minutos"},"schema":{"@context":"https:\/\/schema.org","@graph":[{"@type":"WebPage","@id":"https:\/\/www.ghostysky.com\/product\/fisherman-max-heavy-lift-fishing-drone\/","url":"https:\/\/www.ghostysky.com\/product\/fisherman-max-heavy-lift-fishing-drone\/","name":"Dron de pesca Fisherman MAX Heavy Lift (FD2) -","isPartOf":{"@id":"https:\/\/www.ghostysky.com\/#website"},"primaryImageOfPage":{"@id":"https:\/\/www.ghostysky.com\/product\/fisherman-max-heavy-lift-fishing-drone\/#primaryimage"},"image":{"@id":"https:\/\/www.ghostysky.com\/product\/fisherman-max-heavy-lift-fishing-drone\/#primaryimage"},"thumbnailUrl":"https:\/\/www.ghostysky.com\/wp-content\/uploads\/2023\/04\/fisherman-max-main-photo-01_3000x.webp","datePublished":"2023-04-05T17:36:34+00:00","dateModified":"2025-10-14T11:27:19+00:00","description":"Este es el Pescador Max. El miembro m\u00e1s nuevo de la flota pesquera de drones SwellPro y el m\u00e1s poderoso. Es el dron de pesca que los pescadores de todo el mundo han estado esperando. \u00bfPor qu\u00e9? Porque puede maximizar todos los resultados positivos que puede tener una pesca deportiva en tierra de toda la vida.","breadcrumb":{"@id":"https:\/\/www.ghostysky.com\/product\/fisherman-max-heavy-lift-fishing-drone\/#breadcrumb"},"inLanguage":"es","potentialAction":[{"@type":"ReadAction","target":["https:\/\/www.ghostysky.com\/product\/fisherman-max-heavy-lift-fishing-drone\/"]}]},{"@type":"ImageObject","inLanguage":"es","@id":"https:\/\/www.ghostysky.com\/product\/fisherman-max-heavy-lift-fishing-drone\/#primaryimage","url":"https:\/\/www.ghostysky.com\/wp-content\/uploads\/2023\/04\/fisherman-max-main-photo-01_3000x.webp","contentUrl":"https:\/\/www.ghostysky.com\/wp-content\/uploads\/2023\/04\/fisherman-max-main-photo-01_3000x.webp","width":1000,"height":1000},{"@type":"BreadcrumbList","@id":"https:\/\/www.ghostysky.com\/product\/fisherman-max-heavy-lift-fishing-drone\/#breadcrumb","itemListElement":[{"@type":"ListItem","position":1,"name":"Home","item":"https:\/\/www.ghostysky.com\/"},{"@type":"ListItem","position":2,"name":"Shop","item":"https:\/\/www.ghostysky.com\/shop\/"},{"@type":"ListItem","position":3,"name":"Fisherman MAX Heavy Lift (FD2) Fishing Drone"}]},{"@type":"WebSite","@id":"https:\/\/www.ghostysky.com\/#website","url":"https:\/\/www.ghostysky.com\/","name":"Ghostysky","description":"Ofrecemos soluciones profesionales de drones y rob\u00f3tica.","publisher":{"@id":"https:\/\/www.ghostysky.com\/#organization"},"potentialAction":[{"@type":"SearchAction","target":{"@type":"EntryPoint","urlTemplate":"https:\/\/www.ghostysky.com\/?s={search_term_string}"},"query-input":{"@type":"PropertyValueSpecification","valueRequired":true,"valueName":"search_term_string"}}],"inLanguage":"es"},{"@type":"Organization","@id":"https:\/\/www.ghostysky.com\/#organization","name":"Ghostysky","url":"https:\/\/www.ghostysky.com\/","logo":{"@type":"ImageObject","inLanguage":"es","@id":"https:\/\/www.ghostysky.com\/#\/schema\/logo\/image\/","url":"https:\/\/www.ghostysky.com\/wp-content\/uploads\/2020\/06\/cropped-ghostyskylogo_text_white2.png","contentUrl":"https:\/\/www.ghostysky.com\/wp-content\/uploads\/2020\/06\/cropped-ghostyskylogo_text_white2.png","width":169,"height":56,"caption":"Ghostysky"},"image":{"@id":"https:\/\/www.ghostysky.com\/#\/schema\/logo\/image\/"},"sameAs":["https:\/\/www.facebook.com\/people\/Ghostysky\/100057676170234\/","https:\/\/x.com\/Gh0stysky","https:\/\/www.linkedin.com\/company\/34739653","https:\/\/www.instagram.com\/gh0stysky"]}]}},"_links":{"self":[{"href":"https:\/\/www.ghostysky.com\/es\/wp-json\/wp\/v2\/product\/11368","targetHints":{"allow":["GET"]}}],"collection":[{"href":"https:\/\/www.ghostysky.com\/es\/wp-json\/wp\/v2\/product"}],"about":[{"href":"https:\/\/www.ghostysky.com\/es\/wp-json\/wp\/v2\/types\/product"}],"replies":[{"embeddable":true,"href":"https:\/\/www.ghostysky.com\/es\/wp-json\/wp\/v2\/comments?post=11368"}],"version-history":[{"count":0,"href":"https:\/\/www.ghostysky.com\/es\/wp-json\/wp\/v2\/product\/11368\/revisions"}],"wp:featuredmedia":[{"embeddable":true,"href":"https:\/\/www.ghostysky.com\/es\/wp-json\/wp\/v2\/media\/11372"}],"wp:attachment":[{"href":"https:\/\/www.ghostysky.com\/es\/wp-json\/wp\/v2\/media?parent=11368"}],"wp:term":[{"taxonomy":"product_brand","embeddable":true,"href":"https:\/\/www.ghostysky.com\/es\/wp-json\/wp\/v2\/product_brand?post=11368"},{"taxonomy":"product_cat","embeddable":true,"href":"https:\/\/www.ghostysky.com\/es\/wp-json\/wp\/v2\/product_cat?post=11368"},{"taxonomy":"product_tag","embeddable":true,"href":"https:\/\/www.ghostysky.com\/es\/wp-json\/wp\/v2\/product_tag?post=11368"}],"curies":[{"name":"wp","href":"https:\/\/api.w.org\/{rel}","templated":true}]}}