{"id":11861,"date":"2023-08-02T18:42:24","date_gmt":"2023-08-02T18:42:24","guid":{"rendered":"https:\/\/www.ghostysky.com\/?post_type=product&#038;p=11861"},"modified":"2024-09-13T17:16:36","modified_gmt":"2024-09-13T17:16:36","slug":"agisoft-metashape-professional-node-locked-license-5-licenses-pack-for-one-end-user-copy","status":"publish","type":"product","link":"https:\/\/www.ghostysky.com\/es\/product\/agisoft-metashape-professional-node-locked-license-5-licenses-pack-for-one-end-user-copy\/","title":{"rendered":"Agisoft Metashape Professional, licencia Node-Locked, paquete de 5 licencias"},"content":{"rendered":"<p>PRODUCTOS DESTACADOS<\/p>\n<div>\u2013 Triangulaci\u00f3n fotogram\u00e9trica<\/div>\n<div>\u2013 Generaci\u00f3n de nubes de puntos densas<\/div>\n<div>\u2013 Generaci\u00f3n de modelos 3D y texturizado<\/div>\n<div>\u2013 Costuras panor\u00e1micas<\/div>\n<div>\u2013 Modelado 4D para escenas din\u00e1micas<\/div>\n<div><\/div>\n<div><\/div>","protected":false},"excerpt":{"rendered":"<p><strong>Agisoft Metashape Profesional<\/strong> es un software que maximiza las posibilidades de la fotogrametr\u00eda. Incorpora tecnolog\u00edas de aprendizaje autom\u00e1tico para el an\u00e1lisis y el posprocesamiento para ofrecer los resultados de mayor precisi\u00f3n. Licencia perpetua Aplicaci\u00f3n de escritorio con licencia de nodo bloqueado Paquete de 5 licencias (1 dispositivo).<\/p>","protected":false},"featured_media":2454,"comment_status":"open","ping_status":"closed","template":"","meta":[],"product_brand":[],"product_cat":[172,31],"product_tag":[173,175,523,174,176,71],"class_list":{"0":"post-11861","1":"product","2":"type-product","3":"status-publish","4":"has-post-thumbnail","6":"product_cat-agisoft","7":"product_cat-software","8":"product_tag-agisoft","9":"product_tag-metashape","10":"product_tag-node-locked-license","11":"product_tag-photogrammetry","12":"product_tag-professional","13":"product_tag-software","15":"first","16":"instock","17":"taxable","18":"shipping-taxable","19":"product-type-simple"},"yoast_head":"<!-- This site is optimized with the Yoast SEO plugin v27.1.1 - https:\/\/yoast.com\/product\/yoast-seo-wordpress\/ -->\n<title>Agisoft Metashape Professional, Node-Locked license, 5 licenses pack<\/title>\n<meta name=\"description\" content=\"Agisoft Metashape Professional is software that maximizes the possibilities of photogrammetry. Agisoft Metashape Professional Node-Locked 5 licenses pack\" \/>\n<meta name=\"robots\" content=\"index, follow, max-snippet:-1, max-image-preview:large, max-video-preview:-1\" \/>\n<link rel=\"canonical\" href=\"https:\/\/www.ghostysky.com\/es\/producto-2\/agisoft-metashape-professional-node-locked-license-5-licenses-pack-for-one-end-user-copy\/\" \/>\n<meta property=\"og:locale\" content=\"es_ES\" \/>\n<meta property=\"og:type\" content=\"article\" \/>\n<meta property=\"og:title\" content=\"Agisoft Metashape Professional, Node-Locked license, 5 licenses pack\" \/>\n<meta property=\"og:description\" content=\"Agisoft Metashape Professional is software that maximizes the possibilities of photogrammetry. Agisoft Metashape Professional Node-Locked 5 licenses pack\" \/>\n<meta property=\"og:url\" content=\"https:\/\/www.ghostysky.com\/es\/producto-2\/agisoft-metashape-professional-node-locked-license-5-licenses-pack-for-one-end-user-copy\/\" \/>\n<meta property=\"og:site_name\" content=\"Ghostysky\" \/>\n<meta property=\"article:publisher\" content=\"https:\/\/www.facebook.com\/people\/Ghostysky\/100057676170234\/\" \/>\n<meta property=\"article:modified_time\" content=\"2024-09-13T17:16:36+00:00\" \/>\n<meta property=\"og:image\" content=\"https:\/\/www.ghostysky.com\/wp-content\/uploads\/2021\/11\/Download-Agisoft-Metashape-Professional-1.7.jpg\" \/>\n\t<meta property=\"og:image:width\" content=\"470\" \/>\n\t<meta property=\"og:image:height\" content=\"470\" \/>\n\t<meta property=\"og:image:type\" content=\"image\/jpeg\" \/>\n<meta name=\"twitter:card\" content=\"summary_large_image\" \/>\n<meta name=\"twitter:site\" content=\"@Gh0stysky\" \/>\n<meta name=\"twitter:label1\" content=\"Tiempo de lectura\" \/>\n\t<meta name=\"twitter:data1\" content=\"1 minuto\" \/>\n<script type=\"application\/ld+json\" class=\"yoast-schema-graph\">{\"@context\":\"https:\/\/schema.org\",\"@graph\":[{\"@type\":\"WebPage\",\"@id\":\"https:\/\/www.ghostysky.com\/product\/agisoft-metashape-professional-node-locked-license-5-licenses-pack-for-one-end-user-copy\/\",\"url\":\"https:\/\/www.ghostysky.com\/product\/agisoft-metashape-professional-node-locked-license-5-licenses-pack-for-one-end-user-copy\/\",\"name\":\"Agisoft Metashape Professional, Node-Locked license, 5 licenses pack\",\"isPartOf\":{\"@id\":\"https:\/\/www.ghostysky.com\/#website\"},\"primaryImageOfPage\":{\"@id\":\"https:\/\/www.ghostysky.com\/product\/agisoft-metashape-professional-node-locked-license-5-licenses-pack-for-one-end-user-copy\/#primaryimage\"},\"image\":{\"@id\":\"https:\/\/www.ghostysky.com\/product\/agisoft-metashape-professional-node-locked-license-5-licenses-pack-for-one-end-user-copy\/#primaryimage\"},\"thumbnailUrl\":\"https:\/\/www.ghostysky.com\/wp-content\/uploads\/2021\/11\/Download-Agisoft-Metashape-Professional-1.7.jpg\",\"datePublished\":\"2023-08-02T18:42:24+00:00\",\"dateModified\":\"2024-09-13T17:16:36+00:00\",\"description\":\"Agisoft Metashape Professional is software that maximizes the possibilities of photogrammetry. Agisoft Metashape Professional Node-Locked 5 licenses pack\",\"breadcrumb\":{\"@id\":\"https:\/\/www.ghostysky.com\/product\/agisoft-metashape-professional-node-locked-license-5-licenses-pack-for-one-end-user-copy\/#breadcrumb\"},\"inLanguage\":\"es\",\"potentialAction\":[{\"@type\":\"ReadAction\",\"target\":[\"https:\/\/www.ghostysky.com\/product\/agisoft-metashape-professional-node-locked-license-5-licenses-pack-for-one-end-user-copy\/\"]}]},{\"@type\":\"ImageObject\",\"inLanguage\":\"es\",\"@id\":\"https:\/\/www.ghostysky.com\/product\/agisoft-metashape-professional-node-locked-license-5-licenses-pack-for-one-end-user-copy\/#primaryimage\",\"url\":\"https:\/\/www.ghostysky.com\/wp-content\/uploads\/2021\/11\/Download-Agisoft-Metashape-Professional-1.7.jpg\",\"contentUrl\":\"https:\/\/www.ghostysky.com\/wp-content\/uploads\/2021\/11\/Download-Agisoft-Metashape-Professional-1.7.jpg\",\"width\":470,\"height\":470},{\"@type\":\"BreadcrumbList\",\"@id\":\"https:\/\/www.ghostysky.com\/product\/agisoft-metashape-professional-node-locked-license-5-licenses-pack-for-one-end-user-copy\/#breadcrumb\",\"itemListElement\":[{\"@type\":\"ListItem\",\"position\":1,\"name\":\"Home\",\"item\":\"https:\/\/www.ghostysky.com\/\"},{\"@type\":\"ListItem\",\"position\":2,\"name\":\"Shop\",\"item\":\"https:\/\/www.ghostysky.com\/shop\/\"},{\"@type\":\"ListItem\",\"position\":3,\"name\":\"Agisoft Metashape Professional, Node-Locked license, 5 licenses pack\"}]},{\"@type\":\"WebSite\",\"@id\":\"https:\/\/www.ghostysky.com\/#website\",\"url\":\"https:\/\/www.ghostysky.com\/\",\"name\":\"Ghostysky\",\"description\":\"Delivering professional drones and services\",\"publisher\":{\"@id\":\"https:\/\/www.ghostysky.com\/#organization\"},\"potentialAction\":[{\"@type\":\"SearchAction\",\"target\":{\"@type\":\"EntryPoint\",\"urlTemplate\":\"https:\/\/www.ghostysky.com\/?s={search_term_string}\"},\"query-input\":{\"@type\":\"PropertyValueSpecification\",\"valueRequired\":true,\"valueName\":\"search_term_string\"}}],\"inLanguage\":\"es\"},{\"@type\":\"Organization\",\"@id\":\"https:\/\/www.ghostysky.com\/#organization\",\"name\":\"Ghostysky\",\"url\":\"https:\/\/www.ghostysky.com\/\",\"logo\":{\"@type\":\"ImageObject\",\"inLanguage\":\"es\",\"@id\":\"https:\/\/www.ghostysky.com\/#\/schema\/logo\/image\/\",\"url\":\"https:\/\/www.ghostysky.com\/wp-content\/uploads\/2020\/06\/cropped-ghostyskylogo_text_white2.png\",\"contentUrl\":\"https:\/\/www.ghostysky.com\/wp-content\/uploads\/2020\/06\/cropped-ghostyskylogo_text_white2.png\",\"width\":169,\"height\":56,\"caption\":\"Ghostysky\"},\"image\":{\"@id\":\"https:\/\/www.ghostysky.com\/#\/schema\/logo\/image\/\"},\"sameAs\":[\"https:\/\/www.facebook.com\/people\/Ghostysky\/100057676170234\/\",\"https:\/\/x.com\/Gh0stysky\",\"https:\/\/www.linkedin.com\/company\/34739653\",\"https:\/\/www.instagram.com\/gh0stysky\"]}]}<\/script>\n<!-- \/ Yoast SEO plugin. -->","yoast_head_json":{"title":"Agisoft Metashape Professional, licencia Node-Locked, paquete de 5 licencias","description":"Agisoft Metashape Professional es un software que maximiza las posibilidades de la fotogrametr\u00eda. Paquete de 5 licencias Agisoft Metashape Professional Node-Locked","robots":{"index":"index","follow":"follow","max-snippet":"max-snippet:-1","max-image-preview":"max-image-preview:large","max-video-preview":"max-video-preview:-1"},"canonical":"https:\/\/www.ghostysky.com\/es\/producto-2\/agisoft-metashape-professional-node-locked-license-5-licenses-pack-for-one-end-user-copy\/","og_locale":"es_ES","og_type":"article","og_title":"Agisoft Metashape Professional, Node-Locked license, 5 licenses pack","og_description":"Agisoft Metashape Professional is software that maximizes the possibilities of photogrammetry. Agisoft Metashape Professional Node-Locked 5 licenses pack","og_url":"https:\/\/www.ghostysky.com\/es\/producto-2\/agisoft-metashape-professional-node-locked-license-5-licenses-pack-for-one-end-user-copy\/","og_site_name":"Ghostysky","article_publisher":"https:\/\/www.facebook.com\/people\/Ghostysky\/100057676170234\/","article_modified_time":"2024-09-13T17:16:36+00:00","og_image":[{"width":470,"height":470,"url":"https:\/\/www.ghostysky.com\/wp-content\/uploads\/2021\/11\/Download-Agisoft-Metashape-Professional-1.7.jpg","type":"image\/jpeg"}],"twitter_card":"summary_large_image","twitter_site":"@Gh0stysky","twitter_misc":{"Tiempo de lectura":"1 minuto"},"schema":{"@context":"https:\/\/schema.org","@graph":[{"@type":"WebPage","@id":"https:\/\/www.ghostysky.com\/product\/agisoft-metashape-professional-node-locked-license-5-licenses-pack-for-one-end-user-copy\/","url":"https:\/\/www.ghostysky.com\/product\/agisoft-metashape-professional-node-locked-license-5-licenses-pack-for-one-end-user-copy\/","name":"Agisoft Metashape Professional, licencia Node-Locked, paquete de 5 licencias","isPartOf":{"@id":"https:\/\/www.ghostysky.com\/#website"},"primaryImageOfPage":{"@id":"https:\/\/www.ghostysky.com\/product\/agisoft-metashape-professional-node-locked-license-5-licenses-pack-for-one-end-user-copy\/#primaryimage"},"image":{"@id":"https:\/\/www.ghostysky.com\/product\/agisoft-metashape-professional-node-locked-license-5-licenses-pack-for-one-end-user-copy\/#primaryimage"},"thumbnailUrl":"https:\/\/www.ghostysky.com\/wp-content\/uploads\/2021\/11\/Download-Agisoft-Metashape-Professional-1.7.jpg","datePublished":"2023-08-02T18:42:24+00:00","dateModified":"2024-09-13T17:16:36+00:00","description":"Agisoft Metashape Professional es un software que maximiza las posibilidades de la fotogrametr\u00eda. Paquete de 5 licencias Agisoft Metashape Professional Node-Locked","breadcrumb":{"@id":"https:\/\/www.ghostysky.com\/product\/agisoft-metashape-professional-node-locked-license-5-licenses-pack-for-one-end-user-copy\/#breadcrumb"},"inLanguage":"es","potentialAction":[{"@type":"ReadAction","target":["https:\/\/www.ghostysky.com\/product\/agisoft-metashape-professional-node-locked-license-5-licenses-pack-for-one-end-user-copy\/"]}]},{"@type":"ImageObject","inLanguage":"es","@id":"https:\/\/www.ghostysky.com\/product\/agisoft-metashape-professional-node-locked-license-5-licenses-pack-for-one-end-user-copy\/#primaryimage","url":"https:\/\/www.ghostysky.com\/wp-content\/uploads\/2021\/11\/Download-Agisoft-Metashape-Professional-1.7.jpg","contentUrl":"https:\/\/www.ghostysky.com\/wp-content\/uploads\/2021\/11\/Download-Agisoft-Metashape-Professional-1.7.jpg","width":470,"height":470},{"@type":"BreadcrumbList","@id":"https:\/\/www.ghostysky.com\/product\/agisoft-metashape-professional-node-locked-license-5-licenses-pack-for-one-end-user-copy\/#breadcrumb","itemListElement":[{"@type":"ListItem","position":1,"name":"Home","item":"https:\/\/www.ghostysky.com\/"},{"@type":"ListItem","position":2,"name":"Shop","item":"https:\/\/www.ghostysky.com\/shop\/"},{"@type":"ListItem","position":3,"name":"Agisoft Metashape Professional, Node-Locked license, 5 licenses pack"}]},{"@type":"WebSite","@id":"https:\/\/www.ghostysky.com\/#website","url":"https:\/\/www.ghostysky.com\/","name":"Ghostysky","description":"Entrega de drones y servicios profesionales","publisher":{"@id":"https:\/\/www.ghostysky.com\/#organization"},"potentialAction":[{"@type":"SearchAction","target":{"@type":"EntryPoint","urlTemplate":"https:\/\/www.ghostysky.com\/?s={search_term_string}"},"query-input":{"@type":"PropertyValueSpecification","valueRequired":true,"valueName":"search_term_string"}}],"inLanguage":"es"},{"@type":"Organization","@id":"https:\/\/www.ghostysky.com\/#organization","name":"Ghostysky","url":"https:\/\/www.ghostysky.com\/","logo":{"@type":"ImageObject","inLanguage":"es","@id":"https:\/\/www.ghostysky.com\/#\/schema\/logo\/image\/","url":"https:\/\/www.ghostysky.com\/wp-content\/uploads\/2020\/06\/cropped-ghostyskylogo_text_white2.png","contentUrl":"https:\/\/www.ghostysky.com\/wp-content\/uploads\/2020\/06\/cropped-ghostyskylogo_text_white2.png","width":169,"height":56,"caption":"Ghostysky"},"image":{"@id":"https:\/\/www.ghostysky.com\/#\/schema\/logo\/image\/"},"sameAs":["https:\/\/www.facebook.com\/people\/Ghostysky\/100057676170234\/","https:\/\/x.com\/Gh0stysky","https:\/\/www.linkedin.com\/company\/34739653","https:\/\/www.instagram.com\/gh0stysky"]}]}},"_links":{"self":[{"href":"https:\/\/www.ghostysky.com\/es\/wp-json\/wp\/v2\/product\/11861","targetHints":{"allow":["GET"]}}],"collection":[{"href":"https:\/\/www.ghostysky.com\/es\/wp-json\/wp\/v2\/product"}],"about":[{"href":"https:\/\/www.ghostysky.com\/es\/wp-json\/wp\/v2\/types\/product"}],"replies":[{"embeddable":true,"href":"https:\/\/www.ghostysky.com\/es\/wp-json\/wp\/v2\/comments?post=11861"}],"wp:featuredmedia":[{"embeddable":true,"href":"https:\/\/www.ghostysky.com\/es\/wp-json\/wp\/v2\/media\/2454"}],"wp:attachment":[{"href":"https:\/\/www.ghostysky.com\/es\/wp-json\/wp\/v2\/media?parent=11861"}],"wp:term":[{"taxonomy":"product_brand","embeddable":true,"href":"https:\/\/www.ghostysky.com\/es\/wp-json\/wp\/v2\/product_brand?post=11861"},{"taxonomy":"product_cat","embeddable":true,"href":"https:\/\/www.ghostysky.com\/es\/wp-json\/wp\/v2\/product_cat?post=11861"},{"taxonomy":"product_tag","embeddable":true,"href":"https:\/\/www.ghostysky.com\/es\/wp-json\/wp\/v2\/product_tag?post=11861"}],"curies":[{"name":"wp","href":"https:\/\/api.w.org\/{rel}","templated":true}]}}