{"id":11912,"date":"2023-08-02T20:35:07","date_gmt":"2023-08-02T20:35:07","guid":{"rendered":"https:\/\/www.ghostysky.com\/?post_type=product&#038;p=11912"},"modified":"2024-03-17T09:52:54","modified_gmt":"2024-03-17T09:52:54","slug":"agisoft-metashape-standard-node-locked-license-10-licenses-pack","status":"publish","type":"product","link":"https:\/\/www.ghostysky.com\/es\/product\/agisoft-metashape-standard-node-locked-license-10-licenses-pack\/","title":{"rendered":"Agisoft Metashape Standard, licencia Node-Locked, paquete de 10 licencias"},"content":{"rendered":"<table>\n<tbody>\n<tr>\n<td style=\"text-align: center;\">\n<div class=\"title\" style=\"text-align: left;\"><strong>Triangulaci\u00f3n fotogram\u00e9trica<\/strong><\/div>\n<\/td>\n<td style=\"text-align: left;\">\n<div class=\"title\"><strong>Generaci\u00f3n de nubes de puntos densas<\/strong><\/div>\n<\/td>\n<td style=\"text-align: left;\">\n<div class=\"title\"><strong>modelo 3d:\u00a0<\/strong><br \/>\n<strong>generaci\u00f3n y texturizado<\/strong><\/div>\n<\/td>\n<td>\n<div class=\"title\" style=\"text-align: left;\"><strong>Panorama\u00a0<\/strong><br \/>\n<strong>puntadas<\/strong><\/div>\n<\/td>\n<\/tr>\n<tr>\n<td>\n<div class=\"title\"><img decoding=\"async\" title=\"\" src=\"datos:imagen\/gif;base64,R0lGODlhAQABAAAAACH5BAEKAAEALAAAAAABAAEAAAICTAEAOw==\" alt=\"\" class=\"lazyload\" data-src=\"datos:imagen\/gif;base64,R0lGODlhAQABAAAAACH5BAEKAAEALAAAAAABAAEAAAICTAEAOw==\"><\/div>\n<\/td>\n<td>\n<div class=\"title\"><img decoding=\"async\" title=\"\" src=\"datos:imagen\/gif;base64,R0lGODlhAQABAAAAACH5BAEKAAEALAAAAAABAAEAAAICTAEAOw==\" alt=\"\" class=\"lazyload\" data-src=\"datos:imagen\/gif;base64,R0lGODlhAQABAAAAACH5BAEKAAEALAAAAAABAAEAAAICTAEAOw==\"><\/div>\n<\/td>\n<td>\n<div class=\"title\"><img decoding=\"async\" title=\"\" src=\"datos:imagen\/gif;base64,R0lGODlhAQABAAAAACH5BAEKAAEALAAAAAABAAEAAAICTAEAOw==\" alt=\"\" class=\"lazyload\" data-src=\"datos:imagen\/gif;base64,R0lGODlhAQABAAAAACH5BAEKAAEALAAAAAABAAEAAAICTAEAOw==\"><\/div>\n<\/td>\n<td>\n<div class=\"title\"><img decoding=\"async\" title=\"\" src=\"datos:imagen\/gif;base64,R0lGODlhAQABAAAAACH5BAEKAAEALAAAAAABAAEAAAICTAEAOw==\" alt=\"\" class=\"lazyload\" data-src=\"datos:imagen\/gif;base64,R0lGODlhAQABAAAAACH5BAEKAAEALAAAAAABAAEAAAICTAEAOw==\"><\/div>\n<\/td>\n<\/tr>\n<tr>\n<td>\n<div class=\"title\">\n<p>Procesamiento de varios tipos de im\u00e1genes: a\u00e9reas (nadir, oblicuas) y de corto alcance.<\/p>\n<p>Calibraci\u00f3n autom\u00e1tica: marco (incl. ojo de pez), c\u00e1maras esf\u00e9ricas y cil\u00edndricas.<\/p>\n<p>Compatibilidad con proyectos de varias c\u00e1maras.<\/p>\n<\/div>\n<\/td>\n<td>\n<div class=\"title\">\n<p>Elaborar la edici\u00f3n del modelo para obtener resultados precisos.<\/p>\n<p style=\"text-align: left;\">Exportaci\u00f3n .LAS para beneficiarse del flujo de trabajo de procesamiento de datos de puntos cl\u00e1sico.<\/p>\n<\/div>\n<\/td>\n<td>\n<div class=\"title\">\n<p>Varias escenas: sitios arqueol\u00f3gicos, artefactos, edificios, interiores, personas, etc.<\/p>\n<p>Carga directa de recursos de Sketchfab y exportaci\u00f3n a varios formatos populares.<\/p>\n<p>Texturas fotorrealistas: soporte HDR y multiarchivo.<\/p>\n<\/div>\n<\/td>\n<td>\n<div class=\"title\">\n<p>Reconstrucci\u00f3n 3D para datos capturados desde la misma posici\u00f3n de c\u00e1mara: estaci\u00f3n de c\u00e1mara, siempre que est\u00e9n presentes al menos 2 estaciones de c\u00e1mara.<\/p>\n<p>Uni\u00f3n panor\u00e1mica de 360\u00b0 para datos de una estaci\u00f3n de c\u00e1mara.<\/p>\n<\/div>\n<\/td>\n<\/tr>\n<\/tbody>\n<\/table>","protected":false},"excerpt":{"rendered":"<p><strong>-Agisoft Metashape Edici\u00f3n Est\u00e1ndar <\/strong>es un producto de software independiente que realiza el procesamiento fotogram\u00e9trico de im\u00e1genes digitales y genera datos espaciales en 3D para su uso en aplicaciones GIS, documentaci\u00f3n del patrimonio cultural y producci\u00f3n de efectos visuales, as\u00ed como para mediciones indirectas de objetos de varias escalas. Agisoft Metashape Standard, licencia Node-Locked, paquete de 10 licencias<\/p>","protected":false},"featured_media":11287,"comment_status":"open","ping_status":"closed","template":"","meta":[],"product_brand":[],"product_cat":[172,31],"product_tag":[173,527],"class_list":{"0":"post-11912","1":"product","2":"type-product","3":"status-publish","4":"has-post-thumbnail","6":"product_cat-agisoft","7":"product_cat-software","8":"product_tag-agisoft","9":"product_tag-agisoft-metashape-standard-edition-nll","11":"first","12":"instock","13":"taxable","14":"shipping-taxable","15":"product-type-simple"},"yoast_head":"<!-- This site is optimized with the Yoast SEO plugin v27.1.1 - https:\/\/yoast.com\/product\/yoast-seo-wordpress\/ -->\n<title>Agisoft Metashape Standard, Node-Locked license, 10 licenses pack<\/title>\n<meta name=\"description\" content=\"Agisoft Metashape Standard Edition is a stand-alone software product that performs photogrammetric processing of digital images and generates 3D spatial data to be used in GIS applications, cultural heritage documentation, and visual effects production as well as for indirect measurements of objects of various scales. Agisoft Metashape Standard Node-Locked 10 licenses pack.\" \/>\n<meta name=\"robots\" content=\"index, follow, max-snippet:-1, max-image-preview:large, max-video-preview:-1\" \/>\n<link rel=\"canonical\" href=\"https:\/\/www.ghostysky.com\/es\/producto-2\/agisoft-metashape-standard-node-locked-license-10-licenses-pack\/\" \/>\n<meta property=\"og:locale\" content=\"es_ES\" \/>\n<meta property=\"og:type\" content=\"article\" \/>\n<meta property=\"og:title\" content=\"Agisoft Metashape Standard, Node-Locked license, 10 licenses pack\" \/>\n<meta property=\"og:description\" content=\"Agisoft Metashape Standard Edition is a stand-alone software product that performs photogrammetric processing of digital images and generates 3D spatial data to be used in GIS applications, cultural heritage documentation, and visual effects production as well as for indirect measurements of objects of various scales. Agisoft Metashape Standard Node-Locked 10 licenses pack.\" \/>\n<meta property=\"og:url\" content=\"https:\/\/www.ghostysky.com\/es\/producto-2\/agisoft-metashape-standard-node-locked-license-10-licenses-pack\/\" \/>\n<meta property=\"og:site_name\" content=\"Ghostysky\" \/>\n<meta property=\"article:publisher\" content=\"https:\/\/www.facebook.com\/people\/Ghostysky\/100057676170234\/\" \/>\n<meta property=\"article:modified_time\" content=\"2024-03-17T09:52:54+00:00\" \/>\n<meta property=\"og:image\" content=\"https:\/\/www.ghostysky.com\/wp-content\/uploads\/2023\/03\/Agisoft-Standard-Edition.jpg\" \/>\n\t<meta property=\"og:image:width\" content=\"798\" \/>\n\t<meta property=\"og:image:height\" content=\"1000\" \/>\n\t<meta property=\"og:image:type\" content=\"image\/jpeg\" \/>\n<meta name=\"twitter:card\" content=\"summary_large_image\" \/>\n<meta name=\"twitter:site\" content=\"@Gh0stysky\" \/>\n<meta name=\"twitter:label1\" content=\"Tiempo de lectura\" \/>\n\t<meta name=\"twitter:data1\" content=\"2 minutos\" \/>\n<script type=\"application\/ld+json\" class=\"yoast-schema-graph\">{\"@context\":\"https:\/\/schema.org\",\"@graph\":[{\"@type\":\"WebPage\",\"@id\":\"https:\/\/www.ghostysky.com\/product\/agisoft-metashape-standard-node-locked-license-10-licenses-pack\/\",\"url\":\"https:\/\/www.ghostysky.com\/product\/agisoft-metashape-standard-node-locked-license-10-licenses-pack\/\",\"name\":\"Agisoft Metashape Standard, Node-Locked license, 10 licenses pack\",\"isPartOf\":{\"@id\":\"https:\/\/www.ghostysky.com\/#website\"},\"primaryImageOfPage\":{\"@id\":\"https:\/\/www.ghostysky.com\/product\/agisoft-metashape-standard-node-locked-license-10-licenses-pack\/#primaryimage\"},\"image\":{\"@id\":\"https:\/\/www.ghostysky.com\/product\/agisoft-metashape-standard-node-locked-license-10-licenses-pack\/#primaryimage\"},\"thumbnailUrl\":\"https:\/\/www.ghostysky.com\/wp-content\/uploads\/2023\/03\/Agisoft-Standard-Edition.jpg\",\"datePublished\":\"2023-08-02T20:35:07+00:00\",\"dateModified\":\"2024-03-17T09:52:54+00:00\",\"description\":\"Agisoft Metashape Standard Edition is a stand-alone software product that performs photogrammetric processing of digital images and generates 3D spatial data to be used in GIS applications, cultural heritage documentation, and visual effects production as well as for indirect measurements of objects of various scales. Agisoft Metashape Standard Node-Locked 10 licenses pack.\",\"breadcrumb\":{\"@id\":\"https:\/\/www.ghostysky.com\/product\/agisoft-metashape-standard-node-locked-license-10-licenses-pack\/#breadcrumb\"},\"inLanguage\":\"es\",\"potentialAction\":[{\"@type\":\"ReadAction\",\"target\":[\"https:\/\/www.ghostysky.com\/product\/agisoft-metashape-standard-node-locked-license-10-licenses-pack\/\"]}]},{\"@type\":\"ImageObject\",\"inLanguage\":\"es\",\"@id\":\"https:\/\/www.ghostysky.com\/product\/agisoft-metashape-standard-node-locked-license-10-licenses-pack\/#primaryimage\",\"url\":\"https:\/\/www.ghostysky.com\/wp-content\/uploads\/2023\/03\/Agisoft-Standard-Edition.jpg\",\"contentUrl\":\"https:\/\/www.ghostysky.com\/wp-content\/uploads\/2023\/03\/Agisoft-Standard-Edition.jpg\",\"width\":798,\"height\":1000},{\"@type\":\"BreadcrumbList\",\"@id\":\"https:\/\/www.ghostysky.com\/product\/agisoft-metashape-standard-node-locked-license-10-licenses-pack\/#breadcrumb\",\"itemListElement\":[{\"@type\":\"ListItem\",\"position\":1,\"name\":\"Home\",\"item\":\"https:\/\/www.ghostysky.com\/\"},{\"@type\":\"ListItem\",\"position\":2,\"name\":\"Shop\",\"item\":\"https:\/\/www.ghostysky.com\/shop\/\"},{\"@type\":\"ListItem\",\"position\":3,\"name\":\"Agisoft Metashape Standard, Node-Locked license, 10 licenses pack\"}]},{\"@type\":\"WebSite\",\"@id\":\"https:\/\/www.ghostysky.com\/#website\",\"url\":\"https:\/\/www.ghostysky.com\/\",\"name\":\"Ghostysky\",\"description\":\"Delivering professional drones and services\",\"publisher\":{\"@id\":\"https:\/\/www.ghostysky.com\/#organization\"},\"potentialAction\":[{\"@type\":\"SearchAction\",\"target\":{\"@type\":\"EntryPoint\",\"urlTemplate\":\"https:\/\/www.ghostysky.com\/?s={search_term_string}\"},\"query-input\":{\"@type\":\"PropertyValueSpecification\",\"valueRequired\":true,\"valueName\":\"search_term_string\"}}],\"inLanguage\":\"es\"},{\"@type\":\"Organization\",\"@id\":\"https:\/\/www.ghostysky.com\/#organization\",\"name\":\"Ghostysky\",\"url\":\"https:\/\/www.ghostysky.com\/\",\"logo\":{\"@type\":\"ImageObject\",\"inLanguage\":\"es\",\"@id\":\"https:\/\/www.ghostysky.com\/#\/schema\/logo\/image\/\",\"url\":\"https:\/\/www.ghostysky.com\/wp-content\/uploads\/2020\/06\/cropped-ghostyskylogo_text_white2.png\",\"contentUrl\":\"https:\/\/www.ghostysky.com\/wp-content\/uploads\/2020\/06\/cropped-ghostyskylogo_text_white2.png\",\"width\":169,\"height\":56,\"caption\":\"Ghostysky\"},\"image\":{\"@id\":\"https:\/\/www.ghostysky.com\/#\/schema\/logo\/image\/\"},\"sameAs\":[\"https:\/\/www.facebook.com\/people\/Ghostysky\/100057676170234\/\",\"https:\/\/x.com\/Gh0stysky\",\"https:\/\/www.linkedin.com\/company\/34739653\",\"https:\/\/www.instagram.com\/gh0stysky\"]}]}<\/script>\n<!-- \/ Yoast SEO plugin. -->","yoast_head_json":{"title":"Agisoft Metashape Standard, licencia Node-Locked, paquete de 10 licencias","description":"Agisoft Metashape Standard Edition es un producto de software independiente que realiza procesamiento fotogram\u00e9trico de im\u00e1genes digitales y genera datos espaciales 3D para usar en aplicaciones SIG, documentaci\u00f3n del patrimonio cultural y producci\u00f3n de efectos visuales, as\u00ed como para mediciones indirectas de objetos de varias escalas. Paquete de 10 licencias Agisoft Metashape Standard Node-Locked.","robots":{"index":"index","follow":"follow","max-snippet":"max-snippet:-1","max-image-preview":"max-image-preview:large","max-video-preview":"max-video-preview:-1"},"canonical":"https:\/\/www.ghostysky.com\/es\/producto-2\/agisoft-metashape-standard-node-locked-license-10-licenses-pack\/","og_locale":"es_ES","og_type":"article","og_title":"Agisoft Metashape Standard, Node-Locked license, 10 licenses pack","og_description":"Agisoft Metashape Standard Edition is a stand-alone software product that performs photogrammetric processing of digital images and generates 3D spatial data to be used in GIS applications, cultural heritage documentation, and visual effects production as well as for indirect measurements of objects of various scales. Agisoft Metashape Standard Node-Locked 10 licenses pack.","og_url":"https:\/\/www.ghostysky.com\/es\/producto-2\/agisoft-metashape-standard-node-locked-license-10-licenses-pack\/","og_site_name":"Ghostysky","article_publisher":"https:\/\/www.facebook.com\/people\/Ghostysky\/100057676170234\/","article_modified_time":"2024-03-17T09:52:54+00:00","og_image":[{"width":798,"height":1000,"url":"https:\/\/www.ghostysky.com\/wp-content\/uploads\/2023\/03\/Agisoft-Standard-Edition.jpg","type":"image\/jpeg"}],"twitter_card":"summary_large_image","twitter_site":"@Gh0stysky","twitter_misc":{"Tiempo de lectura":"2 minutos"},"schema":{"@context":"https:\/\/schema.org","@graph":[{"@type":"WebPage","@id":"https:\/\/www.ghostysky.com\/product\/agisoft-metashape-standard-node-locked-license-10-licenses-pack\/","url":"https:\/\/www.ghostysky.com\/product\/agisoft-metashape-standard-node-locked-license-10-licenses-pack\/","name":"Agisoft Metashape Standard, licencia Node-Locked, paquete de 10 licencias","isPartOf":{"@id":"https:\/\/www.ghostysky.com\/#website"},"primaryImageOfPage":{"@id":"https:\/\/www.ghostysky.com\/product\/agisoft-metashape-standard-node-locked-license-10-licenses-pack\/#primaryimage"},"image":{"@id":"https:\/\/www.ghostysky.com\/product\/agisoft-metashape-standard-node-locked-license-10-licenses-pack\/#primaryimage"},"thumbnailUrl":"https:\/\/www.ghostysky.com\/wp-content\/uploads\/2023\/03\/Agisoft-Standard-Edition.jpg","datePublished":"2023-08-02T20:35:07+00:00","dateModified":"2024-03-17T09:52:54+00:00","description":"Agisoft Metashape Standard Edition es un producto de software independiente que realiza procesamiento fotogram\u00e9trico de im\u00e1genes digitales y genera datos espaciales 3D para usar en aplicaciones SIG, documentaci\u00f3n del patrimonio cultural y producci\u00f3n de efectos visuales, as\u00ed como para mediciones indirectas de objetos de varias escalas. Paquete de 10 licencias Agisoft Metashape Standard Node-Locked.","breadcrumb":{"@id":"https:\/\/www.ghostysky.com\/product\/agisoft-metashape-standard-node-locked-license-10-licenses-pack\/#breadcrumb"},"inLanguage":"es","potentialAction":[{"@type":"ReadAction","target":["https:\/\/www.ghostysky.com\/product\/agisoft-metashape-standard-node-locked-license-10-licenses-pack\/"]}]},{"@type":"ImageObject","inLanguage":"es","@id":"https:\/\/www.ghostysky.com\/product\/agisoft-metashape-standard-node-locked-license-10-licenses-pack\/#primaryimage","url":"https:\/\/www.ghostysky.com\/wp-content\/uploads\/2023\/03\/Agisoft-Standard-Edition.jpg","contentUrl":"https:\/\/www.ghostysky.com\/wp-content\/uploads\/2023\/03\/Agisoft-Standard-Edition.jpg","width":798,"height":1000},{"@type":"BreadcrumbList","@id":"https:\/\/www.ghostysky.com\/product\/agisoft-metashape-standard-node-locked-license-10-licenses-pack\/#breadcrumb","itemListElement":[{"@type":"ListItem","position":1,"name":"Home","item":"https:\/\/www.ghostysky.com\/"},{"@type":"ListItem","position":2,"name":"Shop","item":"https:\/\/www.ghostysky.com\/shop\/"},{"@type":"ListItem","position":3,"name":"Agisoft Metashape Standard, Node-Locked license, 10 licenses pack"}]},{"@type":"WebSite","@id":"https:\/\/www.ghostysky.com\/#website","url":"https:\/\/www.ghostysky.com\/","name":"Ghostysky","description":"Entrega de drones y servicios profesionales","publisher":{"@id":"https:\/\/www.ghostysky.com\/#organization"},"potentialAction":[{"@type":"SearchAction","target":{"@type":"EntryPoint","urlTemplate":"https:\/\/www.ghostysky.com\/?s={search_term_string}"},"query-input":{"@type":"PropertyValueSpecification","valueRequired":true,"valueName":"search_term_string"}}],"inLanguage":"es"},{"@type":"Organization","@id":"https:\/\/www.ghostysky.com\/#organization","name":"Ghostysky","url":"https:\/\/www.ghostysky.com\/","logo":{"@type":"ImageObject","inLanguage":"es","@id":"https:\/\/www.ghostysky.com\/#\/schema\/logo\/image\/","url":"https:\/\/www.ghostysky.com\/wp-content\/uploads\/2020\/06\/cropped-ghostyskylogo_text_white2.png","contentUrl":"https:\/\/www.ghostysky.com\/wp-content\/uploads\/2020\/06\/cropped-ghostyskylogo_text_white2.png","width":169,"height":56,"caption":"Ghostysky"},"image":{"@id":"https:\/\/www.ghostysky.com\/#\/schema\/logo\/image\/"},"sameAs":["https:\/\/www.facebook.com\/people\/Ghostysky\/100057676170234\/","https:\/\/x.com\/Gh0stysky","https:\/\/www.linkedin.com\/company\/34739653","https:\/\/www.instagram.com\/gh0stysky"]}]}},"_links":{"self":[{"href":"https:\/\/www.ghostysky.com\/es\/wp-json\/wp\/v2\/product\/11912","targetHints":{"allow":["GET"]}}],"collection":[{"href":"https:\/\/www.ghostysky.com\/es\/wp-json\/wp\/v2\/product"}],"about":[{"href":"https:\/\/www.ghostysky.com\/es\/wp-json\/wp\/v2\/types\/product"}],"replies":[{"embeddable":true,"href":"https:\/\/www.ghostysky.com\/es\/wp-json\/wp\/v2\/comments?post=11912"}],"wp:featuredmedia":[{"embeddable":true,"href":"https:\/\/www.ghostysky.com\/es\/wp-json\/wp\/v2\/media\/11287"}],"wp:attachment":[{"href":"https:\/\/www.ghostysky.com\/es\/wp-json\/wp\/v2\/media?parent=11912"}],"wp:term":[{"taxonomy":"product_brand","embeddable":true,"href":"https:\/\/www.ghostysky.com\/es\/wp-json\/wp\/v2\/product_brand?post=11912"},{"taxonomy":"product_cat","embeddable":true,"href":"https:\/\/www.ghostysky.com\/es\/wp-json\/wp\/v2\/product_cat?post=11912"},{"taxonomy":"product_tag","embeddable":true,"href":"https:\/\/www.ghostysky.com\/es\/wp-json\/wp\/v2\/product_tag?post=11912"}],"curies":[{"name":"wp","href":"https:\/\/api.w.org\/{rel}","templated":true}]}}