{"id":11946,"date":"2023-08-03T22:09:59","date_gmt":"2023-08-03T22:09:59","guid":{"rendered":"https:\/\/www.ghostysky.com\/?post_type=product&#038;p=11946"},"modified":"2024-01-26T08:49:46","modified_gmt":"2024-01-26T08:49:46","slug":"dji-gimbal-protector-for-mavic-2-pro","status":"publish","type":"product","link":"https:\/\/www.ghostysky.com\/es\/product\/dji-gimbal-protector-for-mavic-2-pro\/","title":{"rendered":"Protector card\u00e1n DJI para Mavic 2 Pro"},"content":{"rendered":"<p><strong>Caracter\u00edsticas clave<\/strong><\/p>\n<ul>\n<li>Para DJI Mavic 2 Pro<\/li>\n<li>Protege contra el polvo, el agua y los desechos<\/li>\n<li>Protege la c\u00e1mara Gimbal y Hasselblad<\/li>\n<\/ul>\n<p><strong>En el cuadro<\/strong><\/p>\n<ul>\n<li>Protector card\u00e1n DJI para Mavic 2 Pro<\/li>\n<\/ul>","protected":false},"excerpt":{"rendered":"<p>El\u00a0<b>Protector card\u00e1n para Mavic 2 Pro<\/b>\u00a0de\u00a0<b>DJI<\/b>\u00a0est\u00e1 dise\u00f1ado para proteger el card\u00e1n y la c\u00e1mara Hasselblad de 20 MP de impactos, polvo, agua y escombros cuando el dron est\u00e1 volando o durante el transporte. Tenga en cuenta que ser\u00e1 necesario quitar el protector del card\u00e1n si se desea un movimiento completo del card\u00e1n durante el vuelo.<\/p>","protected":false},"featured_media":11948,"comment_status":"open","ping_status":"closed","template":"","meta":[],"product_brand":[],"product_cat":[37,29,529],"product_tag":[42,532],"class_list":{"0":"post-11946","1":"product","2":"type-product","3":"status-publish","4":"has-post-thumbnail","6":"product_cat-dji","7":"product_cat-drones","8":"product_cat-other-accessories","9":"product_tag-dji","10":"product_tag-gimbal-protector-for-mavic-2-pro","12":"first","13":"instock","14":"taxable","15":"shipping-taxable","16":"purchasable","17":"product-type-simple"},"yoast_head":"<!-- This site is optimized with the Yoast SEO plugin v27.4 - https:\/\/yoast.com\/product\/yoast-seo-wordpress\/ -->\n<title>DJI gimbal protector for Mavic 2 Pro<\/title>\n<meta name=\"description\" content=\"The\u00a0Gimbal Protector for Mavic 2 Pro\u00a0from\u00a0DJI\u00a0is designed to protect the gimbal and the Hasselblad 20MP camera from impacts, dust, water, and debris when the drone is flying or during transport.\" \/>\n<meta name=\"robots\" content=\"index, follow, max-snippet:-1, max-image-preview:large, max-video-preview:-1\" \/>\n<link rel=\"canonical\" href=\"https:\/\/www.ghostysky.com\/es\/producto-2\/dji-gimbal-protector-for-mavic-2-pro\/\" \/>\n<meta property=\"og:locale\" content=\"es_ES\" \/>\n<meta property=\"og:type\" content=\"article\" \/>\n<meta property=\"og:title\" content=\"DJI gimbal protector for Mavic 2 Pro\" \/>\n<meta property=\"og:description\" content=\"The\u00a0Gimbal Protector for Mavic 2 Pro\u00a0from\u00a0DJI\u00a0is designed to protect the gimbal and the Hasselblad 20MP camera from impacts, dust, water, and debris when the drone is flying or during transport.\" \/>\n<meta property=\"og:url\" content=\"https:\/\/www.ghostysky.com\/es\/producto-2\/dji-gimbal-protector-for-mavic-2-pro\/\" \/>\n<meta property=\"og:site_name\" content=\"Ghostysky\" \/>\n<meta property=\"article:publisher\" content=\"https:\/\/www.facebook.com\/people\/Ghostysky\/100057676170234\/\" \/>\n<meta property=\"article:modified_time\" content=\"2024-01-26T08:49:46+00:00\" \/>\n<meta property=\"og:image\" content=\"https:\/\/www.ghostysky.com\/wp-content\/uploads\/2023\/08\/Ghosty_DJI_Mavic_2_Gimbal_Protector_Pro_2500x2500_05.jpg\" \/>\n\t<meta property=\"og:image:width\" content=\"2500\" \/>\n\t<meta property=\"og:image:height\" content=\"2500\" \/>\n\t<meta property=\"og:image:type\" content=\"image\/jpeg\" \/>\n<meta name=\"twitter:card\" content=\"summary_large_image\" \/>\n<meta name=\"twitter:site\" content=\"@Gh0stysky\" \/>\n<meta name=\"twitter:label1\" content=\"Tiempo de lectura\" \/>\n\t<meta name=\"twitter:data1\" content=\"1 minuto\" \/>\n<script type=\"application\/ld+json\" class=\"yoast-schema-graph\">{\"@context\":\"https:\\\/\\\/schema.org\",\"@graph\":[{\"@type\":\"WebPage\",\"@id\":\"https:\\\/\\\/www.ghostysky.com\\\/product\\\/dji-gimbal-protector-for-mavic-2-pro\\\/\",\"url\":\"https:\\\/\\\/www.ghostysky.com\\\/product\\\/dji-gimbal-protector-for-mavic-2-pro\\\/\",\"name\":\"DJI gimbal protector for Mavic 2 Pro\",\"isPartOf\":{\"@id\":\"https:\\\/\\\/www.ghostysky.com\\\/#website\"},\"primaryImageOfPage\":{\"@id\":\"https:\\\/\\\/www.ghostysky.com\\\/product\\\/dji-gimbal-protector-for-mavic-2-pro\\\/#primaryimage\"},\"image\":{\"@id\":\"https:\\\/\\\/www.ghostysky.com\\\/product\\\/dji-gimbal-protector-for-mavic-2-pro\\\/#primaryimage\"},\"thumbnailUrl\":\"https:\\\/\\\/www.ghostysky.com\\\/wp-content\\\/uploads\\\/2023\\\/08\\\/Ghosty_DJI_Mavic_2_Gimbal_Protector_Pro_2500x2500_05.jpg\",\"datePublished\":\"2023-08-03T22:09:59+00:00\",\"dateModified\":\"2024-01-26T08:49:46+00:00\",\"description\":\"The\u00a0Gimbal Protector for Mavic 2 Pro\u00a0from\u00a0DJI\u00a0is designed to protect the gimbal and the Hasselblad 20MP camera from impacts, dust, water, and debris when the drone is flying or during transport.\",\"breadcrumb\":{\"@id\":\"https:\\\/\\\/www.ghostysky.com\\\/product\\\/dji-gimbal-protector-for-mavic-2-pro\\\/#breadcrumb\"},\"inLanguage\":\"es\",\"potentialAction\":[{\"@type\":\"ReadAction\",\"target\":[\"https:\\\/\\\/www.ghostysky.com\\\/product\\\/dji-gimbal-protector-for-mavic-2-pro\\\/\"]}]},{\"@type\":\"ImageObject\",\"inLanguage\":\"es\",\"@id\":\"https:\\\/\\\/www.ghostysky.com\\\/product\\\/dji-gimbal-protector-for-mavic-2-pro\\\/#primaryimage\",\"url\":\"https:\\\/\\\/www.ghostysky.com\\\/wp-content\\\/uploads\\\/2023\\\/08\\\/Ghosty_DJI_Mavic_2_Gimbal_Protector_Pro_2500x2500_05.jpg\",\"contentUrl\":\"https:\\\/\\\/www.ghostysky.com\\\/wp-content\\\/uploads\\\/2023\\\/08\\\/Ghosty_DJI_Mavic_2_Gimbal_Protector_Pro_2500x2500_05.jpg\",\"width\":2500,\"height\":2500},{\"@type\":\"BreadcrumbList\",\"@id\":\"https:\\\/\\\/www.ghostysky.com\\\/product\\\/dji-gimbal-protector-for-mavic-2-pro\\\/#breadcrumb\",\"itemListElement\":[{\"@type\":\"ListItem\",\"position\":1,\"name\":\"Home\",\"item\":\"https:\\\/\\\/www.ghostysky.com\\\/\"},{\"@type\":\"ListItem\",\"position\":2,\"name\":\"Shop\",\"item\":\"https:\\\/\\\/www.ghostysky.com\\\/shop\\\/\"},{\"@type\":\"ListItem\",\"position\":3,\"name\":\"DJI gimbal protector for Mavic 2 Pro\"}]},{\"@type\":\"WebSite\",\"@id\":\"https:\\\/\\\/www.ghostysky.com\\\/#website\",\"url\":\"https:\\\/\\\/www.ghostysky.com\\\/\",\"name\":\"Ghostysky\",\"description\":\"Delivering professional drones and robotics solutions\",\"publisher\":{\"@id\":\"https:\\\/\\\/www.ghostysky.com\\\/#organization\"},\"potentialAction\":[{\"@type\":\"SearchAction\",\"target\":{\"@type\":\"EntryPoint\",\"urlTemplate\":\"https:\\\/\\\/www.ghostysky.com\\\/?s={search_term_string}\"},\"query-input\":{\"@type\":\"PropertyValueSpecification\",\"valueRequired\":true,\"valueName\":\"search_term_string\"}}],\"inLanguage\":\"es\"},{\"@type\":\"Organization\",\"@id\":\"https:\\\/\\\/www.ghostysky.com\\\/#organization\",\"name\":\"Ghostysky\",\"url\":\"https:\\\/\\\/www.ghostysky.com\\\/\",\"logo\":{\"@type\":\"ImageObject\",\"inLanguage\":\"es\",\"@id\":\"https:\\\/\\\/www.ghostysky.com\\\/#\\\/schema\\\/logo\\\/image\\\/\",\"url\":\"https:\\\/\\\/www.ghostysky.com\\\/wp-content\\\/uploads\\\/2020\\\/06\\\/cropped-ghostyskylogo_text_white2.png\",\"contentUrl\":\"https:\\\/\\\/www.ghostysky.com\\\/wp-content\\\/uploads\\\/2020\\\/06\\\/cropped-ghostyskylogo_text_white2.png\",\"width\":169,\"height\":56,\"caption\":\"Ghostysky\"},\"image\":{\"@id\":\"https:\\\/\\\/www.ghostysky.com\\\/#\\\/schema\\\/logo\\\/image\\\/\"},\"sameAs\":[\"https:\\\/\\\/www.facebook.com\\\/people\\\/Ghostysky\\\/100057676170234\\\/\",\"https:\\\/\\\/x.com\\\/Gh0stysky\",\"https:\\\/\\\/www.linkedin.com\\\/company\\\/34739653\",\"https:\\\/\\\/www.instagram.com\\\/gh0stysky\"]}]}<\/script>\n<!-- \/ Yoast SEO plugin. -->","yoast_head_json":{"title":"Protector card\u00e1n DJI para Mavic 2 Pro","description":"El Gimbal Protector para Mavic 2 Pro de DJI est\u00e1 dise\u00f1ado para proteger el card\u00e1n y la c\u00e1mara Hasselblad de 20MP de impactos, polvo, agua y escombros cuando el dron est\u00e1 volando o durante el transporte.","robots":{"index":"index","follow":"follow","max-snippet":"max-snippet:-1","max-image-preview":"max-image-preview:large","max-video-preview":"max-video-preview:-1"},"canonical":"https:\/\/www.ghostysky.com\/es\/producto-2\/dji-gimbal-protector-for-mavic-2-pro\/","og_locale":"es_ES","og_type":"article","og_title":"DJI gimbal protector for Mavic 2 Pro","og_description":"The\u00a0Gimbal Protector for Mavic 2 Pro\u00a0from\u00a0DJI\u00a0is designed to protect the gimbal and the Hasselblad 20MP camera from impacts, dust, water, and debris when the drone is flying or during transport.","og_url":"https:\/\/www.ghostysky.com\/es\/producto-2\/dji-gimbal-protector-for-mavic-2-pro\/","og_site_name":"Ghostysky","article_publisher":"https:\/\/www.facebook.com\/people\/Ghostysky\/100057676170234\/","article_modified_time":"2024-01-26T08:49:46+00:00","og_image":[{"width":2500,"height":2500,"url":"https:\/\/www.ghostysky.com\/wp-content\/uploads\/2023\/08\/Ghosty_DJI_Mavic_2_Gimbal_Protector_Pro_2500x2500_05.jpg","type":"image\/jpeg"}],"twitter_card":"summary_large_image","twitter_site":"@Gh0stysky","twitter_misc":{"Tiempo de lectura":"1 minuto"},"schema":{"@context":"https:\/\/schema.org","@graph":[{"@type":"WebPage","@id":"https:\/\/www.ghostysky.com\/product\/dji-gimbal-protector-for-mavic-2-pro\/","url":"https:\/\/www.ghostysky.com\/product\/dji-gimbal-protector-for-mavic-2-pro\/","name":"Protector card\u00e1n DJI para Mavic 2 Pro","isPartOf":{"@id":"https:\/\/www.ghostysky.com\/#website"},"primaryImageOfPage":{"@id":"https:\/\/www.ghostysky.com\/product\/dji-gimbal-protector-for-mavic-2-pro\/#primaryimage"},"image":{"@id":"https:\/\/www.ghostysky.com\/product\/dji-gimbal-protector-for-mavic-2-pro\/#primaryimage"},"thumbnailUrl":"https:\/\/www.ghostysky.com\/wp-content\/uploads\/2023\/08\/Ghosty_DJI_Mavic_2_Gimbal_Protector_Pro_2500x2500_05.jpg","datePublished":"2023-08-03T22:09:59+00:00","dateModified":"2024-01-26T08:49:46+00:00","description":"El Gimbal Protector para Mavic 2 Pro de DJI est\u00e1 dise\u00f1ado para proteger el card\u00e1n y la c\u00e1mara Hasselblad de 20MP de impactos, polvo, agua y escombros cuando el dron est\u00e1 volando o durante el transporte.","breadcrumb":{"@id":"https:\/\/www.ghostysky.com\/product\/dji-gimbal-protector-for-mavic-2-pro\/#breadcrumb"},"inLanguage":"es","potentialAction":[{"@type":"ReadAction","target":["https:\/\/www.ghostysky.com\/product\/dji-gimbal-protector-for-mavic-2-pro\/"]}]},{"@type":"ImageObject","inLanguage":"es","@id":"https:\/\/www.ghostysky.com\/product\/dji-gimbal-protector-for-mavic-2-pro\/#primaryimage","url":"https:\/\/www.ghostysky.com\/wp-content\/uploads\/2023\/08\/Ghosty_DJI_Mavic_2_Gimbal_Protector_Pro_2500x2500_05.jpg","contentUrl":"https:\/\/www.ghostysky.com\/wp-content\/uploads\/2023\/08\/Ghosty_DJI_Mavic_2_Gimbal_Protector_Pro_2500x2500_05.jpg","width":2500,"height":2500},{"@type":"BreadcrumbList","@id":"https:\/\/www.ghostysky.com\/product\/dji-gimbal-protector-for-mavic-2-pro\/#breadcrumb","itemListElement":[{"@type":"ListItem","position":1,"name":"Home","item":"https:\/\/www.ghostysky.com\/"},{"@type":"ListItem","position":2,"name":"Shop","item":"https:\/\/www.ghostysky.com\/shop\/"},{"@type":"ListItem","position":3,"name":"DJI gimbal protector for Mavic 2 Pro"}]},{"@type":"WebSite","@id":"https:\/\/www.ghostysky.com\/#website","url":"https:\/\/www.ghostysky.com\/","name":"Ghostysky","description":"Ofrecemos soluciones profesionales de drones y rob\u00f3tica.","publisher":{"@id":"https:\/\/www.ghostysky.com\/#organization"},"potentialAction":[{"@type":"SearchAction","target":{"@type":"EntryPoint","urlTemplate":"https:\/\/www.ghostysky.com\/?s={search_term_string}"},"query-input":{"@type":"PropertyValueSpecification","valueRequired":true,"valueName":"search_term_string"}}],"inLanguage":"es"},{"@type":"Organization","@id":"https:\/\/www.ghostysky.com\/#organization","name":"Ghostysky","url":"https:\/\/www.ghostysky.com\/","logo":{"@type":"ImageObject","inLanguage":"es","@id":"https:\/\/www.ghostysky.com\/#\/schema\/logo\/image\/","url":"https:\/\/www.ghostysky.com\/wp-content\/uploads\/2020\/06\/cropped-ghostyskylogo_text_white2.png","contentUrl":"https:\/\/www.ghostysky.com\/wp-content\/uploads\/2020\/06\/cropped-ghostyskylogo_text_white2.png","width":169,"height":56,"caption":"Ghostysky"},"image":{"@id":"https:\/\/www.ghostysky.com\/#\/schema\/logo\/image\/"},"sameAs":["https:\/\/www.facebook.com\/people\/Ghostysky\/100057676170234\/","https:\/\/x.com\/Gh0stysky","https:\/\/www.linkedin.com\/company\/34739653","https:\/\/www.instagram.com\/gh0stysky"]}]}},"_links":{"self":[{"href":"https:\/\/www.ghostysky.com\/es\/wp-json\/wp\/v2\/product\/11946","targetHints":{"allow":["GET"]}}],"collection":[{"href":"https:\/\/www.ghostysky.com\/es\/wp-json\/wp\/v2\/product"}],"about":[{"href":"https:\/\/www.ghostysky.com\/es\/wp-json\/wp\/v2\/types\/product"}],"replies":[{"embeddable":true,"href":"https:\/\/www.ghostysky.com\/es\/wp-json\/wp\/v2\/comments?post=11946"}],"version-history":[{"count":0,"href":"https:\/\/www.ghostysky.com\/es\/wp-json\/wp\/v2\/product\/11946\/revisions"}],"wp:featuredmedia":[{"embeddable":true,"href":"https:\/\/www.ghostysky.com\/es\/wp-json\/wp\/v2\/media\/11948"}],"wp:attachment":[{"href":"https:\/\/www.ghostysky.com\/es\/wp-json\/wp\/v2\/media?parent=11946"}],"wp:term":[{"taxonomy":"product_brand","embeddable":true,"href":"https:\/\/www.ghostysky.com\/es\/wp-json\/wp\/v2\/product_brand?post=11946"},{"taxonomy":"product_cat","embeddable":true,"href":"https:\/\/www.ghostysky.com\/es\/wp-json\/wp\/v2\/product_cat?post=11946"},{"taxonomy":"product_tag","embeddable":true,"href":"https:\/\/www.ghostysky.com\/es\/wp-json\/wp\/v2\/product_tag?post=11946"}],"curies":[{"name":"wp","href":"https:\/\/api.w.org\/{rel}","templated":true}]}}