{"id":11968,"date":"2023-08-04T16:30:06","date_gmt":"2023-08-04T16:30:06","guid":{"rendered":"https:\/\/www.ghostysky.com\/?post_type=product&#038;p=11968"},"modified":"2025-10-14T07:46:15","modified_gmt":"2025-10-14T07:46:15","slug":"emlid-reach-rs2-survey-kit","status":"publish","type":"product","link":"https:\/\/www.ghostysky.com\/es\/product\/emlid-reach-rs2-survey-kit\/","title":{"rendered":"Kit Survey Emlid Reach RS2+"},"content":{"rendered":"<p>El nuevo RS2+ de Emlid es el modelo sucesor del RS2 y cuenta con m\u00f3dem 4G. El receptor GNSS le permite realizar la medici\u00f3n de diferentes maneras: RTK a trav\u00e9s de tarjeta SIM o punto de acceso WiFi, PPK o mediciones est\u00e1ticas (control a trav\u00e9s de computadora de campo, computadora port\u00e1til, tableta o tel\u00e9fono inteligente), el Reach RS2+ ofrece la m\u00e1xima flexibilidad.<\/p>\n<p>El kit de inspecci\u00f3n incluye dos receptores Reach RS2+. Estos se pueden usar en paralelo como Rover o como Rover y Base.<\/p>\n<p><strong>Especificaciones t\u00e9cnicas<\/strong><\/p>\n<ul>\n<li>Control a trav\u00e9s de la aplicaci\u00f3n de tel\u00e9fono inteligente (iOS y Android), interfaz web o aplicaciones de recopilaci\u00f3n de datos<\/li>\n<li>Hacer conexiones WiFi y Bluetooth<\/li>\n<li>Admite m\u00faltiples proveedores de posicionamiento (con tasas de actualizaci\u00f3n de hasta 10 Hz):\n<ul>\n<li>GPS\/QZSS L1C\/A, L2C<\/li>\n<li>GLONASS L1OF, L2OF<\/li>\n<li>Beidou B1I, B2I<\/li>\n<li>Galileo E1-B\/C, E5b<\/li>\n<\/ul>\n<\/li>\n<li>Soluci\u00f3n FIX en segundos<\/li>\n<li>Post-procesamiento a trav\u00e9s de archivos sin formato RINEX (PPK)<\/li>\n<li>Posicionamiento preciso de puntos (PPP): mediciones precisas en cualquier parte del mundo<\/li>\n<li>M\u00f3dem 4G integrado (uso con Nano SIM)<\/li>\n<li>Duraci\u00f3n de la bater\u00eda de hasta 22 horas (recargable a trav\u00e9s de USB-C a trav\u00e9s de la red o Powerbank)<\/li>\n<li>Exporte a varios software GIS o CAD (formatos: DXF, CSV, GeoJSON, ESRI, Shapefile)<\/li>\n<li>Modo de posicionamiento (formatos de importaci\u00f3n: CSV, DXF, GeoJSON)<\/li>\n<li>Posici\u00f3n de transmisi\u00f3n en formato NMEA<\/li>\n<li>Uso como m\u00f3vil o base<\/li>\n<li>LoRa hasta 8 km (comunicaci\u00f3n de largo alcance entre Base y Rover)<\/li>\n<li>Rangos m\u00e1ximos a Base:\n<ul>\n<li>60 km en RTK<\/li>\n<li>100 km en PPK<\/li>\n<li>8 a trav\u00e9s de PPP<\/li>\n<\/ul>\n<\/li>\n<li>Entrada y salida de correcci\u00f3n v\u00eda TCP, LoRa, Bluetooth, RS-232, NTRIP, VRS en Formato RTCM3<\/li>\n<li>Proteccion IP67<\/li>\n<li>Resistente a temperaturas de -20\u00b0C a 65\u00b0C<\/li>\n<li>Caja resistente a golpes<\/li>\n<li>Dimensiones: 128 mm x 142 mm<\/li>\n<li>Peso: 950g<\/li>\n<li>Memoria interna: 16GB<\/li>\n<li>Precisi\u00f3n:\n<ul>\n<li>Est\u00e1tica: Al: 4 mm + 0,5 ppm | V: 8 mm + 1 ppm<\/li>\n<li>PPK: Alto: 5 mm + 0,5 ppm | V: 10 mm + 1 ppm<\/li>\n<li>RTK: Alto: 7 mm + 1 ppm | V: 14 mm + 1 ppm<\/li>\n<\/ul>\n<\/li>\n<\/ul>\n<p><strong>En el cuadro<\/strong><\/p>\n<ul>\n<li>2x Reach RS2 Multibanda GNSS-Empf\u00e4nger<\/li>\n<li>2x estuche de transporte con correa<\/li>\n<li>2x antena LoRa para RS2<\/li>\n<li>2x cable de carga USB-A a USB-C<\/li>\n<\/ul>","protected":false},"excerpt":{"rendered":"<p><span class=\"VIiyi\" lang=\"en\"><span class=\"JLqJ4b ChMk0b\" data-language-for-alternatives=\"en\" data-language-to-translate-into=\"es\" data-phrase-index=\"0\" data-number-of-phrases=\"3\"><span class=\"Q4iAWc\">kit de dos <strong>Emlid Reach RS2+<\/strong> Receptores GNSS (Base y Rover) para m\u00e1xima precisi\u00f3n y exactitud.<\/span><\/span><\/span><\/p>\n<p><span class=\"VIiyi\" lang=\"en\"><span class=\"JLqJ4b ChMk0b\" data-language-for-alternatives=\"en\" data-language-to-translate-into=\"es\" data-phrase-index=\"2\" data-number-of-phrases=\"3\"><span class=\"Q4iAWc\">Apto para trabajar indistintamente como Base o Rover, en proyectos de topograf\u00eda, cartograf\u00eda y navegaci\u00f3n.<\/span><\/span><\/span><\/p>\n<p>Los receptores Emlid vienen con<strong> aplicaci\u00f3n gratuita ReachView 3.<\/strong><\/p>\n<p>Especificaciones principales de los receptores:<\/p>\n<ul>\n<li>m\u00f3dem LTE<\/li>\n<li>L\u00ednea base hasta 100 km<\/li>\n<li>Tasa de actualizaci\u00f3n 10 Hz<\/li>\n<\/ul>","protected":false},"featured_media":11973,"comment_status":"open","ping_status":"closed","template":"","meta":[],"product_brand":[],"product_cat":[89,30,365],"product_tag":[58,1027,534,533],"class_list":{"0":"post-11968","1":"product","2":"type-product","3":"status-publish","4":"has-post-thumbnail","6":"product_cat-emlid","7":"product_cat-mobile-station","8":"product_cat-receivers-emlid","9":"product_tag-emlid","10":"product_tag-emlid-rs-series","11":"product_tag-emlid-rs2","12":"product_tag-emlid-rs2-survey-kit","14":"first","15":"instock","16":"sale","17":"taxable","18":"shipping-taxable","19":"purchasable","20":"product-type-simple"},"yoast_head":"<!-- This site is optimized with the Yoast SEO plugin v27.4 - https:\/\/yoast.com\/product\/yoast-seo-wordpress\/ -->\n<title>Emlid Reach RS2+ Survey Kit<\/title>\n<meta name=\"description\" content=\"Kit of\u00a0 two Emlid Reach RS2+ GNSS receivers (Base and Rover) for maximum precision and accuraty. Suitable to work interchangeably as Base or Rover, in surveying, mapping and navigation projects.\" \/>\n<meta name=\"robots\" content=\"index, follow, max-snippet:-1, max-image-preview:large, max-video-preview:-1\" \/>\n<link rel=\"canonical\" href=\"https:\/\/www.ghostysky.com\/es\/producto-2\/emlid-reach-rs2-survey-kit\/\" \/>\n<meta property=\"og:locale\" content=\"es_ES\" \/>\n<meta property=\"og:type\" content=\"article\" \/>\n<meta property=\"og:title\" content=\"Emlid Reach RS2+ Survey Kit\" \/>\n<meta property=\"og:description\" content=\"Kit of\u00a0 two Emlid Reach RS2+ GNSS receivers (Base and Rover) for maximum precision and accuraty. Suitable to work interchangeably as Base or Rover, in surveying, mapping and navigation projects.\" \/>\n<meta property=\"og:url\" content=\"https:\/\/www.ghostysky.com\/es\/producto-2\/emlid-reach-rs2-survey-kit\/\" \/>\n<meta property=\"og:site_name\" content=\"Ghostysky\" \/>\n<meta property=\"article:publisher\" content=\"https:\/\/www.facebook.com\/people\/Ghostysky\/100057676170234\/\" \/>\n<meta property=\"article:modified_time\" content=\"2025-10-14T07:46:15+00:00\" \/>\n<meta property=\"og:image\" content=\"https:\/\/www.ghostysky.com\/wp-content\/uploads\/2023\/08\/emlid-reach-rs2-kit-1.jpg\" \/>\n\t<meta property=\"og:image:width\" content=\"800\" \/>\n\t<meta property=\"og:image:height\" content=\"800\" \/>\n\t<meta property=\"og:image:type\" content=\"image\/jpeg\" \/>\n<meta name=\"twitter:card\" content=\"summary_large_image\" \/>\n<meta name=\"twitter:site\" content=\"@Gh0stysky\" \/>\n<meta name=\"twitter:label1\" content=\"Tiempo de lectura\" \/>\n\t<meta name=\"twitter:data1\" content=\"2 minutos\" \/>\n<script type=\"application\/ld+json\" class=\"yoast-schema-graph\">{\"@context\":\"https:\\\/\\\/schema.org\",\"@graph\":[{\"@type\":\"WebPage\",\"@id\":\"https:\\\/\\\/www.ghostysky.com\\\/product\\\/emlid-reach-rs2-survey-kit\\\/\",\"url\":\"https:\\\/\\\/www.ghostysky.com\\\/product\\\/emlid-reach-rs2-survey-kit\\\/\",\"name\":\"Emlid Reach RS2+ Survey Kit\",\"isPartOf\":{\"@id\":\"https:\\\/\\\/www.ghostysky.com\\\/#website\"},\"primaryImageOfPage\":{\"@id\":\"https:\\\/\\\/www.ghostysky.com\\\/product\\\/emlid-reach-rs2-survey-kit\\\/#primaryimage\"},\"image\":{\"@id\":\"https:\\\/\\\/www.ghostysky.com\\\/product\\\/emlid-reach-rs2-survey-kit\\\/#primaryimage\"},\"thumbnailUrl\":\"https:\\\/\\\/www.ghostysky.com\\\/wp-content\\\/uploads\\\/2023\\\/08\\\/emlid-reach-rs2-kit-1.jpg\",\"datePublished\":\"2023-08-04T16:30:06+00:00\",\"dateModified\":\"2025-10-14T07:46:15+00:00\",\"description\":\"Kit of\u00a0 two Emlid Reach RS2+ GNSS receivers (Base and Rover) for maximum precision and accuraty. Suitable to work interchangeably as Base or Rover, in surveying, mapping and navigation projects.\",\"breadcrumb\":{\"@id\":\"https:\\\/\\\/www.ghostysky.com\\\/product\\\/emlid-reach-rs2-survey-kit\\\/#breadcrumb\"},\"inLanguage\":\"es\",\"potentialAction\":[{\"@type\":\"ReadAction\",\"target\":[\"https:\\\/\\\/www.ghostysky.com\\\/product\\\/emlid-reach-rs2-survey-kit\\\/\"]}]},{\"@type\":\"ImageObject\",\"inLanguage\":\"es\",\"@id\":\"https:\\\/\\\/www.ghostysky.com\\\/product\\\/emlid-reach-rs2-survey-kit\\\/#primaryimage\",\"url\":\"https:\\\/\\\/www.ghostysky.com\\\/wp-content\\\/uploads\\\/2023\\\/08\\\/emlid-reach-rs2-kit-1.jpg\",\"contentUrl\":\"https:\\\/\\\/www.ghostysky.com\\\/wp-content\\\/uploads\\\/2023\\\/08\\\/emlid-reach-rs2-kit-1.jpg\",\"width\":800,\"height\":800},{\"@type\":\"BreadcrumbList\",\"@id\":\"https:\\\/\\\/www.ghostysky.com\\\/product\\\/emlid-reach-rs2-survey-kit\\\/#breadcrumb\",\"itemListElement\":[{\"@type\":\"ListItem\",\"position\":1,\"name\":\"Home\",\"item\":\"https:\\\/\\\/www.ghostysky.com\\\/\"},{\"@type\":\"ListItem\",\"position\":2,\"name\":\"Shop\",\"item\":\"https:\\\/\\\/www.ghostysky.com\\\/shop\\\/\"},{\"@type\":\"ListItem\",\"position\":3,\"name\":\"Emlid Reach RS2+ Survey Kit\"}]},{\"@type\":\"WebSite\",\"@id\":\"https:\\\/\\\/www.ghostysky.com\\\/#website\",\"url\":\"https:\\\/\\\/www.ghostysky.com\\\/\",\"name\":\"Ghostysky\",\"description\":\"Delivering professional drones and robotics solutions\",\"publisher\":{\"@id\":\"https:\\\/\\\/www.ghostysky.com\\\/#organization\"},\"potentialAction\":[{\"@type\":\"SearchAction\",\"target\":{\"@type\":\"EntryPoint\",\"urlTemplate\":\"https:\\\/\\\/www.ghostysky.com\\\/?s={search_term_string}\"},\"query-input\":{\"@type\":\"PropertyValueSpecification\",\"valueRequired\":true,\"valueName\":\"search_term_string\"}}],\"inLanguage\":\"es\"},{\"@type\":\"Organization\",\"@id\":\"https:\\\/\\\/www.ghostysky.com\\\/#organization\",\"name\":\"Ghostysky\",\"url\":\"https:\\\/\\\/www.ghostysky.com\\\/\",\"logo\":{\"@type\":\"ImageObject\",\"inLanguage\":\"es\",\"@id\":\"https:\\\/\\\/www.ghostysky.com\\\/#\\\/schema\\\/logo\\\/image\\\/\",\"url\":\"https:\\\/\\\/www.ghostysky.com\\\/wp-content\\\/uploads\\\/2020\\\/06\\\/cropped-ghostyskylogo_text_white2.png\",\"contentUrl\":\"https:\\\/\\\/www.ghostysky.com\\\/wp-content\\\/uploads\\\/2020\\\/06\\\/cropped-ghostyskylogo_text_white2.png\",\"width\":169,\"height\":56,\"caption\":\"Ghostysky\"},\"image\":{\"@id\":\"https:\\\/\\\/www.ghostysky.com\\\/#\\\/schema\\\/logo\\\/image\\\/\"},\"sameAs\":[\"https:\\\/\\\/www.facebook.com\\\/people\\\/Ghostysky\\\/100057676170234\\\/\",\"https:\\\/\\\/x.com\\\/Gh0stysky\",\"https:\\\/\\\/www.linkedin.com\\\/company\\\/34739653\",\"https:\\\/\\\/www.instagram.com\\\/gh0stysky\"]}]}<\/script>\n<!-- \/ Yoast SEO plugin. -->","yoast_head_json":{"title":"Kit Survey Emlid Reach RS2+","description":"Kit de dos receptores GNSS Emlid Reach RS2+ (Base y Rover) para m\u00e1xima precisi\u00f3n y exactitud. Adecuado para trabajar indistintamente como Base o Rover, en proyectos de topograf\u00eda, cartograf\u00eda y navegaci\u00f3n.","robots":{"index":"index","follow":"follow","max-snippet":"max-snippet:-1","max-image-preview":"max-image-preview:large","max-video-preview":"max-video-preview:-1"},"canonical":"https:\/\/www.ghostysky.com\/es\/producto-2\/emlid-reach-rs2-survey-kit\/","og_locale":"es_ES","og_type":"article","og_title":"Emlid Reach RS2+ Survey Kit","og_description":"Kit of\u00a0 two Emlid Reach RS2+ GNSS receivers (Base and Rover) for maximum precision and accuraty. Suitable to work interchangeably as Base or Rover, in surveying, mapping and navigation projects.","og_url":"https:\/\/www.ghostysky.com\/es\/producto-2\/emlid-reach-rs2-survey-kit\/","og_site_name":"Ghostysky","article_publisher":"https:\/\/www.facebook.com\/people\/Ghostysky\/100057676170234\/","article_modified_time":"2025-10-14T07:46:15+00:00","og_image":[{"width":800,"height":800,"url":"https:\/\/www.ghostysky.com\/wp-content\/uploads\/2023\/08\/emlid-reach-rs2-kit-1.jpg","type":"image\/jpeg"}],"twitter_card":"summary_large_image","twitter_site":"@Gh0stysky","twitter_misc":{"Tiempo de lectura":"2 minutos"},"schema":{"@context":"https:\/\/schema.org","@graph":[{"@type":"WebPage","@id":"https:\/\/www.ghostysky.com\/product\/emlid-reach-rs2-survey-kit\/","url":"https:\/\/www.ghostysky.com\/product\/emlid-reach-rs2-survey-kit\/","name":"Kit Survey Emlid Reach RS2+","isPartOf":{"@id":"https:\/\/www.ghostysky.com\/#website"},"primaryImageOfPage":{"@id":"https:\/\/www.ghostysky.com\/product\/emlid-reach-rs2-survey-kit\/#primaryimage"},"image":{"@id":"https:\/\/www.ghostysky.com\/product\/emlid-reach-rs2-survey-kit\/#primaryimage"},"thumbnailUrl":"https:\/\/www.ghostysky.com\/wp-content\/uploads\/2023\/08\/emlid-reach-rs2-kit-1.jpg","datePublished":"2023-08-04T16:30:06+00:00","dateModified":"2025-10-14T07:46:15+00:00","description":"Kit de dos receptores GNSS Emlid Reach RS2+ (Base y Rover) para m\u00e1xima precisi\u00f3n y exactitud. Adecuado para trabajar indistintamente como Base o Rover, en proyectos de topograf\u00eda, cartograf\u00eda y navegaci\u00f3n.","breadcrumb":{"@id":"https:\/\/www.ghostysky.com\/product\/emlid-reach-rs2-survey-kit\/#breadcrumb"},"inLanguage":"es","potentialAction":[{"@type":"ReadAction","target":["https:\/\/www.ghostysky.com\/product\/emlid-reach-rs2-survey-kit\/"]}]},{"@type":"ImageObject","inLanguage":"es","@id":"https:\/\/www.ghostysky.com\/product\/emlid-reach-rs2-survey-kit\/#primaryimage","url":"https:\/\/www.ghostysky.com\/wp-content\/uploads\/2023\/08\/emlid-reach-rs2-kit-1.jpg","contentUrl":"https:\/\/www.ghostysky.com\/wp-content\/uploads\/2023\/08\/emlid-reach-rs2-kit-1.jpg","width":800,"height":800},{"@type":"BreadcrumbList","@id":"https:\/\/www.ghostysky.com\/product\/emlid-reach-rs2-survey-kit\/#breadcrumb","itemListElement":[{"@type":"ListItem","position":1,"name":"Home","item":"https:\/\/www.ghostysky.com\/"},{"@type":"ListItem","position":2,"name":"Shop","item":"https:\/\/www.ghostysky.com\/shop\/"},{"@type":"ListItem","position":3,"name":"Emlid Reach RS2+ Survey Kit"}]},{"@type":"WebSite","@id":"https:\/\/www.ghostysky.com\/#website","url":"https:\/\/www.ghostysky.com\/","name":"Ghostysky","description":"Ofrecemos soluciones profesionales de drones y rob\u00f3tica.","publisher":{"@id":"https:\/\/www.ghostysky.com\/#organization"},"potentialAction":[{"@type":"SearchAction","target":{"@type":"EntryPoint","urlTemplate":"https:\/\/www.ghostysky.com\/?s={search_term_string}"},"query-input":{"@type":"PropertyValueSpecification","valueRequired":true,"valueName":"search_term_string"}}],"inLanguage":"es"},{"@type":"Organization","@id":"https:\/\/www.ghostysky.com\/#organization","name":"Ghostysky","url":"https:\/\/www.ghostysky.com\/","logo":{"@type":"ImageObject","inLanguage":"es","@id":"https:\/\/www.ghostysky.com\/#\/schema\/logo\/image\/","url":"https:\/\/www.ghostysky.com\/wp-content\/uploads\/2020\/06\/cropped-ghostyskylogo_text_white2.png","contentUrl":"https:\/\/www.ghostysky.com\/wp-content\/uploads\/2020\/06\/cropped-ghostyskylogo_text_white2.png","width":169,"height":56,"caption":"Ghostysky"},"image":{"@id":"https:\/\/www.ghostysky.com\/#\/schema\/logo\/image\/"},"sameAs":["https:\/\/www.facebook.com\/people\/Ghostysky\/100057676170234\/","https:\/\/x.com\/Gh0stysky","https:\/\/www.linkedin.com\/company\/34739653","https:\/\/www.instagram.com\/gh0stysky"]}]}},"_links":{"self":[{"href":"https:\/\/www.ghostysky.com\/es\/wp-json\/wp\/v2\/product\/11968","targetHints":{"allow":["GET"]}}],"collection":[{"href":"https:\/\/www.ghostysky.com\/es\/wp-json\/wp\/v2\/product"}],"about":[{"href":"https:\/\/www.ghostysky.com\/es\/wp-json\/wp\/v2\/types\/product"}],"replies":[{"embeddable":true,"href":"https:\/\/www.ghostysky.com\/es\/wp-json\/wp\/v2\/comments?post=11968"}],"version-history":[{"count":0,"href":"https:\/\/www.ghostysky.com\/es\/wp-json\/wp\/v2\/product\/11968\/revisions"}],"wp:featuredmedia":[{"embeddable":true,"href":"https:\/\/www.ghostysky.com\/es\/wp-json\/wp\/v2\/media\/11973"}],"wp:attachment":[{"href":"https:\/\/www.ghostysky.com\/es\/wp-json\/wp\/v2\/media?parent=11968"}],"wp:term":[{"taxonomy":"product_brand","embeddable":true,"href":"https:\/\/www.ghostysky.com\/es\/wp-json\/wp\/v2\/product_brand?post=11968"},{"taxonomy":"product_cat","embeddable":true,"href":"https:\/\/www.ghostysky.com\/es\/wp-json\/wp\/v2\/product_cat?post=11968"},{"taxonomy":"product_tag","embeddable":true,"href":"https:\/\/www.ghostysky.com\/es\/wp-json\/wp\/v2\/product_tag?post=11968"}],"curies":[{"name":"wp","href":"https:\/\/api.w.org\/{rel}","templated":true}]}}