{"id":11975,"date":"2023-08-04T17:45:18","date_gmt":"2023-08-04T17:45:18","guid":{"rendered":"https:\/\/www.ghostysky.com\/?post_type=product&#038;p=11975"},"modified":"2024-05-26T09:39:22","modified_gmt":"2024-05-26T09:39:22","slug":"dji-mavic-3-series-fly-more-kit","status":"publish","type":"product","link":"https:\/\/www.ghostysky.com\/es\/product\/dji-mavic-3-series-fly-more-kit\/","title":{"rendered":"DJI Mavic Serie 3 Kit Vuela M\u00e1s"},"content":{"rendered":"<h3 class=\"style__title___PyMSD\">Mira m\u00e1s de cerca<\/h3>\n<div class=\"style__body___hRZQQ layout-top-bottom section-container\">\n<article id=\"overview\" class=\"style__tab-content-item___feY-i style__overview-item___+Ra5W style__content-layout-show-hide___dH5fd style__active___z2rnN\">\n<div class=\"style__content-container___5Yesm\">\n<div>\n<div>\n<div class=\"product-detail-temp-specs\">\n<div class=\"temp-specs-table\">\n<div class=\"temp-specs-tbody\">\n<div class=\"temp-specs-tr\">\n<div class=\"temp-specs-td name\"><strong>Descripci\u00f3n general<\/strong><\/div>\n<div class=\"temp-specs-td value\">\n<p>El kit DJI Mavic 3 Fly More incluye dos bater\u00edas de vuelo inteligente, un centro de carga de bater\u00eda de 100 W, un cargador de autom\u00f3vil de 65 W, una bolsa de transporte convertible y h\u00e9lices de bajo ruido, lo que brinda un soporte completo para su experiencia de fotograf\u00eda a\u00e9rea a un mejor precio que comprar estos elementos por separado.<\/p>\n<p><em>1. Bater\u00eda de vuelo inteligente: una bater\u00eda de vuelo inteligente proporciona un tiempo de vuelo m\u00e1ximo de 46 minutos*, lo que le permite explorar m\u00e1s de su entorno y volar con mayor tranquilidad.<\/em><\/p>\n<p><em>2. Centro de carga de bater\u00eda de 100 W: ampl\u00eda la interfaz de carga a tres. El centro de carga de la bater\u00eda mejora la eficiencia al cargar las bater\u00edas en secuencia de acuerdo con su nivel de energ\u00eda restante, y las bater\u00edas m\u00e1s completamente cargadas reciben energ\u00eda primero.<\/em><\/p>\n<p><em>3. Cargador para autom\u00f3vil de 65 W: imprescindible para llevar, el cargador para autom\u00f3vil de 65 W puede cargar diferentes dispositivos en el autom\u00f3vil. Proporciona una potencia de salida estable de 65 W y dos puertos de salida (USB-C y USB-A) para cargar la bater\u00eda de vuelo inteligente y el control remoto al mismo tiempo. Tambi\u00e9n es compatible con los protocolos PPS y PD para cargar su tel\u00e9fono inteligente, computadora port\u00e1til y otros dispositivos.<\/em><\/p>\n<p><em>4. H\u00e9lices de bajo ruido: cada pala de la h\u00e9lice ha sido sometida a pruebas precisas de equilibrio din\u00e1mico para aumentar la eficiencia aerodin\u00e1mica y generar menos ruido.<\/em><\/p>\n<p><em>5. Bolsa de transporte convertible: esta bolsa bien dise\u00f1ada se puede usar como bandolera o como mochila para satisfacer sus necesidades en viajes cortos.<\/em><\/p>\n<\/div>\n<\/div>\n<div class=\"temp-specs-tr\">\n<div class=\"temp-specs-td name\">Consejos<\/div>\n<div class=\"temp-specs-td value\">\n<p>* Medido por Mavic 3 Classic volando a una velocidad constante de 32,4 kph en un entorno sin viento al nivel del mar hasta que la bater\u00eda alcanz\u00f3 0%. Los datos son solo para referencia.<\/p>\n<\/div>\n<\/div>\n<div class=\"temp-specs-tr\">\n<div class=\"temp-specs-td name\"><strong>En el cuadro<\/strong><\/div>\n<div class=\"temp-specs-td value\">\n<ul>\n<li>Bater\u00eda de vuelo inteligente DJI Mavic 3 \u00d7 2<\/li>\n<li>Concentrador de carga de bater\u00eda DJI Mavic 3 100W \u00d7 1<\/li>\n<li>Cargador de coche DJI 65W \u00d7 1<\/li>\n<li>H\u00e9lices de bajo ruido DJI Mavic 3 (par) \u00d7 3<\/li>\n<li>Bolsa de transporte convertible DJI \u00d7 1<\/li>\n<\/ul>\n<\/div>\n<\/div>\n<div class=\"temp-specs-tr\">\n<div class=\"temp-specs-td name\"><strong>Compatibilidad<\/strong><\/div>\n<div class=\"temp-specs-td value\">\n<ul>\n<li>DJI Mavic 3 Cl\u00e1sico<\/li>\n<li>DJI Mavic 3<\/li>\n<li>Cine DJI Mavic 3<\/li>\n<\/ul>\n<\/div>\n<\/div>\n<\/div>\n<\/div>\n<\/div>\n<\/div>\n<\/div>\n<\/div>\n<\/article>\n<\/div>","protected":false},"excerpt":{"rendered":"<p>Compre juntos y ahorre. Incluye dos bater\u00edas, un concentrador de carga de bater\u00edas de 100 W, un cargador para autom\u00f3vil de 65 W, una bolsa de transporte convertible y h\u00e9lices.<\/p>","protected":false},"featured_media":11977,"comment_status":"open","ping_status":"closed","template":"","meta":[],"product_brand":[],"product_cat":[430,781,785,752,37,429,29,779,784],"product_tag":[535,435],"class_list":{"0":"post-11975","1":"product","2":"type-product","3":"status-publish","4":"has-post-thumbnail","6":"product_cat-accessories-dji-mavic3-ent","7":"product_cat-accessories-mavic-3-classic","8":"product_cat-accessories-mavic-3-pro","9":"product_cat-aerial-photography","10":"product_cat-dji","11":"product_cat-dji-mavic3-ent","12":"product_cat-drones","13":"product_cat-mavic-3-classic","14":"product_cat-mavic-3-pro","15":"product_tag-dji-mavic-3-series-fly-more-kit","16":"product_tag-dji-mavic3-accessories","18":"first","19":"instock","20":"taxable","21":"shipping-taxable","22":"purchasable","23":"product-type-simple"},"yoast_head":"<!-- This site is optimized with the Yoast SEO plugin v27.1.1 - https:\/\/yoast.com\/product\/yoast-seo-wordpress\/ -->\n<title>DJI Mavic 3 Series Fly More Kit<\/title>\n<meta name=\"description\" content=\"The DJI Mavic 3 Fly More Kit includes two Intelligent Flight Batteries, a 100W Battery Charging Hub, a 65W Car Charger, a Convertible Carrying Bag, and Low-Noise Propellers, providing comprehensive support for your aerial photography experience at a better price than buying these items separately.\" \/>\n<meta name=\"robots\" content=\"index, follow, max-snippet:-1, max-image-preview:large, max-video-preview:-1\" \/>\n<link rel=\"canonical\" href=\"https:\/\/www.ghostysky.com\/es\/producto-2\/dji-mavic-3-series-fly-more-kit\/\" \/>\n<meta property=\"og:locale\" content=\"es_ES\" \/>\n<meta property=\"og:type\" content=\"article\" \/>\n<meta property=\"og:title\" content=\"DJI Mavic 3 Series Fly More Kit\" \/>\n<meta property=\"og:description\" content=\"The DJI Mavic 3 Fly More Kit includes two Intelligent Flight Batteries, a 100W Battery Charging Hub, a 65W Car Charger, a Convertible Carrying Bag, and Low-Noise Propellers, providing comprehensive support for your aerial photography experience at a better price than buying these items separately.\" \/>\n<meta property=\"og:url\" content=\"https:\/\/www.ghostysky.com\/es\/producto-2\/dji-mavic-3-series-fly-more-kit\/\" \/>\n<meta property=\"og:site_name\" content=\"Ghostysky\" \/>\n<meta property=\"article:publisher\" content=\"https:\/\/www.facebook.com\/people\/Ghostysky\/100057676170234\/\" \/>\n<meta property=\"article:modified_time\" content=\"2024-05-26T09:39:22+00:00\" \/>\n<meta property=\"og:image\" content=\"https:\/\/www.ghostysky.com\/wp-content\/uploads\/2023\/08\/DJI-Fly-More-Kit-scaled.jpg\" \/>\n\t<meta property=\"og:image:width\" content=\"2560\" \/>\n\t<meta property=\"og:image:height\" content=\"1707\" \/>\n\t<meta property=\"og:image:type\" content=\"image\/jpeg\" \/>\n<meta name=\"twitter:card\" content=\"summary_large_image\" \/>\n<meta name=\"twitter:site\" content=\"@Gh0stysky\" \/>\n<meta name=\"twitter:label1\" content=\"Tiempo de lectura\" \/>\n\t<meta name=\"twitter:data1\" content=\"2 minutos\" \/>\n<script type=\"application\/ld+json\" class=\"yoast-schema-graph\">{\"@context\":\"https:\/\/schema.org\",\"@graph\":[{\"@type\":\"WebPage\",\"@id\":\"https:\/\/www.ghostysky.com\/product\/dji-mavic-3-series-fly-more-kit\/\",\"url\":\"https:\/\/www.ghostysky.com\/product\/dji-mavic-3-series-fly-more-kit\/\",\"name\":\"DJI Mavic 3 Series Fly More Kit\",\"isPartOf\":{\"@id\":\"https:\/\/www.ghostysky.com\/#website\"},\"primaryImageOfPage\":{\"@id\":\"https:\/\/www.ghostysky.com\/product\/dji-mavic-3-series-fly-more-kit\/#primaryimage\"},\"image\":{\"@id\":\"https:\/\/www.ghostysky.com\/product\/dji-mavic-3-series-fly-more-kit\/#primaryimage\"},\"thumbnailUrl\":\"https:\/\/www.ghostysky.com\/wp-content\/uploads\/2023\/08\/DJI-Fly-More-Kit-scaled.jpg\",\"datePublished\":\"2023-08-04T17:45:18+00:00\",\"dateModified\":\"2024-05-26T09:39:22+00:00\",\"description\":\"The DJI Mavic 3 Fly More Kit includes two Intelligent Flight Batteries, a 100W Battery Charging Hub, a 65W Car Charger, a Convertible Carrying Bag, and Low-Noise Propellers, providing comprehensive support for your aerial photography experience at a better price than buying these items separately.\",\"breadcrumb\":{\"@id\":\"https:\/\/www.ghostysky.com\/product\/dji-mavic-3-series-fly-more-kit\/#breadcrumb\"},\"inLanguage\":\"es\",\"potentialAction\":[{\"@type\":\"ReadAction\",\"target\":[\"https:\/\/www.ghostysky.com\/product\/dji-mavic-3-series-fly-more-kit\/\"]}]},{\"@type\":\"ImageObject\",\"inLanguage\":\"es\",\"@id\":\"https:\/\/www.ghostysky.com\/product\/dji-mavic-3-series-fly-more-kit\/#primaryimage\",\"url\":\"https:\/\/www.ghostysky.com\/wp-content\/uploads\/2023\/08\/DJI-Fly-More-Kit-scaled.jpg\",\"contentUrl\":\"https:\/\/www.ghostysky.com\/wp-content\/uploads\/2023\/08\/DJI-Fly-More-Kit-scaled.jpg\",\"width\":2560,\"height\":1707},{\"@type\":\"BreadcrumbList\",\"@id\":\"https:\/\/www.ghostysky.com\/product\/dji-mavic-3-series-fly-more-kit\/#breadcrumb\",\"itemListElement\":[{\"@type\":\"ListItem\",\"position\":1,\"name\":\"Home\",\"item\":\"https:\/\/www.ghostysky.com\/\"},{\"@type\":\"ListItem\",\"position\":2,\"name\":\"Shop\",\"item\":\"https:\/\/www.ghostysky.com\/shop\/\"},{\"@type\":\"ListItem\",\"position\":3,\"name\":\"DJI Mavic 3 Series Fly More Kit\"}]},{\"@type\":\"WebSite\",\"@id\":\"https:\/\/www.ghostysky.com\/#website\",\"url\":\"https:\/\/www.ghostysky.com\/\",\"name\":\"Ghostysky\",\"description\":\"Delivering professional drones and services\",\"publisher\":{\"@id\":\"https:\/\/www.ghostysky.com\/#organization\"},\"potentialAction\":[{\"@type\":\"SearchAction\",\"target\":{\"@type\":\"EntryPoint\",\"urlTemplate\":\"https:\/\/www.ghostysky.com\/?s={search_term_string}\"},\"query-input\":{\"@type\":\"PropertyValueSpecification\",\"valueRequired\":true,\"valueName\":\"search_term_string\"}}],\"inLanguage\":\"es\"},{\"@type\":\"Organization\",\"@id\":\"https:\/\/www.ghostysky.com\/#organization\",\"name\":\"Ghostysky\",\"url\":\"https:\/\/www.ghostysky.com\/\",\"logo\":{\"@type\":\"ImageObject\",\"inLanguage\":\"es\",\"@id\":\"https:\/\/www.ghostysky.com\/#\/schema\/logo\/image\/\",\"url\":\"https:\/\/www.ghostysky.com\/wp-content\/uploads\/2020\/06\/cropped-ghostyskylogo_text_white2.png\",\"contentUrl\":\"https:\/\/www.ghostysky.com\/wp-content\/uploads\/2020\/06\/cropped-ghostyskylogo_text_white2.png\",\"width\":169,\"height\":56,\"caption\":\"Ghostysky\"},\"image\":{\"@id\":\"https:\/\/www.ghostysky.com\/#\/schema\/logo\/image\/\"},\"sameAs\":[\"https:\/\/www.facebook.com\/people\/Ghostysky\/100057676170234\/\",\"https:\/\/x.com\/Gh0stysky\",\"https:\/\/www.linkedin.com\/company\/34739653\",\"https:\/\/www.instagram.com\/gh0stysky\"]}]}<\/script>\n<!-- \/ Yoast SEO plugin. -->","yoast_head_json":{"title":"DJI Mavic Serie 3 Kit Vuela M\u00e1s","description":"El kit DJI Mavic 3 Fly More incluye dos bater\u00edas de vuelo inteligente, un centro de carga de bater\u00eda de 100 W, un cargador de autom\u00f3vil de 65 W, una bolsa de transporte convertible y h\u00e9lices de bajo ruido, lo que brinda un soporte completo para su experiencia de fotograf\u00eda a\u00e9rea a un mejor precio que comprar estos elementos por separado.","robots":{"index":"index","follow":"follow","max-snippet":"max-snippet:-1","max-image-preview":"max-image-preview:large","max-video-preview":"max-video-preview:-1"},"canonical":"https:\/\/www.ghostysky.com\/es\/producto-2\/dji-mavic-3-series-fly-more-kit\/","og_locale":"es_ES","og_type":"article","og_title":"DJI Mavic 3 Series Fly More Kit","og_description":"The DJI Mavic 3 Fly More Kit includes two Intelligent Flight Batteries, a 100W Battery Charging Hub, a 65W Car Charger, a Convertible Carrying Bag, and Low-Noise Propellers, providing comprehensive support for your aerial photography experience at a better price than buying these items separately.","og_url":"https:\/\/www.ghostysky.com\/es\/producto-2\/dji-mavic-3-series-fly-more-kit\/","og_site_name":"Ghostysky","article_publisher":"https:\/\/www.facebook.com\/people\/Ghostysky\/100057676170234\/","article_modified_time":"2024-05-26T09:39:22+00:00","og_image":[{"width":2560,"height":1707,"url":"https:\/\/www.ghostysky.com\/wp-content\/uploads\/2023\/08\/DJI-Fly-More-Kit-scaled.jpg","type":"image\/jpeg"}],"twitter_card":"summary_large_image","twitter_site":"@Gh0stysky","twitter_misc":{"Tiempo de lectura":"2 minutos"},"schema":{"@context":"https:\/\/schema.org","@graph":[{"@type":"WebPage","@id":"https:\/\/www.ghostysky.com\/product\/dji-mavic-3-series-fly-more-kit\/","url":"https:\/\/www.ghostysky.com\/product\/dji-mavic-3-series-fly-more-kit\/","name":"DJI Mavic Serie 3 Kit Vuela M\u00e1s","isPartOf":{"@id":"https:\/\/www.ghostysky.com\/#website"},"primaryImageOfPage":{"@id":"https:\/\/www.ghostysky.com\/product\/dji-mavic-3-series-fly-more-kit\/#primaryimage"},"image":{"@id":"https:\/\/www.ghostysky.com\/product\/dji-mavic-3-series-fly-more-kit\/#primaryimage"},"thumbnailUrl":"https:\/\/www.ghostysky.com\/wp-content\/uploads\/2023\/08\/DJI-Fly-More-Kit-scaled.jpg","datePublished":"2023-08-04T17:45:18+00:00","dateModified":"2024-05-26T09:39:22+00:00","description":"El kit DJI Mavic 3 Fly More incluye dos bater\u00edas de vuelo inteligente, un centro de carga de bater\u00eda de 100 W, un cargador de autom\u00f3vil de 65 W, una bolsa de transporte convertible y h\u00e9lices de bajo ruido, lo que brinda un soporte completo para su experiencia de fotograf\u00eda a\u00e9rea a un mejor precio que comprar estos elementos por separado.","breadcrumb":{"@id":"https:\/\/www.ghostysky.com\/product\/dji-mavic-3-series-fly-more-kit\/#breadcrumb"},"inLanguage":"es","potentialAction":[{"@type":"ReadAction","target":["https:\/\/www.ghostysky.com\/product\/dji-mavic-3-series-fly-more-kit\/"]}]},{"@type":"ImageObject","inLanguage":"es","@id":"https:\/\/www.ghostysky.com\/product\/dji-mavic-3-series-fly-more-kit\/#primaryimage","url":"https:\/\/www.ghostysky.com\/wp-content\/uploads\/2023\/08\/DJI-Fly-More-Kit-scaled.jpg","contentUrl":"https:\/\/www.ghostysky.com\/wp-content\/uploads\/2023\/08\/DJI-Fly-More-Kit-scaled.jpg","width":2560,"height":1707},{"@type":"BreadcrumbList","@id":"https:\/\/www.ghostysky.com\/product\/dji-mavic-3-series-fly-more-kit\/#breadcrumb","itemListElement":[{"@type":"ListItem","position":1,"name":"Home","item":"https:\/\/www.ghostysky.com\/"},{"@type":"ListItem","position":2,"name":"Shop","item":"https:\/\/www.ghostysky.com\/shop\/"},{"@type":"ListItem","position":3,"name":"DJI Mavic 3 Series Fly More Kit"}]},{"@type":"WebSite","@id":"https:\/\/www.ghostysky.com\/#website","url":"https:\/\/www.ghostysky.com\/","name":"Ghostysky","description":"Entrega de drones y servicios profesionales","publisher":{"@id":"https:\/\/www.ghostysky.com\/#organization"},"potentialAction":[{"@type":"SearchAction","target":{"@type":"EntryPoint","urlTemplate":"https:\/\/www.ghostysky.com\/?s={search_term_string}"},"query-input":{"@type":"PropertyValueSpecification","valueRequired":true,"valueName":"search_term_string"}}],"inLanguage":"es"},{"@type":"Organization","@id":"https:\/\/www.ghostysky.com\/#organization","name":"Ghostysky","url":"https:\/\/www.ghostysky.com\/","logo":{"@type":"ImageObject","inLanguage":"es","@id":"https:\/\/www.ghostysky.com\/#\/schema\/logo\/image\/","url":"https:\/\/www.ghostysky.com\/wp-content\/uploads\/2020\/06\/cropped-ghostyskylogo_text_white2.png","contentUrl":"https:\/\/www.ghostysky.com\/wp-content\/uploads\/2020\/06\/cropped-ghostyskylogo_text_white2.png","width":169,"height":56,"caption":"Ghostysky"},"image":{"@id":"https:\/\/www.ghostysky.com\/#\/schema\/logo\/image\/"},"sameAs":["https:\/\/www.facebook.com\/people\/Ghostysky\/100057676170234\/","https:\/\/x.com\/Gh0stysky","https:\/\/www.linkedin.com\/company\/34739653","https:\/\/www.instagram.com\/gh0stysky"]}]}},"_links":{"self":[{"href":"https:\/\/www.ghostysky.com\/es\/wp-json\/wp\/v2\/product\/11975","targetHints":{"allow":["GET"]}}],"collection":[{"href":"https:\/\/www.ghostysky.com\/es\/wp-json\/wp\/v2\/product"}],"about":[{"href":"https:\/\/www.ghostysky.com\/es\/wp-json\/wp\/v2\/types\/product"}],"replies":[{"embeddable":true,"href":"https:\/\/www.ghostysky.com\/es\/wp-json\/wp\/v2\/comments?post=11975"}],"wp:featuredmedia":[{"embeddable":true,"href":"https:\/\/www.ghostysky.com\/es\/wp-json\/wp\/v2\/media\/11977"}],"wp:attachment":[{"href":"https:\/\/www.ghostysky.com\/es\/wp-json\/wp\/v2\/media?parent=11975"}],"wp:term":[{"taxonomy":"product_brand","embeddable":true,"href":"https:\/\/www.ghostysky.com\/es\/wp-json\/wp\/v2\/product_brand?post=11975"},{"taxonomy":"product_cat","embeddable":true,"href":"https:\/\/www.ghostysky.com\/es\/wp-json\/wp\/v2\/product_cat?post=11975"},{"taxonomy":"product_tag","embeddable":true,"href":"https:\/\/www.ghostysky.com\/es\/wp-json\/wp\/v2\/product_tag?post=11975"}],"curies":[{"name":"wp","href":"https:\/\/api.w.org\/{rel}","templated":true}]}}