{"id":1199,"date":"2020-06-29T08:03:30","date_gmt":"2020-06-29T08:03:30","guid":{"rendered":"http:\/\/stghosty.pt\/?post_type=product&#038;p=1199"},"modified":"2024-01-08T11:24:33","modified_gmt":"2024-01-08T11:24:33","slug":"wingtraone-vtol","status":"publish","type":"product","link":"https:\/\/www.ghostysky.com\/es\/product\/wingtraone-vtol\/","title":{"rendered":"WingtraOne GENII VTOL"},"content":{"rendered":"<p>El Wingtra GENII PPK VTOL es un dron de ala fija totalmente aut\u00f3nomo dise\u00f1ado espec\u00edficamente para aplicaciones topogr\u00e1ficas de larga distancia. Totalmente aut\u00f3nomo, el Wingtra permite planificar previamente un vuelo a trav\u00e9s del software inteligente WingtraPilot. Con solo tocar un bot\u00f3n, el Wingtra est\u00e1 en el aire y captura autom\u00e1ticamente los datos topogr\u00e1ficos.<\/p>\n<p class=\"translation-block\">Por ejemplo, en un solo vuelo de una hora, el WingtraOne puede cubrir 130 ha (320 ac), lo que equivale a 240 campos de f\u00fatbol y entregar mapas a GSD por debajo de 1 cm\/px (0,4 in\/px) con una precisi\u00f3n absoluta de hasta 1 cm (0,4 pulgadas).<br> A diferencia de otros drones de ala fija disponibles, el WingraOne puede despegar verticalmente como un cuadric\u00f3ptero, incluso en terrenos dif\u00edciles. Esto elimina la necesidad de lanzar manualmente la aeronave o usar catapultas, lo que convierte al Wingtra en una soluci\u00f3n ideal para usar en lugares con \u00e1reas de despegue confinadas.<\/p>\n<p>Capaz de volar hasta 59 minutos, el Wingtra est\u00e1 hecho a medida para cubrir grandes distancias de hasta 400 ha a 3 cm\/px. El Wingtra VTOL es compatible con una variedad de cargas \u00fatiles, incluidas Sony QX1, Sony RX1RII y Micasense RedEdge.<br \/>\n<br style=\"\u201cline-height: 1;\" \/><strong>Estad\u00edsticas clave de precisi\u00f3n:<\/strong><\/p>\n<ul>\n<li>Hasta 0,7 cm\/p\u00edxel GSD<\/li>\n<li>Hasta 1 cm de precisi\u00f3n absoluta<\/li>\n<li>Cubre 400 ha a 3 cm\/px GSD<\/li>\n<li>Hands-off: verdaderamente seguro y f\u00e1cil de usar<\/li>\n<\/ul>\n<p><strong>El Wingtra VTOL es adecuado para las siguientes aplicaciones:<\/strong><\/p>\n<ul>\n<li>Agrimensura<\/li>\n<li>Agricultura de precisi\u00f3n<\/li>\n<li>Inspecci\u00f3n de infraestructura<\/li>\n<\/ul>\n<h4>Contenido<\/h4>\n<ul>\n<li>Dron x1 WingtraOne GEN II<\/li>\n<li>x1 funda de transporte<\/li>\n<li>x1 Estuche de transporte para accesorios (caja piloto)<\/li>\n<li>Tableta x1 que incluye el software de planificaci\u00f3n de vuelos WingtraPilot<\/li>\n<li>M\u00f3dulo de telemetr\u00eda x1 (2,4 Ghz)<\/li>\n<li>x2 pares de bater\u00edas<\/li>\n<li>x1 estaci\u00f3n de carga<\/li>\n<li>Anem\u00f3metro x1<\/li>\n<li>Adaptador de tarjeta SD x1<\/li>\n<li>Lector de tarjetas Micro SD x1<\/li>\n<li>x1 Par de caballetes laterales<\/li>\n<li>x1 soporte medio<\/li>\n<li>x1 destornillador Torx T10<\/li>\n<li>1 llave Torx T10.<\/li>\n<\/ul>","protected":false},"excerpt":{"rendered":"<p>WingtraOne GENII es un dron topogr\u00e1fico profesional VTOL (despegue y aterrizaje vertical). El conjunto \u00fanico de caracter\u00edsticas de WingtraOne GEN II le permite minimizar su tiempo de vuelo y hacer m\u00e1s trabajo, ya sea otro proyecto en el campo o analizar sus datos en la oficina. WingtraOne GENII ofrece una gran cobertura, alta resoluci\u00f3n y precisi\u00f3n de hasta 1 cm (0,4 pulgadas).<\/p>\n<hr \/>","protected":false},"featured_media":2924,"comment_status":"open","ping_status":"closed","template":"","meta":[],"product_brand":[],"product_cat":[29,306,36],"product_tag":[425,424,38,423,426,422,41,39,40],"class_list":{"0":"post-1199","1":"product","2":"type-product","3":"status-publish","4":"has-post-thumbnail","6":"product_cat-drones","7":"product_cat-drones-wingtra","8":"product_cat-wingtraone","9":"product_tag-agriculture-field","10":"product_tag-construction","11":"product_tag-drone","12":"product_tag-mining-aggregates","13":"product_tag-researchenvironment","14":"product_tag-surveying-gis","15":"product_tag-vtol","16":"product_tag-wingtra","17":"product_tag-wingtraone","19":"first","20":"instock","21":"taxable","22":"shipping-taxable","23":"product-type-simple"},"yoast_head":"<!-- This site is optimized with the Yoast SEO plugin v27.1.1 - https:\/\/yoast.com\/product\/yoast-seo-wordpress\/ -->\n<title>WingtraOne GENII VTOL -<\/title>\n<meta name=\"description\" content=\"WingtraOne GENII\u00b4s is a professional VTOL (vertical take off and landing) surveying drone. It minimizes your time flight and get more work done.\" \/>\n<meta name=\"robots\" content=\"index, follow, max-snippet:-1, max-image-preview:large, max-video-preview:-1\" \/>\n<link rel=\"canonical\" href=\"https:\/\/www.ghostysky.com\/es\/producto-2\/wingtraone-vtol\/\" \/>\n<meta property=\"og:locale\" content=\"es_ES\" \/>\n<meta property=\"og:type\" content=\"article\" \/>\n<meta property=\"og:title\" content=\"WingtraOne GENII VTOL -\" \/>\n<meta property=\"og:description\" content=\"WingtraOne GENII\u00b4s is a professional VTOL (vertical take off and landing) surveying drone. It minimizes your time flight and get more work done.\" \/>\n<meta property=\"og:url\" content=\"https:\/\/www.ghostysky.com\/es\/producto-2\/wingtraone-vtol\/\" \/>\n<meta property=\"og:site_name\" content=\"Ghostysky\" \/>\n<meta property=\"article:publisher\" content=\"https:\/\/www.facebook.com\/people\/Ghostysky\/100057676170234\/\" \/>\n<meta property=\"article:modified_time\" content=\"2024-01-08T11:24:33+00:00\" \/>\n<meta property=\"og:image\" content=\"https:\/\/www.ghostysky.com\/wp-content\/uploads\/2020\/06\/WingtraGen2.jpg\" \/>\n\t<meta property=\"og:image:width\" content=\"725\" \/>\n\t<meta property=\"og:image:height\" content=\"433\" \/>\n\t<meta property=\"og:image:type\" content=\"image\/jpeg\" \/>\n<meta name=\"twitter:card\" content=\"summary_large_image\" \/>\n<meta name=\"twitter:site\" content=\"@Gh0stysky\" \/>\n<meta name=\"twitter:label1\" content=\"Tiempo de lectura\" \/>\n\t<meta name=\"twitter:data1\" content=\"2 minutos\" \/>\n<script type=\"application\/ld+json\" class=\"yoast-schema-graph\">{\"@context\":\"https:\/\/schema.org\",\"@graph\":[{\"@type\":\"WebPage\",\"@id\":\"https:\/\/www.ghostysky.com\/product\/wingtraone-vtol\/\",\"url\":\"https:\/\/www.ghostysky.com\/product\/wingtraone-vtol\/\",\"name\":\"WingtraOne GENII VTOL -\",\"isPartOf\":{\"@id\":\"https:\/\/www.ghostysky.com\/#website\"},\"primaryImageOfPage\":{\"@id\":\"https:\/\/www.ghostysky.com\/product\/wingtraone-vtol\/#primaryimage\"},\"image\":{\"@id\":\"https:\/\/www.ghostysky.com\/product\/wingtraone-vtol\/#primaryimage\"},\"thumbnailUrl\":\"https:\/\/www.ghostysky.com\/wp-content\/uploads\/2020\/06\/WingtraGen2.jpg\",\"datePublished\":\"2020-06-29T08:03:30+00:00\",\"dateModified\":\"2024-01-08T11:24:33+00:00\",\"description\":\"WingtraOne GENII\u00b4s is a professional VTOL (vertical take off and landing) surveying drone. It minimizes your time flight and get more work done.\",\"breadcrumb\":{\"@id\":\"https:\/\/www.ghostysky.com\/product\/wingtraone-vtol\/#breadcrumb\"},\"inLanguage\":\"es\",\"potentialAction\":[{\"@type\":\"ReadAction\",\"target\":[\"https:\/\/www.ghostysky.com\/product\/wingtraone-vtol\/\"]}]},{\"@type\":\"ImageObject\",\"inLanguage\":\"es\",\"@id\":\"https:\/\/www.ghostysky.com\/product\/wingtraone-vtol\/#primaryimage\",\"url\":\"https:\/\/www.ghostysky.com\/wp-content\/uploads\/2020\/06\/WingtraGen2.jpg\",\"contentUrl\":\"https:\/\/www.ghostysky.com\/wp-content\/uploads\/2020\/06\/WingtraGen2.jpg\",\"width\":725,\"height\":433},{\"@type\":\"BreadcrumbList\",\"@id\":\"https:\/\/www.ghostysky.com\/product\/wingtraone-vtol\/#breadcrumb\",\"itemListElement\":[{\"@type\":\"ListItem\",\"position\":1,\"name\":\"Home\",\"item\":\"https:\/\/www.ghostysky.com\/\"},{\"@type\":\"ListItem\",\"position\":2,\"name\":\"Shop\",\"item\":\"https:\/\/www.ghostysky.com\/shop\/\"},{\"@type\":\"ListItem\",\"position\":3,\"name\":\"WingtraOne GENII VTOL\"}]},{\"@type\":\"WebSite\",\"@id\":\"https:\/\/www.ghostysky.com\/#website\",\"url\":\"https:\/\/www.ghostysky.com\/\",\"name\":\"Ghostysky\",\"description\":\"Delivering professional drones and services\",\"publisher\":{\"@id\":\"https:\/\/www.ghostysky.com\/#organization\"},\"potentialAction\":[{\"@type\":\"SearchAction\",\"target\":{\"@type\":\"EntryPoint\",\"urlTemplate\":\"https:\/\/www.ghostysky.com\/?s={search_term_string}\"},\"query-input\":{\"@type\":\"PropertyValueSpecification\",\"valueRequired\":true,\"valueName\":\"search_term_string\"}}],\"inLanguage\":\"es\"},{\"@type\":\"Organization\",\"@id\":\"https:\/\/www.ghostysky.com\/#organization\",\"name\":\"Ghostysky\",\"url\":\"https:\/\/www.ghostysky.com\/\",\"logo\":{\"@type\":\"ImageObject\",\"inLanguage\":\"es\",\"@id\":\"https:\/\/www.ghostysky.com\/#\/schema\/logo\/image\/\",\"url\":\"https:\/\/www.ghostysky.com\/wp-content\/uploads\/2020\/06\/cropped-ghostyskylogo_text_white2.png\",\"contentUrl\":\"https:\/\/www.ghostysky.com\/wp-content\/uploads\/2020\/06\/cropped-ghostyskylogo_text_white2.png\",\"width\":169,\"height\":56,\"caption\":\"Ghostysky\"},\"image\":{\"@id\":\"https:\/\/www.ghostysky.com\/#\/schema\/logo\/image\/\"},\"sameAs\":[\"https:\/\/www.facebook.com\/people\/Ghostysky\/100057676170234\/\",\"https:\/\/x.com\/Gh0stysky\",\"https:\/\/www.linkedin.com\/company\/34739653\",\"https:\/\/www.instagram.com\/gh0stysky\"]}]}<\/script>\n<!-- \/ Yoast SEO plugin. -->","yoast_head_json":{"title":"WingtraOne GENII VTOL -","description":"WingtraOne GENII es un dron topogr\u00e1fico VTOL (despegue y aterrizaje vertical) profesional. Minimiza el tiempo perdido y realiza m\u00e1s trabajo.","robots":{"index":"index","follow":"follow","max-snippet":"max-snippet:-1","max-image-preview":"max-image-preview:large","max-video-preview":"max-video-preview:-1"},"canonical":"https:\/\/www.ghostysky.com\/es\/producto-2\/wingtraone-vtol\/","og_locale":"es_ES","og_type":"article","og_title":"WingtraOne GENII VTOL -","og_description":"WingtraOne GENII\u00b4s is a professional VTOL (vertical take off and landing) surveying drone. It minimizes your time flight and get more work done.","og_url":"https:\/\/www.ghostysky.com\/es\/producto-2\/wingtraone-vtol\/","og_site_name":"Ghostysky","article_publisher":"https:\/\/www.facebook.com\/people\/Ghostysky\/100057676170234\/","article_modified_time":"2024-01-08T11:24:33+00:00","og_image":[{"width":725,"height":433,"url":"https:\/\/www.ghostysky.com\/wp-content\/uploads\/2020\/06\/WingtraGen2.jpg","type":"image\/jpeg"}],"twitter_card":"summary_large_image","twitter_site":"@Gh0stysky","twitter_misc":{"Tiempo de lectura":"2 minutos"},"schema":{"@context":"https:\/\/schema.org","@graph":[{"@type":"WebPage","@id":"https:\/\/www.ghostysky.com\/product\/wingtraone-vtol\/","url":"https:\/\/www.ghostysky.com\/product\/wingtraone-vtol\/","name":"WingtraOne GENII VTOL -","isPartOf":{"@id":"https:\/\/www.ghostysky.com\/#website"},"primaryImageOfPage":{"@id":"https:\/\/www.ghostysky.com\/product\/wingtraone-vtol\/#primaryimage"},"image":{"@id":"https:\/\/www.ghostysky.com\/product\/wingtraone-vtol\/#primaryimage"},"thumbnailUrl":"https:\/\/www.ghostysky.com\/wp-content\/uploads\/2020\/06\/WingtraGen2.jpg","datePublished":"2020-06-29T08:03:30+00:00","dateModified":"2024-01-08T11:24:33+00:00","description":"WingtraOne GENII es un dron topogr\u00e1fico VTOL (despegue y aterrizaje vertical) profesional. Minimiza el tiempo perdido y realiza m\u00e1s trabajo.","breadcrumb":{"@id":"https:\/\/www.ghostysky.com\/product\/wingtraone-vtol\/#breadcrumb"},"inLanguage":"es","potentialAction":[{"@type":"ReadAction","target":["https:\/\/www.ghostysky.com\/product\/wingtraone-vtol\/"]}]},{"@type":"ImageObject","inLanguage":"es","@id":"https:\/\/www.ghostysky.com\/product\/wingtraone-vtol\/#primaryimage","url":"https:\/\/www.ghostysky.com\/wp-content\/uploads\/2020\/06\/WingtraGen2.jpg","contentUrl":"https:\/\/www.ghostysky.com\/wp-content\/uploads\/2020\/06\/WingtraGen2.jpg","width":725,"height":433},{"@type":"BreadcrumbList","@id":"https:\/\/www.ghostysky.com\/product\/wingtraone-vtol\/#breadcrumb","itemListElement":[{"@type":"ListItem","position":1,"name":"Home","item":"https:\/\/www.ghostysky.com\/"},{"@type":"ListItem","position":2,"name":"Shop","item":"https:\/\/www.ghostysky.com\/shop\/"},{"@type":"ListItem","position":3,"name":"WingtraOne GENII VTOL"}]},{"@type":"WebSite","@id":"https:\/\/www.ghostysky.com\/#website","url":"https:\/\/www.ghostysky.com\/","name":"Ghostysky","description":"Entrega de drones y servicios profesionales","publisher":{"@id":"https:\/\/www.ghostysky.com\/#organization"},"potentialAction":[{"@type":"SearchAction","target":{"@type":"EntryPoint","urlTemplate":"https:\/\/www.ghostysky.com\/?s={search_term_string}"},"query-input":{"@type":"PropertyValueSpecification","valueRequired":true,"valueName":"search_term_string"}}],"inLanguage":"es"},{"@type":"Organization","@id":"https:\/\/www.ghostysky.com\/#organization","name":"Ghostysky","url":"https:\/\/www.ghostysky.com\/","logo":{"@type":"ImageObject","inLanguage":"es","@id":"https:\/\/www.ghostysky.com\/#\/schema\/logo\/image\/","url":"https:\/\/www.ghostysky.com\/wp-content\/uploads\/2020\/06\/cropped-ghostyskylogo_text_white2.png","contentUrl":"https:\/\/www.ghostysky.com\/wp-content\/uploads\/2020\/06\/cropped-ghostyskylogo_text_white2.png","width":169,"height":56,"caption":"Ghostysky"},"image":{"@id":"https:\/\/www.ghostysky.com\/#\/schema\/logo\/image\/"},"sameAs":["https:\/\/www.facebook.com\/people\/Ghostysky\/100057676170234\/","https:\/\/x.com\/Gh0stysky","https:\/\/www.linkedin.com\/company\/34739653","https:\/\/www.instagram.com\/gh0stysky"]}]}},"_links":{"self":[{"href":"https:\/\/www.ghostysky.com\/es\/wp-json\/wp\/v2\/product\/1199","targetHints":{"allow":["GET"]}}],"collection":[{"href":"https:\/\/www.ghostysky.com\/es\/wp-json\/wp\/v2\/product"}],"about":[{"href":"https:\/\/www.ghostysky.com\/es\/wp-json\/wp\/v2\/types\/product"}],"replies":[{"embeddable":true,"href":"https:\/\/www.ghostysky.com\/es\/wp-json\/wp\/v2\/comments?post=1199"}],"wp:featuredmedia":[{"embeddable":true,"href":"https:\/\/www.ghostysky.com\/es\/wp-json\/wp\/v2\/media\/2924"}],"wp:attachment":[{"href":"https:\/\/www.ghostysky.com\/es\/wp-json\/wp\/v2\/media?parent=1199"}],"wp:term":[{"taxonomy":"product_brand","embeddable":true,"href":"https:\/\/www.ghostysky.com\/es\/wp-json\/wp\/v2\/product_brand?post=1199"},{"taxonomy":"product_cat","embeddable":true,"href":"https:\/\/www.ghostysky.com\/es\/wp-json\/wp\/v2\/product_cat?post=1199"},{"taxonomy":"product_tag","embeddable":true,"href":"https:\/\/www.ghostysky.com\/es\/wp-json\/wp\/v2\/product_tag?post=1199"}],"curies":[{"name":"wp","href":"https:\/\/api.w.org\/{rel}","templated":true}]}}