{"id":1241,"date":"2020-06-29T11:19:05","date_gmt":"2020-06-29T11:19:05","guid":{"rendered":"http:\/\/stghosty.pt\/?post_type=product&#038;p=1241"},"modified":"2024-10-22T01:24:01","modified_gmt":"2024-10-22T01:24:01","slug":"wingtra-sony-rx1rii-payload-kit","status":"publish","type":"product","link":"https:\/\/www.ghostysky.com\/es\/product\/wingtra-sony-rx1rii-payload-kit\/","title":{"rendered":"Kit de carga \u00fatil Wingtra Sony RX1RII"},"content":{"rendered":"<p><strong>La m\u00e1s alta calidad de datos<\/strong><br \/>\nObtenga im\u00e1genes nadir n\u00edtidas y sin distorsiones con alta densidad de p\u00edxeles, lo que da como resultado un GSD de hasta 0,7 cm\/px y la mejor precisi\u00f3n horizontal absoluta de su clase, de hasta 1 cm (0,4 pulgadas) sin GCP.*<\/p>\n<ul>\n<li>Tipo de sensor: fotograma completo<\/li>\n<li>Resoluci\u00f3n - 42MP<\/li>\n<li>GSD m\u00e1s bajo 0,7 cm\/px<\/li>\n<li>Precisi\u00f3n horizontal absoluta de hasta 1 cm*<\/li>\n<li>Cobertura al m\u00ednimo GSD 100ha** a 57m de altitud<\/li>\n<li>Cobertura a 120m 210ha** a 1,5 cm\/px GSD<\/li>\n<\/ul>","protected":false},"excerpt":{"rendered":"<p><strong>Para levantamientos de alta precisi\u00f3n, el sensor de fotograma completo de 42 MP de Sony garantiza una resoluci\u00f3n de imagen superior para la c\u00e1mara de un dron, mientras que la lente de baja distorsi\u00f3n garantiza los mejores resultados de reconstrucci\u00f3n.<\/strong><\/p>\n<hr \/>","protected":false},"featured_media":2920,"comment_status":"open","ping_status":"closed","template":"","meta":[],"product_brand":[],"product_cat":[167,36],"product_tag":[62,72,75,39,40],"class_list":{"0":"post-1241","1":"product","2":"type-product","3":"status-publish","4":"has-post-thumbnail","6":"product_cat-sensors-wingtraone","7":"product_cat-wingtraone","8":"product_tag-camera","9":"product_tag-rgb-camera","10":"product_tag-sony-rxirii","11":"product_tag-wingtra","12":"product_tag-wingtraone","14":"first","15":"instock","16":"taxable","17":"shipping-taxable","18":"product-type-simple"},"yoast_head":"<!-- This site is optimized with the Yoast SEO plugin v27.1.1 - https:\/\/yoast.com\/product\/yoast-seo-wordpress\/ -->\n<title>Wingtra Sony RX1RII Payload Kit -<\/title>\n<meta name=\"description\" content=\"High accuracy surveys with Sony\u2019s 42 MP full-frame sensor guarantees superior image resolution, while low distortion lens ensures best reconstruction.\" \/>\n<meta name=\"robots\" content=\"index, follow, max-snippet:-1, max-image-preview:large, max-video-preview:-1\" \/>\n<link rel=\"canonical\" href=\"https:\/\/www.ghostysky.com\/es\/producto-2\/wingtra-sony-rx1rii-payload-kit\/\" \/>\n<meta property=\"og:locale\" content=\"es_ES\" \/>\n<meta property=\"og:type\" content=\"article\" \/>\n<meta property=\"og:title\" content=\"Wingtra Sony RX1RII Payload Kit -\" \/>\n<meta property=\"og:description\" content=\"High accuracy surveys with Sony\u2019s 42 MP full-frame sensor guarantees superior image resolution, while low distortion lens ensures best reconstruction.\" \/>\n<meta property=\"og:url\" content=\"https:\/\/www.ghostysky.com\/es\/producto-2\/wingtra-sony-rx1rii-payload-kit\/\" \/>\n<meta property=\"og:site_name\" content=\"Ghostysky\" \/>\n<meta property=\"article:publisher\" content=\"https:\/\/www.facebook.com\/people\/Ghostysky\/100057676170234\/\" \/>\n<meta property=\"article:modified_time\" content=\"2024-10-22T01:24:01+00:00\" \/>\n<meta property=\"og:image\" content=\"https:\/\/www.ghostysky.com\/wp-content\/uploads\/2020\/06\/RX1.jpg\" \/>\n\t<meta property=\"og:image:width\" content=\"451\" \/>\n\t<meta property=\"og:image:height\" content=\"451\" \/>\n\t<meta property=\"og:image:type\" content=\"image\/jpeg\" \/>\n<meta name=\"twitter:card\" content=\"summary_large_image\" \/>\n<meta name=\"twitter:site\" content=\"@Gh0stysky\" \/>\n<meta name=\"twitter:label1\" content=\"Tiempo de lectura\" \/>\n\t<meta name=\"twitter:data1\" content=\"1 minuto\" \/>\n<script type=\"application\/ld+json\" class=\"yoast-schema-graph\">{\"@context\":\"https:\/\/schema.org\",\"@graph\":[{\"@type\":\"WebPage\",\"@id\":\"https:\/\/www.ghostysky.com\/product\/wingtra-sony-rx1rii-payload-kit\/\",\"url\":\"https:\/\/www.ghostysky.com\/product\/wingtra-sony-rx1rii-payload-kit\/\",\"name\":\"Wingtra Sony RX1RII Payload Kit -\",\"isPartOf\":{\"@id\":\"https:\/\/www.ghostysky.com\/#website\"},\"primaryImageOfPage\":{\"@id\":\"https:\/\/www.ghostysky.com\/product\/wingtra-sony-rx1rii-payload-kit\/#primaryimage\"},\"image\":{\"@id\":\"https:\/\/www.ghostysky.com\/product\/wingtra-sony-rx1rii-payload-kit\/#primaryimage\"},\"thumbnailUrl\":\"https:\/\/www.ghostysky.com\/wp-content\/uploads\/2020\/06\/RX1.jpg\",\"datePublished\":\"2020-06-29T11:19:05+00:00\",\"dateModified\":\"2024-10-22T01:24:01+00:00\",\"description\":\"High accuracy surveys with Sony\u2019s 42 MP full-frame sensor guarantees superior image resolution, while low distortion lens ensures best reconstruction.\",\"breadcrumb\":{\"@id\":\"https:\/\/www.ghostysky.com\/product\/wingtra-sony-rx1rii-payload-kit\/#breadcrumb\"},\"inLanguage\":\"es\",\"potentialAction\":[{\"@type\":\"ReadAction\",\"target\":[\"https:\/\/www.ghostysky.com\/product\/wingtra-sony-rx1rii-payload-kit\/\"]}]},{\"@type\":\"ImageObject\",\"inLanguage\":\"es\",\"@id\":\"https:\/\/www.ghostysky.com\/product\/wingtra-sony-rx1rii-payload-kit\/#primaryimage\",\"url\":\"https:\/\/www.ghostysky.com\/wp-content\/uploads\/2020\/06\/RX1.jpg\",\"contentUrl\":\"https:\/\/www.ghostysky.com\/wp-content\/uploads\/2020\/06\/RX1.jpg\",\"width\":451,\"height\":451},{\"@type\":\"BreadcrumbList\",\"@id\":\"https:\/\/www.ghostysky.com\/product\/wingtra-sony-rx1rii-payload-kit\/#breadcrumb\",\"itemListElement\":[{\"@type\":\"ListItem\",\"position\":1,\"name\":\"Home\",\"item\":\"https:\/\/www.ghostysky.com\/\"},{\"@type\":\"ListItem\",\"position\":2,\"name\":\"Shop\",\"item\":\"https:\/\/www.ghostysky.com\/shop\/\"},{\"@type\":\"ListItem\",\"position\":3,\"name\":\"Wingtra Sony RX1RII Payload Kit\"}]},{\"@type\":\"WebSite\",\"@id\":\"https:\/\/www.ghostysky.com\/#website\",\"url\":\"https:\/\/www.ghostysky.com\/\",\"name\":\"Ghostysky\",\"description\":\"Delivering professional drones and services\",\"publisher\":{\"@id\":\"https:\/\/www.ghostysky.com\/#organization\"},\"potentialAction\":[{\"@type\":\"SearchAction\",\"target\":{\"@type\":\"EntryPoint\",\"urlTemplate\":\"https:\/\/www.ghostysky.com\/?s={search_term_string}\"},\"query-input\":{\"@type\":\"PropertyValueSpecification\",\"valueRequired\":true,\"valueName\":\"search_term_string\"}}],\"inLanguage\":\"es\"},{\"@type\":\"Organization\",\"@id\":\"https:\/\/www.ghostysky.com\/#organization\",\"name\":\"Ghostysky\",\"url\":\"https:\/\/www.ghostysky.com\/\",\"logo\":{\"@type\":\"ImageObject\",\"inLanguage\":\"es\",\"@id\":\"https:\/\/www.ghostysky.com\/#\/schema\/logo\/image\/\",\"url\":\"https:\/\/www.ghostysky.com\/wp-content\/uploads\/2020\/06\/cropped-ghostyskylogo_text_white2.png\",\"contentUrl\":\"https:\/\/www.ghostysky.com\/wp-content\/uploads\/2020\/06\/cropped-ghostyskylogo_text_white2.png\",\"width\":169,\"height\":56,\"caption\":\"Ghostysky\"},\"image\":{\"@id\":\"https:\/\/www.ghostysky.com\/#\/schema\/logo\/image\/\"},\"sameAs\":[\"https:\/\/www.facebook.com\/people\/Ghostysky\/100057676170234\/\",\"https:\/\/x.com\/Gh0stysky\",\"https:\/\/www.linkedin.com\/company\/34739653\",\"https:\/\/www.instagram.com\/gh0stysky\"]}]}<\/script>\n<!-- \/ Yoast SEO plugin. -->","yoast_head_json":{"title":"Kit de carga \u00fatil Wingtra Sony RX1RII -","description":"Los estudios de alta precisi\u00f3n con el sensor de fotograma completo de 42 MP de Sony garantizan una resoluci\u00f3n de imagen superior, mientras que la lente de baja distorsi\u00f3n garantiza la mejor reconstrucci\u00f3n.","robots":{"index":"index","follow":"follow","max-snippet":"max-snippet:-1","max-image-preview":"max-image-preview:large","max-video-preview":"max-video-preview:-1"},"canonical":"https:\/\/www.ghostysky.com\/es\/producto-2\/wingtra-sony-rx1rii-payload-kit\/","og_locale":"es_ES","og_type":"article","og_title":"Wingtra Sony RX1RII Payload Kit -","og_description":"High accuracy surveys with Sony\u2019s 42 MP full-frame sensor guarantees superior image resolution, while low distortion lens ensures best reconstruction.","og_url":"https:\/\/www.ghostysky.com\/es\/producto-2\/wingtra-sony-rx1rii-payload-kit\/","og_site_name":"Ghostysky","article_publisher":"https:\/\/www.facebook.com\/people\/Ghostysky\/100057676170234\/","article_modified_time":"2024-10-22T01:24:01+00:00","og_image":[{"width":451,"height":451,"url":"https:\/\/www.ghostysky.com\/wp-content\/uploads\/2020\/06\/RX1.jpg","type":"image\/jpeg"}],"twitter_card":"summary_large_image","twitter_site":"@Gh0stysky","twitter_misc":{"Tiempo de lectura":"1 minuto"},"schema":{"@context":"https:\/\/schema.org","@graph":[{"@type":"WebPage","@id":"https:\/\/www.ghostysky.com\/product\/wingtra-sony-rx1rii-payload-kit\/","url":"https:\/\/www.ghostysky.com\/product\/wingtra-sony-rx1rii-payload-kit\/","name":"Kit de carga \u00fatil Wingtra Sony RX1RII -","isPartOf":{"@id":"https:\/\/www.ghostysky.com\/#website"},"primaryImageOfPage":{"@id":"https:\/\/www.ghostysky.com\/product\/wingtra-sony-rx1rii-payload-kit\/#primaryimage"},"image":{"@id":"https:\/\/www.ghostysky.com\/product\/wingtra-sony-rx1rii-payload-kit\/#primaryimage"},"thumbnailUrl":"https:\/\/www.ghostysky.com\/wp-content\/uploads\/2020\/06\/RX1.jpg","datePublished":"2020-06-29T11:19:05+00:00","dateModified":"2024-10-22T01:24:01+00:00","description":"Los estudios de alta precisi\u00f3n con el sensor de fotograma completo de 42 MP de Sony garantizan una resoluci\u00f3n de imagen superior, mientras que la lente de baja distorsi\u00f3n garantiza la mejor reconstrucci\u00f3n.","breadcrumb":{"@id":"https:\/\/www.ghostysky.com\/product\/wingtra-sony-rx1rii-payload-kit\/#breadcrumb"},"inLanguage":"es","potentialAction":[{"@type":"ReadAction","target":["https:\/\/www.ghostysky.com\/product\/wingtra-sony-rx1rii-payload-kit\/"]}]},{"@type":"ImageObject","inLanguage":"es","@id":"https:\/\/www.ghostysky.com\/product\/wingtra-sony-rx1rii-payload-kit\/#primaryimage","url":"https:\/\/www.ghostysky.com\/wp-content\/uploads\/2020\/06\/RX1.jpg","contentUrl":"https:\/\/www.ghostysky.com\/wp-content\/uploads\/2020\/06\/RX1.jpg","width":451,"height":451},{"@type":"BreadcrumbList","@id":"https:\/\/www.ghostysky.com\/product\/wingtra-sony-rx1rii-payload-kit\/#breadcrumb","itemListElement":[{"@type":"ListItem","position":1,"name":"Home","item":"https:\/\/www.ghostysky.com\/"},{"@type":"ListItem","position":2,"name":"Shop","item":"https:\/\/www.ghostysky.com\/shop\/"},{"@type":"ListItem","position":3,"name":"Wingtra Sony RX1RII Payload Kit"}]},{"@type":"WebSite","@id":"https:\/\/www.ghostysky.com\/#website","url":"https:\/\/www.ghostysky.com\/","name":"Ghostysky","description":"Entrega de drones y servicios profesionales","publisher":{"@id":"https:\/\/www.ghostysky.com\/#organization"},"potentialAction":[{"@type":"SearchAction","target":{"@type":"EntryPoint","urlTemplate":"https:\/\/www.ghostysky.com\/?s={search_term_string}"},"query-input":{"@type":"PropertyValueSpecification","valueRequired":true,"valueName":"search_term_string"}}],"inLanguage":"es"},{"@type":"Organization","@id":"https:\/\/www.ghostysky.com\/#organization","name":"Ghostysky","url":"https:\/\/www.ghostysky.com\/","logo":{"@type":"ImageObject","inLanguage":"es","@id":"https:\/\/www.ghostysky.com\/#\/schema\/logo\/image\/","url":"https:\/\/www.ghostysky.com\/wp-content\/uploads\/2020\/06\/cropped-ghostyskylogo_text_white2.png","contentUrl":"https:\/\/www.ghostysky.com\/wp-content\/uploads\/2020\/06\/cropped-ghostyskylogo_text_white2.png","width":169,"height":56,"caption":"Ghostysky"},"image":{"@id":"https:\/\/www.ghostysky.com\/#\/schema\/logo\/image\/"},"sameAs":["https:\/\/www.facebook.com\/people\/Ghostysky\/100057676170234\/","https:\/\/x.com\/Gh0stysky","https:\/\/www.linkedin.com\/company\/34739653","https:\/\/www.instagram.com\/gh0stysky"]}]}},"_links":{"self":[{"href":"https:\/\/www.ghostysky.com\/es\/wp-json\/wp\/v2\/product\/1241","targetHints":{"allow":["GET"]}}],"collection":[{"href":"https:\/\/www.ghostysky.com\/es\/wp-json\/wp\/v2\/product"}],"about":[{"href":"https:\/\/www.ghostysky.com\/es\/wp-json\/wp\/v2\/types\/product"}],"replies":[{"embeddable":true,"href":"https:\/\/www.ghostysky.com\/es\/wp-json\/wp\/v2\/comments?post=1241"}],"wp:featuredmedia":[{"embeddable":true,"href":"https:\/\/www.ghostysky.com\/es\/wp-json\/wp\/v2\/media\/2920"}],"wp:attachment":[{"href":"https:\/\/www.ghostysky.com\/es\/wp-json\/wp\/v2\/media?parent=1241"}],"wp:term":[{"taxonomy":"product_brand","embeddable":true,"href":"https:\/\/www.ghostysky.com\/es\/wp-json\/wp\/v2\/product_brand?post=1241"},{"taxonomy":"product_cat","embeddable":true,"href":"https:\/\/www.ghostysky.com\/es\/wp-json\/wp\/v2\/product_cat?post=1241"},{"taxonomy":"product_tag","embeddable":true,"href":"https:\/\/www.ghostysky.com\/es\/wp-json\/wp\/v2\/product_tag?post=1241"}],"curies":[{"name":"wp","href":"https:\/\/api.w.org\/{rel}","templated":true}]}}