{"id":13234,"date":"2023-09-26T13:22:06","date_gmt":"2023-09-26T13:22:06","guid":{"rendered":"https:\/\/www.ghostysky.com\/?post_type=product&#038;p=13234"},"modified":"2026-03-23T14:35:30","modified_gmt":"2026-03-23T14:35:30","slug":"emlid-reach-rs3","status":"publish","type":"product","link":"https:\/\/www.ghostysky.com\/es\/product\/emlid-reach-rs3\/","title":{"rendered":"Emlid Reach RS3"},"content":{"rendered":"<h2 class=\"h2-promo d-lg-block d-md-none d-sm-none d-none\">Resultados precisos incluso con grandes \u00e1ngulos de inclinaci\u00f3n<\/h2>\n<p><a href=\"https:\/\/www.ghostysky.com\/wp-content\/uploads\/2023\/09\/ghostysky-tilt-rs3.webp\"><img fetchpriority=\"high\" decoding=\"async\" class=\"alignnone wp-image-13253 size-large lazyload\" src=\"datos:imagen\/gif;base64,R0lGODlhAQABAAAAACH5BAEKAAEALAAAAAABAAEAAAICTAEAOw==\" alt=\"\" width=\"760\" height=\"1024\" sizes=\"(max-width: 760px) 100vw, 760px\" data-src=\"datos:imagen\/gif;base64,R0lGODlhAQABAAAAACH5BAEKAAEALAAAAAABAAEAAAICTAEAOw==\" data-srcset=\"\" srcset=\"\"><\/a><\/p>\n<p>La compensaci\u00f3n de inclinaci\u00f3n basada en IMU en Reach RS3 le permite realizar mediciones con hasta 60 grados de inclinaci\u00f3n mientras se mantiene dentro de los 20 mm de precisi\u00f3n.<\/p>\n<p>Reach RS3 mide y corrige continuamente la inclinaci\u00f3n en tiempo real para mantenerte en el objetivo.<\/p>\n<p>&nbsp;<\/p>\n<h2 class=\"h2-promo survey__title\">Levantamiento y replanteo m\u00e1s r\u00e1pido \u2013 <span class=\"op-05\">No es necesario revisar la burbuja.<\/span><\/h2>\n<p><div class='wpo_youtube_preview_container'><img src=\"https:\/\/www.ghostysky.com\/wp-content\/cache\/wpo-youtube-thumbnails\/J8h9hTxozFM-maxresdefault.jpg\" class=\"wpo_youtube_preview\" data-video-url=\"https:\/\/www.youtube.com\/embed\/J8h9hTxozFM?feature=oembed\" alt=\"miniatura de YouTube\" data-iframe-attr=\"{&quot;title&quot;:&quot;Survey and stakeout faster - Emlid RS3&quot;,&quot;width&quot;:&quot;1170&quot;,&quot;height&quot;:&quot;658&quot;,&quot;src&quot;:&quot;https:\\\/\\\/www.youtube.com\\\/embed\\\/J8h9hTxozFM?feature=oembed&quot;,&quot;frameborder&quot;:&quot;0&quot;,&quot;allow&quot;:&quot;accelerometer; autoplay; clipboard-write; encrypted-media; gyroscope; picture-in-picture; web-share&quot;,&quot;referrerpolicy&quot;:&quot;strict-origin-when-cross-origin&quot;,&quot;allowfullscreen&quot;:&quot;&quot;}\"\/><span class=\"wpo_youtube_preview_overlay\"><img src=\"https:\/\/www.ghostysky.com\/wp-content\/plugins\/wp-optimize-premium\/images\/icon\/icons8-youtube-96.svg\" alt=\"icono de YouTube\"\/><\/span><\/div><\/p>\n<h2 class=\"h2-promo effortless__title\">Sin esfuerzo y robusto \u2013 <span class=\"op-05\">Compensaci\u00f3n de inclinaci\u00f3n<\/span><\/h2>\n<ul>\n<li><strong>Sin calibraci\u00f3n<\/strong>\n<ul>\n<li>Calibramos cada unidad individualmente en la f\u00e1brica, para que puedas tener tu Reach RS3 listo y funcionando nada m\u00e1s sacarlo de la caja.<\/li>\n<\/ul>\n<\/li>\n<li><strong>Inmune a las perturbaciones magn\u00e9ticas.<\/strong>\n<ul>\n<li>Al no verse afectado por los campos magn\u00e9ticos, el RS3 proporciona una s\u00f3lida compensaci\u00f3n de inclinaci\u00f3n incluso cuando se trabaja cerca de estructuras met\u00e1licas.<\/li>\n<\/ul>\n<\/li>\n<li><strong>Inicializaci\u00f3n r\u00e1pida<\/strong>\n<ul>\n<li>La inicializaci\u00f3n de la inclinaci\u00f3n requiere unos 20 metros de caminata o de 10 a 20 segundos de inclinaci\u00f3n. Normalmente listo en el camino desde el coche.<\/li>\n<\/ul>\n<\/li>\n<\/ul>\n<p>&nbsp;<\/p>\n<h2><a href=\"https:\/\/www.ghostysky.com\/wp-content\/uploads\/2023\/09\/ntrip-scaled-1.webp\"><img decoding=\"async\" class=\"alignnone wp-image-13254 size-large lazyload\" src=\"datos:imagen\/gif;base64,R0lGODlhAQABAAAAACH5BAEKAAEALAAAAAABAAEAAAICTAEAOw==\" alt=\"\" width=\"1024\" height=\"647\" sizes=\"(max-width: 1024px) 100vw, 1024px\" data-src=\"datos:imagen\/gif;base64,R0lGODlhAQABAAAAACH5BAEKAAEALAAAAAABAAEAAAICTAEAOw==\" data-srcset=\"\" srcset=\"\"><\/a><\/h2>\n<h2>Obtenga correcciones de CORS, Reach o una base de terceros<\/h2>\n<p><strong>NTRIP, base y m\u00f3vil<\/strong><\/p>\n<p>Trabaje en RTK con VRS o una \u00fanica red CORS de referencia. T\u00fa<br \/>\nTambi\u00e9n puede conectar otro receptor GNSS como base NTRIP utilizando Emlid NTRIP Caster.<\/p>\n<p>Cualquier receptor con soporte RTCM3<\/p>\n<p>&nbsp;<\/p>\n<h2>Viene con software para el campo y la oficina.<\/h2>\n<ul>\n<li><strong>Emlid Flow<\/strong>\n<ul>\n<li>Emlid Flow gestiona de manera eficiente todas las tareas relacionadas con el campo, incluida la configuraci\u00f3n del receptor, el registro RINEX, la recopilaci\u00f3n de datos y el replanteo.<\/li>\n<\/ul>\n<\/li>\n<li><strong>Emlid Flow360<\/strong>\n<ul>\n<li>Puede acceder a los datos de su encuesta a trav\u00e9s de Emlid Flow 360 basado en la nube. Le permite preparar, administrar y exportar sus proyectos desde un navegador.<\/li>\n<\/ul>\n<\/li>\n<li><strong>Emlid Studio<\/strong>\n<ul>\n<li>Software de posprocesamiento gratuito Emlid para macOS y Windows.<\/li>\n<\/ul>\n<\/li>\n<li><strong>Emlid Caster<\/strong>\n<ul>\n<li>Conecte hasta 10 m\u00f3viles a su estaci\u00f3n base a trav\u00e9s de Internet o configure su propia red NTRIP con Emlid Caster.<\/li>\n<\/ul>\n<\/li>\n<\/ul>\n<p>&nbsp;<\/p>\n<h2>Robusto y compacto<\/h2>\n<p><div class='wpo_youtube_preview_container'><img src=\"https:\/\/www.ghostysky.com\/wp-content\/cache\/wpo-youtube-thumbnails\/RqXfHFV1dFs-maxresdefault.jpg\" class=\"wpo_youtube_preview\" data-video-url=\"https:\/\/www.youtube.com\/embed\/RqXfHFV1dFs?feature=oembed\" alt=\"miniatura de YouTube\" data-iframe-attr=\"{&quot;title&quot;:&quot;Emlid Reach RS3 - Intro&quot;,&quot;width&quot;:&quot;1170&quot;,&quot;height&quot;:&quot;658&quot;,&quot;src&quot;:&quot;https:\\\/\\\/www.youtube.com\\\/embed\\\/RqXfHFV1dFs?feature=oembed&quot;,&quot;frameborder&quot;:&quot;0&quot;,&quot;allow&quot;:&quot;accelerometer; autoplay; clipboard-write; encrypted-media; gyroscope; picture-in-picture; web-share&quot;,&quot;referrerpolicy&quot;:&quot;strict-origin-when-cross-origin&quot;,&quot;allowfullscreen&quot;:&quot;&quot;}\"\/><span class=\"wpo_youtube_preview_overlay\"><img src=\"https:\/\/www.ghostysky.com\/wp-content\/plugins\/wp-optimize-premium\/images\/icon\/icons8-youtube-96.svg\" alt=\"icono de YouTube\"\/><\/span><\/div><\/p>\n<p><strong>Dimensiones<\/strong>: 126x126x142mm<br \/>\n<strong>Peso<\/strong>: 950 gramos<\/p>\n<ul>\n<li><strong>IP67<\/strong>\n<ul>\n<li>RS3 es resistente al agua hasta una profundidad de un metro. Los tapones de silicona sellan y protegen completamente todos los conectores del agua y el polvo.<\/li>\n<\/ul>\n<\/li>\n<li><strong>bateria industrial<\/strong>\n<ul>\n<li>La bater\u00eda de iones de litio Reach RS3 soporta bien temperaturas altas y bajas y m\u00e1s de 2000 ciclos de carga y descarga manteniendo su capacidad original.<\/li>\n<li>Mientras que otros cambian las bater\u00edas en caliente, su Reach sigue funcionando.<\/li>\n<\/ul>\n<\/li>\n<li><strong>-20 a +65 \u00ba\u0421<\/strong>\n<ul>\n<li>Probamos exhaustivamente el Reach RS3 en condiciones que simulan los inviernos m\u00e1s fr\u00edos y los veranos m\u00e1s calurosos.<\/li>\n<\/ul>\n<\/li>\n<li><strong>Resistente a impactos<\/strong>\n<ul>\n<li>El cuerpo del Reach RS3 est\u00e1 fabricado en policarbonato y recubierto con elast\u00f3mero. La combinaci\u00f3n de estos materiales hace que su Reach RS3 sea resistente a ca\u00eddas y est\u00e9 listo para las condiciones m\u00e1s duras.<\/li>\n<\/ul>\n<\/li>\n<\/ul>\n<p>&nbsp;<\/p>\n<h2>En el paquete<\/h2>\n<ul>\n<li>1x Reach RS3<\/li>\n<li>1x Antena LoRa<\/li>\n<li>1x Cable USB<\/li>\n<li>1x Estuche de transporte con correa<\/li>\n<\/ul>\n<p>&nbsp;<\/p>\n<p><a href=\"https:\/\/files-emlid.s3.eu-central-1.amazonaws.com\/docs\/RS3-Datasheet-UHF.pdf\">Especificaciones t\u00e9cnicas<\/a><\/p>","protected":false},"excerpt":{"rendered":"<h3>Presentamos Emlid Reach RS3: receptor GNSS para una precisi\u00f3n incomparable<\/h3>\n<p>Desbloquee un nuevo nivel de precisi\u00f3n y confiabilidad con Emlid Reach RS3, el receptor del Sistema Global de Navegaci\u00f3n por Sat\u00e9lite (GNSS) de vanguardia dise\u00f1ado para satisfacer las demandas de los profesionales de topograf\u00eda, cartograf\u00eda y geoespacial. Ya sea que trabaje en construcci\u00f3n, agricultura, agrimensura o cualquier campo que dependa de datos de posicionamiento precisos, el Reach RS3 es su herramienta definitiva para lograr resultados sobresalientes.<\/p>\n<ul>\n<li><strong>IMU<\/strong>\n<ul>\n<li>6DOF, RTK + 2 mm + 0,3 mm\/\u00b0<\/li>\n<\/ul>\n<\/li>\n<li><strong>GNSS<\/strong>\n<ul>\n<li>GPS\/QZSS, GLONASS L1, L2; Beidou B1, B2; Galileo E1, E5<\/li>\n<\/ul>\n<\/li>\n<li><strong>Autonom\u00eda<\/strong>\n<ul>\n<li>18 horas con compensaci\u00f3n de inclinaci\u00f3n<\/li>\n<li>Bater\u00eda de iones de litio, carga USB tipo C<\/li>\n<\/ul>\n<\/li>\n<li><strong>LTE y WiFi<\/strong>\n<ul>\n<li>Para conectar el dispositivo a Internet<\/li>\n<\/ul>\n<\/li>\n<li><strong>Radio de doble banda<\/strong>\n<ul>\n<li>868\/915 MHz LoRa para recibir y transmitir correcciones<\/li>\n<li>450 MHz UHF para recibir correcciones<\/li>\n<\/ul>\n<\/li>\n<li><strong>NTRIP y RTCM3<\/strong>\n<ul>\n<li>Protocolos soportados para enviar y recibir correcciones<\/li>\n<\/ul>\n<\/li>\n<\/ul>","protected":false},"featured_media":13252,"comment_status":"open","ping_status":"closed","template":"","meta":[],"product_brand":[],"product_cat":[89,365],"product_tag":[58,1027,554],"class_list":{"0":"post-13234","1":"product","2":"type-product","3":"status-publish","4":"has-post-thumbnail","6":"product_cat-emlid","7":"product_cat-receivers-emlid","8":"product_tag-emlid","9":"product_tag-emlid-rs-series","10":"product_tag-emlid-rs3","12":"first","13":"instock","14":"sale","15":"taxable","16":"shipping-taxable","17":"purchasable","18":"product-type-simple"},"yoast_head":"<!-- This site is optimized with the Yoast SEO plugin v27.4 - https:\/\/yoast.com\/product\/yoast-seo-wordpress\/ -->\n<title>Emlid Reach RS3 - Ghostysky<\/title>\n<meta name=\"description\" content=\"REACH RS3RTK GNSS receiver with tilt compensationSurvey grade precision,even in hard-to-reach spots: Multi-band base and rover IMU tilt compensation LTE modem Dual-band radio\" \/>\n<meta name=\"robots\" content=\"index, follow, max-snippet:-1, max-image-preview:large, max-video-preview:-1\" \/>\n<link rel=\"canonical\" href=\"https:\/\/www.ghostysky.com\/es\/producto-2\/emlid-reach-rs3\/\" \/>\n<meta property=\"og:locale\" content=\"es_ES\" \/>\n<meta property=\"og:type\" content=\"article\" \/>\n<meta property=\"og:title\" content=\"Emlid Reach RS3 - Ghostysky\" \/>\n<meta property=\"og:description\" content=\"REACH RS3RTK GNSS receiver with tilt compensationSurvey grade precision,even in hard-to-reach spots: Multi-band base and rover IMU tilt compensation LTE modem Dual-band radio\" \/>\n<meta property=\"og:url\" content=\"https:\/\/www.ghostysky.com\/es\/producto-2\/emlid-reach-rs3\/\" \/>\n<meta property=\"og:site_name\" content=\"Ghostysky\" \/>\n<meta property=\"article:publisher\" content=\"https:\/\/www.facebook.com\/people\/Ghostysky\/100057676170234\/\" \/>\n<meta property=\"article:modified_time\" content=\"2026-03-23T14:35:30+00:00\" \/>\n<meta property=\"og:image\" content=\"https:\/\/www.ghostysky.com\/wp-content\/uploads\/2023\/09\/RS3-Ghostysky-2.webp\" \/>\n\t<meta property=\"og:image:width\" content=\"2560\" \/>\n\t<meta property=\"og:image:height\" content=\"2560\" \/>\n\t<meta property=\"og:image:type\" content=\"image\/webp\" \/>\n<meta name=\"twitter:card\" content=\"summary_large_image\" \/>\n<meta name=\"twitter:site\" content=\"@Gh0stysky\" \/>\n<meta name=\"twitter:label1\" content=\"Tiempo de lectura\" \/>\n\t<meta name=\"twitter:data1\" content=\"3 minutos\" \/>\n<script type=\"application\/ld+json\" class=\"yoast-schema-graph\">{\"@context\":\"https:\\\/\\\/schema.org\",\"@graph\":[{\"@type\":\"WebPage\",\"@id\":\"https:\\\/\\\/www.ghostysky.com\\\/product\\\/emlid-reach-rs3\\\/\",\"url\":\"https:\\\/\\\/www.ghostysky.com\\\/product\\\/emlid-reach-rs3\\\/\",\"name\":\"Emlid Reach RS3 - Ghostysky\",\"isPartOf\":{\"@id\":\"https:\\\/\\\/www.ghostysky.com\\\/#website\"},\"primaryImageOfPage\":{\"@id\":\"https:\\\/\\\/www.ghostysky.com\\\/product\\\/emlid-reach-rs3\\\/#primaryimage\"},\"image\":{\"@id\":\"https:\\\/\\\/www.ghostysky.com\\\/product\\\/emlid-reach-rs3\\\/#primaryimage\"},\"thumbnailUrl\":\"https:\\\/\\\/www.ghostysky.com\\\/wp-content\\\/uploads\\\/2023\\\/09\\\/RS3-Ghostysky-2.webp\",\"datePublished\":\"2023-09-26T13:22:06+00:00\",\"dateModified\":\"2026-03-23T14:35:30+00:00\",\"description\":\"REACH RS3RTK GNSS receiver with tilt compensationSurvey grade precision,even in hard-to-reach spots: Multi-band base and rover IMU tilt compensation LTE modem Dual-band radio\",\"breadcrumb\":{\"@id\":\"https:\\\/\\\/www.ghostysky.com\\\/product\\\/emlid-reach-rs3\\\/#breadcrumb\"},\"inLanguage\":\"es\",\"potentialAction\":[{\"@type\":\"ReadAction\",\"target\":[\"https:\\\/\\\/www.ghostysky.com\\\/product\\\/emlid-reach-rs3\\\/\"]}]},{\"@type\":\"ImageObject\",\"inLanguage\":\"es\",\"@id\":\"https:\\\/\\\/www.ghostysky.com\\\/product\\\/emlid-reach-rs3\\\/#primaryimage\",\"url\":\"https:\\\/\\\/www.ghostysky.com\\\/wp-content\\\/uploads\\\/2023\\\/09\\\/RS3-Ghostysky-2.webp\",\"contentUrl\":\"https:\\\/\\\/www.ghostysky.com\\\/wp-content\\\/uploads\\\/2023\\\/09\\\/RS3-Ghostysky-2.webp\",\"width\":2560,\"height\":2560},{\"@type\":\"BreadcrumbList\",\"@id\":\"https:\\\/\\\/www.ghostysky.com\\\/product\\\/emlid-reach-rs3\\\/#breadcrumb\",\"itemListElement\":[{\"@type\":\"ListItem\",\"position\":1,\"name\":\"Home\",\"item\":\"https:\\\/\\\/www.ghostysky.com\\\/\"},{\"@type\":\"ListItem\",\"position\":2,\"name\":\"Shop\",\"item\":\"https:\\\/\\\/www.ghostysky.com\\\/shop\\\/\"},{\"@type\":\"ListItem\",\"position\":3,\"name\":\"Emlid Reach RS3\"}]},{\"@type\":\"WebSite\",\"@id\":\"https:\\\/\\\/www.ghostysky.com\\\/#website\",\"url\":\"https:\\\/\\\/www.ghostysky.com\\\/\",\"name\":\"Ghostysky\",\"description\":\"Delivering professional drones and services\",\"publisher\":{\"@id\":\"https:\\\/\\\/www.ghostysky.com\\\/#organization\"},\"potentialAction\":[{\"@type\":\"SearchAction\",\"target\":{\"@type\":\"EntryPoint\",\"urlTemplate\":\"https:\\\/\\\/www.ghostysky.com\\\/?s={search_term_string}\"},\"query-input\":{\"@type\":\"PropertyValueSpecification\",\"valueRequired\":true,\"valueName\":\"search_term_string\"}}],\"inLanguage\":\"es\"},{\"@type\":\"Organization\",\"@id\":\"https:\\\/\\\/www.ghostysky.com\\\/#organization\",\"name\":\"Ghostysky\",\"url\":\"https:\\\/\\\/www.ghostysky.com\\\/\",\"logo\":{\"@type\":\"ImageObject\",\"inLanguage\":\"es\",\"@id\":\"https:\\\/\\\/www.ghostysky.com\\\/#\\\/schema\\\/logo\\\/image\\\/\",\"url\":\"https:\\\/\\\/www.ghostysky.com\\\/wp-content\\\/uploads\\\/2020\\\/06\\\/cropped-ghostyskylogo_text_white2.png\",\"contentUrl\":\"https:\\\/\\\/www.ghostysky.com\\\/wp-content\\\/uploads\\\/2020\\\/06\\\/cropped-ghostyskylogo_text_white2.png\",\"width\":169,\"height\":56,\"caption\":\"Ghostysky\"},\"image\":{\"@id\":\"https:\\\/\\\/www.ghostysky.com\\\/#\\\/schema\\\/logo\\\/image\\\/\"},\"sameAs\":[\"https:\\\/\\\/www.facebook.com\\\/people\\\/Ghostysky\\\/100057676170234\\\/\",\"https:\\\/\\\/x.com\\\/Gh0stysky\",\"https:\\\/\\\/www.linkedin.com\\\/company\\\/34739653\",\"https:\\\/\\\/www.instagram.com\\\/gh0stysky\"]}]}<\/script>\n<!-- \/ Yoast SEO plugin. -->","yoast_head_json":{"title":"Emlid Reach RS3 - Ghostysky","description":"Receptor GNSS REACH RS3RTK con compensaci\u00f3n de inclinaci\u00f3n Precisi\u00f3n de grado de estudio, incluso en lugares de dif\u00edcil acceso: Compensaci\u00f3n de inclinaci\u00f3n IMU m\u00f3vil y base multibanda M\u00f3dem LTE Radio de doble banda","robots":{"index":"index","follow":"follow","max-snippet":"max-snippet:-1","max-image-preview":"max-image-preview:large","max-video-preview":"max-video-preview:-1"},"canonical":"https:\/\/www.ghostysky.com\/es\/producto-2\/emlid-reach-rs3\/","og_locale":"es_ES","og_type":"article","og_title":"Emlid Reach RS3 - Ghostysky","og_description":"REACH RS3RTK GNSS receiver with tilt compensationSurvey grade precision,even in hard-to-reach spots: Multi-band base and rover IMU tilt compensation LTE modem Dual-band radio","og_url":"https:\/\/www.ghostysky.com\/es\/producto-2\/emlid-reach-rs3\/","og_site_name":"Ghostysky","article_publisher":"https:\/\/www.facebook.com\/people\/Ghostysky\/100057676170234\/","article_modified_time":"2026-03-23T14:35:30+00:00","og_image":[{"width":2560,"height":2560,"url":"https:\/\/www.ghostysky.com\/wp-content\/uploads\/2023\/09\/RS3-Ghostysky-2.webp","type":"image\/webp"}],"twitter_card":"summary_large_image","twitter_site":"@Gh0stysky","twitter_misc":{"Tiempo de lectura":"3 minutos"},"schema":{"@context":"https:\/\/schema.org","@graph":[{"@type":"WebPage","@id":"https:\/\/www.ghostysky.com\/product\/emlid-reach-rs3\/","url":"https:\/\/www.ghostysky.com\/product\/emlid-reach-rs3\/","name":"Emlid Reach RS3 - Ghostysky","isPartOf":{"@id":"https:\/\/www.ghostysky.com\/#website"},"primaryImageOfPage":{"@id":"https:\/\/www.ghostysky.com\/product\/emlid-reach-rs3\/#primaryimage"},"image":{"@id":"https:\/\/www.ghostysky.com\/product\/emlid-reach-rs3\/#primaryimage"},"thumbnailUrl":"https:\/\/www.ghostysky.com\/wp-content\/uploads\/2023\/09\/RS3-Ghostysky-2.webp","datePublished":"2023-09-26T13:22:06+00:00","dateModified":"2026-03-23T14:35:30+00:00","description":"Receptor GNSS REACH RS3RTK con compensaci\u00f3n de inclinaci\u00f3n Precisi\u00f3n de grado de estudio, incluso en lugares de dif\u00edcil acceso: Compensaci\u00f3n de inclinaci\u00f3n IMU m\u00f3vil y base multibanda M\u00f3dem LTE Radio de doble banda","breadcrumb":{"@id":"https:\/\/www.ghostysky.com\/product\/emlid-reach-rs3\/#breadcrumb"},"inLanguage":"es","potentialAction":[{"@type":"ReadAction","target":["https:\/\/www.ghostysky.com\/product\/emlid-reach-rs3\/"]}]},{"@type":"ImageObject","inLanguage":"es","@id":"https:\/\/www.ghostysky.com\/product\/emlid-reach-rs3\/#primaryimage","url":"https:\/\/www.ghostysky.com\/wp-content\/uploads\/2023\/09\/RS3-Ghostysky-2.webp","contentUrl":"https:\/\/www.ghostysky.com\/wp-content\/uploads\/2023\/09\/RS3-Ghostysky-2.webp","width":2560,"height":2560},{"@type":"BreadcrumbList","@id":"https:\/\/www.ghostysky.com\/product\/emlid-reach-rs3\/#breadcrumb","itemListElement":[{"@type":"ListItem","position":1,"name":"Home","item":"https:\/\/www.ghostysky.com\/"},{"@type":"ListItem","position":2,"name":"Shop","item":"https:\/\/www.ghostysky.com\/shop\/"},{"@type":"ListItem","position":3,"name":"Emlid Reach RS3"}]},{"@type":"WebSite","@id":"https:\/\/www.ghostysky.com\/#website","url":"https:\/\/www.ghostysky.com\/","name":"Ghostysky","description":"Entrega de drones y servicios profesionales","publisher":{"@id":"https:\/\/www.ghostysky.com\/#organization"},"potentialAction":[{"@type":"SearchAction","target":{"@type":"EntryPoint","urlTemplate":"https:\/\/www.ghostysky.com\/?s={search_term_string}"},"query-input":{"@type":"PropertyValueSpecification","valueRequired":true,"valueName":"search_term_string"}}],"inLanguage":"es"},{"@type":"Organization","@id":"https:\/\/www.ghostysky.com\/#organization","name":"Ghostysky","url":"https:\/\/www.ghostysky.com\/","logo":{"@type":"ImageObject","inLanguage":"es","@id":"https:\/\/www.ghostysky.com\/#\/schema\/logo\/image\/","url":"https:\/\/www.ghostysky.com\/wp-content\/uploads\/2020\/06\/cropped-ghostyskylogo_text_white2.png","contentUrl":"https:\/\/www.ghostysky.com\/wp-content\/uploads\/2020\/06\/cropped-ghostyskylogo_text_white2.png","width":169,"height":56,"caption":"Ghostysky"},"image":{"@id":"https:\/\/www.ghostysky.com\/#\/schema\/logo\/image\/"},"sameAs":["https:\/\/www.facebook.com\/people\/Ghostysky\/100057676170234\/","https:\/\/x.com\/Gh0stysky","https:\/\/www.linkedin.com\/company\/34739653","https:\/\/www.instagram.com\/gh0stysky"]}]}},"_links":{"self":[{"href":"https:\/\/www.ghostysky.com\/es\/wp-json\/wp\/v2\/product\/13234","targetHints":{"allow":["GET"]}}],"collection":[{"href":"https:\/\/www.ghostysky.com\/es\/wp-json\/wp\/v2\/product"}],"about":[{"href":"https:\/\/www.ghostysky.com\/es\/wp-json\/wp\/v2\/types\/product"}],"replies":[{"embeddable":true,"href":"https:\/\/www.ghostysky.com\/es\/wp-json\/wp\/v2\/comments?post=13234"}],"wp:featuredmedia":[{"embeddable":true,"href":"https:\/\/www.ghostysky.com\/es\/wp-json\/wp\/v2\/media\/13252"}],"wp:attachment":[{"href":"https:\/\/www.ghostysky.com\/es\/wp-json\/wp\/v2\/media?parent=13234"}],"wp:term":[{"taxonomy":"product_brand","embeddable":true,"href":"https:\/\/www.ghostysky.com\/es\/wp-json\/wp\/v2\/product_brand?post=13234"},{"taxonomy":"product_cat","embeddable":true,"href":"https:\/\/www.ghostysky.com\/es\/wp-json\/wp\/v2\/product_cat?post=13234"},{"taxonomy":"product_tag","embeddable":true,"href":"https:\/\/www.ghostysky.com\/es\/wp-json\/wp\/v2\/product_tag?post=13234"}],"curies":[{"name":"wp","href":"https:\/\/api.w.org\/{rel}","templated":true}]}}