{"id":13259,"date":"2023-09-26T16:58:32","date_gmt":"2023-09-26T16:58:32","guid":{"rendered":"https:\/\/www.ghostysky.com\/?post_type=product&#038;p=13259"},"modified":"2026-03-24T14:58:31","modified_gmt":"2026-03-24T14:58:31","slug":"emlid-reach-rs3-survey-kit","status":"publish","type":"product","link":"https:\/\/www.ghostysky.com\/es\/product\/emlid-reach-rs3-survey-kit\/","title":{"rendered":"Kit Survey Emlid Reach RS3"},"content":{"rendered":"<h2 class=\"h2-promo d-lg-block d-md-none d-sm-none d-none\">Resultados precisos incluso con grandes \u00e1ngulos de inclinaci\u00f3n<\/h2>\n<p><a href=\"https:\/\/www.ghostysky.com\/wp-content\/uploads\/2023\/09\/ghostysky-tilt-rs3.webp\"><img fetchpriority=\"high\" decoding=\"async\" class=\"alignnone wp-image-13253 size-large lazyload\" src=\"data:image\/gif;base64,R0lGODlhAQABAAAAACH5BAEKAAEALAAAAAABAAEAAAICTAEAOw==\" alt=\"\" width=\"760\" height=\"1024\" sizes=\"(max-width: 760px) 100vw, 760px\" data-src=\"https:\/\/www.ghostysky.com\/wp-content\/uploads\/2023\/09\/ghostysky-tilt-rs3-760x1024.webp\" data-srcset=\"https:\/\/www.ghostysky.com\/wp-content\/uploads\/2023\/09\/ghostysky-tilt-rs3-760x1024.webp 760w, https:\/\/www.ghostysky.com\/wp-content\/uploads\/2023\/09\/ghostysky-tilt-rs3-223x300.webp 223w, https:\/\/www.ghostysky.com\/wp-content\/uploads\/2023\/09\/ghostysky-tilt-rs3-768x1035.webp 768w, https:\/\/www.ghostysky.com\/wp-content\/uploads\/2023\/09\/ghostysky-tilt-rs3-1139x1536.webp 1139w, https:\/\/www.ghostysky.com\/wp-content\/uploads\/2023\/09\/ghostysky-tilt-rs3-1519x2048.webp 1519w, https:\/\/www.ghostysky.com\/wp-content\/uploads\/2023\/09\/ghostysky-tilt-rs3-9x12.webp 9w, https:\/\/www.ghostysky.com\/wp-content\/uploads\/2023\/09\/ghostysky-tilt-rs3-720x971.webp 720w, https:\/\/www.ghostysky.com\/wp-content\/uploads\/2023\/09\/ghostysky-tilt-rs3-600x809.webp 600w, https:\/\/www.ghostysky.com\/wp-content\/uploads\/2023\/09\/ghostysky-tilt-rs3.webp 1899w\"><\/a><\/p>\n<p>La compensaci\u00f3n de inclinaci\u00f3n basada en IMU en Reach RS3 le permite realizar mediciones con hasta 60 grados de inclinaci\u00f3n mientras se mantiene dentro de los 20 mm de precisi\u00f3n.<\/p>\n<p>Reach RS3 mide y corrige continuamente la inclinaci\u00f3n en tiempo real para mantenerte en el objetivo.<\/p>\n<p>&nbsp;<\/p>\n<h2 class=\"h2-promo survey__title\">Levantamiento y replanteo m\u00e1s r\u00e1pido \u2013 <span class=\"op-05\">No es necesario revisar la burbuja.<\/span><\/h2>\n<p><iframe title=\"Levantamiento y replanteo m\u00e1s r\u00e1pido - Emlid RS3\" width=\"1170\" height=\"658\" src=\"about:blank\" frameborder=\"0\" allow=\"accelerometer; autoplay; clipboard-write; encrypted-media; gyroscope; picture-in-picture; web-share\" referrerpolicy=\"strict-origin-when-cross-origin\" allowfullscreen=\"\" class=\"lazyload\" data-src=\"https:\/\/www.youtube.com\/embed\/J8h9hTxozFM?feature=oembed\"><\/iframe><\/p>\n<h2 class=\"h2-promo effortless__title\">Sin esfuerzo y robusto \u2013 <span class=\"op-05\">Compensaci\u00f3n de inclinaci\u00f3n<\/span><\/h2>\n<ul>\n<li><strong>Sin calibraci\u00f3n<\/strong>\n<ul>\n<li>Calibramos cada unidad individualmente en la f\u00e1brica, para que puedas tener tu Reach RS3 listo y funcionando nada m\u00e1s sacarlo de la caja.<\/li>\n<\/ul>\n<\/li>\n<li><strong>Inmune a las perturbaciones magn\u00e9ticas.<\/strong>\n<ul>\n<li>Al no verse afectado por los campos magn\u00e9ticos, el RS3 proporciona una s\u00f3lida compensaci\u00f3n de inclinaci\u00f3n incluso cuando se trabaja cerca de estructuras met\u00e1licas.<\/li>\n<\/ul>\n<\/li>\n<li><strong>Inicializaci\u00f3n r\u00e1pida<\/strong>\n<ul>\n<li>La inicializaci\u00f3n de la inclinaci\u00f3n requiere unos 20 metros de caminata o de 10 a 20 segundos de inclinaci\u00f3n. Normalmente listo en el camino desde el coche.<\/li>\n<\/ul>\n<\/li>\n<\/ul>\n<p>&nbsp;<\/p>\n<h2><a href=\"https:\/\/www.ghostysky.com\/wp-content\/uploads\/2023\/09\/ntrip-scaled-1.webp\"><img decoding=\"async\" class=\"alignnone wp-image-13254 size-large lazyload\" src=\"data:image\/gif;base64,R0lGODlhAQABAAAAACH5BAEKAAEALAAAAAABAAEAAAICTAEAOw==\" alt=\"\" width=\"1024\" height=\"647\" sizes=\"(max-width: 1024px) 100vw, 1024px\" data-src=\"https:\/\/www.ghostysky.com\/wp-content\/uploads\/2023\/09\/ntrip-scaled-1-1024x647.webp\" data-srcset=\"https:\/\/www.ghostysky.com\/wp-content\/uploads\/2023\/09\/ntrip-scaled-1-1024x647.webp 1024w, https:\/\/www.ghostysky.com\/wp-content\/uploads\/2023\/09\/ntrip-scaled-1-300x189.webp 300w, https:\/\/www.ghostysky.com\/wp-content\/uploads\/2023\/09\/ntrip-scaled-1-768x485.webp 768w, https:\/\/www.ghostysky.com\/wp-content\/uploads\/2023\/09\/ntrip-scaled-1-1536x970.webp 1536w, https:\/\/www.ghostysky.com\/wp-content\/uploads\/2023\/09\/ntrip-scaled-1-2048x1294.webp 2048w, https:\/\/www.ghostysky.com\/wp-content\/uploads\/2023\/09\/ntrip-scaled-1-18x12.webp 18w, https:\/\/www.ghostysky.com\/wp-content\/uploads\/2023\/09\/ntrip-scaled-1-720x455.webp 720w, https:\/\/www.ghostysky.com\/wp-content\/uploads\/2023\/09\/ntrip-scaled-1-600x379.webp 600w\"><\/a><\/h2>\n<h2>Obtenga correcciones de CORS, Reach o una base de terceros<\/h2>\n<p><strong>NTRIP, base y m\u00f3vil<\/strong><\/p>\n<p>Trabaje en RTK con VRS o una \u00fanica red CORS de referencia. T\u00fa<br \/>\nTambi\u00e9n puede conectar otro receptor GNSS como base NTRIP utilizando Emlid NTRIP Caster.<\/p>\n<p>Cualquier receptor con soporte RTCM3<\/p>\n<p>&nbsp;<\/p>\n<h2>Viene con software para el campo y la oficina.<\/h2>\n<ul>\n<li><strong>Emlid Flow<\/strong>\n<ul>\n<li>Emlid Flow gestiona de manera eficiente todas las tareas relacionadas con el campo, incluida la configuraci\u00f3n del receptor, el registro RINEX, la recopilaci\u00f3n de datos y el replanteo.<\/li>\n<\/ul>\n<\/li>\n<li><strong>Emlid Flow360<\/strong>\n<ul>\n<li>Puede acceder a los datos de su encuesta a trav\u00e9s de Emlid Flow 360 basado en la nube. Le permite preparar, administrar y exportar sus proyectos desde un navegador.<\/li>\n<\/ul>\n<\/li>\n<li><strong>Emlid Studio<\/strong>\n<ul>\n<li>Software de posprocesamiento gratuito Emlid para macOS y Windows.<\/li>\n<\/ul>\n<\/li>\n<li><strong>Emlid Caster<\/strong>\n<ul>\n<li>Conecte hasta 10 m\u00f3viles a su estaci\u00f3n base a trav\u00e9s de Internet o configure su propia red NTRIP con Emlid Caster.<\/li>\n<\/ul>\n<\/li>\n<\/ul>\n<p>&nbsp;<\/p>\n<h2>Robusto y compacto<\/h2>\n<p><iframe title=\"Emlid Reach RS3 - Introducci\u00f3n\" width=\"1170\" height=\"658\" src=\"about:blank\" frameborder=\"0\" allow=\"accelerometer; autoplay; clipboard-write; encrypted-media; gyroscope; picture-in-picture; web-share\" referrerpolicy=\"strict-origin-when-cross-origin\" allowfullscreen=\"\" class=\"lazyload\" data-src=\"https:\/\/www.youtube.com\/embed\/RqXfHFV1dFs?feature=oembed\"><\/iframe><\/p>\n<p><strong>Dimensiones<\/strong>: 126x126x142mm<br \/>\n<strong>Peso<\/strong>: 950 gramos<\/p>\n<ul>\n<li><strong>IP67<\/strong>\n<ul>\n<li>RS3 es resistente al agua hasta una profundidad de un metro. Los tapones de silicona sellan y protegen completamente todos los conectores del agua y el polvo.<\/li>\n<\/ul>\n<\/li>\n<li><strong>bateria industrial<\/strong>\n<ul>\n<li>La bater\u00eda de iones de litio Reach RS3 soporta bien temperaturas altas y bajas y m\u00e1s de 2000 ciclos de carga y descarga manteniendo su capacidad original.<\/li>\n<li>Mientras que otros cambian las bater\u00edas en caliente, su Reach sigue funcionando.<\/li>\n<\/ul>\n<\/li>\n<li><strong>-20 a +65 \u00ba\u0421<\/strong>\n<ul>\n<li>Probamos exhaustivamente el Reach RS3 en condiciones que simulan los inviernos m\u00e1s fr\u00edos y los veranos m\u00e1s calurosos.<\/li>\n<\/ul>\n<\/li>\n<li><strong>Resistente a impactos<\/strong>\n<ul>\n<li>El cuerpo del Reach RS3 est\u00e1 fabricado en policarbonato y recubierto con elast\u00f3mero. La combinaci\u00f3n de estos materiales hace que su Reach RS3 sea resistente a ca\u00eddas y est\u00e9 listo para las condiciones m\u00e1s duras.<\/li>\n<\/ul>\n<\/li>\n<\/ul>\n<p>&nbsp;<\/p>\n<h2>En el paquete<\/h2>\n<ul>\n<li>2x Reach RS3<\/li>\n<li>2x Antena LoRa<\/li>\n<li>2x Cabo USB<\/li>\n<li>2x Malet\u00edn de transporte con correa<\/li>\n<\/ul>","protected":false},"excerpt":{"rendered":"<h3>Dos receptores Reach RS3 para usar como base y m\u00f3vil<\/h3>\n<p>Precisi\u00f3n de nivel topogr\u00e1fico con compensaci\u00f3n de inclinaci\u00f3n. Viene con una aplicaci\u00f3n m\u00f3vil.<\/p>\n<ul>\n<li><strong>IMU<\/strong>\n<ul>\n<li>6DOF, RTK + 2 mm + 0,3 mm\/\u00b0<\/li>\n<\/ul>\n<\/li>\n<li><strong>GNSS<\/strong>\n<ul>\n<li>GPS\/QZSS, GLONASS L1, L2; Beidou B1, B2; Galileo E1, E5<\/li>\n<\/ul>\n<\/li>\n<li><strong>Autonom\u00eda<\/strong>\n<ul>\n<li>18 horas con compensaci\u00f3n de inclinaci\u00f3n<\/li>\n<li>Bater\u00eda de iones de litio, carga USB tipo C<\/li>\n<\/ul>\n<\/li>\n<li><strong>LTE y WiFi<\/strong>\n<ul>\n<li>Para conectar el dispositivo a Internet<\/li>\n<\/ul>\n<\/li>\n<li><strong>Radio de doble banda<\/strong>\n<ul>\n<li>868\/915 MHz LoRa para recibir y transmitir correcciones<\/li>\n<li>450 MHz UHF para recibir correcciones<\/li>\n<\/ul>\n<\/li>\n<li><strong>NTRIP y RTCM3<\/strong>\n<ul>\n<li>Protocolos soportados para enviar y recibir correcciones<\/li>\n<\/ul>\n<\/li>\n<\/ul>","protected":false},"featured_media":13260,"comment_status":"open","ping_status":"closed","template":"","meta":[],"product_brand":[],"product_cat":[89,365],"product_tag":[58,1027,554,555],"class_list":{"0":"post-13259","1":"product","2":"type-product","3":"status-publish","4":"has-post-thumbnail","6":"product_cat-emlid","7":"product_cat-receivers-emlid","8":"product_tag-emlid","9":"product_tag-emlid-rs-series","10":"product_tag-emlid-rs3","11":"product_tag-emlid-rs3-survey-kit","13":"first","14":"onbackorder","15":"sale","16":"taxable","17":"shipping-taxable","18":"purchasable","19":"product-type-simple"},"yoast_head":"<!-- This site is optimized with the Yoast SEO plugin v27.1.1 - https:\/\/yoast.com\/product\/yoast-seo-wordpress\/ -->\n<title>Emlid Reach RS3 Survey Kit - Ghostysky<\/title>\n<meta name=\"description\" content=\"Two Reach RS3 receivers to use as base and rover. Survey grade precision with tilt compensation. Comes with a mobile app.\" \/>\n<meta name=\"robots\" content=\"index, follow, max-snippet:-1, max-image-preview:large, max-video-preview:-1\" \/>\n<link rel=\"canonical\" href=\"https:\/\/www.ghostysky.com\/es\/producto-2\/emlid-reach-rs3-survey-kit\/\" \/>\n<meta property=\"og:locale\" content=\"es_ES\" \/>\n<meta property=\"og:type\" content=\"article\" \/>\n<meta property=\"og:title\" content=\"Emlid Reach RS3 Survey Kit - Ghostysky\" \/>\n<meta property=\"og:description\" content=\"Two Reach RS3 receivers to use as base and rover. Survey grade precision with tilt compensation. Comes with a mobile app.\" \/>\n<meta property=\"og:url\" content=\"https:\/\/www.ghostysky.com\/es\/producto-2\/emlid-reach-rs3-survey-kit\/\" \/>\n<meta property=\"og:site_name\" content=\"Ghostysky\" \/>\n<meta property=\"article:publisher\" content=\"https:\/\/www.facebook.com\/people\/Ghostysky\/100057676170234\/\" \/>\n<meta property=\"article:modified_time\" content=\"2026-03-24T14:58:31+00:00\" \/>\n<meta property=\"og:image\" content=\"https:\/\/www.ghostysky.com\/wp-content\/uploads\/2023\/09\/RS3-site-1-min-1-1-1-2-595x595-1.webp\" \/>\n\t<meta property=\"og:image:width\" content=\"595\" \/>\n\t<meta property=\"og:image:height\" content=\"595\" \/>\n\t<meta property=\"og:image:type\" content=\"image\/webp\" \/>\n<meta name=\"twitter:card\" content=\"summary_large_image\" \/>\n<meta name=\"twitter:site\" content=\"@Gh0stysky\" \/>\n<meta name=\"twitter:label1\" content=\"Tiempo de lectura\" \/>\n\t<meta name=\"twitter:data1\" content=\"3 minutos\" \/>\n<script type=\"application\/ld+json\" class=\"yoast-schema-graph\">{\"@context\":\"https:\/\/schema.org\",\"@graph\":[{\"@type\":\"WebPage\",\"@id\":\"https:\/\/www.ghostysky.com\/product\/emlid-reach-rs3-survey-kit\/\",\"url\":\"https:\/\/www.ghostysky.com\/product\/emlid-reach-rs3-survey-kit\/\",\"name\":\"Emlid Reach RS3 Survey Kit - Ghostysky\",\"isPartOf\":{\"@id\":\"https:\/\/www.ghostysky.com\/#website\"},\"primaryImageOfPage\":{\"@id\":\"https:\/\/www.ghostysky.com\/product\/emlid-reach-rs3-survey-kit\/#primaryimage\"},\"image\":{\"@id\":\"https:\/\/www.ghostysky.com\/product\/emlid-reach-rs3-survey-kit\/#primaryimage\"},\"thumbnailUrl\":\"https:\/\/www.ghostysky.com\/wp-content\/uploads\/2023\/09\/RS3-site-1-min-1-1-1-2-595x595-1.webp\",\"datePublished\":\"2023-09-26T16:58:32+00:00\",\"dateModified\":\"2026-03-24T14:58:31+00:00\",\"description\":\"Two Reach RS3 receivers to use as base and rover. Survey grade precision with tilt compensation. Comes with a mobile app.\",\"breadcrumb\":{\"@id\":\"https:\/\/www.ghostysky.com\/product\/emlid-reach-rs3-survey-kit\/#breadcrumb\"},\"inLanguage\":\"es\",\"potentialAction\":[{\"@type\":\"ReadAction\",\"target\":[\"https:\/\/www.ghostysky.com\/product\/emlid-reach-rs3-survey-kit\/\"]}]},{\"@type\":\"ImageObject\",\"inLanguage\":\"es\",\"@id\":\"https:\/\/www.ghostysky.com\/product\/emlid-reach-rs3-survey-kit\/#primaryimage\",\"url\":\"https:\/\/www.ghostysky.com\/wp-content\/uploads\/2023\/09\/RS3-site-1-min-1-1-1-2-595x595-1.webp\",\"contentUrl\":\"https:\/\/www.ghostysky.com\/wp-content\/uploads\/2023\/09\/RS3-site-1-min-1-1-1-2-595x595-1.webp\",\"width\":595,\"height\":595},{\"@type\":\"BreadcrumbList\",\"@id\":\"https:\/\/www.ghostysky.com\/product\/emlid-reach-rs3-survey-kit\/#breadcrumb\",\"itemListElement\":[{\"@type\":\"ListItem\",\"position\":1,\"name\":\"Home\",\"item\":\"https:\/\/www.ghostysky.com\/\"},{\"@type\":\"ListItem\",\"position\":2,\"name\":\"Shop\",\"item\":\"https:\/\/www.ghostysky.com\/shop\/\"},{\"@type\":\"ListItem\",\"position\":3,\"name\":\"Emlid Reach RS3 Survey Kit\"}]},{\"@type\":\"WebSite\",\"@id\":\"https:\/\/www.ghostysky.com\/#website\",\"url\":\"https:\/\/www.ghostysky.com\/\",\"name\":\"Ghostysky\",\"description\":\"Delivering professional drones and services\",\"publisher\":{\"@id\":\"https:\/\/www.ghostysky.com\/#organization\"},\"potentialAction\":[{\"@type\":\"SearchAction\",\"target\":{\"@type\":\"EntryPoint\",\"urlTemplate\":\"https:\/\/www.ghostysky.com\/?s={search_term_string}\"},\"query-input\":{\"@type\":\"PropertyValueSpecification\",\"valueRequired\":true,\"valueName\":\"search_term_string\"}}],\"inLanguage\":\"es\"},{\"@type\":\"Organization\",\"@id\":\"https:\/\/www.ghostysky.com\/#organization\",\"name\":\"Ghostysky\",\"url\":\"https:\/\/www.ghostysky.com\/\",\"logo\":{\"@type\":\"ImageObject\",\"inLanguage\":\"es\",\"@id\":\"https:\/\/www.ghostysky.com\/#\/schema\/logo\/image\/\",\"url\":\"https:\/\/www.ghostysky.com\/wp-content\/uploads\/2020\/06\/cropped-ghostyskylogo_text_white2.png\",\"contentUrl\":\"https:\/\/www.ghostysky.com\/wp-content\/uploads\/2020\/06\/cropped-ghostyskylogo_text_white2.png\",\"width\":169,\"height\":56,\"caption\":\"Ghostysky\"},\"image\":{\"@id\":\"https:\/\/www.ghostysky.com\/#\/schema\/logo\/image\/\"},\"sameAs\":[\"https:\/\/www.facebook.com\/people\/Ghostysky\/100057676170234\/\",\"https:\/\/x.com\/Gh0stysky\",\"https:\/\/www.linkedin.com\/company\/34739653\",\"https:\/\/www.instagram.com\/gh0stysky\"]}]}<\/script>\n<!-- \/ Yoast SEO plugin. -->","yoast_head_json":{"title":"Kit de encuesta Emlid Reach RS3 - Ghostysky","description":"Dos receptores Reach RS3 para usar como base y m\u00f3vil. Precisi\u00f3n de nivel topogr\u00e1fico con compensaci\u00f3n de inclinaci\u00f3n. Viene con una aplicaci\u00f3n m\u00f3vil.","robots":{"index":"index","follow":"follow","max-snippet":"max-snippet:-1","max-image-preview":"max-image-preview:large","max-video-preview":"max-video-preview:-1"},"canonical":"https:\/\/www.ghostysky.com\/es\/producto-2\/emlid-reach-rs3-survey-kit\/","og_locale":"es_ES","og_type":"article","og_title":"Emlid Reach RS3 Survey Kit - Ghostysky","og_description":"Two Reach RS3 receivers to use as base and rover. Survey grade precision with tilt compensation. Comes with a mobile app.","og_url":"https:\/\/www.ghostysky.com\/es\/producto-2\/emlid-reach-rs3-survey-kit\/","og_site_name":"Ghostysky","article_publisher":"https:\/\/www.facebook.com\/people\/Ghostysky\/100057676170234\/","article_modified_time":"2026-03-24T14:58:31+00:00","og_image":[{"width":595,"height":595,"url":"https:\/\/www.ghostysky.com\/wp-content\/uploads\/2023\/09\/RS3-site-1-min-1-1-1-2-595x595-1.webp","type":"image\/webp"}],"twitter_card":"summary_large_image","twitter_site":"@Gh0stysky","twitter_misc":{"Tiempo de lectura":"3 minutos"},"schema":{"@context":"https:\/\/schema.org","@graph":[{"@type":"WebPage","@id":"https:\/\/www.ghostysky.com\/product\/emlid-reach-rs3-survey-kit\/","url":"https:\/\/www.ghostysky.com\/product\/emlid-reach-rs3-survey-kit\/","name":"Kit de encuesta Emlid Reach RS3 - Ghostysky","isPartOf":{"@id":"https:\/\/www.ghostysky.com\/#website"},"primaryImageOfPage":{"@id":"https:\/\/www.ghostysky.com\/product\/emlid-reach-rs3-survey-kit\/#primaryimage"},"image":{"@id":"https:\/\/www.ghostysky.com\/product\/emlid-reach-rs3-survey-kit\/#primaryimage"},"thumbnailUrl":"https:\/\/www.ghostysky.com\/wp-content\/uploads\/2023\/09\/RS3-site-1-min-1-1-1-2-595x595-1.webp","datePublished":"2023-09-26T16:58:32+00:00","dateModified":"2026-03-24T14:58:31+00:00","description":"Dos receptores Reach RS3 para usar como base y m\u00f3vil. Precisi\u00f3n de nivel topogr\u00e1fico con compensaci\u00f3n de inclinaci\u00f3n. Viene con una aplicaci\u00f3n m\u00f3vil.","breadcrumb":{"@id":"https:\/\/www.ghostysky.com\/product\/emlid-reach-rs3-survey-kit\/#breadcrumb"},"inLanguage":"es","potentialAction":[{"@type":"ReadAction","target":["https:\/\/www.ghostysky.com\/product\/emlid-reach-rs3-survey-kit\/"]}]},{"@type":"ImageObject","inLanguage":"es","@id":"https:\/\/www.ghostysky.com\/product\/emlid-reach-rs3-survey-kit\/#primaryimage","url":"https:\/\/www.ghostysky.com\/wp-content\/uploads\/2023\/09\/RS3-site-1-min-1-1-1-2-595x595-1.webp","contentUrl":"https:\/\/www.ghostysky.com\/wp-content\/uploads\/2023\/09\/RS3-site-1-min-1-1-1-2-595x595-1.webp","width":595,"height":595},{"@type":"BreadcrumbList","@id":"https:\/\/www.ghostysky.com\/product\/emlid-reach-rs3-survey-kit\/#breadcrumb","itemListElement":[{"@type":"ListItem","position":1,"name":"Home","item":"https:\/\/www.ghostysky.com\/"},{"@type":"ListItem","position":2,"name":"Shop","item":"https:\/\/www.ghostysky.com\/shop\/"},{"@type":"ListItem","position":3,"name":"Emlid Reach RS3 Survey Kit"}]},{"@type":"WebSite","@id":"https:\/\/www.ghostysky.com\/#website","url":"https:\/\/www.ghostysky.com\/","name":"Ghostysky","description":"Entrega de drones y servicios profesionales","publisher":{"@id":"https:\/\/www.ghostysky.com\/#organization"},"potentialAction":[{"@type":"SearchAction","target":{"@type":"EntryPoint","urlTemplate":"https:\/\/www.ghostysky.com\/?s={search_term_string}"},"query-input":{"@type":"PropertyValueSpecification","valueRequired":true,"valueName":"search_term_string"}}],"inLanguage":"es"},{"@type":"Organization","@id":"https:\/\/www.ghostysky.com\/#organization","name":"Ghostysky","url":"https:\/\/www.ghostysky.com\/","logo":{"@type":"ImageObject","inLanguage":"es","@id":"https:\/\/www.ghostysky.com\/#\/schema\/logo\/image\/","url":"https:\/\/www.ghostysky.com\/wp-content\/uploads\/2020\/06\/cropped-ghostyskylogo_text_white2.png","contentUrl":"https:\/\/www.ghostysky.com\/wp-content\/uploads\/2020\/06\/cropped-ghostyskylogo_text_white2.png","width":169,"height":56,"caption":"Ghostysky"},"image":{"@id":"https:\/\/www.ghostysky.com\/#\/schema\/logo\/image\/"},"sameAs":["https:\/\/www.facebook.com\/people\/Ghostysky\/100057676170234\/","https:\/\/x.com\/Gh0stysky","https:\/\/www.linkedin.com\/company\/34739653","https:\/\/www.instagram.com\/gh0stysky"]}]}},"_links":{"self":[{"href":"https:\/\/www.ghostysky.com\/es\/wp-json\/wp\/v2\/product\/13259","targetHints":{"allow":["GET"]}}],"collection":[{"href":"https:\/\/www.ghostysky.com\/es\/wp-json\/wp\/v2\/product"}],"about":[{"href":"https:\/\/www.ghostysky.com\/es\/wp-json\/wp\/v2\/types\/product"}],"replies":[{"embeddable":true,"href":"https:\/\/www.ghostysky.com\/es\/wp-json\/wp\/v2\/comments?post=13259"}],"wp:featuredmedia":[{"embeddable":true,"href":"https:\/\/www.ghostysky.com\/es\/wp-json\/wp\/v2\/media\/13260"}],"wp:attachment":[{"href":"https:\/\/www.ghostysky.com\/es\/wp-json\/wp\/v2\/media?parent=13259"}],"wp:term":[{"taxonomy":"product_brand","embeddable":true,"href":"https:\/\/www.ghostysky.com\/es\/wp-json\/wp\/v2\/product_brand?post=13259"},{"taxonomy":"product_cat","embeddable":true,"href":"https:\/\/www.ghostysky.com\/es\/wp-json\/wp\/v2\/product_cat?post=13259"},{"taxonomy":"product_tag","embeddable":true,"href":"https:\/\/www.ghostysky.com\/es\/wp-json\/wp\/v2\/product_tag?post=13259"}],"curies":[{"name":"wp","href":"https:\/\/api.w.org\/{rel}","templated":true}]}}