{"id":15057,"date":"2023-12-07T10:57:05","date_gmt":"2023-12-07T10:57:05","guid":{"rendered":"https:\/\/www.ghostysky.com\/?post_type=product&#038;p=15057"},"modified":"2024-01-26T08:46:30","modified_gmt":"2024-01-26T08:46:30","slug":"south-galaxy-g7-1598-channels-no-modem","status":"publish","type":"product","link":"https:\/\/www.ghostysky.com\/es\/product\/south-galaxy-g7-1598-channels-no-modem\/","title":{"rendered":"South Galaxy G7 (1598 canales, sin m\u00f3dem)"},"content":{"rendered":"<p data-sourcepos=\"1:1-1:231\">El South Galaxy G7 es un receptor GNSS RTK resistente y vers\u00e1til con una IMU (Unidad de medici\u00f3n inercial) incorporada. Proporciona precisi\u00f3n a nivel de cent\u00edmetros en modo RTK y se puede utilizar para una variedad de aplicaciones topogr\u00e1ficas y cartogr\u00e1ficas.<\/p>\n<p data-sourcepos=\"3:1-3:17\"><strong>Caracter\u00edsticas clave:<\/strong><\/p>\n<ul data-sourcepos=\"5:1-16:0\">\n<li data-sourcepos=\"5:1-6:0\">\n<p data-sourcepos=\"5:3-5:159\"><strong>MultiGNSS:<\/strong> Admite constelaciones de sat\u00e9lites GPS, GLONASS, Galileo, BeiDou (Compass), QZSS y SBAS para mejorar la precisi\u00f3n y disponibilidad del posicionamiento.<\/p>\n<\/li>\n<li data-sourcepos=\"7:1-8:0\">\n<p data-sourcepos=\"7:3-7:129\"><strong>Modo RTK:<\/strong> Logra una precisi\u00f3n de nivel centim\u00e9trico mediante la utilizaci\u00f3n de correcciones en tiempo real desde una estaci\u00f3n base o un servicio RTK de red.<\/p>\n<\/li>\n<li data-sourcepos=\"9:1-10:0\">\n<p data-sourcepos=\"9:3-9:147\"><strong>IMU incorporada:<\/strong> Compensa los errores de orientaci\u00f3n causados por la inclinaci\u00f3n y el movimiento, asegurando mediciones precisas incluso en entornos dif\u00edciles.<\/p>\n<\/li>\n<li data-sourcepos=\"11:1-12:0\">\n<p data-sourcepos=\"11:3-11:171\"><strong>Mediciones de alta precisi\u00f3n:<\/strong> Capaz de una precisi\u00f3n subm\u00e9trica para mediciones horizontales y verticales, satisfaciendo las demandas de proyectos exigentes de topograf\u00eda y cartograf\u00eda.<\/p>\n<\/li>\n<li data-sourcepos=\"13:1-14:0\">\n<p data-sourcepos=\"13:3-13:179\"><strong>Aplicaciones vers\u00e1tiles:<\/strong> Adecuado para diversas tareas topogr\u00e1ficas, incluido el mapeo topogr\u00e1fico, el dise\u00f1o del sitio de construcci\u00f3n, los estudios de ingenier\u00eda y las aplicaciones de control de m\u00e1quinas.<\/p>\n<\/li>\n<li data-sourcepos=\"15:1-16:0\">\n<p data-sourcepos=\"15:3-15:136\"><strong>Dise\u00f1o duradero:<\/strong> Encerrado en una carcasa resistente e impermeable, el South Galaxy G7 est\u00e1 dise\u00f1ado para soportar duras condiciones exteriores.<\/p>\n<\/li>\n<\/ul>\n<p data-sourcepos=\"17:1-17:19\"><strong>Especificaciones:<\/strong><\/p>\n<ul data-sourcepos=\"19:1-38:0\">\n<li data-sourcepos=\"19:1-20:0\">\n<p data-sourcepos=\"19:3-19:118\"><strong>Bandas de frecuencia:<\/strong> Constelaciones de sat\u00e9lites Galileo, BDS(Beidou), GPS, Glonass, SBAS, IRNSS y QZSS.<\/p>\n<\/li>\n<li data-sourcepos=\"21:1-22:0\">\n<p data-sourcepos=\"21:3-21:29\"><strong>Canales satelitales:<\/strong> Entre 1598 y 1760<\/p>\n<\/li>\n<li data-sourcepos=\"23:1-24:0\">\n<p data-sourcepos=\"23:3-23:116\"><strong>Precisi\u00f3n de posicionamiento:<\/strong> RTK: &lt;1 cm (&lt;0,3 pies), Est\u00e1tico: &lt;5 cm (&lt;1,6 pies), RTK r\u00e1pido: &lt;3 cm (&lt;1 pie)<\/p>\n<\/li>\n<li data-sourcepos=\"25:1-26:0\">\n<p data-sourcepos=\"25:3-25:117\"><strong>Precisi\u00f3n horizontal:<\/strong> RTK: &lt;3 mm (&lt;0,11 pies), Est\u00e1tico: &lt;10 mm (&lt;0,33 pies), RTK r\u00e1pido: &lt;15 mm (0,5 pies)<\/p>\n<\/li>\n<li data-sourcepos=\"27:1-28:0\">\n<p data-sourcepos=\"27:3-27:113\"><strong>Precisi\u00f3n vertical:<\/strong> RTK: &lt;1 mm (&lt;0,03 pies), Est\u00e1tico: &lt;2 mm (&lt;0,07 pies), RTK r\u00e1pido: &lt;3 mm (0,1 pies)<\/p>\n<\/li>\n<li data-sourcepos=\"29:1-30:0\">\n<p data-sourcepos=\"29:3-29:27\"><strong>Resoluci\u00f3n de la IMU:<\/strong> 0,01\u00b0<\/p>\n<\/li>\n<li data-sourcepos=\"31:1-32:0\">\n<p data-sourcepos=\"31:3-31:46\"><strong>Salida de datos:<\/strong> RTCM 2.3\/3.0, RINEX 2.x\/3.x<\/p>\n<\/li>\n<li data-sourcepos=\"33:1-34:0\">\n<p data-sourcepos=\"33:3-33:61\"><strong>Temperatura de funcionamiento:<\/strong> -40\u00b0C a +60\u00b0C (-40\u00b0F a +140\u00b0F)<\/p>\n<\/li>\n<li data-sourcepos=\"35:1-36:0\">\n<p data-sourcepos=\"35:3-35:59\"><strong>Temperatura de almacenamiento:<\/strong> -40\u00b0C a +85\u00b0C (-40\u00b0F a +185\u00b0F)<\/p>\n<\/li>\n<li data-sourcepos=\"37:1-38:0\">\n<p data-sourcepos=\"37:3-37:47\"><strong>Rango de humedad:<\/strong> 5% a 95%, sin condensaci\u00f3n<\/p>\n<\/li>\n<\/ul>\n<p data-sourcepos=\"39:1-39:275\"><strong>En general, el South Galaxy G7 es un receptor GNSS RTK potente y vers\u00e1til, ideal para una amplia gama de aplicaciones topogr\u00e1ficas y cartogr\u00e1ficas. Su tama\u00f1o compacto, construcci\u00f3n robusta y mediciones de alta precisi\u00f3n lo convierten en una herramienta valiosa para los profesionales en el campo.<\/strong><\/p>","protected":false},"excerpt":{"rendered":"<p>El South Galaxy G7 es un receptor GNSS RTK vers\u00e1til y resistente con una IMU (Unidad de medici\u00f3n inercial) incorporada que proporciona precisi\u00f3n de nivel centim\u00e9trico para aplicaciones topogr\u00e1ficas y cartogr\u00e1ficas. Admite m\u00faltiples constelaciones GNSS, incluidas GPS, GLONASS, Galileo, BeiDou, QZSS y SBAS, y se puede utilizar en varios modos, incluidos RTK, est\u00e1tico y RTK r\u00e1pido. Su tama\u00f1o compacto, dise\u00f1o duradero y caracter\u00edsticas integrales lo convierten en una herramienta valiosa para los profesionales de la industria topogr\u00e1fica y cartogr\u00e1fica.<\/p>\n<ul>\n<li>1598 canales<\/li>\n<li>Sin m\u00f3dem<\/li>\n<\/ul>","protected":false},"featured_media":15062,"comment_status":"open","ping_status":"closed","template":"","meta":[],"product_brand":[],"product_cat":[372,371],"product_tag":[597,603,596,598,595],"class_list":{"0":"post-15057","1":"product","2":"type-product","3":"status-publish","4":"has-post-thumbnail","6":"product_cat-receivers-south","7":"product_cat-south","8":"product_tag-1598-channels","9":"product_tag-g7-1598","10":"product_tag-galaxy-g7","11":"product_tag-no-modem","12":"product_tag-south-instruments","14":"first","15":"onbackorder","16":"taxable","17":"shipping-taxable","18":"product-type-simple"},"yoast_head":"<!-- This site is optimized with the Yoast SEO plugin v27.1.1 - https:\/\/yoast.com\/product\/yoast-seo-wordpress\/ -->\n<title>South Galaxy G7 (1598 channels, no modem) - Ghostysky<\/title>\n<meta name=\"description\" content=\"The South Galaxy G7 is a versatile and rugged GNSS RTK receiver with a built-in IMU (Inertial Measurement Unit) that provides centimeter-level accuracy for surveying and mapping applications. It supports multiple GNSS constellations, including GPS, GLONASS, Galileo, BeiDou, QZSS, and SBAS, and can be used in various modes, including RTK, static, and fast RTK. Its compact size, durable design, and comprehensive features make it a valuable tool for professionals in the surveying and mapping industry.1598 channelsNo Modem\" \/>\n<meta name=\"robots\" content=\"index, follow, max-snippet:-1, max-image-preview:large, max-video-preview:-1\" \/>\n<link rel=\"canonical\" href=\"https:\/\/www.ghostysky.com\/es\/producto-2\/south-galaxy-g7-1598-channels-no-modem\/\" \/>\n<meta property=\"og:locale\" content=\"es_ES\" \/>\n<meta property=\"og:type\" content=\"article\" \/>\n<meta property=\"og:title\" content=\"South Galaxy G7 (1598 channels, no modem) - Ghostysky\" \/>\n<meta property=\"og:description\" content=\"The South Galaxy G7 is a versatile and rugged GNSS RTK receiver with a built-in IMU (Inertial Measurement Unit) that provides centimeter-level accuracy for surveying and mapping applications. It supports multiple GNSS constellations, including GPS, GLONASS, Galileo, BeiDou, QZSS, and SBAS, and can be used in various modes, including RTK, static, and fast RTK. Its compact size, durable design, and comprehensive features make it a valuable tool for professionals in the surveying and mapping industry.1598 channelsNo Modem\" \/>\n<meta property=\"og:url\" content=\"https:\/\/www.ghostysky.com\/es\/producto-2\/south-galaxy-g7-1598-channels-no-modem\/\" \/>\n<meta property=\"og:site_name\" content=\"Ghostysky\" \/>\n<meta property=\"article:publisher\" content=\"https:\/\/www.facebook.com\/people\/Ghostysky\/100057676170234\/\" \/>\n<meta property=\"article:modified_time\" content=\"2024-01-26T08:46:30+00:00\" \/>\n<meta property=\"og:image\" content=\"https:\/\/www.ghostysky.com\/wp-content\/uploads\/2023\/12\/South-Inst-Galaxy-G7_1.jpg\" \/>\n\t<meta property=\"og:image:width\" content=\"800\" \/>\n\t<meta property=\"og:image:height\" content=\"800\" \/>\n\t<meta property=\"og:image:type\" content=\"image\/jpeg\" \/>\n<meta name=\"twitter:card\" content=\"summary_large_image\" \/>\n<meta name=\"twitter:site\" content=\"@Gh0stysky\" \/>\n<meta name=\"twitter:label1\" content=\"Tiempo de lectura\" \/>\n\t<meta name=\"twitter:data1\" content=\"2 minutos\" \/>\n<script type=\"application\/ld+json\" class=\"yoast-schema-graph\">{\"@context\":\"https:\/\/schema.org\",\"@graph\":[{\"@type\":\"WebPage\",\"@id\":\"https:\/\/www.ghostysky.com\/product\/south-galaxy-g7-1598-channels-no-modem\/\",\"url\":\"https:\/\/www.ghostysky.com\/product\/south-galaxy-g7-1598-channels-no-modem\/\",\"name\":\"South Galaxy G7 (1598 channels, no modem) - Ghostysky\",\"isPartOf\":{\"@id\":\"https:\/\/www.ghostysky.com\/#website\"},\"primaryImageOfPage\":{\"@id\":\"https:\/\/www.ghostysky.com\/product\/south-galaxy-g7-1598-channels-no-modem\/#primaryimage\"},\"image\":{\"@id\":\"https:\/\/www.ghostysky.com\/product\/south-galaxy-g7-1598-channels-no-modem\/#primaryimage\"},\"thumbnailUrl\":\"https:\/\/www.ghostysky.com\/wp-content\/uploads\/2023\/12\/South-Inst-Galaxy-G7_1.jpg\",\"datePublished\":\"2023-12-07T10:57:05+00:00\",\"dateModified\":\"2024-01-26T08:46:30+00:00\",\"description\":\"The South Galaxy G7 is a versatile and rugged GNSS RTK receiver with a built-in IMU (Inertial Measurement Unit) that provides centimeter-level accuracy for surveying and mapping applications. It supports multiple GNSS constellations, including GPS, GLONASS, Galileo, BeiDou, QZSS, and SBAS, and can be used in various modes, including RTK, static, and fast RTK. Its compact size, durable design, and comprehensive features make it a valuable tool for professionals in the surveying and mapping industry.1598 channelsNo Modem\",\"breadcrumb\":{\"@id\":\"https:\/\/www.ghostysky.com\/product\/south-galaxy-g7-1598-channels-no-modem\/#breadcrumb\"},\"inLanguage\":\"es\",\"potentialAction\":[{\"@type\":\"ReadAction\",\"target\":[\"https:\/\/www.ghostysky.com\/product\/south-galaxy-g7-1598-channels-no-modem\/\"]}]},{\"@type\":\"ImageObject\",\"inLanguage\":\"es\",\"@id\":\"https:\/\/www.ghostysky.com\/product\/south-galaxy-g7-1598-channels-no-modem\/#primaryimage\",\"url\":\"https:\/\/www.ghostysky.com\/wp-content\/uploads\/2023\/12\/South-Inst-Galaxy-G7_1.jpg\",\"contentUrl\":\"https:\/\/www.ghostysky.com\/wp-content\/uploads\/2023\/12\/South-Inst-Galaxy-G7_1.jpg\",\"width\":800,\"height\":800},{\"@type\":\"BreadcrumbList\",\"@id\":\"https:\/\/www.ghostysky.com\/product\/south-galaxy-g7-1598-channels-no-modem\/#breadcrumb\",\"itemListElement\":[{\"@type\":\"ListItem\",\"position\":1,\"name\":\"Home\",\"item\":\"https:\/\/www.ghostysky.com\/\"},{\"@type\":\"ListItem\",\"position\":2,\"name\":\"Shop\",\"item\":\"https:\/\/www.ghostysky.com\/shop\/\"},{\"@type\":\"ListItem\",\"position\":3,\"name\":\"South Galaxy G7 (1598 channels, no modem)\"}]},{\"@type\":\"WebSite\",\"@id\":\"https:\/\/www.ghostysky.com\/#website\",\"url\":\"https:\/\/www.ghostysky.com\/\",\"name\":\"Ghostysky\",\"description\":\"Delivering professional drones and services\",\"publisher\":{\"@id\":\"https:\/\/www.ghostysky.com\/#organization\"},\"potentialAction\":[{\"@type\":\"SearchAction\",\"target\":{\"@type\":\"EntryPoint\",\"urlTemplate\":\"https:\/\/www.ghostysky.com\/?s={search_term_string}\"},\"query-input\":{\"@type\":\"PropertyValueSpecification\",\"valueRequired\":true,\"valueName\":\"search_term_string\"}}],\"inLanguage\":\"es\"},{\"@type\":\"Organization\",\"@id\":\"https:\/\/www.ghostysky.com\/#organization\",\"name\":\"Ghostysky\",\"url\":\"https:\/\/www.ghostysky.com\/\",\"logo\":{\"@type\":\"ImageObject\",\"inLanguage\":\"es\",\"@id\":\"https:\/\/www.ghostysky.com\/#\/schema\/logo\/image\/\",\"url\":\"https:\/\/www.ghostysky.com\/wp-content\/uploads\/2020\/06\/cropped-ghostyskylogo_text_white2.png\",\"contentUrl\":\"https:\/\/www.ghostysky.com\/wp-content\/uploads\/2020\/06\/cropped-ghostyskylogo_text_white2.png\",\"width\":169,\"height\":56,\"caption\":\"Ghostysky\"},\"image\":{\"@id\":\"https:\/\/www.ghostysky.com\/#\/schema\/logo\/image\/\"},\"sameAs\":[\"https:\/\/www.facebook.com\/people\/Ghostysky\/100057676170234\/\",\"https:\/\/x.com\/Gh0stysky\",\"https:\/\/www.linkedin.com\/company\/34739653\",\"https:\/\/www.instagram.com\/gh0stysky\"]}]}<\/script>\n<!-- \/ Yoast SEO plugin. -->","yoast_head_json":{"title":"South Galaxy G7 (1598 canales, sin m\u00f3dem) - Ghostysky","description":"El South Galaxy G7 es un receptor GNSS RTK vers\u00e1til y resistente con una IMU (Unidad de medici\u00f3n inercial) incorporada que proporciona precisi\u00f3n de nivel centim\u00e9trico para aplicaciones topogr\u00e1ficas y cartogr\u00e1ficas. Admite m\u00faltiples constelaciones GNSS, incluidas GPS, GLONASS, Galileo, BeiDou, QZSS y SBAS, y se puede utilizar en varios modos, incluidos RTK, est\u00e1tico y RTK r\u00e1pido. Su tama\u00f1o compacto, dise\u00f1o duradero y caracter\u00edsticas integrales lo convierten en una herramienta valiosa para los profesionales de la industria topogr\u00e1fica y cartogr\u00e1fica.1598 canalesSin m\u00f3dem","robots":{"index":"index","follow":"follow","max-snippet":"max-snippet:-1","max-image-preview":"max-image-preview:large","max-video-preview":"max-video-preview:-1"},"canonical":"https:\/\/www.ghostysky.com\/es\/producto-2\/south-galaxy-g7-1598-channels-no-modem\/","og_locale":"es_ES","og_type":"article","og_title":"South Galaxy G7 (1598 channels, no modem) - Ghostysky","og_description":"The South Galaxy G7 is a versatile and rugged GNSS RTK receiver with a built-in IMU (Inertial Measurement Unit) that provides centimeter-level accuracy for surveying and mapping applications. It supports multiple GNSS constellations, including GPS, GLONASS, Galileo, BeiDou, QZSS, and SBAS, and can be used in various modes, including RTK, static, and fast RTK. Its compact size, durable design, and comprehensive features make it a valuable tool for professionals in the surveying and mapping industry.1598 channelsNo Modem","og_url":"https:\/\/www.ghostysky.com\/es\/producto-2\/south-galaxy-g7-1598-channels-no-modem\/","og_site_name":"Ghostysky","article_publisher":"https:\/\/www.facebook.com\/people\/Ghostysky\/100057676170234\/","article_modified_time":"2024-01-26T08:46:30+00:00","og_image":[{"width":800,"height":800,"url":"https:\/\/www.ghostysky.com\/wp-content\/uploads\/2023\/12\/South-Inst-Galaxy-G7_1.jpg","type":"image\/jpeg"}],"twitter_card":"summary_large_image","twitter_site":"@Gh0stysky","twitter_misc":{"Tiempo de lectura":"2 minutos"},"schema":{"@context":"https:\/\/schema.org","@graph":[{"@type":"WebPage","@id":"https:\/\/www.ghostysky.com\/product\/south-galaxy-g7-1598-channels-no-modem\/","url":"https:\/\/www.ghostysky.com\/product\/south-galaxy-g7-1598-channels-no-modem\/","name":"South Galaxy G7 (1598 canales, sin m\u00f3dem) - Ghostysky","isPartOf":{"@id":"https:\/\/www.ghostysky.com\/#website"},"primaryImageOfPage":{"@id":"https:\/\/www.ghostysky.com\/product\/south-galaxy-g7-1598-channels-no-modem\/#primaryimage"},"image":{"@id":"https:\/\/www.ghostysky.com\/product\/south-galaxy-g7-1598-channels-no-modem\/#primaryimage"},"thumbnailUrl":"https:\/\/www.ghostysky.com\/wp-content\/uploads\/2023\/12\/South-Inst-Galaxy-G7_1.jpg","datePublished":"2023-12-07T10:57:05+00:00","dateModified":"2024-01-26T08:46:30+00:00","description":"El South Galaxy G7 es un receptor GNSS RTK vers\u00e1til y resistente con una IMU (Unidad de medici\u00f3n inercial) incorporada que proporciona precisi\u00f3n de nivel centim\u00e9trico para aplicaciones topogr\u00e1ficas y cartogr\u00e1ficas. Admite m\u00faltiples constelaciones GNSS, incluidas GPS, GLONASS, Galileo, BeiDou, QZSS y SBAS, y se puede utilizar en varios modos, incluidos RTK, est\u00e1tico y RTK r\u00e1pido. Su tama\u00f1o compacto, dise\u00f1o duradero y caracter\u00edsticas integrales lo convierten en una herramienta valiosa para los profesionales de la industria topogr\u00e1fica y cartogr\u00e1fica.1598 canalesSin m\u00f3dem","breadcrumb":{"@id":"https:\/\/www.ghostysky.com\/product\/south-galaxy-g7-1598-channels-no-modem\/#breadcrumb"},"inLanguage":"es","potentialAction":[{"@type":"ReadAction","target":["https:\/\/www.ghostysky.com\/product\/south-galaxy-g7-1598-channels-no-modem\/"]}]},{"@type":"ImageObject","inLanguage":"es","@id":"https:\/\/www.ghostysky.com\/product\/south-galaxy-g7-1598-channels-no-modem\/#primaryimage","url":"https:\/\/www.ghostysky.com\/wp-content\/uploads\/2023\/12\/South-Inst-Galaxy-G7_1.jpg","contentUrl":"https:\/\/www.ghostysky.com\/wp-content\/uploads\/2023\/12\/South-Inst-Galaxy-G7_1.jpg","width":800,"height":800},{"@type":"BreadcrumbList","@id":"https:\/\/www.ghostysky.com\/product\/south-galaxy-g7-1598-channels-no-modem\/#breadcrumb","itemListElement":[{"@type":"ListItem","position":1,"name":"Home","item":"https:\/\/www.ghostysky.com\/"},{"@type":"ListItem","position":2,"name":"Shop","item":"https:\/\/www.ghostysky.com\/shop\/"},{"@type":"ListItem","position":3,"name":"South Galaxy G7 (1598 channels, no modem)"}]},{"@type":"WebSite","@id":"https:\/\/www.ghostysky.com\/#website","url":"https:\/\/www.ghostysky.com\/","name":"Ghostysky","description":"Entrega de drones y servicios profesionales","publisher":{"@id":"https:\/\/www.ghostysky.com\/#organization"},"potentialAction":[{"@type":"SearchAction","target":{"@type":"EntryPoint","urlTemplate":"https:\/\/www.ghostysky.com\/?s={search_term_string}"},"query-input":{"@type":"PropertyValueSpecification","valueRequired":true,"valueName":"search_term_string"}}],"inLanguage":"es"},{"@type":"Organization","@id":"https:\/\/www.ghostysky.com\/#organization","name":"Ghostysky","url":"https:\/\/www.ghostysky.com\/","logo":{"@type":"ImageObject","inLanguage":"es","@id":"https:\/\/www.ghostysky.com\/#\/schema\/logo\/image\/","url":"https:\/\/www.ghostysky.com\/wp-content\/uploads\/2020\/06\/cropped-ghostyskylogo_text_white2.png","contentUrl":"https:\/\/www.ghostysky.com\/wp-content\/uploads\/2020\/06\/cropped-ghostyskylogo_text_white2.png","width":169,"height":56,"caption":"Ghostysky"},"image":{"@id":"https:\/\/www.ghostysky.com\/#\/schema\/logo\/image\/"},"sameAs":["https:\/\/www.facebook.com\/people\/Ghostysky\/100057676170234\/","https:\/\/x.com\/Gh0stysky","https:\/\/www.linkedin.com\/company\/34739653","https:\/\/www.instagram.com\/gh0stysky"]}]}},"_links":{"self":[{"href":"https:\/\/www.ghostysky.com\/es\/wp-json\/wp\/v2\/product\/15057","targetHints":{"allow":["GET"]}}],"collection":[{"href":"https:\/\/www.ghostysky.com\/es\/wp-json\/wp\/v2\/product"}],"about":[{"href":"https:\/\/www.ghostysky.com\/es\/wp-json\/wp\/v2\/types\/product"}],"replies":[{"embeddable":true,"href":"https:\/\/www.ghostysky.com\/es\/wp-json\/wp\/v2\/comments?post=15057"}],"wp:featuredmedia":[{"embeddable":true,"href":"https:\/\/www.ghostysky.com\/es\/wp-json\/wp\/v2\/media\/15062"}],"wp:attachment":[{"href":"https:\/\/www.ghostysky.com\/es\/wp-json\/wp\/v2\/media?parent=15057"}],"wp:term":[{"taxonomy":"product_brand","embeddable":true,"href":"https:\/\/www.ghostysky.com\/es\/wp-json\/wp\/v2\/product_brand?post=15057"},{"taxonomy":"product_cat","embeddable":true,"href":"https:\/\/www.ghostysky.com\/es\/wp-json\/wp\/v2\/product_cat?post=15057"},{"taxonomy":"product_tag","embeddable":true,"href":"https:\/\/www.ghostysky.com\/es\/wp-json\/wp\/v2\/product_tag?post=15057"}],"curies":[{"name":"wp","href":"https:\/\/api.w.org\/{rel}","templated":true}]}}