{"id":15077,"date":"2023-12-07T11:37:05","date_gmt":"2023-12-07T11:37:05","guid":{"rendered":"https:\/\/www.ghostysky.com\/?post_type=product&#038;p=15077"},"modified":"2024-01-26T08:46:04","modified_gmt":"2024-01-26T08:46:04","slug":"south-galaxy-g2-965-channels","status":"publish","type":"product","link":"https:\/\/www.ghostysky.com\/es\/product\/south-galaxy-g2-965-channels\/","title":{"rendered":"South Galaxy G2 (965 canales)"},"content":{"rendered":"<p data-sourcepos=\"1:1-1:240\">El South Instruments Galaxy G2 es un receptor GNSS de alta precisi\u00f3n dise\u00f1ado para aplicaciones profesionales de topograf\u00eda y cartograf\u00eda. Ofrece una variedad de caracter\u00edsticas que la convierten en una herramienta vers\u00e1til y confiable para una amplia gama de tareas, que incluyen:<\/p>\n<ul data-sourcepos=\"3:1-14:0\">\n<li data-sourcepos=\"3:1-4:0\">\n<p data-sourcepos=\"3:3-3:221\"><strong>Posicionamiento RTK:<\/strong> El Galaxy G2 puede alcanzar una precisi\u00f3n de nivel centim\u00e9trico en tiempo real utilizando la t\u00e9cnica RTK (Real-Time Kinematic). Esto lo hace ideal para aplicaciones como agrimensura, construcci\u00f3n y miner\u00eda.<\/p>\n<\/li>\n<li data-sourcepos=\"5:1-6:0\">\n<p data-sourcepos=\"5:3-5:200\"><strong>Posicionamiento est\u00e1tico:<\/strong> El Galaxy G2 tambi\u00e9n se puede utilizar para posicionamiento est\u00e1tico, lo que puede lograr una precisi\u00f3n inferior al metro. Esto es \u00fatil para aplicaciones como levantamientos de l\u00edmites y mapeo topogr\u00e1fico.<\/p>\n<\/li>\n<li data-sourcepos=\"7:1-8:0\">\n<p data-sourcepos=\"7:3-7:199\"><strong>Posicionamiento diferencial:<\/strong> El Galaxy G2 se puede utilizar con una red CORS (estaci\u00f3n de referencia de funcionamiento continuo) para lograr precisi\u00f3n de posicionamiento en tiempo real sin la necesidad de una estaci\u00f3n base.<\/p>\n<\/li>\n<li data-sourcepos=\"9:1-10:0\">\n<p data-sourcepos=\"9:3-9:235\"><strong>Integraci\u00f3n IMU:<\/strong> El Galaxy G2 est\u00e1 integrado con una IMU (Unidad de medici\u00f3n inercial) de nueva generaci\u00f3n que hace que la medici\u00f3n de la inclinaci\u00f3n sea m\u00e1s estable y precisa. Esto da como resultado un mejor rendimiento de posicionamiento en entornos desafiantes.<\/p>\n<\/li>\n<li data-sourcepos=\"11:1-12:0\">\n<p data-sourcepos=\"11:3-11:263\"><strong>SoC avanzado:<\/strong> El Galaxy G2 est\u00e1 integrado con un SoC (System-on-a-Chip) avanzado, que es un chip que viene con la ventaja de una alta integraci\u00f3n y un bajo consumo de energ\u00eda. Esto permite que el Galaxy G2 logre una bater\u00eda de larga duraci\u00f3n y velocidades de procesamiento r\u00e1pidas.<\/p>\n<\/li>\n<li data-sourcepos=\"13:1-14:0\">\n<p data-sourcepos=\"13:3-13:212\"><strong>Interfaz amigable:<\/strong> El Galaxy G2 tiene una interfaz f\u00e1cil de usar que facilita su operaci\u00f3n y configuraci\u00f3n. Tambi\u00e9n admite una variedad de formatos de datos y se puede conectar a una variedad de perif\u00e9ricos.<\/p>\n<\/li>\n<\/ul>\n<p data-sourcepos=\"15:1-15:86\">Aqu\u00ed hay una tabla que resume las especificaciones clave del South Instruments Galaxy G2:<\/p>\n<h3 data-sourcepos=\"17:1-27:59\">Especificaciones<\/h3>\n<ul>\n<li data-sourcepos=\"17:1-27:59\">Constelaciones GNSS | GPS, GLONASS, BeiDou, Galileo<\/li>\n<li data-sourcepos=\"17:1-27:59\">Bandas de frecuencia | L1, L2, L5<\/li>\n<li data-sourcepos=\"17:1-27:59\">Seguimiento por sat\u00e9lite | 965 o 1760 canales<\/li>\n<li data-sourcepos=\"17:1-27:59\">Precisi\u00f3n de posici\u00f3n | RTK: nivel centim\u00e9trico, est\u00e1tico: subm\u00e9trico, diferencial: en tiempo real sin estaci\u00f3n base<\/li>\n<li data-sourcepos=\"17:1-27:59\">Integraci\u00f3n IMU | S\u00ed<\/li>\n<li data-sourcepos=\"17:1-27:59\">SoC | SoC avanzado<\/li>\n<li data-sourcepos=\"17:1-27:59\">Duraci\u00f3n de la bater\u00eda | Hasta 16 horas<\/li>\n<li data-sourcepos=\"17:1-27:59\">Formatos de datos | RINEX, TXT, REGISTRO, DXF, DWG<\/li>\n<li data-sourcepos=\"17:1-27:59\">Perif\u00e9ricos | Estaci\u00f3n total, recolector de datos, controlador.<\/li>\n<\/ul>\n<p data-sourcepos=\"29:1-29:301\">En general, el South Instruments Galaxy G2 es un receptor GNSS de alta calidad adecuado para una amplia gama de aplicaciones profesionales de topograf\u00eda y cartograf\u00eda. Ofrece una combinaci\u00f3n de alta precisi\u00f3n, versatilidad y facilidad de uso que la convierte en una herramienta valiosa para top\u00f3grafos y cart\u00f3grafos.<\/p>","protected":false},"excerpt":{"rendered":"<p>El South Instruments Galaxy G2 es un receptor GNSS de alta precisi\u00f3n dise\u00f1ado para aplicaciones profesionales de topograf\u00eda y cartograf\u00eda. Ofrece una combinaci\u00f3n de tecnolog\u00eda de vanguardia, funciones f\u00e1ciles de usar y capacidades avanzadas para ofrecer precisi\u00f3n a nivel de cent\u00edmetros en tiempo real y precisi\u00f3n subm\u00e9trica en modo est\u00e1tico.<\/p>","protected":false},"featured_media":15079,"comment_status":"open","ping_status":"closed","template":"","meta":[],"product_brand":[],"product_cat":[372,371],"product_tag":[377,601,595],"class_list":{"0":"post-15077","1":"product","2":"type-product","3":"status-publish","4":"has-post-thumbnail","6":"product_cat-receivers-south","7":"product_cat-south","8":"product_tag-965-channels","9":"product_tag-galaxy-g2","10":"product_tag-south-instruments","12":"first","13":"onbackorder","14":"taxable","15":"shipping-taxable","16":"product-type-simple"},"yoast_head":"<!-- This site is optimized with the Yoast SEO plugin v27.4 - https:\/\/yoast.com\/product\/yoast-seo-wordpress\/ -->\n<title>South Galaxy G2 (965 channels) - Ghostysky<\/title>\n<meta name=\"description\" content=\"The South Instruments Galaxy G2 is a high-precision GNSS receiver designed for professional surveying and mapping applications. It offers a combination of cutting-edge technology, user-friendly features, and advanced capabilities to deliver centimeter-level accuracy in real-time and sub-meter accuracy in static mode.\" \/>\n<meta name=\"robots\" content=\"index, follow, max-snippet:-1, max-image-preview:large, max-video-preview:-1\" \/>\n<link rel=\"canonical\" href=\"https:\/\/www.ghostysky.com\/es\/producto-2\/south-galaxy-g2-965-channels\/\" \/>\n<meta property=\"og:locale\" content=\"es_ES\" \/>\n<meta property=\"og:type\" content=\"article\" \/>\n<meta property=\"og:title\" content=\"South Galaxy G2 (965 channels) - Ghostysky\" \/>\n<meta property=\"og:description\" content=\"The South Instruments Galaxy G2 is a high-precision GNSS receiver designed for professional surveying and mapping applications. It offers a combination of cutting-edge technology, user-friendly features, and advanced capabilities to deliver centimeter-level accuracy in real-time and sub-meter accuracy in static mode.\" \/>\n<meta property=\"og:url\" content=\"https:\/\/www.ghostysky.com\/es\/producto-2\/south-galaxy-g2-965-channels\/\" \/>\n<meta property=\"og:site_name\" content=\"Ghostysky\" \/>\n<meta property=\"article:publisher\" content=\"https:\/\/www.facebook.com\/people\/Ghostysky\/100057676170234\/\" \/>\n<meta property=\"article:modified_time\" content=\"2024-01-26T08:46:04+00:00\" \/>\n<meta property=\"og:image\" content=\"https:\/\/www.ghostysky.com\/wp-content\/uploads\/2023\/12\/south-galaxy-G2_1.jpg\" \/>\n\t<meta property=\"og:image:width\" content=\"800\" \/>\n\t<meta property=\"og:image:height\" content=\"800\" \/>\n\t<meta property=\"og:image:type\" content=\"image\/jpeg\" \/>\n<meta name=\"twitter:card\" content=\"summary_large_image\" \/>\n<meta name=\"twitter:site\" content=\"@Gh0stysky\" \/>\n<meta name=\"twitter:label1\" content=\"Tiempo de lectura\" \/>\n\t<meta name=\"twitter:data1\" content=\"2 minutos\" \/>\n<script type=\"application\/ld+json\" class=\"yoast-schema-graph\">{\"@context\":\"https:\\\/\\\/schema.org\",\"@graph\":[{\"@type\":\"WebPage\",\"@id\":\"https:\\\/\\\/www.ghostysky.com\\\/product\\\/south-galaxy-g2-965-channels\\\/\",\"url\":\"https:\\\/\\\/www.ghostysky.com\\\/product\\\/south-galaxy-g2-965-channels\\\/\",\"name\":\"South Galaxy G2 (965 channels) - Ghostysky\",\"isPartOf\":{\"@id\":\"https:\\\/\\\/www.ghostysky.com\\\/#website\"},\"primaryImageOfPage\":{\"@id\":\"https:\\\/\\\/www.ghostysky.com\\\/product\\\/south-galaxy-g2-965-channels\\\/#primaryimage\"},\"image\":{\"@id\":\"https:\\\/\\\/www.ghostysky.com\\\/product\\\/south-galaxy-g2-965-channels\\\/#primaryimage\"},\"thumbnailUrl\":\"https:\\\/\\\/www.ghostysky.com\\\/wp-content\\\/uploads\\\/2023\\\/12\\\/south-galaxy-G2_1.jpg\",\"datePublished\":\"2023-12-07T11:37:05+00:00\",\"dateModified\":\"2024-01-26T08:46:04+00:00\",\"description\":\"The South Instruments Galaxy G2 is a high-precision GNSS receiver designed for professional surveying and mapping applications. It offers a combination of cutting-edge technology, user-friendly features, and advanced capabilities to deliver centimeter-level accuracy in real-time and sub-meter accuracy in static mode.\",\"breadcrumb\":{\"@id\":\"https:\\\/\\\/www.ghostysky.com\\\/product\\\/south-galaxy-g2-965-channels\\\/#breadcrumb\"},\"inLanguage\":\"es\",\"potentialAction\":[{\"@type\":\"ReadAction\",\"target\":[\"https:\\\/\\\/www.ghostysky.com\\\/product\\\/south-galaxy-g2-965-channels\\\/\"]}]},{\"@type\":\"ImageObject\",\"inLanguage\":\"es\",\"@id\":\"https:\\\/\\\/www.ghostysky.com\\\/product\\\/south-galaxy-g2-965-channels\\\/#primaryimage\",\"url\":\"https:\\\/\\\/www.ghostysky.com\\\/wp-content\\\/uploads\\\/2023\\\/12\\\/south-galaxy-G2_1.jpg\",\"contentUrl\":\"https:\\\/\\\/www.ghostysky.com\\\/wp-content\\\/uploads\\\/2023\\\/12\\\/south-galaxy-G2_1.jpg\",\"width\":800,\"height\":800},{\"@type\":\"BreadcrumbList\",\"@id\":\"https:\\\/\\\/www.ghostysky.com\\\/product\\\/south-galaxy-g2-965-channels\\\/#breadcrumb\",\"itemListElement\":[{\"@type\":\"ListItem\",\"position\":1,\"name\":\"Home\",\"item\":\"https:\\\/\\\/www.ghostysky.com\\\/\"},{\"@type\":\"ListItem\",\"position\":2,\"name\":\"Shop\",\"item\":\"https:\\\/\\\/www.ghostysky.com\\\/shop\\\/\"},{\"@type\":\"ListItem\",\"position\":3,\"name\":\"South Galaxy G2 (965 channels)\"}]},{\"@type\":\"WebSite\",\"@id\":\"https:\\\/\\\/www.ghostysky.com\\\/#website\",\"url\":\"https:\\\/\\\/www.ghostysky.com\\\/\",\"name\":\"Ghostysky\",\"description\":\"Delivering professional drones and robotics solutions\",\"publisher\":{\"@id\":\"https:\\\/\\\/www.ghostysky.com\\\/#organization\"},\"potentialAction\":[{\"@type\":\"SearchAction\",\"target\":{\"@type\":\"EntryPoint\",\"urlTemplate\":\"https:\\\/\\\/www.ghostysky.com\\\/?s={search_term_string}\"},\"query-input\":{\"@type\":\"PropertyValueSpecification\",\"valueRequired\":true,\"valueName\":\"search_term_string\"}}],\"inLanguage\":\"es\"},{\"@type\":\"Organization\",\"@id\":\"https:\\\/\\\/www.ghostysky.com\\\/#organization\",\"name\":\"Ghostysky\",\"url\":\"https:\\\/\\\/www.ghostysky.com\\\/\",\"logo\":{\"@type\":\"ImageObject\",\"inLanguage\":\"es\",\"@id\":\"https:\\\/\\\/www.ghostysky.com\\\/#\\\/schema\\\/logo\\\/image\\\/\",\"url\":\"https:\\\/\\\/www.ghostysky.com\\\/wp-content\\\/uploads\\\/2020\\\/06\\\/cropped-ghostyskylogo_text_white2.png\",\"contentUrl\":\"https:\\\/\\\/www.ghostysky.com\\\/wp-content\\\/uploads\\\/2020\\\/06\\\/cropped-ghostyskylogo_text_white2.png\",\"width\":169,\"height\":56,\"caption\":\"Ghostysky\"},\"image\":{\"@id\":\"https:\\\/\\\/www.ghostysky.com\\\/#\\\/schema\\\/logo\\\/image\\\/\"},\"sameAs\":[\"https:\\\/\\\/www.facebook.com\\\/people\\\/Ghostysky\\\/100057676170234\\\/\",\"https:\\\/\\\/x.com\\\/Gh0stysky\",\"https:\\\/\\\/www.linkedin.com\\\/company\\\/34739653\",\"https:\\\/\\\/www.instagram.com\\\/gh0stysky\"]}]}<\/script>\n<!-- \/ Yoast SEO plugin. -->","yoast_head_json":{"title":"Sur Galaxy G2 (965 canales) - Ghostysky","description":"El South Instruments Galaxy G2 es un receptor GNSS de alta precisi\u00f3n dise\u00f1ado para aplicaciones profesionales de topograf\u00eda y cartograf\u00eda. Ofrece una combinaci\u00f3n de tecnolog\u00eda de vanguardia, funciones f\u00e1ciles de usar y capacidades avanzadas para ofrecer precisi\u00f3n a nivel de cent\u00edmetros en tiempo real y precisi\u00f3n subm\u00e9trica en modo est\u00e1tico.","robots":{"index":"index","follow":"follow","max-snippet":"max-snippet:-1","max-image-preview":"max-image-preview:large","max-video-preview":"max-video-preview:-1"},"canonical":"https:\/\/www.ghostysky.com\/es\/producto-2\/south-galaxy-g2-965-channels\/","og_locale":"es_ES","og_type":"article","og_title":"South Galaxy G2 (965 channels) - Ghostysky","og_description":"The South Instruments Galaxy G2 is a high-precision GNSS receiver designed for professional surveying and mapping applications. It offers a combination of cutting-edge technology, user-friendly features, and advanced capabilities to deliver centimeter-level accuracy in real-time and sub-meter accuracy in static mode.","og_url":"https:\/\/www.ghostysky.com\/es\/producto-2\/south-galaxy-g2-965-channels\/","og_site_name":"Ghostysky","article_publisher":"https:\/\/www.facebook.com\/people\/Ghostysky\/100057676170234\/","article_modified_time":"2024-01-26T08:46:04+00:00","og_image":[{"width":800,"height":800,"url":"https:\/\/www.ghostysky.com\/wp-content\/uploads\/2023\/12\/south-galaxy-G2_1.jpg","type":"image\/jpeg"}],"twitter_card":"summary_large_image","twitter_site":"@Gh0stysky","twitter_misc":{"Tiempo de lectura":"2 minutos"},"schema":{"@context":"https:\/\/schema.org","@graph":[{"@type":"WebPage","@id":"https:\/\/www.ghostysky.com\/product\/south-galaxy-g2-965-channels\/","url":"https:\/\/www.ghostysky.com\/product\/south-galaxy-g2-965-channels\/","name":"Sur Galaxy G2 (965 canales) - Ghostysky","isPartOf":{"@id":"https:\/\/www.ghostysky.com\/#website"},"primaryImageOfPage":{"@id":"https:\/\/www.ghostysky.com\/product\/south-galaxy-g2-965-channels\/#primaryimage"},"image":{"@id":"https:\/\/www.ghostysky.com\/product\/south-galaxy-g2-965-channels\/#primaryimage"},"thumbnailUrl":"https:\/\/www.ghostysky.com\/wp-content\/uploads\/2023\/12\/south-galaxy-G2_1.jpg","datePublished":"2023-12-07T11:37:05+00:00","dateModified":"2024-01-26T08:46:04+00:00","description":"El South Instruments Galaxy G2 es un receptor GNSS de alta precisi\u00f3n dise\u00f1ado para aplicaciones profesionales de topograf\u00eda y cartograf\u00eda. Ofrece una combinaci\u00f3n de tecnolog\u00eda de vanguardia, funciones f\u00e1ciles de usar y capacidades avanzadas para ofrecer precisi\u00f3n a nivel de cent\u00edmetros en tiempo real y precisi\u00f3n subm\u00e9trica en modo est\u00e1tico.","breadcrumb":{"@id":"https:\/\/www.ghostysky.com\/product\/south-galaxy-g2-965-channels\/#breadcrumb"},"inLanguage":"es","potentialAction":[{"@type":"ReadAction","target":["https:\/\/www.ghostysky.com\/product\/south-galaxy-g2-965-channels\/"]}]},{"@type":"ImageObject","inLanguage":"es","@id":"https:\/\/www.ghostysky.com\/product\/south-galaxy-g2-965-channels\/#primaryimage","url":"https:\/\/www.ghostysky.com\/wp-content\/uploads\/2023\/12\/south-galaxy-G2_1.jpg","contentUrl":"https:\/\/www.ghostysky.com\/wp-content\/uploads\/2023\/12\/south-galaxy-G2_1.jpg","width":800,"height":800},{"@type":"BreadcrumbList","@id":"https:\/\/www.ghostysky.com\/product\/south-galaxy-g2-965-channels\/#breadcrumb","itemListElement":[{"@type":"ListItem","position":1,"name":"Home","item":"https:\/\/www.ghostysky.com\/"},{"@type":"ListItem","position":2,"name":"Shop","item":"https:\/\/www.ghostysky.com\/shop\/"},{"@type":"ListItem","position":3,"name":"South Galaxy G2 (965 channels)"}]},{"@type":"WebSite","@id":"https:\/\/www.ghostysky.com\/#website","url":"https:\/\/www.ghostysky.com\/","name":"Ghostysky","description":"Ofrecemos soluciones profesionales de drones y rob\u00f3tica.","publisher":{"@id":"https:\/\/www.ghostysky.com\/#organization"},"potentialAction":[{"@type":"SearchAction","target":{"@type":"EntryPoint","urlTemplate":"https:\/\/www.ghostysky.com\/?s={search_term_string}"},"query-input":{"@type":"PropertyValueSpecification","valueRequired":true,"valueName":"search_term_string"}}],"inLanguage":"es"},{"@type":"Organization","@id":"https:\/\/www.ghostysky.com\/#organization","name":"Ghostysky","url":"https:\/\/www.ghostysky.com\/","logo":{"@type":"ImageObject","inLanguage":"es","@id":"https:\/\/www.ghostysky.com\/#\/schema\/logo\/image\/","url":"https:\/\/www.ghostysky.com\/wp-content\/uploads\/2020\/06\/cropped-ghostyskylogo_text_white2.png","contentUrl":"https:\/\/www.ghostysky.com\/wp-content\/uploads\/2020\/06\/cropped-ghostyskylogo_text_white2.png","width":169,"height":56,"caption":"Ghostysky"},"image":{"@id":"https:\/\/www.ghostysky.com\/#\/schema\/logo\/image\/"},"sameAs":["https:\/\/www.facebook.com\/people\/Ghostysky\/100057676170234\/","https:\/\/x.com\/Gh0stysky","https:\/\/www.linkedin.com\/company\/34739653","https:\/\/www.instagram.com\/gh0stysky"]}]}},"_links":{"self":[{"href":"https:\/\/www.ghostysky.com\/es\/wp-json\/wp\/v2\/product\/15077","targetHints":{"allow":["GET"]}}],"collection":[{"href":"https:\/\/www.ghostysky.com\/es\/wp-json\/wp\/v2\/product"}],"about":[{"href":"https:\/\/www.ghostysky.com\/es\/wp-json\/wp\/v2\/types\/product"}],"replies":[{"embeddable":true,"href":"https:\/\/www.ghostysky.com\/es\/wp-json\/wp\/v2\/comments?post=15077"}],"version-history":[{"count":0,"href":"https:\/\/www.ghostysky.com\/es\/wp-json\/wp\/v2\/product\/15077\/revisions"}],"wp:featuredmedia":[{"embeddable":true,"href":"https:\/\/www.ghostysky.com\/es\/wp-json\/wp\/v2\/media\/15079"}],"wp:attachment":[{"href":"https:\/\/www.ghostysky.com\/es\/wp-json\/wp\/v2\/media?parent=15077"}],"wp:term":[{"taxonomy":"product_brand","embeddable":true,"href":"https:\/\/www.ghostysky.com\/es\/wp-json\/wp\/v2\/product_brand?post=15077"},{"taxonomy":"product_cat","embeddable":true,"href":"https:\/\/www.ghostysky.com\/es\/wp-json\/wp\/v2\/product_cat?post=15077"},{"taxonomy":"product_tag","embeddable":true,"href":"https:\/\/www.ghostysky.com\/es\/wp-json\/wp\/v2\/product_tag?post=15077"}],"curies":[{"name":"wp","href":"https:\/\/api.w.org\/{rel}","templated":true}]}}