{"id":15149,"date":"2023-12-13T16:09:31","date_gmt":"2023-12-13T16:09:31","guid":{"rendered":"https:\/\/www.ghostysky.com\/?post_type=product&#038;p=15149"},"modified":"2024-11-06T21:34:55","modified_gmt":"2024-11-06T21:34:55","slug":"bluemark-db122-external-battery-external-gps","status":"publish","type":"product","link":"https:\/\/www.ghostysky.com\/es\/product\/bluemark-db122-external-battery-external-gps\/","title":{"rendered":"Bluemark DB122 (bater\u00eda externa y GPS externo)"},"content":{"rendered":"<h3><a href=\"https:\/\/uasdoc.faa.gov\/listDocs\/RID000000088\" target=\"_blank\" rel=\"noopener\"><img decoding=\"async\" class=\"alignnone wp-image-1862 lazy-loaded\" src=\"https:\/\/dronescout.co\/wp-content\/uploads\/2022\/09\/FAA_logo.webp\" sizes=\"(max-width: 111px) 100vw, 111px\" srcset=\"https:\/\/dronescout.co\/wp-content\/uploads\/2022\/09\/FAA_logo.webp 256w, https:\/\/dronescout.co\/wp-content\/uploads\/2022\/09\/FAA_logo-150x150.webp 150w, https:\/\/dronescout.co\/wp-content\/uploads\/2022\/09\/FAA_logo-100x100.webp 100w\" alt=\"\" width=\"111\" height=\"111\" data-lazy-type=\"image\" data-src=\"https:\/\/dronescout.co\/wp-content\/uploads\/2022\/09\/FAA_logo.webp\" data-srcset=\"\" \/><\/a>Db122fpv:\u00a0<a href=\"https:\/\/uasdoc.faa.gov\/listDocs\/RID000000175\" target=\"_blank\" rel=\"noopener\">Declaraci\u00f3n de conformidad RID000000175<\/a><\/h3>\n<h3><a href=\"https:\/\/dronescout.co\/wp-content\/uploads\/2023\/09\/EU-DoC_standalone.pdf?v=35357b9c8fe4\"><img decoding=\"async\" class=\"alignnone wp-image-7235 size-full lazy-loaded\" src=\"https:\/\/dronescout.co\/wp-content\/uploads\/2023\/09\/CE_DOC.webp\" alt=\"\" width=\"111\" height=\"113\" data-lazy-type=\"image\" data-src=\"https:\/\/dronescout.co\/wp-content\/uploads\/2023\/09\/CE_DOC.webp\" \/><\/a><a href=\"https:\/\/dronescout.co\/wp-content\/uploads\/2023\/09\/EU-DoC_standalone.pdf?v=35357b9c8fe4\" target=\"_blank\" rel=\"noopener\">Declaraci\u00f3n de conformidad de la UE<\/a><\/h3>\n<h2>Especificaciones<\/h2>\n<p><strong>Aprobaci\u00f3n de la FAA:\u00a0<\/strong><a href=\"https:\/\/uasdoc.faa.gov\/listDocs\/RID000000175\" target=\"_blank\" rel=\"noopener\">RID000000175<\/a><\/p>\n<p><strong><b>Radio de corto alcance: <\/b><\/strong>Bluetooth y WiFi 2,4GHz, potencia de salida (ERP): + 20 dBm (100 mW)<\/p>\n<p><strong><b>Posicionamiento: <\/b><\/strong>receptor GPS externo<\/p>\n<p><strong><b>Antenas: <\/b><\/strong>Antena WLAN\/BLE de 3 dBi (conector IPEX)<\/p>\n<p><strong><b>Fuerza: <\/b><\/strong>Conector Molex PicoBlade de 6 pines; rango de voltaje: 4,5 \u2013 15 V<\/p>\n<p><strong><b>Conectores GPS: <\/b><\/strong>2 conectores Molex PicoBlade de 6 pines:\u00a0<em>GPS ENTRADA<\/em>\u00a0y\u00a0<em>SALIDA GPS<\/em>: SDA, GND, TX, RX, Vcc, SCL<\/p>\n<p><strong><b>Luces led: <\/b><\/strong>estado, modo de configuraci\u00f3n<\/p>\n<p><strong><b>Mecanismo de fijaci\u00f3n: <\/b><\/strong>pegatina 3M de doble cara<\/p>\n<p><strong><b>Temperatura de funcionamiento: <\/b><\/strong>-5\u00b0C a +40\u00b0C<\/p>\n<p><strong><b>Dimensiones: <\/b><\/strong>28x28x4mm<\/p>\n<p><strong><b>Peso: <\/b><\/strong>4 gramos (incluida la antena, excluyendo otros cables)<\/p>","protected":false},"excerpt":{"rendered":"<p>El DroneBeacon db122fpv es uno de los llamados\u00a0<em>directo<\/em>\u00a0o\u00a0<em>transmisi\u00f3n<\/em>\u00a0Transpondedor de identificaci\u00f3n remota de largo alcance, que necesita tanto un\u00a0<strong>receptor GPS externo<\/strong>\u00a0y\u00a0<strong>necesita ser impulsado por el dron<\/strong>. Pesa poco y est\u00e1 dise\u00f1ado para el mercado FPV, pero, por supuesto, tambi\u00e9n se puede utilizar para otras aplicaciones de drones. El db122fpv tiene dos conectores Molex PicoBlade de 6 pines. Necesita conectar un receptor GPS al\u00a0<em>GPS ENTRADA<\/em>\u00a0puerto, como el receptor GPS BN-880. El m\u00f3dulo admite receptores GPS que emiten el protocolo GPS NMEA. El\u00a0<em>SALIDA GPS<\/em>\u00a0El conector debe estar conectado al dron para recibir alimentaci\u00f3n. La placa tambi\u00e9n transmitir\u00e1 los datos GPS recibidos a este\u00a0<em>SALIDA GPS<\/em>\u00a0puerto.<\/p>\n<p>El db122fpv cumple con los (pr\u00f3ximos) est\u00e1ndares de la UE y EE. UU. La FAA aprob\u00f3 el db122fpv para su uso en EE. UU. Adem\u00e1s, el transpondedor admite todos los protocolos de transmisi\u00f3n para una m\u00e1xima flexibilidad.<\/p>\n<p><a href=\"https:\/\/www.easa.europa.eu\/en\/domains\/civil-drones-rpas\/open-category-civil-drones\">EASA \u2013 Declaraci\u00f3n de conformidad<\/a><\/p>","protected":false},"featured_media":15135,"comment_status":"open","ping_status":"closed","template":"","meta":[],"product_brand":[],"product_cat":[461,604],"product_tag":[606,609,47,605],"class_list":{"0":"post-15149","1":"product","2":"type-product","3":"status-publish","4":"has-post-thumbnail","6":"product_cat-accessories-2","7":"product_cat-remote-id","8":"product_tag-bluemark","9":"product_tag-db122","10":"product_tag-drones","11":"product_tag-remote-id","13":"first","14":"instock","15":"taxable","16":"shipping-taxable","17":"purchasable","18":"product-type-simple"},"yoast_head":"<!-- This site is optimized with the Yoast SEO plugin v27.4 - https:\/\/yoast.com\/product\/yoast-seo-wordpress\/ -->\n<title>Bluemark DB122 (external battery &amp; external GPS) - Ghostysky<\/title>\n<meta name=\"description\" content=\"The DroneBeacon db122fpv is a so-called\u00a0direct\u00a0or\u00a0broadcast\u00a0Remote ID long-range transponder, that needs both an\u00a0external GPS receiver\u00a0and\u00a0needs to be powered by the drone. It is low weight and designed for the FPV market, but can of course also be used for other drone applications as well. The db122fpv has two 6-pin Molex PicoBlade connectors. You need to connect a GPS receiver to the\u00a0GPS IN\u00a0port, such as the BN-880 GPS receiver. The module supports GPS receivers that output the NMEA GPS protocol. The\u00a0GPS OUT\u00a0connector needs to be connected to the drone for power. The board will also relay the received GPS data to this\u00a0GPS OUT\u00a0port.\" \/>\n<meta name=\"robots\" content=\"index, follow, max-snippet:-1, max-image-preview:large, max-video-preview:-1\" \/>\n<link rel=\"canonical\" href=\"https:\/\/www.ghostysky.com\/es\/producto-2\/bluemark-db122-external-battery-external-gps\/\" \/>\n<meta property=\"og:locale\" content=\"es_ES\" \/>\n<meta property=\"og:type\" content=\"article\" \/>\n<meta property=\"og:title\" content=\"Bluemark DB122 (external battery &amp; external GPS) - Ghostysky\" \/>\n<meta property=\"og:description\" content=\"The DroneBeacon db122fpv is a so-called\u00a0direct\u00a0or\u00a0broadcast\u00a0Remote ID long-range transponder, that needs both an\u00a0external GPS receiver\u00a0and\u00a0needs to be powered by the drone. It is low weight and designed for the FPV market, but can of course also be used for other drone applications as well. The db122fpv has two 6-pin Molex PicoBlade connectors. You need to connect a GPS receiver to the\u00a0GPS IN\u00a0port, such as the BN-880 GPS receiver. The module supports GPS receivers that output the NMEA GPS protocol. The\u00a0GPS OUT\u00a0connector needs to be connected to the drone for power. The board will also relay the received GPS data to this\u00a0GPS OUT\u00a0port.\" \/>\n<meta property=\"og:url\" content=\"https:\/\/www.ghostysky.com\/es\/producto-2\/bluemark-db122-external-battery-external-gps\/\" \/>\n<meta property=\"og:site_name\" content=\"Ghostysky\" \/>\n<meta property=\"article:publisher\" content=\"https:\/\/www.facebook.com\/people\/Ghostysky\/100057676170234\/\" \/>\n<meta property=\"article:modified_time\" content=\"2024-11-06T21:34:55+00:00\" \/>\n<meta property=\"og:image\" content=\"https:\/\/www.ghostysky.com\/wp-content\/uploads\/2023\/12\/ds122_Ext_Bat_GPS_1.jpg\" \/>\n\t<meta property=\"og:image:width\" content=\"768\" \/>\n\t<meta property=\"og:image:height\" content=\"578\" \/>\n\t<meta property=\"og:image:type\" content=\"image\/jpeg\" \/>\n<meta name=\"twitter:card\" content=\"summary_large_image\" \/>\n<meta name=\"twitter:site\" content=\"@Gh0stysky\" \/>\n<meta name=\"twitter:label1\" content=\"Tiempo de lectura\" \/>\n\t<meta name=\"twitter:data1\" content=\"2 minutos\" \/>\n<script type=\"application\/ld+json\" class=\"yoast-schema-graph\">{\"@context\":\"https:\\\/\\\/schema.org\",\"@graph\":[{\"@type\":\"WebPage\",\"@id\":\"https:\\\/\\\/www.ghostysky.com\\\/product\\\/bluemark-db122-external-battery-external-gps\\\/\",\"url\":\"https:\\\/\\\/www.ghostysky.com\\\/product\\\/bluemark-db122-external-battery-external-gps\\\/\",\"name\":\"Bluemark DB122 (external battery & external GPS) - Ghostysky\",\"isPartOf\":{\"@id\":\"https:\\\/\\\/www.ghostysky.com\\\/#website\"},\"primaryImageOfPage\":{\"@id\":\"https:\\\/\\\/www.ghostysky.com\\\/product\\\/bluemark-db122-external-battery-external-gps\\\/#primaryimage\"},\"image\":{\"@id\":\"https:\\\/\\\/www.ghostysky.com\\\/product\\\/bluemark-db122-external-battery-external-gps\\\/#primaryimage\"},\"thumbnailUrl\":\"https:\\\/\\\/www.ghostysky.com\\\/wp-content\\\/uploads\\\/2023\\\/12\\\/ds122_Ext_Bat_GPS_1.jpg\",\"datePublished\":\"2023-12-13T16:09:31+00:00\",\"dateModified\":\"2024-11-06T21:34:55+00:00\",\"description\":\"The DroneBeacon db122fpv is a so-called\u00a0direct\u00a0or\u00a0broadcast\u00a0Remote ID long-range transponder, that needs both an\u00a0external GPS receiver\u00a0and\u00a0needs to be powered by the drone. It is low weight and designed for the FPV market, but can of course also be used for other drone applications as well. The db122fpv has two 6-pin Molex PicoBlade connectors. You need to connect a GPS receiver to the\u00a0GPS IN\u00a0port, such as the BN-880 GPS receiver. The module supports GPS receivers that output the NMEA GPS protocol. The\u00a0GPS OUT\u00a0connector needs to be connected to the drone for power. The board will also relay the received GPS data to this\u00a0GPS OUT\u00a0port.\",\"breadcrumb\":{\"@id\":\"https:\\\/\\\/www.ghostysky.com\\\/product\\\/bluemark-db122-external-battery-external-gps\\\/#breadcrumb\"},\"inLanguage\":\"es\",\"potentialAction\":[{\"@type\":\"ReadAction\",\"target\":[\"https:\\\/\\\/www.ghostysky.com\\\/product\\\/bluemark-db122-external-battery-external-gps\\\/\"]}]},{\"@type\":\"ImageObject\",\"inLanguage\":\"es\",\"@id\":\"https:\\\/\\\/www.ghostysky.com\\\/product\\\/bluemark-db122-external-battery-external-gps\\\/#primaryimage\",\"url\":\"https:\\\/\\\/www.ghostysky.com\\\/wp-content\\\/uploads\\\/2023\\\/12\\\/ds122_Ext_Bat_GPS_1.jpg\",\"contentUrl\":\"https:\\\/\\\/www.ghostysky.com\\\/wp-content\\\/uploads\\\/2023\\\/12\\\/ds122_Ext_Bat_GPS_1.jpg\",\"width\":768,\"height\":578},{\"@type\":\"BreadcrumbList\",\"@id\":\"https:\\\/\\\/www.ghostysky.com\\\/product\\\/bluemark-db122-external-battery-external-gps\\\/#breadcrumb\",\"itemListElement\":[{\"@type\":\"ListItem\",\"position\":1,\"name\":\"Home\",\"item\":\"https:\\\/\\\/www.ghostysky.com\\\/\"},{\"@type\":\"ListItem\",\"position\":2,\"name\":\"Shop\",\"item\":\"https:\\\/\\\/www.ghostysky.com\\\/shop\\\/\"},{\"@type\":\"ListItem\",\"position\":3,\"name\":\"Bluemark DB122 (external battery &#038; external GPS)\"}]},{\"@type\":\"WebSite\",\"@id\":\"https:\\\/\\\/www.ghostysky.com\\\/#website\",\"url\":\"https:\\\/\\\/www.ghostysky.com\\\/\",\"name\":\"Ghostysky\",\"description\":\"Delivering professional drones and robotics solutions\",\"publisher\":{\"@id\":\"https:\\\/\\\/www.ghostysky.com\\\/#organization\"},\"potentialAction\":[{\"@type\":\"SearchAction\",\"target\":{\"@type\":\"EntryPoint\",\"urlTemplate\":\"https:\\\/\\\/www.ghostysky.com\\\/?s={search_term_string}\"},\"query-input\":{\"@type\":\"PropertyValueSpecification\",\"valueRequired\":true,\"valueName\":\"search_term_string\"}}],\"inLanguage\":\"es\"},{\"@type\":\"Organization\",\"@id\":\"https:\\\/\\\/www.ghostysky.com\\\/#organization\",\"name\":\"Ghostysky\",\"url\":\"https:\\\/\\\/www.ghostysky.com\\\/\",\"logo\":{\"@type\":\"ImageObject\",\"inLanguage\":\"es\",\"@id\":\"https:\\\/\\\/www.ghostysky.com\\\/#\\\/schema\\\/logo\\\/image\\\/\",\"url\":\"https:\\\/\\\/www.ghostysky.com\\\/wp-content\\\/uploads\\\/2020\\\/06\\\/cropped-ghostyskylogo_text_white2.png\",\"contentUrl\":\"https:\\\/\\\/www.ghostysky.com\\\/wp-content\\\/uploads\\\/2020\\\/06\\\/cropped-ghostyskylogo_text_white2.png\",\"width\":169,\"height\":56,\"caption\":\"Ghostysky\"},\"image\":{\"@id\":\"https:\\\/\\\/www.ghostysky.com\\\/#\\\/schema\\\/logo\\\/image\\\/\"},\"sameAs\":[\"https:\\\/\\\/www.facebook.com\\\/people\\\/Ghostysky\\\/100057676170234\\\/\",\"https:\\\/\\\/x.com\\\/Gh0stysky\",\"https:\\\/\\\/www.linkedin.com\\\/company\\\/34739653\",\"https:\\\/\\\/www.instagram.com\\\/gh0stysky\"]}]}<\/script>\n<!-- \/ Yoast SEO plugin. -->","yoast_head_json":{"title":"Bluemark DB122 (bater\u00eda externa y GPS externo) - Ghostysky","description":"El DroneBeacon db122fpv es un transpondedor de largo alcance de identificaci\u00f3n remota directo o de transmisi\u00f3n, que necesita un receptor GPS externo y debe ser alimentado por el dron. Pesa poco y est\u00e1 dise\u00f1ado para el mercado FPV, pero, por supuesto, tambi\u00e9n se puede utilizar para otras aplicaciones de drones. El db122fpv tiene dos conectores Molex PicoBlade de 6 pines. Necesita conectar un receptor GPS al puerto GPS IN, como el receptor GPS BN-880. El m\u00f3dulo admite receptores GPS que emiten el protocolo GPS NMEA. El conector GPS OUT debe estar conectado al dron para recibir alimentaci\u00f3n. La placa tambi\u00e9n transmitir\u00e1 los datos GPS recibidos a este puerto de SALIDA GPS.","robots":{"index":"index","follow":"follow","max-snippet":"max-snippet:-1","max-image-preview":"max-image-preview:large","max-video-preview":"max-video-preview:-1"},"canonical":"https:\/\/www.ghostysky.com\/es\/producto-2\/bluemark-db122-external-battery-external-gps\/","og_locale":"es_ES","og_type":"article","og_title":"Bluemark DB122 (external battery & external GPS) - Ghostysky","og_description":"The DroneBeacon db122fpv is a so-called\u00a0direct\u00a0or\u00a0broadcast\u00a0Remote ID long-range transponder, that needs both an\u00a0external GPS receiver\u00a0and\u00a0needs to be powered by the drone. It is low weight and designed for the FPV market, but can of course also be used for other drone applications as well. The db122fpv has two 6-pin Molex PicoBlade connectors. You need to connect a GPS receiver to the\u00a0GPS IN\u00a0port, such as the BN-880 GPS receiver. The module supports GPS receivers that output the NMEA GPS protocol. The\u00a0GPS OUT\u00a0connector needs to be connected to the drone for power. The board will also relay the received GPS data to this\u00a0GPS OUT\u00a0port.","og_url":"https:\/\/www.ghostysky.com\/es\/producto-2\/bluemark-db122-external-battery-external-gps\/","og_site_name":"Ghostysky","article_publisher":"https:\/\/www.facebook.com\/people\/Ghostysky\/100057676170234\/","article_modified_time":"2024-11-06T21:34:55+00:00","og_image":[{"width":768,"height":578,"url":"https:\/\/www.ghostysky.com\/wp-content\/uploads\/2023\/12\/ds122_Ext_Bat_GPS_1.jpg","type":"image\/jpeg"}],"twitter_card":"summary_large_image","twitter_site":"@Gh0stysky","twitter_misc":{"Tiempo de lectura":"2 minutos"},"schema":{"@context":"https:\/\/schema.org","@graph":[{"@type":"WebPage","@id":"https:\/\/www.ghostysky.com\/product\/bluemark-db122-external-battery-external-gps\/","url":"https:\/\/www.ghostysky.com\/product\/bluemark-db122-external-battery-external-gps\/","name":"Bluemark DB122 (bater\u00eda externa y GPS externo) - Ghostysky","isPartOf":{"@id":"https:\/\/www.ghostysky.com\/#website"},"primaryImageOfPage":{"@id":"https:\/\/www.ghostysky.com\/product\/bluemark-db122-external-battery-external-gps\/#primaryimage"},"image":{"@id":"https:\/\/www.ghostysky.com\/product\/bluemark-db122-external-battery-external-gps\/#primaryimage"},"thumbnailUrl":"https:\/\/www.ghostysky.com\/wp-content\/uploads\/2023\/12\/ds122_Ext_Bat_GPS_1.jpg","datePublished":"2023-12-13T16:09:31+00:00","dateModified":"2024-11-06T21:34:55+00:00","description":"El DroneBeacon db122fpv es un transpondedor de largo alcance de identificaci\u00f3n remota directo o de transmisi\u00f3n, que necesita un receptor GPS externo y debe ser alimentado por el dron. Pesa poco y est\u00e1 dise\u00f1ado para el mercado FPV, pero, por supuesto, tambi\u00e9n se puede utilizar para otras aplicaciones de drones. El db122fpv tiene dos conectores Molex PicoBlade de 6 pines. Necesita conectar un receptor GPS al puerto GPS IN, como el receptor GPS BN-880. El m\u00f3dulo admite receptores GPS que emiten el protocolo GPS NMEA. El conector GPS OUT debe estar conectado al dron para recibir alimentaci\u00f3n. La placa tambi\u00e9n transmitir\u00e1 los datos GPS recibidos a este puerto de SALIDA GPS.","breadcrumb":{"@id":"https:\/\/www.ghostysky.com\/product\/bluemark-db122-external-battery-external-gps\/#breadcrumb"},"inLanguage":"es","potentialAction":[{"@type":"ReadAction","target":["https:\/\/www.ghostysky.com\/product\/bluemark-db122-external-battery-external-gps\/"]}]},{"@type":"ImageObject","inLanguage":"es","@id":"https:\/\/www.ghostysky.com\/product\/bluemark-db122-external-battery-external-gps\/#primaryimage","url":"https:\/\/www.ghostysky.com\/wp-content\/uploads\/2023\/12\/ds122_Ext_Bat_GPS_1.jpg","contentUrl":"https:\/\/www.ghostysky.com\/wp-content\/uploads\/2023\/12\/ds122_Ext_Bat_GPS_1.jpg","width":768,"height":578},{"@type":"BreadcrumbList","@id":"https:\/\/www.ghostysky.com\/product\/bluemark-db122-external-battery-external-gps\/#breadcrumb","itemListElement":[{"@type":"ListItem","position":1,"name":"Home","item":"https:\/\/www.ghostysky.com\/"},{"@type":"ListItem","position":2,"name":"Shop","item":"https:\/\/www.ghostysky.com\/shop\/"},{"@type":"ListItem","position":3,"name":"Bluemark DB122 (external battery &#038; external GPS)"}]},{"@type":"WebSite","@id":"https:\/\/www.ghostysky.com\/#website","url":"https:\/\/www.ghostysky.com\/","name":"Ghostysky","description":"Ofrecemos soluciones profesionales de drones y rob\u00f3tica.","publisher":{"@id":"https:\/\/www.ghostysky.com\/#organization"},"potentialAction":[{"@type":"SearchAction","target":{"@type":"EntryPoint","urlTemplate":"https:\/\/www.ghostysky.com\/?s={search_term_string}"},"query-input":{"@type":"PropertyValueSpecification","valueRequired":true,"valueName":"search_term_string"}}],"inLanguage":"es"},{"@type":"Organization","@id":"https:\/\/www.ghostysky.com\/#organization","name":"Ghostysky","url":"https:\/\/www.ghostysky.com\/","logo":{"@type":"ImageObject","inLanguage":"es","@id":"https:\/\/www.ghostysky.com\/#\/schema\/logo\/image\/","url":"https:\/\/www.ghostysky.com\/wp-content\/uploads\/2020\/06\/cropped-ghostyskylogo_text_white2.png","contentUrl":"https:\/\/www.ghostysky.com\/wp-content\/uploads\/2020\/06\/cropped-ghostyskylogo_text_white2.png","width":169,"height":56,"caption":"Ghostysky"},"image":{"@id":"https:\/\/www.ghostysky.com\/#\/schema\/logo\/image\/"},"sameAs":["https:\/\/www.facebook.com\/people\/Ghostysky\/100057676170234\/","https:\/\/x.com\/Gh0stysky","https:\/\/www.linkedin.com\/company\/34739653","https:\/\/www.instagram.com\/gh0stysky"]}]}},"_links":{"self":[{"href":"https:\/\/www.ghostysky.com\/es\/wp-json\/wp\/v2\/product\/15149","targetHints":{"allow":["GET"]}}],"collection":[{"href":"https:\/\/www.ghostysky.com\/es\/wp-json\/wp\/v2\/product"}],"about":[{"href":"https:\/\/www.ghostysky.com\/es\/wp-json\/wp\/v2\/types\/product"}],"replies":[{"embeddable":true,"href":"https:\/\/www.ghostysky.com\/es\/wp-json\/wp\/v2\/comments?post=15149"}],"version-history":[{"count":0,"href":"https:\/\/www.ghostysky.com\/es\/wp-json\/wp\/v2\/product\/15149\/revisions"}],"wp:featuredmedia":[{"embeddable":true,"href":"https:\/\/www.ghostysky.com\/es\/wp-json\/wp\/v2\/media\/15135"}],"wp:attachment":[{"href":"https:\/\/www.ghostysky.com\/es\/wp-json\/wp\/v2\/media?parent=15149"}],"wp:term":[{"taxonomy":"product_brand","embeddable":true,"href":"https:\/\/www.ghostysky.com\/es\/wp-json\/wp\/v2\/product_brand?post=15149"},{"taxonomy":"product_cat","embeddable":true,"href":"https:\/\/www.ghostysky.com\/es\/wp-json\/wp\/v2\/product_cat?post=15149"},{"taxonomy":"product_tag","embeddable":true,"href":"https:\/\/www.ghostysky.com\/es\/wp-json\/wp\/v2\/product_tag?post=15149"}],"curies":[{"name":"wp","href":"https:\/\/api.w.org\/{rel}","templated":true}]}}