{"id":15264,"date":"2023-12-19T10:52:14","date_gmt":"2023-12-19T10:52:14","guid":{"rendered":"https:\/\/www.ghostysky.com\/?post_type=product&#038;p=15264"},"modified":"2026-02-06T10:22:10","modified_gmt":"2026-02-06T10:22:10","slug":"professional-hard-case-for-yuneec-h520-h-plus-h3-h520e","status":"publish","type":"product","link":"https:\/\/www.ghostysky.com\/es\/product\/professional-hard-case-for-yuneec-h520-h-plus-h3-h520e\/","title":{"rendered":"Estuche r\u00edgido profesional para Yuneec H520, H Plus, H3, H520E"},"content":{"rendered":"<h2>\u00a1Estuche r\u00edgido Yuneec H520, H Plus, H3, H520E para profesionales!<\/h2>\n<ul>\n<li>Estuche r\u00edgido negro, robusto, resistente al agua y al polvo, con ruedas y asa extensible, especialmente dise\u00f1ado para el helic\u00f3ptero Yuneec H520 u otros H Plus, H3, H520E. Este estuche permite transportar el H520 u otros H Plus, H3, H520E, incluido el ST16 Remove Control, 3 c\u00e1maras, 8 bater\u00edas, 2x bater\u00edas ST16, h\u00e9lices, estaci\u00f3n de carga A10, CGO-ET, E50 y E90 (cada uno tiene un compartimento), Sun Shade, diversos cables para A10 y Copter, Tarjetas de Memoria.<\/li>\n<li>El gran compartimento multiusos en el segundo nivel del malet\u00edn tambi\u00e9n ofrece mucho espacio para llevar accesorios grandes o m\u00e1s largos en la maleta.<\/li>\n<li>El revestimiento de espuma (espuma superior negra que se puede limpiar y espuma inferior gris) est\u00e1 hecho de espuma s\u00f3lida y de muy alta calidad de producci\u00f3n alemana (chorro de agua y fresado). La espuma es la protecci\u00f3n perfecta contra golpes y vibraciones y garantiza la m\u00e1xima seguridad para su Yuneec H520, tambi\u00e9n en un viaje o como equipaje facturado en el avi\u00f3n, este estuche con cerradura se puede cerrar con un candado TSA (opcional, no incluido) y se puede transportar sin problemas<\/li>\n<li>La maleta con ruedas negra pesa unos 9 kg y sus dimensiones son 687 x 528 x 366 mm. La carcasa est\u00e1 certificada como protegida contra el agua y el polvo seg\u00fan IP67.<\/li>\n<\/ul>","protected":false},"excerpt":{"rendered":"<p>Este estuche r\u00edgido para Yuneec H520, H Plus, H3, H520E cumple con todos los requisitos de organizaciones profesionales como la polic\u00eda, equipos de b\u00fasqueda y rescate, departamentos de bomberos, servicios de inspecci\u00f3n, camar\u00f3grafos profesionales y muchos m\u00e1s.<\/p>\n<p>Este malet\u00edn permite transportar el\u00a0<strong>H520 u otros H Plus, H3, H520E<\/strong> incluyendo el <strong>ST16 Quitar control<\/strong>, <strong>\u00a03 c\u00e1maras<\/strong>, <strong>8 bater\u00edas<\/strong>, <strong>2x bater\u00edas ST16<\/strong>, <strong>H\u00e9lices<\/strong>,<strong> Estaci\u00f3n de carga A10<\/strong>, <strong>CGO-ET<\/strong>,<strong> E50 y E90<\/strong> (cada uno tiene un compartimento), <strong>Sombrilla<\/strong>, <strong>diversos cables para A10 y Copter<\/strong>, <strong>Tarjetas de memoria<\/strong>.<\/p>","protected":false},"featured_media":15272,"comment_status":"open","ping_status":"closed","template":"","meta":[],"product_brand":[],"product_cat":[119,118],"product_tag":[122,125,121,539],"class_list":{"0":"post-15264","1":"product","2":"type-product","3":"status-publish","4":"has-post-thumbnail","6":"product_cat-yuneec-accessories","7":"product_cat-yuneec","8":"product_tag-h520e","9":"product_tag-h520e-rtk","10":"product_tag-yuneec","11":"product_tag-yuneec-h520e-rtk","13":"first","14":"onbackorder","15":"taxable","16":"shipping-taxable","17":"product-type-simple"},"yoast_head":"<!-- This site is optimized with the Yoast SEO plugin v27.4 - https:\/\/yoast.com\/product\/yoast-seo-wordpress\/ -->\n<title>Professional Hard Case for Yuneec H520, H Plus, H3, H520E - Ghostysky<\/title>\n<meta name=\"description\" content=\"This Hard Case for Yuneec H520, H Plus, H3, H520E serve all requirements for professional organizations such like Police, Search and Rescue Teams, Fire departments, inspection services, professional videographers and many more.This case makes it possible to transport the\u00a0H520 or others H Plus, H3, H520E including the ST16 Remove Control, \u00a03 cameras, 8 batteries, 2x ST16 Batteries, Propellers, A10 Charging Station, CGO-ET, E50 and E90 (each one has one compartment), Sun Shade, diverse cables for A10 and Copter, Memory Cards.\" \/>\n<meta name=\"robots\" content=\"index, follow, max-snippet:-1, max-image-preview:large, max-video-preview:-1\" \/>\n<link rel=\"canonical\" href=\"https:\/\/www.ghostysky.com\/es\/producto-2\/professional-hard-case-for-yuneec-h520-h-plus-h3-h520e\/\" \/>\n<meta property=\"og:locale\" content=\"es_ES\" \/>\n<meta property=\"og:type\" content=\"article\" \/>\n<meta property=\"og:title\" content=\"Professional Hard Case for Yuneec H520, H Plus, H3, H520E - Ghostysky\" \/>\n<meta property=\"og:description\" content=\"This Hard Case for Yuneec H520, H Plus, H3, H520E serve all requirements for professional organizations such like Police, Search and Rescue Teams, Fire departments, inspection services, professional videographers and many more.This case makes it possible to transport the\u00a0H520 or others H Plus, H3, H520E including the ST16 Remove Control, \u00a03 cameras, 8 batteries, 2x ST16 Batteries, Propellers, A10 Charging Station, CGO-ET, E50 and E90 (each one has one compartment), Sun Shade, diverse cables for A10 and Copter, Memory Cards.\" \/>\n<meta property=\"og:url\" content=\"https:\/\/www.ghostysky.com\/es\/producto-2\/professional-hard-case-for-yuneec-h520-h-plus-h3-h520e\/\" \/>\n<meta property=\"og:site_name\" content=\"Ghostysky\" \/>\n<meta property=\"article:publisher\" content=\"https:\/\/www.facebook.com\/people\/Ghostysky\/100057676170234\/\" \/>\n<meta property=\"article:modified_time\" content=\"2026-02-06T10:22:10+00:00\" \/>\n<meta property=\"og:image\" content=\"https:\/\/www.ghostysky.com\/wp-content\/uploads\/2023\/12\/HardCase-Yuneec-H520_1.jpg\" \/>\n\t<meta property=\"og:image:width\" content=\"575\" \/>\n\t<meta property=\"og:image:height\" content=\"600\" \/>\n\t<meta property=\"og:image:type\" content=\"image\/jpeg\" \/>\n<meta name=\"twitter:card\" content=\"summary_large_image\" \/>\n<meta name=\"twitter:site\" content=\"@Gh0stysky\" \/>\n<meta name=\"twitter:label1\" content=\"Tiempo de lectura\" \/>\n\t<meta name=\"twitter:data1\" content=\"2 minutos\" \/>\n<script type=\"application\/ld+json\" class=\"yoast-schema-graph\">{\"@context\":\"https:\\\/\\\/schema.org\",\"@graph\":[{\"@type\":\"WebPage\",\"@id\":\"https:\\\/\\\/www.ghostysky.com\\\/product\\\/professional-hard-case-for-yuneec-h520-h-plus-h3-h520e\\\/\",\"url\":\"https:\\\/\\\/www.ghostysky.com\\\/product\\\/professional-hard-case-for-yuneec-h520-h-plus-h3-h520e\\\/\",\"name\":\"Professional Hard Case for Yuneec H520, H Plus, H3, H520E - Ghostysky\",\"isPartOf\":{\"@id\":\"https:\\\/\\\/www.ghostysky.com\\\/#website\"},\"primaryImageOfPage\":{\"@id\":\"https:\\\/\\\/www.ghostysky.com\\\/product\\\/professional-hard-case-for-yuneec-h520-h-plus-h3-h520e\\\/#primaryimage\"},\"image\":{\"@id\":\"https:\\\/\\\/www.ghostysky.com\\\/product\\\/professional-hard-case-for-yuneec-h520-h-plus-h3-h520e\\\/#primaryimage\"},\"thumbnailUrl\":\"https:\\\/\\\/www.ghostysky.com\\\/wp-content\\\/uploads\\\/2023\\\/12\\\/HardCase-Yuneec-H520_1.jpg\",\"datePublished\":\"2023-12-19T10:52:14+00:00\",\"dateModified\":\"2026-02-06T10:22:10+00:00\",\"description\":\"This Hard Case for Yuneec H520, H Plus, H3, H520E serve all requirements for professional organizations such like Police, Search and Rescue Teams, Fire departments, inspection services, professional videographers and many more.This case makes it possible to transport the\u00a0H520 or others H Plus, H3, H520E including the ST16 Remove Control, \u00a03 cameras, 8 batteries, 2x ST16 Batteries, Propellers, A10 Charging Station, CGO-ET, E50 and E90 (each one has one compartment), Sun Shade, diverse cables for A10 and Copter, Memory Cards.\",\"breadcrumb\":{\"@id\":\"https:\\\/\\\/www.ghostysky.com\\\/product\\\/professional-hard-case-for-yuneec-h520-h-plus-h3-h520e\\\/#breadcrumb\"},\"inLanguage\":\"es\",\"potentialAction\":[{\"@type\":\"ReadAction\",\"target\":[\"https:\\\/\\\/www.ghostysky.com\\\/product\\\/professional-hard-case-for-yuneec-h520-h-plus-h3-h520e\\\/\"]}]},{\"@type\":\"ImageObject\",\"inLanguage\":\"es\",\"@id\":\"https:\\\/\\\/www.ghostysky.com\\\/product\\\/professional-hard-case-for-yuneec-h520-h-plus-h3-h520e\\\/#primaryimage\",\"url\":\"https:\\\/\\\/www.ghostysky.com\\\/wp-content\\\/uploads\\\/2023\\\/12\\\/HardCase-Yuneec-H520_1.jpg\",\"contentUrl\":\"https:\\\/\\\/www.ghostysky.com\\\/wp-content\\\/uploads\\\/2023\\\/12\\\/HardCase-Yuneec-H520_1.jpg\",\"width\":575,\"height\":600},{\"@type\":\"BreadcrumbList\",\"@id\":\"https:\\\/\\\/www.ghostysky.com\\\/product\\\/professional-hard-case-for-yuneec-h520-h-plus-h3-h520e\\\/#breadcrumb\",\"itemListElement\":[{\"@type\":\"ListItem\",\"position\":1,\"name\":\"Home\",\"item\":\"https:\\\/\\\/www.ghostysky.com\\\/\"},{\"@type\":\"ListItem\",\"position\":2,\"name\":\"Shop\",\"item\":\"https:\\\/\\\/www.ghostysky.com\\\/shop\\\/\"},{\"@type\":\"ListItem\",\"position\":3,\"name\":\"Professional Hard Case for Yuneec H520, H Plus, H3, H520E\"}]},{\"@type\":\"WebSite\",\"@id\":\"https:\\\/\\\/www.ghostysky.com\\\/#website\",\"url\":\"https:\\\/\\\/www.ghostysky.com\\\/\",\"name\":\"Ghostysky\",\"description\":\"Delivering professional drones and services\",\"publisher\":{\"@id\":\"https:\\\/\\\/www.ghostysky.com\\\/#organization\"},\"potentialAction\":[{\"@type\":\"SearchAction\",\"target\":{\"@type\":\"EntryPoint\",\"urlTemplate\":\"https:\\\/\\\/www.ghostysky.com\\\/?s={search_term_string}\"},\"query-input\":{\"@type\":\"PropertyValueSpecification\",\"valueRequired\":true,\"valueName\":\"search_term_string\"}}],\"inLanguage\":\"es\"},{\"@type\":\"Organization\",\"@id\":\"https:\\\/\\\/www.ghostysky.com\\\/#organization\",\"name\":\"Ghostysky\",\"url\":\"https:\\\/\\\/www.ghostysky.com\\\/\",\"logo\":{\"@type\":\"ImageObject\",\"inLanguage\":\"es\",\"@id\":\"https:\\\/\\\/www.ghostysky.com\\\/#\\\/schema\\\/logo\\\/image\\\/\",\"url\":\"https:\\\/\\\/www.ghostysky.com\\\/wp-content\\\/uploads\\\/2020\\\/06\\\/cropped-ghostyskylogo_text_white2.png\",\"contentUrl\":\"https:\\\/\\\/www.ghostysky.com\\\/wp-content\\\/uploads\\\/2020\\\/06\\\/cropped-ghostyskylogo_text_white2.png\",\"width\":169,\"height\":56,\"caption\":\"Ghostysky\"},\"image\":{\"@id\":\"https:\\\/\\\/www.ghostysky.com\\\/#\\\/schema\\\/logo\\\/image\\\/\"},\"sameAs\":[\"https:\\\/\\\/www.facebook.com\\\/people\\\/Ghostysky\\\/100057676170234\\\/\",\"https:\\\/\\\/x.com\\\/Gh0stysky\",\"https:\\\/\\\/www.linkedin.com\\\/company\\\/34739653\",\"https:\\\/\\\/www.instagram.com\\\/gh0stysky\"]}]}<\/script>\n<!-- \/ Yoast SEO plugin. -->","yoast_head_json":{"title":"Estuche R\u00edgido Profesional para Yuneec H520, H Plus, H3, H520E - Ghostysky","description":"Este estuche r\u00edgido para Yuneec H520, H Plus, H3, H520E cumple con todos los requisitos de organizaciones profesionales como polic\u00eda, equipos de b\u00fasqueda y rescate, departamentos de bomberos, servicios de inspecci\u00f3n, camar\u00f3grafos profesionales y muchos m\u00e1s. Este estuche hace posible transportar el H520 o otros H Plus, H3, H520E incluyendo el ST16 Remove Control, 3 c\u00e1maras, 8 bater\u00edas, 2x Bater\u00edas ST16, H\u00e9lices, Estaci\u00f3n de carga A10, CGO-ET, E50 y E90 (cada uno tiene un compartimento), Parasol, cables diversos para A10 y Copter, Tarjetas de Memoria.","robots":{"index":"index","follow":"follow","max-snippet":"max-snippet:-1","max-image-preview":"max-image-preview:large","max-video-preview":"max-video-preview:-1"},"canonical":"https:\/\/www.ghostysky.com\/es\/producto-2\/professional-hard-case-for-yuneec-h520-h-plus-h3-h520e\/","og_locale":"es_ES","og_type":"article","og_title":"Professional Hard Case for Yuneec H520, H Plus, H3, H520E - Ghostysky","og_description":"This Hard Case for Yuneec H520, H Plus, H3, H520E serve all requirements for professional organizations such like Police, Search and Rescue Teams, Fire departments, inspection services, professional videographers and many more.This case makes it possible to transport the\u00a0H520 or others H Plus, H3, H520E including the ST16 Remove Control, \u00a03 cameras, 8 batteries, 2x ST16 Batteries, Propellers, A10 Charging Station, CGO-ET, E50 and E90 (each one has one compartment), Sun Shade, diverse cables for A10 and Copter, Memory Cards.","og_url":"https:\/\/www.ghostysky.com\/es\/producto-2\/professional-hard-case-for-yuneec-h520-h-plus-h3-h520e\/","og_site_name":"Ghostysky","article_publisher":"https:\/\/www.facebook.com\/people\/Ghostysky\/100057676170234\/","article_modified_time":"2026-02-06T10:22:10+00:00","og_image":[{"width":575,"height":600,"url":"https:\/\/www.ghostysky.com\/wp-content\/uploads\/2023\/12\/HardCase-Yuneec-H520_1.jpg","type":"image\/jpeg"}],"twitter_card":"summary_large_image","twitter_site":"@Gh0stysky","twitter_misc":{"Tiempo de lectura":"2 minutos"},"schema":{"@context":"https:\/\/schema.org","@graph":[{"@type":"WebPage","@id":"https:\/\/www.ghostysky.com\/product\/professional-hard-case-for-yuneec-h520-h-plus-h3-h520e\/","url":"https:\/\/www.ghostysky.com\/product\/professional-hard-case-for-yuneec-h520-h-plus-h3-h520e\/","name":"Estuche R\u00edgido Profesional para Yuneec H520, H Plus, H3, H520E - Ghostysky","isPartOf":{"@id":"https:\/\/www.ghostysky.com\/#website"},"primaryImageOfPage":{"@id":"https:\/\/www.ghostysky.com\/product\/professional-hard-case-for-yuneec-h520-h-plus-h3-h520e\/#primaryimage"},"image":{"@id":"https:\/\/www.ghostysky.com\/product\/professional-hard-case-for-yuneec-h520-h-plus-h3-h520e\/#primaryimage"},"thumbnailUrl":"https:\/\/www.ghostysky.com\/wp-content\/uploads\/2023\/12\/HardCase-Yuneec-H520_1.jpg","datePublished":"2023-12-19T10:52:14+00:00","dateModified":"2026-02-06T10:22:10+00:00","description":"Este estuche r\u00edgido para Yuneec H520, H Plus, H3, H520E cumple con todos los requisitos de organizaciones profesionales como polic\u00eda, equipos de b\u00fasqueda y rescate, departamentos de bomberos, servicios de inspecci\u00f3n, camar\u00f3grafos profesionales y muchos m\u00e1s. Este estuche hace posible transportar el H520 o otros H Plus, H3, H520E incluyendo el ST16 Remove Control, 3 c\u00e1maras, 8 bater\u00edas, 2x Bater\u00edas ST16, H\u00e9lices, Estaci\u00f3n de carga A10, CGO-ET, E50 y E90 (cada uno tiene un compartimento), Parasol, cables diversos para A10 y Copter, Tarjetas de Memoria.","breadcrumb":{"@id":"https:\/\/www.ghostysky.com\/product\/professional-hard-case-for-yuneec-h520-h-plus-h3-h520e\/#breadcrumb"},"inLanguage":"es","potentialAction":[{"@type":"ReadAction","target":["https:\/\/www.ghostysky.com\/product\/professional-hard-case-for-yuneec-h520-h-plus-h3-h520e\/"]}]},{"@type":"ImageObject","inLanguage":"es","@id":"https:\/\/www.ghostysky.com\/product\/professional-hard-case-for-yuneec-h520-h-plus-h3-h520e\/#primaryimage","url":"https:\/\/www.ghostysky.com\/wp-content\/uploads\/2023\/12\/HardCase-Yuneec-H520_1.jpg","contentUrl":"https:\/\/www.ghostysky.com\/wp-content\/uploads\/2023\/12\/HardCase-Yuneec-H520_1.jpg","width":575,"height":600},{"@type":"BreadcrumbList","@id":"https:\/\/www.ghostysky.com\/product\/professional-hard-case-for-yuneec-h520-h-plus-h3-h520e\/#breadcrumb","itemListElement":[{"@type":"ListItem","position":1,"name":"Home","item":"https:\/\/www.ghostysky.com\/"},{"@type":"ListItem","position":2,"name":"Shop","item":"https:\/\/www.ghostysky.com\/shop\/"},{"@type":"ListItem","position":3,"name":"Professional Hard Case for Yuneec H520, H Plus, H3, H520E"}]},{"@type":"WebSite","@id":"https:\/\/www.ghostysky.com\/#website","url":"https:\/\/www.ghostysky.com\/","name":"Ghostysky","description":"Entrega de drones y servicios profesionales","publisher":{"@id":"https:\/\/www.ghostysky.com\/#organization"},"potentialAction":[{"@type":"SearchAction","target":{"@type":"EntryPoint","urlTemplate":"https:\/\/www.ghostysky.com\/?s={search_term_string}"},"query-input":{"@type":"PropertyValueSpecification","valueRequired":true,"valueName":"search_term_string"}}],"inLanguage":"es"},{"@type":"Organization","@id":"https:\/\/www.ghostysky.com\/#organization","name":"Ghostysky","url":"https:\/\/www.ghostysky.com\/","logo":{"@type":"ImageObject","inLanguage":"es","@id":"https:\/\/www.ghostysky.com\/#\/schema\/logo\/image\/","url":"https:\/\/www.ghostysky.com\/wp-content\/uploads\/2020\/06\/cropped-ghostyskylogo_text_white2.png","contentUrl":"https:\/\/www.ghostysky.com\/wp-content\/uploads\/2020\/06\/cropped-ghostyskylogo_text_white2.png","width":169,"height":56,"caption":"Ghostysky"},"image":{"@id":"https:\/\/www.ghostysky.com\/#\/schema\/logo\/image\/"},"sameAs":["https:\/\/www.facebook.com\/people\/Ghostysky\/100057676170234\/","https:\/\/x.com\/Gh0stysky","https:\/\/www.linkedin.com\/company\/34739653","https:\/\/www.instagram.com\/gh0stysky"]}]}},"_links":{"self":[{"href":"https:\/\/www.ghostysky.com\/es\/wp-json\/wp\/v2\/product\/15264","targetHints":{"allow":["GET"]}}],"collection":[{"href":"https:\/\/www.ghostysky.com\/es\/wp-json\/wp\/v2\/product"}],"about":[{"href":"https:\/\/www.ghostysky.com\/es\/wp-json\/wp\/v2\/types\/product"}],"replies":[{"embeddable":true,"href":"https:\/\/www.ghostysky.com\/es\/wp-json\/wp\/v2\/comments?post=15264"}],"version-history":[{"count":0,"href":"https:\/\/www.ghostysky.com\/es\/wp-json\/wp\/v2\/product\/15264\/revisions"}],"wp:featuredmedia":[{"embeddable":true,"href":"https:\/\/www.ghostysky.com\/es\/wp-json\/wp\/v2\/media\/15272"}],"wp:attachment":[{"href":"https:\/\/www.ghostysky.com\/es\/wp-json\/wp\/v2\/media?parent=15264"}],"wp:term":[{"taxonomy":"product_brand","embeddable":true,"href":"https:\/\/www.ghostysky.com\/es\/wp-json\/wp\/v2\/product_brand?post=15264"},{"taxonomy":"product_cat","embeddable":true,"href":"https:\/\/www.ghostysky.com\/es\/wp-json\/wp\/v2\/product_cat?post=15264"},{"taxonomy":"product_tag","embeddable":true,"href":"https:\/\/www.ghostysky.com\/es\/wp-json\/wp\/v2\/product_tag?post=15264"}],"curies":[{"name":"wp","href":"https:\/\/api.w.org\/{rel}","templated":true}]}}