{"id":15330,"date":"2023-12-28T17:01:57","date_gmt":"2023-12-28T17:01:57","guid":{"rendered":"https:\/\/www.ghostysky.com\/?post_type=product&#038;p=15330"},"modified":"2024-10-22T15:05:00","modified_gmt":"2024-10-22T15:05:00","slug":"dji-matrice-30-worry-free-basic-combo","status":"publish","type":"product","link":"https:\/\/www.ghostysky.com\/es\/product\/dji-matrice-30-worry-free-basic-combo\/","title":{"rendered":"DJI Matrice 30 Worry-Free Basic Combo"},"content":{"rendered":"<p data-sourcepos=\"3:1-3:89\"><strong>DJI Matrice 30: un potente dron empresarial para una versatilidad y confiabilidad inigualables<\/strong><\/p>\n<p data-sourcepos=\"5:1-5:302\">El DJI Matrice 30 es un dron empresarial de alto rendimiento dise\u00f1ado para aplicaciones exigentes en industrias como inspecci\u00f3n, seguridad p\u00fablica y respuesta a desastres. Cuenta con una carga \u00fatil vers\u00e1til, una construcci\u00f3n robusta y caracter\u00edsticas de seguridad avanzadas que lo convierten en una herramienta indispensable para el \u00e9xito de la misi\u00f3n.<\/p>\n<p data-sourcepos=\"7:1-7:54\"><strong>Potente carga \u00fatil para una recopilaci\u00f3n completa de datos<\/strong><\/p>\n<p data-sourcepos=\"9:1-9:153\">La carga \u00fatil del Matrice 30 es su punto fuerte clave, ya que le permite capturar datos a\u00e9reos detallados en una variedad de entornos. Su configuraci\u00f3n de triple sensor incluye:<\/p>\n<ul data-sourcepos=\"11:1-16:0\">\n<li data-sourcepos=\"11:1-12:0\">\n<p data-sourcepos=\"11:3-11:168\"><strong>C\u00e1mara con zoom de alta resoluci\u00f3n de 48 MP:<\/strong> Capture im\u00e1genes y v\u00eddeos de alta calidad con un zoom \u00f3ptico de 20x y un zoom digital de 200x, lo que le permite ver detalles desde lejos.<\/p>\n<\/li>\n<li data-sourcepos=\"13:1-14:0\">\n<p data-sourcepos=\"13:3-13:169\"><strong>C\u00e1mara t\u00e9rmica con rango de detecci\u00f3n de 14 metros:<\/strong> Identifique firmas de calor en condiciones de poca luz o a trav\u00e9s del humo y la niebla con la c\u00e1mara t\u00e9rmica con resoluci\u00f3n de 640\u00d7512.<\/p>\n<\/li>\n<li data-sourcepos=\"15:1-16:0\">\n<p data-sourcepos=\"15:3-15:152\"><strong>Tel\u00e9metro l\u00e1ser con alcance de 1200 metros:<\/strong> Mida distancias con precisi\u00f3n de hasta 1200 metros, facilitando el mapeo 3D y el an\u00e1lisis de datos precisos.<\/p>\n<\/li>\n<\/ul>\n<p data-sourcepos=\"17:1-17:46\"><strong>Construcci\u00f3n robusta para un funcionamiento confiable<\/strong><\/p>\n<p data-sourcepos=\"19:1-19:318\">El Matrice 30 est\u00e1 dise\u00f1ado para soportar los rigores de misiones exigentes. Cuenta con protecci\u00f3n de ingreso IP55 contra polvo y agua, lo que garantiza que pueda funcionar en entornos hostiles sin comprometer el rendimiento. Su rango de temperatura de funcionamiento de -20 \u00b0C a 50 \u00b0C le permite funcionar eficazmente en una amplia gama de climas.<\/p>\n<p data-sourcepos=\"21:1-21:54\"><strong>Funciones de seguridad avanzadas para una protecci\u00f3n inquebrantable<\/strong><\/p>\n<p data-sourcepos=\"23:1-23:136\">El Matrice 30 est\u00e1 equipado con un conjunto completo de caracter\u00edsticas de seguridad para garantizar que su funcionamiento sea seguro y predecible. \u00c9stas incluyen:<\/p>\n<ul data-sourcepos=\"25:1-30:0\">\n<li data-sourcepos=\"25:1-26:0\">\n<p data-sourcepos=\"25:3-25:134\"><strong>Evitaci\u00f3n avanzada de obst\u00e1culos:<\/strong> M\u00faltiples sensores detectan y evitan obst\u00e1culos, evitando colisiones y garantizando una trayectoria de vuelo segura.<\/p>\n<\/li>\n<li data-sourcepos=\"27:1-28:0\">\n<p data-sourcepos=\"27:3-27:187\"><strong>Sistemas de detecci\u00f3n redundantes:<\/strong> M\u00faltiples sensores redundantes salvaguardan funciones esenciales como comunicaci\u00f3n, navegaci\u00f3n y control de altitud, minimizando el riesgo de interrupciones en la misi\u00f3n.<\/p>\n<\/li>\n<li data-sourcepos=\"29:1-30:0\">\n<p data-sourcepos=\"29:3-29:213\"><strong>Software DJI Pilot 2:<\/strong> El Matrice 30 es compatible con el software DJI Pilot 2, lo que proporciona planificaci\u00f3n de vuelo avanzada, visualizaci\u00f3n para evitar obst\u00e1culos y an\u00e1lisis de datos en tiempo real para una ejecuci\u00f3n perfecta de la misi\u00f3n.<\/p>\n<\/li>\n<\/ul>\n<p data-sourcepos=\"31:1-31:45\"><strong>Aplicaciones vers\u00e1tiles para uso generalizado<\/strong><\/p>\n<p data-sourcepos=\"33:1-33:71\">La versatilidad del Matrice 30 se extiende a su amplia gama de aplicaciones:<\/p>\n<ul data-sourcepos=\"35:1-40:0\">\n<li data-sourcepos=\"35:1-36:0\">\n<p data-sourcepos=\"35:3-35:175\"><strong>Inspecci\u00f3n de infraestructura:<\/strong> Inspeccione exhaustivamente l\u00edneas el\u00e9ctricas, tuber\u00edas y otras infraestructuras cr\u00edticas con la c\u00e1mara con zoom, la c\u00e1mara t\u00e9rmica y el tel\u00e9metro l\u00e1ser.<\/p>\n<\/li>\n<li data-sourcepos=\"37:1-38:0\">\n<p data-sourcepos=\"37:3-37:186\"><strong>Operaciones de Seguridad P\u00fablica:<\/strong> Capture im\u00e1genes detalladas de escenas de cr\u00edmenes, accidentes de tr\u00e1fico u otros incidentes con la c\u00e1mara de alta resoluci\u00f3n para investigaciones y recopilaci\u00f3n de pruebas.<\/p>\n<\/li>\n<li data-sourcepos=\"39:1-40:0\">\n<p data-sourcepos=\"39:3-39:180\"><strong>Respuesta al desastre:<\/strong> Eval\u00fae da\u00f1os, localice supervivientes y proporcione asistencia de emergencia tras desastres naturales u otras emergencias con las capacidades del dron.<\/p>\n<\/li>\n<\/ul>\n<p data-sourcepos=\"41:1-41:68\"><strong>Conclusi\u00f3n: una soluci\u00f3n innovadora para aplicaciones empresariales<\/strong><\/p>\n<p data-sourcepos=\"43:1-43:511\">El DJI Matrice 30 es un dron potente y vers\u00e1til que redefine las posibilidades de recopilaci\u00f3n de datos a\u00e9reos en operaciones empresariales. Su combinaci\u00f3n de sensores de alta resoluci\u00f3n, construcci\u00f3n robusta, funciones de seguridad avanzadas y flexibilidad para aplicaciones espec\u00edficas lo convierte en un activo invaluable para las organizaciones que buscan maximizar la eficiencia, la productividad y la seguridad en diversas industrias. Con Matrice 30, puede afrontar tareas exigentes con confianza, sabiendo que tiene la herramienta adecuada para el trabajo.<\/p>\n<p data-sourcepos=\"43:1-43:511\"><a href=\"https:\/\/www.ghostysky.com\/wp-content\/uploads\/2023\/12\/DJI_M30_In_the_box.png\"><img fetchpriority=\"high\" decoding=\"async\" class=\"alignnone wp-image-15317 size-full lazyload\" src=\"datos:imagen\/gif;base64,R0lGODlhAQABAAAAACH5BAEKAAEALAAAAAABAAEAAAICTAEAOw==\" alt=\"\" width=\"1520\" height=\"737\" data-src=\"datos:imagen\/gif;base64,R0lGODlhAQABAAAAACH5BAEKAAEALAAAAAABAAEAAAICTAEAOw==\"><\/a><\/p>\n<p data-sourcepos=\"43:1-43:511\"><strong>Comparar versiones<\/strong><\/p>\n<p data-sourcepos=\"43:1-43:511\"><a href=\"https:\/\/www.ghostysky.com\/wp-content\/uploads\/2023\/12\/Matrice30_30T_1.jpg\"><img decoding=\"async\" class=\"alignnone size-full wp-image-15329 lazyload\" src=\"datos:imagen\/gif;base64,R0lGODlhAQABAAAAACH5BAEKAAEALAAAAAABAAEAAAICTAEAOw==\" alt=\"\" width=\"1420\" height=\"1060\" data-src=\"datos:imagen\/gif;base64,R0lGODlhAQABAAAAACH5BAEKAAEALAAAAAABAAEAAAICTAEAOw==\"><\/a><\/p>","protected":false},"excerpt":{"rendered":"<p>El DJI Matrice 30 es un dron empresarial de alto rendimiento equipado con una carga \u00fatil vers\u00e1til, una construcci\u00f3n robusta y caracter\u00edsticas de seguridad avanzadas. Est\u00e1 dise\u00f1ado para una amplia gama de aplicaciones, incluidas inspecci\u00f3n, seguridad p\u00fablica y respuesta a desastres. Su combinaci\u00f3n de sensores de alta resoluci\u00f3n, evitaci\u00f3n de obst\u00e1culos y sistemas redundantes garantiza una recopilaci\u00f3n de datos a\u00e9reos confiable y segura en entornos desafiantes.<\/p>\n<p><strong>Se pueden ofrecer hasta dos reemplazos pagos dentro de un a\u00f1o despu\u00e9s de la activaci\u00f3n del producto. Adem\u00e1s, tambi\u00e9n viene con 1 servicio de mantenimiento est\u00e1ndar.<\/strong><\/p>","protected":false},"featured_media":15324,"comment_status":"open","ping_status":"closed","template":"","meta":[],"product_brand":[],"product_cat":[37,614,29,616],"product_tag":[425,424,38,617,423,426,427,422,619],"class_list":{"0":"post-15330","1":"product","2":"type-product","3":"status-publish","4":"has-post-thumbnail","6":"product_cat-dji","7":"product_cat-dji-matrice-30","8":"product_cat-drones","9":"product_cat-dji-matrice-30-drones","10":"product_tag-agriculture-field","11":"product_tag-construction","12":"product_tag-drone","13":"product_tag-matrice-30","14":"product_tag-mining-aggregates","15":"product_tag-researchenvironment","16":"product_tag-searchrescue","17":"product_tag-surveying-gis","18":"product_tag-worry-free-basic-combo","20":"first","21":"onbackorder","22":"taxable","23":"shipping-taxable","24":"purchasable","25":"product-type-simple"},"yoast_head":"<!-- This site is optimized with the Yoast SEO plugin v27.1.1 - https:\/\/yoast.com\/product\/yoast-seo-wordpress\/ -->\n<title>DJI Matrice 30 Worry-Free Basic Combo - Ghostysky<\/title>\n<meta name=\"description\" content=\"The DJI Matrice 30 is a high-performance enterprise drone equipped with a versatile payload, robust construction, and advanced safety features. It&#039;s designed for a wide range of applications, including inspection, public safety, and disaster response. Its combination of high-resolution sensors, obstacle avoidance, and redundant systems ensures reliable and safe aerial data collection in challenging environments.\" \/>\n<meta name=\"robots\" content=\"index, follow, max-snippet:-1, max-image-preview:large, max-video-preview:-1\" \/>\n<link rel=\"canonical\" href=\"https:\/\/www.ghostysky.com\/es\/producto-2\/dji-matrice-30-worry-free-basic-combo\/\" \/>\n<meta property=\"og:locale\" content=\"es_ES\" \/>\n<meta property=\"og:type\" content=\"article\" \/>\n<meta property=\"og:title\" content=\"DJI Matrice 30 Worry-Free Basic Combo - Ghostysky\" \/>\n<meta property=\"og:description\" content=\"The DJI Matrice 30 is a high-performance enterprise drone equipped with a versatile payload, robust construction, and advanced safety features. It&#039;s designed for a wide range of applications, including inspection, public safety, and disaster response. Its combination of high-resolution sensors, obstacle avoidance, and redundant systems ensures reliable and safe aerial data collection in challenging environments.\" \/>\n<meta property=\"og:url\" content=\"https:\/\/www.ghostysky.com\/es\/producto-2\/dji-matrice-30-worry-free-basic-combo\/\" \/>\n<meta property=\"og:site_name\" content=\"Ghostysky\" \/>\n<meta property=\"article:publisher\" content=\"https:\/\/www.facebook.com\/people\/Ghostysky\/100057676170234\/\" \/>\n<meta property=\"article:modified_time\" content=\"2024-10-22T15:05:00+00:00\" \/>\n<meta property=\"og:image\" content=\"https:\/\/www.ghostysky.com\/wp-content\/uploads\/2023\/12\/DJI_Matrice_30_1.jpg\" \/>\n\t<meta property=\"og:image:width\" content=\"2560\" \/>\n\t<meta property=\"og:image:height\" content=\"2560\" \/>\n\t<meta property=\"og:image:type\" content=\"image\/jpeg\" \/>\n<meta name=\"twitter:card\" content=\"summary_large_image\" \/>\n<meta name=\"twitter:site\" content=\"@Gh0stysky\" \/>\n<meta name=\"twitter:label1\" content=\"Tiempo de lectura\" \/>\n\t<meta name=\"twitter:data1\" content=\"3 minutos\" \/>\n<script type=\"application\/ld+json\" class=\"yoast-schema-graph\">{\"@context\":\"https:\/\/schema.org\",\"@graph\":[{\"@type\":\"WebPage\",\"@id\":\"https:\/\/www.ghostysky.com\/product\/dji-matrice-30-worry-free-basic-combo\/\",\"url\":\"https:\/\/www.ghostysky.com\/product\/dji-matrice-30-worry-free-basic-combo\/\",\"name\":\"DJI Matrice 30 Worry-Free Basic Combo - Ghostysky\",\"isPartOf\":{\"@id\":\"https:\/\/www.ghostysky.com\/#website\"},\"primaryImageOfPage\":{\"@id\":\"https:\/\/www.ghostysky.com\/product\/dji-matrice-30-worry-free-basic-combo\/#primaryimage\"},\"image\":{\"@id\":\"https:\/\/www.ghostysky.com\/product\/dji-matrice-30-worry-free-basic-combo\/#primaryimage\"},\"thumbnailUrl\":\"https:\/\/www.ghostysky.com\/wp-content\/uploads\/2023\/12\/DJI_Matrice_30_1.jpg\",\"datePublished\":\"2023-12-28T17:01:57+00:00\",\"dateModified\":\"2024-10-22T15:05:00+00:00\",\"description\":\"The DJI Matrice 30 is a high-performance enterprise drone equipped with a versatile payload, robust construction, and advanced safety features. It's designed for a wide range of applications, including inspection, public safety, and disaster response. Its combination of high-resolution sensors, obstacle avoidance, and redundant systems ensures reliable and safe aerial data collection in challenging environments.\",\"breadcrumb\":{\"@id\":\"https:\/\/www.ghostysky.com\/product\/dji-matrice-30-worry-free-basic-combo\/#breadcrumb\"},\"inLanguage\":\"es\",\"potentialAction\":[{\"@type\":\"ReadAction\",\"target\":[\"https:\/\/www.ghostysky.com\/product\/dji-matrice-30-worry-free-basic-combo\/\"]}]},{\"@type\":\"ImageObject\",\"inLanguage\":\"es\",\"@id\":\"https:\/\/www.ghostysky.com\/product\/dji-matrice-30-worry-free-basic-combo\/#primaryimage\",\"url\":\"https:\/\/www.ghostysky.com\/wp-content\/uploads\/2023\/12\/DJI_Matrice_30_1.jpg\",\"contentUrl\":\"https:\/\/www.ghostysky.com\/wp-content\/uploads\/2023\/12\/DJI_Matrice_30_1.jpg\",\"width\":2560,\"height\":2560},{\"@type\":\"BreadcrumbList\",\"@id\":\"https:\/\/www.ghostysky.com\/product\/dji-matrice-30-worry-free-basic-combo\/#breadcrumb\",\"itemListElement\":[{\"@type\":\"ListItem\",\"position\":1,\"name\":\"Home\",\"item\":\"https:\/\/www.ghostysky.com\/\"},{\"@type\":\"ListItem\",\"position\":2,\"name\":\"Shop\",\"item\":\"https:\/\/www.ghostysky.com\/shop\/\"},{\"@type\":\"ListItem\",\"position\":3,\"name\":\"DJI Matrice 30 Worry-Free Basic Combo\"}]},{\"@type\":\"WebSite\",\"@id\":\"https:\/\/www.ghostysky.com\/#website\",\"url\":\"https:\/\/www.ghostysky.com\/\",\"name\":\"Ghostysky\",\"description\":\"Delivering professional drones and services\",\"publisher\":{\"@id\":\"https:\/\/www.ghostysky.com\/#organization\"},\"potentialAction\":[{\"@type\":\"SearchAction\",\"target\":{\"@type\":\"EntryPoint\",\"urlTemplate\":\"https:\/\/www.ghostysky.com\/?s={search_term_string}\"},\"query-input\":{\"@type\":\"PropertyValueSpecification\",\"valueRequired\":true,\"valueName\":\"search_term_string\"}}],\"inLanguage\":\"es\"},{\"@type\":\"Organization\",\"@id\":\"https:\/\/www.ghostysky.com\/#organization\",\"name\":\"Ghostysky\",\"url\":\"https:\/\/www.ghostysky.com\/\",\"logo\":{\"@type\":\"ImageObject\",\"inLanguage\":\"es\",\"@id\":\"https:\/\/www.ghostysky.com\/#\/schema\/logo\/image\/\",\"url\":\"https:\/\/www.ghostysky.com\/wp-content\/uploads\/2020\/06\/cropped-ghostyskylogo_text_white2.png\",\"contentUrl\":\"https:\/\/www.ghostysky.com\/wp-content\/uploads\/2020\/06\/cropped-ghostyskylogo_text_white2.png\",\"width\":169,\"height\":56,\"caption\":\"Ghostysky\"},\"image\":{\"@id\":\"https:\/\/www.ghostysky.com\/#\/schema\/logo\/image\/\"},\"sameAs\":[\"https:\/\/www.facebook.com\/people\/Ghostysky\/100057676170234\/\",\"https:\/\/x.com\/Gh0stysky\",\"https:\/\/www.linkedin.com\/company\/34739653\",\"https:\/\/www.instagram.com\/gh0stysky\"]}]}<\/script>\n<!-- \/ Yoast SEO plugin. -->","yoast_head_json":{"title":"Combo b\u00e1sico DJI Matrice 30 sin preocupaciones - Ghostysky","description":"El DJI Matrice 30 es un dron empresarial de alto rendimiento equipado con una carga \u00fatil vers\u00e1til, una construcci\u00f3n robusta y caracter\u00edsticas de seguridad avanzadas. Est\u00e1 dise\u00f1ado para una amplia gama de aplicaciones, incluidas inspecci\u00f3n, seguridad p\u00fablica y respuesta a desastres. Su combinaci\u00f3n de sensores de alta resoluci\u00f3n, evitaci\u00f3n de obst\u00e1culos y sistemas redundantes garantiza una recopilaci\u00f3n de datos a\u00e9reos confiable y segura en entornos desafiantes.","robots":{"index":"index","follow":"follow","max-snippet":"max-snippet:-1","max-image-preview":"max-image-preview:large","max-video-preview":"max-video-preview:-1"},"canonical":"https:\/\/www.ghostysky.com\/es\/producto-2\/dji-matrice-30-worry-free-basic-combo\/","og_locale":"es_ES","og_type":"article","og_title":"DJI Matrice 30 Worry-Free Basic Combo - Ghostysky","og_description":"The DJI Matrice 30 is a high-performance enterprise drone equipped with a versatile payload, robust construction, and advanced safety features. It's designed for a wide range of applications, including inspection, public safety, and disaster response. Its combination of high-resolution sensors, obstacle avoidance, and redundant systems ensures reliable and safe aerial data collection in challenging environments.","og_url":"https:\/\/www.ghostysky.com\/es\/producto-2\/dji-matrice-30-worry-free-basic-combo\/","og_site_name":"Ghostysky","article_publisher":"https:\/\/www.facebook.com\/people\/Ghostysky\/100057676170234\/","article_modified_time":"2024-10-22T15:05:00+00:00","og_image":[{"width":2560,"height":2560,"url":"https:\/\/www.ghostysky.com\/wp-content\/uploads\/2023\/12\/DJI_Matrice_30_1.jpg","type":"image\/jpeg"}],"twitter_card":"summary_large_image","twitter_site":"@Gh0stysky","twitter_misc":{"Tiempo de lectura":"3 minutos"},"schema":{"@context":"https:\/\/schema.org","@graph":[{"@type":"WebPage","@id":"https:\/\/www.ghostysky.com\/product\/dji-matrice-30-worry-free-basic-combo\/","url":"https:\/\/www.ghostysky.com\/product\/dji-matrice-30-worry-free-basic-combo\/","name":"Combo b\u00e1sico DJI Matrice 30 sin preocupaciones - Ghostysky","isPartOf":{"@id":"https:\/\/www.ghostysky.com\/#website"},"primaryImageOfPage":{"@id":"https:\/\/www.ghostysky.com\/product\/dji-matrice-30-worry-free-basic-combo\/#primaryimage"},"image":{"@id":"https:\/\/www.ghostysky.com\/product\/dji-matrice-30-worry-free-basic-combo\/#primaryimage"},"thumbnailUrl":"https:\/\/www.ghostysky.com\/wp-content\/uploads\/2023\/12\/DJI_Matrice_30_1.jpg","datePublished":"2023-12-28T17:01:57+00:00","dateModified":"2024-10-22T15:05:00+00:00","description":"El DJI Matrice 30 es un dron empresarial de alto rendimiento equipado con una carga \u00fatil vers\u00e1til, una construcci\u00f3n robusta y caracter\u00edsticas de seguridad avanzadas. Est\u00e1 dise\u00f1ado para una amplia gama de aplicaciones, incluidas inspecci\u00f3n, seguridad p\u00fablica y respuesta a desastres. Su combinaci\u00f3n de sensores de alta resoluci\u00f3n, evitaci\u00f3n de obst\u00e1culos y sistemas redundantes garantiza una recopilaci\u00f3n de datos a\u00e9reos confiable y segura en entornos desafiantes.","breadcrumb":{"@id":"https:\/\/www.ghostysky.com\/product\/dji-matrice-30-worry-free-basic-combo\/#breadcrumb"},"inLanguage":"es","potentialAction":[{"@type":"ReadAction","target":["https:\/\/www.ghostysky.com\/product\/dji-matrice-30-worry-free-basic-combo\/"]}]},{"@type":"ImageObject","inLanguage":"es","@id":"https:\/\/www.ghostysky.com\/product\/dji-matrice-30-worry-free-basic-combo\/#primaryimage","url":"https:\/\/www.ghostysky.com\/wp-content\/uploads\/2023\/12\/DJI_Matrice_30_1.jpg","contentUrl":"https:\/\/www.ghostysky.com\/wp-content\/uploads\/2023\/12\/DJI_Matrice_30_1.jpg","width":2560,"height":2560},{"@type":"BreadcrumbList","@id":"https:\/\/www.ghostysky.com\/product\/dji-matrice-30-worry-free-basic-combo\/#breadcrumb","itemListElement":[{"@type":"ListItem","position":1,"name":"Home","item":"https:\/\/www.ghostysky.com\/"},{"@type":"ListItem","position":2,"name":"Shop","item":"https:\/\/www.ghostysky.com\/shop\/"},{"@type":"ListItem","position":3,"name":"DJI Matrice 30 Worry-Free Basic Combo"}]},{"@type":"WebSite","@id":"https:\/\/www.ghostysky.com\/#website","url":"https:\/\/www.ghostysky.com\/","name":"Ghostysky","description":"Entrega de drones y servicios profesionales","publisher":{"@id":"https:\/\/www.ghostysky.com\/#organization"},"potentialAction":[{"@type":"SearchAction","target":{"@type":"EntryPoint","urlTemplate":"https:\/\/www.ghostysky.com\/?s={search_term_string}"},"query-input":{"@type":"PropertyValueSpecification","valueRequired":true,"valueName":"search_term_string"}}],"inLanguage":"es"},{"@type":"Organization","@id":"https:\/\/www.ghostysky.com\/#organization","name":"Ghostysky","url":"https:\/\/www.ghostysky.com\/","logo":{"@type":"ImageObject","inLanguage":"es","@id":"https:\/\/www.ghostysky.com\/#\/schema\/logo\/image\/","url":"https:\/\/www.ghostysky.com\/wp-content\/uploads\/2020\/06\/cropped-ghostyskylogo_text_white2.png","contentUrl":"https:\/\/www.ghostysky.com\/wp-content\/uploads\/2020\/06\/cropped-ghostyskylogo_text_white2.png","width":169,"height":56,"caption":"Ghostysky"},"image":{"@id":"https:\/\/www.ghostysky.com\/#\/schema\/logo\/image\/"},"sameAs":["https:\/\/www.facebook.com\/people\/Ghostysky\/100057676170234\/","https:\/\/x.com\/Gh0stysky","https:\/\/www.linkedin.com\/company\/34739653","https:\/\/www.instagram.com\/gh0stysky"]}]}},"_links":{"self":[{"href":"https:\/\/www.ghostysky.com\/es\/wp-json\/wp\/v2\/product\/15330","targetHints":{"allow":["GET"]}}],"collection":[{"href":"https:\/\/www.ghostysky.com\/es\/wp-json\/wp\/v2\/product"}],"about":[{"href":"https:\/\/www.ghostysky.com\/es\/wp-json\/wp\/v2\/types\/product"}],"replies":[{"embeddable":true,"href":"https:\/\/www.ghostysky.com\/es\/wp-json\/wp\/v2\/comments?post=15330"}],"wp:featuredmedia":[{"embeddable":true,"href":"https:\/\/www.ghostysky.com\/es\/wp-json\/wp\/v2\/media\/15324"}],"wp:attachment":[{"href":"https:\/\/www.ghostysky.com\/es\/wp-json\/wp\/v2\/media?parent=15330"}],"wp:term":[{"taxonomy":"product_brand","embeddable":true,"href":"https:\/\/www.ghostysky.com\/es\/wp-json\/wp\/v2\/product_brand?post=15330"},{"taxonomy":"product_cat","embeddable":true,"href":"https:\/\/www.ghostysky.com\/es\/wp-json\/wp\/v2\/product_cat?post=15330"},{"taxonomy":"product_tag","embeddable":true,"href":"https:\/\/www.ghostysky.com\/es\/wp-json\/wp\/v2\/product_tag?post=15330"}],"curies":[{"name":"wp","href":"https:\/\/api.w.org\/{rel}","templated":true}]}}