{"id":15347,"date":"2023-12-28T17:25:14","date_gmt":"2023-12-28T17:25:14","guid":{"rendered":"https:\/\/www.ghostysky.com\/?post_type=product&#038;p=15347"},"modified":"2024-07-16T10:19:12","modified_gmt":"2024-07-16T10:19:12","slug":"dji-matrice-350-rtk-worry-free-plus-combo","status":"publish","type":"product","link":"https:\/\/www.ghostysky.com\/es\/product\/dji-matrice-350-rtk-worry-free-plus-combo\/","title":{"rendered":"DJI Matrice 350 RTK-Worry-Free Plus Combo"},"content":{"rendered":"<p data-sourcepos=\"3:1-3:32\"><strong>Carga \u00fatil robusta y vers\u00e1til<\/strong><\/p>\n<p data-sourcepos=\"5:1-5:134\">El sistema de carga \u00fatil del Matrice 350 RTK est\u00e1 dise\u00f1ado para brindar flexibilidad y adaptabilidad. Puede admitir una amplia gama de cargas \u00fatiles, que incluyen:<\/p>\n<ul data-sourcepos=\"7:1-14:0\">\n<li data-sourcepos=\"7:1-8:0\">\n<p data-sourcepos=\"7:3-7:110\"><strong>C\u00e1maras de alta resoluci\u00f3n:<\/strong> Capture im\u00e1genes y v\u00eddeos detallados para inspecciones, mapeo y documentaci\u00f3n.<\/p>\n<\/li>\n<li data-sourcepos=\"9:1-10:0\">\n<p data-sourcepos=\"9:3-9:155\"><strong>C\u00e1maras termogr\u00e1ficas:<\/strong> Detecte firmas de calor en entornos desafiantes para b\u00fasqueda y rescate, inspecci\u00f3n de l\u00edneas el\u00e9ctricas y mantenimiento industrial.<\/p>\n<\/li>\n<li data-sourcepos=\"11:1-12:0\">\n<p data-sourcepos=\"11:3-11:117\"><strong>Esc\u00e1neres LiDAR:<\/strong> Cree modelos 3D detallados para sitios de construcci\u00f3n, operaciones mineras y estudios ambientales.<\/p>\n<\/li>\n<li data-sourcepos=\"13:1-14:0\">\n<p data-sourcepos=\"13:3-13:114\"><strong>C\u00e1maras multiespectrales:<\/strong> Analizar la salud de la vegetaci\u00f3n, monitorear las condiciones de los cultivos y evaluar los cambios ambientales.<\/p>\n<\/li>\n<\/ul>\n<p data-sourcepos=\"15:1-15:28\"><strong>Funciones de seguridad avanzadas<\/strong><\/p>\n<p data-sourcepos=\"17:1-17:98\">El Matrice 350 RTK est\u00e1 equipado con caracter\u00edsticas de seguridad avanzadas para garantizar un funcionamiento confiable y seguro:<\/p>\n<ul data-sourcepos=\"19:1-26:0\">\n<li data-sourcepos=\"19:1-20:0\">\n<p data-sourcepos=\"19:3-19:135\"><strong>Sistemas de detecci\u00f3n redundantes:<\/strong> M\u00faltiples sensores salvaguardan funciones cr\u00edticas como navegaci\u00f3n, comunicaci\u00f3n y prevenci\u00f3n de colisiones.<\/p>\n<\/li>\n<li data-sourcepos=\"21:1-22:0\">\n<p data-sourcepos=\"21:3-21:146\"><strong>Evitaci\u00f3n de obst\u00e1culos multidireccional:<\/strong> Una combinaci\u00f3n de sensores detecta y evita obst\u00e1culos en todas las direcciones, incluso en entornos complejos.<\/p>\n<\/li>\n<li data-sourcepos=\"23:1-24:0\">\n<p data-sourcepos=\"23:3-23:128\"><strong>Receptor ADS-B:<\/strong> Recibe se\u00f1ales de aeronaves cercanas, lo que brinda seguridad adicional para operaciones coordinadas en un espacio a\u00e9reo concurrido.<\/p>\n<\/li>\n<li data-sourcepos=\"25:1-26:0\">\n<p data-sourcepos=\"25:3-25:158\"><strong>Protecci\u00f3n a prueba de fallos:<\/strong> En caso de falla de un sensor o de comunicaci\u00f3n, el dron regresa autom\u00e1ticamente a una ubicaci\u00f3n designada o inicia un aterrizaje seguro.<\/p>\n<\/li>\n<\/ul>\n<p data-sourcepos=\"27:1-27:31\"><strong>Potente rendimiento de vuelo<\/strong><\/p>\n<p data-sourcepos=\"29:1-29:109\">El Matrice 350 RTK ofrece un rendimiento de vuelo excepcional, lo que lo hace adecuado para una amplia gama de misiones:<\/p>\n<ul data-sourcepos=\"31:1-38:0\">\n<li data-sourcepos=\"31:1-32:0\">\n<p data-sourcepos=\"31:3-31:131\"><strong>Capacidad de carga \u00fatil:<\/strong> Una carga \u00fatil m\u00e1xima de 2,7 kilogramos permite al dron transportar una variedad de sensores y equipos de alta resistencia.<\/p>\n<\/li>\n<li data-sourcepos=\"33:1-34:0\">\n<p data-sourcepos=\"33:3-33:120\"><strong>Tiempo de vuelo extendido:<\/strong> Hasta 55 minutos de tiempo de vuelo permiten misiones de largo alcance y recopilaci\u00f3n de datos detallada.<\/p>\n<\/li>\n<li data-sourcepos=\"35:1-36:0\">\n<p data-sourcepos=\"35:3-35:146\"><strong>Alta resistencia al viento:<\/strong> El dron puede operar con velocidades de viento de hasta 30 metros por segundo, lo que garantiza la estabilidad en condiciones clim\u00e1ticas dif\u00edciles.<\/p>\n<\/li>\n<li data-sourcepos=\"37:1-38:0\">\n<p data-sourcepos=\"37:3-37:143\"><strong>Techo de altitud:<\/strong> Una altitud operativa m\u00e1xima de 7.000 metros proporciona acceso a \u00e1reas de gran altitud para estudios e inspecciones a\u00e9reas.<\/p>\n<\/li>\n<\/ul>\n<p data-sourcepos=\"39:1-39:36\"><strong>Dise\u00f1o modular para personalizaci\u00f3n<\/strong><\/p>\n<p data-sourcepos=\"41:1-41:105\">El dise\u00f1o modular del Matrice 350 RTK permite una f\u00e1cil personalizaci\u00f3n y conexi\u00f3n de cargas \u00fatiles adicionales:<\/p>\n<ul data-sourcepos=\"43:1-48:0\">\n<li data-sourcepos=\"43:1-44:0\">\n<p data-sourcepos=\"43:3-43:122\"><strong>Tren de aterrizaje modular:<\/strong> Permite el uso de trenes de aterrizaje especializados para diferentes entornos, como nieve o agua.<\/p>\n<\/li>\n<li data-sourcepos=\"45:1-46:0\">\n<p data-sourcepos=\"45:3-45:103\"><strong>Puntos de montaje adicionales:<\/strong> Proporciona flexibilidad para conectar cargas \u00fatiles o accesorios adicionales.<\/p>\n<\/li>\n<li data-sourcepos=\"47:1-48:0\">\n<p data-sourcepos=\"47:3-47:99\"><strong>Sistema de bater\u00eda ampliable:<\/strong> Permite tiempos de vuelo prolongados conectando m\u00faltiples bater\u00edas.<\/p>\n<\/li>\n<\/ul>\n<p data-sourcepos=\"49:1-49:32\"><strong>Sistema de control f\u00e1cil de usar<\/strong><\/p>\n<p data-sourcepos=\"51:1-51:70\">El Matrice 350 RTK est\u00e1 dise\u00f1ado para un funcionamiento intuitivo y eficiente:<\/p>\n<ul data-sourcepos=\"53:1-58:0\">\n<li data-sourcepos=\"53:1-54:0\">\n<p data-sourcepos=\"53:3-53:132\"><strong>Control remoto DJI RC Plus:<\/strong> Cuenta con una pantalla t\u00e1ctil grande de alto contraste y controles simplificados para una f\u00e1cil operaci\u00f3n.<\/p>\n<\/li>\n<li data-sourcepos=\"55:1-56:0\">\n<p data-sourcepos=\"55:3-55:112\"><strong>Software piloto DJI:<\/strong> Proporciona potentes capacidades de planificaci\u00f3n de vuelos, gesti\u00f3n de misiones y an\u00e1lisis de datos.<\/p>\n<\/li>\n<li data-sourcepos=\"57:1-58:0\">\n<p data-sourcepos=\"57:3-57:76\"><strong>Sistema DJI SkyPort:<\/strong> Simplifica la instalaci\u00f3n y configuraci\u00f3n de la carga \u00fatil.<\/p>\n<\/li>\n<\/ul>\n<p data-sourcepos=\"59:1-59:30\"><strong>Amplia gama de aplicaciones<\/strong><\/p>\n<p data-sourcepos=\"61:1-61:72\">El DJI Matrice 350 RTK es una herramienta vers\u00e1til para una variedad de industrias:<\/p>\n<ul data-sourcepos=\"63:1-72:0\">\n<li data-sourcepos=\"63:1-64:0\">\n<p data-sourcepos=\"63:3-63:77\"><strong>Energ\u00eda:<\/strong> Inspecci\u00f3n de l\u00edneas el\u00e9ctricas, parques e\u00f3licos e instalaciones solares.<\/p>\n<\/li>\n<li data-sourcepos=\"65:1-66:0\">\n<p data-sourcepos=\"65:3-65:98\"><strong>Construcci\u00f3n:<\/strong> Seguimiento de las obras de construcci\u00f3n, evaluaci\u00f3n de avances e inspecciones de seguridad.<\/p>\n<\/li>\n<li data-sourcepos=\"67:1-68:0\">\n<p data-sourcepos=\"67:3-67:98\"><strong>Inspecci\u00f3n:<\/strong> Inspecci\u00f3n de puentes, edificios y otras estructuras en busca de defectos o anomal\u00edas.<\/p>\n<\/li>\n<li data-sourcepos=\"69:1-70:0\">\n<p data-sourcepos=\"69:3-69:89\"><strong>Petr\u00f3leo y gas:<\/strong> Inspecci\u00f3n de oleoductos, refiner\u00edas y otras instalaciones de petr\u00f3leo y gas.<\/p>\n<\/li>\n<li data-sourcepos=\"71:1-72:0\">\n<p data-sourcepos=\"71:3-71:75\"><strong>Agricultura:<\/strong> Monitoreo de cultivos, an\u00e1lisis de riego y mapeo de campo.<\/p>\n<\/li>\n<\/ul>\n<p data-sourcepos=\"73:1-73:385\">En general, el DJI Matrice 350 RTK es un dron potente y vers\u00e1til que redefine los l\u00edmites de la recopilaci\u00f3n de datos a\u00e9reos para aplicaciones profesionales exigentes. Su combinaci\u00f3n de opciones avanzadas de carga \u00fatil, construcci\u00f3n robusta y caracter\u00edsticas de seguridad integrales lo convierten en un activo invaluable para las organizaciones que buscan mejorar la productividad, la eficiencia y la seguridad en diversas industrias.<\/p>\n<p data-sourcepos=\"73:1-73:385\"><a href=\"https:\/\/www.ghostysky.com\/wp-content\/uploads\/2023\/12\/Matrice350rtk_In_the_box.jpg\"><img fetchpriority=\"high\" decoding=\"async\" class=\"alignnone size-full wp-image-15345 lazyload\" src=\"datos:imagen\/gif;base64,R0lGODlhAQABAAAAACH5BAEKAAEALAAAAAABAAEAAAICTAEAOw==\" alt=\"\" width=\"1375\" height=\"711\" data-src=\"datos:imagen\/gif;base64,R0lGODlhAQABAAAAACH5BAEKAAEALAAAAAABAAEAAAICTAEAOw==\"><\/a><\/p>","protected":false},"excerpt":{"rendered":"<p>El DJI Matrice 350 RTK es un dron de alto rendimiento dise\u00f1ado para aplicaciones profesionales en diversas industrias, incluidas la energ\u00eda, la construcci\u00f3n y la inspecci\u00f3n. Cuenta con un sistema de carga \u00fatil robusto y vers\u00e1til, caracter\u00edsticas de seguridad avanzadas y un potente rendimiento de vuelo.<\/p>\n<p><strong>Proporciona hasta dos reemplazos asequibles en caso de da\u00f1os accidentales.<\/strong><\/p>","protected":false},"featured_media":15344,"comment_status":"open","ping_status":"closed","template":"","meta":[],"product_brand":[],"product_cat":[37,621,623],"product_tag":[42,624,618],"class_list":{"0":"post-15347","1":"product","2":"type-product","3":"status-publish","4":"has-post-thumbnail","6":"product_cat-dji","7":"product_cat-dji-matrice-350-rtk","8":"product_cat-matrice-350-drones","9":"product_tag-dji","10":"product_tag-matrice-350-rtk","11":"product_tag-worry-free-plus-combo","13":"first","14":"onbackorder","15":"taxable","16":"shipping-taxable","17":"purchasable","18":"product-type-simple"},"yoast_head":"<!-- This site is optimized with the Yoast SEO plugin v27.1.1 - https:\/\/yoast.com\/product\/yoast-seo-wordpress\/ -->\n<title>DJI Matrice 350 RTK-Worry-Free Plus Combo - Ghostysky<\/title>\n<meta name=\"description\" content=\"The DJI Matrice 350 RTK is a high-performance drone designed for professional applications in various industries, including energy, construction, and inspection. It features a robust and versatile payload system, advanced safety features, and a powerful flight performance.\" \/>\n<meta name=\"robots\" content=\"index, follow, max-snippet:-1, max-image-preview:large, max-video-preview:-1\" \/>\n<link rel=\"canonical\" href=\"https:\/\/www.ghostysky.com\/es\/producto-2\/dji-matrice-350-rtk-worry-free-plus-combo\/\" \/>\n<meta property=\"og:locale\" content=\"es_ES\" \/>\n<meta property=\"og:type\" content=\"article\" \/>\n<meta property=\"og:title\" content=\"DJI Matrice 350 RTK-Worry-Free Plus Combo - Ghostysky\" \/>\n<meta property=\"og:description\" content=\"The DJI Matrice 350 RTK is a high-performance drone designed for professional applications in various industries, including energy, construction, and inspection. It features a robust and versatile payload system, advanced safety features, and a powerful flight performance.\" \/>\n<meta property=\"og:url\" content=\"https:\/\/www.ghostysky.com\/es\/producto-2\/dji-matrice-350-rtk-worry-free-plus-combo\/\" \/>\n<meta property=\"og:site_name\" content=\"Ghostysky\" \/>\n<meta property=\"article:publisher\" content=\"https:\/\/www.facebook.com\/people\/Ghostysky\/100057676170234\/\" \/>\n<meta property=\"article:modified_time\" content=\"2024-07-16T10:19:12+00:00\" \/>\n<meta property=\"og:image\" content=\"https:\/\/www.ghostysky.com\/wp-content\/uploads\/2023\/12\/DJI_Matrice_350RTK_1.jpg\" \/>\n\t<meta property=\"og:image:width\" content=\"2560\" \/>\n\t<meta property=\"og:image:height\" content=\"2560\" \/>\n\t<meta property=\"og:image:type\" content=\"image\/jpeg\" \/>\n<meta name=\"twitter:card\" content=\"summary_large_image\" \/>\n<meta name=\"twitter:site\" content=\"@Gh0stysky\" \/>\n<meta name=\"twitter:label1\" content=\"Tiempo de lectura\" \/>\n\t<meta name=\"twitter:data1\" content=\"3 minutos\" \/>\n<script type=\"application\/ld+json\" class=\"yoast-schema-graph\">{\"@context\":\"https:\/\/schema.org\",\"@graph\":[{\"@type\":\"WebPage\",\"@id\":\"https:\/\/www.ghostysky.com\/product\/dji-matrice-350-rtk-worry-free-plus-combo\/\",\"url\":\"https:\/\/www.ghostysky.com\/product\/dji-matrice-350-rtk-worry-free-plus-combo\/\",\"name\":\"DJI Matrice 350 RTK-Worry-Free Plus Combo - Ghostysky\",\"isPartOf\":{\"@id\":\"https:\/\/www.ghostysky.com\/#website\"},\"primaryImageOfPage\":{\"@id\":\"https:\/\/www.ghostysky.com\/product\/dji-matrice-350-rtk-worry-free-plus-combo\/#primaryimage\"},\"image\":{\"@id\":\"https:\/\/www.ghostysky.com\/product\/dji-matrice-350-rtk-worry-free-plus-combo\/#primaryimage\"},\"thumbnailUrl\":\"https:\/\/www.ghostysky.com\/wp-content\/uploads\/2023\/12\/DJI_Matrice_350RTK_1.jpg\",\"datePublished\":\"2023-12-28T17:25:14+00:00\",\"dateModified\":\"2024-07-16T10:19:12+00:00\",\"description\":\"The DJI Matrice 350 RTK is a high-performance drone designed for professional applications in various industries, including energy, construction, and inspection. It features a robust and versatile payload system, advanced safety features, and a powerful flight performance.\",\"breadcrumb\":{\"@id\":\"https:\/\/www.ghostysky.com\/product\/dji-matrice-350-rtk-worry-free-plus-combo\/#breadcrumb\"},\"inLanguage\":\"es\",\"potentialAction\":[{\"@type\":\"ReadAction\",\"target\":[\"https:\/\/www.ghostysky.com\/product\/dji-matrice-350-rtk-worry-free-plus-combo\/\"]}]},{\"@type\":\"ImageObject\",\"inLanguage\":\"es\",\"@id\":\"https:\/\/www.ghostysky.com\/product\/dji-matrice-350-rtk-worry-free-plus-combo\/#primaryimage\",\"url\":\"https:\/\/www.ghostysky.com\/wp-content\/uploads\/2023\/12\/DJI_Matrice_350RTK_1.jpg\",\"contentUrl\":\"https:\/\/www.ghostysky.com\/wp-content\/uploads\/2023\/12\/DJI_Matrice_350RTK_1.jpg\",\"width\":2560,\"height\":2560},{\"@type\":\"BreadcrumbList\",\"@id\":\"https:\/\/www.ghostysky.com\/product\/dji-matrice-350-rtk-worry-free-plus-combo\/#breadcrumb\",\"itemListElement\":[{\"@type\":\"ListItem\",\"position\":1,\"name\":\"Home\",\"item\":\"https:\/\/www.ghostysky.com\/\"},{\"@type\":\"ListItem\",\"position\":2,\"name\":\"Shop\",\"item\":\"https:\/\/www.ghostysky.com\/shop\/\"},{\"@type\":\"ListItem\",\"position\":3,\"name\":\"DJI Matrice 350 RTK-Worry-Free Plus Combo\"}]},{\"@type\":\"WebSite\",\"@id\":\"https:\/\/www.ghostysky.com\/#website\",\"url\":\"https:\/\/www.ghostysky.com\/\",\"name\":\"Ghostysky\",\"description\":\"Delivering professional drones and services\",\"publisher\":{\"@id\":\"https:\/\/www.ghostysky.com\/#organization\"},\"potentialAction\":[{\"@type\":\"SearchAction\",\"target\":{\"@type\":\"EntryPoint\",\"urlTemplate\":\"https:\/\/www.ghostysky.com\/?s={search_term_string}\"},\"query-input\":{\"@type\":\"PropertyValueSpecification\",\"valueRequired\":true,\"valueName\":\"search_term_string\"}}],\"inLanguage\":\"es\"},{\"@type\":\"Organization\",\"@id\":\"https:\/\/www.ghostysky.com\/#organization\",\"name\":\"Ghostysky\",\"url\":\"https:\/\/www.ghostysky.com\/\",\"logo\":{\"@type\":\"ImageObject\",\"inLanguage\":\"es\",\"@id\":\"https:\/\/www.ghostysky.com\/#\/schema\/logo\/image\/\",\"url\":\"https:\/\/www.ghostysky.com\/wp-content\/uploads\/2020\/06\/cropped-ghostyskylogo_text_white2.png\",\"contentUrl\":\"https:\/\/www.ghostysky.com\/wp-content\/uploads\/2020\/06\/cropped-ghostyskylogo_text_white2.png\",\"width\":169,\"height\":56,\"caption\":\"Ghostysky\"},\"image\":{\"@id\":\"https:\/\/www.ghostysky.com\/#\/schema\/logo\/image\/\"},\"sameAs\":[\"https:\/\/www.facebook.com\/people\/Ghostysky\/100057676170234\/\",\"https:\/\/x.com\/Gh0stysky\",\"https:\/\/www.linkedin.com\/company\/34739653\",\"https:\/\/www.instagram.com\/gh0stysky\"]}]}<\/script>\n<!-- \/ Yoast SEO plugin. -->","yoast_head_json":{"title":"Combo DJI Matrice 350 RTK-Sin preocupaciones Plus - Ghostysky","description":"El DJI Matrice 350 RTK es un dron de alto rendimiento dise\u00f1ado para aplicaciones profesionales en diversas industrias, incluidas la energ\u00eda, la construcci\u00f3n y la inspecci\u00f3n. Cuenta con un sistema de carga \u00fatil robusto y vers\u00e1til, caracter\u00edsticas de seguridad avanzadas y un potente rendimiento de vuelo.","robots":{"index":"index","follow":"follow","max-snippet":"max-snippet:-1","max-image-preview":"max-image-preview:large","max-video-preview":"max-video-preview:-1"},"canonical":"https:\/\/www.ghostysky.com\/es\/producto-2\/dji-matrice-350-rtk-worry-free-plus-combo\/","og_locale":"es_ES","og_type":"article","og_title":"DJI Matrice 350 RTK-Worry-Free Plus Combo - Ghostysky","og_description":"The DJI Matrice 350 RTK is a high-performance drone designed for professional applications in various industries, including energy, construction, and inspection. It features a robust and versatile payload system, advanced safety features, and a powerful flight performance.","og_url":"https:\/\/www.ghostysky.com\/es\/producto-2\/dji-matrice-350-rtk-worry-free-plus-combo\/","og_site_name":"Ghostysky","article_publisher":"https:\/\/www.facebook.com\/people\/Ghostysky\/100057676170234\/","article_modified_time":"2024-07-16T10:19:12+00:00","og_image":[{"width":2560,"height":2560,"url":"https:\/\/www.ghostysky.com\/wp-content\/uploads\/2023\/12\/DJI_Matrice_350RTK_1.jpg","type":"image\/jpeg"}],"twitter_card":"summary_large_image","twitter_site":"@Gh0stysky","twitter_misc":{"Tiempo de lectura":"3 minutos"},"schema":{"@context":"https:\/\/schema.org","@graph":[{"@type":"WebPage","@id":"https:\/\/www.ghostysky.com\/product\/dji-matrice-350-rtk-worry-free-plus-combo\/","url":"https:\/\/www.ghostysky.com\/product\/dji-matrice-350-rtk-worry-free-plus-combo\/","name":"Combo DJI Matrice 350 RTK-Sin preocupaciones Plus - Ghostysky","isPartOf":{"@id":"https:\/\/www.ghostysky.com\/#website"},"primaryImageOfPage":{"@id":"https:\/\/www.ghostysky.com\/product\/dji-matrice-350-rtk-worry-free-plus-combo\/#primaryimage"},"image":{"@id":"https:\/\/www.ghostysky.com\/product\/dji-matrice-350-rtk-worry-free-plus-combo\/#primaryimage"},"thumbnailUrl":"https:\/\/www.ghostysky.com\/wp-content\/uploads\/2023\/12\/DJI_Matrice_350RTK_1.jpg","datePublished":"2023-12-28T17:25:14+00:00","dateModified":"2024-07-16T10:19:12+00:00","description":"El DJI Matrice 350 RTK es un dron de alto rendimiento dise\u00f1ado para aplicaciones profesionales en diversas industrias, incluidas la energ\u00eda, la construcci\u00f3n y la inspecci\u00f3n. Cuenta con un sistema de carga \u00fatil robusto y vers\u00e1til, caracter\u00edsticas de seguridad avanzadas y un potente rendimiento de vuelo.","breadcrumb":{"@id":"https:\/\/www.ghostysky.com\/product\/dji-matrice-350-rtk-worry-free-plus-combo\/#breadcrumb"},"inLanguage":"es","potentialAction":[{"@type":"ReadAction","target":["https:\/\/www.ghostysky.com\/product\/dji-matrice-350-rtk-worry-free-plus-combo\/"]}]},{"@type":"ImageObject","inLanguage":"es","@id":"https:\/\/www.ghostysky.com\/product\/dji-matrice-350-rtk-worry-free-plus-combo\/#primaryimage","url":"https:\/\/www.ghostysky.com\/wp-content\/uploads\/2023\/12\/DJI_Matrice_350RTK_1.jpg","contentUrl":"https:\/\/www.ghostysky.com\/wp-content\/uploads\/2023\/12\/DJI_Matrice_350RTK_1.jpg","width":2560,"height":2560},{"@type":"BreadcrumbList","@id":"https:\/\/www.ghostysky.com\/product\/dji-matrice-350-rtk-worry-free-plus-combo\/#breadcrumb","itemListElement":[{"@type":"ListItem","position":1,"name":"Home","item":"https:\/\/www.ghostysky.com\/"},{"@type":"ListItem","position":2,"name":"Shop","item":"https:\/\/www.ghostysky.com\/shop\/"},{"@type":"ListItem","position":3,"name":"DJI Matrice 350 RTK-Worry-Free Plus Combo"}]},{"@type":"WebSite","@id":"https:\/\/www.ghostysky.com\/#website","url":"https:\/\/www.ghostysky.com\/","name":"Ghostysky","description":"Entrega de drones y servicios profesionales","publisher":{"@id":"https:\/\/www.ghostysky.com\/#organization"},"potentialAction":[{"@type":"SearchAction","target":{"@type":"EntryPoint","urlTemplate":"https:\/\/www.ghostysky.com\/?s={search_term_string}"},"query-input":{"@type":"PropertyValueSpecification","valueRequired":true,"valueName":"search_term_string"}}],"inLanguage":"es"},{"@type":"Organization","@id":"https:\/\/www.ghostysky.com\/#organization","name":"Ghostysky","url":"https:\/\/www.ghostysky.com\/","logo":{"@type":"ImageObject","inLanguage":"es","@id":"https:\/\/www.ghostysky.com\/#\/schema\/logo\/image\/","url":"https:\/\/www.ghostysky.com\/wp-content\/uploads\/2020\/06\/cropped-ghostyskylogo_text_white2.png","contentUrl":"https:\/\/www.ghostysky.com\/wp-content\/uploads\/2020\/06\/cropped-ghostyskylogo_text_white2.png","width":169,"height":56,"caption":"Ghostysky"},"image":{"@id":"https:\/\/www.ghostysky.com\/#\/schema\/logo\/image\/"},"sameAs":["https:\/\/www.facebook.com\/people\/Ghostysky\/100057676170234\/","https:\/\/x.com\/Gh0stysky","https:\/\/www.linkedin.com\/company\/34739653","https:\/\/www.instagram.com\/gh0stysky"]}]}},"_links":{"self":[{"href":"https:\/\/www.ghostysky.com\/es\/wp-json\/wp\/v2\/product\/15347","targetHints":{"allow":["GET"]}}],"collection":[{"href":"https:\/\/www.ghostysky.com\/es\/wp-json\/wp\/v2\/product"}],"about":[{"href":"https:\/\/www.ghostysky.com\/es\/wp-json\/wp\/v2\/types\/product"}],"replies":[{"embeddable":true,"href":"https:\/\/www.ghostysky.com\/es\/wp-json\/wp\/v2\/comments?post=15347"}],"wp:featuredmedia":[{"embeddable":true,"href":"https:\/\/www.ghostysky.com\/es\/wp-json\/wp\/v2\/media\/15344"}],"wp:attachment":[{"href":"https:\/\/www.ghostysky.com\/es\/wp-json\/wp\/v2\/media?parent=15347"}],"wp:term":[{"taxonomy":"product_brand","embeddable":true,"href":"https:\/\/www.ghostysky.com\/es\/wp-json\/wp\/v2\/product_brand?post=15347"},{"taxonomy":"product_cat","embeddable":true,"href":"https:\/\/www.ghostysky.com\/es\/wp-json\/wp\/v2\/product_cat?post=15347"},{"taxonomy":"product_tag","embeddable":true,"href":"https:\/\/www.ghostysky.com\/es\/wp-json\/wp\/v2\/product_tag?post=15347"}],"curies":[{"name":"wp","href":"https:\/\/api.w.org\/{rel}","templated":true}]}}