{"id":15375,"date":"2023-12-28T18:04:11","date_gmt":"2023-12-28T18:04:11","guid":{"rendered":"https:\/\/www.ghostysky.com\/?post_type=product&#038;p=15375"},"modified":"2024-11-05T11:40:13","modified_gmt":"2024-11-05T11:40:13","slug":"matrice-30-series-tb30-intelligent-flight-battery","status":"publish","type":"product","link":"https:\/\/www.ghostysky.com\/es\/product\/matrice-30-series-tb30-intelligent-flight-battery\/","title":{"rendered":"Bater\u00eda de Vuelo Inteligente TB30 Serie Matrice 30"},"content":{"rendered":"<div class=\"temp-specs-tr\">\n<div class=\"temp-specs-td name\"><strong>Descripci\u00f3n general<\/strong><\/div>\n<div class=\"temp-specs-td value\">\n<p>La bater\u00eda inteligente TB30 se puede autocalentar y cargar hasta 400 ciclos. Admite el reemplazo de m\u00f3dulos en caliente, lo que ahorra tiempo durante tareas cr\u00edticas y garantiza operaciones de vuelo sin problemas.<\/p>\n<\/div>\n<\/div>\n<div class=\"temp-specs-tr\">\n<div class=\"temp-specs-td name\"><strong>Reflejos<\/strong><\/div>\n<div class=\"temp-specs-td value\">\n<ul>\n<li>Carga hasta 400 ciclos y admite reemplazo de m\u00f3dulo en caliente.<\/li>\n<\/ul>\n<\/div>\n<\/div>\n<div class=\"temp-specs-tr\">\n<div class=\"temp-specs-td name\"><strong>Consejos<\/strong><\/div>\n<div class=\"temp-specs-td value\">\n<p>Almacenar bater\u00edas a un nivel de potencia alto puede afectar su vida \u00fatil. Siga el manual del usuario en la estaci\u00f3n de bater\u00eda inteligente BS30.<\/p>\n<\/div>\n<\/div>\n<div class=\"temp-specs-tr\">\n<div class=\"temp-specs-td name\"><strong>En el cuadro<\/strong><\/div>\n<div class=\"temp-specs-td value\">\n<ul>\n<li>Bater\u00eda de Vuelo Inteligente TB30 \u00d7 1<\/li>\n<\/ul>\n<\/div>\n<\/div>\n<div class=\"temp-specs-tr\">\n<div class=\"temp-specs-td name\"><strong>Especificaciones<\/strong><\/div>\n<div class=\"temp-specs-td value\">\n<ul>\n<li>Capacidad: 5.880 mAh<\/li>\n<li>Peso aproximado. 685 gramos<\/li>\n<li>Voltaje: 26,1 V<\/li>\n<li>Temperatura de funcionamiento: -20 a 50 \u00b0C (-4\u00b0 a 122\u00b0 F)<\/li>\n<\/ul>\n<\/div>\n<\/div>\n<div class=\"temp-specs-tr\">\n<div class=\"temp-specs-td name\"><strong>Compatibilidad<\/strong><\/div>\n<div class=\"temp-specs-td value\">\n<ul>\n<li>Serie Matriz 30<\/li>\n<\/ul>\n<\/div>\n<\/div>","protected":false},"excerpt":{"rendered":"<p>La bater\u00eda de vuelo inteligente Matrice 30 Series TB30 es una bater\u00eda de alta capacidad y alto rendimiento dise\u00f1ada para la serie de drones DJI Matrice 30. Cuenta con un largo tiempo de vuelo, una potente tasa de descarga y funciones de seguridad avanzadas.<\/p>","protected":false},"featured_media":15378,"comment_status":"open","ping_status":"closed","template":"","meta":[],"product_brand":[],"product_cat":[615,614,29],"product_tag":[617,627,620],"class_list":{"0":"post-15375","1":"product","2":"type-product","3":"status-publish","4":"has-post-thumbnail","6":"product_cat-dji-matrice-30-accessories","7":"product_cat-dji-matrice-30","8":"product_cat-drones","9":"product_tag-matrice-30","10":"product_tag-matrice-30-series-tb30-intelligent-flight-battery","11":"product_tag-matrice-30t","13":"first","14":"instock","15":"taxable","16":"shipping-taxable","17":"purchasable","18":"product-type-simple"},"yoast_head":"<!-- This site is optimized with the Yoast SEO plugin v27.1.1 - https:\/\/yoast.com\/product\/yoast-seo-wordpress\/ -->\n<title>Matrice 30 Series TB30 Intelligent Flight Battery - Ghostysky<\/title>\n<meta name=\"description\" content=\"The Matrice 30 Series TB30 Intelligent Flight Battery is a high-capacity and high-performance battery designed for the DJI Matrice 30 series of drones. It features a long flight time, a powerful discharge rate, and advanced safety features.\" \/>\n<meta name=\"robots\" content=\"index, follow, max-snippet:-1, max-image-preview:large, max-video-preview:-1\" \/>\n<link rel=\"canonical\" href=\"https:\/\/www.ghostysky.com\/es\/producto-2\/matrice-30-series-tb30-intelligent-flight-battery\/\" \/>\n<meta property=\"og:locale\" content=\"es_ES\" \/>\n<meta property=\"og:type\" content=\"article\" \/>\n<meta property=\"og:title\" content=\"Matrice 30 Series TB30 Intelligent Flight Battery - Ghostysky\" \/>\n<meta property=\"og:description\" content=\"The Matrice 30 Series TB30 Intelligent Flight Battery is a high-capacity and high-performance battery designed for the DJI Matrice 30 series of drones. It features a long flight time, a powerful discharge rate, and advanced safety features.\" \/>\n<meta property=\"og:url\" content=\"https:\/\/www.ghostysky.com\/es\/producto-2\/matrice-30-series-tb30-intelligent-flight-battery\/\" \/>\n<meta property=\"og:site_name\" content=\"Ghostysky\" \/>\n<meta property=\"article:publisher\" content=\"https:\/\/www.facebook.com\/people\/Ghostysky\/100057676170234\/\" \/>\n<meta property=\"article:modified_time\" content=\"2024-11-05T11:40:13+00:00\" \/>\n<meta property=\"og:image\" content=\"https:\/\/www.ghostysky.com\/wp-content\/uploads\/2023\/12\/Matrice-30_bat_1-scaled.jpg\" \/>\n\t<meta property=\"og:image:width\" content=\"3840\" \/>\n\t<meta property=\"og:image:height\" content=\"2560\" \/>\n\t<meta property=\"og:image:type\" content=\"image\/jpeg\" \/>\n<meta name=\"twitter:card\" content=\"summary_large_image\" \/>\n<meta name=\"twitter:site\" content=\"@Gh0stysky\" \/>\n<meta name=\"twitter:label1\" content=\"Tiempo de lectura\" \/>\n\t<meta name=\"twitter:data1\" content=\"1 minuto\" \/>\n<script type=\"application\/ld+json\" class=\"yoast-schema-graph\">{\"@context\":\"https:\/\/schema.org\",\"@graph\":[{\"@type\":\"WebPage\",\"@id\":\"https:\/\/www.ghostysky.com\/product\/matrice-30-series-tb30-intelligent-flight-battery\/\",\"url\":\"https:\/\/www.ghostysky.com\/product\/matrice-30-series-tb30-intelligent-flight-battery\/\",\"name\":\"Matrice 30 Series TB30 Intelligent Flight Battery - Ghostysky\",\"isPartOf\":{\"@id\":\"https:\/\/www.ghostysky.com\/#website\"},\"primaryImageOfPage\":{\"@id\":\"https:\/\/www.ghostysky.com\/product\/matrice-30-series-tb30-intelligent-flight-battery\/#primaryimage\"},\"image\":{\"@id\":\"https:\/\/www.ghostysky.com\/product\/matrice-30-series-tb30-intelligent-flight-battery\/#primaryimage\"},\"thumbnailUrl\":\"https:\/\/www.ghostysky.com\/wp-content\/uploads\/2023\/12\/Matrice-30_bat_1-scaled.jpg\",\"datePublished\":\"2023-12-28T18:04:11+00:00\",\"dateModified\":\"2024-11-05T11:40:13+00:00\",\"description\":\"The Matrice 30 Series TB30 Intelligent Flight Battery is a high-capacity and high-performance battery designed for the DJI Matrice 30 series of drones. It features a long flight time, a powerful discharge rate, and advanced safety features.\",\"breadcrumb\":{\"@id\":\"https:\/\/www.ghostysky.com\/product\/matrice-30-series-tb30-intelligent-flight-battery\/#breadcrumb\"},\"inLanguage\":\"es\",\"potentialAction\":[{\"@type\":\"ReadAction\",\"target\":[\"https:\/\/www.ghostysky.com\/product\/matrice-30-series-tb30-intelligent-flight-battery\/\"]}]},{\"@type\":\"ImageObject\",\"inLanguage\":\"es\",\"@id\":\"https:\/\/www.ghostysky.com\/product\/matrice-30-series-tb30-intelligent-flight-battery\/#primaryimage\",\"url\":\"https:\/\/www.ghostysky.com\/wp-content\/uploads\/2023\/12\/Matrice-30_bat_1-scaled.jpg\",\"contentUrl\":\"https:\/\/www.ghostysky.com\/wp-content\/uploads\/2023\/12\/Matrice-30_bat_1-scaled.jpg\",\"width\":3840,\"height\":2560},{\"@type\":\"BreadcrumbList\",\"@id\":\"https:\/\/www.ghostysky.com\/product\/matrice-30-series-tb30-intelligent-flight-battery\/#breadcrumb\",\"itemListElement\":[{\"@type\":\"ListItem\",\"position\":1,\"name\":\"Home\",\"item\":\"https:\/\/www.ghostysky.com\/\"},{\"@type\":\"ListItem\",\"position\":2,\"name\":\"Shop\",\"item\":\"https:\/\/www.ghostysky.com\/shop\/\"},{\"@type\":\"ListItem\",\"position\":3,\"name\":\"Matrice 30 Series TB30 Intelligent Flight Battery\"}]},{\"@type\":\"WebSite\",\"@id\":\"https:\/\/www.ghostysky.com\/#website\",\"url\":\"https:\/\/www.ghostysky.com\/\",\"name\":\"Ghostysky\",\"description\":\"Delivering professional drones and services\",\"publisher\":{\"@id\":\"https:\/\/www.ghostysky.com\/#organization\"},\"potentialAction\":[{\"@type\":\"SearchAction\",\"target\":{\"@type\":\"EntryPoint\",\"urlTemplate\":\"https:\/\/www.ghostysky.com\/?s={search_term_string}\"},\"query-input\":{\"@type\":\"PropertyValueSpecification\",\"valueRequired\":true,\"valueName\":\"search_term_string\"}}],\"inLanguage\":\"es\"},{\"@type\":\"Organization\",\"@id\":\"https:\/\/www.ghostysky.com\/#organization\",\"name\":\"Ghostysky\",\"url\":\"https:\/\/www.ghostysky.com\/\",\"logo\":{\"@type\":\"ImageObject\",\"inLanguage\":\"es\",\"@id\":\"https:\/\/www.ghostysky.com\/#\/schema\/logo\/image\/\",\"url\":\"https:\/\/www.ghostysky.com\/wp-content\/uploads\/2020\/06\/cropped-ghostyskylogo_text_white2.png\",\"contentUrl\":\"https:\/\/www.ghostysky.com\/wp-content\/uploads\/2020\/06\/cropped-ghostyskylogo_text_white2.png\",\"width\":169,\"height\":56,\"caption\":\"Ghostysky\"},\"image\":{\"@id\":\"https:\/\/www.ghostysky.com\/#\/schema\/logo\/image\/\"},\"sameAs\":[\"https:\/\/www.facebook.com\/people\/Ghostysky\/100057676170234\/\",\"https:\/\/x.com\/Gh0stysky\",\"https:\/\/www.linkedin.com\/company\/34739653\",\"https:\/\/www.instagram.com\/gh0stysky\"]}]}<\/script>\n<!-- \/ Yoast SEO plugin. -->","yoast_head_json":{"title":"Bater\u00eda de Vuelo Inteligente Matrice 30 Serie TB30 - Ghostysky","description":"La bater\u00eda de vuelo inteligente Matrice 30 Series TB30 es una bater\u00eda de alta capacidad y alto rendimiento dise\u00f1ada para la serie de drones DJI Matrice 30. Cuenta con un largo tiempo de vuelo, una potente tasa de descarga y funciones de seguridad avanzadas.","robots":{"index":"index","follow":"follow","max-snippet":"max-snippet:-1","max-image-preview":"max-image-preview:large","max-video-preview":"max-video-preview:-1"},"canonical":"https:\/\/www.ghostysky.com\/es\/producto-2\/matrice-30-series-tb30-intelligent-flight-battery\/","og_locale":"es_ES","og_type":"article","og_title":"Matrice 30 Series TB30 Intelligent Flight Battery - Ghostysky","og_description":"The Matrice 30 Series TB30 Intelligent Flight Battery is a high-capacity and high-performance battery designed for the DJI Matrice 30 series of drones. It features a long flight time, a powerful discharge rate, and advanced safety features.","og_url":"https:\/\/www.ghostysky.com\/es\/producto-2\/matrice-30-series-tb30-intelligent-flight-battery\/","og_site_name":"Ghostysky","article_publisher":"https:\/\/www.facebook.com\/people\/Ghostysky\/100057676170234\/","article_modified_time":"2024-11-05T11:40:13+00:00","og_image":[{"width":3840,"height":2560,"url":"https:\/\/www.ghostysky.com\/wp-content\/uploads\/2023\/12\/Matrice-30_bat_1-scaled.jpg","type":"image\/jpeg"}],"twitter_card":"summary_large_image","twitter_site":"@Gh0stysky","twitter_misc":{"Tiempo de lectura":"1 minuto"},"schema":{"@context":"https:\/\/schema.org","@graph":[{"@type":"WebPage","@id":"https:\/\/www.ghostysky.com\/product\/matrice-30-series-tb30-intelligent-flight-battery\/","url":"https:\/\/www.ghostysky.com\/product\/matrice-30-series-tb30-intelligent-flight-battery\/","name":"Bater\u00eda de Vuelo Inteligente Matrice 30 Serie TB30 - Ghostysky","isPartOf":{"@id":"https:\/\/www.ghostysky.com\/#website"},"primaryImageOfPage":{"@id":"https:\/\/www.ghostysky.com\/product\/matrice-30-series-tb30-intelligent-flight-battery\/#primaryimage"},"image":{"@id":"https:\/\/www.ghostysky.com\/product\/matrice-30-series-tb30-intelligent-flight-battery\/#primaryimage"},"thumbnailUrl":"https:\/\/www.ghostysky.com\/wp-content\/uploads\/2023\/12\/Matrice-30_bat_1-scaled.jpg","datePublished":"2023-12-28T18:04:11+00:00","dateModified":"2024-11-05T11:40:13+00:00","description":"La bater\u00eda de vuelo inteligente Matrice 30 Series TB30 es una bater\u00eda de alta capacidad y alto rendimiento dise\u00f1ada para la serie de drones DJI Matrice 30. Cuenta con un largo tiempo de vuelo, una potente tasa de descarga y funciones de seguridad avanzadas.","breadcrumb":{"@id":"https:\/\/www.ghostysky.com\/product\/matrice-30-series-tb30-intelligent-flight-battery\/#breadcrumb"},"inLanguage":"es","potentialAction":[{"@type":"ReadAction","target":["https:\/\/www.ghostysky.com\/product\/matrice-30-series-tb30-intelligent-flight-battery\/"]}]},{"@type":"ImageObject","inLanguage":"es","@id":"https:\/\/www.ghostysky.com\/product\/matrice-30-series-tb30-intelligent-flight-battery\/#primaryimage","url":"https:\/\/www.ghostysky.com\/wp-content\/uploads\/2023\/12\/Matrice-30_bat_1-scaled.jpg","contentUrl":"https:\/\/www.ghostysky.com\/wp-content\/uploads\/2023\/12\/Matrice-30_bat_1-scaled.jpg","width":3840,"height":2560},{"@type":"BreadcrumbList","@id":"https:\/\/www.ghostysky.com\/product\/matrice-30-series-tb30-intelligent-flight-battery\/#breadcrumb","itemListElement":[{"@type":"ListItem","position":1,"name":"Home","item":"https:\/\/www.ghostysky.com\/"},{"@type":"ListItem","position":2,"name":"Shop","item":"https:\/\/www.ghostysky.com\/shop\/"},{"@type":"ListItem","position":3,"name":"Matrice 30 Series TB30 Intelligent Flight Battery"}]},{"@type":"WebSite","@id":"https:\/\/www.ghostysky.com\/#website","url":"https:\/\/www.ghostysky.com\/","name":"Ghostysky","description":"Entrega de drones y servicios profesionales","publisher":{"@id":"https:\/\/www.ghostysky.com\/#organization"},"potentialAction":[{"@type":"SearchAction","target":{"@type":"EntryPoint","urlTemplate":"https:\/\/www.ghostysky.com\/?s={search_term_string}"},"query-input":{"@type":"PropertyValueSpecification","valueRequired":true,"valueName":"search_term_string"}}],"inLanguage":"es"},{"@type":"Organization","@id":"https:\/\/www.ghostysky.com\/#organization","name":"Ghostysky","url":"https:\/\/www.ghostysky.com\/","logo":{"@type":"ImageObject","inLanguage":"es","@id":"https:\/\/www.ghostysky.com\/#\/schema\/logo\/image\/","url":"https:\/\/www.ghostysky.com\/wp-content\/uploads\/2020\/06\/cropped-ghostyskylogo_text_white2.png","contentUrl":"https:\/\/www.ghostysky.com\/wp-content\/uploads\/2020\/06\/cropped-ghostyskylogo_text_white2.png","width":169,"height":56,"caption":"Ghostysky"},"image":{"@id":"https:\/\/www.ghostysky.com\/#\/schema\/logo\/image\/"},"sameAs":["https:\/\/www.facebook.com\/people\/Ghostysky\/100057676170234\/","https:\/\/x.com\/Gh0stysky","https:\/\/www.linkedin.com\/company\/34739653","https:\/\/www.instagram.com\/gh0stysky"]}]}},"_links":{"self":[{"href":"https:\/\/www.ghostysky.com\/es\/wp-json\/wp\/v2\/product\/15375","targetHints":{"allow":["GET"]}}],"collection":[{"href":"https:\/\/www.ghostysky.com\/es\/wp-json\/wp\/v2\/product"}],"about":[{"href":"https:\/\/www.ghostysky.com\/es\/wp-json\/wp\/v2\/types\/product"}],"replies":[{"embeddable":true,"href":"https:\/\/www.ghostysky.com\/es\/wp-json\/wp\/v2\/comments?post=15375"}],"wp:featuredmedia":[{"embeddable":true,"href":"https:\/\/www.ghostysky.com\/es\/wp-json\/wp\/v2\/media\/15378"}],"wp:attachment":[{"href":"https:\/\/www.ghostysky.com\/es\/wp-json\/wp\/v2\/media?parent=15375"}],"wp:term":[{"taxonomy":"product_brand","embeddable":true,"href":"https:\/\/www.ghostysky.com\/es\/wp-json\/wp\/v2\/product_brand?post=15375"},{"taxonomy":"product_cat","embeddable":true,"href":"https:\/\/www.ghostysky.com\/es\/wp-json\/wp\/v2\/product_cat?post=15375"},{"taxonomy":"product_tag","embeddable":true,"href":"https:\/\/www.ghostysky.com\/es\/wp-json\/wp\/v2\/product_tag?post=15375"}],"curies":[{"name":"wp","href":"https:\/\/api.w.org\/{rel}","templated":true}]}}