{"id":15414,"date":"2023-12-28T21:31:20","date_gmt":"2023-12-28T21:31:20","guid":{"rendered":"https:\/\/www.ghostysky.com\/?post_type=product&#038;p=15414"},"modified":"2024-11-02T06:59:22","modified_gmt":"2024-11-02T06:59:22","slug":"matrice-350-rtk-2110s-propellers","status":"publish","type":"product","link":"https:\/\/www.ghostysky.com\/es\/product\/matrice-350-rtk-2110s-propellers\/","title":{"rendered":"H\u00e9lices Matrice 350 RTK 2110s"},"content":{"rendered":"<div class=\"temp-specs-tr\">\n<div class=\"temp-specs-td name\"><strong>Descripci\u00f3n general<\/strong><\/div>\n<div class=\"temp-specs-td value\">\n<p>Actualizadas a partir de las h\u00e9lices 2110, las h\u00e9lices 2110 presentan una mayor confiabilidad y un control de calidad durante el proceso m\u00e1s estricto, lo que garantiza un mejor rendimiento y un vuelo m\u00e1s seguro.<\/p>\n<\/div>\n<\/div>\n<div class=\"temp-specs-tr\">\n<div class=\"temp-specs-td name\"><strong>Consejos<\/strong><\/div>\n<div class=\"temp-specs-td value\">\n<ol>\n<li>\u00a0Las h\u00e9lices 2110s son compatibles con Matrice 350 RTK y Matrice 300 RTK. NO mezcle las h\u00e9lices 2110s y 2110 durante el uso.<\/li>\n<li>\u00a0Si hay alg\u00fan da\u00f1o en una h\u00e9lice, reempl\u00e1cela inmediatamente.<\/li>\n<li>\u00a0Al reemplazar las h\u00e9lices, reemplace tambi\u00e9n los tornillos correspondientes y coloque una cantidad adecuada de fijador de roscas (se recomienda fijador de roscas 243) a la superficie de los tornillos nuevos.<\/li>\n<\/ol>\n<\/div>\n<\/div>\n<div class=\"temp-specs-tr\">\n<div class=\"temp-specs-td name\"><strong>En el cuadro<\/strong><\/div>\n<div class=\"temp-specs-td value\">\n<ul>\n<li>H\u00e9lice CCW \u00d7 1<\/li>\n<li>H\u00e9lice CW \u00d7 1<\/li>\n<li>Tornillo M3 \u00d7 6<\/li>\n<\/ul>\n<\/div>\n<\/div>\n<div class=\"temp-specs-tr\">\n<div class=\"temp-specs-td name\"><strong>Especificaciones<\/strong><\/div>\n<div class=\"temp-specs-td value\">\n<ul>\n<li>Dimensiones: 53 cm de di\u00e1metro, 25 cm de paso<\/li>\n<\/ul>\n<\/div>\n<\/div>\n<div class=\"temp-specs-tr\">\n<div class=\"temp-specs-td name\"><strong>Compatibilidad<\/strong><\/div>\n<div class=\"temp-specs-td value\">\n<ul>\n<li>Matrice 350 RTK<\/li>\n<li>Matriz 300 RTK<\/li>\n<\/ul>\n<\/div>\n<\/div>","protected":false},"excerpt":{"rendered":"<p>Las h\u00e9lices Matrice 350 RTK 2110s son un conjunto de h\u00e9lices confiables y de alto rendimiento dise\u00f1adas para el dron DJI Matrice 350 RTK.<\/p>","protected":false},"featured_media":15418,"comment_status":"open","ping_status":"closed","template":"","meta":[],"product_brand":[],"product_cat":[622,37,621,29],"product_tag":[624,636],"class_list":{"0":"post-15414","1":"product","2":"type-product","3":"status-publish","4":"has-post-thumbnail","6":"product_cat-matrice-350-accessories","7":"product_cat-dji","8":"product_cat-dji-matrice-350-rtk","9":"product_cat-drones","10":"product_tag-matrice-350-rtk","11":"product_tag-matrice-350-rtk-2110s-propellers","13":"first","14":"instock","15":"taxable","16":"shipping-taxable","17":"purchasable","18":"product-type-simple"},"yoast_head":"<!-- This site is optimized with the Yoast SEO plugin v27.4 - https:\/\/yoast.com\/product\/yoast-seo-wordpress\/ -->\n<title>Matrice 350 RTK 2110s Propellers - Ghostysky<\/title>\n<meta name=\"description\" content=\"The Matrice 350 RTK 2110s Propellers are a high-performance and reliable set of propellers designed for the DJI Matrice 350 RTK drone.\" \/>\n<meta name=\"robots\" content=\"index, follow, max-snippet:-1, max-image-preview:large, max-video-preview:-1\" \/>\n<link rel=\"canonical\" href=\"https:\/\/www.ghostysky.com\/es\/producto-2\/matrice-350-rtk-2110s-propellers\/\" \/>\n<meta property=\"og:locale\" content=\"es_ES\" \/>\n<meta property=\"og:type\" content=\"article\" \/>\n<meta property=\"og:title\" content=\"Matrice 350 RTK 2110s Propellers - Ghostysky\" \/>\n<meta property=\"og:description\" content=\"The Matrice 350 RTK 2110s Propellers are a high-performance and reliable set of propellers designed for the DJI Matrice 350 RTK drone.\" \/>\n<meta property=\"og:url\" content=\"https:\/\/www.ghostysky.com\/es\/producto-2\/matrice-350-rtk-2110s-propellers\/\" \/>\n<meta property=\"og:site_name\" content=\"Ghostysky\" \/>\n<meta property=\"article:publisher\" content=\"https:\/\/www.facebook.com\/people\/Ghostysky\/100057676170234\/\" \/>\n<meta property=\"article:modified_time\" content=\"2024-11-02T06:59:22+00:00\" \/>\n<meta property=\"og:image\" content=\"https:\/\/www.ghostysky.com\/wp-content\/uploads\/2023\/12\/Matrice_propellers_M350_1-scaled.jpg\" \/>\n\t<meta property=\"og:image:width\" content=\"3840\" \/>\n\t<meta property=\"og:image:height\" content=\"2560\" \/>\n\t<meta property=\"og:image:type\" content=\"image\/jpeg\" \/>\n<meta name=\"twitter:card\" content=\"summary_large_image\" \/>\n<meta name=\"twitter:site\" content=\"@Gh0stysky\" \/>\n<meta name=\"twitter:label1\" content=\"Tiempo de lectura\" \/>\n\t<meta name=\"twitter:data1\" content=\"1 minuto\" \/>\n<script type=\"application\/ld+json\" class=\"yoast-schema-graph\">{\"@context\":\"https:\\\/\\\/schema.org\",\"@graph\":[{\"@type\":\"WebPage\",\"@id\":\"https:\\\/\\\/www.ghostysky.com\\\/product\\\/matrice-350-rtk-2110s-propellers\\\/\",\"url\":\"https:\\\/\\\/www.ghostysky.com\\\/product\\\/matrice-350-rtk-2110s-propellers\\\/\",\"name\":\"Matrice 350 RTK 2110s Propellers - Ghostysky\",\"isPartOf\":{\"@id\":\"https:\\\/\\\/www.ghostysky.com\\\/#website\"},\"primaryImageOfPage\":{\"@id\":\"https:\\\/\\\/www.ghostysky.com\\\/product\\\/matrice-350-rtk-2110s-propellers\\\/#primaryimage\"},\"image\":{\"@id\":\"https:\\\/\\\/www.ghostysky.com\\\/product\\\/matrice-350-rtk-2110s-propellers\\\/#primaryimage\"},\"thumbnailUrl\":\"https:\\\/\\\/www.ghostysky.com\\\/wp-content\\\/uploads\\\/2023\\\/12\\\/Matrice_propellers_M350_1-scaled.jpg\",\"datePublished\":\"2023-12-28T21:31:20+00:00\",\"dateModified\":\"2024-11-02T06:59:22+00:00\",\"description\":\"The Matrice 350 RTK 2110s Propellers are a high-performance and reliable set of propellers designed for the DJI Matrice 350 RTK drone.\",\"breadcrumb\":{\"@id\":\"https:\\\/\\\/www.ghostysky.com\\\/product\\\/matrice-350-rtk-2110s-propellers\\\/#breadcrumb\"},\"inLanguage\":\"es\",\"potentialAction\":[{\"@type\":\"ReadAction\",\"target\":[\"https:\\\/\\\/www.ghostysky.com\\\/product\\\/matrice-350-rtk-2110s-propellers\\\/\"]}]},{\"@type\":\"ImageObject\",\"inLanguage\":\"es\",\"@id\":\"https:\\\/\\\/www.ghostysky.com\\\/product\\\/matrice-350-rtk-2110s-propellers\\\/#primaryimage\",\"url\":\"https:\\\/\\\/www.ghostysky.com\\\/wp-content\\\/uploads\\\/2023\\\/12\\\/Matrice_propellers_M350_1-scaled.jpg\",\"contentUrl\":\"https:\\\/\\\/www.ghostysky.com\\\/wp-content\\\/uploads\\\/2023\\\/12\\\/Matrice_propellers_M350_1-scaled.jpg\",\"width\":3840,\"height\":2560},{\"@type\":\"BreadcrumbList\",\"@id\":\"https:\\\/\\\/www.ghostysky.com\\\/product\\\/matrice-350-rtk-2110s-propellers\\\/#breadcrumb\",\"itemListElement\":[{\"@type\":\"ListItem\",\"position\":1,\"name\":\"Home\",\"item\":\"https:\\\/\\\/www.ghostysky.com\\\/\"},{\"@type\":\"ListItem\",\"position\":2,\"name\":\"Shop\",\"item\":\"https:\\\/\\\/www.ghostysky.com\\\/shop\\\/\"},{\"@type\":\"ListItem\",\"position\":3,\"name\":\"Matrice 350 RTK 2110s Propellers\"}]},{\"@type\":\"WebSite\",\"@id\":\"https:\\\/\\\/www.ghostysky.com\\\/#website\",\"url\":\"https:\\\/\\\/www.ghostysky.com\\\/\",\"name\":\"Ghostysky\",\"description\":\"Delivering professional drones and robotics solutions\",\"publisher\":{\"@id\":\"https:\\\/\\\/www.ghostysky.com\\\/#organization\"},\"potentialAction\":[{\"@type\":\"SearchAction\",\"target\":{\"@type\":\"EntryPoint\",\"urlTemplate\":\"https:\\\/\\\/www.ghostysky.com\\\/?s={search_term_string}\"},\"query-input\":{\"@type\":\"PropertyValueSpecification\",\"valueRequired\":true,\"valueName\":\"search_term_string\"}}],\"inLanguage\":\"es\"},{\"@type\":\"Organization\",\"@id\":\"https:\\\/\\\/www.ghostysky.com\\\/#organization\",\"name\":\"Ghostysky\",\"url\":\"https:\\\/\\\/www.ghostysky.com\\\/\",\"logo\":{\"@type\":\"ImageObject\",\"inLanguage\":\"es\",\"@id\":\"https:\\\/\\\/www.ghostysky.com\\\/#\\\/schema\\\/logo\\\/image\\\/\",\"url\":\"https:\\\/\\\/www.ghostysky.com\\\/wp-content\\\/uploads\\\/2020\\\/06\\\/cropped-ghostyskylogo_text_white2.png\",\"contentUrl\":\"https:\\\/\\\/www.ghostysky.com\\\/wp-content\\\/uploads\\\/2020\\\/06\\\/cropped-ghostyskylogo_text_white2.png\",\"width\":169,\"height\":56,\"caption\":\"Ghostysky\"},\"image\":{\"@id\":\"https:\\\/\\\/www.ghostysky.com\\\/#\\\/schema\\\/logo\\\/image\\\/\"},\"sameAs\":[\"https:\\\/\\\/www.facebook.com\\\/people\\\/Ghostysky\\\/100057676170234\\\/\",\"https:\\\/\\\/x.com\\\/Gh0stysky\",\"https:\\\/\\\/www.linkedin.com\\\/company\\\/34739653\",\"https:\\\/\\\/www.instagram.com\\\/gh0stysky\"]}]}<\/script>\n<!-- \/ Yoast SEO plugin. -->","yoast_head_json":{"title":"H\u00e9lices Matrice 350 RTK 2110s - Ghostysky","description":"Las h\u00e9lices Matrice 350 RTK 2110s son un conjunto de h\u00e9lices confiables y de alto rendimiento dise\u00f1adas para el dron DJI Matrice 350 RTK.","robots":{"index":"index","follow":"follow","max-snippet":"max-snippet:-1","max-image-preview":"max-image-preview:large","max-video-preview":"max-video-preview:-1"},"canonical":"https:\/\/www.ghostysky.com\/es\/producto-2\/matrice-350-rtk-2110s-propellers\/","og_locale":"es_ES","og_type":"article","og_title":"Matrice 350 RTK 2110s Propellers - Ghostysky","og_description":"The Matrice 350 RTK 2110s Propellers are a high-performance and reliable set of propellers designed for the DJI Matrice 350 RTK drone.","og_url":"https:\/\/www.ghostysky.com\/es\/producto-2\/matrice-350-rtk-2110s-propellers\/","og_site_name":"Ghostysky","article_publisher":"https:\/\/www.facebook.com\/people\/Ghostysky\/100057676170234\/","article_modified_time":"2024-11-02T06:59:22+00:00","og_image":[{"width":3840,"height":2560,"url":"https:\/\/www.ghostysky.com\/wp-content\/uploads\/2023\/12\/Matrice_propellers_M350_1-scaled.jpg","type":"image\/jpeg"}],"twitter_card":"summary_large_image","twitter_site":"@Gh0stysky","twitter_misc":{"Tiempo de lectura":"1 minuto"},"schema":{"@context":"https:\/\/schema.org","@graph":[{"@type":"WebPage","@id":"https:\/\/www.ghostysky.com\/product\/matrice-350-rtk-2110s-propellers\/","url":"https:\/\/www.ghostysky.com\/product\/matrice-350-rtk-2110s-propellers\/","name":"H\u00e9lices Matrice 350 RTK 2110s - Ghostysky","isPartOf":{"@id":"https:\/\/www.ghostysky.com\/#website"},"primaryImageOfPage":{"@id":"https:\/\/www.ghostysky.com\/product\/matrice-350-rtk-2110s-propellers\/#primaryimage"},"image":{"@id":"https:\/\/www.ghostysky.com\/product\/matrice-350-rtk-2110s-propellers\/#primaryimage"},"thumbnailUrl":"https:\/\/www.ghostysky.com\/wp-content\/uploads\/2023\/12\/Matrice_propellers_M350_1-scaled.jpg","datePublished":"2023-12-28T21:31:20+00:00","dateModified":"2024-11-02T06:59:22+00:00","description":"Las h\u00e9lices Matrice 350 RTK 2110s son un conjunto de h\u00e9lices confiables y de alto rendimiento dise\u00f1adas para el dron DJI Matrice 350 RTK.","breadcrumb":{"@id":"https:\/\/www.ghostysky.com\/product\/matrice-350-rtk-2110s-propellers\/#breadcrumb"},"inLanguage":"es","potentialAction":[{"@type":"ReadAction","target":["https:\/\/www.ghostysky.com\/product\/matrice-350-rtk-2110s-propellers\/"]}]},{"@type":"ImageObject","inLanguage":"es","@id":"https:\/\/www.ghostysky.com\/product\/matrice-350-rtk-2110s-propellers\/#primaryimage","url":"https:\/\/www.ghostysky.com\/wp-content\/uploads\/2023\/12\/Matrice_propellers_M350_1-scaled.jpg","contentUrl":"https:\/\/www.ghostysky.com\/wp-content\/uploads\/2023\/12\/Matrice_propellers_M350_1-scaled.jpg","width":3840,"height":2560},{"@type":"BreadcrumbList","@id":"https:\/\/www.ghostysky.com\/product\/matrice-350-rtk-2110s-propellers\/#breadcrumb","itemListElement":[{"@type":"ListItem","position":1,"name":"Home","item":"https:\/\/www.ghostysky.com\/"},{"@type":"ListItem","position":2,"name":"Shop","item":"https:\/\/www.ghostysky.com\/shop\/"},{"@type":"ListItem","position":3,"name":"Matrice 350 RTK 2110s Propellers"}]},{"@type":"WebSite","@id":"https:\/\/www.ghostysky.com\/#website","url":"https:\/\/www.ghostysky.com\/","name":"Ghostysky","description":"Ofrecemos soluciones profesionales de drones y rob\u00f3tica.","publisher":{"@id":"https:\/\/www.ghostysky.com\/#organization"},"potentialAction":[{"@type":"SearchAction","target":{"@type":"EntryPoint","urlTemplate":"https:\/\/www.ghostysky.com\/?s={search_term_string}"},"query-input":{"@type":"PropertyValueSpecification","valueRequired":true,"valueName":"search_term_string"}}],"inLanguage":"es"},{"@type":"Organization","@id":"https:\/\/www.ghostysky.com\/#organization","name":"Ghostysky","url":"https:\/\/www.ghostysky.com\/","logo":{"@type":"ImageObject","inLanguage":"es","@id":"https:\/\/www.ghostysky.com\/#\/schema\/logo\/image\/","url":"https:\/\/www.ghostysky.com\/wp-content\/uploads\/2020\/06\/cropped-ghostyskylogo_text_white2.png","contentUrl":"https:\/\/www.ghostysky.com\/wp-content\/uploads\/2020\/06\/cropped-ghostyskylogo_text_white2.png","width":169,"height":56,"caption":"Ghostysky"},"image":{"@id":"https:\/\/www.ghostysky.com\/#\/schema\/logo\/image\/"},"sameAs":["https:\/\/www.facebook.com\/people\/Ghostysky\/100057676170234\/","https:\/\/x.com\/Gh0stysky","https:\/\/www.linkedin.com\/company\/34739653","https:\/\/www.instagram.com\/gh0stysky"]}]}},"_links":{"self":[{"href":"https:\/\/www.ghostysky.com\/es\/wp-json\/wp\/v2\/product\/15414","targetHints":{"allow":["GET"]}}],"collection":[{"href":"https:\/\/www.ghostysky.com\/es\/wp-json\/wp\/v2\/product"}],"about":[{"href":"https:\/\/www.ghostysky.com\/es\/wp-json\/wp\/v2\/types\/product"}],"replies":[{"embeddable":true,"href":"https:\/\/www.ghostysky.com\/es\/wp-json\/wp\/v2\/comments?post=15414"}],"version-history":[{"count":0,"href":"https:\/\/www.ghostysky.com\/es\/wp-json\/wp\/v2\/product\/15414\/revisions"}],"wp:featuredmedia":[{"embeddable":true,"href":"https:\/\/www.ghostysky.com\/es\/wp-json\/wp\/v2\/media\/15418"}],"wp:attachment":[{"href":"https:\/\/www.ghostysky.com\/es\/wp-json\/wp\/v2\/media?parent=15414"}],"wp:term":[{"taxonomy":"product_brand","embeddable":true,"href":"https:\/\/www.ghostysky.com\/es\/wp-json\/wp\/v2\/product_brand?post=15414"},{"taxonomy":"product_cat","embeddable":true,"href":"https:\/\/www.ghostysky.com\/es\/wp-json\/wp\/v2\/product_cat?post=15414"},{"taxonomy":"product_tag","embeddable":true,"href":"https:\/\/www.ghostysky.com\/es\/wp-json\/wp\/v2\/product_tag?post=15414"}],"curies":[{"name":"wp","href":"https:\/\/api.w.org\/{rel}","templated":true}]}}