{"id":15444,"date":"2023-12-28T22:17:49","date_gmt":"2023-12-28T22:17:49","guid":{"rendered":"https:\/\/www.ghostysky.com\/?post_type=product&#038;p=15444"},"modified":"2024-05-25T10:19:27","modified_gmt":"2024-05-25T10:19:27","slug":"zenmuse-h20","status":"publish","type":"product","link":"https:\/\/www.ghostysky.com\/es\/product\/zenmuse-h20\/","title":{"rendered":"DJI Zenmuse H20"},"content":{"rendered":"<p data-sourcepos=\"3:1-3:13\">Caracter\u00edsticas clave:<\/p>\n<ul data-sourcepos=\"5:1-18:0\">\n<li data-sourcepos=\"5:1-6:0\">\n<p data-sourcepos=\"5:3-5:153\"><strong>C\u00e1mara con zoom de 20 MP de alta resoluci\u00f3n:<\/strong> La c\u00e1mara con zoom de 20 MP de la Zenmuse H20 captura im\u00e1genes y v\u00eddeos impresionantes con un zoom \u00f3ptico de 20x y un zoom digital de 2x.<\/p>\n<\/li>\n<li data-sourcepos=\"7:1-8:0\">\n<p data-sourcepos=\"7:3-7:161\"><strong>C\u00e1mara gran angular de 12MP:<\/strong> El Zenmuse H20 tambi\u00e9n incluye una c\u00e1mara gran angular de 12MP para capturar vistas panor\u00e1micas y capturar datos desde un campo de visi\u00f3n m\u00e1s amplio.<\/p>\n<\/li>\n<li data-sourcepos=\"9:1-10:0\">\n<p data-sourcepos=\"9:3-9:205\"><strong>Dos sensores t\u00e9rmicos de 640 x 512:<\/strong> Los dos sensores t\u00e9rmicos del Zenmuse H20 brindan a los operadores capacidades precisas de im\u00e1genes t\u00e9rmicas, lo que les permite identificar diferencias de temperatura en el ambiente.<\/p>\n<\/li>\n<li data-sourcepos=\"11:1-12:0\">\n<p data-sourcepos=\"11:3-11:194\"><strong>Tel\u00e9metro l\u00e1ser de 1200 metros:<\/strong> El tel\u00e9metro l\u00e1ser del Zenmuse H20 proporciona mediciones precisas de distancias de hasta 1200 metros, lo que ayuda a evitar obst\u00e1culos y a realizar un an\u00e1lisis de datos m\u00e1s preciso.<\/p>\n<\/li>\n<li data-sourcepos=\"13:1-14:0\">\n<p data-sourcepos=\"13:3-13:217\"><strong>Vista de pantalla dividida sincronizada:<\/strong> El Zenmuse H20 ofrece una vista sincronizada en pantalla dividida de las im\u00e1genes visuales y t\u00e9rmicas, lo que permite a los operadores comparar y analizar sin problemas la informaci\u00f3n de ambos sensores.<\/p>\n<\/li>\n<li data-sourcepos=\"15:1-16:0\">\n<p data-sourcepos=\"15:3-15:220\"><strong>Zoom autom\u00e1tico para funciones t\u00e9rmicas:<\/strong> El Zenmuse H20 cuenta con una funci\u00f3n de zoom autom\u00e1tico para funciones t\u00e9rmicas, que acerca autom\u00e1ticamente los objetos detectados por los sensores t\u00e9rmicos y resalta anomal\u00edas o \u00e1reas de inter\u00e9s.<\/p>\n<\/li>\n<li data-sourcepos=\"17:1-18:0\">\n<p data-sourcepos=\"17:3-17:177\"><strong>Integraci\u00f3n perfecta con drones DJI:<\/strong> El Zenmuse H20 se integra perfectamente con los drones DJI, aprovechando los sistemas de control de vuelo y las funciones de gesti\u00f3n de carga \u00fatil del drone.<\/p>\n<\/li>\n<\/ul>\n<p data-sourcepos=\"19:1-19:9\">Beneficios:<\/p>\n<ul data-sourcepos=\"21:1-30:0\">\n<li data-sourcepos=\"21:1-22:0\">\n<p data-sourcepos=\"21:3-21:167\"><strong>Recopilaci\u00f3n de datos vers\u00e1til:<\/strong> La combinaci\u00f3n de datos visuales, t\u00e9rmicos y de tel\u00e9metro permite a los operadores recopilar informaci\u00f3n completa sobre el medio ambiente.<\/p>\n<\/li>\n<li data-sourcepos=\"23:1-24:0\">\n<p data-sourcepos=\"23:3-23:178\"><strong>Conciencia situacional mejorada:<\/strong> Las capacidades de imagen t\u00e9rmica del Zenmuse H20 mejoran el conocimiento de la situaci\u00f3n, lo que permite a los operadores identificar peligros o anomal\u00edas potenciales.<\/p>\n<\/li>\n<li data-sourcepos=\"25:1-26:0\">\n<p data-sourcepos=\"25:3-25:125\"><strong>Detecci\u00f3n automatizada de funciones:<\/strong> El zoom autom\u00e1tico para funciones t\u00e9rmicas simplifica el an\u00e1lisis de datos y reduce la carga de trabajo del operador.<\/p>\n<\/li>\n<li data-sourcepos=\"27:1-28:0\">\n<p data-sourcepos=\"27:3-27:169\"><strong>Mediciones de distancia precisas:<\/strong> El tel\u00e9metro l\u00e1ser proporciona a los operadores mediciones de distancia precisas para evitar obst\u00e1culos y un an\u00e1lisis de datos m\u00e1s preciso.<\/p>\n<\/li>\n<li data-sourcepos=\"29:1-30:0\">\n<p data-sourcepos=\"29:3-29:165\"><strong>Integraci\u00f3n perfecta y facilidad de uso:<\/strong> El Zenmuse H20 est\u00e1 dise\u00f1ado para facilitar su uso y una integraci\u00f3n perfecta con los drones DJI, simplificando la operaci\u00f3n y el flujo de trabajo.<\/p>\n<\/li>\n<\/ul>\n<p data-sourcepos=\"31:1-31:413\">En general, Zenmuse H20 es una herramienta excepcional para operadores de drones profesionales que requieren un sistema de c\u00e1mara a\u00e9rea de alto rendimiento, vers\u00e1til y rico en datos para sus misiones. Combina im\u00e1genes de alta resoluci\u00f3n, m\u00faltiples sensores y una integraci\u00f3n perfecta con los drones DJI, lo que permite a los operadores capturar datos detallados, mejorar el conocimiento de la situaci\u00f3n y tomar decisiones informadas en una variedad de aplicaciones.<\/p>\n<p data-sourcepos=\"31:1-31:413\"><a href=\"https:\/\/www.ghostysky.com\/wp-content\/uploads\/2023\/12\/H20_Inthebox.jpg\"><img fetchpriority=\"high\" decoding=\"async\" class=\"alignnone size-full wp-image-15445 lazyload\" src=\"datos:imagen\/gif;base64,R0lGODlhAQABAAAAACH5BAEKAAEALAAAAAABAAEAAAICTAEAOw==\" alt=\"\" width=\"1442\" height=\"392\" data-src=\"datos:imagen\/gif;base64,R0lGODlhAQABAAAAACH5BAEKAAEALAAAAAABAAEAAAICTAEAOw==\"><\/a><\/p>","protected":false},"excerpt":{"rendered":"<p>El DJI Zenmuse H20 es un completo sistema de c\u00e1mara a\u00e9rea que combina una c\u00e1mara con zoom de 20MP de alta resoluci\u00f3n con cuatro sensores adicionales: una c\u00e1mara gran angular de 12MP, una c\u00e1mara con zoom \u00f3ptico de 20x, dos sensores t\u00e9rmicos de 640 x 512 y un l\u00e1ser de 1.200 metros. tel\u00e9metro. Este vers\u00e1til sistema de c\u00e1mara est\u00e1 dise\u00f1ado para una amplia gama de aplicaciones profesionales, incluidas b\u00fasqueda y rescate, inspecci\u00f3n de infraestructura, agricultura de precisi\u00f3n y monitoreo de vida silvestre.<\/p>\n<ul>\n<li>C\u00e1mara con zoom de 20MP<\/li>\n<li>C\u00e1mara ancha de 12 MP<\/li>\n<li>Tel\u00e9metro l\u00e1ser de 1200 m<\/li>\n<\/ul>","protected":false},"featured_media":15447,"comment_status":"open","ping_status":"closed","template":"","meta":[],"product_brand":[],"product_cat":[622,37,621,29],"product_tag":[42,624,642],"class_list":{"0":"post-15444","1":"product","2":"type-product","3":"status-publish","4":"has-post-thumbnail","6":"product_cat-matrice-350-accessories","7":"product_cat-dji","8":"product_cat-dji-matrice-350-rtk","9":"product_cat-drones","10":"product_tag-dji","11":"product_tag-matrice-350-rtk","12":"product_tag-zenmuse-h20","14":"first","15":"instock","16":"taxable","17":"shipping-taxable","18":"purchasable","19":"product-type-simple"},"yoast_head":"<!-- This site is optimized with the Yoast SEO plugin v27.4 - https:\/\/yoast.com\/product\/yoast-seo-wordpress\/ -->\n<title>DJI Zenmuse H20 - Ghostysky<\/title>\n<meta name=\"description\" content=\"The Zenmuse H20 is a comprehensive aerial camera system that combines a high-resolution 20MP zoom camera with four additional sensors: a 12MP wide-angle camera, a 20x optical zoom camera, two 640 x 512 thermal sensors, and a 1,200-meter laser rangefinder. This versatile camera system is designed for a wide range of professional applications, including search and rescue, infrastructure inspection, precision agriculture, and wildlife monitoring.\" \/>\n<meta name=\"robots\" content=\"index, follow, max-snippet:-1, max-image-preview:large, max-video-preview:-1\" \/>\n<link rel=\"canonical\" href=\"https:\/\/www.ghostysky.com\/es\/producto-2\/zenmuse-h20\/\" \/>\n<meta property=\"og:locale\" content=\"es_ES\" \/>\n<meta property=\"og:type\" content=\"article\" \/>\n<meta property=\"og:title\" content=\"DJI Zenmuse H20 - Ghostysky\" \/>\n<meta property=\"og:description\" content=\"The Zenmuse H20 is a comprehensive aerial camera system that combines a high-resolution 20MP zoom camera with four additional sensors: a 12MP wide-angle camera, a 20x optical zoom camera, two 640 x 512 thermal sensors, and a 1,200-meter laser rangefinder. This versatile camera system is designed for a wide range of professional applications, including search and rescue, infrastructure inspection, precision agriculture, and wildlife monitoring.\" \/>\n<meta property=\"og:url\" content=\"https:\/\/www.ghostysky.com\/es\/producto-2\/zenmuse-h20\/\" \/>\n<meta property=\"og:site_name\" content=\"Ghostysky\" \/>\n<meta property=\"article:publisher\" content=\"https:\/\/www.facebook.com\/people\/Ghostysky\/100057676170234\/\" \/>\n<meta property=\"article:modified_time\" content=\"2024-05-25T10:19:27+00:00\" \/>\n<meta property=\"og:image\" content=\"https:\/\/www.ghostysky.com\/wp-content\/uploads\/2023\/12\/h20_1.jpg\" \/>\n\t<meta property=\"og:image:width\" content=\"2560\" \/>\n\t<meta property=\"og:image:height\" content=\"2560\" \/>\n\t<meta property=\"og:image:type\" content=\"image\/jpeg\" \/>\n<meta name=\"twitter:card\" content=\"summary_large_image\" \/>\n<meta name=\"twitter:site\" content=\"@Gh0stysky\" \/>\n<meta name=\"twitter:label1\" content=\"Tiempo de lectura\" \/>\n\t<meta name=\"twitter:data1\" content=\"2 minutos\" \/>\n<script type=\"application\/ld+json\" class=\"yoast-schema-graph\">{\"@context\":\"https:\\\/\\\/schema.org\",\"@graph\":[{\"@type\":\"WebPage\",\"@id\":\"https:\\\/\\\/www.ghostysky.com\\\/product\\\/zenmuse-h20\\\/\",\"url\":\"https:\\\/\\\/www.ghostysky.com\\\/product\\\/zenmuse-h20\\\/\",\"name\":\"DJI Zenmuse H20 - Ghostysky\",\"isPartOf\":{\"@id\":\"https:\\\/\\\/www.ghostysky.com\\\/#website\"},\"primaryImageOfPage\":{\"@id\":\"https:\\\/\\\/www.ghostysky.com\\\/product\\\/zenmuse-h20\\\/#primaryimage\"},\"image\":{\"@id\":\"https:\\\/\\\/www.ghostysky.com\\\/product\\\/zenmuse-h20\\\/#primaryimage\"},\"thumbnailUrl\":\"https:\\\/\\\/www.ghostysky.com\\\/wp-content\\\/uploads\\\/2023\\\/12\\\/h20_1.jpg\",\"datePublished\":\"2023-12-28T22:17:49+00:00\",\"dateModified\":\"2024-05-25T10:19:27+00:00\",\"description\":\"The Zenmuse H20 is a comprehensive aerial camera system that combines a high-resolution 20MP zoom camera with four additional sensors: a 12MP wide-angle camera, a 20x optical zoom camera, two 640 x 512 thermal sensors, and a 1,200-meter laser rangefinder. This versatile camera system is designed for a wide range of professional applications, including search and rescue, infrastructure inspection, precision agriculture, and wildlife monitoring.\",\"breadcrumb\":{\"@id\":\"https:\\\/\\\/www.ghostysky.com\\\/product\\\/zenmuse-h20\\\/#breadcrumb\"},\"inLanguage\":\"es\",\"potentialAction\":[{\"@type\":\"ReadAction\",\"target\":[\"https:\\\/\\\/www.ghostysky.com\\\/product\\\/zenmuse-h20\\\/\"]}]},{\"@type\":\"ImageObject\",\"inLanguage\":\"es\",\"@id\":\"https:\\\/\\\/www.ghostysky.com\\\/product\\\/zenmuse-h20\\\/#primaryimage\",\"url\":\"https:\\\/\\\/www.ghostysky.com\\\/wp-content\\\/uploads\\\/2023\\\/12\\\/h20_1.jpg\",\"contentUrl\":\"https:\\\/\\\/www.ghostysky.com\\\/wp-content\\\/uploads\\\/2023\\\/12\\\/h20_1.jpg\",\"width\":2560,\"height\":2560},{\"@type\":\"BreadcrumbList\",\"@id\":\"https:\\\/\\\/www.ghostysky.com\\\/product\\\/zenmuse-h20\\\/#breadcrumb\",\"itemListElement\":[{\"@type\":\"ListItem\",\"position\":1,\"name\":\"Home\",\"item\":\"https:\\\/\\\/www.ghostysky.com\\\/\"},{\"@type\":\"ListItem\",\"position\":2,\"name\":\"Shop\",\"item\":\"https:\\\/\\\/www.ghostysky.com\\\/shop\\\/\"},{\"@type\":\"ListItem\",\"position\":3,\"name\":\"DJI Zenmuse H20\"}]},{\"@type\":\"WebSite\",\"@id\":\"https:\\\/\\\/www.ghostysky.com\\\/#website\",\"url\":\"https:\\\/\\\/www.ghostysky.com\\\/\",\"name\":\"Ghostysky\",\"description\":\"Delivering professional drones and services\",\"publisher\":{\"@id\":\"https:\\\/\\\/www.ghostysky.com\\\/#organization\"},\"potentialAction\":[{\"@type\":\"SearchAction\",\"target\":{\"@type\":\"EntryPoint\",\"urlTemplate\":\"https:\\\/\\\/www.ghostysky.com\\\/?s={search_term_string}\"},\"query-input\":{\"@type\":\"PropertyValueSpecification\",\"valueRequired\":true,\"valueName\":\"search_term_string\"}}],\"inLanguage\":\"es\"},{\"@type\":\"Organization\",\"@id\":\"https:\\\/\\\/www.ghostysky.com\\\/#organization\",\"name\":\"Ghostysky\",\"url\":\"https:\\\/\\\/www.ghostysky.com\\\/\",\"logo\":{\"@type\":\"ImageObject\",\"inLanguage\":\"es\",\"@id\":\"https:\\\/\\\/www.ghostysky.com\\\/#\\\/schema\\\/logo\\\/image\\\/\",\"url\":\"https:\\\/\\\/www.ghostysky.com\\\/wp-content\\\/uploads\\\/2020\\\/06\\\/cropped-ghostyskylogo_text_white2.png\",\"contentUrl\":\"https:\\\/\\\/www.ghostysky.com\\\/wp-content\\\/uploads\\\/2020\\\/06\\\/cropped-ghostyskylogo_text_white2.png\",\"width\":169,\"height\":56,\"caption\":\"Ghostysky\"},\"image\":{\"@id\":\"https:\\\/\\\/www.ghostysky.com\\\/#\\\/schema\\\/logo\\\/image\\\/\"},\"sameAs\":[\"https:\\\/\\\/www.facebook.com\\\/people\\\/Ghostysky\\\/100057676170234\\\/\",\"https:\\\/\\\/x.com\\\/Gh0stysky\",\"https:\\\/\\\/www.linkedin.com\\\/company\\\/34739653\",\"https:\\\/\\\/www.instagram.com\\\/gh0stysky\"]}]}<\/script>\n<!-- \/ Yoast SEO plugin. -->","yoast_head_json":{"title":"DJI Zenmuse H20 - Ghostysky","description":"La Zenmuse H20 es un completo sistema de c\u00e1mara a\u00e9rea que combina una c\u00e1mara con zoom de 20MP de alta resoluci\u00f3n con cuatro sensores adicionales: una c\u00e1mara gran angular de 12MP, una c\u00e1mara con zoom \u00f3ptico de 20x, dos sensores t\u00e9rmicos de 640 x 512 y un tel\u00e9metro l\u00e1ser de 1200 metros. . Este vers\u00e1til sistema de c\u00e1mara est\u00e1 dise\u00f1ado para una amplia gama de aplicaciones profesionales, incluidas b\u00fasqueda y rescate, inspecci\u00f3n de infraestructura, agricultura de precisi\u00f3n y monitoreo de vida silvestre.","robots":{"index":"index","follow":"follow","max-snippet":"max-snippet:-1","max-image-preview":"max-image-preview:large","max-video-preview":"max-video-preview:-1"},"canonical":"https:\/\/www.ghostysky.com\/es\/producto-2\/zenmuse-h20\/","og_locale":"es_ES","og_type":"article","og_title":"DJI Zenmuse H20 - Ghostysky","og_description":"The Zenmuse H20 is a comprehensive aerial camera system that combines a high-resolution 20MP zoom camera with four additional sensors: a 12MP wide-angle camera, a 20x optical zoom camera, two 640 x 512 thermal sensors, and a 1,200-meter laser rangefinder. This versatile camera system is designed for a wide range of professional applications, including search and rescue, infrastructure inspection, precision agriculture, and wildlife monitoring.","og_url":"https:\/\/www.ghostysky.com\/es\/producto-2\/zenmuse-h20\/","og_site_name":"Ghostysky","article_publisher":"https:\/\/www.facebook.com\/people\/Ghostysky\/100057676170234\/","article_modified_time":"2024-05-25T10:19:27+00:00","og_image":[{"width":2560,"height":2560,"url":"https:\/\/www.ghostysky.com\/wp-content\/uploads\/2023\/12\/h20_1.jpg","type":"image\/jpeg"}],"twitter_card":"summary_large_image","twitter_site":"@Gh0stysky","twitter_misc":{"Tiempo de lectura":"2 minutos"},"schema":{"@context":"https:\/\/schema.org","@graph":[{"@type":"WebPage","@id":"https:\/\/www.ghostysky.com\/product\/zenmuse-h20\/","url":"https:\/\/www.ghostysky.com\/product\/zenmuse-h20\/","name":"DJI Zenmuse H20 - Ghostysky","isPartOf":{"@id":"https:\/\/www.ghostysky.com\/#website"},"primaryImageOfPage":{"@id":"https:\/\/www.ghostysky.com\/product\/zenmuse-h20\/#primaryimage"},"image":{"@id":"https:\/\/www.ghostysky.com\/product\/zenmuse-h20\/#primaryimage"},"thumbnailUrl":"https:\/\/www.ghostysky.com\/wp-content\/uploads\/2023\/12\/h20_1.jpg","datePublished":"2023-12-28T22:17:49+00:00","dateModified":"2024-05-25T10:19:27+00:00","description":"La Zenmuse H20 es un completo sistema de c\u00e1mara a\u00e9rea que combina una c\u00e1mara con zoom de 20MP de alta resoluci\u00f3n con cuatro sensores adicionales: una c\u00e1mara gran angular de 12MP, una c\u00e1mara con zoom \u00f3ptico de 20x, dos sensores t\u00e9rmicos de 640 x 512 y un tel\u00e9metro l\u00e1ser de 1200 metros. . Este vers\u00e1til sistema de c\u00e1mara est\u00e1 dise\u00f1ado para una amplia gama de aplicaciones profesionales, incluidas b\u00fasqueda y rescate, inspecci\u00f3n de infraestructura, agricultura de precisi\u00f3n y monitoreo de vida silvestre.","breadcrumb":{"@id":"https:\/\/www.ghostysky.com\/product\/zenmuse-h20\/#breadcrumb"},"inLanguage":"es","potentialAction":[{"@type":"ReadAction","target":["https:\/\/www.ghostysky.com\/product\/zenmuse-h20\/"]}]},{"@type":"ImageObject","inLanguage":"es","@id":"https:\/\/www.ghostysky.com\/product\/zenmuse-h20\/#primaryimage","url":"https:\/\/www.ghostysky.com\/wp-content\/uploads\/2023\/12\/h20_1.jpg","contentUrl":"https:\/\/www.ghostysky.com\/wp-content\/uploads\/2023\/12\/h20_1.jpg","width":2560,"height":2560},{"@type":"BreadcrumbList","@id":"https:\/\/www.ghostysky.com\/product\/zenmuse-h20\/#breadcrumb","itemListElement":[{"@type":"ListItem","position":1,"name":"Home","item":"https:\/\/www.ghostysky.com\/"},{"@type":"ListItem","position":2,"name":"Shop","item":"https:\/\/www.ghostysky.com\/shop\/"},{"@type":"ListItem","position":3,"name":"DJI Zenmuse H20"}]},{"@type":"WebSite","@id":"https:\/\/www.ghostysky.com\/#website","url":"https:\/\/www.ghostysky.com\/","name":"Ghostysky","description":"Entrega de drones y servicios profesionales","publisher":{"@id":"https:\/\/www.ghostysky.com\/#organization"},"potentialAction":[{"@type":"SearchAction","target":{"@type":"EntryPoint","urlTemplate":"https:\/\/www.ghostysky.com\/?s={search_term_string}"},"query-input":{"@type":"PropertyValueSpecification","valueRequired":true,"valueName":"search_term_string"}}],"inLanguage":"es"},{"@type":"Organization","@id":"https:\/\/www.ghostysky.com\/#organization","name":"Ghostysky","url":"https:\/\/www.ghostysky.com\/","logo":{"@type":"ImageObject","inLanguage":"es","@id":"https:\/\/www.ghostysky.com\/#\/schema\/logo\/image\/","url":"https:\/\/www.ghostysky.com\/wp-content\/uploads\/2020\/06\/cropped-ghostyskylogo_text_white2.png","contentUrl":"https:\/\/www.ghostysky.com\/wp-content\/uploads\/2020\/06\/cropped-ghostyskylogo_text_white2.png","width":169,"height":56,"caption":"Ghostysky"},"image":{"@id":"https:\/\/www.ghostysky.com\/#\/schema\/logo\/image\/"},"sameAs":["https:\/\/www.facebook.com\/people\/Ghostysky\/100057676170234\/","https:\/\/x.com\/Gh0stysky","https:\/\/www.linkedin.com\/company\/34739653","https:\/\/www.instagram.com\/gh0stysky"]}]}},"_links":{"self":[{"href":"https:\/\/www.ghostysky.com\/es\/wp-json\/wp\/v2\/product\/15444","targetHints":{"allow":["GET"]}}],"collection":[{"href":"https:\/\/www.ghostysky.com\/es\/wp-json\/wp\/v2\/product"}],"about":[{"href":"https:\/\/www.ghostysky.com\/es\/wp-json\/wp\/v2\/types\/product"}],"replies":[{"embeddable":true,"href":"https:\/\/www.ghostysky.com\/es\/wp-json\/wp\/v2\/comments?post=15444"}],"wp:featuredmedia":[{"embeddable":true,"href":"https:\/\/www.ghostysky.com\/es\/wp-json\/wp\/v2\/media\/15447"}],"wp:attachment":[{"href":"https:\/\/www.ghostysky.com\/es\/wp-json\/wp\/v2\/media?parent=15444"}],"wp:term":[{"taxonomy":"product_brand","embeddable":true,"href":"https:\/\/www.ghostysky.com\/es\/wp-json\/wp\/v2\/product_brand?post=15444"},{"taxonomy":"product_cat","embeddable":true,"href":"https:\/\/www.ghostysky.com\/es\/wp-json\/wp\/v2\/product_cat?post=15444"},{"taxonomy":"product_tag","embeddable":true,"href":"https:\/\/www.ghostysky.com\/es\/wp-json\/wp\/v2\/product_tag?post=15444"}],"curies":[{"name":"wp","href":"https:\/\/api.w.org\/{rel}","templated":true}]}}