{"id":15448,"date":"2023-12-28T22:28:22","date_gmt":"2023-12-28T22:28:22","guid":{"rendered":"https:\/\/www.ghostysky.com\/?post_type=product&#038;p=15448"},"modified":"2024-05-25T10:19:58","modified_gmt":"2024-05-25T10:19:58","slug":"zenmuse-h20t","status":"publish","type":"product","link":"https:\/\/www.ghostysky.com\/es\/product\/zenmuse-h20t\/","title":{"rendered":"DJI Zenmuse H20T"},"content":{"rendered":"<p data-sourcepos=\"3:1-3:17\"><strong>Caracter\u00edsticas clave:<\/strong><\/p>\n<ul data-sourcepos=\"5:1-16:0\">\n<li data-sourcepos=\"5:1-6:0\">\n<p data-sourcepos=\"5:3-5:197\"><strong>C\u00e1mara con zoom de 20 MP de alta resoluci\u00f3n:<\/strong> La Zenmuse H20T cuenta con una c\u00e1mara con zoom de 20MP de alta resoluci\u00f3n con zoom \u00f3ptico de 20x y zoom digital de 2x, que captura im\u00e1genes y videos impresionantes desde la distancia.<\/p>\n<\/li>\n<li data-sourcepos=\"7:1-8:0\">\n<p data-sourcepos=\"7:3-7:209\"><strong>Sensor t\u00e9rmico 640 x 512:<\/strong> La Zenmuse H20T incorpora un sensor t\u00e9rmico de alta resoluci\u00f3n de 640 x 512 con zoom lineal de 16x y velocidad de fotogramas de 30 Hz, lo que proporciona a los operadores capacidades precisas de im\u00e1genes t\u00e9rmicas.<\/p>\n<\/li>\n<li data-sourcepos=\"9:1-10:0\">\n<p data-sourcepos=\"9:3-9:192\"><strong>Tel\u00e9metro l\u00e1ser de 1200 metros:<\/strong> El Zenmuse H20T incluye un tel\u00e9metro l\u00e1ser de 1200 metros, que proporciona mediciones de distancia precisas para evitar obst\u00e1culos y un an\u00e1lisis de datos m\u00e1s preciso.<\/p>\n<\/li>\n<li data-sourcepos=\"11:1-12:0\">\n<p data-sourcepos=\"11:3-11:218\"><strong>Vista de pantalla dividida sincronizada:<\/strong> El Zenmuse H20T ofrece una vista sincronizada en pantalla dividida de las im\u00e1genes visuales y t\u00e9rmicas, lo que permite a los operadores comparar y analizar sin problemas la informaci\u00f3n de ambos sensores.<\/p>\n<\/li>\n<li data-sourcepos=\"13:1-14:0\">\n<p data-sourcepos=\"13:3-13:221\"><strong>Zoom autom\u00e1tico para funciones t\u00e9rmicas:<\/strong> El Zenmuse H20T cuenta con una funci\u00f3n de zoom autom\u00e1tico para funciones t\u00e9rmicas, que acerca autom\u00e1ticamente los objetos detectados por los sensores t\u00e9rmicos y resalta anomal\u00edas o \u00e1reas de inter\u00e9s.<\/p>\n<\/li>\n<li data-sourcepos=\"15:1-16:0\">\n<p data-sourcepos=\"15:3-15:178\"><strong>Integraci\u00f3n perfecta con drones DJI:<\/strong> El Zenmuse H20T se integra perfectamente con los drones DJI, aprovechando los sistemas de control de vuelo y las funciones de gesti\u00f3n de carga \u00fatil del drone.<\/p>\n<\/li>\n<\/ul>\n<p data-sourcepos=\"17:1-17:13\"><strong>Beneficios:<\/strong><\/p>\n<ul data-sourcepos=\"19:1-28:0\">\n<li data-sourcepos=\"19:1-20:0\">\n<p data-sourcepos=\"19:3-19:228\"><strong>Im\u00e1genes t\u00e9rmicas mejoradas y an\u00e1lisis de datos:<\/strong> El sensor t\u00e9rmico de alta resoluci\u00f3n y la funci\u00f3n de zoom autom\u00e1tico del Zenmuse H20T permiten a los operadores capturar im\u00e1genes t\u00e9rmicas detalladas e identificar r\u00e1pidamente peligros o anomal\u00edas potenciales.<\/p>\n<\/li>\n<li data-sourcepos=\"21:1-22:0\">\n<p data-sourcepos=\"21:3-21:214\"><strong>Mediciones de distancia precisas:<\/strong> El tel\u00e9metro l\u00e1ser de 1200 metros proporciona a los operadores mediciones de distancia precisas para evitar obst\u00e1culos, calcular el \u00e1rea y el volumen y garantizar un an\u00e1lisis de datos preciso.<\/p>\n<\/li>\n<li data-sourcepos=\"23:1-24:0\">\n<p data-sourcepos=\"23:3-23:230\"><strong>Conciencia situacional mejorada:<\/strong> La combinaci\u00f3n de im\u00e1genes t\u00e9rmicas y visuales, combinada con el tel\u00e9metro l\u00e1ser, mejora el conocimiento de la situaci\u00f3n y permite a los operadores tomar decisiones informadas en entornos desafiantes.<\/p>\n<\/li>\n<li data-sourcepos=\"25:1-26:0\">\n<p data-sourcepos=\"25:3-25:194\"><strong>Integraci\u00f3n perfecta para lograr eficiencia:<\/strong> La perfecta integraci\u00f3n del Zenmuse H20T con los drones DJI simplifica la operaci\u00f3n y el flujo de trabajo, lo que permite a los operadores centrarse en la recopilaci\u00f3n y el an\u00e1lisis de datos.<\/p>\n<\/li>\n<li data-sourcepos=\"27:1-28:0\">\n<p data-sourcepos=\"27:3-27:319\"><strong>Versatilidad para diversas aplicaciones:<\/strong> Las capacidades avanzadas de im\u00e1genes t\u00e9rmicas, el tel\u00e9metro l\u00e1ser y el vers\u00e1til sistema de c\u00e1mara del Zenmuse H20T lo hacen ideal para una amplia gama de aplicaciones profesionales, incluidas b\u00fasqueda y rescate, inspecci\u00f3n de infraestructura, agricultura de precisi\u00f3n y monitoreo de vida silvestre.<\/p>\n<\/li>\n<\/ul>\n<p data-sourcepos=\"29:1-29:391\">En general, el Zenmuse H20T es un sistema de c\u00e1mara a\u00e9rea potente y completo dise\u00f1ado para operadores de drones profesionales que requieren im\u00e1genes t\u00e9rmicas de alta resoluci\u00f3n, datos precisos del tel\u00e9metro l\u00e1ser y una integraci\u00f3n perfecta con los drones DJI. Permite a los operadores capturar datos detallados, mejorar el conocimiento de la situaci\u00f3n y tomar decisiones informadas en una variedad de aplicaciones exigentes.<\/p>\n<p data-sourcepos=\"29:1-29:391\"><a href=\"https:\/\/www.ghostysky.com\/wp-content\/uploads\/2023\/12\/h20t_inthebox.jpg\"><img fetchpriority=\"high\" decoding=\"async\" class=\"alignnone size-full wp-image-15451 lazyload\" src=\"datos:imagen\/gif;base64,R0lGODlhAQABAAAAACH5BAEKAAEALAAAAAABAAEAAAICTAEAOw==\" alt=\"\" width=\"1393\" height=\"388\" data-src=\"datos:imagen\/gif;base64,R0lGODlhAQABAAAAACH5BAEKAAEALAAAAAABAAEAAAICTAEAOw==\"><\/a><\/p>","protected":false},"excerpt":{"rendered":"<p>El DJI Zenmuse H20T es un sistema avanzado de c\u00e1mara a\u00e9rea dise\u00f1ado para operadores profesionales de drones que requieren im\u00e1genes t\u00e9rmicas de alta resoluci\u00f3n, capacidades de tel\u00e9metro l\u00e1ser y una integraci\u00f3n perfecta con drones DJI para una amplia gama de aplicaciones, incluidas b\u00fasqueda y rescate, inspecci\u00f3n de infraestructura y agricultura de precisi\u00f3n. y monitoreo de vida silvestre.<\/p>\n<ul>\n<li>C\u00e1mara con zoom de 20MP<\/li>\n<li>C\u00e1mara ancha de 12 MP<\/li>\n<li>Tel\u00e9metro l\u00e1ser de 1200 m<\/li>\n<li>C\u00e1mara t\u00e9rmica radiom\u00e9trica de 640\u00d7512 px<\/li>\n<\/ul>","protected":false},"featured_media":15450,"comment_status":"open","ping_status":"closed","template":"","meta":[],"product_brand":[],"product_cat":[622,37,621,29],"product_tag":[42,624,643],"class_list":{"0":"post-15448","1":"product","2":"type-product","3":"status-publish","4":"has-post-thumbnail","6":"product_cat-matrice-350-accessories","7":"product_cat-dji","8":"product_cat-dji-matrice-350-rtk","9":"product_cat-drones","10":"product_tag-dji","11":"product_tag-matrice-350-rtk","12":"product_tag-zenmuse-h20t","14":"first","15":"onbackorder","16":"taxable","17":"shipping-taxable","18":"purchasable","19":"product-type-simple"},"yoast_head":"<!-- This site is optimized with the Yoast SEO plugin v27.1.1 - https:\/\/yoast.com\/product\/yoast-seo-wordpress\/ -->\n<title>DJI Zenmuse H20T - Ghostysky<\/title>\n<meta name=\"description\" content=\"The DJI Zenmuse H20T is an advanced aerial camera system designed for professional drone operators who require high-resolution thermal imaging, laser rangefinder capabilities, and seamless integration with DJI drones for a wide range of applications, including search and rescue, infrastructure inspection, precision agriculture, and wildlife monitoring.\" \/>\n<meta name=\"robots\" content=\"index, follow, max-snippet:-1, max-image-preview:large, max-video-preview:-1\" \/>\n<link rel=\"canonical\" href=\"https:\/\/www.ghostysky.com\/es\/producto-2\/zenmuse-h20t\/\" \/>\n<meta property=\"og:locale\" content=\"es_ES\" \/>\n<meta property=\"og:type\" content=\"article\" \/>\n<meta property=\"og:title\" content=\"DJI Zenmuse H20T - Ghostysky\" \/>\n<meta property=\"og:description\" content=\"The DJI Zenmuse H20T is an advanced aerial camera system designed for professional drone operators who require high-resolution thermal imaging, laser rangefinder capabilities, and seamless integration with DJI drones for a wide range of applications, including search and rescue, infrastructure inspection, precision agriculture, and wildlife monitoring.\" \/>\n<meta property=\"og:url\" content=\"https:\/\/www.ghostysky.com\/es\/producto-2\/zenmuse-h20t\/\" \/>\n<meta property=\"og:site_name\" content=\"Ghostysky\" \/>\n<meta property=\"article:publisher\" content=\"https:\/\/www.facebook.com\/people\/Ghostysky\/100057676170234\/\" \/>\n<meta property=\"article:modified_time\" content=\"2024-05-25T10:19:58+00:00\" \/>\n<meta property=\"og:image\" content=\"https:\/\/www.ghostysky.com\/wp-content\/uploads\/2023\/12\/h20t_1.jpg\" \/>\n\t<meta property=\"og:image:width\" content=\"2560\" \/>\n\t<meta property=\"og:image:height\" content=\"2560\" \/>\n\t<meta property=\"og:image:type\" content=\"image\/jpeg\" \/>\n<meta name=\"twitter:card\" content=\"summary_large_image\" \/>\n<meta name=\"twitter:site\" content=\"@Gh0stysky\" \/>\n<meta name=\"twitter:label1\" content=\"Tiempo de lectura\" \/>\n\t<meta name=\"twitter:data1\" content=\"2 minutos\" \/>\n<script type=\"application\/ld+json\" class=\"yoast-schema-graph\">{\"@context\":\"https:\/\/schema.org\",\"@graph\":[{\"@type\":\"WebPage\",\"@id\":\"https:\/\/www.ghostysky.com\/product\/zenmuse-h20t\/\",\"url\":\"https:\/\/www.ghostysky.com\/product\/zenmuse-h20t\/\",\"name\":\"DJI Zenmuse H20T - Ghostysky\",\"isPartOf\":{\"@id\":\"https:\/\/www.ghostysky.com\/#website\"},\"primaryImageOfPage\":{\"@id\":\"https:\/\/www.ghostysky.com\/product\/zenmuse-h20t\/#primaryimage\"},\"image\":{\"@id\":\"https:\/\/www.ghostysky.com\/product\/zenmuse-h20t\/#primaryimage\"},\"thumbnailUrl\":\"https:\/\/www.ghostysky.com\/wp-content\/uploads\/2023\/12\/h20t_1.jpg\",\"datePublished\":\"2023-12-28T22:28:22+00:00\",\"dateModified\":\"2024-05-25T10:19:58+00:00\",\"description\":\"The DJI Zenmuse H20T is an advanced aerial camera system designed for professional drone operators who require high-resolution thermal imaging, laser rangefinder capabilities, and seamless integration with DJI drones for a wide range of applications, including search and rescue, infrastructure inspection, precision agriculture, and wildlife monitoring.\",\"breadcrumb\":{\"@id\":\"https:\/\/www.ghostysky.com\/product\/zenmuse-h20t\/#breadcrumb\"},\"inLanguage\":\"es\",\"potentialAction\":[{\"@type\":\"ReadAction\",\"target\":[\"https:\/\/www.ghostysky.com\/product\/zenmuse-h20t\/\"]}]},{\"@type\":\"ImageObject\",\"inLanguage\":\"es\",\"@id\":\"https:\/\/www.ghostysky.com\/product\/zenmuse-h20t\/#primaryimage\",\"url\":\"https:\/\/www.ghostysky.com\/wp-content\/uploads\/2023\/12\/h20t_1.jpg\",\"contentUrl\":\"https:\/\/www.ghostysky.com\/wp-content\/uploads\/2023\/12\/h20t_1.jpg\",\"width\":2560,\"height\":2560},{\"@type\":\"BreadcrumbList\",\"@id\":\"https:\/\/www.ghostysky.com\/product\/zenmuse-h20t\/#breadcrumb\",\"itemListElement\":[{\"@type\":\"ListItem\",\"position\":1,\"name\":\"Home\",\"item\":\"https:\/\/www.ghostysky.com\/\"},{\"@type\":\"ListItem\",\"position\":2,\"name\":\"Shop\",\"item\":\"https:\/\/www.ghostysky.com\/shop\/\"},{\"@type\":\"ListItem\",\"position\":3,\"name\":\"DJI Zenmuse H20T\"}]},{\"@type\":\"WebSite\",\"@id\":\"https:\/\/www.ghostysky.com\/#website\",\"url\":\"https:\/\/www.ghostysky.com\/\",\"name\":\"Ghostysky\",\"description\":\"Delivering professional drones and services\",\"publisher\":{\"@id\":\"https:\/\/www.ghostysky.com\/#organization\"},\"potentialAction\":[{\"@type\":\"SearchAction\",\"target\":{\"@type\":\"EntryPoint\",\"urlTemplate\":\"https:\/\/www.ghostysky.com\/?s={search_term_string}\"},\"query-input\":{\"@type\":\"PropertyValueSpecification\",\"valueRequired\":true,\"valueName\":\"search_term_string\"}}],\"inLanguage\":\"es\"},{\"@type\":\"Organization\",\"@id\":\"https:\/\/www.ghostysky.com\/#organization\",\"name\":\"Ghostysky\",\"url\":\"https:\/\/www.ghostysky.com\/\",\"logo\":{\"@type\":\"ImageObject\",\"inLanguage\":\"es\",\"@id\":\"https:\/\/www.ghostysky.com\/#\/schema\/logo\/image\/\",\"url\":\"https:\/\/www.ghostysky.com\/wp-content\/uploads\/2020\/06\/cropped-ghostyskylogo_text_white2.png\",\"contentUrl\":\"https:\/\/www.ghostysky.com\/wp-content\/uploads\/2020\/06\/cropped-ghostyskylogo_text_white2.png\",\"width\":169,\"height\":56,\"caption\":\"Ghostysky\"},\"image\":{\"@id\":\"https:\/\/www.ghostysky.com\/#\/schema\/logo\/image\/\"},\"sameAs\":[\"https:\/\/www.facebook.com\/people\/Ghostysky\/100057676170234\/\",\"https:\/\/x.com\/Gh0stysky\",\"https:\/\/www.linkedin.com\/company\/34739653\",\"https:\/\/www.instagram.com\/gh0stysky\"]}]}<\/script>\n<!-- \/ Yoast SEO plugin. -->","yoast_head_json":{"title":"DJI Zenmuse H20T - Ghostysky","description":"El DJI Zenmuse H20T es un sistema avanzado de c\u00e1mara a\u00e9rea dise\u00f1ado para operadores profesionales de drones que requieren im\u00e1genes t\u00e9rmicas de alta resoluci\u00f3n, capacidades de tel\u00e9metro l\u00e1ser y una integraci\u00f3n perfecta con drones DJI para una amplia gama de aplicaciones, incluidas b\u00fasqueda y rescate, inspecci\u00f3n de infraestructura y agricultura de precisi\u00f3n. y monitoreo de vida silvestre.","robots":{"index":"index","follow":"follow","max-snippet":"max-snippet:-1","max-image-preview":"max-image-preview:large","max-video-preview":"max-video-preview:-1"},"canonical":"https:\/\/www.ghostysky.com\/es\/producto-2\/zenmuse-h20t\/","og_locale":"es_ES","og_type":"article","og_title":"DJI Zenmuse H20T - Ghostysky","og_description":"The DJI Zenmuse H20T is an advanced aerial camera system designed for professional drone operators who require high-resolution thermal imaging, laser rangefinder capabilities, and seamless integration with DJI drones for a wide range of applications, including search and rescue, infrastructure inspection, precision agriculture, and wildlife monitoring.","og_url":"https:\/\/www.ghostysky.com\/es\/producto-2\/zenmuse-h20t\/","og_site_name":"Ghostysky","article_publisher":"https:\/\/www.facebook.com\/people\/Ghostysky\/100057676170234\/","article_modified_time":"2024-05-25T10:19:58+00:00","og_image":[{"width":2560,"height":2560,"url":"https:\/\/www.ghostysky.com\/wp-content\/uploads\/2023\/12\/h20t_1.jpg","type":"image\/jpeg"}],"twitter_card":"summary_large_image","twitter_site":"@Gh0stysky","twitter_misc":{"Tiempo de lectura":"2 minutos"},"schema":{"@context":"https:\/\/schema.org","@graph":[{"@type":"WebPage","@id":"https:\/\/www.ghostysky.com\/product\/zenmuse-h20t\/","url":"https:\/\/www.ghostysky.com\/product\/zenmuse-h20t\/","name":"DJI Zenmuse H20T - Ghostysky","isPartOf":{"@id":"https:\/\/www.ghostysky.com\/#website"},"primaryImageOfPage":{"@id":"https:\/\/www.ghostysky.com\/product\/zenmuse-h20t\/#primaryimage"},"image":{"@id":"https:\/\/www.ghostysky.com\/product\/zenmuse-h20t\/#primaryimage"},"thumbnailUrl":"https:\/\/www.ghostysky.com\/wp-content\/uploads\/2023\/12\/h20t_1.jpg","datePublished":"2023-12-28T22:28:22+00:00","dateModified":"2024-05-25T10:19:58+00:00","description":"El DJI Zenmuse H20T es un sistema avanzado de c\u00e1mara a\u00e9rea dise\u00f1ado para operadores profesionales de drones que requieren im\u00e1genes t\u00e9rmicas de alta resoluci\u00f3n, capacidades de tel\u00e9metro l\u00e1ser y una integraci\u00f3n perfecta con drones DJI para una amplia gama de aplicaciones, incluidas b\u00fasqueda y rescate, inspecci\u00f3n de infraestructura y agricultura de precisi\u00f3n. y monitoreo de vida silvestre.","breadcrumb":{"@id":"https:\/\/www.ghostysky.com\/product\/zenmuse-h20t\/#breadcrumb"},"inLanguage":"es","potentialAction":[{"@type":"ReadAction","target":["https:\/\/www.ghostysky.com\/product\/zenmuse-h20t\/"]}]},{"@type":"ImageObject","inLanguage":"es","@id":"https:\/\/www.ghostysky.com\/product\/zenmuse-h20t\/#primaryimage","url":"https:\/\/www.ghostysky.com\/wp-content\/uploads\/2023\/12\/h20t_1.jpg","contentUrl":"https:\/\/www.ghostysky.com\/wp-content\/uploads\/2023\/12\/h20t_1.jpg","width":2560,"height":2560},{"@type":"BreadcrumbList","@id":"https:\/\/www.ghostysky.com\/product\/zenmuse-h20t\/#breadcrumb","itemListElement":[{"@type":"ListItem","position":1,"name":"Home","item":"https:\/\/www.ghostysky.com\/"},{"@type":"ListItem","position":2,"name":"Shop","item":"https:\/\/www.ghostysky.com\/shop\/"},{"@type":"ListItem","position":3,"name":"DJI Zenmuse H20T"}]},{"@type":"WebSite","@id":"https:\/\/www.ghostysky.com\/#website","url":"https:\/\/www.ghostysky.com\/","name":"Ghostysky","description":"Entrega de drones y servicios profesionales","publisher":{"@id":"https:\/\/www.ghostysky.com\/#organization"},"potentialAction":[{"@type":"SearchAction","target":{"@type":"EntryPoint","urlTemplate":"https:\/\/www.ghostysky.com\/?s={search_term_string}"},"query-input":{"@type":"PropertyValueSpecification","valueRequired":true,"valueName":"search_term_string"}}],"inLanguage":"es"},{"@type":"Organization","@id":"https:\/\/www.ghostysky.com\/#organization","name":"Ghostysky","url":"https:\/\/www.ghostysky.com\/","logo":{"@type":"ImageObject","inLanguage":"es","@id":"https:\/\/www.ghostysky.com\/#\/schema\/logo\/image\/","url":"https:\/\/www.ghostysky.com\/wp-content\/uploads\/2020\/06\/cropped-ghostyskylogo_text_white2.png","contentUrl":"https:\/\/www.ghostysky.com\/wp-content\/uploads\/2020\/06\/cropped-ghostyskylogo_text_white2.png","width":169,"height":56,"caption":"Ghostysky"},"image":{"@id":"https:\/\/www.ghostysky.com\/#\/schema\/logo\/image\/"},"sameAs":["https:\/\/www.facebook.com\/people\/Ghostysky\/100057676170234\/","https:\/\/x.com\/Gh0stysky","https:\/\/www.linkedin.com\/company\/34739653","https:\/\/www.instagram.com\/gh0stysky"]}]}},"_links":{"self":[{"href":"https:\/\/www.ghostysky.com\/es\/wp-json\/wp\/v2\/product\/15448","targetHints":{"allow":["GET"]}}],"collection":[{"href":"https:\/\/www.ghostysky.com\/es\/wp-json\/wp\/v2\/product"}],"about":[{"href":"https:\/\/www.ghostysky.com\/es\/wp-json\/wp\/v2\/types\/product"}],"replies":[{"embeddable":true,"href":"https:\/\/www.ghostysky.com\/es\/wp-json\/wp\/v2\/comments?post=15448"}],"wp:featuredmedia":[{"embeddable":true,"href":"https:\/\/www.ghostysky.com\/es\/wp-json\/wp\/v2\/media\/15450"}],"wp:attachment":[{"href":"https:\/\/www.ghostysky.com\/es\/wp-json\/wp\/v2\/media?parent=15448"}],"wp:term":[{"taxonomy":"product_brand","embeddable":true,"href":"https:\/\/www.ghostysky.com\/es\/wp-json\/wp\/v2\/product_brand?post=15448"},{"taxonomy":"product_cat","embeddable":true,"href":"https:\/\/www.ghostysky.com\/es\/wp-json\/wp\/v2\/product_cat?post=15448"},{"taxonomy":"product_tag","embeddable":true,"href":"https:\/\/www.ghostysky.com\/es\/wp-json\/wp\/v2\/product_tag?post=15448"}],"curies":[{"name":"wp","href":"https:\/\/api.w.org\/{rel}","templated":true}]}}