{"id":15455,"date":"2023-12-29T17:43:29","date_gmt":"2023-12-29T17:43:29","guid":{"rendered":"https:\/\/www.ghostysky.com\/?post_type=product&#038;p=15455"},"modified":"2023-12-29T21:03:26","modified_gmt":"2023-12-29T21:03:26","slug":"dronescout-ds230","status":"publish","type":"product","link":"https:\/\/www.ghostysky.com\/es\/product\/dronescout-ds230\/","title":{"rendered":"DroneScout DS230"},"content":{"rendered":"<p>El receptor DroneScout admite todos los protocolos de transmisi\u00f3n (Bluetooth heredado, Bluetooth de largo alcance, WiFi NaN y WiFi Beacon) y todas las bandas de frecuencia (2,4, 5,2 y 5,8 GHz). Adem\u00e1s, DroneScout utiliza Power of Ethernet (PoE 802.3af\/at) tanto para la conectividad como para la alimentaci\u00f3n.<\/p>\n<p>El producto est\u00e1 destinado a integradores de sistemas que desean integrar el receptor DroneScout en su producto. En t\u00e9rminos t\u00e9cnicos, la informaci\u00f3n de ID remota recibida por DroneScout se transmite en formato JSON a un corredor MQTT. Se proporciona un c\u00f3digo fuente de referencia para procesar la informaci\u00f3n recibida. Internamente, el receptor utiliza el marco Open Drone ID que admite tanto el est\u00e1ndar DIN EN 4709-002 (UE) como el ASTM F3411-22a-RID-B (EE. UU.).<\/p>\n<h3>Aplicaciones para el receptor de identificaci\u00f3n remota DroneScout<\/h3>\n<p>La informaci\u00f3n de la baliza puede ser utilizada por el p\u00fablico en general, las fuerzas del orden y los drones para brindar un mejor conocimiento de la situaci\u00f3n del espacio a\u00e9reo que los rodea. Las aplicaciones de los receptores de ID remota se encuentran en el \u00e1rea de seguridad y protecci\u00f3n. Pueden ser empresas de inteligencia de seguridad las que est\u00e9n interesadas en drones cercanos. O aeropuertos que quieran detectar drones cercanos para evitar situaciones de inseguridad.<\/p>\n<div id=\"sensor\" class=\"vc_row wpb_row vc_row-fluid riven-overview vc_custom_1668598884661 vc_row-has-fill opn-active\" data-op-gutter=\"\" data-opn_enable_overlay=\"\" data-opn_hide_navigation=\"\">\n<div class=\"wpb_column vc_column_container vc_col-sm-12\">\n<div class=\"vc_column-inner\">\n<div class=\"wpb_wrapper\">\n<div class=\"wpb_text_column wpb_content_element\">\n<div class=\"wpb_wrapper\">\n<h3><strong>Receptor de identificaci\u00f3n remota Ds230<\/strong><\/h3>\n<\/div>\n<\/div>\n<\/div>\n<\/div>\n<\/div>\n<\/div>\n<div class=\"vc_row wpb_row vc_row-fluid\" data-op-gutter=\"\" data-opn_enable_overlay=\"\" data-opn_hide_navigation=\"\">\n<div class=\"wpb_column vc_column_container vc_col-sm-6\">\n<div class=\"vc_column-inner\">\n<div class=\"wpb_wrapper\">\n<div class=\"wpb_text_column wpb_content_element\">\n<div class=\"wpb_wrapper\">\n<p><strong><b>radio de corto alcance<\/b><\/strong><\/p>\n<ul>\n<li>Bluetooth 2,4GHz<\/li>\n<li>Wi-Fi 2,4 GHz, 5,2 GHz, 5,8 GHz<\/li>\n<\/ul>\n<p><strong><b>Antenas<\/b><\/strong><\/p>\n<ul>\n<li>Antenas de 5 dBi (conector N, 1x Bluetooth, 2x antena WiFi tribanda). Se puede reemplazar con otras antenas.<\/li>\n<\/ul>\n<p><strong>\u00c1rea de detecci\u00f3n<\/strong><\/p>\n<ul>\n<li>80 kilometros<sup>2<\/sup>\u00a0\/ 5 kil\u00f3metros de radio. Ver tambi\u00e9n la secci\u00f3n 1.9 del manual. El \u00e1rea de detecci\u00f3n real puede ser mayor o menor dependiendo de la ubicaci\u00f3n de instalaci\u00f3n, como la altura y la obstrucci\u00f3n de edificios grandes.<\/li>\n<\/ul>\n<p><strong><b>Fuerza<\/b><\/strong><\/p>\n<ul>\n<li>PoE (Alimentaci\u00f3n a trav\u00e9s de Ethernet): 802.3af\/at<\/li>\n<\/ul>\n<p><strong><b>Consumo actual medio<\/b><\/strong><\/p>\n<ul>\n<li>&lt; 5W<\/li>\n<\/ul>\n<p><strong><b>Conectividad<\/b><\/strong><\/p>\n<ul>\n<li>Interfaz Ethernet 10\/100M\/1000M<\/li>\n<\/ul>\n<p><strong><b>Recinto<\/b><\/strong><\/p>\n<ul>\n<li>el plastico<\/li>\n<\/ul>\n<p><strong><b>Mecanismo de fijaci\u00f3n<\/b><\/strong><\/p>\n<ul>\n<li>soporte de m\u00e1stil para instalaci\u00f3n en m\u00e1stil o pared<\/li>\n<\/ul>\n<p><strong><b>Clasificaci\u00f3n del IP<\/b><\/strong><\/p>\n<ul>\n<li>IP67<\/li>\n<\/ul>\n<p><strong><b>Temperatura de funcionamiento<\/b><\/strong><\/p>\n<ul>\n<li>-20\u00b0C a +40\u00b0C<\/li>\n<\/ul>\n<p><strong><b>Dimensiones<\/b><\/strong><\/p>\n<ul>\n<li>27,2 x 27,6 x 9,6 (sin antenas).<\/li>\n<\/ul>\n<p><strong><b>Peso<\/b><\/strong><\/p>\n<ul>\n<li>1,4 kg (con soporte de m\u00e1stil 1,9 kg)<\/li>\n<\/ul>\n<\/div>\n<\/div>\n<\/div>\n<\/div>\n<\/div>\n<\/div>","protected":false},"excerpt":{"rendered":"<p>DroneScout es un receptor de ID remota (directo\/de transmisi\u00f3n) que recibe se\u00f1ales de ID remota. Un receptor tambi\u00e9n se llama sensor o radar. La UE y EE.UU. est\u00e1n planeando nuevas normas que hagan obligatoria la identificaci\u00f3n remota para drones que pesen m\u00e1s de 250 gramos. T\u00e9cnicamente, la identificaci\u00f3n remota se denomina ID remota directa (DRI) en la UE y ID remota por transmisi\u00f3n en los EE. UU.<\/p>","protected":false},"featured_media":15461,"comment_status":"open","ping_status":"closed","template":"","meta":[],"product_brand":[],"product_cat":[461,604],"product_tag":[644,645],"class_list":{"0":"post-15455","1":"product","2":"type-product","3":"status-publish","4":"has-post-thumbnail","6":"product_cat-accessories-2","7":"product_cat-remote-id","8":"product_tag-dronescout","9":"product_tag-ds230","11":"first","12":"onbackorder","13":"taxable","14":"shipping-taxable","15":"purchasable","16":"product-type-simple"},"yoast_head":"<!-- This site is optimized with the Yoast SEO plugin v27.4 - https:\/\/yoast.com\/product\/yoast-seo-wordpress\/ -->\n<title>DroneScout DS230 - Ghostysky<\/title>\n<meta name=\"description\" content=\"DroneScout is a (direct\/broadcast) Remote ID receiver that receives Remote ID signals. A receiver is also called sensor or radar. The EU and USA are planning new rules that make Remote ID mandatory for drones over 250 grams weight. Technically Remote ID is called Direct Remote ID (DRI) in the EU and Broadcast Remote ID in the USA.\" \/>\n<meta name=\"robots\" content=\"index, follow, max-snippet:-1, max-image-preview:large, max-video-preview:-1\" \/>\n<link rel=\"canonical\" href=\"https:\/\/www.ghostysky.com\/es\/producto-2\/dronescout-ds230\/\" \/>\n<meta property=\"og:locale\" content=\"es_ES\" \/>\n<meta property=\"og:type\" content=\"article\" \/>\n<meta property=\"og:title\" content=\"DroneScout DS230 - Ghostysky\" \/>\n<meta property=\"og:description\" content=\"DroneScout is a (direct\/broadcast) Remote ID receiver that receives Remote ID signals. A receiver is also called sensor or radar. The EU and USA are planning new rules that make Remote ID mandatory for drones over 250 grams weight. Technically Remote ID is called Direct Remote ID (DRI) in the EU and Broadcast Remote ID in the USA.\" \/>\n<meta property=\"og:url\" content=\"https:\/\/www.ghostysky.com\/es\/producto-2\/dronescout-ds230\/\" \/>\n<meta property=\"og:site_name\" content=\"Ghostysky\" \/>\n<meta property=\"article:publisher\" content=\"https:\/\/www.facebook.com\/people\/Ghostysky\/100057676170234\/\" \/>\n<meta property=\"article:modified_time\" content=\"2023-12-29T21:03:26+00:00\" \/>\n<meta property=\"og:image\" content=\"https:\/\/www.ghostysky.com\/wp-content\/uploads\/2023\/12\/DS230_0.jpg\" \/>\n\t<meta property=\"og:image:width\" content=\"576\" \/>\n\t<meta property=\"og:image:height\" content=\"768\" \/>\n\t<meta property=\"og:image:type\" content=\"image\/jpeg\" \/>\n<meta name=\"twitter:card\" content=\"summary_large_image\" \/>\n<meta name=\"twitter:site\" content=\"@Gh0stysky\" \/>\n<meta name=\"twitter:label1\" content=\"Tiempo de lectura\" \/>\n\t<meta name=\"twitter:data1\" content=\"2 minutos\" \/>\n<script type=\"application\/ld+json\" class=\"yoast-schema-graph\">{\"@context\":\"https:\\\/\\\/schema.org\",\"@graph\":[{\"@type\":\"WebPage\",\"@id\":\"https:\\\/\\\/www.ghostysky.com\\\/product\\\/dronescout-ds230\\\/\",\"url\":\"https:\\\/\\\/www.ghostysky.com\\\/product\\\/dronescout-ds230\\\/\",\"name\":\"DroneScout DS230 - Ghostysky\",\"isPartOf\":{\"@id\":\"https:\\\/\\\/www.ghostysky.com\\\/#website\"},\"primaryImageOfPage\":{\"@id\":\"https:\\\/\\\/www.ghostysky.com\\\/product\\\/dronescout-ds230\\\/#primaryimage\"},\"image\":{\"@id\":\"https:\\\/\\\/www.ghostysky.com\\\/product\\\/dronescout-ds230\\\/#primaryimage\"},\"thumbnailUrl\":\"https:\\\/\\\/www.ghostysky.com\\\/wp-content\\\/uploads\\\/2023\\\/12\\\/DS230_0.jpg\",\"datePublished\":\"2023-12-29T17:43:29+00:00\",\"dateModified\":\"2023-12-29T21:03:26+00:00\",\"description\":\"DroneScout is a (direct\\\/broadcast) Remote ID receiver that receives Remote ID signals. A receiver is also called sensor or radar. The EU and USA are planning new rules that make Remote ID mandatory for drones over 250 grams weight. Technically Remote ID is called Direct Remote ID (DRI) in the EU and Broadcast Remote ID in the USA.\",\"breadcrumb\":{\"@id\":\"https:\\\/\\\/www.ghostysky.com\\\/product\\\/dronescout-ds230\\\/#breadcrumb\"},\"inLanguage\":\"es\",\"potentialAction\":[{\"@type\":\"ReadAction\",\"target\":[\"https:\\\/\\\/www.ghostysky.com\\\/product\\\/dronescout-ds230\\\/\"]}]},{\"@type\":\"ImageObject\",\"inLanguage\":\"es\",\"@id\":\"https:\\\/\\\/www.ghostysky.com\\\/product\\\/dronescout-ds230\\\/#primaryimage\",\"url\":\"https:\\\/\\\/www.ghostysky.com\\\/wp-content\\\/uploads\\\/2023\\\/12\\\/DS230_0.jpg\",\"contentUrl\":\"https:\\\/\\\/www.ghostysky.com\\\/wp-content\\\/uploads\\\/2023\\\/12\\\/DS230_0.jpg\",\"width\":576,\"height\":768},{\"@type\":\"BreadcrumbList\",\"@id\":\"https:\\\/\\\/www.ghostysky.com\\\/product\\\/dronescout-ds230\\\/#breadcrumb\",\"itemListElement\":[{\"@type\":\"ListItem\",\"position\":1,\"name\":\"Home\",\"item\":\"https:\\\/\\\/www.ghostysky.com\\\/\"},{\"@type\":\"ListItem\",\"position\":2,\"name\":\"Shop\",\"item\":\"https:\\\/\\\/www.ghostysky.com\\\/shop\\\/\"},{\"@type\":\"ListItem\",\"position\":3,\"name\":\"DroneScout DS230\"}]},{\"@type\":\"WebSite\",\"@id\":\"https:\\\/\\\/www.ghostysky.com\\\/#website\",\"url\":\"https:\\\/\\\/www.ghostysky.com\\\/\",\"name\":\"Ghostysky\",\"description\":\"Delivering professional drones and robotics solutions\",\"publisher\":{\"@id\":\"https:\\\/\\\/www.ghostysky.com\\\/#organization\"},\"potentialAction\":[{\"@type\":\"SearchAction\",\"target\":{\"@type\":\"EntryPoint\",\"urlTemplate\":\"https:\\\/\\\/www.ghostysky.com\\\/?s={search_term_string}\"},\"query-input\":{\"@type\":\"PropertyValueSpecification\",\"valueRequired\":true,\"valueName\":\"search_term_string\"}}],\"inLanguage\":\"es\"},{\"@type\":\"Organization\",\"@id\":\"https:\\\/\\\/www.ghostysky.com\\\/#organization\",\"name\":\"Ghostysky\",\"url\":\"https:\\\/\\\/www.ghostysky.com\\\/\",\"logo\":{\"@type\":\"ImageObject\",\"inLanguage\":\"es\",\"@id\":\"https:\\\/\\\/www.ghostysky.com\\\/#\\\/schema\\\/logo\\\/image\\\/\",\"url\":\"https:\\\/\\\/www.ghostysky.com\\\/wp-content\\\/uploads\\\/2020\\\/06\\\/cropped-ghostyskylogo_text_white2.png\",\"contentUrl\":\"https:\\\/\\\/www.ghostysky.com\\\/wp-content\\\/uploads\\\/2020\\\/06\\\/cropped-ghostyskylogo_text_white2.png\",\"width\":169,\"height\":56,\"caption\":\"Ghostysky\"},\"image\":{\"@id\":\"https:\\\/\\\/www.ghostysky.com\\\/#\\\/schema\\\/logo\\\/image\\\/\"},\"sameAs\":[\"https:\\\/\\\/www.facebook.com\\\/people\\\/Ghostysky\\\/100057676170234\\\/\",\"https:\\\/\\\/x.com\\\/Gh0stysky\",\"https:\\\/\\\/www.linkedin.com\\\/company\\\/34739653\",\"https:\\\/\\\/www.instagram.com\\\/gh0stysky\"]}]}<\/script>\n<!-- \/ Yoast SEO plugin. -->","yoast_head_json":{"title":"DroneScout DS230 - Ghostysky","description":"DroneScout es un receptor de ID remota (directo\/de transmisi\u00f3n) que recibe se\u00f1ales de ID remota. Un receptor tambi\u00e9n se llama sensor o radar. La UE y EE.UU. est\u00e1n planeando nuevas normas que hagan obligatoria la identificaci\u00f3n remota para drones que pesen m\u00e1s de 250 gramos. T\u00e9cnicamente, la identificaci\u00f3n remota se denomina ID remota directa (DRI) en la UE y ID remota por transmisi\u00f3n en los EE. UU.","robots":{"index":"index","follow":"follow","max-snippet":"max-snippet:-1","max-image-preview":"max-image-preview:large","max-video-preview":"max-video-preview:-1"},"canonical":"https:\/\/www.ghostysky.com\/es\/producto-2\/dronescout-ds230\/","og_locale":"es_ES","og_type":"article","og_title":"DroneScout DS230 - Ghostysky","og_description":"DroneScout is a (direct\/broadcast) Remote ID receiver that receives Remote ID signals. A receiver is also called sensor or radar. The EU and USA are planning new rules that make Remote ID mandatory for drones over 250 grams weight. Technically Remote ID is called Direct Remote ID (DRI) in the EU and Broadcast Remote ID in the USA.","og_url":"https:\/\/www.ghostysky.com\/es\/producto-2\/dronescout-ds230\/","og_site_name":"Ghostysky","article_publisher":"https:\/\/www.facebook.com\/people\/Ghostysky\/100057676170234\/","article_modified_time":"2023-12-29T21:03:26+00:00","og_image":[{"width":576,"height":768,"url":"https:\/\/www.ghostysky.com\/wp-content\/uploads\/2023\/12\/DS230_0.jpg","type":"image\/jpeg"}],"twitter_card":"summary_large_image","twitter_site":"@Gh0stysky","twitter_misc":{"Tiempo de lectura":"2 minutos"},"schema":{"@context":"https:\/\/schema.org","@graph":[{"@type":"WebPage","@id":"https:\/\/www.ghostysky.com\/product\/dronescout-ds230\/","url":"https:\/\/www.ghostysky.com\/product\/dronescout-ds230\/","name":"DroneScout DS230 - Ghostysky","isPartOf":{"@id":"https:\/\/www.ghostysky.com\/#website"},"primaryImageOfPage":{"@id":"https:\/\/www.ghostysky.com\/product\/dronescout-ds230\/#primaryimage"},"image":{"@id":"https:\/\/www.ghostysky.com\/product\/dronescout-ds230\/#primaryimage"},"thumbnailUrl":"https:\/\/www.ghostysky.com\/wp-content\/uploads\/2023\/12\/DS230_0.jpg","datePublished":"2023-12-29T17:43:29+00:00","dateModified":"2023-12-29T21:03:26+00:00","description":"DroneScout es un receptor de ID remota (directo\/de transmisi\u00f3n) que recibe se\u00f1ales de ID remota. Un receptor tambi\u00e9n se llama sensor o radar. La UE y EE.UU. est\u00e1n planeando nuevas normas que hagan obligatoria la identificaci\u00f3n remota para drones que pesen m\u00e1s de 250 gramos. T\u00e9cnicamente, la identificaci\u00f3n remota se denomina ID remota directa (DRI) en la UE y ID remota por transmisi\u00f3n en los EE. UU.","breadcrumb":{"@id":"https:\/\/www.ghostysky.com\/product\/dronescout-ds230\/#breadcrumb"},"inLanguage":"es","potentialAction":[{"@type":"ReadAction","target":["https:\/\/www.ghostysky.com\/product\/dronescout-ds230\/"]}]},{"@type":"ImageObject","inLanguage":"es","@id":"https:\/\/www.ghostysky.com\/product\/dronescout-ds230\/#primaryimage","url":"https:\/\/www.ghostysky.com\/wp-content\/uploads\/2023\/12\/DS230_0.jpg","contentUrl":"https:\/\/www.ghostysky.com\/wp-content\/uploads\/2023\/12\/DS230_0.jpg","width":576,"height":768},{"@type":"BreadcrumbList","@id":"https:\/\/www.ghostysky.com\/product\/dronescout-ds230\/#breadcrumb","itemListElement":[{"@type":"ListItem","position":1,"name":"Home","item":"https:\/\/www.ghostysky.com\/"},{"@type":"ListItem","position":2,"name":"Shop","item":"https:\/\/www.ghostysky.com\/shop\/"},{"@type":"ListItem","position":3,"name":"DroneScout DS230"}]},{"@type":"WebSite","@id":"https:\/\/www.ghostysky.com\/#website","url":"https:\/\/www.ghostysky.com\/","name":"Ghostysky","description":"Ofrecemos soluciones profesionales de drones y rob\u00f3tica.","publisher":{"@id":"https:\/\/www.ghostysky.com\/#organization"},"potentialAction":[{"@type":"SearchAction","target":{"@type":"EntryPoint","urlTemplate":"https:\/\/www.ghostysky.com\/?s={search_term_string}"},"query-input":{"@type":"PropertyValueSpecification","valueRequired":true,"valueName":"search_term_string"}}],"inLanguage":"es"},{"@type":"Organization","@id":"https:\/\/www.ghostysky.com\/#organization","name":"Ghostysky","url":"https:\/\/www.ghostysky.com\/","logo":{"@type":"ImageObject","inLanguage":"es","@id":"https:\/\/www.ghostysky.com\/#\/schema\/logo\/image\/","url":"https:\/\/www.ghostysky.com\/wp-content\/uploads\/2020\/06\/cropped-ghostyskylogo_text_white2.png","contentUrl":"https:\/\/www.ghostysky.com\/wp-content\/uploads\/2020\/06\/cropped-ghostyskylogo_text_white2.png","width":169,"height":56,"caption":"Ghostysky"},"image":{"@id":"https:\/\/www.ghostysky.com\/#\/schema\/logo\/image\/"},"sameAs":["https:\/\/www.facebook.com\/people\/Ghostysky\/100057676170234\/","https:\/\/x.com\/Gh0stysky","https:\/\/www.linkedin.com\/company\/34739653","https:\/\/www.instagram.com\/gh0stysky"]}]}},"_links":{"self":[{"href":"https:\/\/www.ghostysky.com\/es\/wp-json\/wp\/v2\/product\/15455","targetHints":{"allow":["GET"]}}],"collection":[{"href":"https:\/\/www.ghostysky.com\/es\/wp-json\/wp\/v2\/product"}],"about":[{"href":"https:\/\/www.ghostysky.com\/es\/wp-json\/wp\/v2\/types\/product"}],"replies":[{"embeddable":true,"href":"https:\/\/www.ghostysky.com\/es\/wp-json\/wp\/v2\/comments?post=15455"}],"version-history":[{"count":0,"href":"https:\/\/www.ghostysky.com\/es\/wp-json\/wp\/v2\/product\/15455\/revisions"}],"wp:featuredmedia":[{"embeddable":true,"href":"https:\/\/www.ghostysky.com\/es\/wp-json\/wp\/v2\/media\/15461"}],"wp:attachment":[{"href":"https:\/\/www.ghostysky.com\/es\/wp-json\/wp\/v2\/media?parent=15455"}],"wp:term":[{"taxonomy":"product_brand","embeddable":true,"href":"https:\/\/www.ghostysky.com\/es\/wp-json\/wp\/v2\/product_brand?post=15455"},{"taxonomy":"product_cat","embeddable":true,"href":"https:\/\/www.ghostysky.com\/es\/wp-json\/wp\/v2\/product_cat?post=15455"},{"taxonomy":"product_tag","embeddable":true,"href":"https:\/\/www.ghostysky.com\/es\/wp-json\/wp\/v2\/product_tag?post=15455"}],"curies":[{"name":"wp","href":"https:\/\/api.w.org\/{rel}","templated":true}]}}