{"id":15572,"date":"2024-01-05T18:28:49","date_gmt":"2024-01-05T18:28:49","guid":{"rendered":"https:\/\/www.ghostysky.com\/?post_type=product&#038;p=15572"},"modified":"2025-10-14T11:41:01","modified_gmt":"2025-10-14T11:41:01","slug":"gs-100v-lidar","status":"publish","type":"product","link":"https:\/\/www.ghostysky.com\/es\/product\/gs-100v-lidar\/","title":{"rendered":"L\u00edder GS-100V"},"content":{"rendered":"<h3><strong>Sistema de escaneo Geosun gAirHawk LiDAR GS-100V<\/strong><\/h3>\n<p>gAirHawk GS-100V es un tipo de sistema de adquisici\u00f3n de datos de nube de puntos LiDAR compacto y de corto alcance, esc\u00e1ner l\u00e1ser HESAI XT16 integrado, sistema de determinaci\u00f3n de actitud y posicionamiento GNSS e IMU, y unidad de control de almacenamiento, capaz de realizar mediciones en tiempo real, din\u00e1mica y masivamente. Recopile datos de nubes de puntos de alta precisi\u00f3n e informaci\u00f3n de im\u00e1genes enriquecida. Se utiliza ampliamente en la adquisici\u00f3n de informaci\u00f3n espacial 3D en topograf\u00eda, electricidad, silvicultura, agricultura y planificaci\u00f3n territorial.<\/p>\n<h3><strong>Especificaci\u00f3n<\/strong><\/h3>\n<table border=\"1\" cellspacing=\"0\" cellpadding=\"0\">\n<tbody>\n<tr>\n<td colspan=\"3\">Sistema de escaneo UAV LiDAR gAirHawk GS-100V<\/td>\n<\/tr>\n<tr>\n<td><\/td>\n<td>Nombre del \u00e1rticulo<\/td>\n<td>Par\u00e1metros del sistema<\/td>\n<\/tr>\n<tr>\n<td rowspan=\"7\">GS-100VPar\u00e1metros<\/td>\n<td>Peso<\/td>\n<td>1,4 kilos<\/td>\n<\/tr>\n<tr>\n<td>Precisi\u00f3n de medici\u00f3n<\/td>\n<td>Menos de 0,1 m a 100 m<\/td>\n<\/tr>\n<tr>\n<td>Temperatura de trabajo<\/td>\n<td>-20 \u2103 ~ 55 \u2103<\/td>\n<\/tr>\n<tr>\n<td>Rango de poder<\/td>\n<td>12V-24V<\/td>\n<\/tr>\n<tr>\n<td>Consumo<\/td>\n<td>20W<\/td>\n<\/tr>\n<tr>\n<td>Plataforma de transporte<\/td>\n<td>Drone y veh\u00edculo<\/td>\n<\/tr>\n<tr>\n<td>Almacenamiento<\/td>\n<td>Almacenamiento de 64 GB, soporte m\u00e1ximo para tarjeta TF de 128 GB<\/td>\n<\/tr>\n<tr>\n<td rowspan=\"8\">Unidad Lidar<\/p>\n<p>&nbsp;<\/td>\n<td>Rango de medici\u00f3n<\/td>\n<td>80m@10% Reflectividad, alcance m\u00e1ximo 120m<\/td>\n<\/tr>\n<tr>\n<td>Clase de l\u00e1ser<\/td>\n<td>905nm Clase 1 (IEC 60825-1:2014)<\/td>\n<\/tr>\n<tr>\n<td>Canal<\/td>\n<td>16 canales<\/td>\n<\/tr>\n<tr>\n<td>Precisi\u00f3n de rango<\/td>\n<td>\u00b11 cm (valor t\u00edpico)<\/td>\n<\/tr>\n<tr>\n<td>Frecuencia de escaneo<\/td>\n<td>10HZ, 20HZ<\/td>\n<\/tr>\n<tr>\n<td>datos<\/td>\n<td>Doble eco 640.000 puntos\/seg.<\/td>\n<\/tr>\n<tr>\n<td>campo de visi\u00f3n<\/td>\n<td>360\u00b0, ajustable<\/td>\n<\/tr>\n<tr>\n<td>Sensor l\u00e1ser<\/td>\n<td>HESAI XT16<\/td>\n<\/tr>\n<tr>\n<td rowspan=\"6\">Unidad POS<\/td>\n<td>Frecuencia de actualizaci\u00f3n<\/td>\n<td>200 Hz<\/td>\n<\/tr>\n<tr>\n<td>Liderear Punteria<\/td>\n<td>0,040\u00b0<\/td>\n<\/tr>\n<tr>\n<td>Precisi\u00f3n de tono<\/td>\n<td>0,015\u00b0<\/td>\n<\/tr>\n<tr>\n<td>Precisi\u00f3n de rodadura<\/td>\n<td>0,015\u00b0<\/td>\n<\/tr>\n<tr>\n<td>Precisi\u00f3n de posici\u00f3n<\/td>\n<td>\u22640,05 m<\/td>\n<\/tr>\n<tr>\n<td>Tipo de se\u00f1al GNSS<\/td>\n<td>GPSL1\/L2\/L5 GLONASL1\/L2 BDS B1\/B2\/B3 GAL E1\/E5a\/5b<\/td>\n<\/tr>\n<tr>\n<td rowspan=\"2\">Software de preprocesamiento<\/td>\n<td>software de punto de venta<\/td>\n<td>Informaci\u00f3n de salida: posici\u00f3n, velocidad, actitud<\/td>\n<\/tr>\n<tr>\n<td>software de nube de puntos<\/td>\n<td>Formato de datos de nube de puntos de salida: formato LAS, formato TXT personalizado<\/td>\n<\/tr>\n<tr>\n<td rowspan=\"2\">C\u00e1mara (integrada)<\/td>\n<td>Acontecimiento desencadenante<\/td>\n<td>Disparador de distancia o tiempo<\/td>\n<\/tr>\n<tr>\n<td>P\u00edxel efectivo<\/td>\n<td>26 megap\u00edxeles y campo de visi\u00f3n de 83 grados<\/td>\n<\/tr>\n<\/tbody>\n<\/table>\n<h3><strong>Paquete<\/strong><\/h3>\n<p>Sistema de escaneo UAV LiDAR gAirHawk GS-100V empaquetado en una maleta con revestimiento de material EVA en el interior y luego cubierto con una caja de cart\u00f3n duro. Es adecuado para env\u00edo a\u00e9reo y mar\u00edtimo.<\/p>\n<p><a href=\"https:\/\/www.ghostysky.com\/wp-content\/uploads\/2024\/01\/Geosun_GS-100V_package_2.jpg\"><img fetchpriority=\"high\" decoding=\"async\" class=\"alignnone wp-image-15577 size-full lazyload\" src=\"datos:imagen\/gif;base64,R0lGODlhAQABAAAAACH5BAEKAAEALAAAAAABAAEAAAICTAEAOw==\" alt=\"\" width=\"680\" height=\"510\" data-src=\"datos:imagen\/gif;base64,R0lGODlhAQABAAAAACH5BAEKAAEALAAAAAABAAEAAAICTAEAOw==\"><\/a> <a href=\"https:\/\/www.ghostysky.com\/wp-content\/uploads\/2024\/01\/Geosun_GS-100V_package_1.jpg\"><img decoding=\"async\" class=\"alignnone wp-image-15578 size-full lazyload\" src=\"datos:imagen\/gif;base64,R0lGODlhAQABAAAAACH5BAEKAAEALAAAAAABAAEAAAICTAEAOw==\" alt=\"\" width=\"680\" height=\"510\" data-src=\"datos:imagen\/gif;base64,R0lGODlhAQABAAAAACH5BAEKAAEALAAAAAABAAEAAAICTAEAOw==\"><\/a><\/p>","protected":false},"excerpt":{"rendered":"<p>El <strong>Geosun GS-100V<\/strong> es un sistema de escaneo LiDAR 3D de alta precisi\u00f3n, compacto y liviano, que se puede montar en varias plataformas, incluidos drones, veh\u00edculos y dispositivos port\u00e1tiles. Integra un esc\u00e1ner l\u00e1ser Hesai XT-16 de alto rendimiento con un sistema de posicionamiento GNSS e IMU, lo que permite la adquisici\u00f3n y el procesamiento de datos de alta precisi\u00f3n en tiempo real.<\/p>\n<p><strong>Caracter\u00edsticas clave<\/strong><\/p>\n<ul>\n<li>Dise\u00f1o ligero y compacto<\/li>\n<li>Tanto la soluci\u00f3n m\u00f3vil como la a\u00e9rea est\u00e1n disponibles<\/li>\n<li>Campo de visi\u00f3n de 360 grados<\/li>\n<li>Hasta 640.000 puntos por segundo (devoluciones duales)<\/li>\n<\/ul>\n<p><strong>Incluido<\/strong><\/p>\n<ul>\n<li>Sensor l\u00e1ser: Hesai XT-16<\/li>\n<li>Sistema POS: Geosun AGS 302 (GNSS + IMU)<\/li>\n<li>C\u00e1mara: C\u00e1mara RGB de 26M p\u00edxeles<\/li>\n<li>Software: software de posprocesamiento gAirHawk (Pepertual<br \/>\nlicencia)<\/li>\n<\/ul>\n<p><strong>Compatibilidad:<\/strong> DJI Matrice 300\/350 RTK y Yuneec H850RTK<\/p>","protected":false},"featured_media":15574,"comment_status":"open","ping_status":"closed","template":"","meta":[],"product_brand":[],"product_cat":[650,705],"product_tag":[651,655,401],"class_list":{"0":"post-15572","1":"product","2":"type-product","3":"status-publish","4":"has-post-thumbnail","6":"product_cat-geosun","7":"product_cat-sensors","8":"product_tag-geosun","9":"product_tag-gs-100v","10":"product_tag-lidar","12":"first","13":"onbackorder","14":"taxable","15":"shipping-taxable","16":"purchasable","17":"product-type-simple"},"yoast_head":"<!-- This site is optimized with the Yoast SEO plugin v27.1.1 - https:\/\/yoast.com\/product\/yoast-seo-wordpress\/ -->\n<title>GS-100V Lidar - Ghostysky<\/title>\n<meta name=\"description\" content=\"The Geosun GS-100V is a compact and lightweight high-precision 3D LiDAR scanning system that can be mounted on various platforms, including drones, vehicles, and handheld devices. It integrates a high-performance Hesai XT-16 laser scanner with a GNSS and IMU positioning system, enabling real-time, high-precision data acquisition and processing.\" \/>\n<meta name=\"robots\" content=\"index, follow, max-snippet:-1, max-image-preview:large, max-video-preview:-1\" \/>\n<link rel=\"canonical\" href=\"https:\/\/www.ghostysky.com\/es\/producto-2\/gs-100v-lidar\/\" \/>\n<meta property=\"og:locale\" content=\"es_ES\" \/>\n<meta property=\"og:type\" content=\"article\" \/>\n<meta property=\"og:title\" content=\"GS-100V Lidar - Ghostysky\" \/>\n<meta property=\"og:description\" content=\"The Geosun GS-100V is a compact and lightweight high-precision 3D LiDAR scanning system that can be mounted on various platforms, including drones, vehicles, and handheld devices. It integrates a high-performance Hesai XT-16 laser scanner with a GNSS and IMU positioning system, enabling real-time, high-precision data acquisition and processing.\" \/>\n<meta property=\"og:url\" content=\"https:\/\/www.ghostysky.com\/es\/producto-2\/gs-100v-lidar\/\" \/>\n<meta property=\"og:site_name\" content=\"Ghostysky\" \/>\n<meta property=\"article:publisher\" content=\"https:\/\/www.facebook.com\/people\/Ghostysky\/100057676170234\/\" \/>\n<meta property=\"article:modified_time\" content=\"2025-10-14T11:41:01+00:00\" \/>\n<meta property=\"og:image\" content=\"https:\/\/www.ghostysky.com\/wp-content\/uploads\/2024\/01\/Geosun_GS-100V_3.jpg\" \/>\n\t<meta property=\"og:image:width\" content=\"2781\" \/>\n\t<meta property=\"og:image:height\" content=\"2781\" \/>\n\t<meta property=\"og:image:type\" content=\"image\/jpeg\" \/>\n<meta name=\"twitter:card\" content=\"summary_large_image\" \/>\n<meta name=\"twitter:site\" content=\"@Gh0stysky\" \/>\n<meta name=\"twitter:label1\" content=\"Tiempo de lectura\" \/>\n\t<meta name=\"twitter:data1\" content=\"2 minutos\" \/>\n<script type=\"application\/ld+json\" class=\"yoast-schema-graph\">{\"@context\":\"https:\/\/schema.org\",\"@graph\":[{\"@type\":\"WebPage\",\"@id\":\"https:\/\/www.ghostysky.com\/product\/gs-100v-lidar\/\",\"url\":\"https:\/\/www.ghostysky.com\/product\/gs-100v-lidar\/\",\"name\":\"GS-100V Lidar - Ghostysky\",\"isPartOf\":{\"@id\":\"https:\/\/www.ghostysky.com\/#website\"},\"primaryImageOfPage\":{\"@id\":\"https:\/\/www.ghostysky.com\/product\/gs-100v-lidar\/#primaryimage\"},\"image\":{\"@id\":\"https:\/\/www.ghostysky.com\/product\/gs-100v-lidar\/#primaryimage\"},\"thumbnailUrl\":\"https:\/\/www.ghostysky.com\/wp-content\/uploads\/2024\/01\/Geosun_GS-100V_3.jpg\",\"datePublished\":\"2024-01-05T18:28:49+00:00\",\"dateModified\":\"2025-10-14T11:41:01+00:00\",\"description\":\"The Geosun GS-100V is a compact and lightweight high-precision 3D LiDAR scanning system that can be mounted on various platforms, including drones, vehicles, and handheld devices. It integrates a high-performance Hesai XT-16 laser scanner with a GNSS and IMU positioning system, enabling real-time, high-precision data acquisition and processing.\",\"breadcrumb\":{\"@id\":\"https:\/\/www.ghostysky.com\/product\/gs-100v-lidar\/#breadcrumb\"},\"inLanguage\":\"es\",\"potentialAction\":[{\"@type\":\"ReadAction\",\"target\":[\"https:\/\/www.ghostysky.com\/product\/gs-100v-lidar\/\"]}]},{\"@type\":\"ImageObject\",\"inLanguage\":\"es\",\"@id\":\"https:\/\/www.ghostysky.com\/product\/gs-100v-lidar\/#primaryimage\",\"url\":\"https:\/\/www.ghostysky.com\/wp-content\/uploads\/2024\/01\/Geosun_GS-100V_3.jpg\",\"contentUrl\":\"https:\/\/www.ghostysky.com\/wp-content\/uploads\/2024\/01\/Geosun_GS-100V_3.jpg\",\"width\":2781,\"height\":2781},{\"@type\":\"BreadcrumbList\",\"@id\":\"https:\/\/www.ghostysky.com\/product\/gs-100v-lidar\/#breadcrumb\",\"itemListElement\":[{\"@type\":\"ListItem\",\"position\":1,\"name\":\"Home\",\"item\":\"https:\/\/www.ghostysky.com\/\"},{\"@type\":\"ListItem\",\"position\":2,\"name\":\"Shop\",\"item\":\"https:\/\/www.ghostysky.com\/shop\/\"},{\"@type\":\"ListItem\",\"position\":3,\"name\":\"GS-100V Lidar\"}]},{\"@type\":\"WebSite\",\"@id\":\"https:\/\/www.ghostysky.com\/#website\",\"url\":\"https:\/\/www.ghostysky.com\/\",\"name\":\"Ghostysky\",\"description\":\"Delivering professional drones and services\",\"publisher\":{\"@id\":\"https:\/\/www.ghostysky.com\/#organization\"},\"potentialAction\":[{\"@type\":\"SearchAction\",\"target\":{\"@type\":\"EntryPoint\",\"urlTemplate\":\"https:\/\/www.ghostysky.com\/?s={search_term_string}\"},\"query-input\":{\"@type\":\"PropertyValueSpecification\",\"valueRequired\":true,\"valueName\":\"search_term_string\"}}],\"inLanguage\":\"es\"},{\"@type\":\"Organization\",\"@id\":\"https:\/\/www.ghostysky.com\/#organization\",\"name\":\"Ghostysky\",\"url\":\"https:\/\/www.ghostysky.com\/\",\"logo\":{\"@type\":\"ImageObject\",\"inLanguage\":\"es\",\"@id\":\"https:\/\/www.ghostysky.com\/#\/schema\/logo\/image\/\",\"url\":\"https:\/\/www.ghostysky.com\/wp-content\/uploads\/2020\/06\/cropped-ghostyskylogo_text_white2.png\",\"contentUrl\":\"https:\/\/www.ghostysky.com\/wp-content\/uploads\/2020\/06\/cropped-ghostyskylogo_text_white2.png\",\"width\":169,\"height\":56,\"caption\":\"Ghostysky\"},\"image\":{\"@id\":\"https:\/\/www.ghostysky.com\/#\/schema\/logo\/image\/\"},\"sameAs\":[\"https:\/\/www.facebook.com\/people\/Ghostysky\/100057676170234\/\",\"https:\/\/x.com\/Gh0stysky\",\"https:\/\/www.linkedin.com\/company\/34739653\",\"https:\/\/www.instagram.com\/gh0stysky\"]}]}<\/script>\n<!-- \/ Yoast SEO plugin. -->","yoast_head_json":{"title":"Lidar GS-100V - Ghostysky","description":"El Geosun GS-100V es un sistema de escaneo LiDAR 3D de alta precisi\u00f3n, compacto y liviano que se puede montar en varias plataformas, incluidos drones, veh\u00edculos y dispositivos port\u00e1tiles. Integra un esc\u00e1ner l\u00e1ser Hesai XT-16 de alto rendimiento con un sistema de posicionamiento GNSS e IMU, lo que permite la adquisici\u00f3n y el procesamiento de datos de alta precisi\u00f3n y en tiempo real.","robots":{"index":"index","follow":"follow","max-snippet":"max-snippet:-1","max-image-preview":"max-image-preview:large","max-video-preview":"max-video-preview:-1"},"canonical":"https:\/\/www.ghostysky.com\/es\/producto-2\/gs-100v-lidar\/","og_locale":"es_ES","og_type":"article","og_title":"GS-100V Lidar - Ghostysky","og_description":"The Geosun GS-100V is a compact and lightweight high-precision 3D LiDAR scanning system that can be mounted on various platforms, including drones, vehicles, and handheld devices. It integrates a high-performance Hesai XT-16 laser scanner with a GNSS and IMU positioning system, enabling real-time, high-precision data acquisition and processing.","og_url":"https:\/\/www.ghostysky.com\/es\/producto-2\/gs-100v-lidar\/","og_site_name":"Ghostysky","article_publisher":"https:\/\/www.facebook.com\/people\/Ghostysky\/100057676170234\/","article_modified_time":"2025-10-14T11:41:01+00:00","og_image":[{"width":2781,"height":2781,"url":"https:\/\/www.ghostysky.com\/wp-content\/uploads\/2024\/01\/Geosun_GS-100V_3.jpg","type":"image\/jpeg"}],"twitter_card":"summary_large_image","twitter_site":"@Gh0stysky","twitter_misc":{"Tiempo de lectura":"2 minutos"},"schema":{"@context":"https:\/\/schema.org","@graph":[{"@type":"WebPage","@id":"https:\/\/www.ghostysky.com\/product\/gs-100v-lidar\/","url":"https:\/\/www.ghostysky.com\/product\/gs-100v-lidar\/","name":"Lidar GS-100V - Ghostysky","isPartOf":{"@id":"https:\/\/www.ghostysky.com\/#website"},"primaryImageOfPage":{"@id":"https:\/\/www.ghostysky.com\/product\/gs-100v-lidar\/#primaryimage"},"image":{"@id":"https:\/\/www.ghostysky.com\/product\/gs-100v-lidar\/#primaryimage"},"thumbnailUrl":"https:\/\/www.ghostysky.com\/wp-content\/uploads\/2024\/01\/Geosun_GS-100V_3.jpg","datePublished":"2024-01-05T18:28:49+00:00","dateModified":"2025-10-14T11:41:01+00:00","description":"El Geosun GS-100V es un sistema de escaneo LiDAR 3D de alta precisi\u00f3n, compacto y liviano que se puede montar en varias plataformas, incluidos drones, veh\u00edculos y dispositivos port\u00e1tiles. Integra un esc\u00e1ner l\u00e1ser Hesai XT-16 de alto rendimiento con un sistema de posicionamiento GNSS e IMU, lo que permite la adquisici\u00f3n y el procesamiento de datos de alta precisi\u00f3n y en tiempo real.","breadcrumb":{"@id":"https:\/\/www.ghostysky.com\/product\/gs-100v-lidar\/#breadcrumb"},"inLanguage":"es","potentialAction":[{"@type":"ReadAction","target":["https:\/\/www.ghostysky.com\/product\/gs-100v-lidar\/"]}]},{"@type":"ImageObject","inLanguage":"es","@id":"https:\/\/www.ghostysky.com\/product\/gs-100v-lidar\/#primaryimage","url":"https:\/\/www.ghostysky.com\/wp-content\/uploads\/2024\/01\/Geosun_GS-100V_3.jpg","contentUrl":"https:\/\/www.ghostysky.com\/wp-content\/uploads\/2024\/01\/Geosun_GS-100V_3.jpg","width":2781,"height":2781},{"@type":"BreadcrumbList","@id":"https:\/\/www.ghostysky.com\/product\/gs-100v-lidar\/#breadcrumb","itemListElement":[{"@type":"ListItem","position":1,"name":"Home","item":"https:\/\/www.ghostysky.com\/"},{"@type":"ListItem","position":2,"name":"Shop","item":"https:\/\/www.ghostysky.com\/shop\/"},{"@type":"ListItem","position":3,"name":"GS-100V Lidar"}]},{"@type":"WebSite","@id":"https:\/\/www.ghostysky.com\/#website","url":"https:\/\/www.ghostysky.com\/","name":"Ghostysky","description":"Entrega de drones y servicios profesionales","publisher":{"@id":"https:\/\/www.ghostysky.com\/#organization"},"potentialAction":[{"@type":"SearchAction","target":{"@type":"EntryPoint","urlTemplate":"https:\/\/www.ghostysky.com\/?s={search_term_string}"},"query-input":{"@type":"PropertyValueSpecification","valueRequired":true,"valueName":"search_term_string"}}],"inLanguage":"es"},{"@type":"Organization","@id":"https:\/\/www.ghostysky.com\/#organization","name":"Ghostysky","url":"https:\/\/www.ghostysky.com\/","logo":{"@type":"ImageObject","inLanguage":"es","@id":"https:\/\/www.ghostysky.com\/#\/schema\/logo\/image\/","url":"https:\/\/www.ghostysky.com\/wp-content\/uploads\/2020\/06\/cropped-ghostyskylogo_text_white2.png","contentUrl":"https:\/\/www.ghostysky.com\/wp-content\/uploads\/2020\/06\/cropped-ghostyskylogo_text_white2.png","width":169,"height":56,"caption":"Ghostysky"},"image":{"@id":"https:\/\/www.ghostysky.com\/#\/schema\/logo\/image\/"},"sameAs":["https:\/\/www.facebook.com\/people\/Ghostysky\/100057676170234\/","https:\/\/x.com\/Gh0stysky","https:\/\/www.linkedin.com\/company\/34739653","https:\/\/www.instagram.com\/gh0stysky"]}]}},"_links":{"self":[{"href":"https:\/\/www.ghostysky.com\/es\/wp-json\/wp\/v2\/product\/15572","targetHints":{"allow":["GET"]}}],"collection":[{"href":"https:\/\/www.ghostysky.com\/es\/wp-json\/wp\/v2\/product"}],"about":[{"href":"https:\/\/www.ghostysky.com\/es\/wp-json\/wp\/v2\/types\/product"}],"replies":[{"embeddable":true,"href":"https:\/\/www.ghostysky.com\/es\/wp-json\/wp\/v2\/comments?post=15572"}],"wp:featuredmedia":[{"embeddable":true,"href":"https:\/\/www.ghostysky.com\/es\/wp-json\/wp\/v2\/media\/15574"}],"wp:attachment":[{"href":"https:\/\/www.ghostysky.com\/es\/wp-json\/wp\/v2\/media?parent=15572"}],"wp:term":[{"taxonomy":"product_brand","embeddable":true,"href":"https:\/\/www.ghostysky.com\/es\/wp-json\/wp\/v2\/product_brand?post=15572"},{"taxonomy":"product_cat","embeddable":true,"href":"https:\/\/www.ghostysky.com\/es\/wp-json\/wp\/v2\/product_cat?post=15572"},{"taxonomy":"product_tag","embeddable":true,"href":"https:\/\/www.ghostysky.com\/es\/wp-json\/wp\/v2\/product_tag?post=15572"}],"curies":[{"name":"wp","href":"https:\/\/api.w.org\/{rel}","templated":true}]}}