{"id":15585,"date":"2024-01-05T18:52:29","date_gmt":"2024-01-05T18:52:29","guid":{"rendered":"https:\/\/www.ghostysky.com\/?post_type=product&#038;p=15585"},"modified":"2025-10-14T11:43:31","modified_gmt":"2025-10-14T11:43:31","slug":"gs-130x-lidar","status":"publish","type":"product","link":"https:\/\/www.ghostysky.com\/es\/product\/gs-130x-lidar\/","title":{"rendered":"GS-130X Lidar (AGS302)"},"content":{"rendered":"<h3><strong>Sistema de escaneo LiDAR UAV Geosun gAirHawk serie GS-130X<\/strong><\/h3>\n<div dir=\"auto\">El sistema de escaneo LiDAR para drones GS-130X integra el sensor l\u00e1ser Hesai XT32 y todas las unidades integradas para crear una apariencia futurista para sus servicios diversificados de soluciones LiDAR. Destaca por su fuerte penetraci\u00f3n y peque\u00f1a divergencia del haz en la misma clase de sistema de escaneo lidar uav para ofrecer una mejor rendimiento en cualquier \u00e1rea de vegetaci\u00f3n.<\/div>\n<div dir=\"auto\">\n<h3><strong>Especificaci\u00f3n<\/strong><\/h3>\n<table border=\"1\" cellspacing=\"0\" cellpadding=\"0\">\n<tbody>\n<tr>\n<td colspan=\"3\">\n<table border=\"1\" cellspacing=\"0\" cellpadding=\"0\">\n<tbody>\n<tr>\n<td colspan=\"3\">\u00a0Sistema de escaneo UAV LiDAR gAirHawk GS-130X<\/td>\n<\/tr>\n<tr>\n<td><\/td>\n<td>Nombre del \u00e1rticulo<\/td>\n<td>Par\u00e1metros del sistema<\/td>\n<\/tr>\n<tr>\n<td rowspan=\"7\">GS-130XPar\u00e1metros<\/td>\n<td>Peso<\/td>\n<td>1,26 kilos<\/td>\n<\/tr>\n<tr>\n<td>Precisi\u00f3n de medici\u00f3n<\/td>\n<td>Menos de 0,1 m a 120 m<\/td>\n<\/tr>\n<tr>\n<td>Temperatura de trabajo<\/td>\n<td>-20\u2103~+65\u2103<\/td>\n<\/tr>\n<tr>\n<td>Rango de poder<\/td>\n<td>12V-24V<\/td>\n<\/tr>\n<tr>\n<td>Consumo<\/td>\n<td>10W<\/td>\n<\/tr>\n<tr>\n<td>Plataforma de transporte<\/td>\n<td>DJI M300 y drones de otras marcas<\/td>\n<\/tr>\n<tr>\n<td>Almacenamiento<\/td>\n<td>Almacenamiento de 64 GB, soporte m\u00e1ximo para tarjeta TF de 128 GB<\/td>\n<\/tr>\n<tr>\n<td rowspan=\"8\">Unidad Lidar<\/p>\n<p>&nbsp;<\/td>\n<td>Rango de medici\u00f3n<\/td>\n<td>0,3 m-120 m@10% Reflectividad<\/td>\n<\/tr>\n<tr>\n<td>Clase de l\u00e1ser<\/td>\n<td>905nm Clase 1 (IEC 60825-1:2014)<\/td>\n<\/tr>\n<tr>\n<td>Canal<\/td>\n<td>32 canales<\/td>\n<\/tr>\n<tr>\n<td>Precisi\u00f3n de rango<\/td>\n<td>\u00b11 cm (valor t\u00edpico)<\/td>\n<\/tr>\n<tr>\n<td>Frecuencia de escaneo<\/td>\n<td>10HZ, 20HZ<\/td>\n<\/tr>\n<tr>\n<td>datos<\/td>\n<td>Doble eco 1.280.000 puntos\/seg.<\/td>\n<\/tr>\n<tr>\n<td>campo de visi\u00f3n<\/td>\n<td>360\u00b0, ajustable<\/td>\n<\/tr>\n<tr>\n<td>Sensor l\u00e1ser<\/td>\n<td>HESAI XT32<\/td>\n<\/tr>\n<tr>\n<td rowspan=\"6\">Unidad POS<\/td>\n<td>Frecuencia de actualizaci\u00f3n<\/td>\n<td>200 Hz<\/td>\n<\/tr>\n<tr>\n<td>Liderear Punteria<\/td>\n<td>0,017\u00b0<\/td>\n<\/tr>\n<tr>\n<td>Precisi\u00f3n de tono<\/td>\n<td>0,005\u00b0<\/td>\n<\/tr>\n<tr>\n<td>Precisi\u00f3n de rodadura<\/td>\n<td>0,005\u00b0<\/td>\n<\/tr>\n<tr>\n<td>Precisi\u00f3n de posici\u00f3n<\/td>\n<td>\u22640,05 m<\/td>\n<\/tr>\n<tr>\n<td>Tipo de se\u00f1al GNSS<\/td>\n<td>GPSL1\/L2\/L5 GLONASL1\/L2 BDS B1\/B2\/B3 GAL E1\/E5a\/5b<\/td>\n<\/tr>\n<tr>\n<td rowspan=\"2\">Preprocesamiento<\/p>\n<p>software<\/td>\n<td>software de punto de venta<\/td>\n<td>Informaci\u00f3n de salida: posici\u00f3n, velocidad, actitud<\/td>\n<\/tr>\n<tr>\n<td>software de nube de puntos<\/td>\n<td>Formato de datos de nube de puntos de salida: formato LAS, formato TXT personalizado<\/td>\n<\/tr>\n<tr>\n<td rowspan=\"3\">C\u00e1mara (integrada)<\/td>\n<td>Longitud focal (mm)<\/td>\n<td>16<\/td>\n<\/tr>\n<tr>\n<td>campo de visi\u00f3n<\/td>\n<td>83 grados<\/td>\n<\/tr>\n<tr>\n<td>P\u00edxel efectivo<\/td>\n<td>26MP<\/td>\n<\/tr>\n<\/tbody>\n<\/table>\n<\/td>\n<\/tr>\n<\/tbody>\n<\/table>\n<p>&nbsp;<\/p>\n<p><strong>Paquete<\/strong><\/p>\n<p>El sistema de escaneo LiDAR UAV GS-130X se empaqueta en una maleta con un revestimiento de material EVA en el interior y luego se cubre con una caja de cart\u00f3n r\u00edgido.<\/p>\n<p>El paquete del sistema de escaneo UAV LiDAR es adecuado para env\u00edos a\u00e9reos y mar\u00edtimos.<\/p>\n<p><a href=\"https:\/\/www.ghostysky.com\/wp-content\/uploads\/2024\/01\/Geosun_GS-130X_Package_1.jpg\"><img fetchpriority=\"high\" decoding=\"async\" class=\"alignnone wp-image-15587 size-full lazyload\" src=\"datos:imagen\/gif;base64,R0lGODlhAQABAAAAACH5BAEKAAEALAAAAAABAAEAAAICTAEAOw==\" alt=\"\" width=\"680\" height=\"510\" data-src=\"datos:imagen\/gif;base64,R0lGODlhAQABAAAAACH5BAEKAAEALAAAAAABAAEAAAICTAEAOw==\"><\/a> <a href=\"https:\/\/www.ghostysky.com\/wp-content\/uploads\/2024\/01\/Geosun_GS-130X_Package_2.jpg\"><img decoding=\"async\" class=\"alignnone wp-image-15586 size-full lazyload\" src=\"datos:imagen\/gif;base64,R0lGODlhAQABAAAAACH5BAEKAAEALAAAAAABAAEAAAICTAEAOw==\" alt=\"\" width=\"680\" height=\"510\" data-src=\"datos:imagen\/gif;base64,R0lGODlhAQABAAAAACH5BAEKAAEALAAAAAABAAEAAAICTAEAOw==\"><\/a><\/p>\n<p><strong>Especificaciones de versiones de POS<\/strong><\/p>\n<table border=\"1\" cellspacing=\"0\" cellpadding=\"0\">\n<tbody>\n<tr>\n<td rowspan=\"8\">\u00a0Unidad POS 301<\/td>\n<td>Frecuencia de actualizaci\u00f3n<\/td>\n<td>200 Hz<\/td>\n<\/tr>\n<tr>\n<td>Liderear Punteria<\/td>\n<td>0.080\u00b0<\/td>\n<\/tr>\n<tr>\n<td>Precisi\u00f3n de tono<\/td>\n<td>0.025\u00b0<\/td>\n<\/tr>\n<tr>\n<td>Precisi\u00f3n de rodadura<\/td>\n<td>0.025\u00b0<\/td>\n<\/tr>\n<tr>\n<td>Precisi\u00f3n de posici\u00f3n<\/td>\n<td>\u22640,05 m<\/td>\n<\/tr>\n<tr>\n<td>Tipo de se\u00f1al GNSS<\/td>\n<td>GPSL1\/L2 GLONASSL1\/L2 BDS B1\/B2a\/B3<\/td>\n<\/tr>\n<tr>\n<td>Placa base GNSS<\/td>\n<td>Unicorecom<\/td>\n<\/tr>\n<tr>\n<td>Tipo de punto de venta<\/td>\n<td>AGS 301<\/td>\n<\/tr>\n<\/tbody>\n<\/table>\n<table border=\"1\" cellspacing=\"0\" cellpadding=\"0\">\n<tbody>\n<tr>\n<td rowspan=\"8\">Unidad POS 302<\/td>\n<td>Frecuencia de actualizaci\u00f3n<\/td>\n<td>200 Hz<\/td>\n<\/tr>\n<tr>\n<td>Liderear Punteria<\/td>\n<td>0,040\u00b0<\/td>\n<\/tr>\n<tr>\n<td>Precisi\u00f3n de tono<\/td>\n<td>0,015\u00b0<\/td>\n<\/tr>\n<tr>\n<td>Precisi\u00f3n de rodadura<\/td>\n<td>0,015\u00b0<\/td>\n<\/tr>\n<tr>\n<td>Precisi\u00f3n de posici\u00f3n<\/td>\n<td>\u22640,05 m<\/td>\n<\/tr>\n<tr>\n<td>Tipo de se\u00f1al GNSS<\/td>\n<td>GPSL1\/L2 GLONASSL1\/L2 BDS B1\/B2a\/B3<\/td>\n<\/tr>\n<tr>\n<td>Placa base GNSS<\/td>\n<td>OEM 719<\/td>\n<\/tr>\n<tr>\n<td>Tipo de punto de venta<\/td>\n<td>AG 302<\/td>\n<\/tr>\n<\/tbody>\n<\/table>\n<table border=\"1\" cellspacing=\"0\" cellpadding=\"0\">\n<tbody>\n<tr>\n<td rowspan=\"8\">Unidad POS 303<\/td>\n<td>Frecuencia de actualizaci\u00f3n<\/td>\n<td>200 Hz<\/td>\n<\/tr>\n<tr>\n<td>Liderear Punteria<\/td>\n<td>0,017\u00b0<\/td>\n<\/tr>\n<tr>\n<td>Precisi\u00f3n de tono<\/td>\n<td>0,005\u00b0<\/td>\n<\/tr>\n<tr>\n<td>Precisi\u00f3n de rodadura<\/td>\n<td>0,005\u00b0<\/td>\n<\/tr>\n<tr>\n<td>Precisi\u00f3n de posici\u00f3n<\/td>\n<td>\u22640,05 m<\/td>\n<\/tr>\n<tr>\n<td>Tipo de se\u00f1al GNSS<\/td>\n<td>GPSL1\/L2 GLONASSL1\/L2 BDS B1\/B2a\/B3<\/td>\n<\/tr>\n<tr>\n<td>Placa base GNSS<\/td>\n<td>OEM 719<\/td>\n<\/tr>\n<tr>\n<td>Tipo de punto de venta<\/td>\n<td>AGS 303<\/td>\n<\/tr>\n<\/tbody>\n<\/table>\n<\/div>","protected":false},"excerpt":{"rendered":"<p>El <strong>Geosun GS-130X<\/strong> es un sistema de escaneo LiDAR compacto y liviano que se puede montar en un UAV y est\u00e1 dise\u00f1ado para recopilar datos 3D detallados desde perspectivas a\u00e9reas. Integra un esc\u00e1ner l\u00e1ser Hesai XT-32 de alto rendimiento con un sistema de posicionamiento GNSS e IMU, lo que permite realizar mapeos y topograf\u00edas de alta precisi\u00f3n en tiempo real desde drones.<\/p>\n<p><strong>Caracter\u00edsticas clave<\/strong><\/p>\n<ul>\n<li>Dise\u00f1o ligero y compacto<\/li>\n<li>Tanto la soluci\u00f3n m\u00f3vil como la a\u00e9rea est\u00e1n disponibles<\/li>\n<li>Hasta 1.280.000 puntos por segundo (devoluciones duales)<\/li>\n<li>Divergencia del haz de 0,03\u00b0\u00d70,03\u00b0<\/li>\n<li>POS AGS302<\/li>\n<\/ul>\n<p><strong>Incluido<\/strong><\/p>\n<ul>\n<li>Sensor l\u00e1ser: Hesai XT-32<\/li>\n<li>Sistema POS: Geosun AGS 302 (GNSS + IMU)<\/li>\n<li>C\u00e1mara: C\u00e1mara RGB de 26M p\u00edxeles<\/li>\n<li>Software: software de posprocesamiento gAirHawk (Pepertual<br \/>\nlicencia)<\/li>\n<\/ul>\n<p><strong>Compatibilidad:<\/strong> DJI Matrice 300\/350 RTK y Yuneec H850RTK<\/p>","protected":false},"featured_media":15588,"comment_status":"open","ping_status":"closed","template":"","meta":[],"product_brand":[],"product_cat":[650,705],"product_tag":[658,651,657,401],"class_list":{"0":"post-15585","1":"product","2":"type-product","3":"status-publish","4":"has-post-thumbnail","6":"product_cat-geosun","7":"product_cat-sensors","8":"product_tag-ags302","9":"product_tag-geosun","10":"product_tag-gs-130x","11":"product_tag-lidar","13":"first","14":"onbackorder","15":"taxable","16":"shipping-taxable","17":"purchasable","18":"product-type-simple"},"yoast_head":"<!-- This site is optimized with the Yoast SEO plugin v27.4 - https:\/\/yoast.com\/product\/yoast-seo-wordpress\/ -->\n<title>GS-130X Lidar (AGS302) - Ghostysky<\/title>\n<meta name=\"description\" content=\"The Geosun GS-130X is a compact and lightweight UAV-mountable LiDAR scanning system designed for collecting detailed 3D data from aerial perspectives. It integrates a high-performance Hesai XT-32 laser scanner with a GNSS and IMU positioning system, enabling real-time, high-precision mapping and surveying from drones.\" \/>\n<meta name=\"robots\" content=\"index, follow, max-snippet:-1, max-image-preview:large, max-video-preview:-1\" \/>\n<link rel=\"canonical\" href=\"https:\/\/www.ghostysky.com\/es\/producto-2\/gs-130x-lidar\/\" \/>\n<meta property=\"og:locale\" content=\"es_ES\" \/>\n<meta property=\"og:type\" content=\"article\" \/>\n<meta property=\"og:title\" content=\"GS-130X Lidar (AGS302) - Ghostysky\" \/>\n<meta property=\"og:description\" content=\"The Geosun GS-130X is a compact and lightweight UAV-mountable LiDAR scanning system designed for collecting detailed 3D data from aerial perspectives. It integrates a high-performance Hesai XT-32 laser scanner with a GNSS and IMU positioning system, enabling real-time, high-precision mapping and surveying from drones.\" \/>\n<meta property=\"og:url\" content=\"https:\/\/www.ghostysky.com\/es\/producto-2\/gs-130x-lidar\/\" \/>\n<meta property=\"og:site_name\" content=\"Ghostysky\" \/>\n<meta property=\"article:publisher\" content=\"https:\/\/www.facebook.com\/people\/Ghostysky\/100057676170234\/\" \/>\n<meta property=\"article:modified_time\" content=\"2025-10-14T11:43:31+00:00\" \/>\n<meta property=\"og:image\" content=\"https:\/\/www.ghostysky.com\/wp-content\/uploads\/2024\/01\/Geosun_GS-130X_4-scaled.jpg\" \/>\n\t<meta property=\"og:image:width\" content=\"2902\" \/>\n\t<meta property=\"og:image:height\" content=\"2814\" \/>\n\t<meta property=\"og:image:type\" content=\"image\/jpeg\" \/>\n<meta name=\"twitter:card\" content=\"summary_large_image\" \/>\n<meta name=\"twitter:site\" content=\"@Gh0stysky\" \/>\n<meta name=\"twitter:label1\" content=\"Tiempo de lectura\" \/>\n\t<meta name=\"twitter:data1\" content=\"2 minutos\" \/>\n<script type=\"application\/ld+json\" class=\"yoast-schema-graph\">{\"@context\":\"https:\\\/\\\/schema.org\",\"@graph\":[{\"@type\":\"WebPage\",\"@id\":\"https:\\\/\\\/www.ghostysky.com\\\/product\\\/gs-130x-lidar\\\/\",\"url\":\"https:\\\/\\\/www.ghostysky.com\\\/product\\\/gs-130x-lidar\\\/\",\"name\":\"GS-130X Lidar (AGS302) - Ghostysky\",\"isPartOf\":{\"@id\":\"https:\\\/\\\/www.ghostysky.com\\\/#website\"},\"primaryImageOfPage\":{\"@id\":\"https:\\\/\\\/www.ghostysky.com\\\/product\\\/gs-130x-lidar\\\/#primaryimage\"},\"image\":{\"@id\":\"https:\\\/\\\/www.ghostysky.com\\\/product\\\/gs-130x-lidar\\\/#primaryimage\"},\"thumbnailUrl\":\"https:\\\/\\\/www.ghostysky.com\\\/wp-content\\\/uploads\\\/2024\\\/01\\\/Geosun_GS-130X_4-scaled.jpg\",\"datePublished\":\"2024-01-05T18:52:29+00:00\",\"dateModified\":\"2025-10-14T11:43:31+00:00\",\"description\":\"The Geosun GS-130X is a compact and lightweight UAV-mountable LiDAR scanning system designed for collecting detailed 3D data from aerial perspectives. It integrates a high-performance Hesai XT-32 laser scanner with a GNSS and IMU positioning system, enabling real-time, high-precision mapping and surveying from drones.\",\"breadcrumb\":{\"@id\":\"https:\\\/\\\/www.ghostysky.com\\\/product\\\/gs-130x-lidar\\\/#breadcrumb\"},\"inLanguage\":\"es\",\"potentialAction\":[{\"@type\":\"ReadAction\",\"target\":[\"https:\\\/\\\/www.ghostysky.com\\\/product\\\/gs-130x-lidar\\\/\"]}]},{\"@type\":\"ImageObject\",\"inLanguage\":\"es\",\"@id\":\"https:\\\/\\\/www.ghostysky.com\\\/product\\\/gs-130x-lidar\\\/#primaryimage\",\"url\":\"https:\\\/\\\/www.ghostysky.com\\\/wp-content\\\/uploads\\\/2024\\\/01\\\/Geosun_GS-130X_4-scaled.jpg\",\"contentUrl\":\"https:\\\/\\\/www.ghostysky.com\\\/wp-content\\\/uploads\\\/2024\\\/01\\\/Geosun_GS-130X_4-scaled.jpg\",\"width\":2902,\"height\":2814},{\"@type\":\"BreadcrumbList\",\"@id\":\"https:\\\/\\\/www.ghostysky.com\\\/product\\\/gs-130x-lidar\\\/#breadcrumb\",\"itemListElement\":[{\"@type\":\"ListItem\",\"position\":1,\"name\":\"Home\",\"item\":\"https:\\\/\\\/www.ghostysky.com\\\/\"},{\"@type\":\"ListItem\",\"position\":2,\"name\":\"Shop\",\"item\":\"https:\\\/\\\/www.ghostysky.com\\\/shop\\\/\"},{\"@type\":\"ListItem\",\"position\":3,\"name\":\"GS-130X Lidar (AGS302)\"}]},{\"@type\":\"WebSite\",\"@id\":\"https:\\\/\\\/www.ghostysky.com\\\/#website\",\"url\":\"https:\\\/\\\/www.ghostysky.com\\\/\",\"name\":\"Ghostysky\",\"description\":\"Delivering professional drones and robotics solutions\",\"publisher\":{\"@id\":\"https:\\\/\\\/www.ghostysky.com\\\/#organization\"},\"potentialAction\":[{\"@type\":\"SearchAction\",\"target\":{\"@type\":\"EntryPoint\",\"urlTemplate\":\"https:\\\/\\\/www.ghostysky.com\\\/?s={search_term_string}\"},\"query-input\":{\"@type\":\"PropertyValueSpecification\",\"valueRequired\":true,\"valueName\":\"search_term_string\"}}],\"inLanguage\":\"es\"},{\"@type\":\"Organization\",\"@id\":\"https:\\\/\\\/www.ghostysky.com\\\/#organization\",\"name\":\"Ghostysky\",\"url\":\"https:\\\/\\\/www.ghostysky.com\\\/\",\"logo\":{\"@type\":\"ImageObject\",\"inLanguage\":\"es\",\"@id\":\"https:\\\/\\\/www.ghostysky.com\\\/#\\\/schema\\\/logo\\\/image\\\/\",\"url\":\"https:\\\/\\\/www.ghostysky.com\\\/wp-content\\\/uploads\\\/2020\\\/06\\\/cropped-ghostyskylogo_text_white2.png\",\"contentUrl\":\"https:\\\/\\\/www.ghostysky.com\\\/wp-content\\\/uploads\\\/2020\\\/06\\\/cropped-ghostyskylogo_text_white2.png\",\"width\":169,\"height\":56,\"caption\":\"Ghostysky\"},\"image\":{\"@id\":\"https:\\\/\\\/www.ghostysky.com\\\/#\\\/schema\\\/logo\\\/image\\\/\"},\"sameAs\":[\"https:\\\/\\\/www.facebook.com\\\/people\\\/Ghostysky\\\/100057676170234\\\/\",\"https:\\\/\\\/x.com\\\/Gh0stysky\",\"https:\\\/\\\/www.linkedin.com\\\/company\\\/34739653\",\"https:\\\/\\\/www.instagram.com\\\/gh0stysky\"]}]}<\/script>\n<!-- \/ Yoast SEO plugin. -->","yoast_head_json":{"title":"Lidar GS-130X (AGS302) - Ghostysky","description":"El Geosun GS-130X es un sistema de escaneo LiDAR compacto y liviano que se puede montar en un UAV y est\u00e1 dise\u00f1ado para recopilar datos 3D detallados desde perspectivas a\u00e9reas. Integra un esc\u00e1ner l\u00e1ser Hesai XT-32 de alto rendimiento con un sistema de posicionamiento GNSS e IMU, lo que permite realizar mapeos y topograf\u00edas de alta precisi\u00f3n en tiempo real desde drones.","robots":{"index":"index","follow":"follow","max-snippet":"max-snippet:-1","max-image-preview":"max-image-preview:large","max-video-preview":"max-video-preview:-1"},"canonical":"https:\/\/www.ghostysky.com\/es\/producto-2\/gs-130x-lidar\/","og_locale":"es_ES","og_type":"article","og_title":"GS-130X Lidar (AGS302) - Ghostysky","og_description":"The Geosun GS-130X is a compact and lightweight UAV-mountable LiDAR scanning system designed for collecting detailed 3D data from aerial perspectives. It integrates a high-performance Hesai XT-32 laser scanner with a GNSS and IMU positioning system, enabling real-time, high-precision mapping and surveying from drones.","og_url":"https:\/\/www.ghostysky.com\/es\/producto-2\/gs-130x-lidar\/","og_site_name":"Ghostysky","article_publisher":"https:\/\/www.facebook.com\/people\/Ghostysky\/100057676170234\/","article_modified_time":"2025-10-14T11:43:31+00:00","og_image":[{"width":2902,"height":2814,"url":"https:\/\/www.ghostysky.com\/wp-content\/uploads\/2024\/01\/Geosun_GS-130X_4-scaled.jpg","type":"image\/jpeg"}],"twitter_card":"summary_large_image","twitter_site":"@Gh0stysky","twitter_misc":{"Tiempo de lectura":"2 minutos"},"schema":{"@context":"https:\/\/schema.org","@graph":[{"@type":"WebPage","@id":"https:\/\/www.ghostysky.com\/product\/gs-130x-lidar\/","url":"https:\/\/www.ghostysky.com\/product\/gs-130x-lidar\/","name":"Lidar GS-130X (AGS302) - Ghostysky","isPartOf":{"@id":"https:\/\/www.ghostysky.com\/#website"},"primaryImageOfPage":{"@id":"https:\/\/www.ghostysky.com\/product\/gs-130x-lidar\/#primaryimage"},"image":{"@id":"https:\/\/www.ghostysky.com\/product\/gs-130x-lidar\/#primaryimage"},"thumbnailUrl":"https:\/\/www.ghostysky.com\/wp-content\/uploads\/2024\/01\/Geosun_GS-130X_4-scaled.jpg","datePublished":"2024-01-05T18:52:29+00:00","dateModified":"2025-10-14T11:43:31+00:00","description":"El Geosun GS-130X es un sistema de escaneo LiDAR compacto y liviano que se puede montar en un UAV y est\u00e1 dise\u00f1ado para recopilar datos 3D detallados desde perspectivas a\u00e9reas. Integra un esc\u00e1ner l\u00e1ser Hesai XT-32 de alto rendimiento con un sistema de posicionamiento GNSS e IMU, lo que permite realizar mapeos y topograf\u00edas de alta precisi\u00f3n en tiempo real desde drones.","breadcrumb":{"@id":"https:\/\/www.ghostysky.com\/product\/gs-130x-lidar\/#breadcrumb"},"inLanguage":"es","potentialAction":[{"@type":"ReadAction","target":["https:\/\/www.ghostysky.com\/product\/gs-130x-lidar\/"]}]},{"@type":"ImageObject","inLanguage":"es","@id":"https:\/\/www.ghostysky.com\/product\/gs-130x-lidar\/#primaryimage","url":"https:\/\/www.ghostysky.com\/wp-content\/uploads\/2024\/01\/Geosun_GS-130X_4-scaled.jpg","contentUrl":"https:\/\/www.ghostysky.com\/wp-content\/uploads\/2024\/01\/Geosun_GS-130X_4-scaled.jpg","width":2902,"height":2814},{"@type":"BreadcrumbList","@id":"https:\/\/www.ghostysky.com\/product\/gs-130x-lidar\/#breadcrumb","itemListElement":[{"@type":"ListItem","position":1,"name":"Home","item":"https:\/\/www.ghostysky.com\/"},{"@type":"ListItem","position":2,"name":"Shop","item":"https:\/\/www.ghostysky.com\/shop\/"},{"@type":"ListItem","position":3,"name":"GS-130X Lidar (AGS302)"}]},{"@type":"WebSite","@id":"https:\/\/www.ghostysky.com\/#website","url":"https:\/\/www.ghostysky.com\/","name":"Ghostysky","description":"Ofrecemos soluciones profesionales de drones y rob\u00f3tica.","publisher":{"@id":"https:\/\/www.ghostysky.com\/#organization"},"potentialAction":[{"@type":"SearchAction","target":{"@type":"EntryPoint","urlTemplate":"https:\/\/www.ghostysky.com\/?s={search_term_string}"},"query-input":{"@type":"PropertyValueSpecification","valueRequired":true,"valueName":"search_term_string"}}],"inLanguage":"es"},{"@type":"Organization","@id":"https:\/\/www.ghostysky.com\/#organization","name":"Ghostysky","url":"https:\/\/www.ghostysky.com\/","logo":{"@type":"ImageObject","inLanguage":"es","@id":"https:\/\/www.ghostysky.com\/#\/schema\/logo\/image\/","url":"https:\/\/www.ghostysky.com\/wp-content\/uploads\/2020\/06\/cropped-ghostyskylogo_text_white2.png","contentUrl":"https:\/\/www.ghostysky.com\/wp-content\/uploads\/2020\/06\/cropped-ghostyskylogo_text_white2.png","width":169,"height":56,"caption":"Ghostysky"},"image":{"@id":"https:\/\/www.ghostysky.com\/#\/schema\/logo\/image\/"},"sameAs":["https:\/\/www.facebook.com\/people\/Ghostysky\/100057676170234\/","https:\/\/x.com\/Gh0stysky","https:\/\/www.linkedin.com\/company\/34739653","https:\/\/www.instagram.com\/gh0stysky"]}]}},"_links":{"self":[{"href":"https:\/\/www.ghostysky.com\/es\/wp-json\/wp\/v2\/product\/15585","targetHints":{"allow":["GET"]}}],"collection":[{"href":"https:\/\/www.ghostysky.com\/es\/wp-json\/wp\/v2\/product"}],"about":[{"href":"https:\/\/www.ghostysky.com\/es\/wp-json\/wp\/v2\/types\/product"}],"replies":[{"embeddable":true,"href":"https:\/\/www.ghostysky.com\/es\/wp-json\/wp\/v2\/comments?post=15585"}],"version-history":[{"count":0,"href":"https:\/\/www.ghostysky.com\/es\/wp-json\/wp\/v2\/product\/15585\/revisions"}],"wp:featuredmedia":[{"embeddable":true,"href":"https:\/\/www.ghostysky.com\/es\/wp-json\/wp\/v2\/media\/15588"}],"wp:attachment":[{"href":"https:\/\/www.ghostysky.com\/es\/wp-json\/wp\/v2\/media?parent=15585"}],"wp:term":[{"taxonomy":"product_brand","embeddable":true,"href":"https:\/\/www.ghostysky.com\/es\/wp-json\/wp\/v2\/product_brand?post=15585"},{"taxonomy":"product_cat","embeddable":true,"href":"https:\/\/www.ghostysky.com\/es\/wp-json\/wp\/v2\/product_cat?post=15585"},{"taxonomy":"product_tag","embeddable":true,"href":"https:\/\/www.ghostysky.com\/es\/wp-json\/wp\/v2\/product_tag?post=15585"}],"curies":[{"name":"wp","href":"https:\/\/api.w.org\/{rel}","templated":true}]}}