{"id":15945,"date":"2024-02-10T09:39:55","date_gmt":"2024-02-10T09:39:55","guid":{"rendered":"https:\/\/www.ghostysky.com\/?post_type=product&#038;p=15945"},"modified":"2024-11-13T09:42:23","modified_gmt":"2024-11-13T09:42:23","slug":"gm-single-user-floating-license","status":"publish","type":"product","link":"https:\/\/www.ghostysky.com\/es\/product\/gm-single-user-floating-license\/","title":{"rendered":"Usuario \u00fanico de GM: licencia flotante"},"content":{"rendered":"<h3 data-sourcepos=\"8:1-8:63\">Global Mapper Standard es una excelente opci\u00f3n para usuarios que necesitan:<\/h3>\n<ul data-sourcepos=\"10:1-10:1\">\n<li data-sourcepos=\"10:1-10:1\">Visualizar y analizar datos geoespaciales<\/li>\n<li data-sourcepos=\"11:1-11:25\">Crear mapas e informes.<\/li>\n<li data-sourcepos=\"12:1-12:37\">Editar y manipular datos geoespaciales<\/li>\n<li data-sourcepos=\"13:1-14:0\">Realizar tareas SIG b\u00e1sicas<\/li>\n<\/ul>\n<h3>Est\u00e1ndar global del mapeador<\/h3>\n<hr \/>\n<p class=\"feature_heading\"><strong>La licencia est\u00e1ndar incluye:<\/strong><\/p>\n<div>\n<div class=\"row\">\n<div>\n<div><img decoding=\"async\" src=\"data:image\/gif;base64,R0lGODlhAQABAAAAACH5BAEKAAEALAAAAAABAAEAAAICTAEAOw==\" class=\"lazyload\" data-src=\"https:\/\/www.bluemarblegeo.com\/wp-content\/uploads\/2023\/09\/blue-check.svg\"> Soporte para importar y exportar m\u00e1s de 300 formatos de archivo<\/div>\n<\/div>\n<\/div>\n<div class=\"row\">\n<div>\n<div><img decoding=\"async\" src=\"data:image\/gif;base64,R0lGODlhAQABAAAAACH5BAEKAAEALAAAAAABAAEAAAICTAEAOw==\" class=\"lazyload\" data-src=\"https:\/\/www.bluemarblegeo.com\/wp-content\/uploads\/2023\/09\/blue-check.svg\"> Acceso a fuentes de datos en l\u00ednea para transmisi\u00f3n de im\u00e1genes, mapas base, terreno y datos vectoriales<\/div>\n<\/div>\n<\/div>\n<div class=\"row\">\n<div>\n<div><img decoding=\"async\" src=\"data:image\/gif;base64,R0lGODlhAQABAAAAACH5BAEKAAEALAAAAAABAAEAAAICTAEAOw==\" class=\"lazyload\" data-src=\"https:\/\/www.bluemarblegeo.com\/wp-content\/uploads\/2023\/09\/blue-check.svg\"> Dibujo vectorial, edici\u00f3n, an\u00e1lisis y operaciones espaciales.<\/div>\n<\/div>\n<\/div>\n<div class=\"row\">\n<div>\n<div><img decoding=\"async\" src=\"data:image\/gif;base64,R0lGODlhAQABAAAAACH5BAEKAAEALAAAAAABAAEAAAICTAEAOw==\" class=\"lazyload\" data-src=\"https:\/\/www.bluemarblegeo.com\/wp-content\/uploads\/2023\/09\/blue-check.svg\"> Edici\u00f3n, uni\u00f3n, c\u00e1lculo, representaci\u00f3n gr\u00e1fica y consulta de atributos<\/div>\n<\/div>\n<\/div>\n<div class=\"row\">\n<div>\n<div><img decoding=\"async\" src=\"data:image\/gif;base64,R0lGODlhAQABAAAAACH5BAEKAAEALAAAAAABAAEAAAICTAEAOw==\" class=\"lazyload\" data-src=\"https:\/\/www.bluemarblegeo.com\/wp-content\/uploads\/2023\/09\/blue-check.svg\"> Mapeo tem\u00e1tico y coropl\u00e9tico.<\/div>\n<\/div>\n<\/div>\n<div class=\"row\">\n<div>\n<div><img decoding=\"async\" src=\"data:image\/gif;base64,R0lGODlhAQABAAAAACH5BAEKAAEALAAAAAABAAEAAAICTAEAOw==\" class=\"lazyload\" data-src=\"https:\/\/www.bluemarblegeo.com\/wp-content\/uploads\/2023\/09\/blue-check.svg\"> Dise\u00f1o de mapas y maquetaci\u00f3n preimpresa.<\/div>\n<\/div>\n<\/div>\n<div class=\"row\">\n<div>\n<div><img decoding=\"async\" src=\"data:image\/gif;base64,R0lGODlhAQABAAAAACH5BAEKAAEALAAAAAABAAEAAAICTAEAOw==\" class=\"lazyload\" data-src=\"https:\/\/www.bluemarblegeo.com\/wp-content\/uploads\/2023\/09\/blue-check.svg\"> Visualizaci\u00f3n lidar, filtrado y edici\u00f3n manual<\/div>\n<\/div>\n<\/div>\n<div class=\"row\">\n<div>\n<div><img decoding=\"async\" src=\"data:image\/gif;base64,R0lGODlhAQABAAAAACH5BAEKAAEALAAAAAABAAEAAAICTAEAOw==\" class=\"lazyload\" data-src=\"https:\/\/www.bluemarblegeo.com\/wp-content\/uploads\/2023\/09\/blue-check.svg\"> Creaci\u00f3n y modificaci\u00f3n del terreno.<\/div>\n<\/div>\n<\/div>\n<div class=\"row\">\n<div>\n<div><img decoding=\"async\" src=\"data:image\/gif;base64,R0lGODlhAQABAAAAACH5BAEKAAEALAAAAAABAAEAAAICTAEAOw==\" class=\"lazyload\" data-src=\"https:\/\/www.bluemarblegeo.com\/wp-content\/uploads\/2023\/09\/blue-check.svg\"> An\u00e1lisis del terreno, incluida generaci\u00f3n de contornos, l\u00ednea de visi\u00f3n, cuenca visual, cuenca hidrogr\u00e1fica y simulaci\u00f3n de inundaciones.<\/div>\n<\/div>\n<\/div>\n<div class=\"row\">\n<div>\n<div><img decoding=\"async\" src=\"data:image\/gif;base64,R0lGODlhAQABAAAAACH5BAEKAAEALAAAAAABAAEAAAICTAEAOw==\" class=\"lazyload\" data-src=\"https:\/\/www.bluemarblegeo.com\/wp-content\/uploads\/2023\/09\/blue-check.svg\"> C\u00e1lculo de volumen, estimaci\u00f3n del volumen de pilotes, an\u00e1lisis de desmonte y terrapl\u00e9n y detecci\u00f3n de cambios<\/div>\n<\/div>\n<\/div>\n<div class=\"row\">\n<div>\n<div><img decoding=\"async\" src=\"data:image\/gif;base64,R0lGODlhAQABAAAAACH5BAEKAAEALAAAAAABAAEAAAICTAEAOw==\" class=\"lazyload\" data-src=\"https:\/\/www.bluemarblegeo.com\/wp-content\/uploads\/2023\/09\/blue-check.svg\"> Visualizaci\u00f3n 3D inmersiva, creaci\u00f3n y edici\u00f3n de datos 3D, grabaci\u00f3n en vuelo y animaci\u00f3n de capas.<\/div>\n<\/div>\n<\/div>\n<div class=\"row\">\n<div>\n<div><img decoding=\"async\" src=\"data:image\/gif;base64,R0lGODlhAQABAAAAACH5BAEKAAEALAAAAAABAAEAAAICTAEAOw==\" class=\"lazyload\" data-src=\"https:\/\/www.bluemarblegeo.com\/wp-content\/uploads\/2023\/09\/blue-check.svg\"> Rectificaci\u00f3n de imagen<\/div>\n<\/div>\n<\/div>\n<div class=\"row\">\n<div>\n<div><img decoding=\"async\" src=\"data:image\/gif;base64,R0lGODlhAQABAAAAACH5BAEKAAEALAAAAAABAAEAAAICTAEAOw==\" class=\"lazyload\" data-src=\"https:\/\/www.bluemarblegeo.com\/wp-content\/uploads\/2023\/09\/blue-check.svg\"> Mezcla de im\u00e1genes, difuminado, recorte y enfoque panor\u00e1mico<\/div>\n<\/div>\n<\/div>\n<div class=\"row\">\n<div>\n<div><img decoding=\"async\" src=\"data:image\/gif;base64,R0lGODlhAQABAAAAACH5BAEKAAEALAAAAAABAAEAAAICTAEAOw==\" class=\"lazyload\" data-src=\"https:\/\/www.bluemarblegeo.com\/wp-content\/uploads\/2023\/09\/blue-check.svg\"> Reclasificaci\u00f3n de im\u00e1genes y r\u00e1ster.<\/div>\n<\/div>\n<\/div>\n<div class=\"row\">\n<div>\n<div><img decoding=\"async\" src=\"data:image\/gif;base64,R0lGODlhAQABAAAAACH5BAEKAAEALAAAAAABAAEAAAICTAEAOw==\" class=\"lazyload\" data-src=\"https:\/\/www.bluemarblegeo.com\/wp-content\/uploads\/2023\/09\/blue-check.svg\"> C\u00e1lculo r\u00e1ster que incluye NDVI, NDWI, NBR y f\u00f3rmulas personalizadas<\/div>\n<\/div>\n<\/div>\n<div class=\"row\">\n<div>\n<div><img decoding=\"async\" src=\"data:image\/gif;base64,R0lGODlhAQABAAAAACH5BAEKAAEALAAAAAABAAEAAAICTAEAOw==\" class=\"lazyload\" data-src=\"https:\/\/www.bluemarblegeo.com\/wp-content\/uploads\/2023\/09\/blue-check.svg\"> Geocodificaci\u00f3n de direcciones<\/div>\n<\/div>\n<\/div>\n<div class=\"row\">\n<div>\n<div><img decoding=\"async\" src=\"data:image\/gif;base64,R0lGODlhAQABAAAAACH5BAEKAAEALAAAAAABAAEAAAICTAEAOw==\" class=\"lazyload\" data-src=\"https:\/\/www.bluemarblegeo.com\/wp-content\/uploads\/2023\/09\/blue-check.svg\"> Conversi\u00f3n de archivos por lotes y automatizaci\u00f3n del flujo de trabajo con scripts de Global Mapper<\/div>\n<\/div>\n<\/div>\n<div class=\"row\">\n<div>\n<div><img decoding=\"async\" src=\"data:image\/gif;base64,R0lGODlhAQABAAAAACH5BAEKAAEALAAAAAABAAEAAAICTAEAOw==\" class=\"lazyload\" data-src=\"https:\/\/www.bluemarblegeo.com\/wp-content\/uploads\/2023\/09\/blue-check.svg\"> Integraci\u00f3n con la aplicaci\u00f3n m\u00f3vil Global Mapper<\/div>\n<\/div>\n<\/div>\n<div class=\"row\">\n<div>\n<div><img decoding=\"async\" src=\"data:image\/gif;base64,R0lGODlhAQABAAAAACH5BAEKAAEALAAAAAABAAEAAAICTAEAOw==\" class=\"lazyload\" data-src=\"https:\/\/www.bluemarblegeo.com\/wp-content\/uploads\/2023\/09\/blue-check.svg\"> Soporte GPS para seguimiento y recopilaci\u00f3n de datos.<\/div>\n<\/div>\n<\/div>\n<div class=\"row\">\n<div>\n<div><img decoding=\"async\" src=\"data:image\/gif;base64,R0lGODlhAQABAAAAACH5BAEKAAEALAAAAAABAAEAAAICTAEAOw==\" class=\"lazyload\" data-src=\"https:\/\/www.bluemarblegeo.com\/wp-content\/uploads\/2023\/09\/blue-check.svg\"> Mezcla de im\u00e1genes, difuminado, coincidencia de histogramas, recorte y enfoque panor\u00e1mico<\/div>\n<\/div>\n<\/div>\n<\/div>","protected":false},"excerpt":{"rendered":"<div class=\"avatar-gutter ng-tns-c3609015057-52 ng-star-inserted\">\n<div class=\"gutter ng-star-inserted\"><strong>Est\u00e1ndar global del mapeador<\/strong> es un software de sistema de informaci\u00f3n geogr\u00e1fica (SIG) f\u00e1cil de usar dise\u00f1ado tanto para principiantes como para usuarios experimentados. Ofrece una amplia gama de funciones para trabajar con datos geoespaciales, que incluyen:<\/div>\n<\/div>\n<div class=\"response-container-content ng-tns-c3609015057-52\">\n<div class=\"response-content ng-trigger ng-trigger-responsePopulation ng-tns-c3609015057-52 ng-animate-disabled\">\n<div class=\"markdown markdown-main-panel ui-v2-enabled\" dir=\"ltr\">\n<ul>\n<li class=\"animating\" data-sourcepos=\"3:1-3:57\"><span class=\"animating\">Importar y exportar m\u00e1s de 300 formatos de archivos diferentes<\/span><\/li>\n<li class=\"animating\" data-sourcepos=\"4:1-4:85\"><span class=\"animating\">Acceso a fuentes de datos en l\u00ednea para\u00a0<\/span><span class=\"citation-0 animating\">im\u00e1genes, mapas base, terreno y datos vectoriales<\/span><\/li>\n<li class=\"animating\" data-sourcepos=\"5:1-5:59\"><span class=\"citation-0 animating\">Dibujo vectorial, edici\u00f3n, an\u00e1lisis y operaciones espaciales.<\/span><\/li>\n<li class=\"animating\" data-sourcepos=\"6:1-7:0\"><span class=\"citation-0 citation-end-0 animating\">Edici\u00f3n, uni\u00f3n, c\u00e1lculo, representaci\u00f3n gr\u00e1fica y consulta de atributos<\/span><\/li>\n<\/ul>\n<p>\u2013&gt;&gt;<strong>La licencia flotante de usuario \u00fanico est\u00e1 habilitada para escritorio remoto (RDP), lo que resulta conveniente para los usuarios que trabajan en varias ubicaciones.<\/strong> &lt;&lt;\u2013<\/p>\n<\/div>\n<\/div>\n<\/div>","protected":false},"featured_media":15944,"comment_status":"open","ping_status":"closed","template":"","meta":[],"product_brand":[],"product_cat":[670,31],"product_tag":[525,671],"class_list":{"0":"post-15945","1":"product","2":"type-product","3":"status-publish","4":"has-post-thumbnail","6":"product_cat-blue-marble","7":"product_cat-software","8":"product_tag-floating-license","9":"product_tag-global-mapper-standard","11":"first","12":"instock","13":"taxable","14":"shipping-taxable","15":"purchasable","16":"product-type-simple"},"yoast_head":"<!-- This site is optimized with the Yoast SEO plugin v27.1.1 - https:\/\/yoast.com\/product\/yoast-seo-wordpress\/ -->\n<title>GM Single User - Floating License - Ghostysky<\/title>\n<meta name=\"description\" content=\"Global Mapper Standard is a user-friendly Geographic Information System (GIS) software designed for both beginners and experienced users. It offers a wide range of features for working with geospatial data.\" \/>\n<meta name=\"robots\" content=\"index, follow, max-snippet:-1, max-image-preview:large, max-video-preview:-1\" \/>\n<link rel=\"canonical\" href=\"https:\/\/www.ghostysky.com\/es\/producto-2\/gm-single-user-floating-license\/\" \/>\n<meta property=\"og:locale\" content=\"es_ES\" \/>\n<meta property=\"og:type\" content=\"article\" \/>\n<meta property=\"og:title\" content=\"GM Single User - Floating License - Ghostysky\" \/>\n<meta property=\"og:description\" content=\"Global Mapper Standard is a user-friendly Geographic Information System (GIS) software designed for both beginners and experienced users. It offers a wide range of features for working with geospatial data.\" \/>\n<meta property=\"og:url\" content=\"https:\/\/www.ghostysky.com\/es\/producto-2\/gm-single-user-floating-license\/\" \/>\n<meta property=\"og:site_name\" content=\"Ghostysky\" \/>\n<meta property=\"article:publisher\" content=\"https:\/\/www.facebook.com\/people\/Ghostysky\/100057676170234\/\" \/>\n<meta property=\"article:modified_time\" content=\"2024-11-13T09:42:23+00:00\" \/>\n<meta property=\"og:image\" content=\"https:\/\/www.ghostysky.com\/wp-content\/uploads\/2024\/02\/GlobalMapper.png\" \/>\n\t<meta property=\"og:image:width\" content=\"1200\" \/>\n\t<meta property=\"og:image:height\" content=\"1040\" \/>\n\t<meta property=\"og:image:type\" content=\"image\/png\" \/>\n<meta name=\"twitter:card\" content=\"summary_large_image\" \/>\n<meta name=\"twitter:site\" content=\"@Gh0stysky\" \/>\n<meta name=\"twitter:label1\" content=\"Tiempo de lectura\" \/>\n\t<meta name=\"twitter:data1\" content=\"5 minutos\" \/>\n<script type=\"application\/ld+json\" class=\"yoast-schema-graph\">{\"@context\":\"https:\/\/schema.org\",\"@graph\":[{\"@type\":\"WebPage\",\"@id\":\"https:\/\/www.ghostysky.com\/product\/gm-single-user-floating-license\/\",\"url\":\"https:\/\/www.ghostysky.com\/product\/gm-single-user-floating-license\/\",\"name\":\"GM Single User - Floating License - Ghostysky\",\"isPartOf\":{\"@id\":\"https:\/\/www.ghostysky.com\/#website\"},\"primaryImageOfPage\":{\"@id\":\"https:\/\/www.ghostysky.com\/product\/gm-single-user-floating-license\/#primaryimage\"},\"image\":{\"@id\":\"https:\/\/www.ghostysky.com\/product\/gm-single-user-floating-license\/#primaryimage\"},\"thumbnailUrl\":\"https:\/\/www.ghostysky.com\/wp-content\/uploads\/2024\/02\/GlobalMapper.png\",\"datePublished\":\"2024-02-10T09:39:55+00:00\",\"dateModified\":\"2024-11-13T09:42:23+00:00\",\"description\":\"Global Mapper Standard is a user-friendly Geographic Information System (GIS) software designed for both beginners and experienced users. It offers a wide range of features for working with geospatial data.\",\"breadcrumb\":{\"@id\":\"https:\/\/www.ghostysky.com\/product\/gm-single-user-floating-license\/#breadcrumb\"},\"inLanguage\":\"es\",\"potentialAction\":[{\"@type\":\"ReadAction\",\"target\":[\"https:\/\/www.ghostysky.com\/product\/gm-single-user-floating-license\/\"]}]},{\"@type\":\"ImageObject\",\"inLanguage\":\"es\",\"@id\":\"https:\/\/www.ghostysky.com\/product\/gm-single-user-floating-license\/#primaryimage\",\"url\":\"https:\/\/www.ghostysky.com\/wp-content\/uploads\/2024\/02\/GlobalMapper.png\",\"contentUrl\":\"https:\/\/www.ghostysky.com\/wp-content\/uploads\/2024\/02\/GlobalMapper.png\",\"width\":1200,\"height\":1040},{\"@type\":\"BreadcrumbList\",\"@id\":\"https:\/\/www.ghostysky.com\/product\/gm-single-user-floating-license\/#breadcrumb\",\"itemListElement\":[{\"@type\":\"ListItem\",\"position\":1,\"name\":\"Home\",\"item\":\"https:\/\/www.ghostysky.com\/\"},{\"@type\":\"ListItem\",\"position\":2,\"name\":\"Shop\",\"item\":\"https:\/\/www.ghostysky.com\/shop\/\"},{\"@type\":\"ListItem\",\"position\":3,\"name\":\"GM Single User &#8211; Floating License\"}]},{\"@type\":\"WebSite\",\"@id\":\"https:\/\/www.ghostysky.com\/#website\",\"url\":\"https:\/\/www.ghostysky.com\/\",\"name\":\"Ghostysky\",\"description\":\"Delivering professional drones and services\",\"publisher\":{\"@id\":\"https:\/\/www.ghostysky.com\/#organization\"},\"potentialAction\":[{\"@type\":\"SearchAction\",\"target\":{\"@type\":\"EntryPoint\",\"urlTemplate\":\"https:\/\/www.ghostysky.com\/?s={search_term_string}\"},\"query-input\":{\"@type\":\"PropertyValueSpecification\",\"valueRequired\":true,\"valueName\":\"search_term_string\"}}],\"inLanguage\":\"es\"},{\"@type\":\"Organization\",\"@id\":\"https:\/\/www.ghostysky.com\/#organization\",\"name\":\"Ghostysky\",\"url\":\"https:\/\/www.ghostysky.com\/\",\"logo\":{\"@type\":\"ImageObject\",\"inLanguage\":\"es\",\"@id\":\"https:\/\/www.ghostysky.com\/#\/schema\/logo\/image\/\",\"url\":\"https:\/\/www.ghostysky.com\/wp-content\/uploads\/2020\/06\/cropped-ghostyskylogo_text_white2.png\",\"contentUrl\":\"https:\/\/www.ghostysky.com\/wp-content\/uploads\/2020\/06\/cropped-ghostyskylogo_text_white2.png\",\"width\":169,\"height\":56,\"caption\":\"Ghostysky\"},\"image\":{\"@id\":\"https:\/\/www.ghostysky.com\/#\/schema\/logo\/image\/\"},\"sameAs\":[\"https:\/\/www.facebook.com\/people\/Ghostysky\/100057676170234\/\",\"https:\/\/x.com\/Gh0stysky\",\"https:\/\/www.linkedin.com\/company\/34739653\",\"https:\/\/www.instagram.com\/gh0stysky\"]}]}<\/script>\n<!-- \/ Yoast SEO plugin. -->","yoast_head_json":{"title":"Usuario \u00fanico GM - Licencia flotante - Ghostysky","description":"Global Mapper Standard es un software de sistema de informaci\u00f3n geogr\u00e1fica (SIG) f\u00e1cil de usar dise\u00f1ado tanto para principiantes como para usuarios experimentados. Ofrece una amplia gama de funciones para trabajar con datos geoespaciales.","robots":{"index":"index","follow":"follow","max-snippet":"max-snippet:-1","max-image-preview":"max-image-preview:large","max-video-preview":"max-video-preview:-1"},"canonical":"https:\/\/www.ghostysky.com\/es\/producto-2\/gm-single-user-floating-license\/","og_locale":"es_ES","og_type":"article","og_title":"GM Single User - Floating License - Ghostysky","og_description":"Global Mapper Standard is a user-friendly Geographic Information System (GIS) software designed for both beginners and experienced users. It offers a wide range of features for working with geospatial data.","og_url":"https:\/\/www.ghostysky.com\/es\/producto-2\/gm-single-user-floating-license\/","og_site_name":"Ghostysky","article_publisher":"https:\/\/www.facebook.com\/people\/Ghostysky\/100057676170234\/","article_modified_time":"2024-11-13T09:42:23+00:00","og_image":[{"width":1200,"height":1040,"url":"https:\/\/www.ghostysky.com\/wp-content\/uploads\/2024\/02\/GlobalMapper.png","type":"image\/png"}],"twitter_card":"summary_large_image","twitter_site":"@Gh0stysky","twitter_misc":{"Tiempo de lectura":"5 minutos"},"schema":{"@context":"https:\/\/schema.org","@graph":[{"@type":"WebPage","@id":"https:\/\/www.ghostysky.com\/product\/gm-single-user-floating-license\/","url":"https:\/\/www.ghostysky.com\/product\/gm-single-user-floating-license\/","name":"Usuario \u00fanico GM - Licencia flotante - Ghostysky","isPartOf":{"@id":"https:\/\/www.ghostysky.com\/#website"},"primaryImageOfPage":{"@id":"https:\/\/www.ghostysky.com\/product\/gm-single-user-floating-license\/#primaryimage"},"image":{"@id":"https:\/\/www.ghostysky.com\/product\/gm-single-user-floating-license\/#primaryimage"},"thumbnailUrl":"https:\/\/www.ghostysky.com\/wp-content\/uploads\/2024\/02\/GlobalMapper.png","datePublished":"2024-02-10T09:39:55+00:00","dateModified":"2024-11-13T09:42:23+00:00","description":"Global Mapper Standard es un software de sistema de informaci\u00f3n geogr\u00e1fica (SIG) f\u00e1cil de usar dise\u00f1ado tanto para principiantes como para usuarios experimentados. Ofrece una amplia gama de funciones para trabajar con datos geoespaciales.","breadcrumb":{"@id":"https:\/\/www.ghostysky.com\/product\/gm-single-user-floating-license\/#breadcrumb"},"inLanguage":"es","potentialAction":[{"@type":"ReadAction","target":["https:\/\/www.ghostysky.com\/product\/gm-single-user-floating-license\/"]}]},{"@type":"ImageObject","inLanguage":"es","@id":"https:\/\/www.ghostysky.com\/product\/gm-single-user-floating-license\/#primaryimage","url":"https:\/\/www.ghostysky.com\/wp-content\/uploads\/2024\/02\/GlobalMapper.png","contentUrl":"https:\/\/www.ghostysky.com\/wp-content\/uploads\/2024\/02\/GlobalMapper.png","width":1200,"height":1040},{"@type":"BreadcrumbList","@id":"https:\/\/www.ghostysky.com\/product\/gm-single-user-floating-license\/#breadcrumb","itemListElement":[{"@type":"ListItem","position":1,"name":"Home","item":"https:\/\/www.ghostysky.com\/"},{"@type":"ListItem","position":2,"name":"Shop","item":"https:\/\/www.ghostysky.com\/shop\/"},{"@type":"ListItem","position":3,"name":"GM Single User &#8211; Floating License"}]},{"@type":"WebSite","@id":"https:\/\/www.ghostysky.com\/#website","url":"https:\/\/www.ghostysky.com\/","name":"Ghostysky","description":"Entrega de drones y servicios profesionales","publisher":{"@id":"https:\/\/www.ghostysky.com\/#organization"},"potentialAction":[{"@type":"SearchAction","target":{"@type":"EntryPoint","urlTemplate":"https:\/\/www.ghostysky.com\/?s={search_term_string}"},"query-input":{"@type":"PropertyValueSpecification","valueRequired":true,"valueName":"search_term_string"}}],"inLanguage":"es"},{"@type":"Organization","@id":"https:\/\/www.ghostysky.com\/#organization","name":"Ghostysky","url":"https:\/\/www.ghostysky.com\/","logo":{"@type":"ImageObject","inLanguage":"es","@id":"https:\/\/www.ghostysky.com\/#\/schema\/logo\/image\/","url":"https:\/\/www.ghostysky.com\/wp-content\/uploads\/2020\/06\/cropped-ghostyskylogo_text_white2.png","contentUrl":"https:\/\/www.ghostysky.com\/wp-content\/uploads\/2020\/06\/cropped-ghostyskylogo_text_white2.png","width":169,"height":56,"caption":"Ghostysky"},"image":{"@id":"https:\/\/www.ghostysky.com\/#\/schema\/logo\/image\/"},"sameAs":["https:\/\/www.facebook.com\/people\/Ghostysky\/100057676170234\/","https:\/\/x.com\/Gh0stysky","https:\/\/www.linkedin.com\/company\/34739653","https:\/\/www.instagram.com\/gh0stysky"]}]}},"_links":{"self":[{"href":"https:\/\/www.ghostysky.com\/es\/wp-json\/wp\/v2\/product\/15945","targetHints":{"allow":["GET"]}}],"collection":[{"href":"https:\/\/www.ghostysky.com\/es\/wp-json\/wp\/v2\/product"}],"about":[{"href":"https:\/\/www.ghostysky.com\/es\/wp-json\/wp\/v2\/types\/product"}],"replies":[{"embeddable":true,"href":"https:\/\/www.ghostysky.com\/es\/wp-json\/wp\/v2\/comments?post=15945"}],"wp:featuredmedia":[{"embeddable":true,"href":"https:\/\/www.ghostysky.com\/es\/wp-json\/wp\/v2\/media\/15944"}],"wp:attachment":[{"href":"https:\/\/www.ghostysky.com\/es\/wp-json\/wp\/v2\/media?parent=15945"}],"wp:term":[{"taxonomy":"product_brand","embeddable":true,"href":"https:\/\/www.ghostysky.com\/es\/wp-json\/wp\/v2\/product_brand?post=15945"},{"taxonomy":"product_cat","embeddable":true,"href":"https:\/\/www.ghostysky.com\/es\/wp-json\/wp\/v2\/product_cat?post=15945"},{"taxonomy":"product_tag","embeddable":true,"href":"https:\/\/www.ghostysky.com\/es\/wp-json\/wp\/v2\/product_tag?post=15945"}],"curies":[{"name":"wp","href":"https:\/\/api.w.org\/{rel}","templated":true}]}}