{"id":15960,"date":"2024-02-10T10:30:09","date_gmt":"2024-02-10T10:30:09","guid":{"rendered":"https:\/\/www.ghostysky.com\/?post_type=product&#038;p=15960"},"modified":"2024-03-17T09:44:27","modified_gmt":"2024-03-17T09:44:27","slug":"gm-pro-upgrade-single-user-node-locked","status":"publish","type":"product","link":"https:\/\/www.ghostysky.com\/es\/product\/gm-pro-upgrade-single-user-node-locked\/","title":{"rendered":"Usuario \u00fanico GM (actualizaci\u00f3n a Pro): nodo bloqueado"},"content":{"rendered":"<p data-sourcepos=\"9:1-9:98\"><strong>Mapeador Global Pro<\/strong> es una poderosa herramienta que se puede utilizar para una amplia gama de aplicaciones, que incluyen:<\/p>\n<ul data-sourcepos=\"11:1-11:68\">\n<li data-sourcepos=\"11:1-11:68\"><strong>Topograf\u00eda y cartograf\u00eda:<\/strong>\u00a0Global Mapper Pro se puede utilizar para crear mapas y encuestas precisos a partir de una variedad de fuentes de datos, incluidas im\u00e1genes, LiDAR y GPS.<\/li>\n<li data-sourcepos=\"12:1-12:111\"><strong>modelado 3D:<\/strong>\u00a0Global Mapper Pro se puede utilizar para crear modelos 3D de terreno, edificios y otras caracter\u00edsticas.<\/li>\n<li data-sourcepos=\"13:1-13:142\"><strong>Planificaci\u00f3n y an\u00e1lisis del sitio:<\/strong>\u00a0Global Mapper Pro se puede utilizar para analizar el terreno, identificar peligros potenciales y planificar proyectos de desarrollo.<\/li>\n<li data-sourcepos=\"14:1-15:0\"><strong>Monitoreo ambiental:<\/strong>\u00a0Global Mapper Pro se puede utilizar para monitorear los cambios en el medio ambiente a lo largo del tiempo.<\/li>\n<\/ul>\n<p data-sourcepos=\"16:1-17:37\">Si es un profesional geoespacial que necesita herramientas avanzadas para trabajar con im\u00e1genes, terreno y datos LiDAR, Global Mapper Pro es una excelente opci\u00f3n.<\/p>\n<div>\n<div class=\"row\">\n<h3>Mapeador Global Pro<\/h3>\n<hr \/>\n<p><strong>Todas las excelentes caracter\u00edsticas del est\u00e1ndar m\u00e1s...<\/strong><\/p>\n<div>\n<div class=\"row\">\n<div>\n<div><img decoding=\"async\" src=\"data:image\/gif;base64,R0lGODlhAQABAAAAACH5BAEKAAEALAAAAAABAAEAAAICTAEAOw==\" class=\"lazyload\" data-src=\"https:\/\/www.bluemarblegeo.com\/wp-content\/uploads\/2023\/09\/green-plus.svg\"> pintura del terreno<\/div>\n<\/div>\n<\/div>\n<div class=\"row\">\n<div>\n<div><img decoding=\"async\" src=\"data:image\/gif;base64,R0lGODlhAQABAAAAACH5BAEKAAEALAAAAAABAAEAAAICTAEAOw==\" class=\"lazyload\" data-src=\"https:\/\/www.bluemarblegeo.com\/wp-content\/uploads\/2023\/09\/green-plus.svg\"> C\u00e1lculo de l\u00ednea de rotura<\/div>\n<\/div>\n<\/div>\n<div class=\"row\">\n<div>\n<div><img decoding=\"async\" src=\"data:image\/gif;base64,R0lGODlhAQABAAAAACH5BAEKAAEALAAAAAABAAEAAAICTAEAOw==\" class=\"lazyload\" data-src=\"https:\/\/www.bluemarblegeo.com\/wp-content\/uploads\/2023\/09\/green-plus.svg\"> Consulta, edici\u00f3n, segmentaci\u00f3n y filtrado avanzados de nubes de puntos LIDAR y 3D<\/div>\n<\/div>\n<\/div>\n<div class=\"row\">\n<div>\n<div><img decoding=\"async\" src=\"data:image\/gif;base64,R0lGODlhAQABAAAAACH5BAEKAAEALAAAAAABAAEAAAICTAEAOw==\" class=\"lazyload\" data-src=\"https:\/\/www.bluemarblegeo.com\/wp-content\/uploads\/2023\/09\/green-plus.svg\"> Clasificaci\u00f3n autom\u00e1tica de datos de nubes de puntos, incluidos suelo, vegetaci\u00f3n, edificios, l\u00edneas el\u00e9ctricas y postes.<\/div>\n<\/div>\n<\/div>\n<div class=\"row\">\n<div>\n<div><img decoding=\"async\" src=\"data:image\/gif;base64,R0lGODlhAQABAAAAACH5BAEKAAEALAAAAAABAAEAAAICTAEAOw==\" class=\"lazyload\" data-src=\"https:\/\/www.bluemarblegeo.com\/wp-content\/uploads\/2023\/09\/green-plus.svg\"> Extracci\u00f3n de caracter\u00edsticas vectoriales a partir de datos de nubes de puntos clasificados<\/div>\n<\/div>\n<\/div>\n<div class=\"row\">\n<div>\n<div><img decoding=\"async\" src=\"data:image\/gif;base64,R0lGODlhAQABAAAAACH5BAEKAAEALAAAAAABAAEAAAICTAEAOw==\" class=\"lazyload\" data-src=\"https:\/\/www.bluemarblegeo.com\/wp-content\/uploads\/2023\/09\/green-plus.svg\"> Identificaci\u00f3n y eliminaci\u00f3n de ruido Lidar<\/div>\n<\/div>\n<\/div>\n<div class=\"row\">\n<div>\n<div><img decoding=\"async\" src=\"data:image\/gif;base64,R0lGODlhAQABAAAAACH5BAEKAAEALAAAAAABAAEAAAICTAEAOw==\" class=\"lazyload\" data-src=\"https:\/\/www.bluemarblegeo.com\/wp-content\/uploads\/2023\/09\/green-plus.svg\"> Variograf\u00eda y Kriging<\/div>\n<\/div>\n<\/div>\n<div class=\"row\">\n<div>\n<div><img decoding=\"async\" src=\"data:image\/gif;base64,R0lGODlhAQABAAAAACH5BAEKAAEALAAAAAABAAEAAAICTAEAOw==\" class=\"lazyload\" data-src=\"https:\/\/www.bluemarblegeo.com\/wp-content\/uploads\/2023\/09\/green-plus.svg\"> Adelgazamiento de nubes de puntos y rectificaci\u00f3n vertical y horizontal de datos de nubes de puntos.<\/div>\n<\/div>\n<\/div>\n<div class=\"row\">\n<div>\n<div><img decoding=\"async\" src=\"data:image\/gif;base64,R0lGODlhAQABAAAAACH5BAEKAAEALAAAAAABAAEAAAICTAEAOw==\" class=\"lazyload\" data-src=\"https:\/\/www.bluemarblegeo.com\/wp-content\/uploads\/2023\/09\/green-plus.svg\"> Alineaci\u00f3n autom\u00e1tica de nubes de puntos superpuestas<\/div>\n<\/div>\n<\/div>\n<div class=\"row\">\n<div>\n<div><img decoding=\"async\" src=\"data:image\/gif;base64,R0lGODlhAQABAAAAACH5BAEKAAEALAAAAAABAAEAAAICTAEAOw==\" class=\"lazyload\" data-src=\"https:\/\/www.bluemarblegeo.com\/wp-content\/uploads\/2023\/09\/green-plus.svg\"> An\u00e1lisis visual de datos de nubes de puntos, incluso por densidad local, altura sobre el suelo, intensidad y clasificaci\u00f3n.<\/div>\n<\/div>\n<\/div>\n<div class=\"row\">\n<div>\n<div><img decoding=\"async\" src=\"data:image\/gif;base64,R0lGODlhAQABAAAAACH5BAEKAAEALAAAAAABAAEAAAICTAEAOw==\" class=\"lazyload\" data-src=\"https:\/\/www.bluemarblegeo.com\/wp-content\/uploads\/2023\/09\/green-plus.svg\"> Perfilado de nubes de puntos<\/div>\n<\/div>\n<\/div>\n<div class=\"row\">\n<div>\n<div><img decoding=\"async\" src=\"data:image\/gif;base64,R0lGODlhAQABAAAAACH5BAEKAAEALAAAAAABAAEAAAICTAEAOw==\" class=\"lazyload\" data-src=\"https:\/\/www.bluemarblegeo.com\/wp-content\/uploads\/2023\/09\/green-plus.svg\"> Pixels to Points\u00ae: procesamiento de im\u00e1genes de drones\/UAV para crear nubes de puntos 3D, ortoim\u00e1genes y modelos 3D<\/div>\n<\/div>\n<\/div>\n<div class=\"row\">\n<div>\n<div><img decoding=\"async\" src=\"data:image\/gif;base64,R0lGODlhAQABAAAAACH5BAEKAAEALAAAAAABAAEAAAICTAEAOw==\" class=\"lazyload\" data-src=\"https:\/\/www.bluemarblegeo.com\/wp-content\/uploads\/2023\/09\/green-plus.svg\"> Vectorizaci\u00f3n automatizada avanzada de im\u00e1genes y terreno.<\/div>\n<\/div>\n<\/div>\n<div class=\"row\">\n<div>\n<div><img decoding=\"async\" src=\"data:image\/gif;base64,R0lGODlhAQABAAAAACH5BAEKAAEALAAAAAABAAEAAAICTAEAOw==\" class=\"lazyload\" data-src=\"https:\/\/www.bluemarblegeo.com\/wp-content\/uploads\/2023\/09\/green-plus.svg\"> Soporte para dispositivos RTK y visualizaci\u00f3n de constelaciones de sat\u00e9lites.<\/div>\n<\/div>\n<\/div>\n<div class=\"row\">\n<div>\n<div><img decoding=\"async\" src=\"data:image\/gif;base64,R0lGODlhAQABAAAAACH5BAEKAAEALAAAAAABAAEAAAICTAEAOw==\" class=\"lazyload\" data-src=\"https:\/\/www.bluemarblegeo.com\/wp-content\/uploads\/2023\/09\/green-plus.svg\"> Editor incorporado para scripts de Global Mapper<\/div>\n<\/div>\n<\/div>\n<div class=\"row\">\n<div>\n<div><img decoding=\"async\" src=\"data:image\/gif;base64,R0lGODlhAQABAAAAACH5BAEKAAEALAAAAAABAAEAAAICTAEAOw==\" class=\"lazyload\" data-src=\"https:\/\/www.bluemarblegeo.com\/wp-content\/uploads\/2023\/09\/green-plus.svg\"> Soporte para secuencias de comandos Python<\/div>\n<\/div>\n<\/div>\n<div class=\"row\">\n<div>\n<div><img decoding=\"async\" src=\"data:image\/gif;base64,R0lGODlhAQABAAAAACH5BAEKAAEALAAAAAABAAEAAAICTAEAOw==\" class=\"lazyload\" data-src=\"https:\/\/www.bluemarblegeo.com\/wp-content\/uploads\/2023\/09\/green-plus.svg\"> Herramienta Script Builder para registrar acciones en Global Mapper Script<\/div>\n<\/div>\n<\/div>\n<div class=\"row\">\n<div>\n<div><img decoding=\"async\" src=\"data:image\/gif;base64,R0lGODlhAQABAAAAACH5BAEKAAEALAAAAAABAAEAAAICTAEAOw==\" class=\"lazyload\" data-src=\"https:\/\/www.bluemarblegeo.com\/wp-content\/uploads\/2023\/09\/green-plus.svg\"> Fusi\u00f3n de datos m\u00f3viles optimizada<\/div>\n<\/div>\n<\/div>\n<\/div>\n<\/div>\n<\/div>","protected":false},"excerpt":{"rendered":"<div class=\"avatar-gutter ng-tns-c3609015057-52 ng-star-inserted\">\n<div class=\"gutter ng-star-inserted\">\n<p data-sourcepos=\"1:1-1:110\"><strong>Mapeador Global Pro<\/strong> es un programa de software geoespacial avanzado dise\u00f1ado para profesionales que necesitan m\u00e1s que las funciones b\u00e1sicas de Global Mapper. Incluye una amplia gama de herramientas para trabajar con im\u00e1genes, terreno y datos LiDAR. Algunas de las caracter\u00edsticas clave de Global Mapper Pro incluyen:<\/p>\n<ul data-sourcepos=\"3:1-3:91\">\n<li data-sourcepos=\"3:1-3:91\"><strong>P\u00edxeles a puntos:<\/strong>\u00a0Esta herramienta le permite crear nubes de puntos 3D, ortoim\u00e1genes y mallas 3D a partir de im\u00e1genes recopiladas por drones o veh\u00edculos a\u00e9reos no tripulados.<\/li>\n<li data-sourcepos=\"4:1-4:93\"><strong>Pintura del terreno:<\/strong>\u00a0Esta herramienta le permite modificar manualmente los modelos digitales del terreno (DTM).<\/li>\n<li data-sourcepos=\"5:1-5:44\"><strong>Generar l\u00edneas de rotura a partir de la cuadr\u00edcula del terreno:<\/strong>\u00a0Esta herramienta crea entidades de l\u00edneas vectoriales en distintos cambios de elevaci\u00f3n\/pendiente.<\/li>\n<li data-sourcepos=\"6:1-6:105\"><strong>Vectorizar r\u00e1ster:<\/strong>\u00a0Esta herramienta extrae y suaviza \u00e1reas vectoriales de im\u00e1genes rasterizadas y capas de terreno.<\/li>\n<li data-sourcepos=\"7:1-8:0\"><strong>Procesamiento LiDAR avanzado:<\/strong>\u00a0Global Mapper Pro incluye una serie de herramientas para trabajar con datos LiDAR, como clasificaci\u00f3n de nubes de puntos, filtrado,<\/li>\n<\/ul>\n<\/div>\n<\/div>\n<div class=\"response-container-content ng-tns-c3609015057-52\">\n<div class=\"response-content ng-trigger ng-trigger-responsePopulation ng-tns-c3609015057-52 ng-animate-disabled\">\n<div class=\"markdown markdown-main-panel ui-v2-enabled\" dir=\"ltr\">\n<p>\u2013&gt;&gt; <strong>Esta licencia est\u00e1 bloqueada por nodo en una computadora y no se puede acceder a ella de forma remota.<\/strong> &lt;&lt;\u2013<\/p>\n<p><span style=\"text-decoration: underline;\"><strong>(Actualice la licencia de la versi\u00f3n Est\u00e1ndar a la Pro)<\/strong><\/span><\/p>\n<\/div>\n<\/div>\n<\/div>","protected":false},"featured_media":15943,"comment_status":"open","ping_status":"closed","template":"","meta":[],"product_brand":[],"product_cat":[670,31],"product_tag":[675,672,676],"class_list":{"0":"post-15960","1":"product","2":"type-product","3":"status-publish","4":"has-post-thumbnail","6":"product_cat-blue-marble","7":"product_cat-software","8":"product_tag-global-mapper-pro","9":"product_tag-node-locked","10":"product_tag-upgrade-license","12":"first","13":"instock","14":"taxable","15":"shipping-taxable","16":"product-type-simple"},"yoast_head":"<!-- This site is optimized with the Yoast SEO plugin v27.1.1 - https:\/\/yoast.com\/product\/yoast-seo-wordpress\/ -->\n<title>GM (Upgrade-to-Pro) Single User - Node Locked - Ghostysky<\/title>\n<meta name=\"description\" content=\"Global Mapper Pro is an advanced geospatial software program designed for professionals who need more than the basic features of Global Mapper. It includes a wide range of tools for working with imagery, terrain, and LiDAR data.\" \/>\n<meta name=\"robots\" content=\"index, follow, max-snippet:-1, max-image-preview:large, max-video-preview:-1\" \/>\n<link rel=\"canonical\" href=\"https:\/\/www.ghostysky.com\/es\/producto-2\/gm-pro-upgrade-single-user-node-locked\/\" \/>\n<meta property=\"og:locale\" content=\"es_ES\" \/>\n<meta property=\"og:type\" content=\"article\" \/>\n<meta property=\"og:title\" content=\"GM (Upgrade-to-Pro) Single User - Node Locked - Ghostysky\" \/>\n<meta property=\"og:description\" content=\"Global Mapper Pro is an advanced geospatial software program designed for professionals who need more than the basic features of Global Mapper. It includes a wide range of tools for working with imagery, terrain, and LiDAR data.\" \/>\n<meta property=\"og:url\" content=\"https:\/\/www.ghostysky.com\/es\/producto-2\/gm-pro-upgrade-single-user-node-locked\/\" \/>\n<meta property=\"og:site_name\" content=\"Ghostysky\" \/>\n<meta property=\"article:publisher\" content=\"https:\/\/www.facebook.com\/people\/Ghostysky\/100057676170234\/\" \/>\n<meta property=\"article:modified_time\" content=\"2024-03-17T09:44:27+00:00\" \/>\n<meta property=\"og:image\" content=\"https:\/\/www.ghostysky.com\/wp-content\/uploads\/2024\/02\/GlobalMapperPro.png\" \/>\n\t<meta property=\"og:image:width\" content=\"1500\" \/>\n\t<meta property=\"og:image:height\" content=\"1299\" \/>\n\t<meta property=\"og:image:type\" content=\"image\/png\" \/>\n<meta name=\"twitter:card\" content=\"summary_large_image\" \/>\n<meta name=\"twitter:site\" content=\"@Gh0stysky\" \/>\n<meta name=\"twitter:label1\" content=\"Tiempo de lectura\" \/>\n\t<meta name=\"twitter:data1\" content=\"5 minutos\" \/>\n<script type=\"application\/ld+json\" class=\"yoast-schema-graph\">{\"@context\":\"https:\/\/schema.org\",\"@graph\":[{\"@type\":\"WebPage\",\"@id\":\"https:\/\/www.ghostysky.com\/product\/gm-pro-upgrade-single-user-node-locked\/\",\"url\":\"https:\/\/www.ghostysky.com\/product\/gm-pro-upgrade-single-user-node-locked\/\",\"name\":\"GM (Upgrade-to-Pro) Single User - Node Locked - Ghostysky\",\"isPartOf\":{\"@id\":\"https:\/\/www.ghostysky.com\/#website\"},\"primaryImageOfPage\":{\"@id\":\"https:\/\/www.ghostysky.com\/product\/gm-pro-upgrade-single-user-node-locked\/#primaryimage\"},\"image\":{\"@id\":\"https:\/\/www.ghostysky.com\/product\/gm-pro-upgrade-single-user-node-locked\/#primaryimage\"},\"thumbnailUrl\":\"https:\/\/www.ghostysky.com\/wp-content\/uploads\/2024\/02\/GlobalMapperPro.png\",\"datePublished\":\"2024-02-10T10:30:09+00:00\",\"dateModified\":\"2024-03-17T09:44:27+00:00\",\"description\":\"Global Mapper Pro is an advanced geospatial software program designed for professionals who need more than the basic features of Global Mapper. It includes a wide range of tools for working with imagery, terrain, and LiDAR data.\",\"breadcrumb\":{\"@id\":\"https:\/\/www.ghostysky.com\/product\/gm-pro-upgrade-single-user-node-locked\/#breadcrumb\"},\"inLanguage\":\"es\",\"potentialAction\":[{\"@type\":\"ReadAction\",\"target\":[\"https:\/\/www.ghostysky.com\/product\/gm-pro-upgrade-single-user-node-locked\/\"]}]},{\"@type\":\"ImageObject\",\"inLanguage\":\"es\",\"@id\":\"https:\/\/www.ghostysky.com\/product\/gm-pro-upgrade-single-user-node-locked\/#primaryimage\",\"url\":\"https:\/\/www.ghostysky.com\/wp-content\/uploads\/2024\/02\/GlobalMapperPro.png\",\"contentUrl\":\"https:\/\/www.ghostysky.com\/wp-content\/uploads\/2024\/02\/GlobalMapperPro.png\",\"width\":1500,\"height\":1299},{\"@type\":\"BreadcrumbList\",\"@id\":\"https:\/\/www.ghostysky.com\/product\/gm-pro-upgrade-single-user-node-locked\/#breadcrumb\",\"itemListElement\":[{\"@type\":\"ListItem\",\"position\":1,\"name\":\"Home\",\"item\":\"https:\/\/www.ghostysky.com\/\"},{\"@type\":\"ListItem\",\"position\":2,\"name\":\"Shop\",\"item\":\"https:\/\/www.ghostysky.com\/shop\/\"},{\"@type\":\"ListItem\",\"position\":3,\"name\":\"GM (Upgrade-to-Pro) Single User &#8211; Node Locked\"}]},{\"@type\":\"WebSite\",\"@id\":\"https:\/\/www.ghostysky.com\/#website\",\"url\":\"https:\/\/www.ghostysky.com\/\",\"name\":\"Ghostysky\",\"description\":\"Delivering professional drones and services\",\"publisher\":{\"@id\":\"https:\/\/www.ghostysky.com\/#organization\"},\"potentialAction\":[{\"@type\":\"SearchAction\",\"target\":{\"@type\":\"EntryPoint\",\"urlTemplate\":\"https:\/\/www.ghostysky.com\/?s={search_term_string}\"},\"query-input\":{\"@type\":\"PropertyValueSpecification\",\"valueRequired\":true,\"valueName\":\"search_term_string\"}}],\"inLanguage\":\"es\"},{\"@type\":\"Organization\",\"@id\":\"https:\/\/www.ghostysky.com\/#organization\",\"name\":\"Ghostysky\",\"url\":\"https:\/\/www.ghostysky.com\/\",\"logo\":{\"@type\":\"ImageObject\",\"inLanguage\":\"es\",\"@id\":\"https:\/\/www.ghostysky.com\/#\/schema\/logo\/image\/\",\"url\":\"https:\/\/www.ghostysky.com\/wp-content\/uploads\/2020\/06\/cropped-ghostyskylogo_text_white2.png\",\"contentUrl\":\"https:\/\/www.ghostysky.com\/wp-content\/uploads\/2020\/06\/cropped-ghostyskylogo_text_white2.png\",\"width\":169,\"height\":56,\"caption\":\"Ghostysky\"},\"image\":{\"@id\":\"https:\/\/www.ghostysky.com\/#\/schema\/logo\/image\/\"},\"sameAs\":[\"https:\/\/www.facebook.com\/people\/Ghostysky\/100057676170234\/\",\"https:\/\/x.com\/Gh0stysky\",\"https:\/\/www.linkedin.com\/company\/34739653\",\"https:\/\/www.instagram.com\/gh0stysky\"]}]}<\/script>\n<!-- \/ Yoast SEO plugin. -->","yoast_head_json":{"title":"Usuario \u00fanico GM (actualizaci\u00f3n a Pro) - Nodo bloqueado - Ghostysky","description":"Global Mapper Pro es un programa de software geoespacial avanzado dise\u00f1ado para profesionales que necesitan m\u00e1s que las funciones b\u00e1sicas de Global Mapper. Incluye una amplia gama de herramientas para trabajar con im\u00e1genes, terreno y datos LiDAR.","robots":{"index":"index","follow":"follow","max-snippet":"max-snippet:-1","max-image-preview":"max-image-preview:large","max-video-preview":"max-video-preview:-1"},"canonical":"https:\/\/www.ghostysky.com\/es\/producto-2\/gm-pro-upgrade-single-user-node-locked\/","og_locale":"es_ES","og_type":"article","og_title":"GM (Upgrade-to-Pro) Single User - Node Locked - Ghostysky","og_description":"Global Mapper Pro is an advanced geospatial software program designed for professionals who need more than the basic features of Global Mapper. It includes a wide range of tools for working with imagery, terrain, and LiDAR data.","og_url":"https:\/\/www.ghostysky.com\/es\/producto-2\/gm-pro-upgrade-single-user-node-locked\/","og_site_name":"Ghostysky","article_publisher":"https:\/\/www.facebook.com\/people\/Ghostysky\/100057676170234\/","article_modified_time":"2024-03-17T09:44:27+00:00","og_image":[{"width":1500,"height":1299,"url":"https:\/\/www.ghostysky.com\/wp-content\/uploads\/2024\/02\/GlobalMapperPro.png","type":"image\/png"}],"twitter_card":"summary_large_image","twitter_site":"@Gh0stysky","twitter_misc":{"Tiempo de lectura":"5 minutos"},"schema":{"@context":"https:\/\/schema.org","@graph":[{"@type":"WebPage","@id":"https:\/\/www.ghostysky.com\/product\/gm-pro-upgrade-single-user-node-locked\/","url":"https:\/\/www.ghostysky.com\/product\/gm-pro-upgrade-single-user-node-locked\/","name":"Usuario \u00fanico GM (actualizaci\u00f3n a Pro) - Nodo bloqueado - Ghostysky","isPartOf":{"@id":"https:\/\/www.ghostysky.com\/#website"},"primaryImageOfPage":{"@id":"https:\/\/www.ghostysky.com\/product\/gm-pro-upgrade-single-user-node-locked\/#primaryimage"},"image":{"@id":"https:\/\/www.ghostysky.com\/product\/gm-pro-upgrade-single-user-node-locked\/#primaryimage"},"thumbnailUrl":"https:\/\/www.ghostysky.com\/wp-content\/uploads\/2024\/02\/GlobalMapperPro.png","datePublished":"2024-02-10T10:30:09+00:00","dateModified":"2024-03-17T09:44:27+00:00","description":"Global Mapper Pro es un programa de software geoespacial avanzado dise\u00f1ado para profesionales que necesitan m\u00e1s que las funciones b\u00e1sicas de Global Mapper. Incluye una amplia gama de herramientas para trabajar con im\u00e1genes, terreno y datos LiDAR.","breadcrumb":{"@id":"https:\/\/www.ghostysky.com\/product\/gm-pro-upgrade-single-user-node-locked\/#breadcrumb"},"inLanguage":"es","potentialAction":[{"@type":"ReadAction","target":["https:\/\/www.ghostysky.com\/product\/gm-pro-upgrade-single-user-node-locked\/"]}]},{"@type":"ImageObject","inLanguage":"es","@id":"https:\/\/www.ghostysky.com\/product\/gm-pro-upgrade-single-user-node-locked\/#primaryimage","url":"https:\/\/www.ghostysky.com\/wp-content\/uploads\/2024\/02\/GlobalMapperPro.png","contentUrl":"https:\/\/www.ghostysky.com\/wp-content\/uploads\/2024\/02\/GlobalMapperPro.png","width":1500,"height":1299},{"@type":"BreadcrumbList","@id":"https:\/\/www.ghostysky.com\/product\/gm-pro-upgrade-single-user-node-locked\/#breadcrumb","itemListElement":[{"@type":"ListItem","position":1,"name":"Home","item":"https:\/\/www.ghostysky.com\/"},{"@type":"ListItem","position":2,"name":"Shop","item":"https:\/\/www.ghostysky.com\/shop\/"},{"@type":"ListItem","position":3,"name":"GM (Upgrade-to-Pro) Single User &#8211; Node Locked"}]},{"@type":"WebSite","@id":"https:\/\/www.ghostysky.com\/#website","url":"https:\/\/www.ghostysky.com\/","name":"Ghostysky","description":"Entrega de drones y servicios profesionales","publisher":{"@id":"https:\/\/www.ghostysky.com\/#organization"},"potentialAction":[{"@type":"SearchAction","target":{"@type":"EntryPoint","urlTemplate":"https:\/\/www.ghostysky.com\/?s={search_term_string}"},"query-input":{"@type":"PropertyValueSpecification","valueRequired":true,"valueName":"search_term_string"}}],"inLanguage":"es"},{"@type":"Organization","@id":"https:\/\/www.ghostysky.com\/#organization","name":"Ghostysky","url":"https:\/\/www.ghostysky.com\/","logo":{"@type":"ImageObject","inLanguage":"es","@id":"https:\/\/www.ghostysky.com\/#\/schema\/logo\/image\/","url":"https:\/\/www.ghostysky.com\/wp-content\/uploads\/2020\/06\/cropped-ghostyskylogo_text_white2.png","contentUrl":"https:\/\/www.ghostysky.com\/wp-content\/uploads\/2020\/06\/cropped-ghostyskylogo_text_white2.png","width":169,"height":56,"caption":"Ghostysky"},"image":{"@id":"https:\/\/www.ghostysky.com\/#\/schema\/logo\/image\/"},"sameAs":["https:\/\/www.facebook.com\/people\/Ghostysky\/100057676170234\/","https:\/\/x.com\/Gh0stysky","https:\/\/www.linkedin.com\/company\/34739653","https:\/\/www.instagram.com\/gh0stysky"]}]}},"_links":{"self":[{"href":"https:\/\/www.ghostysky.com\/es\/wp-json\/wp\/v2\/product\/15960","targetHints":{"allow":["GET"]}}],"collection":[{"href":"https:\/\/www.ghostysky.com\/es\/wp-json\/wp\/v2\/product"}],"about":[{"href":"https:\/\/www.ghostysky.com\/es\/wp-json\/wp\/v2\/types\/product"}],"replies":[{"embeddable":true,"href":"https:\/\/www.ghostysky.com\/es\/wp-json\/wp\/v2\/comments?post=15960"}],"wp:featuredmedia":[{"embeddable":true,"href":"https:\/\/www.ghostysky.com\/es\/wp-json\/wp\/v2\/media\/15943"}],"wp:attachment":[{"href":"https:\/\/www.ghostysky.com\/es\/wp-json\/wp\/v2\/media?parent=15960"}],"wp:term":[{"taxonomy":"product_brand","embeddable":true,"href":"https:\/\/www.ghostysky.com\/es\/wp-json\/wp\/v2\/product_brand?post=15960"},{"taxonomy":"product_cat","embeddable":true,"href":"https:\/\/www.ghostysky.com\/es\/wp-json\/wp\/v2\/product_cat?post=15960"},{"taxonomy":"product_tag","embeddable":true,"href":"https:\/\/www.ghostysky.com\/es\/wp-json\/wp\/v2\/product_tag?post=15960"}],"curies":[{"name":"wp","href":"https:\/\/api.w.org\/{rel}","templated":true}]}}