{"id":15964,"date":"2024-02-10T10:54:44","date_gmt":"2024-02-10T10:54:44","guid":{"rendered":"https:\/\/www.ghostysky.com\/?post_type=product&#038;p=15964"},"modified":"2024-03-17T09:44:15","modified_gmt":"2024-03-17T09:44:15","slug":"gm-academic-license","status":"publish","type":"product","link":"https:\/\/www.ghostysky.com\/es\/product\/gm-academic-license\/","title":{"rendered":"Licencia Acad\u00e9mica GM"},"content":{"rendered":"<p data-sourcepos=\"11:1-11:76\"><strong>Estos son algunos de los beneficios de utilizar Global Mapper en un entorno acad\u00e9mico:<\/strong><\/p>\n<ul data-sourcepos=\"13:1-16:0\">\n<li data-sourcepos=\"13:1-13:181\">Es un programa de software SIG potente y vers\u00e1til que se puede utilizar para una amplia variedad de tareas, como crear mapas, analizar datos y visualizar relaciones espaciales.<\/li>\n<li data-sourcepos=\"14:1-14:87\">Es f\u00e1cil de aprender y utilizar, incluso para estudiantes sin experiencia previa con SIG.<\/li>\n<\/ul>","protected":false},"excerpt":{"rendered":"<p><strong>Licencia acad\u00e9mica de Global Mapper<\/strong> est\u00e1 disponible para instituciones acreditadas de educaci\u00f3n superior. Esto incluye colegios, universidades y escuelas t\u00e9cnicas.<\/p>\n<ul data-sourcepos=\"3:1-8:0\">\n<li data-sourcepos=\"5:1-5:225\">\u00a0Incluye todas las funciones de Global Mapper Standard Edition, adem\u00e1s de algunas funciones adicionales que son \u00fatiles para uso acad\u00e9mico, como la capacidad de crear modelos 3D y exportar datos a una variedad de formatos.<\/li>\n<li data-sourcepos=\"6:1-6:164\">Puede utilizarse \u00fanicamente con fines educativos. Esto significa que los estudiantes pueden usarlo para completar tareas, pero no pueden usarlo con fines comerciales.<\/li>\n<li data-sourcepos=\"7:1-8:0\">Puede instalarse en computadoras de aula o laboratorio, as\u00ed como en las computadoras personales de los estudiantes.<\/li>\n<\/ul>\n<div class=\"attachment-container search-images\">\n<div class=\"image-container hide-from-message-actions ng-star-inserted\">\n<div class=\"overlay-container ng-star-inserted\"><\/div>\n<\/div>\n<\/div>","protected":false},"featured_media":15965,"comment_status":"open","ping_status":"closed","template":"","meta":[],"product_brand":[],"product_cat":[670,31],"product_tag":[678,677],"class_list":{"0":"post-15964","1":"product","2":"type-product","3":"status-publish","4":"has-post-thumbnail","6":"product_cat-blue-marble","7":"product_cat-software","8":"product_tag-global-mapper","9":"product_tag-global-mapper-academic-license","11":"first","12":"instock","13":"taxable","14":"shipping-taxable","15":"product-type-simple"},"yoast_head":"<!-- This site is optimized with the Yoast SEO plugin v27.4 - https:\/\/yoast.com\/product\/yoast-seo-wordpress\/ -->\n<title>GM Academic License - Ghostysky<\/title>\n<meta name=\"description\" content=\"Global Mapper Academic License is available to accredited institutions of higher education. This includes colleges, universities, and technical schools.\u00a0Includes all the features of the Global Mapper Standard Edition, plus some additional features that are useful for academic use, such as the ability to create 3D models and export data to a variety of formats.\" \/>\n<meta name=\"robots\" content=\"index, follow, max-snippet:-1, max-image-preview:large, max-video-preview:-1\" \/>\n<link rel=\"canonical\" href=\"https:\/\/www.ghostysky.com\/es\/producto-2\/gm-academic-license\/\" \/>\n<meta property=\"og:locale\" content=\"es_ES\" \/>\n<meta property=\"og:type\" content=\"article\" \/>\n<meta property=\"og:title\" content=\"GM Academic License - Ghostysky\" \/>\n<meta property=\"og:description\" content=\"Global Mapper Academic License is available to accredited institutions of higher education. This includes colleges, universities, and technical schools.\u00a0Includes all the features of the Global Mapper Standard Edition, plus some additional features that are useful for academic use, such as the ability to create 3D models and export data to a variety of formats.\" \/>\n<meta property=\"og:url\" content=\"https:\/\/www.ghostysky.com\/es\/producto-2\/gm-academic-license\/\" \/>\n<meta property=\"og:site_name\" content=\"Ghostysky\" \/>\n<meta property=\"article:publisher\" content=\"https:\/\/www.facebook.com\/people\/Ghostysky\/100057676170234\/\" \/>\n<meta property=\"article:modified_time\" content=\"2024-03-17T09:44:15+00:00\" \/>\n<meta property=\"og:image\" content=\"https:\/\/www.ghostysky.com\/wp-content\/uploads\/2024\/02\/GlobalMapperAcademicLicense.png\" \/>\n\t<meta property=\"og:image:width\" content=\"1500\" \/>\n\t<meta property=\"og:image:height\" content=\"1299\" \/>\n\t<meta property=\"og:image:type\" content=\"image\/png\" \/>\n<meta name=\"twitter:card\" content=\"summary_large_image\" \/>\n<meta name=\"twitter:site\" content=\"@Gh0stysky\" \/>\n<meta name=\"twitter:label1\" content=\"Tiempo de lectura\" \/>\n\t<meta name=\"twitter:data1\" content=\"1 minuto\" \/>\n<script type=\"application\/ld+json\" class=\"yoast-schema-graph\">{\"@context\":\"https:\\\/\\\/schema.org\",\"@graph\":[{\"@type\":\"WebPage\",\"@id\":\"https:\\\/\\\/www.ghostysky.com\\\/product\\\/gm-academic-license\\\/\",\"url\":\"https:\\\/\\\/www.ghostysky.com\\\/product\\\/gm-academic-license\\\/\",\"name\":\"GM Academic License - Ghostysky\",\"isPartOf\":{\"@id\":\"https:\\\/\\\/www.ghostysky.com\\\/#website\"},\"primaryImageOfPage\":{\"@id\":\"https:\\\/\\\/www.ghostysky.com\\\/product\\\/gm-academic-license\\\/#primaryimage\"},\"image\":{\"@id\":\"https:\\\/\\\/www.ghostysky.com\\\/product\\\/gm-academic-license\\\/#primaryimage\"},\"thumbnailUrl\":\"https:\\\/\\\/www.ghostysky.com\\\/wp-content\\\/uploads\\\/2024\\\/02\\\/GlobalMapperAcademicLicense.png\",\"datePublished\":\"2024-02-10T10:54:44+00:00\",\"dateModified\":\"2024-03-17T09:44:15+00:00\",\"description\":\"Global Mapper Academic License is available to accredited institutions of higher education. This includes colleges, universities, and technical schools.\u00a0Includes all the features of the Global Mapper Standard Edition, plus some additional features that are useful for academic use, such as the ability to create 3D models and export data to a variety of formats.\",\"breadcrumb\":{\"@id\":\"https:\\\/\\\/www.ghostysky.com\\\/product\\\/gm-academic-license\\\/#breadcrumb\"},\"inLanguage\":\"es\",\"potentialAction\":[{\"@type\":\"ReadAction\",\"target\":[\"https:\\\/\\\/www.ghostysky.com\\\/product\\\/gm-academic-license\\\/\"]}]},{\"@type\":\"ImageObject\",\"inLanguage\":\"es\",\"@id\":\"https:\\\/\\\/www.ghostysky.com\\\/product\\\/gm-academic-license\\\/#primaryimage\",\"url\":\"https:\\\/\\\/www.ghostysky.com\\\/wp-content\\\/uploads\\\/2024\\\/02\\\/GlobalMapperAcademicLicense.png\",\"contentUrl\":\"https:\\\/\\\/www.ghostysky.com\\\/wp-content\\\/uploads\\\/2024\\\/02\\\/GlobalMapperAcademicLicense.png\",\"width\":1500,\"height\":1299},{\"@type\":\"BreadcrumbList\",\"@id\":\"https:\\\/\\\/www.ghostysky.com\\\/product\\\/gm-academic-license\\\/#breadcrumb\",\"itemListElement\":[{\"@type\":\"ListItem\",\"position\":1,\"name\":\"Home\",\"item\":\"https:\\\/\\\/www.ghostysky.com\\\/\"},{\"@type\":\"ListItem\",\"position\":2,\"name\":\"Shop\",\"item\":\"https:\\\/\\\/www.ghostysky.com\\\/shop\\\/\"},{\"@type\":\"ListItem\",\"position\":3,\"name\":\"GM Academic License\"}]},{\"@type\":\"WebSite\",\"@id\":\"https:\\\/\\\/www.ghostysky.com\\\/#website\",\"url\":\"https:\\\/\\\/www.ghostysky.com\\\/\",\"name\":\"Ghostysky\",\"description\":\"Delivering professional drones and robotics solutions\",\"publisher\":{\"@id\":\"https:\\\/\\\/www.ghostysky.com\\\/#organization\"},\"potentialAction\":[{\"@type\":\"SearchAction\",\"target\":{\"@type\":\"EntryPoint\",\"urlTemplate\":\"https:\\\/\\\/www.ghostysky.com\\\/?s={search_term_string}\"},\"query-input\":{\"@type\":\"PropertyValueSpecification\",\"valueRequired\":true,\"valueName\":\"search_term_string\"}}],\"inLanguage\":\"es\"},{\"@type\":\"Organization\",\"@id\":\"https:\\\/\\\/www.ghostysky.com\\\/#organization\",\"name\":\"Ghostysky\",\"url\":\"https:\\\/\\\/www.ghostysky.com\\\/\",\"logo\":{\"@type\":\"ImageObject\",\"inLanguage\":\"es\",\"@id\":\"https:\\\/\\\/www.ghostysky.com\\\/#\\\/schema\\\/logo\\\/image\\\/\",\"url\":\"https:\\\/\\\/www.ghostysky.com\\\/wp-content\\\/uploads\\\/2020\\\/06\\\/cropped-ghostyskylogo_text_white2.png\",\"contentUrl\":\"https:\\\/\\\/www.ghostysky.com\\\/wp-content\\\/uploads\\\/2020\\\/06\\\/cropped-ghostyskylogo_text_white2.png\",\"width\":169,\"height\":56,\"caption\":\"Ghostysky\"},\"image\":{\"@id\":\"https:\\\/\\\/www.ghostysky.com\\\/#\\\/schema\\\/logo\\\/image\\\/\"},\"sameAs\":[\"https:\\\/\\\/www.facebook.com\\\/people\\\/Ghostysky\\\/100057676170234\\\/\",\"https:\\\/\\\/x.com\\\/Gh0stysky\",\"https:\\\/\\\/www.linkedin.com\\\/company\\\/34739653\",\"https:\\\/\\\/www.instagram.com\\\/gh0stysky\"]}]}<\/script>\n<!-- \/ Yoast SEO plugin. -->","yoast_head_json":{"title":"Licencia acad\u00e9mica de GM - Ghostysky","description":"La licencia acad\u00e9mica Global Mapper est\u00e1 disponible para instituciones acreditadas de educaci\u00f3n superior. Esto incluye colegios, universidades y escuelas t\u00e9cnicas. Incluye todas las funciones de Global Mapper Standard Edition, adem\u00e1s de algunas funciones adicionales que son \u00fatiles para uso acad\u00e9mico, como la capacidad de crear modelos 3D y exportar datos a una variedad de formatos.","robots":{"index":"index","follow":"follow","max-snippet":"max-snippet:-1","max-image-preview":"max-image-preview:large","max-video-preview":"max-video-preview:-1"},"canonical":"https:\/\/www.ghostysky.com\/es\/producto-2\/gm-academic-license\/","og_locale":"es_ES","og_type":"article","og_title":"GM Academic License - Ghostysky","og_description":"Global Mapper Academic License is available to accredited institutions of higher education. This includes colleges, universities, and technical schools.\u00a0Includes all the features of the Global Mapper Standard Edition, plus some additional features that are useful for academic use, such as the ability to create 3D models and export data to a variety of formats.","og_url":"https:\/\/www.ghostysky.com\/es\/producto-2\/gm-academic-license\/","og_site_name":"Ghostysky","article_publisher":"https:\/\/www.facebook.com\/people\/Ghostysky\/100057676170234\/","article_modified_time":"2024-03-17T09:44:15+00:00","og_image":[{"width":1500,"height":1299,"url":"https:\/\/www.ghostysky.com\/wp-content\/uploads\/2024\/02\/GlobalMapperAcademicLicense.png","type":"image\/png"}],"twitter_card":"summary_large_image","twitter_site":"@Gh0stysky","twitter_misc":{"Tiempo de lectura":"1 minuto"},"schema":{"@context":"https:\/\/schema.org","@graph":[{"@type":"WebPage","@id":"https:\/\/www.ghostysky.com\/product\/gm-academic-license\/","url":"https:\/\/www.ghostysky.com\/product\/gm-academic-license\/","name":"Licencia acad\u00e9mica de GM - Ghostysky","isPartOf":{"@id":"https:\/\/www.ghostysky.com\/#website"},"primaryImageOfPage":{"@id":"https:\/\/www.ghostysky.com\/product\/gm-academic-license\/#primaryimage"},"image":{"@id":"https:\/\/www.ghostysky.com\/product\/gm-academic-license\/#primaryimage"},"thumbnailUrl":"https:\/\/www.ghostysky.com\/wp-content\/uploads\/2024\/02\/GlobalMapperAcademicLicense.png","datePublished":"2024-02-10T10:54:44+00:00","dateModified":"2024-03-17T09:44:15+00:00","description":"La licencia acad\u00e9mica Global Mapper est\u00e1 disponible para instituciones acreditadas de educaci\u00f3n superior. Esto incluye colegios, universidades y escuelas t\u00e9cnicas. Incluye todas las funciones de Global Mapper Standard Edition, adem\u00e1s de algunas funciones adicionales que son \u00fatiles para uso acad\u00e9mico, como la capacidad de crear modelos 3D y exportar datos a una variedad de formatos.","breadcrumb":{"@id":"https:\/\/www.ghostysky.com\/product\/gm-academic-license\/#breadcrumb"},"inLanguage":"es","potentialAction":[{"@type":"ReadAction","target":["https:\/\/www.ghostysky.com\/product\/gm-academic-license\/"]}]},{"@type":"ImageObject","inLanguage":"es","@id":"https:\/\/www.ghostysky.com\/product\/gm-academic-license\/#primaryimage","url":"https:\/\/www.ghostysky.com\/wp-content\/uploads\/2024\/02\/GlobalMapperAcademicLicense.png","contentUrl":"https:\/\/www.ghostysky.com\/wp-content\/uploads\/2024\/02\/GlobalMapperAcademicLicense.png","width":1500,"height":1299},{"@type":"BreadcrumbList","@id":"https:\/\/www.ghostysky.com\/product\/gm-academic-license\/#breadcrumb","itemListElement":[{"@type":"ListItem","position":1,"name":"Home","item":"https:\/\/www.ghostysky.com\/"},{"@type":"ListItem","position":2,"name":"Shop","item":"https:\/\/www.ghostysky.com\/shop\/"},{"@type":"ListItem","position":3,"name":"GM Academic License"}]},{"@type":"WebSite","@id":"https:\/\/www.ghostysky.com\/#website","url":"https:\/\/www.ghostysky.com\/","name":"Ghostysky","description":"Ofrecemos soluciones profesionales de drones y rob\u00f3tica.","publisher":{"@id":"https:\/\/www.ghostysky.com\/#organization"},"potentialAction":[{"@type":"SearchAction","target":{"@type":"EntryPoint","urlTemplate":"https:\/\/www.ghostysky.com\/?s={search_term_string}"},"query-input":{"@type":"PropertyValueSpecification","valueRequired":true,"valueName":"search_term_string"}}],"inLanguage":"es"},{"@type":"Organization","@id":"https:\/\/www.ghostysky.com\/#organization","name":"Ghostysky","url":"https:\/\/www.ghostysky.com\/","logo":{"@type":"ImageObject","inLanguage":"es","@id":"https:\/\/www.ghostysky.com\/#\/schema\/logo\/image\/","url":"https:\/\/www.ghostysky.com\/wp-content\/uploads\/2020\/06\/cropped-ghostyskylogo_text_white2.png","contentUrl":"https:\/\/www.ghostysky.com\/wp-content\/uploads\/2020\/06\/cropped-ghostyskylogo_text_white2.png","width":169,"height":56,"caption":"Ghostysky"},"image":{"@id":"https:\/\/www.ghostysky.com\/#\/schema\/logo\/image\/"},"sameAs":["https:\/\/www.facebook.com\/people\/Ghostysky\/100057676170234\/","https:\/\/x.com\/Gh0stysky","https:\/\/www.linkedin.com\/company\/34739653","https:\/\/www.instagram.com\/gh0stysky"]}]}},"_links":{"self":[{"href":"https:\/\/www.ghostysky.com\/es\/wp-json\/wp\/v2\/product\/15964","targetHints":{"allow":["GET"]}}],"collection":[{"href":"https:\/\/www.ghostysky.com\/es\/wp-json\/wp\/v2\/product"}],"about":[{"href":"https:\/\/www.ghostysky.com\/es\/wp-json\/wp\/v2\/types\/product"}],"replies":[{"embeddable":true,"href":"https:\/\/www.ghostysky.com\/es\/wp-json\/wp\/v2\/comments?post=15964"}],"version-history":[{"count":0,"href":"https:\/\/www.ghostysky.com\/es\/wp-json\/wp\/v2\/product\/15964\/revisions"}],"wp:featuredmedia":[{"embeddable":true,"href":"https:\/\/www.ghostysky.com\/es\/wp-json\/wp\/v2\/media\/15965"}],"wp:attachment":[{"href":"https:\/\/www.ghostysky.com\/es\/wp-json\/wp\/v2\/media?parent=15964"}],"wp:term":[{"taxonomy":"product_brand","embeddable":true,"href":"https:\/\/www.ghostysky.com\/es\/wp-json\/wp\/v2\/product_brand?post=15964"},{"taxonomy":"product_cat","embeddable":true,"href":"https:\/\/www.ghostysky.com\/es\/wp-json\/wp\/v2\/product_cat?post=15964"},{"taxonomy":"product_tag","embeddable":true,"href":"https:\/\/www.ghostysky.com\/es\/wp-json\/wp\/v2\/product_tag?post=15964"}],"curies":[{"name":"wp","href":"https:\/\/api.w.org\/{rel}","templated":true}]}}