{"id":15969,"date":"2024-02-10T11:17:26","date_gmt":"2024-02-10T11:17:26","guid":{"rendered":"https:\/\/www.ghostysky.com\/?post_type=product&#038;p=15969"},"modified":"2024-03-17T09:43:50","modified_gmt":"2024-03-17T09:43:50","slug":"geographic-calculator-single-user-node-locked","status":"publish","type":"product","link":"https:\/\/www.ghostysky.com\/es\/product\/geographic-calculator-single-user-node-locked\/","title":{"rendered":"Geographic Calculator: usuario \u00fanico, nodo bloqueado"},"content":{"rendered":"<p data-sourcepos=\"7:1-7:109\"><strong>Geographic Calculator<\/strong> puede convertir entre una amplia variedad de sistemas de coordenadas, incluidas latitud\/longitud, UTM y coordenadas del plano estatal. Tambi\u00e9n puede transformar coordenadas entre diferentes datos de referencia, como WGS84 y NAD83. Adem\u00e1s, Geographic Calculator puede traducir entre una variedad de formatos de archivos geoespaciales, como archivos de forma, KML y GPX.<\/p>\n<p data-sourcepos=\"9:1-9:91\">La Calculadora geogr\u00e1fica es una herramienta vers\u00e1til que se puede utilizar para una variedad de tareas, tales como:<\/p>\n<ul data-sourcepos=\"11:1-15:0\">\n<li data-sourcepos=\"11:1-11:17\"><strong>Planeando un viaje<\/strong><\/li>\n<li data-sourcepos=\"12:1-12:20\"><strong>Mapeo de una propiedad<\/strong><\/li>\n<li data-sourcepos=\"13:1-13:27\"><strong>An\u00e1lisis de datos geoespaciales<\/strong><\/li>\n<li data-sourcepos=\"14:1-15:0\"><strong>Creando mapas<\/strong><\/li>\n<\/ul>\n<p data-sourcepos=\"16:1-16:125\">La Calculadora geogr\u00e1fica est\u00e1 disponible para Windows, macOS y Linux. Es un software pago, pero hay una prueba gratuita disponible.<\/p>\n<p data-sourcepos=\"18:1-18:33\">En general, Geographic Calculator es una herramienta poderosa y f\u00e1cil de usar que puede usarse para una variedad de tareas geoespaciales.<\/p>","protected":false},"excerpt":{"rendered":"<p><span class=\"citation-0 citation-end-0 animating\"><strong>Geographic Calculator<\/strong> es un potente software geod\u00e9sico para conversi\u00f3n precisa de coordenadas, transformaci\u00f3n de datos y traducci\u00f3n de archivos.<\/span><span class=\"animating\"> Est\u00e1 dise\u00f1ado para profesionales SIG,<\/span><span class=\"animating\"> top\u00f3grafos,<\/span><span class=\"animating\"> ingenieros,<\/span><span class=\"animating\"> y cualquiera que trabaje con datos geoespaciales.<\/span><\/p>\n<p>\u2013&gt;&gt; <strong>Esta licencia est\u00e1 bloqueada por nodo en una computadora y no se puede acceder a ella de forma remota.<\/strong> &lt;&lt;\u2013<\/p>\n<p>&nbsp;<\/p>","protected":false},"featured_media":15970,"comment_status":"open","ping_status":"closed","template":"","meta":[],"product_brand":[],"product_cat":[670,31],"product_tag":[680,679],"class_list":{"0":"post-15969","1":"product","2":"type-product","3":"status-publish","4":"has-post-thumbnail","6":"product_cat-blue-marble","7":"product_cat-software","8":"product_tag-blue-marble","9":"product_tag-geographic-calculator","11":"first","12":"instock","13":"taxable","14":"shipping-taxable","15":"product-type-simple"},"yoast_head":"<!-- This site is optimized with the Yoast SEO plugin v27.1.1 - https:\/\/yoast.com\/product\/yoast-seo-wordpress\/ -->\n<title>Geographic Calculator - Single User, Node Locked - Ghostysky<\/title>\n<meta name=\"description\" content=\"Geographic Calculator is a powerful geodetic software for accurate coordinate conversion, datum transformation, and file translation. It is designed for GIS professionals, surveyors, engineers, and anyone who works with geospatial data.\" \/>\n<meta name=\"robots\" content=\"index, follow, max-snippet:-1, max-image-preview:large, max-video-preview:-1\" \/>\n<link rel=\"canonical\" href=\"https:\/\/www.ghostysky.com\/es\/producto-2\/geographic-calculator-single-user-node-locked\/\" \/>\n<meta property=\"og:locale\" content=\"es_ES\" \/>\n<meta property=\"og:type\" content=\"article\" \/>\n<meta property=\"og:title\" content=\"Geographic Calculator - Single User, Node Locked - Ghostysky\" \/>\n<meta property=\"og:description\" content=\"Geographic Calculator is a powerful geodetic software for accurate coordinate conversion, datum transformation, and file translation. It is designed for GIS professionals, surveyors, engineers, and anyone who works with geospatial data.\" \/>\n<meta property=\"og:url\" content=\"https:\/\/www.ghostysky.com\/es\/producto-2\/geographic-calculator-single-user-node-locked\/\" \/>\n<meta property=\"og:site_name\" content=\"Ghostysky\" \/>\n<meta property=\"article:publisher\" content=\"https:\/\/www.facebook.com\/people\/Ghostysky\/100057676170234\/\" \/>\n<meta property=\"article:modified_time\" content=\"2024-03-17T09:43:50+00:00\" \/>\n<meta property=\"og:image\" content=\"https:\/\/www.ghostysky.com\/wp-content\/uploads\/2024\/02\/GeographicCalculator.png\" \/>\n\t<meta property=\"og:image:width\" content=\"1500\" \/>\n\t<meta property=\"og:image:height\" content=\"1299\" \/>\n\t<meta property=\"og:image:type\" content=\"image\/png\" \/>\n<meta name=\"twitter:card\" content=\"summary_large_image\" \/>\n<meta name=\"twitter:site\" content=\"@Gh0stysky\" \/>\n<meta name=\"twitter:label1\" content=\"Tiempo de lectura\" \/>\n\t<meta name=\"twitter:data1\" content=\"1 minuto\" \/>\n<script type=\"application\/ld+json\" class=\"yoast-schema-graph\">{\"@context\":\"https:\/\/schema.org\",\"@graph\":[{\"@type\":\"WebPage\",\"@id\":\"https:\/\/www.ghostysky.com\/product\/geographic-calculator-single-user-node-locked\/\",\"url\":\"https:\/\/www.ghostysky.com\/product\/geographic-calculator-single-user-node-locked\/\",\"name\":\"Geographic Calculator - Single User, Node Locked - Ghostysky\",\"isPartOf\":{\"@id\":\"https:\/\/www.ghostysky.com\/#website\"},\"primaryImageOfPage\":{\"@id\":\"https:\/\/www.ghostysky.com\/product\/geographic-calculator-single-user-node-locked\/#primaryimage\"},\"image\":{\"@id\":\"https:\/\/www.ghostysky.com\/product\/geographic-calculator-single-user-node-locked\/#primaryimage\"},\"thumbnailUrl\":\"https:\/\/www.ghostysky.com\/wp-content\/uploads\/2024\/02\/GeographicCalculator.png\",\"datePublished\":\"2024-02-10T11:17:26+00:00\",\"dateModified\":\"2024-03-17T09:43:50+00:00\",\"description\":\"Geographic Calculator is a powerful geodetic software for accurate coordinate conversion, datum transformation, and file translation. It is designed for GIS professionals, surveyors, engineers, and anyone who works with geospatial data.\",\"breadcrumb\":{\"@id\":\"https:\/\/www.ghostysky.com\/product\/geographic-calculator-single-user-node-locked\/#breadcrumb\"},\"inLanguage\":\"es\",\"potentialAction\":[{\"@type\":\"ReadAction\",\"target\":[\"https:\/\/www.ghostysky.com\/product\/geographic-calculator-single-user-node-locked\/\"]}]},{\"@type\":\"ImageObject\",\"inLanguage\":\"es\",\"@id\":\"https:\/\/www.ghostysky.com\/product\/geographic-calculator-single-user-node-locked\/#primaryimage\",\"url\":\"https:\/\/www.ghostysky.com\/wp-content\/uploads\/2024\/02\/GeographicCalculator.png\",\"contentUrl\":\"https:\/\/www.ghostysky.com\/wp-content\/uploads\/2024\/02\/GeographicCalculator.png\",\"width\":1500,\"height\":1299},{\"@type\":\"BreadcrumbList\",\"@id\":\"https:\/\/www.ghostysky.com\/product\/geographic-calculator-single-user-node-locked\/#breadcrumb\",\"itemListElement\":[{\"@type\":\"ListItem\",\"position\":1,\"name\":\"Home\",\"item\":\"https:\/\/www.ghostysky.com\/\"},{\"@type\":\"ListItem\",\"position\":2,\"name\":\"Shop\",\"item\":\"https:\/\/www.ghostysky.com\/shop\/\"},{\"@type\":\"ListItem\",\"position\":3,\"name\":\"Geographic Calculator &#8211; Single User, Node Locked\"}]},{\"@type\":\"WebSite\",\"@id\":\"https:\/\/www.ghostysky.com\/#website\",\"url\":\"https:\/\/www.ghostysky.com\/\",\"name\":\"Ghostysky\",\"description\":\"Delivering professional drones and services\",\"publisher\":{\"@id\":\"https:\/\/www.ghostysky.com\/#organization\"},\"potentialAction\":[{\"@type\":\"SearchAction\",\"target\":{\"@type\":\"EntryPoint\",\"urlTemplate\":\"https:\/\/www.ghostysky.com\/?s={search_term_string}\"},\"query-input\":{\"@type\":\"PropertyValueSpecification\",\"valueRequired\":true,\"valueName\":\"search_term_string\"}}],\"inLanguage\":\"es\"},{\"@type\":\"Organization\",\"@id\":\"https:\/\/www.ghostysky.com\/#organization\",\"name\":\"Ghostysky\",\"url\":\"https:\/\/www.ghostysky.com\/\",\"logo\":{\"@type\":\"ImageObject\",\"inLanguage\":\"es\",\"@id\":\"https:\/\/www.ghostysky.com\/#\/schema\/logo\/image\/\",\"url\":\"https:\/\/www.ghostysky.com\/wp-content\/uploads\/2020\/06\/cropped-ghostyskylogo_text_white2.png\",\"contentUrl\":\"https:\/\/www.ghostysky.com\/wp-content\/uploads\/2020\/06\/cropped-ghostyskylogo_text_white2.png\",\"width\":169,\"height\":56,\"caption\":\"Ghostysky\"},\"image\":{\"@id\":\"https:\/\/www.ghostysky.com\/#\/schema\/logo\/image\/\"},\"sameAs\":[\"https:\/\/www.facebook.com\/people\/Ghostysky\/100057676170234\/\",\"https:\/\/x.com\/Gh0stysky\",\"https:\/\/www.linkedin.com\/company\/34739653\",\"https:\/\/www.instagram.com\/gh0stysky\"]}]}<\/script>\n<!-- \/ Yoast SEO plugin. -->","yoast_head_json":{"title":"Calculadora geogr\u00e1fica: usuario \u00fanico, nodo bloqueado - Ghostysky","description":"Geographic Calculator es un potente software geod\u00e9sico para la conversi\u00f3n precisa de coordenadas, transformaci\u00f3n de datos y traducci\u00f3n de archivos. Est\u00e1 dise\u00f1ado para profesionales SIG, top\u00f3grafos, ingenieros y cualquier persona que trabaje con datos geoespaciales.","robots":{"index":"index","follow":"follow","max-snippet":"max-snippet:-1","max-image-preview":"max-image-preview:large","max-video-preview":"max-video-preview:-1"},"canonical":"https:\/\/www.ghostysky.com\/es\/producto-2\/geographic-calculator-single-user-node-locked\/","og_locale":"es_ES","og_type":"article","og_title":"Geographic Calculator - Single User, Node Locked - Ghostysky","og_description":"Geographic Calculator is a powerful geodetic software for accurate coordinate conversion, datum transformation, and file translation. It is designed for GIS professionals, surveyors, engineers, and anyone who works with geospatial data.","og_url":"https:\/\/www.ghostysky.com\/es\/producto-2\/geographic-calculator-single-user-node-locked\/","og_site_name":"Ghostysky","article_publisher":"https:\/\/www.facebook.com\/people\/Ghostysky\/100057676170234\/","article_modified_time":"2024-03-17T09:43:50+00:00","og_image":[{"width":1500,"height":1299,"url":"https:\/\/www.ghostysky.com\/wp-content\/uploads\/2024\/02\/GeographicCalculator.png","type":"image\/png"}],"twitter_card":"summary_large_image","twitter_site":"@Gh0stysky","twitter_misc":{"Tiempo de lectura":"1 minuto"},"schema":{"@context":"https:\/\/schema.org","@graph":[{"@type":"WebPage","@id":"https:\/\/www.ghostysky.com\/product\/geographic-calculator-single-user-node-locked\/","url":"https:\/\/www.ghostysky.com\/product\/geographic-calculator-single-user-node-locked\/","name":"Calculadora geogr\u00e1fica: usuario \u00fanico, nodo bloqueado - Ghostysky","isPartOf":{"@id":"https:\/\/www.ghostysky.com\/#website"},"primaryImageOfPage":{"@id":"https:\/\/www.ghostysky.com\/product\/geographic-calculator-single-user-node-locked\/#primaryimage"},"image":{"@id":"https:\/\/www.ghostysky.com\/product\/geographic-calculator-single-user-node-locked\/#primaryimage"},"thumbnailUrl":"https:\/\/www.ghostysky.com\/wp-content\/uploads\/2024\/02\/GeographicCalculator.png","datePublished":"2024-02-10T11:17:26+00:00","dateModified":"2024-03-17T09:43:50+00:00","description":"Geographic Calculator es un potente software geod\u00e9sico para la conversi\u00f3n precisa de coordenadas, transformaci\u00f3n de datos y traducci\u00f3n de archivos. Est\u00e1 dise\u00f1ado para profesionales SIG, top\u00f3grafos, ingenieros y cualquier persona que trabaje con datos geoespaciales.","breadcrumb":{"@id":"https:\/\/www.ghostysky.com\/product\/geographic-calculator-single-user-node-locked\/#breadcrumb"},"inLanguage":"es","potentialAction":[{"@type":"ReadAction","target":["https:\/\/www.ghostysky.com\/product\/geographic-calculator-single-user-node-locked\/"]}]},{"@type":"ImageObject","inLanguage":"es","@id":"https:\/\/www.ghostysky.com\/product\/geographic-calculator-single-user-node-locked\/#primaryimage","url":"https:\/\/www.ghostysky.com\/wp-content\/uploads\/2024\/02\/GeographicCalculator.png","contentUrl":"https:\/\/www.ghostysky.com\/wp-content\/uploads\/2024\/02\/GeographicCalculator.png","width":1500,"height":1299},{"@type":"BreadcrumbList","@id":"https:\/\/www.ghostysky.com\/product\/geographic-calculator-single-user-node-locked\/#breadcrumb","itemListElement":[{"@type":"ListItem","position":1,"name":"Home","item":"https:\/\/www.ghostysky.com\/"},{"@type":"ListItem","position":2,"name":"Shop","item":"https:\/\/www.ghostysky.com\/shop\/"},{"@type":"ListItem","position":3,"name":"Geographic Calculator &#8211; Single User, Node Locked"}]},{"@type":"WebSite","@id":"https:\/\/www.ghostysky.com\/#website","url":"https:\/\/www.ghostysky.com\/","name":"Ghostysky","description":"Entrega de drones y servicios profesionales","publisher":{"@id":"https:\/\/www.ghostysky.com\/#organization"},"potentialAction":[{"@type":"SearchAction","target":{"@type":"EntryPoint","urlTemplate":"https:\/\/www.ghostysky.com\/?s={search_term_string}"},"query-input":{"@type":"PropertyValueSpecification","valueRequired":true,"valueName":"search_term_string"}}],"inLanguage":"es"},{"@type":"Organization","@id":"https:\/\/www.ghostysky.com\/#organization","name":"Ghostysky","url":"https:\/\/www.ghostysky.com\/","logo":{"@type":"ImageObject","inLanguage":"es","@id":"https:\/\/www.ghostysky.com\/#\/schema\/logo\/image\/","url":"https:\/\/www.ghostysky.com\/wp-content\/uploads\/2020\/06\/cropped-ghostyskylogo_text_white2.png","contentUrl":"https:\/\/www.ghostysky.com\/wp-content\/uploads\/2020\/06\/cropped-ghostyskylogo_text_white2.png","width":169,"height":56,"caption":"Ghostysky"},"image":{"@id":"https:\/\/www.ghostysky.com\/#\/schema\/logo\/image\/"},"sameAs":["https:\/\/www.facebook.com\/people\/Ghostysky\/100057676170234\/","https:\/\/x.com\/Gh0stysky","https:\/\/www.linkedin.com\/company\/34739653","https:\/\/www.instagram.com\/gh0stysky"]}]}},"_links":{"self":[{"href":"https:\/\/www.ghostysky.com\/es\/wp-json\/wp\/v2\/product\/15969","targetHints":{"allow":["GET"]}}],"collection":[{"href":"https:\/\/www.ghostysky.com\/es\/wp-json\/wp\/v2\/product"}],"about":[{"href":"https:\/\/www.ghostysky.com\/es\/wp-json\/wp\/v2\/types\/product"}],"replies":[{"embeddable":true,"href":"https:\/\/www.ghostysky.com\/es\/wp-json\/wp\/v2\/comments?post=15969"}],"wp:featuredmedia":[{"embeddable":true,"href":"https:\/\/www.ghostysky.com\/es\/wp-json\/wp\/v2\/media\/15970"}],"wp:attachment":[{"href":"https:\/\/www.ghostysky.com\/es\/wp-json\/wp\/v2\/media?parent=15969"}],"wp:term":[{"taxonomy":"product_brand","embeddable":true,"href":"https:\/\/www.ghostysky.com\/es\/wp-json\/wp\/v2\/product_brand?post=15969"},{"taxonomy":"product_cat","embeddable":true,"href":"https:\/\/www.ghostysky.com\/es\/wp-json\/wp\/v2\/product_cat?post=15969"},{"taxonomy":"product_tag","embeddable":true,"href":"https:\/\/www.ghostysky.com\/es\/wp-json\/wp\/v2\/product_tag?post=15969"}],"curies":[{"name":"wp","href":"https:\/\/api.w.org\/{rel}","templated":true}]}}