{"id":15981,"date":"2024-02-10T11:45:52","date_gmt":"2024-02-10T11:45:52","guid":{"rendered":"https:\/\/www.ghostysky.com\/?post_type=product&#038;p=15981"},"modified":"2024-03-17T09:43:27","modified_gmt":"2024-03-17T09:43:27","slug":"global-mapper-standard-sdk","status":"publish","type":"product","link":"https:\/\/www.ghostysky.com\/es\/product\/global-mapper-standard-sdk\/","title":{"rendered":"Global Mapper SDK est\u00e1ndar"},"content":{"rendered":"<p data-sourcepos=\"1:1-1:140\">Global Mapper SDK es un conjunto de herramientas que le permite agregar potentes funciones geoespaciales a sus propias aplicaciones de software. Aqu\u00ed hay un resumen r\u00e1pido:<\/p>\n<p data-sourcepos=\"3:1-3:17\"><strong>Que hace:<\/strong><\/p>\n<ul data-sourcepos=\"5:1-5:82\">\n<li data-sourcepos=\"5:1-5:82\">Proporciona acceso a muchas funciones de la aplicaci\u00f3n de escritorio Global Mapper, como:\n<ul data-sourcepos=\"6:5-8:5\">\n<li data-sourcepos=\"6:5-6:72\">Visualizaci\u00f3n y manipulaci\u00f3n de datos geoespaciales (mapas, im\u00e1genes, LiDAR)<\/li>\n<li data-sourcepos=\"7:5-7:54\">Realizar c\u00e1lculos y conversiones geod\u00e9sicas.<\/li>\n<li data-sourcepos=\"8:5-8:5\">Edici\u00f3n y creaci\u00f3n de formatos de datos geoespaciales.<\/li>\n<\/ul>\n<\/li>\n<li data-sourcepos=\"9:1-9:55\">Se integra con aplicaciones existentes o personalizadas<\/li>\n<li data-sourcepos=\"10:1-10:32\">Funciona en plataforma Windows con varios lenguajes de programaci\u00f3n.<\/li>\n<\/ul>\n<p data-sourcepos=\"12:1-12:17\"><strong>Caracter\u00edsticas clave:<\/strong><\/p>\n<ul data-sourcepos=\"14:1-15:17\">\n<li data-sourcepos=\"14:1-14:25\">Admite datos 2D y 3D<\/li>\n<li data-sourcepos=\"15:1-15:17\">Maneja varios formatos de archivo (raster, vector, LiDAR)<\/li>\n<li data-sourcepos=\"16:1-16:63\">Incluye capacidades avanzadas de procesamiento LiDAR (versi\u00f3n Pro)<\/li>\n<li data-sourcepos=\"17:1-18:0\">Ofrece licencia de evaluaci\u00f3n gratuita y licencias comerciales pagas.<\/li>\n<\/ul>\n<p data-sourcepos=\"19:1-19:16\"><strong>Quien lo usa:<\/strong><\/p>\n<ul data-sourcepos=\"21:1-24:0\">\n<li data-sourcepos=\"21:1-21:54\">Desarrolladores de software que crean aplicaciones geoespaciales<\/li>\n<li data-sourcepos=\"22:1-22:45\">Profesionales SIG que ampl\u00edan sus flujos de trabajo<\/li>\n<li data-sourcepos=\"23:1-24:0\">Investigadores que necesitan herramientas geoespaciales avanzadas<\/li>\n<\/ul>","protected":false},"excerpt":{"rendered":"<p>El kit de herramientas para desarrolladores de software Global Mapper Standard (tambi\u00e9n conocido como API) permite a un desarrollador trabajar con el SDK para desarrollar aplicaciones personalizadas.<\/p>","protected":false},"featured_media":15982,"comment_status":"open","ping_status":"closed","template":"","meta":[],"product_brand":[],"product_cat":[670,31],"product_tag":[682,683],"class_list":{"0":"post-15981","1":"product","2":"type-product","3":"status-publish","4":"has-post-thumbnail","6":"product_cat-blue-marble","7":"product_cat-software","8":"product_tag-global-mapper-standard-sdk","9":"product_tag-software-development-kits","11":"first","12":"instock","13":"taxable","14":"shipping-taxable","15":"product-type-simple"},"yoast_head":"<!-- This site is optimized with the Yoast SEO plugin v27.1.1 - https:\/\/yoast.com\/product\/yoast-seo-wordpress\/ -->\n<title>Global Mapper Standard SDK - Ghostysky<\/title>\n<meta name=\"description\" content=\"The Global Mapper Standard Software Developer Toolkit (also known as an API) entitles one developer to work with the SDK to develop custom applications.\" \/>\n<meta name=\"robots\" content=\"index, follow, max-snippet:-1, max-image-preview:large, max-video-preview:-1\" \/>\n<link rel=\"canonical\" href=\"https:\/\/www.ghostysky.com\/es\/producto-2\/global-mapper-standard-sdk\/\" \/>\n<meta property=\"og:locale\" content=\"es_ES\" \/>\n<meta property=\"og:type\" content=\"article\" \/>\n<meta property=\"og:title\" content=\"Global Mapper Standard SDK - Ghostysky\" \/>\n<meta property=\"og:description\" content=\"The Global Mapper Standard Software Developer Toolkit (also known as an API) entitles one developer to work with the SDK to develop custom applications.\" \/>\n<meta property=\"og:url\" content=\"https:\/\/www.ghostysky.com\/es\/producto-2\/global-mapper-standard-sdk\/\" \/>\n<meta property=\"og:site_name\" content=\"Ghostysky\" \/>\n<meta property=\"article:publisher\" content=\"https:\/\/www.facebook.com\/people\/Ghostysky\/100057676170234\/\" \/>\n<meta property=\"article:modified_time\" content=\"2024-03-17T09:43:27+00:00\" \/>\n<meta property=\"og:image\" content=\"https:\/\/www.ghostysky.com\/wp-content\/uploads\/2024\/02\/GlobalMapperSDK.png\" \/>\n\t<meta property=\"og:image:width\" content=\"1500\" \/>\n\t<meta property=\"og:image:height\" content=\"1299\" \/>\n\t<meta property=\"og:image:type\" content=\"image\/png\" \/>\n<meta name=\"twitter:card\" content=\"summary_large_image\" \/>\n<meta name=\"twitter:site\" content=\"@Gh0stysky\" \/>\n<meta name=\"twitter:label1\" content=\"Tiempo de lectura\" \/>\n\t<meta name=\"twitter:data1\" content=\"1 minuto\" \/>\n<script type=\"application\/ld+json\" class=\"yoast-schema-graph\">{\"@context\":\"https:\/\/schema.org\",\"@graph\":[{\"@type\":\"WebPage\",\"@id\":\"https:\/\/www.ghostysky.com\/product\/global-mapper-standard-sdk\/\",\"url\":\"https:\/\/www.ghostysky.com\/product\/global-mapper-standard-sdk\/\",\"name\":\"Global Mapper Standard SDK - Ghostysky\",\"isPartOf\":{\"@id\":\"https:\/\/www.ghostysky.com\/#website\"},\"primaryImageOfPage\":{\"@id\":\"https:\/\/www.ghostysky.com\/product\/global-mapper-standard-sdk\/#primaryimage\"},\"image\":{\"@id\":\"https:\/\/www.ghostysky.com\/product\/global-mapper-standard-sdk\/#primaryimage\"},\"thumbnailUrl\":\"https:\/\/www.ghostysky.com\/wp-content\/uploads\/2024\/02\/GlobalMapperSDK.png\",\"datePublished\":\"2024-02-10T11:45:52+00:00\",\"dateModified\":\"2024-03-17T09:43:27+00:00\",\"description\":\"The Global Mapper Standard Software Developer Toolkit (also known as an API) entitles one developer to work with the SDK to develop custom applications.\",\"breadcrumb\":{\"@id\":\"https:\/\/www.ghostysky.com\/product\/global-mapper-standard-sdk\/#breadcrumb\"},\"inLanguage\":\"es\",\"potentialAction\":[{\"@type\":\"ReadAction\",\"target\":[\"https:\/\/www.ghostysky.com\/product\/global-mapper-standard-sdk\/\"]}]},{\"@type\":\"ImageObject\",\"inLanguage\":\"es\",\"@id\":\"https:\/\/www.ghostysky.com\/product\/global-mapper-standard-sdk\/#primaryimage\",\"url\":\"https:\/\/www.ghostysky.com\/wp-content\/uploads\/2024\/02\/GlobalMapperSDK.png\",\"contentUrl\":\"https:\/\/www.ghostysky.com\/wp-content\/uploads\/2024\/02\/GlobalMapperSDK.png\",\"width\":1500,\"height\":1299},{\"@type\":\"BreadcrumbList\",\"@id\":\"https:\/\/www.ghostysky.com\/product\/global-mapper-standard-sdk\/#breadcrumb\",\"itemListElement\":[{\"@type\":\"ListItem\",\"position\":1,\"name\":\"Home\",\"item\":\"https:\/\/www.ghostysky.com\/\"},{\"@type\":\"ListItem\",\"position\":2,\"name\":\"Shop\",\"item\":\"https:\/\/www.ghostysky.com\/shop\/\"},{\"@type\":\"ListItem\",\"position\":3,\"name\":\"Global Mapper Standard SDK\"}]},{\"@type\":\"WebSite\",\"@id\":\"https:\/\/www.ghostysky.com\/#website\",\"url\":\"https:\/\/www.ghostysky.com\/\",\"name\":\"Ghostysky\",\"description\":\"Delivering professional drones and services\",\"publisher\":{\"@id\":\"https:\/\/www.ghostysky.com\/#organization\"},\"potentialAction\":[{\"@type\":\"SearchAction\",\"target\":{\"@type\":\"EntryPoint\",\"urlTemplate\":\"https:\/\/www.ghostysky.com\/?s={search_term_string}\"},\"query-input\":{\"@type\":\"PropertyValueSpecification\",\"valueRequired\":true,\"valueName\":\"search_term_string\"}}],\"inLanguage\":\"es\"},{\"@type\":\"Organization\",\"@id\":\"https:\/\/www.ghostysky.com\/#organization\",\"name\":\"Ghostysky\",\"url\":\"https:\/\/www.ghostysky.com\/\",\"logo\":{\"@type\":\"ImageObject\",\"inLanguage\":\"es\",\"@id\":\"https:\/\/www.ghostysky.com\/#\/schema\/logo\/image\/\",\"url\":\"https:\/\/www.ghostysky.com\/wp-content\/uploads\/2020\/06\/cropped-ghostyskylogo_text_white2.png\",\"contentUrl\":\"https:\/\/www.ghostysky.com\/wp-content\/uploads\/2020\/06\/cropped-ghostyskylogo_text_white2.png\",\"width\":169,\"height\":56,\"caption\":\"Ghostysky\"},\"image\":{\"@id\":\"https:\/\/www.ghostysky.com\/#\/schema\/logo\/image\/\"},\"sameAs\":[\"https:\/\/www.facebook.com\/people\/Ghostysky\/100057676170234\/\",\"https:\/\/x.com\/Gh0stysky\",\"https:\/\/www.linkedin.com\/company\/34739653\",\"https:\/\/www.instagram.com\/gh0stysky\"]}]}<\/script>\n<!-- \/ Yoast SEO plugin. -->","yoast_head_json":{"title":"SDK del est\u00e1ndar Global Mapper - Ghostysky","description":"El kit de herramientas para desarrolladores de software Global Mapper Standard (tambi\u00e9n conocido como API) permite a un desarrollador trabajar con el SDK para desarrollar aplicaciones personalizadas.","robots":{"index":"index","follow":"follow","max-snippet":"max-snippet:-1","max-image-preview":"max-image-preview:large","max-video-preview":"max-video-preview:-1"},"canonical":"https:\/\/www.ghostysky.com\/es\/producto-2\/global-mapper-standard-sdk\/","og_locale":"es_ES","og_type":"article","og_title":"Global Mapper Standard SDK - Ghostysky","og_description":"The Global Mapper Standard Software Developer Toolkit (also known as an API) entitles one developer to work with the SDK to develop custom applications.","og_url":"https:\/\/www.ghostysky.com\/es\/producto-2\/global-mapper-standard-sdk\/","og_site_name":"Ghostysky","article_publisher":"https:\/\/www.facebook.com\/people\/Ghostysky\/100057676170234\/","article_modified_time":"2024-03-17T09:43:27+00:00","og_image":[{"width":1500,"height":1299,"url":"https:\/\/www.ghostysky.com\/wp-content\/uploads\/2024\/02\/GlobalMapperSDK.png","type":"image\/png"}],"twitter_card":"summary_large_image","twitter_site":"@Gh0stysky","twitter_misc":{"Tiempo de lectura":"1 minuto"},"schema":{"@context":"https:\/\/schema.org","@graph":[{"@type":"WebPage","@id":"https:\/\/www.ghostysky.com\/product\/global-mapper-standard-sdk\/","url":"https:\/\/www.ghostysky.com\/product\/global-mapper-standard-sdk\/","name":"SDK del est\u00e1ndar Global Mapper - Ghostysky","isPartOf":{"@id":"https:\/\/www.ghostysky.com\/#website"},"primaryImageOfPage":{"@id":"https:\/\/www.ghostysky.com\/product\/global-mapper-standard-sdk\/#primaryimage"},"image":{"@id":"https:\/\/www.ghostysky.com\/product\/global-mapper-standard-sdk\/#primaryimage"},"thumbnailUrl":"https:\/\/www.ghostysky.com\/wp-content\/uploads\/2024\/02\/GlobalMapperSDK.png","datePublished":"2024-02-10T11:45:52+00:00","dateModified":"2024-03-17T09:43:27+00:00","description":"El kit de herramientas para desarrolladores de software Global Mapper Standard (tambi\u00e9n conocido como API) permite a un desarrollador trabajar con el SDK para desarrollar aplicaciones personalizadas.","breadcrumb":{"@id":"https:\/\/www.ghostysky.com\/product\/global-mapper-standard-sdk\/#breadcrumb"},"inLanguage":"es","potentialAction":[{"@type":"ReadAction","target":["https:\/\/www.ghostysky.com\/product\/global-mapper-standard-sdk\/"]}]},{"@type":"ImageObject","inLanguage":"es","@id":"https:\/\/www.ghostysky.com\/product\/global-mapper-standard-sdk\/#primaryimage","url":"https:\/\/www.ghostysky.com\/wp-content\/uploads\/2024\/02\/GlobalMapperSDK.png","contentUrl":"https:\/\/www.ghostysky.com\/wp-content\/uploads\/2024\/02\/GlobalMapperSDK.png","width":1500,"height":1299},{"@type":"BreadcrumbList","@id":"https:\/\/www.ghostysky.com\/product\/global-mapper-standard-sdk\/#breadcrumb","itemListElement":[{"@type":"ListItem","position":1,"name":"Home","item":"https:\/\/www.ghostysky.com\/"},{"@type":"ListItem","position":2,"name":"Shop","item":"https:\/\/www.ghostysky.com\/shop\/"},{"@type":"ListItem","position":3,"name":"Global Mapper Standard SDK"}]},{"@type":"WebSite","@id":"https:\/\/www.ghostysky.com\/#website","url":"https:\/\/www.ghostysky.com\/","name":"Ghostysky","description":"Entrega de drones y servicios profesionales","publisher":{"@id":"https:\/\/www.ghostysky.com\/#organization"},"potentialAction":[{"@type":"SearchAction","target":{"@type":"EntryPoint","urlTemplate":"https:\/\/www.ghostysky.com\/?s={search_term_string}"},"query-input":{"@type":"PropertyValueSpecification","valueRequired":true,"valueName":"search_term_string"}}],"inLanguage":"es"},{"@type":"Organization","@id":"https:\/\/www.ghostysky.com\/#organization","name":"Ghostysky","url":"https:\/\/www.ghostysky.com\/","logo":{"@type":"ImageObject","inLanguage":"es","@id":"https:\/\/www.ghostysky.com\/#\/schema\/logo\/image\/","url":"https:\/\/www.ghostysky.com\/wp-content\/uploads\/2020\/06\/cropped-ghostyskylogo_text_white2.png","contentUrl":"https:\/\/www.ghostysky.com\/wp-content\/uploads\/2020\/06\/cropped-ghostyskylogo_text_white2.png","width":169,"height":56,"caption":"Ghostysky"},"image":{"@id":"https:\/\/www.ghostysky.com\/#\/schema\/logo\/image\/"},"sameAs":["https:\/\/www.facebook.com\/people\/Ghostysky\/100057676170234\/","https:\/\/x.com\/Gh0stysky","https:\/\/www.linkedin.com\/company\/34739653","https:\/\/www.instagram.com\/gh0stysky"]}]}},"_links":{"self":[{"href":"https:\/\/www.ghostysky.com\/es\/wp-json\/wp\/v2\/product\/15981","targetHints":{"allow":["GET"]}}],"collection":[{"href":"https:\/\/www.ghostysky.com\/es\/wp-json\/wp\/v2\/product"}],"about":[{"href":"https:\/\/www.ghostysky.com\/es\/wp-json\/wp\/v2\/types\/product"}],"replies":[{"embeddable":true,"href":"https:\/\/www.ghostysky.com\/es\/wp-json\/wp\/v2\/comments?post=15981"}],"wp:featuredmedia":[{"embeddable":true,"href":"https:\/\/www.ghostysky.com\/es\/wp-json\/wp\/v2\/media\/15982"}],"wp:attachment":[{"href":"https:\/\/www.ghostysky.com\/es\/wp-json\/wp\/v2\/media?parent=15981"}],"wp:term":[{"taxonomy":"product_brand","embeddable":true,"href":"https:\/\/www.ghostysky.com\/es\/wp-json\/wp\/v2\/product_brand?post=15981"},{"taxonomy":"product_cat","embeddable":true,"href":"https:\/\/www.ghostysky.com\/es\/wp-json\/wp\/v2\/product_cat?post=15981"},{"taxonomy":"product_tag","embeddable":true,"href":"https:\/\/www.ghostysky.com\/es\/wp-json\/wp\/v2\/product_tag?post=15981"}],"curies":[{"name":"wp","href":"https:\/\/api.w.org\/{rel}","templated":true}]}}