{"id":15996,"date":"2024-02-10T12:11:45","date_gmt":"2024-02-10T12:11:45","guid":{"rendered":"https:\/\/www.ghostysky.com\/?post_type=product&#038;p=15996"},"modified":"2024-11-15T10:12:43","modified_gmt":"2024-11-15T10:12:43","slug":"gm-standard-and-pro-maintenance-support","status":"publish","type":"product","link":"https:\/\/www.ghostysky.com\/es\/product\/gm-standard-and-pro-maintenance-support\/","title":{"rendered":"GM (Est\u00e1ndar y Pro): mantenimiento y soporte"},"content":{"rendered":"<p>Todas las compras de productos nuevos incluyen <strong>un a\u00f1o de servicio de Mantenimiento y Soporte (M&amp;S)<\/strong>, que comienza en la fecha de pago de la compra original. Despu\u00e9s de la compra o renovaci\u00f3n de una licencia inicial de M&amp;S, los usuarios tienen derecho a descargar y licenciar todas las actualizaciones del software lanzadas dentro de ese per\u00edodo. M&amp;S tambi\u00e9n incluye acceso a soporte t\u00e9cnico y de licencias. Cuando finaliza el per\u00edodo de doce meses, los usuarios tienen la opci\u00f3n de renovar sus servicios M&amp;S, lo que les permite conservar su nivel inicial de acceso y soporte.<\/p>\n<p>A medida que los usuarios se acerquen al final de su per\u00edodo de contrato de M&amp;S de doce meses, ser\u00e1n contactados por correo electr\u00f3nico con la opci\u00f3n de renovar el servicio. Si M&amp;S no se renueva pero luego se compra en una fecha posterior, el acuerdo ser\u00e1 retroactivo a la fecha de renovaci\u00f3n original, comenzando un a\u00f1o despu\u00e9s de la compra original.<\/p>","protected":false},"excerpt":{"rendered":"<p>Extensi\u00f3n para <strong>Soporte de mantenimiento <\/strong>de las versiones Global Mapper Standard y Pro por un per\u00edodo de 12 meses.<\/p>","protected":false},"featured_media":15997,"comment_status":"open","ping_status":"closed","template":"","meta":[],"product_brand":[],"product_cat":[670,31],"product_tag":[678,687],"class_list":{"0":"post-15996","1":"product","2":"type-product","3":"status-publish","4":"has-post-thumbnail","6":"product_cat-blue-marble","7":"product_cat-software","8":"product_tag-global-mapper","9":"product_tag-gm-maintenance-support","11":"first","12":"instock","13":"taxable","14":"shipping-taxable","15":"product-type-simple"},"yoast_head":"<!-- This site is optimized with the Yoast SEO plugin v27.1.1 - https:\/\/yoast.com\/product\/yoast-seo-wordpress\/ -->\n<title>GM (Standard and Pro) - Maintenance &amp; Support - Ghostysky<\/title>\n<meta name=\"description\" content=\"Extension for Maintenance &amp; Support of Global Mapper Standard and Pro versions for 12 months period.\" \/>\n<meta name=\"robots\" content=\"index, follow, max-snippet:-1, max-image-preview:large, max-video-preview:-1\" \/>\n<link rel=\"canonical\" href=\"https:\/\/www.ghostysky.com\/es\/producto-2\/gm-standard-and-pro-maintenance-support\/\" \/>\n<meta property=\"og:locale\" content=\"es_ES\" \/>\n<meta property=\"og:type\" content=\"article\" \/>\n<meta property=\"og:title\" content=\"GM (Standard and Pro) - Maintenance &amp; Support - Ghostysky\" \/>\n<meta property=\"og:description\" content=\"Extension for Maintenance &amp; Support of Global Mapper Standard and Pro versions for 12 months period.\" \/>\n<meta property=\"og:url\" content=\"https:\/\/www.ghostysky.com\/es\/producto-2\/gm-standard-and-pro-maintenance-support\/\" \/>\n<meta property=\"og:site_name\" content=\"Ghostysky\" \/>\n<meta property=\"article:publisher\" content=\"https:\/\/www.facebook.com\/people\/Ghostysky\/100057676170234\/\" \/>\n<meta property=\"article:modified_time\" content=\"2024-11-15T10:12:43+00:00\" \/>\n<meta property=\"og:image\" content=\"https:\/\/www.ghostysky.com\/wp-content\/uploads\/2024\/02\/Maintenance-and-support.jpg\" \/>\n\t<meta property=\"og:image:width\" content=\"1280\" \/>\n\t<meta property=\"og:image:height\" content=\"720\" \/>\n\t<meta property=\"og:image:type\" content=\"image\/jpeg\" \/>\n<meta name=\"twitter:card\" content=\"summary_large_image\" \/>\n<meta name=\"twitter:site\" content=\"@Gh0stysky\" \/>\n<meta name=\"twitter:label1\" content=\"Tiempo de lectura\" \/>\n\t<meta name=\"twitter:data1\" content=\"1 minuto\" \/>\n<script type=\"application\/ld+json\" class=\"yoast-schema-graph\">{\"@context\":\"https:\/\/schema.org\",\"@graph\":[{\"@type\":\"WebPage\",\"@id\":\"https:\/\/www.ghostysky.com\/product\/gm-standard-and-pro-maintenance-support\/\",\"url\":\"https:\/\/www.ghostysky.com\/product\/gm-standard-and-pro-maintenance-support\/\",\"name\":\"GM (Standard and Pro) - Maintenance & Support - Ghostysky\",\"isPartOf\":{\"@id\":\"https:\/\/www.ghostysky.com\/#website\"},\"primaryImageOfPage\":{\"@id\":\"https:\/\/www.ghostysky.com\/product\/gm-standard-and-pro-maintenance-support\/#primaryimage\"},\"image\":{\"@id\":\"https:\/\/www.ghostysky.com\/product\/gm-standard-and-pro-maintenance-support\/#primaryimage\"},\"thumbnailUrl\":\"https:\/\/www.ghostysky.com\/wp-content\/uploads\/2024\/02\/Maintenance-and-support.jpg\",\"datePublished\":\"2024-02-10T12:11:45+00:00\",\"dateModified\":\"2024-11-15T10:12:43+00:00\",\"description\":\"Extension for Maintenance & Support of Global Mapper Standard and Pro versions for 12 months period.\",\"breadcrumb\":{\"@id\":\"https:\/\/www.ghostysky.com\/product\/gm-standard-and-pro-maintenance-support\/#breadcrumb\"},\"inLanguage\":\"es\",\"potentialAction\":[{\"@type\":\"ReadAction\",\"target\":[\"https:\/\/www.ghostysky.com\/product\/gm-standard-and-pro-maintenance-support\/\"]}]},{\"@type\":\"ImageObject\",\"inLanguage\":\"es\",\"@id\":\"https:\/\/www.ghostysky.com\/product\/gm-standard-and-pro-maintenance-support\/#primaryimage\",\"url\":\"https:\/\/www.ghostysky.com\/wp-content\/uploads\/2024\/02\/Maintenance-and-support.jpg\",\"contentUrl\":\"https:\/\/www.ghostysky.com\/wp-content\/uploads\/2024\/02\/Maintenance-and-support.jpg\",\"width\":1280,\"height\":720},{\"@type\":\"BreadcrumbList\",\"@id\":\"https:\/\/www.ghostysky.com\/product\/gm-standard-and-pro-maintenance-support\/#breadcrumb\",\"itemListElement\":[{\"@type\":\"ListItem\",\"position\":1,\"name\":\"Home\",\"item\":\"https:\/\/www.ghostysky.com\/\"},{\"@type\":\"ListItem\",\"position\":2,\"name\":\"Shop\",\"item\":\"https:\/\/www.ghostysky.com\/shop\/\"},{\"@type\":\"ListItem\",\"position\":3,\"name\":\"GM (Standard and Pro) &#8211; Maintenance &#038; Support\"}]},{\"@type\":\"WebSite\",\"@id\":\"https:\/\/www.ghostysky.com\/#website\",\"url\":\"https:\/\/www.ghostysky.com\/\",\"name\":\"Ghostysky\",\"description\":\"Delivering professional drones and services\",\"publisher\":{\"@id\":\"https:\/\/www.ghostysky.com\/#organization\"},\"potentialAction\":[{\"@type\":\"SearchAction\",\"target\":{\"@type\":\"EntryPoint\",\"urlTemplate\":\"https:\/\/www.ghostysky.com\/?s={search_term_string}\"},\"query-input\":{\"@type\":\"PropertyValueSpecification\",\"valueRequired\":true,\"valueName\":\"search_term_string\"}}],\"inLanguage\":\"es\"},{\"@type\":\"Organization\",\"@id\":\"https:\/\/www.ghostysky.com\/#organization\",\"name\":\"Ghostysky\",\"url\":\"https:\/\/www.ghostysky.com\/\",\"logo\":{\"@type\":\"ImageObject\",\"inLanguage\":\"es\",\"@id\":\"https:\/\/www.ghostysky.com\/#\/schema\/logo\/image\/\",\"url\":\"https:\/\/www.ghostysky.com\/wp-content\/uploads\/2020\/06\/cropped-ghostyskylogo_text_white2.png\",\"contentUrl\":\"https:\/\/www.ghostysky.com\/wp-content\/uploads\/2020\/06\/cropped-ghostyskylogo_text_white2.png\",\"width\":169,\"height\":56,\"caption\":\"Ghostysky\"},\"image\":{\"@id\":\"https:\/\/www.ghostysky.com\/#\/schema\/logo\/image\/\"},\"sameAs\":[\"https:\/\/www.facebook.com\/people\/Ghostysky\/100057676170234\/\",\"https:\/\/x.com\/Gh0stysky\",\"https:\/\/www.linkedin.com\/company\/34739653\",\"https:\/\/www.instagram.com\/gh0stysky\"]}]}<\/script>\n<!-- \/ Yoast SEO plugin. -->","yoast_head_json":{"title":"GM (Est\u00e1ndar y Pro) - Mantenimiento y soporte - Ghostysky","description":"Extensi\u00f3n para Mantenimiento y Soporte de las versiones Global Mapper Standard y Pro por un per\u00edodo de 12 meses.","robots":{"index":"index","follow":"follow","max-snippet":"max-snippet:-1","max-image-preview":"max-image-preview:large","max-video-preview":"max-video-preview:-1"},"canonical":"https:\/\/www.ghostysky.com\/es\/producto-2\/gm-standard-and-pro-maintenance-support\/","og_locale":"es_ES","og_type":"article","og_title":"GM (Standard and Pro) - Maintenance & Support - Ghostysky","og_description":"Extension for Maintenance & Support of Global Mapper Standard and Pro versions for 12 months period.","og_url":"https:\/\/www.ghostysky.com\/es\/producto-2\/gm-standard-and-pro-maintenance-support\/","og_site_name":"Ghostysky","article_publisher":"https:\/\/www.facebook.com\/people\/Ghostysky\/100057676170234\/","article_modified_time":"2024-11-15T10:12:43+00:00","og_image":[{"width":1280,"height":720,"url":"https:\/\/www.ghostysky.com\/wp-content\/uploads\/2024\/02\/Maintenance-and-support.jpg","type":"image\/jpeg"}],"twitter_card":"summary_large_image","twitter_site":"@Gh0stysky","twitter_misc":{"Tiempo de lectura":"1 minuto"},"schema":{"@context":"https:\/\/schema.org","@graph":[{"@type":"WebPage","@id":"https:\/\/www.ghostysky.com\/product\/gm-standard-and-pro-maintenance-support\/","url":"https:\/\/www.ghostysky.com\/product\/gm-standard-and-pro-maintenance-support\/","name":"GM (Est\u00e1ndar y Pro) - Mantenimiento y soporte - Ghostysky","isPartOf":{"@id":"https:\/\/www.ghostysky.com\/#website"},"primaryImageOfPage":{"@id":"https:\/\/www.ghostysky.com\/product\/gm-standard-and-pro-maintenance-support\/#primaryimage"},"image":{"@id":"https:\/\/www.ghostysky.com\/product\/gm-standard-and-pro-maintenance-support\/#primaryimage"},"thumbnailUrl":"https:\/\/www.ghostysky.com\/wp-content\/uploads\/2024\/02\/Maintenance-and-support.jpg","datePublished":"2024-02-10T12:11:45+00:00","dateModified":"2024-11-15T10:12:43+00:00","description":"Extensi\u00f3n para Mantenimiento y Soporte de las versiones Global Mapper Standard y Pro por un per\u00edodo de 12 meses.","breadcrumb":{"@id":"https:\/\/www.ghostysky.com\/product\/gm-standard-and-pro-maintenance-support\/#breadcrumb"},"inLanguage":"es","potentialAction":[{"@type":"ReadAction","target":["https:\/\/www.ghostysky.com\/product\/gm-standard-and-pro-maintenance-support\/"]}]},{"@type":"ImageObject","inLanguage":"es","@id":"https:\/\/www.ghostysky.com\/product\/gm-standard-and-pro-maintenance-support\/#primaryimage","url":"https:\/\/www.ghostysky.com\/wp-content\/uploads\/2024\/02\/Maintenance-and-support.jpg","contentUrl":"https:\/\/www.ghostysky.com\/wp-content\/uploads\/2024\/02\/Maintenance-and-support.jpg","width":1280,"height":720},{"@type":"BreadcrumbList","@id":"https:\/\/www.ghostysky.com\/product\/gm-standard-and-pro-maintenance-support\/#breadcrumb","itemListElement":[{"@type":"ListItem","position":1,"name":"Home","item":"https:\/\/www.ghostysky.com\/"},{"@type":"ListItem","position":2,"name":"Shop","item":"https:\/\/www.ghostysky.com\/shop\/"},{"@type":"ListItem","position":3,"name":"GM (Standard and Pro) &#8211; Maintenance &#038; Support"}]},{"@type":"WebSite","@id":"https:\/\/www.ghostysky.com\/#website","url":"https:\/\/www.ghostysky.com\/","name":"Ghostysky","description":"Entrega de drones y servicios profesionales","publisher":{"@id":"https:\/\/www.ghostysky.com\/#organization"},"potentialAction":[{"@type":"SearchAction","target":{"@type":"EntryPoint","urlTemplate":"https:\/\/www.ghostysky.com\/?s={search_term_string}"},"query-input":{"@type":"PropertyValueSpecification","valueRequired":true,"valueName":"search_term_string"}}],"inLanguage":"es"},{"@type":"Organization","@id":"https:\/\/www.ghostysky.com\/#organization","name":"Ghostysky","url":"https:\/\/www.ghostysky.com\/","logo":{"@type":"ImageObject","inLanguage":"es","@id":"https:\/\/www.ghostysky.com\/#\/schema\/logo\/image\/","url":"https:\/\/www.ghostysky.com\/wp-content\/uploads\/2020\/06\/cropped-ghostyskylogo_text_white2.png","contentUrl":"https:\/\/www.ghostysky.com\/wp-content\/uploads\/2020\/06\/cropped-ghostyskylogo_text_white2.png","width":169,"height":56,"caption":"Ghostysky"},"image":{"@id":"https:\/\/www.ghostysky.com\/#\/schema\/logo\/image\/"},"sameAs":["https:\/\/www.facebook.com\/people\/Ghostysky\/100057676170234\/","https:\/\/x.com\/Gh0stysky","https:\/\/www.linkedin.com\/company\/34739653","https:\/\/www.instagram.com\/gh0stysky"]}]}},"_links":{"self":[{"href":"https:\/\/www.ghostysky.com\/es\/wp-json\/wp\/v2\/product\/15996","targetHints":{"allow":["GET"]}}],"collection":[{"href":"https:\/\/www.ghostysky.com\/es\/wp-json\/wp\/v2\/product"}],"about":[{"href":"https:\/\/www.ghostysky.com\/es\/wp-json\/wp\/v2\/types\/product"}],"replies":[{"embeddable":true,"href":"https:\/\/www.ghostysky.com\/es\/wp-json\/wp\/v2\/comments?post=15996"}],"wp:featuredmedia":[{"embeddable":true,"href":"https:\/\/www.ghostysky.com\/es\/wp-json\/wp\/v2\/media\/15997"}],"wp:attachment":[{"href":"https:\/\/www.ghostysky.com\/es\/wp-json\/wp\/v2\/media?parent=15996"}],"wp:term":[{"taxonomy":"product_brand","embeddable":true,"href":"https:\/\/www.ghostysky.com\/es\/wp-json\/wp\/v2\/product_brand?post=15996"},{"taxonomy":"product_cat","embeddable":true,"href":"https:\/\/www.ghostysky.com\/es\/wp-json\/wp\/v2\/product_cat?post=15996"},{"taxonomy":"product_tag","embeddable":true,"href":"https:\/\/www.ghostysky.com\/es\/wp-json\/wp\/v2\/product_tag?post=15996"}],"curies":[{"name":"wp","href":"https:\/\/api.w.org\/{rel}","templated":true}]}}