{"id":16577,"date":"2024-02-21T09:48:10","date_gmt":"2024-02-21T09:48:10","guid":{"rendered":"https:\/\/www.ghostysky.com\/?post_type=product&#038;p=16577"},"modified":"2025-10-14T11:26:03","modified_gmt":"2025-10-14T11:26:03","slug":"splashdrone-4-fishing-edition","status":"publish","type":"product","link":"https:\/\/www.ghostysky.com\/es\/product\/splashdrone-4-fishing-edition\/","title":{"rendered":"SplashDrone 4 Edici\u00f3n de pesca"},"content":{"rendered":"<p data-sourcepos=\"4:1-4:73\">Estas son algunas de las otras caracter\u00edsticas de SplashDrone 4 Fishing Edition:<\/p>\n<ul data-sourcepos=\"6:1-12:0\">\n<li data-sourcepos=\"6:1-6:68\">GPS\/GLONASS de grado industrial para posicionamiento y seguimiento precisos<\/li>\n<li data-sourcepos=\"7:1-7:43\">Bar\u00f3metro y giroscopio para un vuelo estable.<\/li>\n<li data-sourcepos=\"8:1-8:50\">Una variedad de sensores para ayudarte a evitar obst\u00e1culos.<\/li>\n<li data-sourcepos=\"9:1-9:60\">C\u00e1mara 4K con card\u00e1n de 1 eje para im\u00e1genes a\u00e9reas impresionantes<\/li>\n<li data-sourcepos=\"10:1-10:52\">Hasta 25 minutos de tiempo de vuelo con una sola carga<\/li>\n<li data-sourcepos=\"11:1-12:0\">1 a\u00f1o de garant\u00eda<\/li>\n<\/ul>\n<p data-sourcepos=\"13:1-13:188\">SplashDrone 4 Fishing Edition es una excelente manera de mejorar tu juego de pesca. Con sus funciones avanzadas y su dise\u00f1o f\u00e1cil de usar, puede ayudarle a encontrar m\u00e1s peces y capturarlos m\u00e1s f\u00e1cilmente.<\/p>","protected":false},"excerpt":{"rendered":"<p>El SplashDrone 4 Fishing Edition es un dron impermeable multifuncional dise\u00f1ado para pescadores de todos los niveles. Viene con un disparador de cebo PL1-S que tiene una capacidad de elevaci\u00f3n de cebo de 4 libras\/2 kg, por lo que puede lanzar f\u00e1cilmente su l\u00ednea a lugares dif\u00edciles de alcanzar. El dron tambi\u00e9n es resistente al agua salada IP67, por lo que no tiene que preocuparse por da\u00f1arlo si lo salpican o lo sumergen. Y con su resistencia al viento de nivel 7, puedes volarlo incluso en las condiciones m\u00e1s duras.<\/p>\n<ul>\n<li><span style=\"text-decoration: underline;\">Posibilidad de a\u00f1adir c\u00e1maras en el drone.<\/span><\/li>\n<\/ul>","protected":false},"featured_media":16578,"comment_status":"open","ping_status":"closed","template":"","meta":[],"product_brand":[],"product_cat":[29,303,278],"product_tag":[698,335],"class_list":{"0":"post-16577","1":"product","2":"type-product","3":"status-publish","4":"has-post-thumbnail","6":"product_cat-drones","7":"product_cat-drones-sweellpro","8":"product_cat-swellpro","9":"product_tag-fishing-edition","10":"product_tag-splashdrone-4","12":"first","13":"instock","14":"taxable","15":"shipping-taxable","16":"product-type-simple"},"yoast_head":"<!-- This site is optimized with the Yoast SEO plugin v27.1.1 - https:\/\/yoast.com\/product\/yoast-seo-wordpress\/ -->\n<title>SplashDrone 4 Fishing Edition -<\/title>\n<meta name=\"description\" content=\"The SplashDrone 4 Fishing Edition is a multi-functional waterproof drone designed for anglers of all skill levels. It comes with a PL1-S bait release that has a 4lbs\/2kg bait lift capacity, so you can easily cast your line to hard-to-reach spots. The drone is also IP67 saltwater-proof, so you don&#039;t have to worry about damaging it if it gets splashed or submerged. And with its level 7 wind resistance, you can fly it in even the toughest conditions.\" \/>\n<meta name=\"robots\" content=\"index, follow, max-snippet:-1, max-image-preview:large, max-video-preview:-1\" \/>\n<link rel=\"canonical\" href=\"https:\/\/www.ghostysky.com\/es\/producto-2\/splashdrone-4-fishing-edition\/\" \/>\n<meta property=\"og:locale\" content=\"es_ES\" \/>\n<meta property=\"og:type\" content=\"article\" \/>\n<meta property=\"og:title\" content=\"SplashDrone 4 Fishing Edition -\" \/>\n<meta property=\"og:description\" content=\"The SplashDrone 4 Fishing Edition is a multi-functional waterproof drone designed for anglers of all skill levels. It comes with a PL1-S bait release that has a 4lbs\/2kg bait lift capacity, so you can easily cast your line to hard-to-reach spots. The drone is also IP67 saltwater-proof, so you don&#039;t have to worry about damaging it if it gets splashed or submerged. And with its level 7 wind resistance, you can fly it in even the toughest conditions.\" \/>\n<meta property=\"og:url\" content=\"https:\/\/www.ghostysky.com\/es\/producto-2\/splashdrone-4-fishing-edition\/\" \/>\n<meta property=\"og:site_name\" content=\"Ghostysky\" \/>\n<meta property=\"article:publisher\" content=\"https:\/\/www.facebook.com\/people\/Ghostysky\/100057676170234\/\" \/>\n<meta property=\"article:modified_time\" content=\"2025-10-14T11:26:03+00:00\" \/>\n<meta property=\"og:image\" content=\"https:\/\/www.ghostysky.com\/wp-content\/uploads\/2024\/02\/GH-splashdrone-4-fishing-bundle_2.jpg\" \/>\n\t<meta property=\"og:image:width\" content=\"800\" \/>\n\t<meta property=\"og:image:height\" content=\"800\" \/>\n\t<meta property=\"og:image:type\" content=\"image\/jpeg\" \/>\n<meta name=\"twitter:card\" content=\"summary_large_image\" \/>\n<meta name=\"twitter:site\" content=\"@Gh0stysky\" \/>\n<meta name=\"twitter:label1\" content=\"Tiempo de lectura\" \/>\n\t<meta name=\"twitter:data1\" content=\"1 minuto\" \/>\n<script type=\"application\/ld+json\" class=\"yoast-schema-graph\">{\"@context\":\"https:\/\/schema.org\",\"@graph\":[{\"@type\":\"WebPage\",\"@id\":\"https:\/\/www.ghostysky.com\/product\/splashdrone-4-fishing-edition\/\",\"url\":\"https:\/\/www.ghostysky.com\/product\/splashdrone-4-fishing-edition\/\",\"name\":\"SplashDrone 4 Fishing Edition -\",\"isPartOf\":{\"@id\":\"https:\/\/www.ghostysky.com\/#website\"},\"primaryImageOfPage\":{\"@id\":\"https:\/\/www.ghostysky.com\/product\/splashdrone-4-fishing-edition\/#primaryimage\"},\"image\":{\"@id\":\"https:\/\/www.ghostysky.com\/product\/splashdrone-4-fishing-edition\/#primaryimage\"},\"thumbnailUrl\":\"https:\/\/www.ghostysky.com\/wp-content\/uploads\/2024\/02\/GH-splashdrone-4-fishing-bundle_2.jpg\",\"datePublished\":\"2024-02-21T09:48:10+00:00\",\"dateModified\":\"2025-10-14T11:26:03+00:00\",\"description\":\"The SplashDrone 4 Fishing Edition is a multi-functional waterproof drone designed for anglers of all skill levels. It comes with a PL1-S bait release that has a 4lbs\/2kg bait lift capacity, so you can easily cast your line to hard-to-reach spots. The drone is also IP67 saltwater-proof, so you don't have to worry about damaging it if it gets splashed or submerged. And with its level 7 wind resistance, you can fly it in even the toughest conditions.\",\"breadcrumb\":{\"@id\":\"https:\/\/www.ghostysky.com\/product\/splashdrone-4-fishing-edition\/#breadcrumb\"},\"inLanguage\":\"es\",\"potentialAction\":[{\"@type\":\"ReadAction\",\"target\":[\"https:\/\/www.ghostysky.com\/product\/splashdrone-4-fishing-edition\/\"]}]},{\"@type\":\"ImageObject\",\"inLanguage\":\"es\",\"@id\":\"https:\/\/www.ghostysky.com\/product\/splashdrone-4-fishing-edition\/#primaryimage\",\"url\":\"https:\/\/www.ghostysky.com\/wp-content\/uploads\/2024\/02\/GH-splashdrone-4-fishing-bundle_2.jpg\",\"contentUrl\":\"https:\/\/www.ghostysky.com\/wp-content\/uploads\/2024\/02\/GH-splashdrone-4-fishing-bundle_2.jpg\",\"width\":800,\"height\":800},{\"@type\":\"BreadcrumbList\",\"@id\":\"https:\/\/www.ghostysky.com\/product\/splashdrone-4-fishing-edition\/#breadcrumb\",\"itemListElement\":[{\"@type\":\"ListItem\",\"position\":1,\"name\":\"Home\",\"item\":\"https:\/\/www.ghostysky.com\/\"},{\"@type\":\"ListItem\",\"position\":2,\"name\":\"Shop\",\"item\":\"https:\/\/www.ghostysky.com\/shop\/\"},{\"@type\":\"ListItem\",\"position\":3,\"name\":\"SplashDrone 4 Fishing Edition\"}]},{\"@type\":\"WebSite\",\"@id\":\"https:\/\/www.ghostysky.com\/#website\",\"url\":\"https:\/\/www.ghostysky.com\/\",\"name\":\"Ghostysky\",\"description\":\"Delivering professional drones and services\",\"publisher\":{\"@id\":\"https:\/\/www.ghostysky.com\/#organization\"},\"potentialAction\":[{\"@type\":\"SearchAction\",\"target\":{\"@type\":\"EntryPoint\",\"urlTemplate\":\"https:\/\/www.ghostysky.com\/?s={search_term_string}\"},\"query-input\":{\"@type\":\"PropertyValueSpecification\",\"valueRequired\":true,\"valueName\":\"search_term_string\"}}],\"inLanguage\":\"es\"},{\"@type\":\"Organization\",\"@id\":\"https:\/\/www.ghostysky.com\/#organization\",\"name\":\"Ghostysky\",\"url\":\"https:\/\/www.ghostysky.com\/\",\"logo\":{\"@type\":\"ImageObject\",\"inLanguage\":\"es\",\"@id\":\"https:\/\/www.ghostysky.com\/#\/schema\/logo\/image\/\",\"url\":\"https:\/\/www.ghostysky.com\/wp-content\/uploads\/2020\/06\/cropped-ghostyskylogo_text_white2.png\",\"contentUrl\":\"https:\/\/www.ghostysky.com\/wp-content\/uploads\/2020\/06\/cropped-ghostyskylogo_text_white2.png\",\"width\":169,\"height\":56,\"caption\":\"Ghostysky\"},\"image\":{\"@id\":\"https:\/\/www.ghostysky.com\/#\/schema\/logo\/image\/\"},\"sameAs\":[\"https:\/\/www.facebook.com\/people\/Ghostysky\/100057676170234\/\",\"https:\/\/x.com\/Gh0stysky\",\"https:\/\/www.linkedin.com\/company\/34739653\",\"https:\/\/www.instagram.com\/gh0stysky\"]}]}<\/script>\n<!-- \/ Yoast SEO plugin. -->","yoast_head_json":{"title":"SplashDrone 4 Edici\u00f3n de pesca -","description":"El SplashDrone 4 Fishing Edition es un dron impermeable multifuncional dise\u00f1ado para pescadores de todos los niveles. Viene con un disparador de cebo PL1-S que tiene una capacidad de elevaci\u00f3n de cebo de 4 libras\/2 kg, por lo que puede lanzar f\u00e1cilmente su l\u00ednea a lugares dif\u00edciles de alcanzar. El dron tambi\u00e9n es resistente al agua salada IP67, por lo que no tiene que preocuparse por da\u00f1arlo si lo salpican o lo sumergen. Y con su resistencia al viento de nivel 7, puedes volarlo incluso en las condiciones m\u00e1s duras.","robots":{"index":"index","follow":"follow","max-snippet":"max-snippet:-1","max-image-preview":"max-image-preview:large","max-video-preview":"max-video-preview:-1"},"canonical":"https:\/\/www.ghostysky.com\/es\/producto-2\/splashdrone-4-fishing-edition\/","og_locale":"es_ES","og_type":"article","og_title":"SplashDrone 4 Fishing Edition -","og_description":"The SplashDrone 4 Fishing Edition is a multi-functional waterproof drone designed for anglers of all skill levels. It comes with a PL1-S bait release that has a 4lbs\/2kg bait lift capacity, so you can easily cast your line to hard-to-reach spots. The drone is also IP67 saltwater-proof, so you don't have to worry about damaging it if it gets splashed or submerged. And with its level 7 wind resistance, you can fly it in even the toughest conditions.","og_url":"https:\/\/www.ghostysky.com\/es\/producto-2\/splashdrone-4-fishing-edition\/","og_site_name":"Ghostysky","article_publisher":"https:\/\/www.facebook.com\/people\/Ghostysky\/100057676170234\/","article_modified_time":"2025-10-14T11:26:03+00:00","og_image":[{"width":800,"height":800,"url":"https:\/\/www.ghostysky.com\/wp-content\/uploads\/2024\/02\/GH-splashdrone-4-fishing-bundle_2.jpg","type":"image\/jpeg"}],"twitter_card":"summary_large_image","twitter_site":"@Gh0stysky","twitter_misc":{"Tiempo de lectura":"1 minuto"},"schema":{"@context":"https:\/\/schema.org","@graph":[{"@type":"WebPage","@id":"https:\/\/www.ghostysky.com\/product\/splashdrone-4-fishing-edition\/","url":"https:\/\/www.ghostysky.com\/product\/splashdrone-4-fishing-edition\/","name":"SplashDrone 4 Edici\u00f3n de pesca -","isPartOf":{"@id":"https:\/\/www.ghostysky.com\/#website"},"primaryImageOfPage":{"@id":"https:\/\/www.ghostysky.com\/product\/splashdrone-4-fishing-edition\/#primaryimage"},"image":{"@id":"https:\/\/www.ghostysky.com\/product\/splashdrone-4-fishing-edition\/#primaryimage"},"thumbnailUrl":"https:\/\/www.ghostysky.com\/wp-content\/uploads\/2024\/02\/GH-splashdrone-4-fishing-bundle_2.jpg","datePublished":"2024-02-21T09:48:10+00:00","dateModified":"2025-10-14T11:26:03+00:00","description":"El SplashDrone 4 Fishing Edition es un dron impermeable multifuncional dise\u00f1ado para pescadores de todos los niveles. Viene con un disparador de cebo PL1-S que tiene una capacidad de elevaci\u00f3n de cebo de 4 libras\/2 kg, por lo que puede lanzar f\u00e1cilmente su l\u00ednea a lugares dif\u00edciles de alcanzar. El dron tambi\u00e9n es resistente al agua salada IP67, por lo que no tiene que preocuparse por da\u00f1arlo si lo salpican o lo sumergen. Y con su resistencia al viento de nivel 7, puedes volarlo incluso en las condiciones m\u00e1s duras.","breadcrumb":{"@id":"https:\/\/www.ghostysky.com\/product\/splashdrone-4-fishing-edition\/#breadcrumb"},"inLanguage":"es","potentialAction":[{"@type":"ReadAction","target":["https:\/\/www.ghostysky.com\/product\/splashdrone-4-fishing-edition\/"]}]},{"@type":"ImageObject","inLanguage":"es","@id":"https:\/\/www.ghostysky.com\/product\/splashdrone-4-fishing-edition\/#primaryimage","url":"https:\/\/www.ghostysky.com\/wp-content\/uploads\/2024\/02\/GH-splashdrone-4-fishing-bundle_2.jpg","contentUrl":"https:\/\/www.ghostysky.com\/wp-content\/uploads\/2024\/02\/GH-splashdrone-4-fishing-bundle_2.jpg","width":800,"height":800},{"@type":"BreadcrumbList","@id":"https:\/\/www.ghostysky.com\/product\/splashdrone-4-fishing-edition\/#breadcrumb","itemListElement":[{"@type":"ListItem","position":1,"name":"Home","item":"https:\/\/www.ghostysky.com\/"},{"@type":"ListItem","position":2,"name":"Shop","item":"https:\/\/www.ghostysky.com\/shop\/"},{"@type":"ListItem","position":3,"name":"SplashDrone 4 Fishing Edition"}]},{"@type":"WebSite","@id":"https:\/\/www.ghostysky.com\/#website","url":"https:\/\/www.ghostysky.com\/","name":"Ghostysky","description":"Entrega de drones y servicios profesionales","publisher":{"@id":"https:\/\/www.ghostysky.com\/#organization"},"potentialAction":[{"@type":"SearchAction","target":{"@type":"EntryPoint","urlTemplate":"https:\/\/www.ghostysky.com\/?s={search_term_string}"},"query-input":{"@type":"PropertyValueSpecification","valueRequired":true,"valueName":"search_term_string"}}],"inLanguage":"es"},{"@type":"Organization","@id":"https:\/\/www.ghostysky.com\/#organization","name":"Ghostysky","url":"https:\/\/www.ghostysky.com\/","logo":{"@type":"ImageObject","inLanguage":"es","@id":"https:\/\/www.ghostysky.com\/#\/schema\/logo\/image\/","url":"https:\/\/www.ghostysky.com\/wp-content\/uploads\/2020\/06\/cropped-ghostyskylogo_text_white2.png","contentUrl":"https:\/\/www.ghostysky.com\/wp-content\/uploads\/2020\/06\/cropped-ghostyskylogo_text_white2.png","width":169,"height":56,"caption":"Ghostysky"},"image":{"@id":"https:\/\/www.ghostysky.com\/#\/schema\/logo\/image\/"},"sameAs":["https:\/\/www.facebook.com\/people\/Ghostysky\/100057676170234\/","https:\/\/x.com\/Gh0stysky","https:\/\/www.linkedin.com\/company\/34739653","https:\/\/www.instagram.com\/gh0stysky"]}]}},"_links":{"self":[{"href":"https:\/\/www.ghostysky.com\/es\/wp-json\/wp\/v2\/product\/16577","targetHints":{"allow":["GET"]}}],"collection":[{"href":"https:\/\/www.ghostysky.com\/es\/wp-json\/wp\/v2\/product"}],"about":[{"href":"https:\/\/www.ghostysky.com\/es\/wp-json\/wp\/v2\/types\/product"}],"replies":[{"embeddable":true,"href":"https:\/\/www.ghostysky.com\/es\/wp-json\/wp\/v2\/comments?post=16577"}],"wp:featuredmedia":[{"embeddable":true,"href":"https:\/\/www.ghostysky.com\/es\/wp-json\/wp\/v2\/media\/16578"}],"wp:attachment":[{"href":"https:\/\/www.ghostysky.com\/es\/wp-json\/wp\/v2\/media?parent=16577"}],"wp:term":[{"taxonomy":"product_brand","embeddable":true,"href":"https:\/\/www.ghostysky.com\/es\/wp-json\/wp\/v2\/product_brand?post=16577"},{"taxonomy":"product_cat","embeddable":true,"href":"https:\/\/www.ghostysky.com\/es\/wp-json\/wp\/v2\/product_cat?post=16577"},{"taxonomy":"product_tag","embeddable":true,"href":"https:\/\/www.ghostysky.com\/es\/wp-json\/wp\/v2\/product_tag?post=16577"}],"curies":[{"name":"wp","href":"https:\/\/api.w.org\/{rel}","templated":true}]}}