{"id":16661,"date":"2024-02-24T10:45:58","date_gmt":"2024-02-24T10:45:58","guid":{"rendered":"https:\/\/www.ghostysky.com\/?post_type=product&#038;p=16661"},"modified":"2025-10-14T11:52:02","modified_gmt":"2025-10-14T11:52:02","slug":"ms600-pro-6-bands-multispectral-camera","status":"publish","type":"product","link":"https:\/\/www.ghostysky.com\/es\/product\/ms600-pro-6-bands-multispectral-camera\/","title":{"rendered":"C\u00e1mara multiespectral MS600 Pro (6 bandas)"},"content":{"rendered":"<p><strong>Applications<\/strong><\/p>\n<ul data-sourcepos=\"5:1-9:0\">\n<li data-sourcepos=\"5:1-5:107\"><strong>Precision agriculture:<\/strong>\u00a0Crop health monitoring, pest and disease detection, optimizing resource usage.<\/li>\n<li data-sourcepos=\"6:1-6:106\"><strong>Forestry monitoring:<\/strong>\u00a0Assessing tree health, deforestation detection, and forest resource management.<\/li>\n<li data-sourcepos=\"7:1-7:113\"><strong>Environmental monitoring:<\/strong>\u00a0Water quality tracking, pollution level monitoring, land cover change assessment.<\/li>\n<li data-sourcepos=\"8:1-9:0\"><strong>Target recognition:<\/strong>\u00a0Object and material identification based on spectral signatures.<\/li>\n<\/ul>\n<p data-sourcepos=\"10:1-10:34\"><strong>Key features of the MS600 Pro:<\/strong><\/p>\n<ul data-sourcepos=\"12:1-21:0\">\n<li data-sourcepos=\"12:1-12:136\"><strong>Six 1.2MP multispectral channels:<\/strong>\u00a0Capture data in specific bands (450nm, 555nm, 660nm, 720nm, 750nm, 840nm) for detailed analysis.<\/li>\n<li data-sourcepos=\"13:1-13:82\"><strong>Sapphire optical window:<\/strong>\u00a0Ensures high light transmittance and image quality.<\/li>\n<li data-sourcepos=\"14:1-14:76\"><strong>Large aperture and low distortion:<\/strong>\u00a0Delivers sharp and accurate images.<\/li>\n<li data-sourcepos=\"15:1-15:83\"><strong>Broadband transmission:<\/strong>\u00a0Enables capturing a wider range of light information.<\/li>\n<li data-sourcepos=\"16:1-16:85\"><strong>All-glass lens and aluminum body:<\/strong>\u00a0Provides durability for various environments.<\/li>\n<li data-sourcepos=\"17:1-17:104\"><strong>Large dynamic range and intelligent dimming:<\/strong>\u00a0Captures clear images in diverse lighting conditions.<\/li>\n<li data-sourcepos=\"18:1-18:90\"><strong>Fastest 1s synchronous imaging:<\/strong>\u00a0Ensures consistent data capture across all channels.<\/li>\n<li data-sourcepos=\"19:1-19:96\"><strong>Standard downlink light sensor (DLS):<\/strong>\u00a0Measures ambient light for accurate data correction.<\/li>\n<li data-sourcepos=\"20:1-21:0\"><strong>DJI X-Port interface:<\/strong>\u00a0Seamless integration with compatible drones.<\/li>\n<\/ul>\n<p data-sourcepos=\"31:1-31:169\"><strong>Overall, the Yusense MS600 Pro is a powerful multispectral camera offering versatility and accuracy for various applications requiring detailed spectral information.<\/strong><\/p>\n<p data-sourcepos=\"31:1-31:169\"><strong>Product features<\/strong><\/p>\n<ul>\n<li data-sourcepos=\"31:1-31:169\">6 multispectral bands<\/li>\n<li data-sourcepos=\"31:1-31:169\">1.2 Megapixel<\/li>\n<li data-sourcepos=\"31:1-31:169\">12bit global shutter<\/li>\n<li data-sourcepos=\"31:1-31:169\">DJI X-Port control<\/li>\n<li data-sourcepos=\"31:1-31:169\">On-camera real-time reflectance calculation<\/li>\n<li data-sourcepos=\"31:1-31:169\">Synchronized imaging of all channels in as little as 1s<\/li>\n<li data-sourcepos=\"31:1-31:169\">Downlink Light Sensor (DLS) standard<\/li>\n<li data-sourcepos=\"31:1-31:169\">DJI X-Port power supply, 64G TF card<\/li>\n<li data-sourcepos=\"31:1-31:169\">Timing, overlap rate multiple trigger modes<\/li>\n<li data-sourcepos=\"31:1-31:169\">DJI M300\/M350 RTK drone customization, plug and play<\/li>\n<\/ul>\n<p><strong>Technical Parameters<\/strong><\/p>\n<ul>\n<li><strong>Configuration<\/strong>: 6 multi-spectral channels<\/li>\n<li><strong>Target surface size<\/strong>: 1\/3&#8243;<\/li>\n<li><strong>Effective pixel<\/strong>: 1.2Mpx<\/li>\n<li><strong>Shutter type<\/strong>: Global<\/li>\n<li><strong>Quantization bit<\/strong>: 12bit<\/li>\n<li><strong>Field of View<\/strong>: 49.5\u00b0\u00d738.1\u00b0<\/li>\n<li><strong>Ground resolution<\/strong>: 8.65cm@h120m<\/li>\n<li><strong>Coverage width<\/strong>: 110m\u00d783m@h120m<\/li>\n<li><strong>Spectral channel <\/strong><sup><strong>[1]<\/strong> <\/sup> 450nm@30nm,555nm@27nm, 660nm@22nm,720nm@10nm,7 50nm@10nm, 840nm@30nm<\/li>\n<li><strong>Optical Window<\/strong>: Sapphire Optical Glass Window<\/li>\n<li><strong>Main unit size<\/strong>: \u2264130mm\u00d7160mm\u00d7150mm (optical axis vertical to ground)<\/li>\n<li><strong>Weight<\/strong>: \u2264670g<\/li>\n<li><strong>Mounting interface<\/strong>: X-Port<\/li>\n<li><strong>Power supply<\/strong>: X-Port<\/li>\n<li><strong>Power Consumption<\/strong><\/li>\n<li><strong>Picture format<\/strong>: 16bit raw TIFF &amp; 8bit reflectivity JPEG (including GPS, ambient light information)<\/li>\n<li><strong>Video Format<\/strong>:<\/li>\n<li><strong>Storage Media Standard<\/strong>: 64G, maximum support 128G capacity (transfer speed U3 and above rating) micro SD card<\/li>\n<li><strong>Processing Software<\/strong>: Yusense Map\/Yusense Map Plus<\/li>\n<li><strong>Parameter Settings<\/strong>: DJI Pilot<\/li>\n<li><strong>Shooting Trigger<\/strong>: Overlap Rate Trigger, Timing Trigger<\/li>\n<li><strong>Shooting frequency<\/strong>: 1Hz (related to the actual read\/write speed of the storage media)<\/li>\n<li><strong>Working environment temperature<\/strong>: -10\u2103~+50\u2103(relative wind speed\u22651m\/s)<\/li>\n<li><strong>Storage Ambient Temperature<\/strong>: -30\u2103~+70\u2103<\/li>\n<li><strong>Ambient Humidity<\/strong>: RH(%)\u226485%(non-condensing)<\/li>\n<li><strong>Product Certification<\/strong>: CE, FCC, RoHS<\/li>\n<\/ul>\n<p><strong>Applications<\/strong><\/p>\n<p><b>Vegetation growth assessment<\/b><\/p>\n<p>Using NDVI, LAI and other vegetation factors, we quantitatively describe the consistency of the vegetation canopy state at different spatial scales, assist the characteristic spectra of vegetation in different health states, quantitatively assess the vegetation&#8217;s longevity, and provide data support for irrigation, fertilizer application, plant protection, and yield assessment.<\/p>\n<p><a href=\"https:\/\/www.ghostysky.com\/wp-content\/uploads\/2024\/02\/GH_MS600-V2_1.jpg\"><img fetchpriority=\"high\" decoding=\"async\" class=\"wp-image-16659 size-full aligncenter lazyload\" src=\"data:image\/gif;base64,R0lGODlhAQABAAAAACH5BAEKAAEALAAAAAABAAEAAAICTAEAOw==\" alt=\"\" width=\"600\" height=\"347\" data-src=\"https:\/\/www.ghostysky.com\/wp-content\/uploads\/2024\/02\/GH_MS600-V2_1.jpg\"><\/a><\/p>\n<p><b>Monitoring of black-odor water bodies<\/b><\/p>\n<p>With reference to the evaluation standard of surface black smelly water bodies, we use characteristic spectra to construct classification indexes, realize graded inversion and spatial information statistics of black smelly water bodies, assist in analyzing the impact of domestic sewage and industrial wastewater on the surrounding water bodies, and help in the investigation of pollution sources and assessment of the water environment.<\/p>\n<p><a href=\"https:\/\/www.ghostysky.com\/wp-content\/uploads\/2024\/02\/GH_MS600-V2_2.jpg\"><img decoding=\"async\" class=\"wp-image-16658 size-full aligncenter lazyload\" src=\"data:image\/gif;base64,R0lGODlhAQABAAAAACH5BAEKAAEALAAAAAABAAEAAAICTAEAOw==\" alt=\"\" width=\"600\" height=\"347\" data-src=\"https:\/\/www.ghostysky.com\/wp-content\/uploads\/2024\/02\/GH_MS600-V2_2.jpg\"><\/a><\/p>\n<p><b>Coverage Assessment<\/b><\/p>\n<p>Based on the fingerprint spectrum of vegetation to construct vegetation index, complete the spatial distribution and area statistics of the target vegetation in the designated area, and provide quantitative data on vegetation cover for scientific research and production in agriculture, forestry and grassland, ecology and other fields.<\/p>\n<p><a href=\"https:\/\/www.ghostysky.com\/wp-content\/uploads\/2024\/02\/GH_MS600-V2_3.jpg\"><img decoding=\"async\" class=\"wp-image-16657 size-full aligncenter lazyload\" src=\"data:image\/gif;base64,R0lGODlhAQABAAAAACH5BAEKAAEALAAAAAABAAEAAAICTAEAOw==\" alt=\"\" width=\"600\" height=\"347\" data-src=\"https:\/\/www.ghostysky.com\/wp-content\/uploads\/2024\/02\/GH_MS600-V2_3.jpg\"><\/a><\/p>\n<p><b>Monitoring of pine discolored standing trees<\/b><\/p>\n<p>Comprehensively utilizing spectral and texture information to realize efficient suppression of environmental backgrounds such as soil, dead grass and high-precision identification of discolored standing trees, accurately extracting information on the location, spatial distribution and canopy area of the discolored standing trees, and providing data support for the management of infected trees.<\/p>\n<p><a href=\"https:\/\/www.ghostysky.com\/wp-content\/uploads\/2024\/02\/GH_MS600-V2_4.jpg\"><img loading=\"lazy\" decoding=\"async\" class=\"size-full wp-image-16656 aligncenter lazyload\" src=\"data:image\/gif;base64,R0lGODlhAQABAAAAACH5BAEKAAEALAAAAAABAAEAAAICTAEAOw==\" alt=\"\" width=\"600\" height=\"347\" data-src=\"https:\/\/www.ghostysky.com\/wp-content\/uploads\/2024\/02\/GH_MS600-V2_4.jpg\"><\/a><\/p>\n<p>&nbsp;<\/p>\n<p>&nbsp;<\/p>\n<p>&nbsp;<\/p>\n","protected":false},"excerpt":{"rendered":"<p><strong>M300\/M350 Especializado para RTK, control integrado a bordo<\/strong><\/p>\n<p>El Yusense MS600 Pro es un <strong>c\u00e1mara multiespectral de alto rendimiento<\/strong> dise\u00f1ado para capturar datos en <strong>seis bandas espectrales espec\u00edficas<\/strong> m\u00e1s all\u00e1 del espectro RGB t\u00edpico. Esto permite realizar an\u00e1lisis avanzados en diversos campos.<\/p>","protected":false},"featured_media":16665,"comment_status":"open","ping_status":"closed","template":"","meta":[],"product_brand":[],"product_cat":[705,706],"product_tag":[713,66,707],"class_list":{"0":"post-16661","1":"product","2":"type-product","3":"status-publish","4":"has-post-thumbnail","6":"product_cat-sensors","7":"product_cat-yusense","8":"product_tag-ms600-pro","9":"product_tag-multispectral-camera","10":"product_tag-yusense","12":"first","13":"onbackorder","14":"taxable","15":"shipping-taxable","16":"product-type-simple"},"yoast_head":"<!-- This site is optimized with the Yoast SEO plugin v27.1.1 - https:\/\/yoast.com\/product\/yoast-seo-wordpress\/ -->\n<title>MS600 Pro (6-bands) Multispectral Camera - Ghostysky<\/title>\n<meta name=\"description\" content=\"The Yusense MS600 Pro is a high-performance multispectral camera designed for capturing data in six specific spectral bands beyond the typical RGB spectrum. This allows for advanced analysis in various fields.\" \/>\n<meta name=\"robots\" content=\"index, follow, max-snippet:-1, max-image-preview:large, max-video-preview:-1\" \/>\n<link rel=\"canonical\" href=\"https:\/\/www.ghostysky.com\/es\/producto-2\/ms600-pro-6-bands-multispectral-camera\/\" \/>\n<meta property=\"og:locale\" content=\"es_ES\" \/>\n<meta property=\"og:type\" content=\"article\" \/>\n<meta property=\"og:title\" content=\"MS600 Pro (6-bands) Multispectral Camera - Ghostysky\" \/>\n<meta property=\"og:description\" content=\"The Yusense MS600 Pro is a high-performance multispectral camera designed for capturing data in six specific spectral bands beyond the typical RGB spectrum. This allows for advanced analysis in various fields.\" \/>\n<meta property=\"og:url\" content=\"https:\/\/www.ghostysky.com\/es\/producto-2\/ms600-pro-6-bands-multispectral-camera\/\" \/>\n<meta property=\"og:site_name\" content=\"Ghostysky\" \/>\n<meta property=\"article:publisher\" content=\"https:\/\/www.facebook.com\/people\/Ghostysky\/100057676170234\/\" \/>\n<meta property=\"article:modified_time\" content=\"2025-10-14T11:52:02+00:00\" \/>\n<meta property=\"og:image\" content=\"https:\/\/www.ghostysky.com\/wp-content\/uploads\/2024\/02\/GH_MS600Pro_1.jpg\" \/>\n\t<meta property=\"og:image:width\" content=\"450\" \/>\n\t<meta property=\"og:image:height\" content=\"450\" \/>\n\t<meta property=\"og:image:type\" content=\"image\/jpeg\" \/>\n<meta name=\"twitter:card\" content=\"summary_large_image\" \/>\n<meta name=\"twitter:site\" content=\"@Gh0stysky\" \/>\n<meta name=\"twitter:label1\" content=\"Tiempo de lectura\" \/>\n\t<meta name=\"twitter:data1\" content=\"4 minutos\" \/>\n<script type=\"application\/ld+json\" class=\"yoast-schema-graph\">{\"@context\":\"https:\/\/schema.org\",\"@graph\":[{\"@type\":\"WebPage\",\"@id\":\"https:\/\/www.ghostysky.com\/product\/ms600-pro-6-bands-multispectral-camera\/\",\"url\":\"https:\/\/www.ghostysky.com\/product\/ms600-pro-6-bands-multispectral-camera\/\",\"name\":\"MS600 Pro (6-bands) Multispectral Camera - Ghostysky\",\"isPartOf\":{\"@id\":\"https:\/\/www.ghostysky.com\/#website\"},\"primaryImageOfPage\":{\"@id\":\"https:\/\/www.ghostysky.com\/product\/ms600-pro-6-bands-multispectral-camera\/#primaryimage\"},\"image\":{\"@id\":\"https:\/\/www.ghostysky.com\/product\/ms600-pro-6-bands-multispectral-camera\/#primaryimage\"},\"thumbnailUrl\":\"https:\/\/www.ghostysky.com\/wp-content\/uploads\/2024\/02\/GH_MS600Pro_1.jpg\",\"datePublished\":\"2024-02-24T10:45:58+00:00\",\"dateModified\":\"2025-10-14T11:52:02+00:00\",\"description\":\"The Yusense MS600 Pro is a high-performance multispectral camera designed for capturing data in six specific spectral bands beyond the typical RGB spectrum. This allows for advanced analysis in various fields.\",\"breadcrumb\":{\"@id\":\"https:\/\/www.ghostysky.com\/product\/ms600-pro-6-bands-multispectral-camera\/#breadcrumb\"},\"inLanguage\":\"es\",\"potentialAction\":[{\"@type\":\"ReadAction\",\"target\":[\"https:\/\/www.ghostysky.com\/product\/ms600-pro-6-bands-multispectral-camera\/\"]}]},{\"@type\":\"ImageObject\",\"inLanguage\":\"es\",\"@id\":\"https:\/\/www.ghostysky.com\/product\/ms600-pro-6-bands-multispectral-camera\/#primaryimage\",\"url\":\"https:\/\/www.ghostysky.com\/wp-content\/uploads\/2024\/02\/GH_MS600Pro_1.jpg\",\"contentUrl\":\"https:\/\/www.ghostysky.com\/wp-content\/uploads\/2024\/02\/GH_MS600Pro_1.jpg\",\"width\":450,\"height\":450},{\"@type\":\"BreadcrumbList\",\"@id\":\"https:\/\/www.ghostysky.com\/product\/ms600-pro-6-bands-multispectral-camera\/#breadcrumb\",\"itemListElement\":[{\"@type\":\"ListItem\",\"position\":1,\"name\":\"Home\",\"item\":\"https:\/\/www.ghostysky.com\/\"},{\"@type\":\"ListItem\",\"position\":2,\"name\":\"Shop\",\"item\":\"https:\/\/www.ghostysky.com\/shop\/\"},{\"@type\":\"ListItem\",\"position\":3,\"name\":\"MS600 Pro (6-bands) Multispectral Camera\"}]},{\"@type\":\"WebSite\",\"@id\":\"https:\/\/www.ghostysky.com\/#website\",\"url\":\"https:\/\/www.ghostysky.com\/\",\"name\":\"Ghostysky\",\"description\":\"Delivering professional drones and services\",\"publisher\":{\"@id\":\"https:\/\/www.ghostysky.com\/#organization\"},\"potentialAction\":[{\"@type\":\"SearchAction\",\"target\":{\"@type\":\"EntryPoint\",\"urlTemplate\":\"https:\/\/www.ghostysky.com\/?s={search_term_string}\"},\"query-input\":{\"@type\":\"PropertyValueSpecification\",\"valueRequired\":true,\"valueName\":\"search_term_string\"}}],\"inLanguage\":\"es\"},{\"@type\":\"Organization\",\"@id\":\"https:\/\/www.ghostysky.com\/#organization\",\"name\":\"Ghostysky\",\"url\":\"https:\/\/www.ghostysky.com\/\",\"logo\":{\"@type\":\"ImageObject\",\"inLanguage\":\"es\",\"@id\":\"https:\/\/www.ghostysky.com\/#\/schema\/logo\/image\/\",\"url\":\"https:\/\/www.ghostysky.com\/wp-content\/uploads\/2020\/06\/cropped-ghostyskylogo_text_white2.png\",\"contentUrl\":\"https:\/\/www.ghostysky.com\/wp-content\/uploads\/2020\/06\/cropped-ghostyskylogo_text_white2.png\",\"width\":169,\"height\":56,\"caption\":\"Ghostysky\"},\"image\":{\"@id\":\"https:\/\/www.ghostysky.com\/#\/schema\/logo\/image\/\"},\"sameAs\":[\"https:\/\/www.facebook.com\/people\/Ghostysky\/100057676170234\/\",\"https:\/\/x.com\/Gh0stysky\",\"https:\/\/www.linkedin.com\/company\/34739653\",\"https:\/\/www.instagram.com\/gh0stysky\"]}]}<\/script>\n<!-- \/ Yoast SEO plugin. -->","yoast_head_json":{"title":"C\u00e1mara multiespectral MS600 Pro (6 bandas) - Ghostysky","description":"La Yusense MS600 Pro es una c\u00e1mara multiespectral de alto rendimiento dise\u00f1ada para capturar datos en seis bandas espectrales espec\u00edficas m\u00e1s all\u00e1 del espectro RGB t\u00edpico. Esto permite realizar an\u00e1lisis avanzados en diversos campos.","robots":{"index":"index","follow":"follow","max-snippet":"max-snippet:-1","max-image-preview":"max-image-preview:large","max-video-preview":"max-video-preview:-1"},"canonical":"https:\/\/www.ghostysky.com\/es\/producto-2\/ms600-pro-6-bands-multispectral-camera\/","og_locale":"es_ES","og_type":"article","og_title":"MS600 Pro (6-bands) Multispectral Camera - Ghostysky","og_description":"The Yusense MS600 Pro is a high-performance multispectral camera designed for capturing data in six specific spectral bands beyond the typical RGB spectrum. This allows for advanced analysis in various fields.","og_url":"https:\/\/www.ghostysky.com\/es\/producto-2\/ms600-pro-6-bands-multispectral-camera\/","og_site_name":"Ghostysky","article_publisher":"https:\/\/www.facebook.com\/people\/Ghostysky\/100057676170234\/","article_modified_time":"2025-10-14T11:52:02+00:00","og_image":[{"width":450,"height":450,"url":"https:\/\/www.ghostysky.com\/wp-content\/uploads\/2024\/02\/GH_MS600Pro_1.jpg","type":"image\/jpeg"}],"twitter_card":"summary_large_image","twitter_site":"@Gh0stysky","twitter_misc":{"Tiempo de lectura":"4 minutos"},"schema":{"@context":"https:\/\/schema.org","@graph":[{"@type":"WebPage","@id":"https:\/\/www.ghostysky.com\/product\/ms600-pro-6-bands-multispectral-camera\/","url":"https:\/\/www.ghostysky.com\/product\/ms600-pro-6-bands-multispectral-camera\/","name":"C\u00e1mara multiespectral MS600 Pro (6 bandas) - Ghostysky","isPartOf":{"@id":"https:\/\/www.ghostysky.com\/#website"},"primaryImageOfPage":{"@id":"https:\/\/www.ghostysky.com\/product\/ms600-pro-6-bands-multispectral-camera\/#primaryimage"},"image":{"@id":"https:\/\/www.ghostysky.com\/product\/ms600-pro-6-bands-multispectral-camera\/#primaryimage"},"thumbnailUrl":"https:\/\/www.ghostysky.com\/wp-content\/uploads\/2024\/02\/GH_MS600Pro_1.jpg","datePublished":"2024-02-24T10:45:58+00:00","dateModified":"2025-10-14T11:52:02+00:00","description":"La Yusense MS600 Pro es una c\u00e1mara multiespectral de alto rendimiento dise\u00f1ada para capturar datos en seis bandas espectrales espec\u00edficas m\u00e1s all\u00e1 del espectro RGB t\u00edpico. Esto permite realizar an\u00e1lisis avanzados en diversos campos.","breadcrumb":{"@id":"https:\/\/www.ghostysky.com\/product\/ms600-pro-6-bands-multispectral-camera\/#breadcrumb"},"inLanguage":"es","potentialAction":[{"@type":"ReadAction","target":["https:\/\/www.ghostysky.com\/product\/ms600-pro-6-bands-multispectral-camera\/"]}]},{"@type":"ImageObject","inLanguage":"es","@id":"https:\/\/www.ghostysky.com\/product\/ms600-pro-6-bands-multispectral-camera\/#primaryimage","url":"https:\/\/www.ghostysky.com\/wp-content\/uploads\/2024\/02\/GH_MS600Pro_1.jpg","contentUrl":"https:\/\/www.ghostysky.com\/wp-content\/uploads\/2024\/02\/GH_MS600Pro_1.jpg","width":450,"height":450},{"@type":"BreadcrumbList","@id":"https:\/\/www.ghostysky.com\/product\/ms600-pro-6-bands-multispectral-camera\/#breadcrumb","itemListElement":[{"@type":"ListItem","position":1,"name":"Home","item":"https:\/\/www.ghostysky.com\/"},{"@type":"ListItem","position":2,"name":"Shop","item":"https:\/\/www.ghostysky.com\/shop\/"},{"@type":"ListItem","position":3,"name":"MS600 Pro (6-bands) Multispectral Camera"}]},{"@type":"WebSite","@id":"https:\/\/www.ghostysky.com\/#website","url":"https:\/\/www.ghostysky.com\/","name":"Ghostysky","description":"Entrega de drones y servicios profesionales","publisher":{"@id":"https:\/\/www.ghostysky.com\/#organization"},"potentialAction":[{"@type":"SearchAction","target":{"@type":"EntryPoint","urlTemplate":"https:\/\/www.ghostysky.com\/?s={search_term_string}"},"query-input":{"@type":"PropertyValueSpecification","valueRequired":true,"valueName":"search_term_string"}}],"inLanguage":"es"},{"@type":"Organization","@id":"https:\/\/www.ghostysky.com\/#organization","name":"Ghostysky","url":"https:\/\/www.ghostysky.com\/","logo":{"@type":"ImageObject","inLanguage":"es","@id":"https:\/\/www.ghostysky.com\/#\/schema\/logo\/image\/","url":"https:\/\/www.ghostysky.com\/wp-content\/uploads\/2020\/06\/cropped-ghostyskylogo_text_white2.png","contentUrl":"https:\/\/www.ghostysky.com\/wp-content\/uploads\/2020\/06\/cropped-ghostyskylogo_text_white2.png","width":169,"height":56,"caption":"Ghostysky"},"image":{"@id":"https:\/\/www.ghostysky.com\/#\/schema\/logo\/image\/"},"sameAs":["https:\/\/www.facebook.com\/people\/Ghostysky\/100057676170234\/","https:\/\/x.com\/Gh0stysky","https:\/\/www.linkedin.com\/company\/34739653","https:\/\/www.instagram.com\/gh0stysky"]}]}},"_links":{"self":[{"href":"https:\/\/www.ghostysky.com\/es\/wp-json\/wp\/v2\/product\/16661","targetHints":{"allow":["GET"]}}],"collection":[{"href":"https:\/\/www.ghostysky.com\/es\/wp-json\/wp\/v2\/product"}],"about":[{"href":"https:\/\/www.ghostysky.com\/es\/wp-json\/wp\/v2\/types\/product"}],"replies":[{"embeddable":true,"href":"https:\/\/www.ghostysky.com\/es\/wp-json\/wp\/v2\/comments?post=16661"}],"wp:featuredmedia":[{"embeddable":true,"href":"https:\/\/www.ghostysky.com\/es\/wp-json\/wp\/v2\/media\/16665"}],"wp:attachment":[{"href":"https:\/\/www.ghostysky.com\/es\/wp-json\/wp\/v2\/media?parent=16661"}],"wp:term":[{"taxonomy":"product_brand","embeddable":true,"href":"https:\/\/www.ghostysky.com\/es\/wp-json\/wp\/v2\/product_brand?post=16661"},{"taxonomy":"product_cat","embeddable":true,"href":"https:\/\/www.ghostysky.com\/es\/wp-json\/wp\/v2\/product_cat?post=16661"},{"taxonomy":"product_tag","embeddable":true,"href":"https:\/\/www.ghostysky.com\/es\/wp-json\/wp\/v2\/product_tag?post=16661"}],"curies":[{"name":"wp","href":"https:\/\/api.w.org\/{rel}","templated":true}]}}