{"id":16676,"date":"2024-02-24T11:14:30","date_gmt":"2024-02-24T11:14:30","guid":{"rendered":"https:\/\/www.ghostysky.com\/?post_type=product&#038;p=16676"},"modified":"2025-10-14T11:42:21","modified_gmt":"2025-10-14T11:42:21","slug":"ms600-dual-6-bands-multispectral-camera","status":"publish","type":"product","link":"https:\/\/www.ghostysky.com\/es\/product\/ms600-dual-6-bands-multispectral-camera\/","title":{"rendered":"C\u00e1mara multiespectral MS600 dual (6 bandas)"},"content":{"rendered":"<p><strong>Caracter\u00edsticas del producto<\/strong><\/p>\n<ul>\n<li>Puerto de red\/puerto serie TTL<\/li>\n<li>C\u00e1lculos de reflectividad en tiempo real a bordo<\/li>\n<li>Sensor de luz de enlace descendente est\u00e1ndar (DLS)<\/li>\n<li>Exposici\u00f3n sincr\u00f3nica de escenarios de aplicaci\u00f3n en cascada.<\/li>\n<li>El dise\u00f1o de la banda contin\u00faa la composici\u00f3n de las principales bandas de sat\u00e9lite.<\/li>\n<li>Interfaz Skyport integrada para escenarios de aplicaciones en cascada<\/li>\n<li>Plataforma de transporte: UAV peque\u00f1o multirrotor, UAV peque\u00f1o de ala fija<\/li>\n<\/ul>\n<p><strong>Especificaciones t\u00e9cnicas\u00a0<\/strong><\/p>\n<ul>\n<li><strong>M\u00e9todo de combinaci\u00f3n<\/strong>: 6 canales multiespectrales<\/li>\n<li><strong>Tama\u00f1o objetivo<\/strong>: 1\/3\u201d<\/li>\n<li><strong>P\u00edxeles efectivos<\/strong>: 1,2Mpx<\/li>\n<li><strong>Tipo de persiana<\/strong>: Situaci\u00f3n general (Global)<\/li>\n<li><strong>N\u00famero\u00a0<\/strong>de\u00a0<strong>Bits de cuantificaci\u00f3n<\/strong>: 12 bits<\/li>\n<li><strong>campo de visi\u00f3n\u00a0<\/strong>(campo de visi\u00f3n): 49,5\u00b0\u00d738,1\u00b0<\/li>\n<li><strong>Resoluci\u00f3n terrestre<\/strong>: 8,65 cm @ h120m<\/li>\n<li><strong>Ancho de cobertura<\/strong>: 110m\u00d783m@h120m<\/li>\n<li><strong>Canal espectral<\/strong>: 10 nm a 35 nm, 490 nm a 25 nm, 610 nm a 30 nm, 650 nm a 27 nm, 780 nm a 13 nm, 940 nm a 30 nm<\/li>\n<li><strong>Ventana \u00f3ptica<\/strong>: Ventana de cristal \u00f3ptico de zafiro<\/li>\n<li><strong>Tama\u00f1o del anfitri\u00f3n\u00a0<\/strong>(LxAnxAl): \u226480mm\u00d775mm\u00d755mm<\/li>\n<li><strong>Peso del anfitri\u00f3n<\/strong>: \u2264280g<\/li>\n<li><strong>Interfaz de instalaci\u00f3n<\/strong>: 4\u00d7M3, aplicaci\u00f3n en cascada Skyport<\/li>\n<li><strong>Energizado por<\/strong>: 12V (contacte con nuestro equipo para suministro de energ\u00eda con otros voltajes)<\/li>\n<li><strong>El consumo de energ\u00eda<\/strong>: \u226410W@12V<\/li>\n<li><strong>Formato de imagen<\/strong>: TIFF original de 16 bits y JPEG de reflectividad de 8 bits (incluido GPS e informaci\u00f3n de luz ambiental)<\/li>\n<li><strong>Formato de video<\/strong>: N \/ A<\/li>\n<li><strong>Medios de almacenamiento<\/strong>: Tarjeta micro SD est\u00e1ndar de 64 GB, soporte m\u00e1ximo de 128 GB de capacidad (velocidad de transmisi\u00f3n U3 y superior)<\/li>\n<li><strong>Software de procesamiento<\/strong>: Mapa Yusense\/Mapa Yusense Plus<\/li>\n<li><strong>Configuraci\u00f3n de par\u00e1metros<\/strong>: Wi-Fi (acceso a interfaz WEB)\/UART<\/li>\n<li><strong>Gatillo de disparo<\/strong>: Disparador externo, disparador de sincronizaci\u00f3n, disparador de tasa de superposici\u00f3n, disparador en cascada<\/li>\n<li><strong>Frecuencia de disparo<\/strong>: 1 Hz (relacionado con la velocidad real de lectura y escritura del medio de almacenamiento)<\/li>\n<li><strong>Temperatura de trabajo<\/strong>: -10 \u2103 a +50 \u2103 (velocidad relativa del viento \u22651 m\/s)<\/li>\n<li><strong>Temperatura ambiente de almacenamiento<\/strong>: -30 \u2103 a +70 \u2103<\/li>\n<li><strong>Humedad ambiental<\/strong>: RH(%) \u226485%(sin condensaci\u00f3n)<\/li>\n<li><strong>Producto certificado<\/strong>: CE, FCC, RoHS<\/li>\n<\/ul>\n<p><strong>Aplicaciones<\/strong><\/p>\n<p><a href=\"https:\/\/www.ghostysky.com\/wp-content\/uploads\/2024\/02\/GH_MS600DualDescription_1.jpg\"><img fetchpriority=\"high\" decoding=\"async\" class=\"wp-image-16679 size-full alignleft lazyload\" src=\"datos:imagen\/gif;base64,R0lGODlhAQABAAAAACH5BAEKAAEALAAAAAABAAEAAAICTAEAOw==\" alt=\"\" width=\"600\" height=\"347\" data-src=\"datos:imagen\/gif;base64,R0lGODlhAQABAAAAACH5BAEKAAEALAAAAAABAAEAAAICTAEAOw==\"><\/a><b>Verificaci\u00f3n de datos de teledetecci\u00f3n por sat\u00e9lite<\/b><\/p>\n<p>MS600 Dual y MS600 V2 est\u00e1n conectados en cascada y montados para formar un equipo de adquisici\u00f3n de datos de 12 bandas, que es consistente con el dise\u00f1o de banda espectral de los sat\u00e9lites actuales Sentinel-2, Landsat8 y Landsat-Next, y garantiza al m\u00e1ximo que la Los investigadores y acad\u00e9micos en los campos de agricultura, silvicultura y pastizales, ecolog\u00eda y medio ambiente tendr\u00e1n la informaci\u00f3n unificada de los datos de acoplamiento \u00f3ptico satelital y a\u00e9reo, lo cual es conveniente para llevar a cabo estudios especiales como la validaci\u00f3n de datos y la comparaci\u00f3n de informaci\u00f3n. Validaci\u00f3n de datos, comparaci\u00f3n de informaci\u00f3n y otras investigaciones especializadas.<\/p>\n<p><a href=\"https:\/\/www.ghostysky.com\/wp-content\/uploads\/2024\/02\/GH_MS600DualDescription_2.jpg\"><img decoding=\"async\" class=\"size-full wp-image-16678 alignright lazyload\" src=\"datos:imagen\/gif;base64,R0lGODlhAQABAAAAACH5BAEKAAEALAAAAAABAAEAAAICTAEAOw==\" alt=\"\" width=\"600\" height=\"347\" data-src=\"datos:imagen\/gif;base64,R0lGODlhAQABAAAAACH5BAEKAAEALAAAAAABAAEAAAICTAEAOw==\"><\/a><\/p>\n<p><b>Inversi\u00f3n de par\u00e1metros fisiol\u00f3gicos de la vegetaci\u00f3n.<\/b><\/p>\n<p>La MS600 Dual complementa la c\u00e1mara multiespectral MS600 V2 en la banda del infrarrojo cercano y, cuando se utiliza en cascada con la MS600 V2, puede extraer m\u00e1s informaci\u00f3n del dosel vegetal y construir m\u00e1s factores espectrales, mejorando as\u00ed la precisi\u00f3n de la inversi\u00f3n de los par\u00e1metros fisiol\u00f3gicos del dosel para cultivos, bosques y pastos, y otros escenarios pan-vegetales.<\/p>\n<p>&nbsp;<\/p>\n<p>&nbsp;<\/p>\n<p><a href=\"https:\/\/www.ghostysky.com\/wp-content\/uploads\/2024\/02\/GH_MS600DualDescription_3.jpg\"><img decoding=\"async\" class=\"size-full wp-image-16677 alignleft lazyload\" src=\"datos:imagen\/gif;base64,R0lGODlhAQABAAAAACH5BAEKAAEALAAAAAABAAEAAAICTAEAOw==\" alt=\"\" width=\"600\" height=\"347\" data-src=\"datos:imagen\/gif;base64,R0lGODlhAQABAAAAACH5BAEKAAEALAAAAAABAAEAAAICTAEAOw==\"><\/a><\/p>\n<p><b>Inversi\u00f3n cuantitativa de par\u00e1metros de calidad del agua.<\/b><\/p>\n<p>El MS600 Dual ampl\u00eda el n\u00famero de bandas de luz azul-verde para proporcionar informaci\u00f3n de datos m\u00e1s refinada para la detecci\u00f3n de masas de agua, especialmente para nitr\u00f3geno total, f\u00f3sforo total, nitr\u00f3geno amoniacal, DQO y otros par\u00e1metros, lo que proporciona m\u00e1s datos informativos para ayudar a mejorar la precisi\u00f3n de Inversi\u00f3n de par\u00e1metros qu\u00edmicos de calidad del agua.<\/p>\n<p>&nbsp;<\/p>\n<p>&nbsp;<\/p>\n<p>&nbsp;<\/p>","protected":false},"excerpt":{"rendered":"<p>Yusense MS600 Dual es una carga \u00fatil de drones multiespectral que es compatible con varias plataformas UAV multirrotor y de viento fijo. Esta carga \u00fatil liviana est\u00e1 hecha de aleaci\u00f3n de aluminio y est\u00e1 equipada con seis canales multiespectrales de 1,2 MP, ventanas de vidrio \u00f3ptico de zafiro y un sensor de luz de enlace descendente (DLS). Las bandas espectrales del Yusense MS600 Dual son similares a las utilizadas por los sat\u00e9lites Sentinel-2 y Landsat-Next.<\/p>","protected":false},"featured_media":16682,"comment_status":"open","ping_status":"closed","template":"","meta":[],"product_brand":[],"product_cat":[705,706],"product_tag":[711,714,66,707],"class_list":{"0":"post-16676","1":"product","2":"type-product","3":"status-publish","4":"has-post-thumbnail","6":"product_cat-sensors","7":"product_cat-yusense","8":"product_tag-6-bands","9":"product_tag-ms600-dual","10":"product_tag-multispectral-camera","11":"product_tag-yusense","13":"first","14":"onbackorder","15":"taxable","16":"shipping-taxable","17":"product-type-simple"},"yoast_head":"<!-- This site is optimized with the Yoast SEO plugin v27.4 - https:\/\/yoast.com\/product\/yoast-seo-wordpress\/ -->\n<title>MS600 Dual (6-bands) Multispectral Camera - Ghostysky<\/title>\n<meta name=\"description\" content=\"Yusense MS600 Dual is a multispectral drone payload that is compatible with various multi-rotor and fixed-wind UAV platforms. This lightweight payload is made of aluminum alloy and is equipped with six multispectral channels of 1.2 MP, sapphire optical glass windows, and a Downlink Light Sensor (DLS). Yusense MS600 Dual&#039;s spectral bands are similar to those used by the Sentinel-2 and Landsat-Next satellites.\" \/>\n<meta name=\"robots\" content=\"index, follow, max-snippet:-1, max-image-preview:large, max-video-preview:-1\" \/>\n<link rel=\"canonical\" href=\"https:\/\/www.ghostysky.com\/es\/producto-2\/ms600-dual-6-bands-multispectral-camera\/\" \/>\n<meta property=\"og:locale\" content=\"es_ES\" \/>\n<meta property=\"og:type\" content=\"article\" \/>\n<meta property=\"og:title\" content=\"MS600 Dual (6-bands) Multispectral Camera - Ghostysky\" \/>\n<meta property=\"og:description\" content=\"Yusense MS600 Dual is a multispectral drone payload that is compatible with various multi-rotor and fixed-wind UAV platforms. This lightweight payload is made of aluminum alloy and is equipped with six multispectral channels of 1.2 MP, sapphire optical glass windows, and a Downlink Light Sensor (DLS). Yusense MS600 Dual&#039;s spectral bands are similar to those used by the Sentinel-2 and Landsat-Next satellites.\" \/>\n<meta property=\"og:url\" content=\"https:\/\/www.ghostysky.com\/es\/producto-2\/ms600-dual-6-bands-multispectral-camera\/\" \/>\n<meta property=\"og:site_name\" content=\"Ghostysky\" \/>\n<meta property=\"article:publisher\" content=\"https:\/\/www.facebook.com\/people\/Ghostysky\/100057676170234\/\" \/>\n<meta property=\"article:modified_time\" content=\"2025-10-14T11:42:21+00:00\" \/>\n<meta property=\"og:image\" content=\"https:\/\/www.ghostysky.com\/wp-content\/uploads\/2024\/02\/GH_MS600PDual_1.jpg\" \/>\n\t<meta property=\"og:image:width\" content=\"450\" \/>\n\t<meta property=\"og:image:height\" content=\"450\" \/>\n\t<meta property=\"og:image:type\" content=\"image\/jpeg\" \/>\n<meta name=\"twitter:card\" content=\"summary_large_image\" \/>\n<meta name=\"twitter:site\" content=\"@Gh0stysky\" \/>\n<meta name=\"twitter:label1\" content=\"Tiempo de lectura\" \/>\n\t<meta name=\"twitter:data1\" content=\"3 minutos\" \/>\n<script type=\"application\/ld+json\" class=\"yoast-schema-graph\">{\"@context\":\"https:\\\/\\\/schema.org\",\"@graph\":[{\"@type\":\"WebPage\",\"@id\":\"https:\\\/\\\/www.ghostysky.com\\\/product\\\/ms600-dual-6-bands-multispectral-camera\\\/\",\"url\":\"https:\\\/\\\/www.ghostysky.com\\\/product\\\/ms600-dual-6-bands-multispectral-camera\\\/\",\"name\":\"MS600 Dual (6-bands) Multispectral Camera - Ghostysky\",\"isPartOf\":{\"@id\":\"https:\\\/\\\/www.ghostysky.com\\\/#website\"},\"primaryImageOfPage\":{\"@id\":\"https:\\\/\\\/www.ghostysky.com\\\/product\\\/ms600-dual-6-bands-multispectral-camera\\\/#primaryimage\"},\"image\":{\"@id\":\"https:\\\/\\\/www.ghostysky.com\\\/product\\\/ms600-dual-6-bands-multispectral-camera\\\/#primaryimage\"},\"thumbnailUrl\":\"https:\\\/\\\/www.ghostysky.com\\\/wp-content\\\/uploads\\\/2024\\\/02\\\/GH_MS600PDual_1.jpg\",\"datePublished\":\"2024-02-24T11:14:30+00:00\",\"dateModified\":\"2025-10-14T11:42:21+00:00\",\"description\":\"Yusense MS600 Dual is a multispectral drone payload that is compatible with various multi-rotor and fixed-wind UAV platforms. This lightweight payload is made of aluminum alloy and is equipped with six multispectral channels of 1.2 MP, sapphire optical glass windows, and a Downlink Light Sensor (DLS). Yusense MS600 Dual's spectral bands are similar to those used by the Sentinel-2 and Landsat-Next satellites.\",\"breadcrumb\":{\"@id\":\"https:\\\/\\\/www.ghostysky.com\\\/product\\\/ms600-dual-6-bands-multispectral-camera\\\/#breadcrumb\"},\"inLanguage\":\"es\",\"potentialAction\":[{\"@type\":\"ReadAction\",\"target\":[\"https:\\\/\\\/www.ghostysky.com\\\/product\\\/ms600-dual-6-bands-multispectral-camera\\\/\"]}]},{\"@type\":\"ImageObject\",\"inLanguage\":\"es\",\"@id\":\"https:\\\/\\\/www.ghostysky.com\\\/product\\\/ms600-dual-6-bands-multispectral-camera\\\/#primaryimage\",\"url\":\"https:\\\/\\\/www.ghostysky.com\\\/wp-content\\\/uploads\\\/2024\\\/02\\\/GH_MS600PDual_1.jpg\",\"contentUrl\":\"https:\\\/\\\/www.ghostysky.com\\\/wp-content\\\/uploads\\\/2024\\\/02\\\/GH_MS600PDual_1.jpg\",\"width\":450,\"height\":450},{\"@type\":\"BreadcrumbList\",\"@id\":\"https:\\\/\\\/www.ghostysky.com\\\/product\\\/ms600-dual-6-bands-multispectral-camera\\\/#breadcrumb\",\"itemListElement\":[{\"@type\":\"ListItem\",\"position\":1,\"name\":\"Home\",\"item\":\"https:\\\/\\\/www.ghostysky.com\\\/\"},{\"@type\":\"ListItem\",\"position\":2,\"name\":\"Shop\",\"item\":\"https:\\\/\\\/www.ghostysky.com\\\/shop\\\/\"},{\"@type\":\"ListItem\",\"position\":3,\"name\":\"MS600 Dual (6-bands) Multispectral Camera\"}]},{\"@type\":\"WebSite\",\"@id\":\"https:\\\/\\\/www.ghostysky.com\\\/#website\",\"url\":\"https:\\\/\\\/www.ghostysky.com\\\/\",\"name\":\"Ghostysky\",\"description\":\"Delivering professional drones and robotics solutions\",\"publisher\":{\"@id\":\"https:\\\/\\\/www.ghostysky.com\\\/#organization\"},\"potentialAction\":[{\"@type\":\"SearchAction\",\"target\":{\"@type\":\"EntryPoint\",\"urlTemplate\":\"https:\\\/\\\/www.ghostysky.com\\\/?s={search_term_string}\"},\"query-input\":{\"@type\":\"PropertyValueSpecification\",\"valueRequired\":true,\"valueName\":\"search_term_string\"}}],\"inLanguage\":\"es\"},{\"@type\":\"Organization\",\"@id\":\"https:\\\/\\\/www.ghostysky.com\\\/#organization\",\"name\":\"Ghostysky\",\"url\":\"https:\\\/\\\/www.ghostysky.com\\\/\",\"logo\":{\"@type\":\"ImageObject\",\"inLanguage\":\"es\",\"@id\":\"https:\\\/\\\/www.ghostysky.com\\\/#\\\/schema\\\/logo\\\/image\\\/\",\"url\":\"https:\\\/\\\/www.ghostysky.com\\\/wp-content\\\/uploads\\\/2020\\\/06\\\/cropped-ghostyskylogo_text_white2.png\",\"contentUrl\":\"https:\\\/\\\/www.ghostysky.com\\\/wp-content\\\/uploads\\\/2020\\\/06\\\/cropped-ghostyskylogo_text_white2.png\",\"width\":169,\"height\":56,\"caption\":\"Ghostysky\"},\"image\":{\"@id\":\"https:\\\/\\\/www.ghostysky.com\\\/#\\\/schema\\\/logo\\\/image\\\/\"},\"sameAs\":[\"https:\\\/\\\/www.facebook.com\\\/people\\\/Ghostysky\\\/100057676170234\\\/\",\"https:\\\/\\\/x.com\\\/Gh0stysky\",\"https:\\\/\\\/www.linkedin.com\\\/company\\\/34739653\",\"https:\\\/\\\/www.instagram.com\\\/gh0stysky\"]}]}<\/script>\n<!-- \/ Yoast SEO plugin. -->","yoast_head_json":{"title":"C\u00e1mara multiespectral dual MS600 (6 bandas) - Ghostysky","description":"Yusense MS600 Dual es una carga \u00fatil de drones multiespectral que es compatible con varias plataformas UAV multirrotor y de viento fijo. Esta carga \u00fatil liviana est\u00e1 hecha de aleaci\u00f3n de aluminio y est\u00e1 equipada con seis canales multiespectrales de 1,2 MP, ventanas de vidrio \u00f3ptico de zafiro y un sensor de luz de enlace descendente (DLS). Las bandas espectrales del Yusense MS600 Dual son similares a las utilizadas por los sat\u00e9lites Sentinel-2 y Landsat-Next.","robots":{"index":"index","follow":"follow","max-snippet":"max-snippet:-1","max-image-preview":"max-image-preview:large","max-video-preview":"max-video-preview:-1"},"canonical":"https:\/\/www.ghostysky.com\/es\/producto-2\/ms600-dual-6-bands-multispectral-camera\/","og_locale":"es_ES","og_type":"article","og_title":"MS600 Dual (6-bands) Multispectral Camera - Ghostysky","og_description":"Yusense MS600 Dual is a multispectral drone payload that is compatible with various multi-rotor and fixed-wind UAV platforms. This lightweight payload is made of aluminum alloy and is equipped with six multispectral channels of 1.2 MP, sapphire optical glass windows, and a Downlink Light Sensor (DLS). Yusense MS600 Dual's spectral bands are similar to those used by the Sentinel-2 and Landsat-Next satellites.","og_url":"https:\/\/www.ghostysky.com\/es\/producto-2\/ms600-dual-6-bands-multispectral-camera\/","og_site_name":"Ghostysky","article_publisher":"https:\/\/www.facebook.com\/people\/Ghostysky\/100057676170234\/","article_modified_time":"2025-10-14T11:42:21+00:00","og_image":[{"width":450,"height":450,"url":"https:\/\/www.ghostysky.com\/wp-content\/uploads\/2024\/02\/GH_MS600PDual_1.jpg","type":"image\/jpeg"}],"twitter_card":"summary_large_image","twitter_site":"@Gh0stysky","twitter_misc":{"Tiempo de lectura":"3 minutos"},"schema":{"@context":"https:\/\/schema.org","@graph":[{"@type":"WebPage","@id":"https:\/\/www.ghostysky.com\/product\/ms600-dual-6-bands-multispectral-camera\/","url":"https:\/\/www.ghostysky.com\/product\/ms600-dual-6-bands-multispectral-camera\/","name":"C\u00e1mara multiespectral dual MS600 (6 bandas) - Ghostysky","isPartOf":{"@id":"https:\/\/www.ghostysky.com\/#website"},"primaryImageOfPage":{"@id":"https:\/\/www.ghostysky.com\/product\/ms600-dual-6-bands-multispectral-camera\/#primaryimage"},"image":{"@id":"https:\/\/www.ghostysky.com\/product\/ms600-dual-6-bands-multispectral-camera\/#primaryimage"},"thumbnailUrl":"https:\/\/www.ghostysky.com\/wp-content\/uploads\/2024\/02\/GH_MS600PDual_1.jpg","datePublished":"2024-02-24T11:14:30+00:00","dateModified":"2025-10-14T11:42:21+00:00","description":"Yusense MS600 Dual es una carga \u00fatil de drones multiespectral que es compatible con varias plataformas UAV multirrotor y de viento fijo. Esta carga \u00fatil liviana est\u00e1 hecha de aleaci\u00f3n de aluminio y est\u00e1 equipada con seis canales multiespectrales de 1,2 MP, ventanas de vidrio \u00f3ptico de zafiro y un sensor de luz de enlace descendente (DLS). Las bandas espectrales del Yusense MS600 Dual son similares a las utilizadas por los sat\u00e9lites Sentinel-2 y Landsat-Next.","breadcrumb":{"@id":"https:\/\/www.ghostysky.com\/product\/ms600-dual-6-bands-multispectral-camera\/#breadcrumb"},"inLanguage":"es","potentialAction":[{"@type":"ReadAction","target":["https:\/\/www.ghostysky.com\/product\/ms600-dual-6-bands-multispectral-camera\/"]}]},{"@type":"ImageObject","inLanguage":"es","@id":"https:\/\/www.ghostysky.com\/product\/ms600-dual-6-bands-multispectral-camera\/#primaryimage","url":"https:\/\/www.ghostysky.com\/wp-content\/uploads\/2024\/02\/GH_MS600PDual_1.jpg","contentUrl":"https:\/\/www.ghostysky.com\/wp-content\/uploads\/2024\/02\/GH_MS600PDual_1.jpg","width":450,"height":450},{"@type":"BreadcrumbList","@id":"https:\/\/www.ghostysky.com\/product\/ms600-dual-6-bands-multispectral-camera\/#breadcrumb","itemListElement":[{"@type":"ListItem","position":1,"name":"Home","item":"https:\/\/www.ghostysky.com\/"},{"@type":"ListItem","position":2,"name":"Shop","item":"https:\/\/www.ghostysky.com\/shop\/"},{"@type":"ListItem","position":3,"name":"MS600 Dual (6-bands) Multispectral Camera"}]},{"@type":"WebSite","@id":"https:\/\/www.ghostysky.com\/#website","url":"https:\/\/www.ghostysky.com\/","name":"Ghostysky","description":"Ofrecemos soluciones profesionales de drones y rob\u00f3tica.","publisher":{"@id":"https:\/\/www.ghostysky.com\/#organization"},"potentialAction":[{"@type":"SearchAction","target":{"@type":"EntryPoint","urlTemplate":"https:\/\/www.ghostysky.com\/?s={search_term_string}"},"query-input":{"@type":"PropertyValueSpecification","valueRequired":true,"valueName":"search_term_string"}}],"inLanguage":"es"},{"@type":"Organization","@id":"https:\/\/www.ghostysky.com\/#organization","name":"Ghostysky","url":"https:\/\/www.ghostysky.com\/","logo":{"@type":"ImageObject","inLanguage":"es","@id":"https:\/\/www.ghostysky.com\/#\/schema\/logo\/image\/","url":"https:\/\/www.ghostysky.com\/wp-content\/uploads\/2020\/06\/cropped-ghostyskylogo_text_white2.png","contentUrl":"https:\/\/www.ghostysky.com\/wp-content\/uploads\/2020\/06\/cropped-ghostyskylogo_text_white2.png","width":169,"height":56,"caption":"Ghostysky"},"image":{"@id":"https:\/\/www.ghostysky.com\/#\/schema\/logo\/image\/"},"sameAs":["https:\/\/www.facebook.com\/people\/Ghostysky\/100057676170234\/","https:\/\/x.com\/Gh0stysky","https:\/\/www.linkedin.com\/company\/34739653","https:\/\/www.instagram.com\/gh0stysky"]}]}},"_links":{"self":[{"href":"https:\/\/www.ghostysky.com\/es\/wp-json\/wp\/v2\/product\/16676","targetHints":{"allow":["GET"]}}],"collection":[{"href":"https:\/\/www.ghostysky.com\/es\/wp-json\/wp\/v2\/product"}],"about":[{"href":"https:\/\/www.ghostysky.com\/es\/wp-json\/wp\/v2\/types\/product"}],"replies":[{"embeddable":true,"href":"https:\/\/www.ghostysky.com\/es\/wp-json\/wp\/v2\/comments?post=16676"}],"version-history":[{"count":0,"href":"https:\/\/www.ghostysky.com\/es\/wp-json\/wp\/v2\/product\/16676\/revisions"}],"wp:featuredmedia":[{"embeddable":true,"href":"https:\/\/www.ghostysky.com\/es\/wp-json\/wp\/v2\/media\/16682"}],"wp:attachment":[{"href":"https:\/\/www.ghostysky.com\/es\/wp-json\/wp\/v2\/media?parent=16676"}],"wp:term":[{"taxonomy":"product_brand","embeddable":true,"href":"https:\/\/www.ghostysky.com\/es\/wp-json\/wp\/v2\/product_brand?post=16676"},{"taxonomy":"product_cat","embeddable":true,"href":"https:\/\/www.ghostysky.com\/es\/wp-json\/wp\/v2\/product_cat?post=16676"},{"taxonomy":"product_tag","embeddable":true,"href":"https:\/\/www.ghostysky.com\/es\/wp-json\/wp\/v2\/product_tag?post=16676"}],"curies":[{"name":"wp","href":"https:\/\/api.w.org\/{rel}","templated":true}]}}