{"id":16684,"date":"2024-02-24T11:36:38","date_gmt":"2024-02-24T11:36:38","guid":{"rendered":"https:\/\/www.ghostysky.com\/?post_type=product&#038;p=16684"},"modified":"2025-10-14T11:38:23","modified_gmt":"2025-10-14T11:38:23","slug":"aq600-5-bands-multispectral-camera","status":"publish","type":"product","link":"https:\/\/www.ghostysky.com\/es\/product\/aq600-5-bands-multispectral-camera\/","title":{"rendered":"C\u00e1mara multiespectral AQ600 (5 bandas)"},"content":{"rendered":"<p><strong>Caracter\u00edsticas del producto<\/strong><\/p>\n<ul>\n<li>Puerto de red Gigabit\/puerto serie TTL<\/li>\n<li>Im\u00e1genes simult\u00e1neas de todos los canales en 1 segundo<\/li>\n<li>Inversi\u00f3n espectral en tiempo real integrada, salida de v\u00eddeo<\/li>\n<li>Sensor de luz de enlace descendente est\u00e1ndar (DLS)<\/li>\n<li>Compatible con m\u00faltiples tipos de plataformas UAV de rotor y de ala fija | Plataforma de transporte: UAV peque\u00f1o multirrotor o UAV de ala fija<\/li>\n<\/ul>\n<p><strong>Especificaciones t\u00e9cnicas<\/strong><\/p>\n<ul>\n<li><strong>M\u00e9todo de combinaci\u00f3n<\/strong>: 5 canales multiespectrales + 1 canal RGB<\/li>\n<li><strong>Tama\u00f1o objetivo<\/strong>: Multiespectral 1\/1.8\u201d | RGB 1\/2,3\u201d<\/li>\n<li><strong>P\u00edxeles efectivos<\/strong>: Multiespectral 3.2Mpx | RGB 12,3Mpx<\/li>\n<li><strong>Tipo de persiana<\/strong>: Multiespectral \u2013 global | RGB \u2013 persiana enrollable<\/li>\n<li><strong>N\u00famero\u00a0<\/strong>de\u00a0<strong>Bits de cuantificaci\u00f3n<\/strong>: Multiespectral de 12 bits | RGB de 8 bits<\/li>\n<li><strong>Campo de visi\u00f3n\u00a0<\/strong>(<strong>campo de visi\u00f3n<\/strong>): Multiespectral 48,8\u00b0\u00d737,5\u00b0 | RGB 47,4\u00b0\u00d736,4\u00b0<\/li>\n<li><strong>Resoluci\u00f3n terrestre<\/strong>: Multiespectral 5,28cm@h120m | RGB 2,60cm@h120m<\/li>\n<li><strong>Ancho de cobertura<\/strong>: Multiespectral 109m\u00d782m@h120m | RGB 106m\u00d779m@h120m<\/li>\n<li><strong>Canal espectral<\/strong>: 450 nm a 30 nm, 555 nm a 27 nm, 660 nm a 22 nm, 720 nm a 10 nm, 840 nm a 30 nm, RGB<\/li>\n<li><strong>Ventana \u00f3ptica<\/strong>: Ventana de cristal \u00f3ptico de zafiro<\/li>\n<li><strong>Tama\u00f1o del anfitri\u00f3n<\/strong>\u00a0(LxAnxAl): \u226480mm\u00d780mm\u00d778mm<\/li>\n<li><strong>Peso del anfitri\u00f3n<\/strong>: \u2264415g<\/li>\n<li><strong>Interfaz de instalaci\u00f3n<\/strong>: 8\u00d7M3<\/li>\n<li><strong>Energizado por<\/strong>: 12V (cons\u00faltenos para alimentaci\u00f3n con otros voltajes)<\/li>\n<li><strong>El consumo de energ\u00eda<\/strong>: \u226416W@12V<\/li>\n<li><strong>Formato de imagen<\/strong>: Multiespectral \u2013 TIFF original de 16 bits y JPEG de reflectancia de 8 bits | RGB: JPEG de 8 bits (incluido GPS, informaci\u00f3n de luz ambiental)<\/li>\n<li><strong>Formato de video<\/strong>: MP4<\/li>\n<li><strong>Medios de almacenamiento<\/strong>: Configuraci\u00f3n est\u00e1ndar de 128 GB, admite dispositivos de almacenamiento USB 3.1 de hasta 2 TB<\/li>\n<li><strong>Software de procesamiento<\/strong>: Mapa Yusense\/Mapa Yusense Plus<\/li>\n<li><strong>Configuraci\u00f3n de par\u00e1metros<\/strong>: Wi-Fi (acceso a interfaz WEB) \/ Ethernet \/ UART<\/li>\n<li><strong>Gatillo de disparo<\/strong>: Disparador externo, disparador de sincronizaci\u00f3n, disparador de tasa de superposici\u00f3n, disparador en cascada<\/li>\n<li><strong>Frecuencia de disparo<\/strong>: Modo foto \u2013 1 Hz (relacionado con la velocidad real de lectura y escritura del medio de almacenamiento) | Modo de v\u00eddeo \u2013 20 Hz<\/li>\n<li><strong>Temperatura de trabajo<\/strong>: -10 \u2103 a +50 \u2103 (velocidad relativa del viento \u22651 m\/s)<\/li>\n<li><strong>Temperatura ambiente de almacenamiento<\/strong>: -30 \u2103 a +70 \u2103<\/li>\n<li><strong>Humedad ambiental<\/strong>: RH(%) \u2264 85%(sin condensaci\u00f3n)<\/li>\n<li><strong>Producto certificado<\/strong>: CE, FCC, RoHS<\/li>\n<\/ul>\n<p data-sourcepos=\"3:1-3:250\"><strong>Aplicaciones<\/strong><\/p>\n<ul data-sourcepos=\"5:1-9:0\">\n<li data-sourcepos=\"5:1-5:100\"><strong>Agricultura de precisi\u00f3n:<\/strong>\u00a0Evaluar la salud de los cultivos, detectar plagas y enfermedades, optimizar el uso de recursos.<\/li>\n<li data-sourcepos=\"6:1-6:94\"><strong>Seguimiento forestal:<\/strong>\u00a0Monitorear la salud de los \u00e1rboles, detectar la deforestaci\u00f3n, gestionar los recursos forestales.<\/li>\n<li data-sourcepos=\"7:1-7:98\"><strong>Monitoreo ambiental:<\/strong>\u00a0Realice un seguimiento de la calidad del agua, controle la contaminaci\u00f3n y eval\u00fae los cambios en la cobertura del suelo.<\/li>\n<li data-sourcepos=\"8:1-9:0\"><strong>Reconocimiento de objetivos:<\/strong>\u00a0Identifique objetos y materiales en funci\u00f3n de sus firmas espectrales \u00fanicas.<\/li>\n<\/ul>\n<p><strong>En general, la Yusense AQ600 es una soluci\u00f3n de c\u00e1mara multiespectral potente y vers\u00e1til para profesionales que buscan aprovechar la captura avanzada de datos espectrales para diversas aplicaciones en agricultura, silvicultura, monitoreo ambiental y m\u00e1s.<\/strong><\/p>\n<p>&nbsp;<\/p>\n<p><strong>Aplicaciones<\/strong><\/p>\n<p><b>Evaluaci\u00f3n del crecimiento de la vegetaci\u00f3n.<\/b><\/p>\n<p>Utilizando NDVI, LAI y otros factores de vegetaci\u00f3n, describimos cuantitativamente la consistencia del estado del dosel vegetal en diferentes escalas espaciales, asistimos a los espectros caracter\u00edsticos de la vegetaci\u00f3n en diferentes estados de salud, evaluamos cuantitativamente la longevidad de la vegetaci\u00f3n y proporcionamos datos de apoyo para el riego y la aplicaci\u00f3n de fertilizantes. , protecci\u00f3n vegetal y evaluaci\u00f3n del rendimiento.<\/p>\n<p><a href=\"https:\/\/www.ghostysky.com\/wp-content\/uploads\/2024\/02\/GH_MS600-V2_1.jpg\"><img fetchpriority=\"high\" decoding=\"async\" class=\"wp-image-16659 size-full aligncenter lazyload\" src=\"datos:imagen\/gif;base64,R0lGODlhAQABAAAAACH5BAEKAAEALAAAAAABAAEAAAICTAEAOw==\" alt=\"\" width=\"600\" height=\"347\" data-src=\"datos:imagen\/gif;base64,R0lGODlhAQABAAAAACH5BAEKAAEALAAAAAABAAEAAAICTAEAOw==\"><\/a><\/p>\n<p><b>Seguimiento de masas de agua con olor negro<\/b><\/p>\n<p>Con referencia al est\u00e1ndar de evaluaci\u00f3n de cuerpos de agua negros malolientes superficiales, utilizamos espectros caracter\u00edsticos para construir \u00edndices de clasificaci\u00f3n, realizar estad\u00edsticas de inversi\u00f3n graduada e informaci\u00f3n espacial de cuerpos de agua negros malolientes y ayudar a analizar el impacto de las aguas residuales dom\u00e9sticas e industriales en el agua circundante. y ayudar en la investigaci\u00f3n de fuentes de contaminaci\u00f3n y evaluaci\u00f3n del medio acu\u00e1tico.<\/p>\n<p><a href=\"https:\/\/www.ghostysky.com\/wp-content\/uploads\/2024\/02\/GH_MS600-V2_2.jpg\"><img decoding=\"async\" class=\"wp-image-16658 size-full aligncenter lazyload\" src=\"datos:imagen\/gif;base64,R0lGODlhAQABAAAAACH5BAEKAAEALAAAAAABAAEAAAICTAEAOw==\" alt=\"\" width=\"600\" height=\"347\" data-src=\"datos:imagen\/gif;base64,R0lGODlhAQABAAAAACH5BAEKAAEALAAAAAABAAEAAAICTAEAOw==\"><\/a><\/p>\n<p><b>Evaluaci\u00f3n de cobertura<\/b><\/p>\n<p>Con base en el espectro de huellas dactilares de la vegetaci\u00f3n para construir un \u00edndice de vegetaci\u00f3n, completar la distribuci\u00f3n espacial y las estad\u00edsticas de \u00e1rea de la vegetaci\u00f3n objetivo en el \u00e1rea designada y proporcionar datos cuantitativos sobre la cubierta vegetal para la investigaci\u00f3n y producci\u00f3n cient\u00edfica en agricultura, silvicultura y pastizales, ecolog\u00eda y otros. campos.<\/p>\n<p><a href=\"https:\/\/www.ghostysky.com\/wp-content\/uploads\/2024\/02\/GH_MS600-V2_3.jpg\"><img decoding=\"async\" class=\"wp-image-16657 size-full aligncenter lazyload\" src=\"datos:imagen\/gif;base64,R0lGODlhAQABAAAAACH5BAEKAAEALAAAAAABAAEAAAICTAEAOw==\" alt=\"\" width=\"600\" height=\"347\" data-src=\"datos:imagen\/gif;base64,R0lGODlhAQABAAAAACH5BAEKAAEALAAAAAABAAEAAAICTAEAOw==\"><\/a><\/p>\n<p><b>Seguimiento de pinos en pie descoloridos<\/b><\/p>\n<p>Utilizar de manera integral informaci\u00f3n espectral y de textura para lograr una supresi\u00f3n eficiente de fondos ambientales como suelo, pasto muerto e identificaci\u00f3n de alta precisi\u00f3n de \u00e1rboles en pie descoloridos, extrayendo con precisi\u00f3n informaci\u00f3n sobre la ubicaci\u00f3n, distribuci\u00f3n espacial y \u00e1rea del dosel de los \u00e1rboles en pie descoloridos, y proporcionando datos. Apoyo a la gesti\u00f3n de \u00e1rboles infectados.<\/p>\n<p><a href=\"https:\/\/www.ghostysky.com\/wp-content\/uploads\/2024\/02\/GH_MS600-V2_4.jpg\"><img loading=\"lazy\" decoding=\"async\" class=\"size-full wp-image-16656 aligncenter lazyload\" src=\"datos:imagen\/gif;base64,R0lGODlhAQABAAAAACH5BAEKAAEALAAAAAABAAEAAAICTAEAOw==\" alt=\"\" width=\"600\" height=\"347\" data-src=\"datos:imagen\/gif;base64,R0lGODlhAQABAAAAACH5BAEKAAEALAAAAAABAAEAAAICTAEAOw==\"><\/a><\/p>","protected":false},"excerpt":{"rendered":"<p>La Yusense AQ600 es una c\u00e1mara multiespectral profesional dise\u00f1ada para <strong>veh\u00edculos a\u00e9reos no tripulados (UAV)<\/strong>. Capta datos en <strong>cinco bandas espectrales distintas<\/strong> m\u00e1s all\u00e1 del espectro RGB est\u00e1ndar, proporcionando informaci\u00f3n valiosa para diversas aplicaciones.<\/p>","protected":false},"featured_media":16688,"comment_status":"open","ping_status":"closed","template":"","meta":[],"product_brand":[],"product_cat":[705,706],"product_tag":[716,715,66,707],"class_list":{"0":"post-16684","1":"product","2":"type-product","3":"status-publish","4":"has-post-thumbnail","6":"product_cat-sensors","7":"product_cat-yusense","8":"product_tag-5-bands","9":"product_tag-aq600","10":"product_tag-multispectral-camera","11":"product_tag-yusense","13":"first","14":"onbackorder","15":"taxable","16":"shipping-taxable","17":"product-type-simple"},"yoast_head":"<!-- This site is optimized with the Yoast SEO plugin v27.4 - https:\/\/yoast.com\/product\/yoast-seo-wordpress\/ -->\n<title>AQ600 (5-bands) Multispectral Camera - Ghostysky<\/title>\n<meta name=\"description\" content=\"The Yusense AQ600 is a professional multispectral camera designed for unmanned aerial vehicles (UAVs). It captures data in five distinct spectral bands beyond the standard RGB spectrum, providing valuable insights for various applications\" \/>\n<meta name=\"robots\" content=\"index, follow, max-snippet:-1, max-image-preview:large, max-video-preview:-1\" \/>\n<link rel=\"canonical\" href=\"https:\/\/www.ghostysky.com\/es\/producto-2\/aq600-5-bands-multispectral-camera\/\" \/>\n<meta property=\"og:locale\" content=\"es_ES\" \/>\n<meta property=\"og:type\" content=\"article\" \/>\n<meta property=\"og:title\" content=\"AQ600 (5-bands) Multispectral Camera - Ghostysky\" \/>\n<meta property=\"og:description\" content=\"The Yusense AQ600 is a professional multispectral camera designed for unmanned aerial vehicles (UAVs). It captures data in five distinct spectral bands beyond the standard RGB spectrum, providing valuable insights for various applications\" \/>\n<meta property=\"og:url\" content=\"https:\/\/www.ghostysky.com\/es\/producto-2\/aq600-5-bands-multispectral-camera\/\" \/>\n<meta property=\"og:site_name\" content=\"Ghostysky\" \/>\n<meta property=\"article:publisher\" content=\"https:\/\/www.facebook.com\/people\/Ghostysky\/100057676170234\/\" \/>\n<meta property=\"article:modified_time\" content=\"2025-10-14T11:38:23+00:00\" \/>\n<meta property=\"og:image\" content=\"https:\/\/www.ghostysky.com\/wp-content\/uploads\/2024\/02\/GH_AQ600_1.jpg\" \/>\n\t<meta property=\"og:image:width\" content=\"450\" \/>\n\t<meta property=\"og:image:height\" content=\"450\" \/>\n\t<meta property=\"og:image:type\" content=\"image\/jpeg\" \/>\n<meta name=\"twitter:card\" content=\"summary_large_image\" \/>\n<meta name=\"twitter:site\" content=\"@Gh0stysky\" \/>\n<meta name=\"twitter:label1\" content=\"Tiempo de lectura\" \/>\n\t<meta name=\"twitter:data1\" content=\"4 minutos\" \/>\n<script type=\"application\/ld+json\" class=\"yoast-schema-graph\">{\"@context\":\"https:\\\/\\\/schema.org\",\"@graph\":[{\"@type\":\"WebPage\",\"@id\":\"https:\\\/\\\/www.ghostysky.com\\\/product\\\/aq600-5-bands-multispectral-camera\\\/\",\"url\":\"https:\\\/\\\/www.ghostysky.com\\\/product\\\/aq600-5-bands-multispectral-camera\\\/\",\"name\":\"AQ600 (5-bands) Multispectral Camera - Ghostysky\",\"isPartOf\":{\"@id\":\"https:\\\/\\\/www.ghostysky.com\\\/#website\"},\"primaryImageOfPage\":{\"@id\":\"https:\\\/\\\/www.ghostysky.com\\\/product\\\/aq600-5-bands-multispectral-camera\\\/#primaryimage\"},\"image\":{\"@id\":\"https:\\\/\\\/www.ghostysky.com\\\/product\\\/aq600-5-bands-multispectral-camera\\\/#primaryimage\"},\"thumbnailUrl\":\"https:\\\/\\\/www.ghostysky.com\\\/wp-content\\\/uploads\\\/2024\\\/02\\\/GH_AQ600_1.jpg\",\"datePublished\":\"2024-02-24T11:36:38+00:00\",\"dateModified\":\"2025-10-14T11:38:23+00:00\",\"description\":\"The Yusense AQ600 is a professional multispectral camera designed for unmanned aerial vehicles (UAVs). It captures data in five distinct spectral bands beyond the standard RGB spectrum, providing valuable insights for various applications\",\"breadcrumb\":{\"@id\":\"https:\\\/\\\/www.ghostysky.com\\\/product\\\/aq600-5-bands-multispectral-camera\\\/#breadcrumb\"},\"inLanguage\":\"es\",\"potentialAction\":[{\"@type\":\"ReadAction\",\"target\":[\"https:\\\/\\\/www.ghostysky.com\\\/product\\\/aq600-5-bands-multispectral-camera\\\/\"]}]},{\"@type\":\"ImageObject\",\"inLanguage\":\"es\",\"@id\":\"https:\\\/\\\/www.ghostysky.com\\\/product\\\/aq600-5-bands-multispectral-camera\\\/#primaryimage\",\"url\":\"https:\\\/\\\/www.ghostysky.com\\\/wp-content\\\/uploads\\\/2024\\\/02\\\/GH_AQ600_1.jpg\",\"contentUrl\":\"https:\\\/\\\/www.ghostysky.com\\\/wp-content\\\/uploads\\\/2024\\\/02\\\/GH_AQ600_1.jpg\",\"width\":450,\"height\":450},{\"@type\":\"BreadcrumbList\",\"@id\":\"https:\\\/\\\/www.ghostysky.com\\\/product\\\/aq600-5-bands-multispectral-camera\\\/#breadcrumb\",\"itemListElement\":[{\"@type\":\"ListItem\",\"position\":1,\"name\":\"Home\",\"item\":\"https:\\\/\\\/www.ghostysky.com\\\/\"},{\"@type\":\"ListItem\",\"position\":2,\"name\":\"Shop\",\"item\":\"https:\\\/\\\/www.ghostysky.com\\\/shop\\\/\"},{\"@type\":\"ListItem\",\"position\":3,\"name\":\"AQ600 (5-bands) Multispectral Camera\"}]},{\"@type\":\"WebSite\",\"@id\":\"https:\\\/\\\/www.ghostysky.com\\\/#website\",\"url\":\"https:\\\/\\\/www.ghostysky.com\\\/\",\"name\":\"Ghostysky\",\"description\":\"Delivering professional drones and robotics solutions\",\"publisher\":{\"@id\":\"https:\\\/\\\/www.ghostysky.com\\\/#organization\"},\"potentialAction\":[{\"@type\":\"SearchAction\",\"target\":{\"@type\":\"EntryPoint\",\"urlTemplate\":\"https:\\\/\\\/www.ghostysky.com\\\/?s={search_term_string}\"},\"query-input\":{\"@type\":\"PropertyValueSpecification\",\"valueRequired\":true,\"valueName\":\"search_term_string\"}}],\"inLanguage\":\"es\"},{\"@type\":\"Organization\",\"@id\":\"https:\\\/\\\/www.ghostysky.com\\\/#organization\",\"name\":\"Ghostysky\",\"url\":\"https:\\\/\\\/www.ghostysky.com\\\/\",\"logo\":{\"@type\":\"ImageObject\",\"inLanguage\":\"es\",\"@id\":\"https:\\\/\\\/www.ghostysky.com\\\/#\\\/schema\\\/logo\\\/image\\\/\",\"url\":\"https:\\\/\\\/www.ghostysky.com\\\/wp-content\\\/uploads\\\/2020\\\/06\\\/cropped-ghostyskylogo_text_white2.png\",\"contentUrl\":\"https:\\\/\\\/www.ghostysky.com\\\/wp-content\\\/uploads\\\/2020\\\/06\\\/cropped-ghostyskylogo_text_white2.png\",\"width\":169,\"height\":56,\"caption\":\"Ghostysky\"},\"image\":{\"@id\":\"https:\\\/\\\/www.ghostysky.com\\\/#\\\/schema\\\/logo\\\/image\\\/\"},\"sameAs\":[\"https:\\\/\\\/www.facebook.com\\\/people\\\/Ghostysky\\\/100057676170234\\\/\",\"https:\\\/\\\/x.com\\\/Gh0stysky\",\"https:\\\/\\\/www.linkedin.com\\\/company\\\/34739653\",\"https:\\\/\\\/www.instagram.com\\\/gh0stysky\"]}]}<\/script>\n<!-- \/ Yoast SEO plugin. -->","yoast_head_json":{"title":"C\u00e1mara multiespectral AQ600 (5 bandas) - Ghostysky","description":"La Yusense AQ600 es una c\u00e1mara multiespectral profesional dise\u00f1ada para veh\u00edculos a\u00e9reos no tripulados (UAV). Captura datos en cinco bandas espectrales distintas m\u00e1s all\u00e1 del espectro RGB est\u00e1ndar, lo que proporciona informaci\u00f3n valiosa para diversas aplicaciones.","robots":{"index":"index","follow":"follow","max-snippet":"max-snippet:-1","max-image-preview":"max-image-preview:large","max-video-preview":"max-video-preview:-1"},"canonical":"https:\/\/www.ghostysky.com\/es\/producto-2\/aq600-5-bands-multispectral-camera\/","og_locale":"es_ES","og_type":"article","og_title":"AQ600 (5-bands) Multispectral Camera - Ghostysky","og_description":"The Yusense AQ600 is a professional multispectral camera designed for unmanned aerial vehicles (UAVs). It captures data in five distinct spectral bands beyond the standard RGB spectrum, providing valuable insights for various applications","og_url":"https:\/\/www.ghostysky.com\/es\/producto-2\/aq600-5-bands-multispectral-camera\/","og_site_name":"Ghostysky","article_publisher":"https:\/\/www.facebook.com\/people\/Ghostysky\/100057676170234\/","article_modified_time":"2025-10-14T11:38:23+00:00","og_image":[{"width":450,"height":450,"url":"https:\/\/www.ghostysky.com\/wp-content\/uploads\/2024\/02\/GH_AQ600_1.jpg","type":"image\/jpeg"}],"twitter_card":"summary_large_image","twitter_site":"@Gh0stysky","twitter_misc":{"Tiempo de lectura":"4 minutos"},"schema":{"@context":"https:\/\/schema.org","@graph":[{"@type":"WebPage","@id":"https:\/\/www.ghostysky.com\/product\/aq600-5-bands-multispectral-camera\/","url":"https:\/\/www.ghostysky.com\/product\/aq600-5-bands-multispectral-camera\/","name":"C\u00e1mara multiespectral AQ600 (5 bandas) - Ghostysky","isPartOf":{"@id":"https:\/\/www.ghostysky.com\/#website"},"primaryImageOfPage":{"@id":"https:\/\/www.ghostysky.com\/product\/aq600-5-bands-multispectral-camera\/#primaryimage"},"image":{"@id":"https:\/\/www.ghostysky.com\/product\/aq600-5-bands-multispectral-camera\/#primaryimage"},"thumbnailUrl":"https:\/\/www.ghostysky.com\/wp-content\/uploads\/2024\/02\/GH_AQ600_1.jpg","datePublished":"2024-02-24T11:36:38+00:00","dateModified":"2025-10-14T11:38:23+00:00","description":"La Yusense AQ600 es una c\u00e1mara multiespectral profesional dise\u00f1ada para veh\u00edculos a\u00e9reos no tripulados (UAV). Captura datos en cinco bandas espectrales distintas m\u00e1s all\u00e1 del espectro RGB est\u00e1ndar, lo que proporciona informaci\u00f3n valiosa para diversas aplicaciones.","breadcrumb":{"@id":"https:\/\/www.ghostysky.com\/product\/aq600-5-bands-multispectral-camera\/#breadcrumb"},"inLanguage":"es","potentialAction":[{"@type":"ReadAction","target":["https:\/\/www.ghostysky.com\/product\/aq600-5-bands-multispectral-camera\/"]}]},{"@type":"ImageObject","inLanguage":"es","@id":"https:\/\/www.ghostysky.com\/product\/aq600-5-bands-multispectral-camera\/#primaryimage","url":"https:\/\/www.ghostysky.com\/wp-content\/uploads\/2024\/02\/GH_AQ600_1.jpg","contentUrl":"https:\/\/www.ghostysky.com\/wp-content\/uploads\/2024\/02\/GH_AQ600_1.jpg","width":450,"height":450},{"@type":"BreadcrumbList","@id":"https:\/\/www.ghostysky.com\/product\/aq600-5-bands-multispectral-camera\/#breadcrumb","itemListElement":[{"@type":"ListItem","position":1,"name":"Home","item":"https:\/\/www.ghostysky.com\/"},{"@type":"ListItem","position":2,"name":"Shop","item":"https:\/\/www.ghostysky.com\/shop\/"},{"@type":"ListItem","position":3,"name":"AQ600 (5-bands) Multispectral Camera"}]},{"@type":"WebSite","@id":"https:\/\/www.ghostysky.com\/#website","url":"https:\/\/www.ghostysky.com\/","name":"Ghostysky","description":"Ofrecemos soluciones profesionales de drones y rob\u00f3tica.","publisher":{"@id":"https:\/\/www.ghostysky.com\/#organization"},"potentialAction":[{"@type":"SearchAction","target":{"@type":"EntryPoint","urlTemplate":"https:\/\/www.ghostysky.com\/?s={search_term_string}"},"query-input":{"@type":"PropertyValueSpecification","valueRequired":true,"valueName":"search_term_string"}}],"inLanguage":"es"},{"@type":"Organization","@id":"https:\/\/www.ghostysky.com\/#organization","name":"Ghostysky","url":"https:\/\/www.ghostysky.com\/","logo":{"@type":"ImageObject","inLanguage":"es","@id":"https:\/\/www.ghostysky.com\/#\/schema\/logo\/image\/","url":"https:\/\/www.ghostysky.com\/wp-content\/uploads\/2020\/06\/cropped-ghostyskylogo_text_white2.png","contentUrl":"https:\/\/www.ghostysky.com\/wp-content\/uploads\/2020\/06\/cropped-ghostyskylogo_text_white2.png","width":169,"height":56,"caption":"Ghostysky"},"image":{"@id":"https:\/\/www.ghostysky.com\/#\/schema\/logo\/image\/"},"sameAs":["https:\/\/www.facebook.com\/people\/Ghostysky\/100057676170234\/","https:\/\/x.com\/Gh0stysky","https:\/\/www.linkedin.com\/company\/34739653","https:\/\/www.instagram.com\/gh0stysky"]}]}},"_links":{"self":[{"href":"https:\/\/www.ghostysky.com\/es\/wp-json\/wp\/v2\/product\/16684","targetHints":{"allow":["GET"]}}],"collection":[{"href":"https:\/\/www.ghostysky.com\/es\/wp-json\/wp\/v2\/product"}],"about":[{"href":"https:\/\/www.ghostysky.com\/es\/wp-json\/wp\/v2\/types\/product"}],"replies":[{"embeddable":true,"href":"https:\/\/www.ghostysky.com\/es\/wp-json\/wp\/v2\/comments?post=16684"}],"version-history":[{"count":0,"href":"https:\/\/www.ghostysky.com\/es\/wp-json\/wp\/v2\/product\/16684\/revisions"}],"wp:featuredmedia":[{"embeddable":true,"href":"https:\/\/www.ghostysky.com\/es\/wp-json\/wp\/v2\/media\/16688"}],"wp:attachment":[{"href":"https:\/\/www.ghostysky.com\/es\/wp-json\/wp\/v2\/media?parent=16684"}],"wp:term":[{"taxonomy":"product_brand","embeddable":true,"href":"https:\/\/www.ghostysky.com\/es\/wp-json\/wp\/v2\/product_brand?post=16684"},{"taxonomy":"product_cat","embeddable":true,"href":"https:\/\/www.ghostysky.com\/es\/wp-json\/wp\/v2\/product_cat?post=16684"},{"taxonomy":"product_tag","embeddable":true,"href":"https:\/\/www.ghostysky.com\/es\/wp-json\/wp\/v2\/product_tag?post=16684"}],"curies":[{"name":"wp","href":"https:\/\/api.w.org\/{rel}","templated":true}]}}